{"id":1372,"date":"2020-05-13T14:11:44","date_gmt":"2020-05-13T14:11:44","guid":{"rendered":"https:\/\/econtrols.stagemysite.com\/?post_type=product&#038;p=1372"},"modified":"2024-01-31T16:56:10","modified_gmt":"2024-01-31T16:56:10","slug":"pf-scn-slam-shut","status":"publish","type":"product","link":"https:\/\/equipmentcontrols.com\/fr\/produit\/pf-scn-slam-shut\/","title":{"rendered":"PF SCN Slam Shut"},"content":{"rendered":"<p><strong>Dispositif de s\u00e9curit\u00e9 \u00e0 fermeture automatique PF SCN<br \/>\n<\/strong><\/p>\n<div class=\"col-lg-8 col-md-8 col-sm-8 col-xs-12\">Le SCN est un dispositif de s\u00e9curit\u00e9 compact (SAV) qui intercepte rapidement le d\u00e9bit de gaz chaque fois que la pression sous surveillance atteint des limites pr\u00e9d\u00e9finies, ou chaque fois que cela est requis manuellement par l&#039;op\u00e9rateur sur site ou via une commande \u00e0 distance (dispositif en option).<\/div>\n<div><\/div>\n<div class=\"col-lg-8 col-md-8 col-sm-8 col-xs-12\">SCN est une vanne de s\u00e9curit\u00e9 \u00e0 actionnement autonome et r\u00e9armement manuel, c&#039;est un produit id\u00e9al pour les r\u00e9seaux de distribution et les applications de g\u00e9nie industriel et chimique.<\/div>\n<div><\/div>\n<div class=\"col-lg-8 col-md-8 col-sm-8 col-xs-12\">Le SCN convient au gaz naturel et \u00e0 tous les fluides gazeux non corrosifs. Sa conception \u00ab \u00e0 entr\u00e9e par le haut \u00bb facilite l&#039;entretien sans retirer le corps de la canalisation.<\/div>\n<div><\/div>\n<div><strong>Con\u00e7u avec vos besoins \u00e0 l&#039;esprit<\/strong><\/div>\n<div>\u2022 Design compact<\/div>\n<div>\u2022 Haute pr\u00e9cision<br \/>\n\u2022 Entretien facile<\/div>\n<div>\u2022 Large gamme de tailles<br \/>\n\u2022 Entr\u00e9e sup\u00e9rieure<\/div>\n<div>\u2022 Dispositif de s\u00e9curit\u00e9 certifi\u00e9 par un tiers<br \/>\n\u2022 Temps de r\u00e9ponse rapide<\/div>\n<div>\u2022 By-pass int\u00e9gral<\/div>\n<div><\/div>\n<div class=\"col-lg-8 col-md-8 col-sm-8 col-xs-12\"><strong>Caract\u00e9ristiques principales:<\/strong><\/div>\n<div class=\"col-lg-8 col-md-8 col-sm-8 col-xs-12\">\u2022 Intervention en surpression et\/ou d\u00e9pression<\/div>\n<div class=\"col-lg-8 col-md-8 col-sm-8 col-xs-12\">\u2022 Commande manuelle par bouton-poussoir au point d&#039;installation<\/div>\n<div class=\"col-lg-8 col-md-8 col-sm-8 col-xs-12\">\u2022 \u00c9lectrovanne 3 voies pour commande \u00e0 distance (disponible sur demande)<\/div>\n<div class=\"col-lg-8 col-md-8 col-sm-8 col-xs-12\">\u2022 R\u00e9initialisation manuelle<\/div>\n<div class=\"col-lg-8 col-md-8 col-sm-8 col-xs-12\">\u2022 By-pass interne pour \u00e9galisation de pression avant r\u00e9initialisation<\/div>\n<div class=\"col-lg-8 col-md-8 col-sm-8 col-xs-12\">\u2022 Installation possible dans n&#039;importe quelle position bien que l&#039;installation sur des tuyaux horizontaux soit recommand\u00e9e<\/div>\n<div><\/div>\n<div class=\"col-lg-8 col-md-8 col-sm-8 col-xs-12\">\n<div class=\"col-lg-8 col-md-8 col-sm-8 col-xs-12\"><strong>Caract\u00e9ristiques fonctionnelles*\u00a0:<\/strong><\/div>\n<div class=\"col-lg-8 col-md-8 col-sm-8 col-xs-12\">\u2022 Pression d&#039;entr\u00e9e maximale jusqu&#039;\u00e0\u00a0: 275\u00a0PSIG pour le corps en acier et 246\u00a0PSIG pour la fonte ductile<br \/>\n\u2022 Plage de d\u00e9clenchement pour surpression : Qui : 4\u2033 WC \u00e0 72,5 PSIG<br \/>\n\u2022 Temp\u00e9rature ambiante minimale : Ex\u00e9cution jusqu&#039;\u00e0 -40\u00b0F (\u00e0 pr\u00e9ciser dans la demande).<br \/>\n\u2022 Temp\u00e9rature ambiante maximale\u00a0: +140\u00a0\u00b0F<br \/>\n\u2022\u00a0Temp\u00e9rature du gaz en circulation\u00a0: jusqu&#039;\u00e0 -4\u00a0\u00b0F + 140\u00a0\u00b0F<br \/>\n\u2022 Classe de pr\u00e9cision AC\u00a0: AG\u00a0: \u00b1\u00a05% \u00e0 10% pour la surpression, \u00b1\u00a010% \u00e0 20% pour la sous-pression<br \/>\n\u2022 Classe de pression de recherche SG\u00a0: jusqu&#039;\u00e0 10<\/div>\n<\/div>\n<div>\n<div><\/div>\n<div class=\"col-lg-8 col-md-8 col-sm-8 col-xs-12\"><strong>Caract\u00e9ristiques de conception:<\/strong><\/div>\n<div class=\"col-lg-8 col-md-8 col-sm-8 col-xs-12\">\u2022 Dimensions nominales DN : 1\u201d \u2013 1 1\/4\u2033 \u2013 1\u201d 1\/2 \u2013 2\u201d \u2013 2\u201d1\/2 \u2013 3\u201d \u2013 4\u201d \u2013 6\u201d \u2013 8\u201d<br \/>\n\u2022 Raccordements \u00e0 brides : UNI PN 16 ; classe 150 RF<\/div>\n<div><\/div>\n<div class=\"col-lg-8 col-md-8 col-sm-8 col-xs-12\"><strong>Mat\u00e9riaux**:<\/strong><br \/>\n\u2022 Corps : Acier coul\u00e9 ASTM A 216 WCB (tous DN). Fonte ductile sph\u00e9ro\u00efdale GS 400 \u2013 18 ISO 1083 DN 150 \u2264 (6\u201d) inclus.<br \/>\n\u2022 Couvercles\u00a0: Diam\u00e8tre de 375 \u00e0 630 Acier au carbone matric\u00e9 \/ \u00e0 partir de 658<br \/>\n\u00e0 817 Aluminium<br \/>\n\u2022 Diaphragme\u00a0: aluminium moul\u00e9 sous pression GD-AI SI 13 Fe UNI 5079-74<br \/>\n\u2022 Si\u00e8ge de soupape et soupape : X12CrS13 UNI 6901-AISI 416 pour DN 1\u2033 \u00e0 3\u2033 Acier au carbone chrom\u00e9 pour DN 4\u2033 \u00e0 8\u2033<br \/>\n\u2022 Joints\u00a0: Caoutchouc nitrile vulcanis\u00e9<br \/>\n\u2022 Raccords de raccordement : En acier au carbone zingu\u00e9 selon DIN 2353 ; Inox sur demande<\/div>\n<div><\/div>\n<\/div>\n<div><em>* Diff\u00e9rentes caract\u00e9ristiques fonctionnelles disponibles sur demande.<\/em><br \/>\n<em>** Les mat\u00e9riaux indiqu\u00e9s ci-dessus se r\u00e9f\u00e8rent aux mod\u00e8les standards.<\/em><br \/>\n<em>Diff\u00e9rents mat\u00e9riaux peuvent \u00eatre fournis selon les besoins sp\u00e9cifiques.<\/em><\/div>\n<div><\/div>\n<p><strong>T\u00e9l\u00e9chargements\u00a0:<\/strong><\/p>\n<p><a href=\"https:\/\/equipmentcontrols.com\/wp-content\/uploads\/2020\/05\/SCN-CT_ENG_-USA-_10-2019.pdf\">Bulletin CT SCN PF<\/a><\/p>\n<p><a title=\"Manuel technique Dival 160 Ap (ENG-ITA)\" href=\"https:\/\/equipmentcontrols.com\/wp-content\/uploads\/2020\/05\/983_scn_pts520_march_14.pdf\" target=\"_blank\" rel=\"noopener noreferrer\">PF SCN Poster<\/a><\/p>","protected":false},"excerpt":{"rendered":"<p>PF SCN Slam Shut Safety Device The SCN is a compact safety device (SAV) which quickly intercepts gas flow whenever the pressure under monitoring reaches a pre-set limits, or whenever manually required by operator on site or through a remote command (optional device). SCN is a slam-shut valve with self-operated actuation and manual resetting, it [&hellip;]<\/p>\n","protected":false},"featured_media":1396,"template":"","meta":[],"product_brand":[],"product_cat":[139,46,59],"product_tag":[200,120,95,74,94],"class_list":{"0":"post-1372","1":"product","2":"type-product","3":"status-publish","4":"has-post-thumbnail","6":"product_cat-hydrogen-ready-pressure-products","7":"product_cat-pietro-fiorentini","8":"product_cat-safety-devices","9":"product_tag-pf-slam-shut","10":"product_tag-pietro-fiorentini","11":"product_tag-safegate-technology","12":"product_tag-slam-shut-device","13":"product_tag-slam-shut-safety-device","15":"first","16":"instock","17":"shipping-taxable","18":"product-type-simple"},"yoast_head":"<!-- This site is optimized with the Yoast SEO Premium plugin v23.9 (Yoast SEO v27.3) - https:\/\/yoast.com\/product\/yoast-seo-premium-wordpress\/ -->\n<title>PF SCN Slam Shut - ECCO<\/title>\n<meta name=\"description\" content=\"SCN is a slam-shut valve with self-operated actuation and manual resetting, ideal for distribution networks and industrial and chemical engineering.\" \/>\n<meta name=\"robots\" content=\"index, follow, max-snippet:-1, max-image-preview:large, max-video-preview:-1\" \/>\n<link rel=\"canonical\" href=\"https:\/\/equipmentcontrols.com\/fr\/produit\/pf-scn-slam-shut\/\" \/>\n<meta property=\"og:locale\" content=\"fr_CA\" \/>\n<meta property=\"og:type\" content=\"article\" \/>\n<meta property=\"og:title\" content=\"PF SCN Slam Shut\" \/>\n<meta property=\"og:description\" content=\"SCN is a slam-shut valve with self-operated actuation and manual resetting, ideal for distribution networks and industrial and chemical engineering.\" \/>\n<meta property=\"og:url\" content=\"https:\/\/equipmentcontrols.com\/fr\/produit\/pf-scn-slam-shut\/\" \/>\n<meta property=\"og:site_name\" content=\"ECCO\" \/>\n<meta property=\"article:modified_time\" content=\"2024-01-31T16:56:10+00:00\" \/>\n<meta property=\"og:image\" content=\"https:\/\/equipmentcontrols.com\/wp-content\/uploads\/2020\/05\/PF-SCN.jpg\" \/>\n\t<meta property=\"og:image:width\" content=\"860\" \/>\n\t<meta property=\"og:image:height\" content=\"860\" \/>\n\t<meta property=\"og:image:type\" content=\"image\/jpeg\" \/>\n<meta name=\"twitter:card\" content=\"summary_large_image\" \/>\n<meta name=\"twitter:label1\" content=\"Estimation du temps de lecture\" \/>\n\t<meta name=\"twitter:data1\" content=\"3 minutes\" \/>\n<script type=\"application\/ld+json\" class=\"yoast-schema-graph\">{\"@context\":\"https:\\\/\\\/schema.org\",\"@graph\":[{\"@type\":\"WebPage\",\"@id\":\"https:\\\/\\\/equipmentcontrols.com\\\/product\\\/pf-scn-slam-shut\\\/\",\"url\":\"https:\\\/\\\/equipmentcontrols.com\\\/product\\\/pf-scn-slam-shut\\\/\",\"name\":\"PF SCN Slam Shut - ECCO\",\"isPartOf\":{\"@id\":\"https:\\\/\\\/equipmentcontrols.com\\\/#website\"},\"primaryImageOfPage\":{\"@id\":\"https:\\\/\\\/equipmentcontrols.com\\\/product\\\/pf-scn-slam-shut\\\/#primaryimage\"},\"image\":{\"@id\":\"https:\\\/\\\/equipmentcontrols.com\\\/product\\\/pf-scn-slam-shut\\\/#primaryimage\"},\"thumbnailUrl\":\"https:\\\/\\\/equipmentcontrols.com\\\/wp-content\\\/uploads\\\/2020\\\/05\\\/PF-SCN.jpg\",\"datePublished\":\"2020-05-13T14:11:44+00:00\",\"dateModified\":\"2024-01-31T16:56:10+00:00\",\"description\":\"SCN is a slam-shut valve with self-operated actuation and manual resetting, ideal for distribution networks and industrial and chemical engineering.\",\"breadcrumb\":{\"@id\":\"https:\\\/\\\/equipmentcontrols.com\\\/product\\\/pf-scn-slam-shut\\\/#breadcrumb\"},\"inLanguage\":\"fr-CA\",\"potentialAction\":[{\"@type\":\"ReadAction\",\"target\":[\"https:\\\/\\\/equipmentcontrols.com\\\/product\\\/pf-scn-slam-shut\\\/\"]}]},{\"@type\":\"ImageObject\",\"inLanguage\":\"fr-CA\",\"@id\":\"https:\\\/\\\/equipmentcontrols.com\\\/product\\\/pf-scn-slam-shut\\\/#primaryimage\",\"url\":\"https:\\\/\\\/equipmentcontrols.com\\\/wp-content\\\/uploads\\\/2020\\\/05\\\/PF-SCN.jpg\",\"contentUrl\":\"https:\\\/\\\/equipmentcontrols.com\\\/wp-content\\\/uploads\\\/2020\\\/05\\\/PF-SCN.jpg\",\"width\":860,\"height\":860,\"caption\":\"PF-SCN\"},{\"@type\":\"BreadcrumbList\",\"@id\":\"https:\\\/\\\/equipmentcontrols.com\\\/product\\\/pf-scn-slam-shut\\\/#breadcrumb\",\"itemListElement\":[{\"@type\":\"ListItem\",\"position\":1,\"name\":\"Home\",\"item\":\"https:\\\/\\\/equipmentcontrols.com\\\/\"},{\"@type\":\"ListItem\",\"position\":2,\"name\":\"Shop\",\"item\":\"https:\\\/\\\/equipmentcontrols.com\\\/shop\\\/\"},{\"@type\":\"ListItem\",\"position\":3,\"name\":\"PF SCN Slam Shut\"}]},{\"@type\":\"WebSite\",\"@id\":\"https:\\\/\\\/equipmentcontrols.com\\\/#website\",\"url\":\"https:\\\/\\\/equipmentcontrols.com\\\/\",\"name\":\"ECCO\",\"description\":\"Equipment Controls Company\",\"potentialAction\":[{\"@type\":\"SearchAction\",\"target\":{\"@type\":\"EntryPoint\",\"urlTemplate\":\"https:\\\/\\\/equipmentcontrols.com\\\/?s={search_term_string}\"},\"query-input\":{\"@type\":\"PropertyValueSpecification\",\"valueRequired\":true,\"valueName\":\"search_term_string\"}}],\"inLanguage\":\"fr-CA\"}]}<\/script>\n<!-- \/ Yoast SEO Premium plugin. -->","yoast_head_json":{"title":"PF SCN Slam Shut - ECCO","description":"SCN is a slam-shut valve with self-operated actuation and manual resetting, ideal for distribution networks and industrial and chemical engineering.","robots":{"index":"index","follow":"follow","max-snippet":"max-snippet:-1","max-image-preview":"max-image-preview:large","max-video-preview":"max-video-preview:-1"},"canonical":"https:\/\/equipmentcontrols.com\/fr\/produit\/pf-scn-slam-shut\/","og_locale":"fr_CA","og_type":"article","og_title":"PF SCN Slam Shut","og_description":"SCN is a slam-shut valve with self-operated actuation and manual resetting, ideal for distribution networks and industrial and chemical engineering.","og_url":"https:\/\/equipmentcontrols.com\/fr\/produit\/pf-scn-slam-shut\/","og_site_name":"ECCO","article_modified_time":"2024-01-31T16:56:10+00:00","og_image":[{"width":860,"height":860,"url":"https:\/\/equipmentcontrols.com\/wp-content\/uploads\/2020\/05\/PF-SCN.jpg","type":"image\/jpeg"}],"twitter_card":"summary_large_image","twitter_misc":{"Estimation du temps de lecture":"3 minutes"},"schema":{"@context":"https:\/\/schema.org","@graph":[{"@type":"WebPage","@id":"https:\/\/equipmentcontrols.com\/product\/pf-scn-slam-shut\/","url":"https:\/\/equipmentcontrols.com\/product\/pf-scn-slam-shut\/","name":"PF SCN Slam Shut - ECCO","isPartOf":{"@id":"https:\/\/equipmentcontrols.com\/#website"},"primaryImageOfPage":{"@id":"https:\/\/equipmentcontrols.com\/product\/pf-scn-slam-shut\/#primaryimage"},"image":{"@id":"https:\/\/equipmentcontrols.com\/product\/pf-scn-slam-shut\/#primaryimage"},"thumbnailUrl":"https:\/\/equipmentcontrols.com\/wp-content\/uploads\/2020\/05\/PF-SCN.jpg","datePublished":"2020-05-13T14:11:44+00:00","dateModified":"2024-01-31T16:56:10+00:00","description":"SCN is a slam-shut valve with self-operated actuation and manual resetting, ideal for distribution networks and industrial and chemical engineering.","breadcrumb":{"@id":"https:\/\/equipmentcontrols.com\/product\/pf-scn-slam-shut\/#breadcrumb"},"inLanguage":"fr-CA","potentialAction":[{"@type":"ReadAction","target":["https:\/\/equipmentcontrols.com\/product\/pf-scn-slam-shut\/"]}]},{"@type":"ImageObject","inLanguage":"fr-CA","@id":"https:\/\/equipmentcontrols.com\/product\/pf-scn-slam-shut\/#primaryimage","url":"https:\/\/equipmentcontrols.com\/wp-content\/uploads\/2020\/05\/PF-SCN.jpg","contentUrl":"https:\/\/equipmentcontrols.com\/wp-content\/uploads\/2020\/05\/PF-SCN.jpg","width":860,"height":860,"caption":"PF-SCN"},{"@type":"BreadcrumbList","@id":"https:\/\/equipmentcontrols.com\/product\/pf-scn-slam-shut\/#breadcrumb","itemListElement":[{"@type":"ListItem","position":1,"name":"Home","item":"https:\/\/equipmentcontrols.com\/"},{"@type":"ListItem","position":2,"name":"Shop","item":"https:\/\/equipmentcontrols.com\/shop\/"},{"@type":"ListItem","position":3,"name":"PF SCN Slam Shut"}]},{"@type":"WebSite","@id":"https:\/\/equipmentcontrols.com\/#website","url":"https:\/\/equipmentcontrols.com\/","name":"ECCO","description":"Compagnie de contr\u00f4le d&#039;\u00e9quipement","potentialAction":[{"@type":"SearchAction","target":{"@type":"EntryPoint","urlTemplate":"https:\/\/equipmentcontrols.com\/?s={search_term_string}"},"query-input":{"@type":"PropertyValueSpecification","valueRequired":true,"valueName":"search_term_string"}}],"inLanguage":"fr-CA"}]}},"_links":{"self":[{"href":"https:\/\/equipmentcontrols.com\/fr\/wp-json\/wp\/v2\/product\/1372","targetHints":{"allow":["GET"]}}],"collection":[{"href":"https:\/\/equipmentcontrols.com\/fr\/wp-json\/wp\/v2\/product"}],"about":[{"href":"https:\/\/equipmentcontrols.com\/fr\/wp-json\/wp\/v2\/types\/product"}],"wp:featuredmedia":[{"embeddable":true,"href":"https:\/\/equipmentcontrols.com\/fr\/wp-json\/wp\/v2\/media\/1396"}],"wp:attachment":[{"href":"https:\/\/equipmentcontrols.com\/fr\/wp-json\/wp\/v2\/media?parent=1372"}],"wp:term":[{"taxonomy":"product_brand","embeddable":true,"href":"https:\/\/equipmentcontrols.com\/fr\/wp-json\/wp\/v2\/product_brand?post=1372"},{"taxonomy":"product_cat","embeddable":true,"href":"https:\/\/equipmentcontrols.com\/fr\/wp-json\/wp\/v2\/product_cat?post=1372"},{"taxonomy":"product_tag","embeddable":true,"href":"https:\/\/equipmentcontrols.com\/fr\/wp-json\/wp\/v2\/product_tag?post=1372"}],"curies":[{"name":"wp","href":"https:\/\/api.w.org\/{rel}","templated":true}]}}