{"id":1265,"date":"2020-05-11T20:29:53","date_gmt":"2020-05-11T20:29:53","guid":{"rendered":"https:\/\/econtrols.stagemysite.com\/?post_type=product&#038;p=1265"},"modified":"2023-08-22T13:18:30","modified_gmt":"2023-08-22T13:18:30","slug":"eagle-e-series-efc-electronic-flow-corrector","status":"publish","type":"product","link":"https:\/\/equipmentcontrols.com\/fr\/produit\/eagle-e-series-efc-electronic-flow-corrector\/","title":{"rendered":"Correcteur de d\u00e9bit \u00e9lectronique EAGLE E-Series\u00ae EFC"},"content":{"rendered":"<p class=\"section-heading\">Correcteur de d\u00e9bit \u00e9lectronique EAGLE E-Series\u00ae EFC<\/p>\n<p><strong>Solutions terrain \u00e0 front office\u2122<\/strong><\/p>\n<p>\u2022 Mesure bas\u00e9e sur les normes AGA et API<br \/>\n\u2022 Plaque de montage universelle pour compteur<br \/>\n\u2022 Accumulation de flux uni et bidirectionnel<br \/>\n\u2022 Pression et temp\u00e9rature en direct<br \/>\n\u2022\u00a0Capable d&#039;ex\u00e9cuter plusieurs m\u00e8tres<br \/>\n\u2022 Options de batterie, solaire et onduleur<br \/>\n\u2022 Archivage en direct, min\/max et historique<br \/>\n\u2022 Configuration flexible et facilit\u00e9 d&#039;utilisation<br \/>\n\u2022 D\u00e9marrage simple pour un retour sur investissement rapide<\/p>\n<p><strong>Applications:<\/strong><\/p>\n<p>\u2022 Int\u00e9grit\u00e9 du transfert de garde<br \/>\n\u2022 Comptage commercial et industriel<br \/>\n\u2022 Contr\u00f4le du d\u00e9bit, de la pression et du s\u00e9quen\u00e7age<br \/>\n\u2022 Automatisation compl\u00e8te de la gare d&#039;embarquement<br \/>\n\u2022 Syst\u00e8me d&#039;alarme pour la pression, le d\u00e9bit, le volume<br \/>\n\u2022 Prise en charge de la biblioth\u00e8que de processus enti\u00e8rement programmable<\/p>\n<p><strong>Traits:<\/strong><\/p>\n<p>\u2022 Bo\u00eetier\u00a0: polycarbonate robuste et r\u00e9sistant aux UV, articul\u00e9 et verrouillable<br \/>\n\u2022 Montage\u00a0: poteau, mur<br \/>\n\u2022 Transducteur de pression statique int\u00e9gr\u00e9 (PSIA ou PSIG)<br \/>\n\u2022 Sonde de temp\u00e9rature int\u00e9gr\u00e9e (diff\u00e9rentes longueurs)<\/p>\n<p><strong>Communication et collecte de donn\u00e9es\u00a0:<\/strong><\/p>\n<p>\u2022 Interface USB et s\u00e9rie pour ordinateur portable de terrain<br \/>\n\u2022 Ethernet TCP-IP (prend en charge les connexions simultan\u00e9es)<br \/>\n\u2022 Modem T\u00e9l\u00e9com Ligne Terrestre<br \/>\n\u2022 Cellulaire<br \/>\n\u2022\u00a0Satellite (LEO et GEO)<br \/>\n\u2022 Radio (spectre \u00e9tal\u00e9 et fr\u00e9quence sous licence)<br \/>\n\u2022 Prise en charge de l&#039;interface AMI-AMR<br \/>\n\u2022\u00a0Protocoles\u00a0: ERC-HexASCII (natif), MODBUS et MODBUS TCP<\/p>\n<p><strong>T\u00e9l\u00e9charger:<\/strong><br \/>\n<a href=\"https:\/\/equipmentcontrols.com\/wp-content\/uploads\/2020\/05\/ESeries-EFC.pdf\">Fiche technique EFC de la s\u00e9rie ES<\/a><\/p>","protected":false},"excerpt":{"rendered":"<p>Field to Front Office Solutions<\/p>","protected":false},"featured_media":1264,"template":"","meta":[],"product_brand":[],"product_cat":[49,23],"product_tag":[154,155,150,153],"class_list":{"0":"post-1265","1":"product","2":"type-product","3":"status-publish","4":"has-post-thumbnail","6":"product_cat-eagle-research-corporation","7":"product_cat-instrumentation","8":"product_tag-eagle-e-series","9":"product_tag-eagle-electronic-flow-corrector","10":"product_tag-eagle-natural-gas","11":"product_tag-gas-flow-corrector","13":"first","14":"instock","15":"shipping-taxable","16":"product-type-simple"},"yoast_head":"<!-- This site is optimized with the Yoast SEO Premium plugin v23.9 (Yoast SEO v27.3) - https:\/\/yoast.com\/product\/yoast-seo-premium-wordpress\/ -->\n<title>EAGLE E-Series\u00ae EFC Electronic Flow Corrector - ECCO<\/title>\n<meta name=\"description\" content=\"Eagle E-Series\u00ae EFC\u00a0 Electronic Flow Corrector is a commercial and industrial field to front office flow corrector for natural gas.\" \/>\n<meta name=\"robots\" content=\"index, follow, max-snippet:-1, max-image-preview:large, max-video-preview:-1\" \/>\n<link rel=\"canonical\" href=\"https:\/\/equipmentcontrols.com\/fr\/produit\/eagle-e-series-efc-electronic-flow-corrector\/\" \/>\n<meta property=\"og:locale\" content=\"fr_CA\" \/>\n<meta property=\"og:type\" content=\"article\" \/>\n<meta property=\"og:title\" content=\"EAGLE E-Series\u00ae EFC Electronic Flow Corrector\" \/>\n<meta property=\"og:description\" content=\"Eagle E-Series\u00ae EFC\u00a0 Electronic Flow Corrector is a commercial and industrial field to front office flow corrector for natural gas.\" \/>\n<meta property=\"og:url\" content=\"https:\/\/equipmentcontrols.com\/fr\/produit\/eagle-e-series-efc-electronic-flow-corrector\/\" \/>\n<meta property=\"og:site_name\" content=\"ECCO\" \/>\n<meta property=\"article:modified_time\" content=\"2023-08-22T13:18:30+00:00\" \/>\n<meta property=\"og:image\" content=\"https:\/\/equipmentcontrols.com\/wp-content\/uploads\/2020\/05\/Eagle-Series-E-Volume-Corrector.jpeg\" \/>\n\t<meta property=\"og:image:width\" content=\"860\" \/>\n\t<meta property=\"og:image:height\" content=\"860\" \/>\n\t<meta property=\"og:image:type\" content=\"image\/jpeg\" \/>\n<meta name=\"twitter:card\" content=\"summary_large_image\" \/>\n<meta name=\"twitter:label1\" content=\"Estimation du temps de lecture\" \/>\n\t<meta name=\"twitter:data1\" content=\"1 minute\" \/>\n<script type=\"application\/ld+json\" class=\"yoast-schema-graph\">{\"@context\":\"https:\\\/\\\/schema.org\",\"@graph\":[{\"@type\":\"WebPage\",\"@id\":\"https:\\\/\\\/equipmentcontrols.com\\\/product\\\/eagle-e-series-efc-electronic-flow-corrector\\\/\",\"url\":\"https:\\\/\\\/equipmentcontrols.com\\\/product\\\/eagle-e-series-efc-electronic-flow-corrector\\\/\",\"name\":\"EAGLE E-Series\u00ae EFC Electronic Flow Corrector - ECCO\",\"isPartOf\":{\"@id\":\"https:\\\/\\\/equipmentcontrols.com\\\/#website\"},\"primaryImageOfPage\":{\"@id\":\"https:\\\/\\\/equipmentcontrols.com\\\/product\\\/eagle-e-series-efc-electronic-flow-corrector\\\/#primaryimage\"},\"image\":{\"@id\":\"https:\\\/\\\/equipmentcontrols.com\\\/product\\\/eagle-e-series-efc-electronic-flow-corrector\\\/#primaryimage\"},\"thumbnailUrl\":\"https:\\\/\\\/equipmentcontrols.com\\\/wp-content\\\/uploads\\\/2020\\\/05\\\/Eagle-Series-E-Volume-Corrector.jpeg\",\"datePublished\":\"2020-05-11T20:29:53+00:00\",\"dateModified\":\"2023-08-22T13:18:30+00:00\",\"description\":\"Eagle E-Series\u00ae EFC\u00a0 Electronic Flow Corrector is a commercial and industrial field to front office flow corrector for natural gas.\",\"breadcrumb\":{\"@id\":\"https:\\\/\\\/equipmentcontrols.com\\\/product\\\/eagle-e-series-efc-electronic-flow-corrector\\\/#breadcrumb\"},\"inLanguage\":\"fr-CA\",\"potentialAction\":[{\"@type\":\"ReadAction\",\"target\":[\"https:\\\/\\\/equipmentcontrols.com\\\/product\\\/eagle-e-series-efc-electronic-flow-corrector\\\/\"]}]},{\"@type\":\"ImageObject\",\"inLanguage\":\"fr-CA\",\"@id\":\"https:\\\/\\\/equipmentcontrols.com\\\/product\\\/eagle-e-series-efc-electronic-flow-corrector\\\/#primaryimage\",\"url\":\"https:\\\/\\\/equipmentcontrols.com\\\/wp-content\\\/uploads\\\/2020\\\/05\\\/Eagle-Series-E-Volume-Corrector.jpeg\",\"contentUrl\":\"https:\\\/\\\/equipmentcontrols.com\\\/wp-content\\\/uploads\\\/2020\\\/05\\\/Eagle-Series-E-Volume-Corrector.jpeg\",\"width\":860,\"height\":860,\"caption\":\"Eagle Series E Volume Corrector\"},{\"@type\":\"BreadcrumbList\",\"@id\":\"https:\\\/\\\/equipmentcontrols.com\\\/product\\\/eagle-e-series-efc-electronic-flow-corrector\\\/#breadcrumb\",\"itemListElement\":[{\"@type\":\"ListItem\",\"position\":1,\"name\":\"Home\",\"item\":\"https:\\\/\\\/equipmentcontrols.com\\\/\"},{\"@type\":\"ListItem\",\"position\":2,\"name\":\"Shop\",\"item\":\"https:\\\/\\\/equipmentcontrols.com\\\/shop\\\/\"},{\"@type\":\"ListItem\",\"position\":3,\"name\":\"EAGLE E-Series\u00ae EFC Electronic Flow Corrector\"}]},{\"@type\":\"WebSite\",\"@id\":\"https:\\\/\\\/equipmentcontrols.com\\\/#website\",\"url\":\"https:\\\/\\\/equipmentcontrols.com\\\/\",\"name\":\"ECCO\",\"description\":\"Equipment Controls Company\",\"potentialAction\":[{\"@type\":\"SearchAction\",\"target\":{\"@type\":\"EntryPoint\",\"urlTemplate\":\"https:\\\/\\\/equipmentcontrols.com\\\/?s={search_term_string}\"},\"query-input\":{\"@type\":\"PropertyValueSpecification\",\"valueRequired\":true,\"valueName\":\"search_term_string\"}}],\"inLanguage\":\"fr-CA\"}]}<\/script>\n<!-- \/ Yoast SEO Premium plugin. -->","yoast_head_json":{"title":"EAGLE E-Series\u00ae EFC Electronic Flow Corrector - ECCO","description":"Eagle E-Series\u00ae EFC\u00a0 Electronic Flow Corrector is a commercial and industrial field to front office flow corrector for natural gas.","robots":{"index":"index","follow":"follow","max-snippet":"max-snippet:-1","max-image-preview":"max-image-preview:large","max-video-preview":"max-video-preview:-1"},"canonical":"https:\/\/equipmentcontrols.com\/fr\/produit\/eagle-e-series-efc-electronic-flow-corrector\/","og_locale":"fr_CA","og_type":"article","og_title":"EAGLE E-Series\u00ae EFC Electronic Flow Corrector","og_description":"Eagle E-Series\u00ae EFC\u00a0 Electronic Flow Corrector is a commercial and industrial field to front office flow corrector for natural gas.","og_url":"https:\/\/equipmentcontrols.com\/fr\/produit\/eagle-e-series-efc-electronic-flow-corrector\/","og_site_name":"ECCO","article_modified_time":"2023-08-22T13:18:30+00:00","og_image":[{"width":860,"height":860,"url":"https:\/\/equipmentcontrols.com\/wp-content\/uploads\/2020\/05\/Eagle-Series-E-Volume-Corrector.jpeg","type":"image\/jpeg"}],"twitter_card":"summary_large_image","twitter_misc":{"Estimation du temps de lecture":"1 minute"},"schema":{"@context":"https:\/\/schema.org","@graph":[{"@type":"WebPage","@id":"https:\/\/equipmentcontrols.com\/product\/eagle-e-series-efc-electronic-flow-corrector\/","url":"https:\/\/equipmentcontrols.com\/product\/eagle-e-series-efc-electronic-flow-corrector\/","name":"EAGLE E-Series\u00ae EFC Electronic Flow Corrector - ECCO","isPartOf":{"@id":"https:\/\/equipmentcontrols.com\/#website"},"primaryImageOfPage":{"@id":"https:\/\/equipmentcontrols.com\/product\/eagle-e-series-efc-electronic-flow-corrector\/#primaryimage"},"image":{"@id":"https:\/\/equipmentcontrols.com\/product\/eagle-e-series-efc-electronic-flow-corrector\/#primaryimage"},"thumbnailUrl":"https:\/\/equipmentcontrols.com\/wp-content\/uploads\/2020\/05\/Eagle-Series-E-Volume-Corrector.jpeg","datePublished":"2020-05-11T20:29:53+00:00","dateModified":"2023-08-22T13:18:30+00:00","description":"Eagle E-Series\u00ae EFC\u00a0 Electronic Flow Corrector is a commercial and industrial field to front office flow corrector for natural gas.","breadcrumb":{"@id":"https:\/\/equipmentcontrols.com\/product\/eagle-e-series-efc-electronic-flow-corrector\/#breadcrumb"},"inLanguage":"fr-CA","potentialAction":[{"@type":"ReadAction","target":["https:\/\/equipmentcontrols.com\/product\/eagle-e-series-efc-electronic-flow-corrector\/"]}]},{"@type":"ImageObject","inLanguage":"fr-CA","@id":"https:\/\/equipmentcontrols.com\/product\/eagle-e-series-efc-electronic-flow-corrector\/#primaryimage","url":"https:\/\/equipmentcontrols.com\/wp-content\/uploads\/2020\/05\/Eagle-Series-E-Volume-Corrector.jpeg","contentUrl":"https:\/\/equipmentcontrols.com\/wp-content\/uploads\/2020\/05\/Eagle-Series-E-Volume-Corrector.jpeg","width":860,"height":860,"caption":"Eagle Series E Volume Corrector"},{"@type":"BreadcrumbList","@id":"https:\/\/equipmentcontrols.com\/product\/eagle-e-series-efc-electronic-flow-corrector\/#breadcrumb","itemListElement":[{"@type":"ListItem","position":1,"name":"Home","item":"https:\/\/equipmentcontrols.com\/"},{"@type":"ListItem","position":2,"name":"Shop","item":"https:\/\/equipmentcontrols.com\/shop\/"},{"@type":"ListItem","position":3,"name":"EAGLE E-Series\u00ae EFC Electronic Flow Corrector"}]},{"@type":"WebSite","@id":"https:\/\/equipmentcontrols.com\/#website","url":"https:\/\/equipmentcontrols.com\/","name":"ECCO","description":"Compagnie de contr\u00f4le d&#039;\u00e9quipement","potentialAction":[{"@type":"SearchAction","target":{"@type":"EntryPoint","urlTemplate":"https:\/\/equipmentcontrols.com\/?s={search_term_string}"},"query-input":{"@type":"PropertyValueSpecification","valueRequired":true,"valueName":"search_term_string"}}],"inLanguage":"fr-CA"}]}},"_links":{"self":[{"href":"https:\/\/equipmentcontrols.com\/fr\/wp-json\/wp\/v2\/product\/1265","targetHints":{"allow":["GET"]}}],"collection":[{"href":"https:\/\/equipmentcontrols.com\/fr\/wp-json\/wp\/v2\/product"}],"about":[{"href":"https:\/\/equipmentcontrols.com\/fr\/wp-json\/wp\/v2\/types\/product"}],"wp:featuredmedia":[{"embeddable":true,"href":"https:\/\/equipmentcontrols.com\/fr\/wp-json\/wp\/v2\/media\/1264"}],"wp:attachment":[{"href":"https:\/\/equipmentcontrols.com\/fr\/wp-json\/wp\/v2\/media?parent=1265"}],"wp:term":[{"taxonomy":"product_brand","embeddable":true,"href":"https:\/\/equipmentcontrols.com\/fr\/wp-json\/wp\/v2\/product_brand?post=1265"},{"taxonomy":"product_cat","embeddable":true,"href":"https:\/\/equipmentcontrols.com\/fr\/wp-json\/wp\/v2\/product_cat?post=1265"},{"taxonomy":"product_tag","embeddable":true,"href":"https:\/\/equipmentcontrols.com\/fr\/wp-json\/wp\/v2\/product_tag?post=1265"}],"curies":[{"name":"wp","href":"https:\/\/api.w.org\/{rel}","templated":true}]}}