{"id":1208,"date":"2020-05-11T15:48:33","date_gmt":"2020-05-11T15:48:33","guid":{"rendered":"https:\/\/econtrols.stagemysite.com\/?post_type=product&#038;p=1208"},"modified":"2020-05-11T15:53:41","modified_gmt":"2020-05-11T15:53:41","slug":"imac-rotary-meter-flange-kits","status":"publish","type":"product","link":"https:\/\/equipmentcontrols.com\/fr\/produit\/imac-rotary-meter-flange-kits\/","title":{"rendered":"Kits de brides de compteur rotatif IMAC"},"content":{"rendered":"<h4>Kits de brides de compteur rotatif IMAC<\/h4>\n<div class=\"c3t\">\n<p>IMAC propose des kits de brides pour compteurs de gaz rotatifs. Les kits comprennent des brides, des boulons, des \u00e9crous et des rondelles. Les kits sont disponibles de 2 pouces \u00e0 6 pouces (ANSI 150#)<\/p>\n<p>Les brides standard sont en acier au carbone, mais la fonte est \u00e9galement facultative. Lors de la commande, veuillez sp\u00e9cifier si les brides doivent \u00eatre filet\u00e9es ou \u00e0 souder (slip-on). Des brides de r\u00e9duction sont \u00e9galement disponibles sur demande. Le joint peut \u00e9galement \u00eatre remplac\u00e9 par des cr\u00e9pines de joint. Des brides de toutes tailles et de tous styles peuvent \u00eatre command\u00e9es s\u00e9par\u00e9ment de 2&quot; \u00e0 40&quot;, ANSI 150 \u00e0 ANSI 900. Des kits d&#039;isolation sont \u00e9galement disponibles sur demande.<\/p>\n<\/div>\n<p>&nbsp;<\/p>","protected":false},"excerpt":{"rendered":"<p>IMAC Rotary Meter Flange Kits IMAC offers flange kits for rotary gas meters. Kits include flanges, bolts, nuts and washers. Kits are available from 2 inches to 6 inches in size (ANSI 150#) Standard flanges are carbon steel, but cast iron is also optional. When ordering please specify if flanges should be thread neck or [&hellip;]<\/p>\n","protected":false},"featured_media":1195,"template":"","meta":[],"product_brand":[],"product_cat":[62,55],"product_tag":[],"class_list":{"0":"post-1208","1":"product","2":"type-product","3":"status-publish","4":"has-post-thumbnail","6":"product_cat-accessories","7":"product_cat-imac","9":"first","10":"instock","11":"shipping-taxable","12":"product-type-simple"},"yoast_head":"<!-- This site is optimized with the Yoast SEO Premium plugin v23.9 (Yoast SEO v27.3) - https:\/\/yoast.com\/product\/yoast-seo-premium-wordpress\/ -->\n<title>IMAC Rotary Meter Flange Kits - ECCO<\/title>\n<meta name=\"description\" content=\"IMAC offers flange kits for rotary gas meters. Kits include flanges, bolts, nuts and washers. Kits are available from 2 inches to 6 inches in size (ANSI 150#) \u00a0Standard flanges are carbon steel, but cast iron is also optional. When ordering please specify if flanges should be thread neck or weld-on (slip-on). Reducing flanges are also available upon request.\" \/>\n<meta name=\"robots\" content=\"index, follow, max-snippet:-1, max-image-preview:large, max-video-preview:-1\" \/>\n<link rel=\"canonical\" href=\"https:\/\/equipmentcontrols.com\/fr\/produit\/imac-rotary-meter-flange-kits\/\" \/>\n<meta property=\"og:locale\" content=\"fr_CA\" \/>\n<meta property=\"og:type\" content=\"article\" \/>\n<meta property=\"og:title\" content=\"IMAC Rotary Meter Flange Kits\" \/>\n<meta property=\"og:description\" content=\"IMAC offers flange kits for rotary gas meters. Kits include flanges, bolts, nuts and washers. Kits are available from 2 inches to 6 inches in size (ANSI 150#) \u00a0Standard flanges are carbon steel, but cast iron is also optional. When ordering please specify if flanges should be thread neck or weld-on (slip-on). Reducing flanges are also available upon request.\" \/>\n<meta property=\"og:url\" content=\"https:\/\/equipmentcontrols.com\/fr\/produit\/imac-rotary-meter-flange-kits\/\" \/>\n<meta property=\"og:site_name\" content=\"ECCO\" \/>\n<meta property=\"article:modified_time\" content=\"2020-05-11T15:53:41+00:00\" \/>\n<meta property=\"og:image\" content=\"https:\/\/equipmentcontrols.com\/wp-content\/uploads\/2020\/05\/IMAC-Rotary-Meter-Flange-Kits.jpg\" \/>\n\t<meta property=\"og:image:width\" content=\"860\" \/>\n\t<meta property=\"og:image:height\" content=\"860\" \/>\n\t<meta property=\"og:image:type\" content=\"image\/jpeg\" \/>\n<meta name=\"twitter:card\" content=\"summary_large_image\" \/>\n<script type=\"application\/ld+json\" class=\"yoast-schema-graph\">{\"@context\":\"https:\\\/\\\/schema.org\",\"@graph\":[{\"@type\":\"WebPage\",\"@id\":\"https:\\\/\\\/equipmentcontrols.com\\\/product\\\/imac-rotary-meter-flange-kits\\\/\",\"url\":\"https:\\\/\\\/equipmentcontrols.com\\\/product\\\/imac-rotary-meter-flange-kits\\\/\",\"name\":\"IMAC Rotary Meter Flange Kits - ECCO\",\"isPartOf\":{\"@id\":\"https:\\\/\\\/equipmentcontrols.com\\\/#website\"},\"primaryImageOfPage\":{\"@id\":\"https:\\\/\\\/equipmentcontrols.com\\\/product\\\/imac-rotary-meter-flange-kits\\\/#primaryimage\"},\"image\":{\"@id\":\"https:\\\/\\\/equipmentcontrols.com\\\/product\\\/imac-rotary-meter-flange-kits\\\/#primaryimage\"},\"thumbnailUrl\":\"https:\\\/\\\/equipmentcontrols.com\\\/wp-content\\\/uploads\\\/2020\\\/05\\\/IMAC-Rotary-Meter-Flange-Kits.jpg\",\"datePublished\":\"2020-05-11T15:48:33+00:00\",\"dateModified\":\"2020-05-11T15:53:41+00:00\",\"description\":\"IMAC offers flange kits for rotary gas meters. Kits include flanges, bolts, nuts and washers. Kits are available from 2 inches to 6 inches in size (ANSI 150#) \u00a0Standard flanges are carbon steel, but cast iron is also optional. When ordering please specify if flanges should be thread neck or weld-on (slip-on). Reducing flanges are also available upon request.\",\"breadcrumb\":{\"@id\":\"https:\\\/\\\/equipmentcontrols.com\\\/product\\\/imac-rotary-meter-flange-kits\\\/#breadcrumb\"},\"inLanguage\":\"fr-CA\",\"potentialAction\":[{\"@type\":\"ReadAction\",\"target\":[\"https:\\\/\\\/equipmentcontrols.com\\\/product\\\/imac-rotary-meter-flange-kits\\\/\"]}]},{\"@type\":\"ImageObject\",\"inLanguage\":\"fr-CA\",\"@id\":\"https:\\\/\\\/equipmentcontrols.com\\\/product\\\/imac-rotary-meter-flange-kits\\\/#primaryimage\",\"url\":\"https:\\\/\\\/equipmentcontrols.com\\\/wp-content\\\/uploads\\\/2020\\\/05\\\/IMAC-Rotary-Meter-Flange-Kits.jpg\",\"contentUrl\":\"https:\\\/\\\/equipmentcontrols.com\\\/wp-content\\\/uploads\\\/2020\\\/05\\\/IMAC-Rotary-Meter-Flange-Kits.jpg\",\"width\":860,\"height\":860,\"caption\":\"IMAC-Rotary Meter Flange Kits\"},{\"@type\":\"BreadcrumbList\",\"@id\":\"https:\\\/\\\/equipmentcontrols.com\\\/product\\\/imac-rotary-meter-flange-kits\\\/#breadcrumb\",\"itemListElement\":[{\"@type\":\"ListItem\",\"position\":1,\"name\":\"Home\",\"item\":\"https:\\\/\\\/equipmentcontrols.com\\\/\"},{\"@type\":\"ListItem\",\"position\":2,\"name\":\"Shop\",\"item\":\"https:\\\/\\\/equipmentcontrols.com\\\/shop\\\/\"},{\"@type\":\"ListItem\",\"position\":3,\"name\":\"IMAC Rotary Meter Flange Kits\"}]},{\"@type\":\"WebSite\",\"@id\":\"https:\\\/\\\/equipmentcontrols.com\\\/#website\",\"url\":\"https:\\\/\\\/equipmentcontrols.com\\\/\",\"name\":\"ECCO\",\"description\":\"Equipment Controls Company\",\"potentialAction\":[{\"@type\":\"SearchAction\",\"target\":{\"@type\":\"EntryPoint\",\"urlTemplate\":\"https:\\\/\\\/equipmentcontrols.com\\\/?s={search_term_string}\"},\"query-input\":{\"@type\":\"PropertyValueSpecification\",\"valueRequired\":true,\"valueName\":\"search_term_string\"}}],\"inLanguage\":\"fr-CA\"}]}<\/script>\n<!-- \/ Yoast SEO Premium plugin. -->","yoast_head_json":{"title":"IMAC Rotary Meter Flange Kits - ECCO","description":"IMAC offers flange kits for rotary gas meters. Kits include flanges, bolts, nuts and washers. Kits are available from 2 inches to 6 inches in size (ANSI 150#) \u00a0Standard flanges are carbon steel, but cast iron is also optional. When ordering please specify if flanges should be thread neck or weld-on (slip-on). Reducing flanges are also available upon request.","robots":{"index":"index","follow":"follow","max-snippet":"max-snippet:-1","max-image-preview":"max-image-preview:large","max-video-preview":"max-video-preview:-1"},"canonical":"https:\/\/equipmentcontrols.com\/fr\/produit\/imac-rotary-meter-flange-kits\/","og_locale":"fr_CA","og_type":"article","og_title":"IMAC Rotary Meter Flange Kits","og_description":"IMAC offers flange kits for rotary gas meters. Kits include flanges, bolts, nuts and washers. Kits are available from 2 inches to 6 inches in size (ANSI 150#) \u00a0Standard flanges are carbon steel, but cast iron is also optional. When ordering please specify if flanges should be thread neck or weld-on (slip-on). Reducing flanges are also available upon request.","og_url":"https:\/\/equipmentcontrols.com\/fr\/produit\/imac-rotary-meter-flange-kits\/","og_site_name":"ECCO","article_modified_time":"2020-05-11T15:53:41+00:00","og_image":[{"width":860,"height":860,"url":"https:\/\/equipmentcontrols.com\/wp-content\/uploads\/2020\/05\/IMAC-Rotary-Meter-Flange-Kits.jpg","type":"image\/jpeg"}],"twitter_card":"summary_large_image","schema":{"@context":"https:\/\/schema.org","@graph":[{"@type":"WebPage","@id":"https:\/\/equipmentcontrols.com\/product\/imac-rotary-meter-flange-kits\/","url":"https:\/\/equipmentcontrols.com\/product\/imac-rotary-meter-flange-kits\/","name":"IMAC Rotary Meter Flange Kits - ECCO","isPartOf":{"@id":"https:\/\/equipmentcontrols.com\/#website"},"primaryImageOfPage":{"@id":"https:\/\/equipmentcontrols.com\/product\/imac-rotary-meter-flange-kits\/#primaryimage"},"image":{"@id":"https:\/\/equipmentcontrols.com\/product\/imac-rotary-meter-flange-kits\/#primaryimage"},"thumbnailUrl":"https:\/\/equipmentcontrols.com\/wp-content\/uploads\/2020\/05\/IMAC-Rotary-Meter-Flange-Kits.jpg","datePublished":"2020-05-11T15:48:33+00:00","dateModified":"2020-05-11T15:53:41+00:00","description":"IMAC offers flange kits for rotary gas meters. Kits include flanges, bolts, nuts and washers. Kits are available from 2 inches to 6 inches in size (ANSI 150#) \u00a0Standard flanges are carbon steel, but cast iron is also optional. When ordering please specify if flanges should be thread neck or weld-on (slip-on). Reducing flanges are also available upon request.","breadcrumb":{"@id":"https:\/\/equipmentcontrols.com\/product\/imac-rotary-meter-flange-kits\/#breadcrumb"},"inLanguage":"fr-CA","potentialAction":[{"@type":"ReadAction","target":["https:\/\/equipmentcontrols.com\/product\/imac-rotary-meter-flange-kits\/"]}]},{"@type":"ImageObject","inLanguage":"fr-CA","@id":"https:\/\/equipmentcontrols.com\/product\/imac-rotary-meter-flange-kits\/#primaryimage","url":"https:\/\/equipmentcontrols.com\/wp-content\/uploads\/2020\/05\/IMAC-Rotary-Meter-Flange-Kits.jpg","contentUrl":"https:\/\/equipmentcontrols.com\/wp-content\/uploads\/2020\/05\/IMAC-Rotary-Meter-Flange-Kits.jpg","width":860,"height":860,"caption":"IMAC-Rotary Meter Flange Kits"},{"@type":"BreadcrumbList","@id":"https:\/\/equipmentcontrols.com\/product\/imac-rotary-meter-flange-kits\/#breadcrumb","itemListElement":[{"@type":"ListItem","position":1,"name":"Home","item":"https:\/\/equipmentcontrols.com\/"},{"@type":"ListItem","position":2,"name":"Shop","item":"https:\/\/equipmentcontrols.com\/shop\/"},{"@type":"ListItem","position":3,"name":"IMAC Rotary Meter Flange Kits"}]},{"@type":"WebSite","@id":"https:\/\/equipmentcontrols.com\/#website","url":"https:\/\/equipmentcontrols.com\/","name":"ECCO","description":"Compagnie de contr\u00f4le d&#039;\u00e9quipement","potentialAction":[{"@type":"SearchAction","target":{"@type":"EntryPoint","urlTemplate":"https:\/\/equipmentcontrols.com\/?s={search_term_string}"},"query-input":{"@type":"PropertyValueSpecification","valueRequired":true,"valueName":"search_term_string"}}],"inLanguage":"fr-CA"}]}},"_links":{"self":[{"href":"https:\/\/equipmentcontrols.com\/fr\/wp-json\/wp\/v2\/product\/1208","targetHints":{"allow":["GET"]}}],"collection":[{"href":"https:\/\/equipmentcontrols.com\/fr\/wp-json\/wp\/v2\/product"}],"about":[{"href":"https:\/\/equipmentcontrols.com\/fr\/wp-json\/wp\/v2\/types\/product"}],"wp:featuredmedia":[{"embeddable":true,"href":"https:\/\/equipmentcontrols.com\/fr\/wp-json\/wp\/v2\/media\/1195"}],"wp:attachment":[{"href":"https:\/\/equipmentcontrols.com\/fr\/wp-json\/wp\/v2\/media?parent=1208"}],"wp:term":[{"taxonomy":"product_brand","embeddable":true,"href":"https:\/\/equipmentcontrols.com\/fr\/wp-json\/wp\/v2\/product_brand?post=1208"},{"taxonomy":"product_cat","embeddable":true,"href":"https:\/\/equipmentcontrols.com\/fr\/wp-json\/wp\/v2\/product_cat?post=1208"},{"taxonomy":"product_tag","embeddable":true,"href":"https:\/\/equipmentcontrols.com\/fr\/wp-json\/wp\/v2\/product_tag?post=1208"}],"curies":[{"name":"wp","href":"https:\/\/api.w.org\/{rel}","templated":true}]}}