{"id":1206,"date":"2020-05-11T15:37:32","date_gmt":"2020-05-11T15:37:32","guid":{"rendered":"https:\/\/econtrols.stagemysite.com\/?post_type=product&#038;p=1206"},"modified":"2020-05-11T15:44:20","modified_gmt":"2020-05-11T15:44:20","slug":"imac-gas-ptfe-polytetrafluoroethylene-yellow-and-silver-thread-tape","status":"publish","type":"product","link":"https:\/\/equipmentcontrols.com\/fr\/produit\/imac-gas-ptfe-polytetrafluoroethylene-yellow-and-silver-thread-tape\/","title":{"rendered":"IMAC Gas PTFE (Polyt\u00e9trafluoro\u00e9thyl\u00e8ne) Ruban Fil Jaune et Argent"},"content":{"rendered":"<h4>IMAC Gas PTFE (Polyt\u00e9trafluoro\u00e9thyl\u00e8ne) Ruban Fil Jaune et Argent<\/h4>\n<p>IMAC propose un ruban d&#039;\u00e9tanch\u00e9it\u00e9 au gaz jaune Unasco et un ruban en acier inoxydable argent\u00e9. Le ruban d&#039;\u00e9tanch\u00e9it\u00e9 \u00e0 gaz jaune est un ruban d&#039;\u00e9tanch\u00e9it\u00e9 pour filetage en PTFE (polyt\u00e9trafluoro\u00e9thyl\u00e8ne) haute densit\u00e9 de qualit\u00e9 sup\u00e9rieure sp\u00e9cialement d\u00e9velopp\u00e9 pour une utilisation dans l&#039;industrie du gaz naturel. Il peut \u00e9galement \u00eatre utilis\u00e9 dans de nombreuses autres applications d&#039;hydrocarbures.<\/p>\n<ul>\n<li>Ruban en PTFE vierge pur 100% (polyt\u00e9trafluoro\u00e9thyl\u00e8ne)<\/li>\n<li>Le ruban n&#039;est pas \u00e9tir\u00e9 apr\u00e8s l&#039;extrusion, il r\u00e9siste donc au d\u00e9chiquetage<\/li>\n<li>Pas de dur\u00e9e de conservation<\/li>\n<li>Moins de ruban n\u00e9cessaire que les autres rubans PTFE (polyt\u00e9trafluoro\u00e9thyl\u00e8ne) car beaucoup plus \u00e9pais.<\/li>\n<li>Ruban d&#039;\u00e9tanch\u00e9it\u00e9 au gaz en PTFE (polyt\u00e9trafluoro\u00e9thyl\u00e8ne) sp\u00e9cialement con\u00e7u pour l&#039;industrie du gaz<\/li>\n<li>Seul le ruban d&#039;\u00e9tanch\u00e9it\u00e9 au gaz approuv\u00e9 par AGA<\/li>\n<li>Agit comme un lubrifiant pour filetage et emp\u00eache le grippage<\/li>\n<li>Ne br\u00fblera pas<\/li>\n<li>Le ruban n&#039;est pas \u00e9tir\u00e9 apr\u00e8s l&#039;extrusion pour r\u00e9sister au d\u00e9chiquetage<\/li>\n<li>Ne durcira pas et ne craquera pas avec l&#039;\u00e2ge<\/li>\n<li>En stock pour livraison imm\u00e9diate<\/li>\n<\/ul>\n<p>Le ruban en acier inoxydable est sp\u00e9cialement con\u00e7u pour les raccords en acier inoxydable\u00a0; Le PTFE (polyt\u00e9trafluoro\u00e9thyl\u00e8ne) a \u00e9t\u00e9 impr\u00e9gn\u00e9 de poudre de nickel. Ce mat\u00e9riau agit comme une plaque d&#039;appui et aide \u00e0 minimiser le grippage et le grippage du contact m\u00e9tal sur m\u00e9tal. Recommand\u00e9 principalement pour les filetages SST, mais est \u00e9galement compatible avec l&#039;acier galvanis\u00e9, le fer, le laiton, le cuivre, l&#039;aluminium et divers plastiques. Il est particuli\u00e8rement utile dans les applications \u00e0 haute pression o\u00f9 un couple \u00e9lev\u00e9 est utilis\u00e9 sur de petits raccords.<\/p>\n<p>Les rubans filet\u00e9s de qualit\u00e9 inf\u00e9rieure sont \u00e9galement fabriqu\u00e9s avec du PTFE (polyt\u00e9trafluoro\u00e9thyl\u00e8ne) mais ils sont \u00e9tir\u00e9s apr\u00e8s extrusion. Le produit r\u00e9sultant est beaucoup plus mince et plein de trous d&#039;air, comme le montrent les photographies au microscope \u00e9lectronique. Le ruban mince et \u00e9tir\u00e9 se d\u00e9chire, n\u00e9cessite de nombreux enroulements et les d\u00e9chirures longitudinales permettent une lente infiltration des odorants et des distillats m\u00eame si le raccord est \u00e9tanche aux bulles. Le ruban d&#039;\u00e9tanch\u00e9it\u00e9 \u00e0 gaz Unasco est non \u00e9tir\u00e9 et beaucoup plus dense, \u00e9liminant tous ces probl\u00e8mes. Il conserve \u00e9galement sa r\u00e9silience naturelle lui permettant de continuer \u00e0 sceller m\u00eame lorsque les fils se desserrent l\u00e9g\u00e8rement. La couleur jaune identifie clairement sa pr\u00e9sence. Veuillez consulter notre documentation pour voir des images de la diff\u00e9rence de densit\u00e9s.<\/p>\n<p><strong>T\u00e9l\u00e9chargements\u00a0:<\/strong><br \/>\n<a href=\"https:\/\/equipmentcontrols.com\/wp-content\/uploads\/2020\/05\/Gas_Seal_PTFE_Thread_Tape-1.pdf\">Brochure sur les rubans filet\u00e9s PTFE IMAC <\/a><\/p>","protected":false},"excerpt":{"rendered":"<p>IMAC Gas PTFE (Polytetrafluoroethylene) Yellow and Silver Thread Tape IMAC offers Unasco yellow gas seal tape and silver stainless steel tape. The yellow gas seal tape is a superior, high density PTFE (Polytetrafluoroethylene) thread sealant tape specially developed for use in the natural gas industry. It may also be used in many other hydrocarbon applications. [&hellip;]<\/p>\n","protected":false},"featured_media":1192,"template":"","meta":[],"product_brand":[],"product_cat":[62,55],"product_tag":[],"class_list":{"0":"post-1206","1":"product","2":"type-product","3":"status-publish","4":"has-post-thumbnail","6":"product_cat-accessories","7":"product_cat-imac","9":"first","10":"instock","11":"shipping-taxable","12":"product-type-simple"},"yoast_head":"<!-- This site is optimized with the Yoast SEO Premium plugin v23.9 (Yoast SEO v27.3) - https:\/\/yoast.com\/product\/yoast-seo-premium-wordpress\/ -->\n<title>IMAC Gas PTFE (Polytetrafluoroethylene) Yellow and Silver Thread Tape - ECCO<\/title>\n<meta name=\"description\" content=\"IMAC gasket strainers are the last line of defense, protecting expensive downstream equipment from dangerous line debris such as loose scale, weld beads, grit, and other damaging foreign material. Strainers are an inexpensive and highly effective way to prevent failures and damage to downstream equipment.\" \/>\n<meta name=\"robots\" content=\"index, follow, max-snippet:-1, max-image-preview:large, max-video-preview:-1\" \/>\n<link rel=\"canonical\" href=\"https:\/\/equipmentcontrols.com\/fr\/produit\/imac-gas-ptfe-polytetrafluoroethylene-yellow-and-silver-thread-tape\/\" \/>\n<meta property=\"og:locale\" content=\"fr_CA\" \/>\n<meta property=\"og:type\" content=\"article\" \/>\n<meta property=\"og:title\" content=\"IMAC Gas PTFE (Polytetrafluoroethylene) Yellow and Silver Thread Tape\" \/>\n<meta property=\"og:description\" content=\"IMAC gasket strainers are the last line of defense, protecting expensive downstream equipment from dangerous line debris such as loose scale, weld beads, grit, and other damaging foreign material. Strainers are an inexpensive and highly effective way to prevent failures and damage to downstream equipment.\" \/>\n<meta property=\"og:url\" content=\"https:\/\/equipmentcontrols.com\/fr\/produit\/imac-gas-ptfe-polytetrafluoroethylene-yellow-and-silver-thread-tape\/\" \/>\n<meta property=\"og:site_name\" content=\"ECCO\" \/>\n<meta property=\"article:modified_time\" content=\"2020-05-11T15:44:20+00:00\" \/>\n<meta property=\"og:image\" content=\"https:\/\/equipmentcontrols.com\/wp-content\/uploads\/2020\/05\/IMAC-Pipe-Joint-Tape.jpg\" \/>\n\t<meta property=\"og:image:width\" content=\"860\" \/>\n\t<meta property=\"og:image:height\" content=\"860\" \/>\n\t<meta property=\"og:image:type\" content=\"image\/jpeg\" \/>\n<meta name=\"twitter:card\" content=\"summary_large_image\" \/>\n<meta name=\"twitter:label1\" content=\"Estimation du temps de lecture\" \/>\n\t<meta name=\"twitter:data1\" content=\"2 minutes\" \/>\n<script type=\"application\/ld+json\" class=\"yoast-schema-graph\">{\"@context\":\"https:\\\/\\\/schema.org\",\"@graph\":[{\"@type\":\"WebPage\",\"@id\":\"https:\\\/\\\/equipmentcontrols.com\\\/product\\\/imac-gas-ptfe-polytetrafluoroethylene-yellow-and-silver-thread-tape\\\/\",\"url\":\"https:\\\/\\\/equipmentcontrols.com\\\/product\\\/imac-gas-ptfe-polytetrafluoroethylene-yellow-and-silver-thread-tape\\\/\",\"name\":\"IMAC Gas PTFE (Polytetrafluoroethylene) Yellow and Silver Thread Tape - ECCO\",\"isPartOf\":{\"@id\":\"https:\\\/\\\/equipmentcontrols.com\\\/#website\"},\"primaryImageOfPage\":{\"@id\":\"https:\\\/\\\/equipmentcontrols.com\\\/product\\\/imac-gas-ptfe-polytetrafluoroethylene-yellow-and-silver-thread-tape\\\/#primaryimage\"},\"image\":{\"@id\":\"https:\\\/\\\/equipmentcontrols.com\\\/product\\\/imac-gas-ptfe-polytetrafluoroethylene-yellow-and-silver-thread-tape\\\/#primaryimage\"},\"thumbnailUrl\":\"https:\\\/\\\/equipmentcontrols.com\\\/wp-content\\\/uploads\\\/2020\\\/05\\\/IMAC-Pipe-Joint-Tape.jpg\",\"datePublished\":\"2020-05-11T15:37:32+00:00\",\"dateModified\":\"2020-05-11T15:44:20+00:00\",\"description\":\"IMAC gasket strainers are the last line of defense, protecting expensive downstream equipment from dangerous line debris such as loose scale, weld beads, grit, and other damaging foreign material. Strainers are an inexpensive and highly effective way to prevent failures and damage to downstream equipment.\",\"breadcrumb\":{\"@id\":\"https:\\\/\\\/equipmentcontrols.com\\\/product\\\/imac-gas-ptfe-polytetrafluoroethylene-yellow-and-silver-thread-tape\\\/#breadcrumb\"},\"inLanguage\":\"fr-CA\",\"potentialAction\":[{\"@type\":\"ReadAction\",\"target\":[\"https:\\\/\\\/equipmentcontrols.com\\\/product\\\/imac-gas-ptfe-polytetrafluoroethylene-yellow-and-silver-thread-tape\\\/\"]}]},{\"@type\":\"ImageObject\",\"inLanguage\":\"fr-CA\",\"@id\":\"https:\\\/\\\/equipmentcontrols.com\\\/product\\\/imac-gas-ptfe-polytetrafluoroethylene-yellow-and-silver-thread-tape\\\/#primaryimage\",\"url\":\"https:\\\/\\\/equipmentcontrols.com\\\/wp-content\\\/uploads\\\/2020\\\/05\\\/IMAC-Pipe-Joint-Tape.jpg\",\"contentUrl\":\"https:\\\/\\\/equipmentcontrols.com\\\/wp-content\\\/uploads\\\/2020\\\/05\\\/IMAC-Pipe-Joint-Tape.jpg\",\"width\":860,\"height\":860,\"caption\":\"IMAC-Pipe Joint Tape\"},{\"@type\":\"BreadcrumbList\",\"@id\":\"https:\\\/\\\/equipmentcontrols.com\\\/product\\\/imac-gas-ptfe-polytetrafluoroethylene-yellow-and-silver-thread-tape\\\/#breadcrumb\",\"itemListElement\":[{\"@type\":\"ListItem\",\"position\":1,\"name\":\"Home\",\"item\":\"https:\\\/\\\/equipmentcontrols.com\\\/\"},{\"@type\":\"ListItem\",\"position\":2,\"name\":\"Shop\",\"item\":\"https:\\\/\\\/equipmentcontrols.com\\\/shop\\\/\"},{\"@type\":\"ListItem\",\"position\":3,\"name\":\"IMAC Gas PTFE (Polytetrafluoroethylene) Yellow and Silver Thread Tape\"}]},{\"@type\":\"WebSite\",\"@id\":\"https:\\\/\\\/equipmentcontrols.com\\\/#website\",\"url\":\"https:\\\/\\\/equipmentcontrols.com\\\/\",\"name\":\"ECCO\",\"description\":\"Equipment Controls Company\",\"potentialAction\":[{\"@type\":\"SearchAction\",\"target\":{\"@type\":\"EntryPoint\",\"urlTemplate\":\"https:\\\/\\\/equipmentcontrols.com\\\/?s={search_term_string}\"},\"query-input\":{\"@type\":\"PropertyValueSpecification\",\"valueRequired\":true,\"valueName\":\"search_term_string\"}}],\"inLanguage\":\"fr-CA\"}]}<\/script>\n<!-- \/ Yoast SEO Premium plugin. -->","yoast_head_json":{"title":"IMAC Gas PTFE (Polytetrafluoroethylene) Yellow and Silver Thread Tape - ECCO","description":"Les cr\u00e9pines de joint IMAC sont la derni\u00e8re ligne de d\u00e9fense, prot\u00e9geant les \u00e9quipements co\u00fbteux en aval contre les d\u00e9bris de ligne dangereux tels que le tartre, les cordons de soudure, les gravillons et autres corps \u00e9trangers dommageables. Les cr\u00e9pines sont un moyen peu co\u00fbteux et tr\u00e8s efficace d&#039;\u00e9viter les pannes et les dommages aux \u00e9quipements en aval.","robots":{"index":"index","follow":"follow","max-snippet":"max-snippet:-1","max-image-preview":"max-image-preview:large","max-video-preview":"max-video-preview:-1"},"canonical":"https:\/\/equipmentcontrols.com\/fr\/produit\/imac-gas-ptfe-polytetrafluoroethylene-yellow-and-silver-thread-tape\/","og_locale":"fr_CA","og_type":"article","og_title":"IMAC Gas PTFE (Polytetrafluoroethylene) Yellow and Silver Thread Tape","og_description":"IMAC gasket strainers are the last line of defense, protecting expensive downstream equipment from dangerous line debris such as loose scale, weld beads, grit, and other damaging foreign material. Strainers are an inexpensive and highly effective way to prevent failures and damage to downstream equipment.","og_url":"https:\/\/equipmentcontrols.com\/fr\/produit\/imac-gas-ptfe-polytetrafluoroethylene-yellow-and-silver-thread-tape\/","og_site_name":"ECCO","article_modified_time":"2020-05-11T15:44:20+00:00","og_image":[{"width":860,"height":860,"url":"https:\/\/equipmentcontrols.com\/wp-content\/uploads\/2020\/05\/IMAC-Pipe-Joint-Tape.jpg","type":"image\/jpeg"}],"twitter_card":"summary_large_image","twitter_misc":{"Estimation du temps de lecture":"2 minutes"},"schema":{"@context":"https:\/\/schema.org","@graph":[{"@type":"WebPage","@id":"https:\/\/equipmentcontrols.com\/product\/imac-gas-ptfe-polytetrafluoroethylene-yellow-and-silver-thread-tape\/","url":"https:\/\/equipmentcontrols.com\/product\/imac-gas-ptfe-polytetrafluoroethylene-yellow-and-silver-thread-tape\/","name":"IMAC Gas PTFE (Polytetrafluoroethylene) Yellow and Silver Thread Tape - ECCO","isPartOf":{"@id":"https:\/\/equipmentcontrols.com\/#website"},"primaryImageOfPage":{"@id":"https:\/\/equipmentcontrols.com\/product\/imac-gas-ptfe-polytetrafluoroethylene-yellow-and-silver-thread-tape\/#primaryimage"},"image":{"@id":"https:\/\/equipmentcontrols.com\/product\/imac-gas-ptfe-polytetrafluoroethylene-yellow-and-silver-thread-tape\/#primaryimage"},"thumbnailUrl":"https:\/\/equipmentcontrols.com\/wp-content\/uploads\/2020\/05\/IMAC-Pipe-Joint-Tape.jpg","datePublished":"2020-05-11T15:37:32+00:00","dateModified":"2020-05-11T15:44:20+00:00","description":"Les cr\u00e9pines de joint IMAC sont la derni\u00e8re ligne de d\u00e9fense, prot\u00e9geant les \u00e9quipements co\u00fbteux en aval contre les d\u00e9bris de ligne dangereux tels que le tartre, les cordons de soudure, les gravillons et autres corps \u00e9trangers dommageables. Les cr\u00e9pines sont un moyen peu co\u00fbteux et tr\u00e8s efficace d&#039;\u00e9viter les pannes et les dommages aux \u00e9quipements en aval.","breadcrumb":{"@id":"https:\/\/equipmentcontrols.com\/product\/imac-gas-ptfe-polytetrafluoroethylene-yellow-and-silver-thread-tape\/#breadcrumb"},"inLanguage":"fr-CA","potentialAction":[{"@type":"ReadAction","target":["https:\/\/equipmentcontrols.com\/product\/imac-gas-ptfe-polytetrafluoroethylene-yellow-and-silver-thread-tape\/"]}]},{"@type":"ImageObject","inLanguage":"fr-CA","@id":"https:\/\/equipmentcontrols.com\/product\/imac-gas-ptfe-polytetrafluoroethylene-yellow-and-silver-thread-tape\/#primaryimage","url":"https:\/\/equipmentcontrols.com\/wp-content\/uploads\/2020\/05\/IMAC-Pipe-Joint-Tape.jpg","contentUrl":"https:\/\/equipmentcontrols.com\/wp-content\/uploads\/2020\/05\/IMAC-Pipe-Joint-Tape.jpg","width":860,"height":860,"caption":"IMAC-Pipe Joint Tape"},{"@type":"BreadcrumbList","@id":"https:\/\/equipmentcontrols.com\/product\/imac-gas-ptfe-polytetrafluoroethylene-yellow-and-silver-thread-tape\/#breadcrumb","itemListElement":[{"@type":"ListItem","position":1,"name":"Home","item":"https:\/\/equipmentcontrols.com\/"},{"@type":"ListItem","position":2,"name":"Shop","item":"https:\/\/equipmentcontrols.com\/shop\/"},{"@type":"ListItem","position":3,"name":"IMAC Gas PTFE (Polytetrafluoroethylene) Yellow and Silver Thread Tape"}]},{"@type":"WebSite","@id":"https:\/\/equipmentcontrols.com\/#website","url":"https:\/\/equipmentcontrols.com\/","name":"ECCO","description":"Compagnie de contr\u00f4le d&#039;\u00e9quipement","potentialAction":[{"@type":"SearchAction","target":{"@type":"EntryPoint","urlTemplate":"https:\/\/equipmentcontrols.com\/?s={search_term_string}"},"query-input":{"@type":"PropertyValueSpecification","valueRequired":true,"valueName":"search_term_string"}}],"inLanguage":"fr-CA"}]}},"_links":{"self":[{"href":"https:\/\/equipmentcontrols.com\/fr\/wp-json\/wp\/v2\/product\/1206","targetHints":{"allow":["GET"]}}],"collection":[{"href":"https:\/\/equipmentcontrols.com\/fr\/wp-json\/wp\/v2\/product"}],"about":[{"href":"https:\/\/equipmentcontrols.com\/fr\/wp-json\/wp\/v2\/types\/product"}],"wp:featuredmedia":[{"embeddable":true,"href":"https:\/\/equipmentcontrols.com\/fr\/wp-json\/wp\/v2\/media\/1192"}],"wp:attachment":[{"href":"https:\/\/equipmentcontrols.com\/fr\/wp-json\/wp\/v2\/media?parent=1206"}],"wp:term":[{"taxonomy":"product_brand","embeddable":true,"href":"https:\/\/equipmentcontrols.com\/fr\/wp-json\/wp\/v2\/product_brand?post=1206"},{"taxonomy":"product_cat","embeddable":true,"href":"https:\/\/equipmentcontrols.com\/fr\/wp-json\/wp\/v2\/product_cat?post=1206"},{"taxonomy":"product_tag","embeddable":true,"href":"https:\/\/equipmentcontrols.com\/fr\/wp-json\/wp\/v2\/product_tag?post=1206"}],"curies":[{"name":"wp","href":"https:\/\/api.w.org\/{rel}","templated":true}]}}