{"id":1204,"date":"2020-05-11T15:31:36","date_gmt":"2020-05-11T15:31:36","guid":{"rendered":"https:\/\/econtrols.stagemysite.com\/?post_type=product&#038;p=1204"},"modified":"2020-05-11T15:36:05","modified_gmt":"2020-05-11T15:36:05","slug":"imac-gasket-strainers","status":"publish","type":"product","link":"https:\/\/equipmentcontrols.com\/fr\/produit\/imac-gasket-strainers\/","title":{"rendered":"Filtres \u00e0 joint IMAC"},"content":{"rendered":"<h4>Filtres \u00e0 joint IMAC<\/h4>\n<p>Les cr\u00e9pines de joint IMAC sont la derni\u00e8re ligne de d\u00e9fense, prot\u00e9geant les \u00e9quipements co\u00fbteux en aval contre les d\u00e9bris de ligne dangereux tels que le tartre, les cordons de soudure, les gravillons et autres corps \u00e9trangers dommageables. Les cr\u00e9pines sont un moyen peu co\u00fbteux et tr\u00e8s efficace d&#039;\u00e9viter les pannes et les dommages aux \u00e9quipements en aval.<\/p>\n<p><strong>Joint (wafer) Cr\u00e9pines<\/strong><\/p>\n<ul>\n<li>Construction Wafer, facile \u00e0 installer entre 2 brides (pas d&#039;espace suppl\u00e9mentaire requis)<\/li>\n<li>Disponible en style int\u00e9gral ou en anneau (ANSI 150, ANSI 300 ou ANSI 600)<\/li>\n<li>Sert de joint fonctionnel<\/li>\n<li>Le mat\u00e9riau du joint est Garlock 3000 de haute qualit\u00e9 sans amiante<\/li>\n<li>Les \u00e9crans sont en acier inoxydable 100%<\/li>\n<li>La maille d&#039;\u00e9cran disponible comprend 20, 40, 60 (standard), 80, 100 et 120<\/li>\n<\/ul>\n<p>*Les joints sans amiante Garlock 3000 (sans \u00e9crans), annulaires ou \u00e0 face pleine peuvent \u00e9galement \u00eatre achet\u00e9s chez IMAC Systems, Inc.*<\/p>\n<p><strong>T\u00e9l\u00e9chargements\u00a0:<\/strong><br \/>\n<a href=\"https:\/\/equipmentcontrols.com\/wp-content\/uploads\/2020\/05\/Gas_Strainer_Filtration-1.pdf\">Fiche technique des filtres \u00e0 joint IMAC <\/a><\/p>","protected":false},"excerpt":{"rendered":"<p>IMAC Gasket Strainers IMAC gasket strainers are the last line of defense, protecting expensive downstream equipment from dangerous line debris such as loose scale, weld beads, grit, and other damaging foreign material. Strainers are an inexpensive and highly effective way to prevent failures and damage to downstream equipment. Gasket (Wafer) Strainers Wafer construction, easy to [&hellip;]<\/p>\n","protected":false},"featured_media":1189,"template":"","meta":[],"product_brand":[],"product_cat":[62,55],"product_tag":[],"class_list":{"0":"post-1204","1":"product","2":"type-product","3":"status-publish","4":"has-post-thumbnail","6":"product_cat-accessories","7":"product_cat-imac","9":"first","10":"instock","11":"shipping-taxable","12":"product-type-simple"},"yoast_head":"<!-- This site is optimized with the Yoast SEO Premium plugin v23.9 (Yoast SEO v27.3) - https:\/\/yoast.com\/product\/yoast-seo-premium-wordpress\/ -->\n<title>IMAC Gasket Strainers - ECCO<\/title>\n<meta name=\"description\" content=\"IMAC gasket strainers are the last line of defense, protecting expensive downstream equipment from dangerous line debris such as loose scale, weld beads, grit, and other damaging foreign material. Strainers are an inexpensive and highly effective way to prevent failures and damage to downstream equipment.\" \/>\n<meta name=\"robots\" content=\"index, follow, max-snippet:-1, max-image-preview:large, max-video-preview:-1\" \/>\n<link rel=\"canonical\" href=\"https:\/\/equipmentcontrols.com\/fr\/produit\/imac-gasket-strainers\/\" \/>\n<meta property=\"og:locale\" content=\"fr_CA\" \/>\n<meta property=\"og:type\" content=\"article\" \/>\n<meta property=\"og:title\" content=\"IMAC Gasket Strainers\" \/>\n<meta property=\"og:description\" content=\"IMAC gasket strainers are the last line of defense, protecting expensive downstream equipment from dangerous line debris such as loose scale, weld beads, grit, and other damaging foreign material. Strainers are an inexpensive and highly effective way to prevent failures and damage to downstream equipment.\" \/>\n<meta property=\"og:url\" content=\"https:\/\/equipmentcontrols.com\/fr\/produit\/imac-gasket-strainers\/\" \/>\n<meta property=\"og:site_name\" content=\"ECCO\" \/>\n<meta property=\"article:modified_time\" content=\"2020-05-11T15:36:05+00:00\" \/>\n<meta property=\"og:image\" content=\"https:\/\/equipmentcontrols.com\/wp-content\/uploads\/2020\/05\/IMAC-Gasket-Strainers.jpg\" \/>\n\t<meta property=\"og:image:width\" content=\"860\" \/>\n\t<meta property=\"og:image:height\" content=\"860\" \/>\n\t<meta property=\"og:image:type\" content=\"image\/jpeg\" \/>\n<meta name=\"twitter:card\" content=\"summary_large_image\" \/>\n<meta name=\"twitter:label1\" content=\"Estimation du temps de lecture\" \/>\n\t<meta name=\"twitter:data1\" content=\"1 minute\" \/>\n<script type=\"application\/ld+json\" class=\"yoast-schema-graph\">{\"@context\":\"https:\\\/\\\/schema.org\",\"@graph\":[{\"@type\":\"WebPage\",\"@id\":\"https:\\\/\\\/equipmentcontrols.com\\\/product\\\/imac-gasket-strainers\\\/\",\"url\":\"https:\\\/\\\/equipmentcontrols.com\\\/product\\\/imac-gasket-strainers\\\/\",\"name\":\"IMAC Gasket Strainers - ECCO\",\"isPartOf\":{\"@id\":\"https:\\\/\\\/equipmentcontrols.com\\\/#website\"},\"primaryImageOfPage\":{\"@id\":\"https:\\\/\\\/equipmentcontrols.com\\\/product\\\/imac-gasket-strainers\\\/#primaryimage\"},\"image\":{\"@id\":\"https:\\\/\\\/equipmentcontrols.com\\\/product\\\/imac-gasket-strainers\\\/#primaryimage\"},\"thumbnailUrl\":\"https:\\\/\\\/equipmentcontrols.com\\\/wp-content\\\/uploads\\\/2020\\\/05\\\/IMAC-Gasket-Strainers.jpg\",\"datePublished\":\"2020-05-11T15:31:36+00:00\",\"dateModified\":\"2020-05-11T15:36:05+00:00\",\"description\":\"IMAC gasket strainers are the last line of defense, protecting expensive downstream equipment from dangerous line debris such as loose scale, weld beads, grit, and other damaging foreign material. Strainers are an inexpensive and highly effective way to prevent failures and damage to downstream equipment.\",\"breadcrumb\":{\"@id\":\"https:\\\/\\\/equipmentcontrols.com\\\/product\\\/imac-gasket-strainers\\\/#breadcrumb\"},\"inLanguage\":\"fr-CA\",\"potentialAction\":[{\"@type\":\"ReadAction\",\"target\":[\"https:\\\/\\\/equipmentcontrols.com\\\/product\\\/imac-gasket-strainers\\\/\"]}]},{\"@type\":\"ImageObject\",\"inLanguage\":\"fr-CA\",\"@id\":\"https:\\\/\\\/equipmentcontrols.com\\\/product\\\/imac-gasket-strainers\\\/#primaryimage\",\"url\":\"https:\\\/\\\/equipmentcontrols.com\\\/wp-content\\\/uploads\\\/2020\\\/05\\\/IMAC-Gasket-Strainers.jpg\",\"contentUrl\":\"https:\\\/\\\/equipmentcontrols.com\\\/wp-content\\\/uploads\\\/2020\\\/05\\\/IMAC-Gasket-Strainers.jpg\",\"width\":860,\"height\":860,\"caption\":\"IMAC-Gasket Strainers\"},{\"@type\":\"BreadcrumbList\",\"@id\":\"https:\\\/\\\/equipmentcontrols.com\\\/product\\\/imac-gasket-strainers\\\/#breadcrumb\",\"itemListElement\":[{\"@type\":\"ListItem\",\"position\":1,\"name\":\"Home\",\"item\":\"https:\\\/\\\/equipmentcontrols.com\\\/\"},{\"@type\":\"ListItem\",\"position\":2,\"name\":\"Shop\",\"item\":\"https:\\\/\\\/equipmentcontrols.com\\\/shop\\\/\"},{\"@type\":\"ListItem\",\"position\":3,\"name\":\"IMAC Gasket Strainers\"}]},{\"@type\":\"WebSite\",\"@id\":\"https:\\\/\\\/equipmentcontrols.com\\\/#website\",\"url\":\"https:\\\/\\\/equipmentcontrols.com\\\/\",\"name\":\"ECCO\",\"description\":\"Equipment Controls Company\",\"potentialAction\":[{\"@type\":\"SearchAction\",\"target\":{\"@type\":\"EntryPoint\",\"urlTemplate\":\"https:\\\/\\\/equipmentcontrols.com\\\/?s={search_term_string}\"},\"query-input\":{\"@type\":\"PropertyValueSpecification\",\"valueRequired\":true,\"valueName\":\"search_term_string\"}}],\"inLanguage\":\"fr-CA\"}]}<\/script>\n<!-- \/ Yoast SEO Premium plugin. -->","yoast_head_json":{"title":"IMAC Gasket Strainers - ECCO","description":"Les cr\u00e9pines de joint IMAC sont la derni\u00e8re ligne de d\u00e9fense, prot\u00e9geant les \u00e9quipements co\u00fbteux en aval contre les d\u00e9bris de ligne dangereux tels que le tartre, les cordons de soudure, les gravillons et autres corps \u00e9trangers dommageables. Les cr\u00e9pines sont un moyen peu co\u00fbteux et tr\u00e8s efficace d&#039;\u00e9viter les pannes et les dommages aux \u00e9quipements en aval.","robots":{"index":"index","follow":"follow","max-snippet":"max-snippet:-1","max-image-preview":"max-image-preview:large","max-video-preview":"max-video-preview:-1"},"canonical":"https:\/\/equipmentcontrols.com\/fr\/produit\/imac-gasket-strainers\/","og_locale":"fr_CA","og_type":"article","og_title":"IMAC Gasket Strainers","og_description":"IMAC gasket strainers are the last line of defense, protecting expensive downstream equipment from dangerous line debris such as loose scale, weld beads, grit, and other damaging foreign material. Strainers are an inexpensive and highly effective way to prevent failures and damage to downstream equipment.","og_url":"https:\/\/equipmentcontrols.com\/fr\/produit\/imac-gasket-strainers\/","og_site_name":"ECCO","article_modified_time":"2020-05-11T15:36:05+00:00","og_image":[{"width":860,"height":860,"url":"https:\/\/equipmentcontrols.com\/wp-content\/uploads\/2020\/05\/IMAC-Gasket-Strainers.jpg","type":"image\/jpeg"}],"twitter_card":"summary_large_image","twitter_misc":{"Estimation du temps de lecture":"1 minute"},"schema":{"@context":"https:\/\/schema.org","@graph":[{"@type":"WebPage","@id":"https:\/\/equipmentcontrols.com\/product\/imac-gasket-strainers\/","url":"https:\/\/equipmentcontrols.com\/product\/imac-gasket-strainers\/","name":"IMAC Gasket Strainers - ECCO","isPartOf":{"@id":"https:\/\/equipmentcontrols.com\/#website"},"primaryImageOfPage":{"@id":"https:\/\/equipmentcontrols.com\/product\/imac-gasket-strainers\/#primaryimage"},"image":{"@id":"https:\/\/equipmentcontrols.com\/product\/imac-gasket-strainers\/#primaryimage"},"thumbnailUrl":"https:\/\/equipmentcontrols.com\/wp-content\/uploads\/2020\/05\/IMAC-Gasket-Strainers.jpg","datePublished":"2020-05-11T15:31:36+00:00","dateModified":"2020-05-11T15:36:05+00:00","description":"Les cr\u00e9pines de joint IMAC sont la derni\u00e8re ligne de d\u00e9fense, prot\u00e9geant les \u00e9quipements co\u00fbteux en aval contre les d\u00e9bris de ligne dangereux tels que le tartre, les cordons de soudure, les gravillons et autres corps \u00e9trangers dommageables. Les cr\u00e9pines sont un moyen peu co\u00fbteux et tr\u00e8s efficace d&#039;\u00e9viter les pannes et les dommages aux \u00e9quipements en aval.","breadcrumb":{"@id":"https:\/\/equipmentcontrols.com\/product\/imac-gasket-strainers\/#breadcrumb"},"inLanguage":"fr-CA","potentialAction":[{"@type":"ReadAction","target":["https:\/\/equipmentcontrols.com\/product\/imac-gasket-strainers\/"]}]},{"@type":"ImageObject","inLanguage":"fr-CA","@id":"https:\/\/equipmentcontrols.com\/product\/imac-gasket-strainers\/#primaryimage","url":"https:\/\/equipmentcontrols.com\/wp-content\/uploads\/2020\/05\/IMAC-Gasket-Strainers.jpg","contentUrl":"https:\/\/equipmentcontrols.com\/wp-content\/uploads\/2020\/05\/IMAC-Gasket-Strainers.jpg","width":860,"height":860,"caption":"IMAC-Gasket Strainers"},{"@type":"BreadcrumbList","@id":"https:\/\/equipmentcontrols.com\/product\/imac-gasket-strainers\/#breadcrumb","itemListElement":[{"@type":"ListItem","position":1,"name":"Home","item":"https:\/\/equipmentcontrols.com\/"},{"@type":"ListItem","position":2,"name":"Shop","item":"https:\/\/equipmentcontrols.com\/shop\/"},{"@type":"ListItem","position":3,"name":"IMAC Gasket Strainers"}]},{"@type":"WebSite","@id":"https:\/\/equipmentcontrols.com\/#website","url":"https:\/\/equipmentcontrols.com\/","name":"ECCO","description":"Compagnie de contr\u00f4le d&#039;\u00e9quipement","potentialAction":[{"@type":"SearchAction","target":{"@type":"EntryPoint","urlTemplate":"https:\/\/equipmentcontrols.com\/?s={search_term_string}"},"query-input":{"@type":"PropertyValueSpecification","valueRequired":true,"valueName":"search_term_string"}}],"inLanguage":"fr-CA"}]}},"_links":{"self":[{"href":"https:\/\/equipmentcontrols.com\/fr\/wp-json\/wp\/v2\/product\/1204","targetHints":{"allow":["GET"]}}],"collection":[{"href":"https:\/\/equipmentcontrols.com\/fr\/wp-json\/wp\/v2\/product"}],"about":[{"href":"https:\/\/equipmentcontrols.com\/fr\/wp-json\/wp\/v2\/types\/product"}],"wp:featuredmedia":[{"embeddable":true,"href":"https:\/\/equipmentcontrols.com\/fr\/wp-json\/wp\/v2\/media\/1189"}],"wp:attachment":[{"href":"https:\/\/equipmentcontrols.com\/fr\/wp-json\/wp\/v2\/media?parent=1204"}],"wp:term":[{"taxonomy":"product_brand","embeddable":true,"href":"https:\/\/equipmentcontrols.com\/fr\/wp-json\/wp\/v2\/product_brand?post=1204"},{"taxonomy":"product_cat","embeddable":true,"href":"https:\/\/equipmentcontrols.com\/fr\/wp-json\/wp\/v2\/product_cat?post=1204"},{"taxonomy":"product_tag","embeddable":true,"href":"https:\/\/equipmentcontrols.com\/fr\/wp-json\/wp\/v2\/product_tag?post=1204"}],"curies":[{"name":"wp","href":"https:\/\/api.w.org\/{rel}","templated":true}]}}