{"id":1203,"date":"2020-05-11T15:27:56","date_gmt":"2020-05-11T15:27:56","guid":{"rendered":"https:\/\/econtrols.stagemysite.com\/?post_type=product&#038;p=1203"},"modified":"2020-05-11T15:31:25","modified_gmt":"2020-05-11T15:31:25","slug":"imac-meter-gaskets","status":"publish","type":"product","link":"https:\/\/equipmentcontrols.com\/fr\/produit\/imac-meter-gaskets\/","title":{"rendered":"Joints de compteur IMAC"},"content":{"rendered":"<h4>Joints de compteur IMAC<\/h4>\n<div class=\"c3t\">\n<p>IMAC propose des joints sans amiante de haute qualit\u00e9. Ces joints peuvent \u00eatre command\u00e9s en tant que joint annulaire ou style int\u00e9gral. Les tailles en stock vont de 2&quot; \u00e0 8&quot;, ANSI 150# et ANSI 300#. \u00c9galement disponibles pour une livraison rapide sont 1&quot; \u00e0 12&quot; et ANSI 600#.<\/p>\n<ul>\n<li>Les joints fournis utilisent un m\u00e9lange unique de fibres d&#039;aramide, de charges et d&#039;un liant en caoutchouc nitrile pour fournir une r\u00e9tention de couple et des niveaux d&#039;\u00e9missions r\u00e9duits. Cela permet une excellente capacit\u00e9 d&#039;\u00e9tanch\u00e9it\u00e9 dans une large gamme de conditions.<\/li>\n<li>Les filtres \u00e0 joints sont \u00e9galement disponibles pour une livraison imm\u00e9diate<\/li>\n<\/ul>\n<\/div>\n<p>&nbsp;<\/p>","protected":false},"excerpt":{"rendered":"<p>IMAC Meter Gaskets IMAC offers\u00a0 high-quality asbestos free gaskets. These gaskets can either be ordered as ring-gasket or full-face style. Sizes kept in stock range from 2\u201d to 8\u201d, ANSI 150# and ANSI 300#. Also available for quick delivery are 1\u201d thru 12\u201d and ANSI 600#. The gaskets provided use a unique blend of aramid [&hellip;]<\/p>\n","protected":false},"featured_media":1190,"template":"","meta":[],"product_brand":[],"product_cat":[62,55],"product_tag":[],"class_list":{"0":"post-1203","1":"product","2":"type-product","3":"status-publish","4":"has-post-thumbnail","6":"product_cat-accessories","7":"product_cat-imac","9":"first","10":"instock","11":"shipping-taxable","12":"product-type-simple"},"yoast_head":"<!-- This site is optimized with the Yoast SEO Premium plugin v23.9 (Yoast SEO v27.3) - https:\/\/yoast.com\/product\/yoast-seo-premium-wordpress\/ -->\n<title>IMAC Meter Gaskets - ECCO<\/title>\n<meta name=\"description\" content=\"IMAC offers\u00a0 high-quality asbestos free gaskets. These gaskets can either be ordered as ring-gasket or full-face style. Sizes kept in stock range from 2\u201d to 8\u201d, ANSI 150# and ANSI 300#. Also available for quick delivery are 1\u201d thru 12\u201d and ANSI 600#.\" \/>\n<meta name=\"robots\" content=\"index, follow, max-snippet:-1, max-image-preview:large, max-video-preview:-1\" \/>\n<link rel=\"canonical\" href=\"https:\/\/equipmentcontrols.com\/fr\/produit\/imac-meter-gaskets\/\" \/>\n<meta property=\"og:locale\" content=\"fr_CA\" \/>\n<meta property=\"og:type\" content=\"article\" \/>\n<meta property=\"og:title\" content=\"IMAC Meter Gaskets\" \/>\n<meta property=\"og:description\" content=\"IMAC offers\u00a0 high-quality asbestos free gaskets. These gaskets can either be ordered as ring-gasket or full-face style. Sizes kept in stock range from 2\u201d to 8\u201d, ANSI 150# and ANSI 300#. Also available for quick delivery are 1\u201d thru 12\u201d and ANSI 600#.\" \/>\n<meta property=\"og:url\" content=\"https:\/\/equipmentcontrols.com\/fr\/produit\/imac-meter-gaskets\/\" \/>\n<meta property=\"og:site_name\" content=\"ECCO\" \/>\n<meta property=\"article:modified_time\" content=\"2020-05-11T15:31:25+00:00\" \/>\n<meta property=\"og:image\" content=\"https:\/\/equipmentcontrols.com\/wp-content\/uploads\/2020\/05\/IMAC-Meter-Gaskets.jpg\" \/>\n\t<meta property=\"og:image:width\" content=\"860\" \/>\n\t<meta property=\"og:image:height\" content=\"860\" \/>\n\t<meta property=\"og:image:type\" content=\"image\/jpeg\" \/>\n<meta name=\"twitter:card\" content=\"summary_large_image\" \/>\n<script type=\"application\/ld+json\" class=\"yoast-schema-graph\">{\"@context\":\"https:\\\/\\\/schema.org\",\"@graph\":[{\"@type\":\"WebPage\",\"@id\":\"https:\\\/\\\/equipmentcontrols.com\\\/product\\\/imac-meter-gaskets\\\/\",\"url\":\"https:\\\/\\\/equipmentcontrols.com\\\/product\\\/imac-meter-gaskets\\\/\",\"name\":\"IMAC Meter Gaskets - ECCO\",\"isPartOf\":{\"@id\":\"https:\\\/\\\/equipmentcontrols.com\\\/#website\"},\"primaryImageOfPage\":{\"@id\":\"https:\\\/\\\/equipmentcontrols.com\\\/product\\\/imac-meter-gaskets\\\/#primaryimage\"},\"image\":{\"@id\":\"https:\\\/\\\/equipmentcontrols.com\\\/product\\\/imac-meter-gaskets\\\/#primaryimage\"},\"thumbnailUrl\":\"https:\\\/\\\/equipmentcontrols.com\\\/wp-content\\\/uploads\\\/2020\\\/05\\\/IMAC-Meter-Gaskets.jpg\",\"datePublished\":\"2020-05-11T15:27:56+00:00\",\"dateModified\":\"2020-05-11T15:31:25+00:00\",\"description\":\"IMAC offers\u00a0 high-quality asbestos free gaskets. These gaskets can either be ordered as ring-gasket or full-face style. Sizes kept in stock range from 2\u201d to 8\u201d, ANSI 150# and ANSI 300#. Also available for quick delivery are 1\u201d thru 12\u201d and ANSI 600#.\",\"breadcrumb\":{\"@id\":\"https:\\\/\\\/equipmentcontrols.com\\\/product\\\/imac-meter-gaskets\\\/#breadcrumb\"},\"inLanguage\":\"fr-CA\",\"potentialAction\":[{\"@type\":\"ReadAction\",\"target\":[\"https:\\\/\\\/equipmentcontrols.com\\\/product\\\/imac-meter-gaskets\\\/\"]}]},{\"@type\":\"ImageObject\",\"inLanguage\":\"fr-CA\",\"@id\":\"https:\\\/\\\/equipmentcontrols.com\\\/product\\\/imac-meter-gaskets\\\/#primaryimage\",\"url\":\"https:\\\/\\\/equipmentcontrols.com\\\/wp-content\\\/uploads\\\/2020\\\/05\\\/IMAC-Meter-Gaskets.jpg\",\"contentUrl\":\"https:\\\/\\\/equipmentcontrols.com\\\/wp-content\\\/uploads\\\/2020\\\/05\\\/IMAC-Meter-Gaskets.jpg\",\"width\":860,\"height\":860,\"caption\":\"IMAC-Meter-Gaskets\"},{\"@type\":\"BreadcrumbList\",\"@id\":\"https:\\\/\\\/equipmentcontrols.com\\\/product\\\/imac-meter-gaskets\\\/#breadcrumb\",\"itemListElement\":[{\"@type\":\"ListItem\",\"position\":1,\"name\":\"Home\",\"item\":\"https:\\\/\\\/equipmentcontrols.com\\\/\"},{\"@type\":\"ListItem\",\"position\":2,\"name\":\"Shop\",\"item\":\"https:\\\/\\\/equipmentcontrols.com\\\/shop\\\/\"},{\"@type\":\"ListItem\",\"position\":3,\"name\":\"IMAC Meter Gaskets\"}]},{\"@type\":\"WebSite\",\"@id\":\"https:\\\/\\\/equipmentcontrols.com\\\/#website\",\"url\":\"https:\\\/\\\/equipmentcontrols.com\\\/\",\"name\":\"ECCO\",\"description\":\"Equipment Controls Company\",\"potentialAction\":[{\"@type\":\"SearchAction\",\"target\":{\"@type\":\"EntryPoint\",\"urlTemplate\":\"https:\\\/\\\/equipmentcontrols.com\\\/?s={search_term_string}\"},\"query-input\":{\"@type\":\"PropertyValueSpecification\",\"valueRequired\":true,\"valueName\":\"search_term_string\"}}],\"inLanguage\":\"fr-CA\"}]}<\/script>\n<!-- \/ Yoast SEO Premium plugin. -->","yoast_head_json":{"title":"IMAC Meter Gaskets - ECCO","description":"IMAC propose des joints sans amiante de haute qualit\u00e9. Ces joints peuvent \u00eatre command\u00e9s en tant que joint annulaire ou style int\u00e9gral. Les tailles en stock vont de 2&quot; \u00e0 8&quot;, ANSI 150# et ANSI 300#. \u00c9galement disponibles pour une livraison rapide sont 1&quot; \u00e0 12&quot; et ANSI 600#.","robots":{"index":"index","follow":"follow","max-snippet":"max-snippet:-1","max-image-preview":"max-image-preview:large","max-video-preview":"max-video-preview:-1"},"canonical":"https:\/\/equipmentcontrols.com\/fr\/produit\/imac-meter-gaskets\/","og_locale":"fr_CA","og_type":"article","og_title":"IMAC Meter Gaskets","og_description":"IMAC offers\u00a0 high-quality asbestos free gaskets. These gaskets can either be ordered as ring-gasket or full-face style. Sizes kept in stock range from 2\u201d to 8\u201d, ANSI 150# and ANSI 300#. Also available for quick delivery are 1\u201d thru 12\u201d and ANSI 600#.","og_url":"https:\/\/equipmentcontrols.com\/fr\/produit\/imac-meter-gaskets\/","og_site_name":"ECCO","article_modified_time":"2020-05-11T15:31:25+00:00","og_image":[{"width":860,"height":860,"url":"https:\/\/equipmentcontrols.com\/wp-content\/uploads\/2020\/05\/IMAC-Meter-Gaskets.jpg","type":"image\/jpeg"}],"twitter_card":"summary_large_image","schema":{"@context":"https:\/\/schema.org","@graph":[{"@type":"WebPage","@id":"https:\/\/equipmentcontrols.com\/product\/imac-meter-gaskets\/","url":"https:\/\/equipmentcontrols.com\/product\/imac-meter-gaskets\/","name":"IMAC Meter Gaskets - ECCO","isPartOf":{"@id":"https:\/\/equipmentcontrols.com\/#website"},"primaryImageOfPage":{"@id":"https:\/\/equipmentcontrols.com\/product\/imac-meter-gaskets\/#primaryimage"},"image":{"@id":"https:\/\/equipmentcontrols.com\/product\/imac-meter-gaskets\/#primaryimage"},"thumbnailUrl":"https:\/\/equipmentcontrols.com\/wp-content\/uploads\/2020\/05\/IMAC-Meter-Gaskets.jpg","datePublished":"2020-05-11T15:27:56+00:00","dateModified":"2020-05-11T15:31:25+00:00","description":"IMAC propose des joints sans amiante de haute qualit\u00e9. Ces joints peuvent \u00eatre command\u00e9s en tant que joint annulaire ou style int\u00e9gral. Les tailles en stock vont de 2&quot; \u00e0 8&quot;, ANSI 150# et ANSI 300#. \u00c9galement disponibles pour une livraison rapide sont 1&quot; \u00e0 12&quot; et ANSI 600#.","breadcrumb":{"@id":"https:\/\/equipmentcontrols.com\/product\/imac-meter-gaskets\/#breadcrumb"},"inLanguage":"fr-CA","potentialAction":[{"@type":"ReadAction","target":["https:\/\/equipmentcontrols.com\/product\/imac-meter-gaskets\/"]}]},{"@type":"ImageObject","inLanguage":"fr-CA","@id":"https:\/\/equipmentcontrols.com\/product\/imac-meter-gaskets\/#primaryimage","url":"https:\/\/equipmentcontrols.com\/wp-content\/uploads\/2020\/05\/IMAC-Meter-Gaskets.jpg","contentUrl":"https:\/\/equipmentcontrols.com\/wp-content\/uploads\/2020\/05\/IMAC-Meter-Gaskets.jpg","width":860,"height":860,"caption":"IMAC-Meter-Gaskets"},{"@type":"BreadcrumbList","@id":"https:\/\/equipmentcontrols.com\/product\/imac-meter-gaskets\/#breadcrumb","itemListElement":[{"@type":"ListItem","position":1,"name":"Home","item":"https:\/\/equipmentcontrols.com\/"},{"@type":"ListItem","position":2,"name":"Shop","item":"https:\/\/equipmentcontrols.com\/shop\/"},{"@type":"ListItem","position":3,"name":"IMAC Meter Gaskets"}]},{"@type":"WebSite","@id":"https:\/\/equipmentcontrols.com\/#website","url":"https:\/\/equipmentcontrols.com\/","name":"ECCO","description":"Compagnie de contr\u00f4le d&#039;\u00e9quipement","potentialAction":[{"@type":"SearchAction","target":{"@type":"EntryPoint","urlTemplate":"https:\/\/equipmentcontrols.com\/?s={search_term_string}"},"query-input":{"@type":"PropertyValueSpecification","valueRequired":true,"valueName":"search_term_string"}}],"inLanguage":"fr-CA"}]}},"_links":{"self":[{"href":"https:\/\/equipmentcontrols.com\/fr\/wp-json\/wp\/v2\/product\/1203","targetHints":{"allow":["GET"]}}],"collection":[{"href":"https:\/\/equipmentcontrols.com\/fr\/wp-json\/wp\/v2\/product"}],"about":[{"href":"https:\/\/equipmentcontrols.com\/fr\/wp-json\/wp\/v2\/types\/product"}],"wp:featuredmedia":[{"embeddable":true,"href":"https:\/\/equipmentcontrols.com\/fr\/wp-json\/wp\/v2\/media\/1190"}],"wp:attachment":[{"href":"https:\/\/equipmentcontrols.com\/fr\/wp-json\/wp\/v2\/media?parent=1203"}],"wp:term":[{"taxonomy":"product_brand","embeddable":true,"href":"https:\/\/equipmentcontrols.com\/fr\/wp-json\/wp\/v2\/product_brand?post=1203"},{"taxonomy":"product_cat","embeddable":true,"href":"https:\/\/equipmentcontrols.com\/fr\/wp-json\/wp\/v2\/product_cat?post=1203"},{"taxonomy":"product_tag","embeddable":true,"href":"https:\/\/equipmentcontrols.com\/fr\/wp-json\/wp\/v2\/product_tag?post=1203"}],"curies":[{"name":"wp","href":"https:\/\/api.w.org\/{rel}","templated":true}]}}