{"id":1200,"date":"2020-05-11T15:18:59","date_gmt":"2020-05-11T15:18:59","guid":{"rendered":"https:\/\/econtrols.stagemysite.com\/?post_type=product&#038;p=1200"},"modified":"2020-05-11T15:26:16","modified_gmt":"2020-05-11T15:26:16","slug":"imac-pulsimatic-transmitter","status":"publish","type":"product","link":"https:\/\/equipmentcontrols.com\/fr\/produit\/imac-pulsimatic-transmitter\/","title":{"rendered":"Transmetteur pulsimatique IMAC"},"content":{"rendered":"<h4>Transmetteur pulsimatique IMAC<\/h4>\n<p>LE TRANSMETTEUR PULSIMATIQUE IMAC est le moyen \u00e9conomique de transmettre les donn\u00e9es de sortie de volume non corrig\u00e9es des compteurs de gaz aux \u00e9quipements de totalisation et d&#039;enregistrement \u00e0 distance. Disponible en dix sorties d&#039;impulsions diff\u00e9rentes pour r\u00e9pondre \u00e0 la plupart des exigences, le TRANSMETTEUR PULSIMATIC a un profil bas pratiquement indestructible qui n&#039;interf\u00e8re pas avec la disposition de la tuyauterie existante.<\/p>\n<ul>\n<li>Fonctionne \u00e0 un couple extr\u00eamement faible<\/li>\n<li>Le bo\u00eetier monobloc en fonte d&#039;aluminium usin\u00e9 avec pr\u00e9cision offre la protection du m\u00e9canisme d&#039;impulsion ainsi qu&#039;une action m\u00e9canique pr\u00e9cise<\/li>\n<li>Sorties ind\u00e9pendantes simples ou doubles disponibles sur tous les mod\u00e8les S&#039;ADAPTENT \u00e0 tous les types de compteurs de taille industrielle \u00e0 index m\u00e9canique vertical : Diaphragme, Rotatif, Turbine<\/li>\n<li>Montage sur le terrain extr\u00eamement RAPIDE et FACILE, se monte entre le compteur et l&#039;index ou l&#039;instrument<\/li>\n<li>Id\u00e9al pour les syst\u00e8mes d&#039;acquisition de donn\u00e9es, AMR (relev\u00e9 de compteur automatis\u00e9), AMI (infrastructure de mesure avanc\u00e9e), totalisation \u00e0 distance, PLC et syst\u00e8mes SCADA<\/li>\n<\/ul>\n<p>Le transmetteur pulsimatique IMAC s&#039;adapte \u00e0 tous les types de compteurs de gaz de taille industrielle\/commerciale \u00e0 index m\u00e9canique vertical (diaphragme\/turbine\/rotatif). L&#039;\u00e9metteur Pulsimatic agit \u00e9galement comme une source secondaire de comptage si l&#039;index du compteur \u00e9choue. Pour les compteurs r\u00e9sidentiels\/domestiques, veuillez consulter notre g\u00e9n\u00e9rateur d&#039;impulsions de compteur domestique.<\/p>\n<p>De nombreuses options diff\u00e9rentes sont disponibles ; veuillez consulter la litt\u00e9rature pour plus d&#039;informations.<\/p>\n<p><strong>T\u00e9l\u00e9chargements\u00a0:<\/strong><br \/>\n<a href=\"https:\/\/equipmentcontrols.com\/wp-content\/uploads\/2020\/05\/Pulsimatic_Transmitter-1.pdf\">Fiche technique de l&#039;\u00e9metteur IMAC Pulsimatic <\/a><\/p>\n<p><a href=\"https:\/\/equipmentcontrols.com\/wp-content\/uploads\/2020\/05\/Pulsimatic-Mounting-Instructions-1.pdf\">Instructions de montage du transmetteur IMAC Pulsimatic<\/a><\/p>","protected":false},"excerpt":{"rendered":"<p>IMAC Pulsimatic Transmitter THE IMAC PULSIMATIC TRANSMITTER is the economical way to transmit uncorrected volume output data from gas meters to remote totalizing and recording equipment. Available in ten different pulse outputs to fill most requirements, the PULSIMATIC TRANSMITTER has a virtually indestructible low profile that does not interfere with existing piping arrangement. Operates at [&hellip;]<\/p>\n","protected":false},"featured_media":1193,"template":"","meta":[],"product_brand":[],"product_cat":[62,55],"product_tag":[],"class_list":{"0":"post-1200","1":"product","2":"type-product","3":"status-publish","4":"has-post-thumbnail","6":"product_cat-accessories","7":"product_cat-imac","9":"first","10":"instock","11":"shipping-taxable","12":"product-type-simple"},"yoast_head":"<!-- This site is optimized with the Yoast SEO Premium plugin v23.9 (Yoast SEO v27.3) - https:\/\/yoast.com\/product\/yoast-seo-premium-wordpress\/ -->\n<title>IMAC Pulsimatic Transmitter - ECCO<\/title>\n<meta name=\"description\" content=\"The Domestic Meter Pulser is an economical and effortless way to retrofit residential and laboratory gas meters with a reliable pulse output.THE IMAC PULSIMATIC TRANSMITTER is the economical way to transmit uncorrected volume output data from gas meters to remote totalizing and recording equipment. Available in ten different pulse outputs to fill most requirements, the PULSIMATIC TRANSMITTER has a virtually indestructible low profile that does not interfere with existing piping arrangement.\" \/>\n<meta name=\"robots\" content=\"index, follow, max-snippet:-1, max-image-preview:large, max-video-preview:-1\" \/>\n<link rel=\"canonical\" href=\"https:\/\/equipmentcontrols.com\/fr\/produit\/imac-pulsimatic-transmitter\/\" \/>\n<meta property=\"og:locale\" content=\"fr_CA\" \/>\n<meta property=\"og:type\" content=\"article\" \/>\n<meta property=\"og:title\" content=\"IMAC Pulsimatic Transmitter\" \/>\n<meta property=\"og:description\" content=\"The Domestic Meter Pulser is an economical and effortless way to retrofit residential and laboratory gas meters with a reliable pulse output.THE IMAC PULSIMATIC TRANSMITTER is the economical way to transmit uncorrected volume output data from gas meters to remote totalizing and recording equipment. Available in ten different pulse outputs to fill most requirements, the PULSIMATIC TRANSMITTER has a virtually indestructible low profile that does not interfere with existing piping arrangement.\" \/>\n<meta property=\"og:url\" content=\"https:\/\/equipmentcontrols.com\/fr\/produit\/imac-pulsimatic-transmitter\/\" \/>\n<meta property=\"og:site_name\" content=\"ECCO\" \/>\n<meta property=\"article:modified_time\" content=\"2020-05-11T15:26:16+00:00\" \/>\n<meta property=\"og:image\" content=\"https:\/\/equipmentcontrols.com\/wp-content\/uploads\/2020\/05\/IMAC-Pulsimatic-Transmitter.jpg\" \/>\n\t<meta property=\"og:image:width\" content=\"860\" \/>\n\t<meta property=\"og:image:height\" content=\"860\" \/>\n\t<meta property=\"og:image:type\" content=\"image\/jpeg\" \/>\n<meta name=\"twitter:card\" content=\"summary_large_image\" \/>\n<meta name=\"twitter:label1\" content=\"Estimation du temps de lecture\" \/>\n\t<meta name=\"twitter:data1\" content=\"1 minute\" \/>\n<script type=\"application\/ld+json\" class=\"yoast-schema-graph\">{\"@context\":\"https:\\\/\\\/schema.org\",\"@graph\":[{\"@type\":\"WebPage\",\"@id\":\"https:\\\/\\\/equipmentcontrols.com\\\/product\\\/imac-pulsimatic-transmitter\\\/\",\"url\":\"https:\\\/\\\/equipmentcontrols.com\\\/product\\\/imac-pulsimatic-transmitter\\\/\",\"name\":\"IMAC Pulsimatic Transmitter - ECCO\",\"isPartOf\":{\"@id\":\"https:\\\/\\\/equipmentcontrols.com\\\/#website\"},\"primaryImageOfPage\":{\"@id\":\"https:\\\/\\\/equipmentcontrols.com\\\/product\\\/imac-pulsimatic-transmitter\\\/#primaryimage\"},\"image\":{\"@id\":\"https:\\\/\\\/equipmentcontrols.com\\\/product\\\/imac-pulsimatic-transmitter\\\/#primaryimage\"},\"thumbnailUrl\":\"https:\\\/\\\/equipmentcontrols.com\\\/wp-content\\\/uploads\\\/2020\\\/05\\\/IMAC-Pulsimatic-Transmitter.jpg\",\"datePublished\":\"2020-05-11T15:18:59+00:00\",\"dateModified\":\"2020-05-11T15:26:16+00:00\",\"description\":\"The Domestic Meter Pulser is an economical and effortless way to retrofit residential and laboratory gas meters with a reliable pulse output.THE IMAC PULSIMATIC TRANSMITTER is the economical way to transmit uncorrected volume output data from gas meters to remote totalizing and recording equipment. Available in ten different pulse outputs to fill most requirements, the PULSIMATIC TRANSMITTER has a virtually indestructible low profile that does not interfere with existing piping arrangement.\",\"breadcrumb\":{\"@id\":\"https:\\\/\\\/equipmentcontrols.com\\\/product\\\/imac-pulsimatic-transmitter\\\/#breadcrumb\"},\"inLanguage\":\"fr-CA\",\"potentialAction\":[{\"@type\":\"ReadAction\",\"target\":[\"https:\\\/\\\/equipmentcontrols.com\\\/product\\\/imac-pulsimatic-transmitter\\\/\"]}]},{\"@type\":\"ImageObject\",\"inLanguage\":\"fr-CA\",\"@id\":\"https:\\\/\\\/equipmentcontrols.com\\\/product\\\/imac-pulsimatic-transmitter\\\/#primaryimage\",\"url\":\"https:\\\/\\\/equipmentcontrols.com\\\/wp-content\\\/uploads\\\/2020\\\/05\\\/IMAC-Pulsimatic-Transmitter.jpg\",\"contentUrl\":\"https:\\\/\\\/equipmentcontrols.com\\\/wp-content\\\/uploads\\\/2020\\\/05\\\/IMAC-Pulsimatic-Transmitter.jpg\",\"width\":860,\"height\":860,\"caption\":\"IMAC-Pulsimatic Transmitter\"},{\"@type\":\"BreadcrumbList\",\"@id\":\"https:\\\/\\\/equipmentcontrols.com\\\/product\\\/imac-pulsimatic-transmitter\\\/#breadcrumb\",\"itemListElement\":[{\"@type\":\"ListItem\",\"position\":1,\"name\":\"Home\",\"item\":\"https:\\\/\\\/equipmentcontrols.com\\\/\"},{\"@type\":\"ListItem\",\"position\":2,\"name\":\"Shop\",\"item\":\"https:\\\/\\\/equipmentcontrols.com\\\/shop\\\/\"},{\"@type\":\"ListItem\",\"position\":3,\"name\":\"IMAC Pulsimatic Transmitter\"}]},{\"@type\":\"WebSite\",\"@id\":\"https:\\\/\\\/equipmentcontrols.com\\\/#website\",\"url\":\"https:\\\/\\\/equipmentcontrols.com\\\/\",\"name\":\"ECCO\",\"description\":\"Equipment Controls Company\",\"potentialAction\":[{\"@type\":\"SearchAction\",\"target\":{\"@type\":\"EntryPoint\",\"urlTemplate\":\"https:\\\/\\\/equipmentcontrols.com\\\/?s={search_term_string}\"},\"query-input\":{\"@type\":\"PropertyValueSpecification\",\"valueRequired\":true,\"valueName\":\"search_term_string\"}}],\"inLanguage\":\"fr-CA\"}]}<\/script>\n<!-- \/ Yoast SEO Premium plugin. -->","yoast_head_json":{"title":"IMAC Pulsimatic Transmitter - ECCO","description":"The Domestic Meter Pulser is an economical and effortless way to retrofit residential and laboratory gas meters with a reliable pulse output.THE IMAC PULSIMATIC TRANSMITTER is the economical way to transmit uncorrected volume output data from gas meters to remote totalizing and recording equipment. Available in ten different pulse outputs to fill most requirements, the PULSIMATIC TRANSMITTER has a virtually indestructible low profile that does not interfere with existing piping arrangement.","robots":{"index":"index","follow":"follow","max-snippet":"max-snippet:-1","max-image-preview":"max-image-preview:large","max-video-preview":"max-video-preview:-1"},"canonical":"https:\/\/equipmentcontrols.com\/fr\/produit\/imac-pulsimatic-transmitter\/","og_locale":"fr_CA","og_type":"article","og_title":"IMAC Pulsimatic Transmitter","og_description":"The Domestic Meter Pulser is an economical and effortless way to retrofit residential and laboratory gas meters with a reliable pulse output.THE IMAC PULSIMATIC TRANSMITTER is the economical way to transmit uncorrected volume output data from gas meters to remote totalizing and recording equipment. Available in ten different pulse outputs to fill most requirements, the PULSIMATIC TRANSMITTER has a virtually indestructible low profile that does not interfere with existing piping arrangement.","og_url":"https:\/\/equipmentcontrols.com\/fr\/produit\/imac-pulsimatic-transmitter\/","og_site_name":"ECCO","article_modified_time":"2020-05-11T15:26:16+00:00","og_image":[{"width":860,"height":860,"url":"https:\/\/equipmentcontrols.com\/wp-content\/uploads\/2020\/05\/IMAC-Pulsimatic-Transmitter.jpg","type":"image\/jpeg"}],"twitter_card":"summary_large_image","twitter_misc":{"Estimation du temps de lecture":"1 minute"},"schema":{"@context":"https:\/\/schema.org","@graph":[{"@type":"WebPage","@id":"https:\/\/equipmentcontrols.com\/product\/imac-pulsimatic-transmitter\/","url":"https:\/\/equipmentcontrols.com\/product\/imac-pulsimatic-transmitter\/","name":"IMAC Pulsimatic Transmitter - ECCO","isPartOf":{"@id":"https:\/\/equipmentcontrols.com\/#website"},"primaryImageOfPage":{"@id":"https:\/\/equipmentcontrols.com\/product\/imac-pulsimatic-transmitter\/#primaryimage"},"image":{"@id":"https:\/\/equipmentcontrols.com\/product\/imac-pulsimatic-transmitter\/#primaryimage"},"thumbnailUrl":"https:\/\/equipmentcontrols.com\/wp-content\/uploads\/2020\/05\/IMAC-Pulsimatic-Transmitter.jpg","datePublished":"2020-05-11T15:18:59+00:00","dateModified":"2020-05-11T15:26:16+00:00","description":"The Domestic Meter Pulser is an economical and effortless way to retrofit residential and laboratory gas meters with a reliable pulse output.THE IMAC PULSIMATIC TRANSMITTER is the economical way to transmit uncorrected volume output data from gas meters to remote totalizing and recording equipment. Available in ten different pulse outputs to fill most requirements, the PULSIMATIC TRANSMITTER has a virtually indestructible low profile that does not interfere with existing piping arrangement.","breadcrumb":{"@id":"https:\/\/equipmentcontrols.com\/product\/imac-pulsimatic-transmitter\/#breadcrumb"},"inLanguage":"fr-CA","potentialAction":[{"@type":"ReadAction","target":["https:\/\/equipmentcontrols.com\/product\/imac-pulsimatic-transmitter\/"]}]},{"@type":"ImageObject","inLanguage":"fr-CA","@id":"https:\/\/equipmentcontrols.com\/product\/imac-pulsimatic-transmitter\/#primaryimage","url":"https:\/\/equipmentcontrols.com\/wp-content\/uploads\/2020\/05\/IMAC-Pulsimatic-Transmitter.jpg","contentUrl":"https:\/\/equipmentcontrols.com\/wp-content\/uploads\/2020\/05\/IMAC-Pulsimatic-Transmitter.jpg","width":860,"height":860,"caption":"IMAC-Pulsimatic Transmitter"},{"@type":"BreadcrumbList","@id":"https:\/\/equipmentcontrols.com\/product\/imac-pulsimatic-transmitter\/#breadcrumb","itemListElement":[{"@type":"ListItem","position":1,"name":"Home","item":"https:\/\/equipmentcontrols.com\/"},{"@type":"ListItem","position":2,"name":"Shop","item":"https:\/\/equipmentcontrols.com\/shop\/"},{"@type":"ListItem","position":3,"name":"IMAC Pulsimatic Transmitter"}]},{"@type":"WebSite","@id":"https:\/\/equipmentcontrols.com\/#website","url":"https:\/\/equipmentcontrols.com\/","name":"ECCO","description":"Compagnie de contr\u00f4le d&#039;\u00e9quipement","potentialAction":[{"@type":"SearchAction","target":{"@type":"EntryPoint","urlTemplate":"https:\/\/equipmentcontrols.com\/?s={search_term_string}"},"query-input":{"@type":"PropertyValueSpecification","valueRequired":true,"valueName":"search_term_string"}}],"inLanguage":"fr-CA"}]}},"_links":{"self":[{"href":"https:\/\/equipmentcontrols.com\/fr\/wp-json\/wp\/v2\/product\/1200","targetHints":{"allow":["GET"]}}],"collection":[{"href":"https:\/\/equipmentcontrols.com\/fr\/wp-json\/wp\/v2\/product"}],"about":[{"href":"https:\/\/equipmentcontrols.com\/fr\/wp-json\/wp\/v2\/types\/product"}],"wp:featuredmedia":[{"embeddable":true,"href":"https:\/\/equipmentcontrols.com\/fr\/wp-json\/wp\/v2\/media\/1193"}],"wp:attachment":[{"href":"https:\/\/equipmentcontrols.com\/fr\/wp-json\/wp\/v2\/media?parent=1200"}],"wp:term":[{"taxonomy":"product_brand","embeddable":true,"href":"https:\/\/equipmentcontrols.com\/fr\/wp-json\/wp\/v2\/product_brand?post=1200"},{"taxonomy":"product_cat","embeddable":true,"href":"https:\/\/equipmentcontrols.com\/fr\/wp-json\/wp\/v2\/product_cat?post=1200"},{"taxonomy":"product_tag","embeddable":true,"href":"https:\/\/equipmentcontrols.com\/fr\/wp-json\/wp\/v2\/product_tag?post=1200"}],"curies":[{"name":"wp","href":"https:\/\/api.w.org\/{rel}","templated":true}]}}