{"id":1196,"date":"2020-05-11T14:56:12","date_gmt":"2020-05-11T14:56:12","guid":{"rendered":"https:\/\/econtrols.stagemysite.com\/?post_type=product&#038;p=1196"},"modified":"2020-05-11T15:02:18","modified_gmt":"2020-05-11T15:02:18","slug":"petes-plug-temperature-pressure-reading","status":"publish","type":"product","link":"https:\/\/equipmentcontrols.com\/fr\/produit\/petes-plug-temperature-pressure-reading\/","title":{"rendered":"Pete&#039;s Plug\u00ae Lecture de la temp\u00e9rature et de la pression"},"content":{"rendered":"<h4>Pete&#039;s Plug\u00ae Lecture de la temp\u00e9rature et de la pression<\/h4>\n<ul>\n<li>Le Pete&#039;s Plug\u00ae permet de prendre des lectures de pression et de temp\u00e9rature sans laisser de jauges co\u00fbteuses sur la ligne<\/li>\n<li>Le Pete&#039;s Plug\u00ae poss\u00e8de deux valves \u00e0 fermeture automatique qui am\u00e9liorent la vitesse de fermeture de la valve<\/li>\n<li>Disponible en diff\u00e9rentes tailles de filetage, longueurs et mat\u00e9riaux adapt\u00e9s \u00e0 toutes les applications<\/li>\n<li>\u00c9limine les raccords suppl\u00e9mentaires pour les applications isol\u00e9es<\/li>\n<\/ul>\n<p>Pete&#039;s Plug II \u00ae vous permet de prendre rapidement des mesures de pression ou de temp\u00e9rature et \u00e9limine le besoin de laisser des manom\u00e8tres ou des indicateurs de temp\u00e9rature co\u00fbteux sur la ligne. Selon les applications, le Pete&#039;s Plug peut fonctionner jusqu&#039;\u00e0 un maximum de 500 PSIG et 200\u00b0F ou 275\u00b0F pour le n\u00e9opr\u00e8ne ou le nordel respectivement. Des pressions de service maximales de 1000 PSIG peuvent \u00eatre atteintes avec du n\u00e9opr\u00e8ne ou du nordel \u00e0 des temp\u00e9ratures de 140\u00b0F \u00e0 -20\u00b0F.<\/p>\n<p>Cette version am\u00e9lior\u00e9e de Pete&#039;s Plug \u00ae est toujours le seul bouchon de test de pression et de temp\u00e9rature avec deux vannes \u00e0 fermeture automatique, mais les vannes sont am\u00e9lior\u00e9es avec une interaction qui acc\u00e9l\u00e8re la fermeture de la vanne. Pete&#039;s Plug II \u00ae est disponible en diff\u00e9rentes tailles de filetage, longueurs et mat\u00e9riaux pour satisfaire chaque application. La s\u00e9rie XL Pete&#039;s Plug II \u00ae vous permettra d&#039;isoler le point de test et de ne pas recouvrir compl\u00e8tement le Pete&#039;s Plug II \u00ae. Le XL Pete&#039;s Plug II \u00ae \u00e9limine les raccords suppl\u00e9mentaires pour les applications isol\u00e9es.<\/p>\n<p>Ne vous laissez pas berner par l&#039;imitation des Pete&#039;s Plugs \u00ae avec des noyaux simples, recherchez le gaufrage directement sur le corps de la fiche qui dit &quot;Pete&#039;s Plug II&quot; \u00ae.<\/p>\n<p>Le Pete&#039;s Plug est une marque d\u00e9pos\u00e9e et la conception de la valve est enti\u00e8rement brevet\u00e9e.<\/p>\n<p><strong>T\u00e9l\u00e9chargements\u00a0:<\/strong><br \/>\n<a href=\"https:\/\/equipmentcontrols.com\/wp-content\/uploads\/2020\/05\/petes_plugII-1.pdf\">Fiche technique de la prise IMAC Pete <\/a><\/p>","protected":false},"excerpt":{"rendered":"<p>Pete&#8217;s Plug\u00ae Temperature &amp; Pressure Reading The Pete\u2019s Plug\u00ae allows pressure and temperature readings to be taken without leaving costly gauges on the line The Pete\u2019s Plug\u00ae has two self-closing valves improve the speed of valve closure Available in various thread sizes, lengths, and materials suitable for all applications Eliminates extra fittings for insulated applications [&hellip;]<\/p>\n","protected":false},"featured_media":1191,"template":"","meta":[],"product_brand":[],"product_cat":[62,55],"product_tag":[],"class_list":{"0":"post-1196","1":"product","2":"type-product","3":"status-publish","4":"has-post-thumbnail","6":"product_cat-accessories","7":"product_cat-imac","9":"first","10":"instock","11":"shipping-taxable","12":"product-type-simple"},"yoast_head":"<!-- This site is optimized with the Yoast SEO Premium plugin v23.9 (Yoast SEO v27.3) - https:\/\/yoast.com\/product\/yoast-seo-premium-wordpress\/ -->\n<title>Pete&#039;s Plug\u00ae Temperature &amp; Pressure Reading - ECCO<\/title>\n<meta name=\"description\" content=\"Excess Flow Valve # P41by Gas BreakerExcess Flow Valve Model P41 1 &quot;CTS .101 WALL, 3408, 12&quot; LONG, with Series 300 ValvePete&#039;s Plug II \u00ae allows you to take pressure or temperature readings quickly and eliminates the need for leaving costly gauges or temperature indicators on the line. Depending on the applications, the Pete&#039;s Plug can be operated to a maximum of 500 PSIG and 200\u00b0F or 275\u00b0F for neoprene or nordel respectively. Maximum working pressures of 1000 PSIG can be attained with neoprene or nordel at temperatures from 140\u00b0F to -20\u00b0F.\" \/>\n<meta name=\"robots\" content=\"index, follow, max-snippet:-1, max-image-preview:large, max-video-preview:-1\" \/>\n<link rel=\"canonical\" href=\"https:\/\/equipmentcontrols.com\/fr\/produit\/petes-plug-temperature-pressure-reading\/\" \/>\n<meta property=\"og:locale\" content=\"fr_CA\" \/>\n<meta property=\"og:type\" content=\"article\" \/>\n<meta property=\"og:title\" content=\"Pete&#039;s Plug\u00ae Temperature &amp; Pressure Reading\" \/>\n<meta property=\"og:description\" content=\"Excess Flow Valve # P41by Gas BreakerExcess Flow Valve Model P41 1 &quot;CTS .101 WALL, 3408, 12&quot; LONG, with Series 300 ValvePete&#039;s Plug II \u00ae allows you to take pressure or temperature readings quickly and eliminates the need for leaving costly gauges or temperature indicators on the line. Depending on the applications, the Pete&#039;s Plug can be operated to a maximum of 500 PSIG and 200\u00b0F or 275\u00b0F for neoprene or nordel respectively. Maximum working pressures of 1000 PSIG can be attained with neoprene or nordel at temperatures from 140\u00b0F to -20\u00b0F.\" \/>\n<meta property=\"og:url\" content=\"https:\/\/equipmentcontrols.com\/fr\/produit\/petes-plug-temperature-pressure-reading\/\" \/>\n<meta property=\"og:site_name\" content=\"ECCO\" \/>\n<meta property=\"article:modified_time\" content=\"2020-05-11T15:02:18+00:00\" \/>\n<meta property=\"og:image\" content=\"https:\/\/equipmentcontrols.com\/wp-content\/uploads\/2020\/05\/IMAC-Petes-Plug.jpg\" \/>\n\t<meta property=\"og:image:width\" content=\"860\" \/>\n\t<meta property=\"og:image:height\" content=\"860\" \/>\n\t<meta property=\"og:image:type\" content=\"image\/jpeg\" \/>\n<meta name=\"twitter:card\" content=\"summary_large_image\" \/>\n<meta name=\"twitter:label1\" content=\"Estimation du temps de lecture\" \/>\n\t<meta name=\"twitter:data1\" content=\"1 minute\" \/>\n<script type=\"application\/ld+json\" class=\"yoast-schema-graph\">{\"@context\":\"https:\\\/\\\/schema.org\",\"@graph\":[{\"@type\":\"WebPage\",\"@id\":\"https:\\\/\\\/equipmentcontrols.com\\\/product\\\/petes-plug-temperature-pressure-reading\\\/\",\"url\":\"https:\\\/\\\/equipmentcontrols.com\\\/product\\\/petes-plug-temperature-pressure-reading\\\/\",\"name\":\"Pete's Plug\u00ae Temperature & Pressure Reading - ECCO\",\"isPartOf\":{\"@id\":\"https:\\\/\\\/equipmentcontrols.com\\\/#website\"},\"primaryImageOfPage\":{\"@id\":\"https:\\\/\\\/equipmentcontrols.com\\\/product\\\/petes-plug-temperature-pressure-reading\\\/#primaryimage\"},\"image\":{\"@id\":\"https:\\\/\\\/equipmentcontrols.com\\\/product\\\/petes-plug-temperature-pressure-reading\\\/#primaryimage\"},\"thumbnailUrl\":\"https:\\\/\\\/equipmentcontrols.com\\\/wp-content\\\/uploads\\\/2020\\\/05\\\/IMAC-Petes-Plug.jpg\",\"datePublished\":\"2020-05-11T14:56:12+00:00\",\"dateModified\":\"2020-05-11T15:02:18+00:00\",\"description\":\"Excess Flow Valve # P41by Gas BreakerExcess Flow Valve Model P41 1 \\\"CTS .101 WALL, 3408, 12\\\" LONG, with Series 300 ValvePete's Plug II \u00ae allows you to take pressure or temperature readings quickly and eliminates the need for leaving costly gauges or temperature indicators on the line. Depending on the applications, the Pete's Plug can be operated to a maximum of 500 PSIG and 200\u00b0F or 275\u00b0F for neoprene or nordel respectively. Maximum working pressures of 1000 PSIG can be attained with neoprene or nordel at temperatures from 140\u00b0F to -20\u00b0F.\",\"breadcrumb\":{\"@id\":\"https:\\\/\\\/equipmentcontrols.com\\\/product\\\/petes-plug-temperature-pressure-reading\\\/#breadcrumb\"},\"inLanguage\":\"fr-CA\",\"potentialAction\":[{\"@type\":\"ReadAction\",\"target\":[\"https:\\\/\\\/equipmentcontrols.com\\\/product\\\/petes-plug-temperature-pressure-reading\\\/\"]}]},{\"@type\":\"ImageObject\",\"inLanguage\":\"fr-CA\",\"@id\":\"https:\\\/\\\/equipmentcontrols.com\\\/product\\\/petes-plug-temperature-pressure-reading\\\/#primaryimage\",\"url\":\"https:\\\/\\\/equipmentcontrols.com\\\/wp-content\\\/uploads\\\/2020\\\/05\\\/IMAC-Petes-Plug.jpg\",\"contentUrl\":\"https:\\\/\\\/equipmentcontrols.com\\\/wp-content\\\/uploads\\\/2020\\\/05\\\/IMAC-Petes-Plug.jpg\",\"width\":860,\"height\":860,\"caption\":\"IMAC-Petes Plug\"},{\"@type\":\"BreadcrumbList\",\"@id\":\"https:\\\/\\\/equipmentcontrols.com\\\/product\\\/petes-plug-temperature-pressure-reading\\\/#breadcrumb\",\"itemListElement\":[{\"@type\":\"ListItem\",\"position\":1,\"name\":\"Home\",\"item\":\"https:\\\/\\\/equipmentcontrols.com\\\/\"},{\"@type\":\"ListItem\",\"position\":2,\"name\":\"Shop\",\"item\":\"https:\\\/\\\/equipmentcontrols.com\\\/shop\\\/\"},{\"@type\":\"ListItem\",\"position\":3,\"name\":\"Pete&#8217;s Plug\u00ae Temperature &#038; Pressure Reading\"}]},{\"@type\":\"WebSite\",\"@id\":\"https:\\\/\\\/equipmentcontrols.com\\\/#website\",\"url\":\"https:\\\/\\\/equipmentcontrols.com\\\/\",\"name\":\"ECCO\",\"description\":\"Equipment Controls Company\",\"potentialAction\":[{\"@type\":\"SearchAction\",\"target\":{\"@type\":\"EntryPoint\",\"urlTemplate\":\"https:\\\/\\\/equipmentcontrols.com\\\/?s={search_term_string}\"},\"query-input\":{\"@type\":\"PropertyValueSpecification\",\"valueRequired\":true,\"valueName\":\"search_term_string\"}}],\"inLanguage\":\"fr-CA\"}]}<\/script>\n<!-- \/ Yoast SEO Premium plugin. -->","yoast_head_json":{"title":"Pete's Plug\u00ae Temperature & Pressure Reading - ECCO","description":"Excess Flow Valve # P41by Gas BreakerExcess Flow Valve Model P41 1 \"CTS .101 WALL, 3408, 12\" LONG, with Series 300 ValvePete's Plug II \u00ae allows you to take pressure or temperature readings quickly and eliminates the need for leaving costly gauges or temperature indicators on the line. Depending on the applications, the Pete's Plug can be operated to a maximum of 500 PSIG and 200\u00b0F or 275\u00b0F for neoprene or nordel respectively. Maximum working pressures of 1000 PSIG can be attained with neoprene or nordel at temperatures from 140\u00b0F to -20\u00b0F.","robots":{"index":"index","follow":"follow","max-snippet":"max-snippet:-1","max-image-preview":"max-image-preview:large","max-video-preview":"max-video-preview:-1"},"canonical":"https:\/\/equipmentcontrols.com\/fr\/produit\/petes-plug-temperature-pressure-reading\/","og_locale":"fr_CA","og_type":"article","og_title":"Pete's Plug\u00ae Temperature & Pressure Reading","og_description":"Excess Flow Valve # P41by Gas BreakerExcess Flow Valve Model P41 1 \"CTS .101 WALL, 3408, 12\" LONG, with Series 300 ValvePete's Plug II \u00ae allows you to take pressure or temperature readings quickly and eliminates the need for leaving costly gauges or temperature indicators on the line. Depending on the applications, the Pete's Plug can be operated to a maximum of 500 PSIG and 200\u00b0F or 275\u00b0F for neoprene or nordel respectively. Maximum working pressures of 1000 PSIG can be attained with neoprene or nordel at temperatures from 140\u00b0F to -20\u00b0F.","og_url":"https:\/\/equipmentcontrols.com\/fr\/produit\/petes-plug-temperature-pressure-reading\/","og_site_name":"ECCO","article_modified_time":"2020-05-11T15:02:18+00:00","og_image":[{"width":860,"height":860,"url":"https:\/\/equipmentcontrols.com\/wp-content\/uploads\/2020\/05\/IMAC-Petes-Plug.jpg","type":"image\/jpeg"}],"twitter_card":"summary_large_image","twitter_misc":{"Estimation du temps de lecture":"1 minute"},"schema":{"@context":"https:\/\/schema.org","@graph":[{"@type":"WebPage","@id":"https:\/\/equipmentcontrols.com\/product\/petes-plug-temperature-pressure-reading\/","url":"https:\/\/equipmentcontrols.com\/product\/petes-plug-temperature-pressure-reading\/","name":"Pete's Plug\u00ae Temperature & Pressure Reading - ECCO","isPartOf":{"@id":"https:\/\/equipmentcontrols.com\/#website"},"primaryImageOfPage":{"@id":"https:\/\/equipmentcontrols.com\/product\/petes-plug-temperature-pressure-reading\/#primaryimage"},"image":{"@id":"https:\/\/equipmentcontrols.com\/product\/petes-plug-temperature-pressure-reading\/#primaryimage"},"thumbnailUrl":"https:\/\/equipmentcontrols.com\/wp-content\/uploads\/2020\/05\/IMAC-Petes-Plug.jpg","datePublished":"2020-05-11T14:56:12+00:00","dateModified":"2020-05-11T15:02:18+00:00","description":"Excess Flow Valve # P41by Gas BreakerExcess Flow Valve Model P41 1 \"CTS .101 WALL, 3408, 12\" LONG, with Series 300 ValvePete's Plug II \u00ae allows you to take pressure or temperature readings quickly and eliminates the need for leaving costly gauges or temperature indicators on the line. Depending on the applications, the Pete's Plug can be operated to a maximum of 500 PSIG and 200\u00b0F or 275\u00b0F for neoprene or nordel respectively. Maximum working pressures of 1000 PSIG can be attained with neoprene or nordel at temperatures from 140\u00b0F to -20\u00b0F.","breadcrumb":{"@id":"https:\/\/equipmentcontrols.com\/product\/petes-plug-temperature-pressure-reading\/#breadcrumb"},"inLanguage":"fr-CA","potentialAction":[{"@type":"ReadAction","target":["https:\/\/equipmentcontrols.com\/product\/petes-plug-temperature-pressure-reading\/"]}]},{"@type":"ImageObject","inLanguage":"fr-CA","@id":"https:\/\/equipmentcontrols.com\/product\/petes-plug-temperature-pressure-reading\/#primaryimage","url":"https:\/\/equipmentcontrols.com\/wp-content\/uploads\/2020\/05\/IMAC-Petes-Plug.jpg","contentUrl":"https:\/\/equipmentcontrols.com\/wp-content\/uploads\/2020\/05\/IMAC-Petes-Plug.jpg","width":860,"height":860,"caption":"IMAC-Petes Plug"},{"@type":"BreadcrumbList","@id":"https:\/\/equipmentcontrols.com\/product\/petes-plug-temperature-pressure-reading\/#breadcrumb","itemListElement":[{"@type":"ListItem","position":1,"name":"Home","item":"https:\/\/equipmentcontrols.com\/"},{"@type":"ListItem","position":2,"name":"Shop","item":"https:\/\/equipmentcontrols.com\/shop\/"},{"@type":"ListItem","position":3,"name":"Pete&#8217;s Plug\u00ae Temperature &#038; Pressure Reading"}]},{"@type":"WebSite","@id":"https:\/\/equipmentcontrols.com\/#website","url":"https:\/\/equipmentcontrols.com\/","name":"ECCO","description":"Compagnie de contr\u00f4le d&#039;\u00e9quipement","potentialAction":[{"@type":"SearchAction","target":{"@type":"EntryPoint","urlTemplate":"https:\/\/equipmentcontrols.com\/?s={search_term_string}"},"query-input":{"@type":"PropertyValueSpecification","valueRequired":true,"valueName":"search_term_string"}}],"inLanguage":"fr-CA"}]}},"_links":{"self":[{"href":"https:\/\/equipmentcontrols.com\/fr\/wp-json\/wp\/v2\/product\/1196","targetHints":{"allow":["GET"]}}],"collection":[{"href":"https:\/\/equipmentcontrols.com\/fr\/wp-json\/wp\/v2\/product"}],"about":[{"href":"https:\/\/equipmentcontrols.com\/fr\/wp-json\/wp\/v2\/types\/product"}],"wp:featuredmedia":[{"embeddable":true,"href":"https:\/\/equipmentcontrols.com\/fr\/wp-json\/wp\/v2\/media\/1191"}],"wp:attachment":[{"href":"https:\/\/equipmentcontrols.com\/fr\/wp-json\/wp\/v2\/media?parent=1196"}],"wp:term":[{"taxonomy":"product_brand","embeddable":true,"href":"https:\/\/equipmentcontrols.com\/fr\/wp-json\/wp\/v2\/product_brand?post=1196"},{"taxonomy":"product_cat","embeddable":true,"href":"https:\/\/equipmentcontrols.com\/fr\/wp-json\/wp\/v2\/product_cat?post=1196"},{"taxonomy":"product_tag","embeddable":true,"href":"https:\/\/equipmentcontrols.com\/fr\/wp-json\/wp\/v2\/product_tag?post=1196"}],"curies":[{"name":"wp","href":"https:\/\/api.w.org\/{rel}","templated":true}]}}