{"id":1169,"date":"2020-05-10T23:16:48","date_gmt":"2020-05-10T23:16:48","guid":{"rendered":"https:\/\/econtrols.stagemysite.com\/?post_type=product&#038;p=1169"},"modified":"2020-05-14T17:17:50","modified_gmt":"2020-05-14T17:17:50","slug":"sensus-sentrypoint-bullhorn-rm4160","status":"publish","type":"product","link":"https:\/\/equipmentcontrols.com\/fr\/produit\/sensus-sentrypoint-bullhorn-rm4160\/","title":{"rendered":"SENSUS Sentrypoint Bullhorn RM4160"},"content":{"rendered":"<p><strong>SENSUS Sentrypoint Bullhorn RM4160<\/strong><\/p>\n<div id=\"description\" class=\"tab-content desktop-visible\">\n<p>Sensus et American Innovations se sont associ\u00e9s pour proposer un appareil qui mesure les charges CA et CC du redresseur et transmet ces donn\u00e9es sur le r\u00e9seau de communication FlexNet\u00ae. Le Bullhorn RM4160 couvre vos sections de tuyauterie prot\u00e9g\u00e9es contre le courant impos\u00e9, vous permettant de configurer des seuils haut et bas pour vous alerter des valeurs hors plage. Vous pouvez \u00e9galement utiliser l&#039;interruption de courant synchronis\u00e9e dans le temps pour les tests PHMSA Instant-Off.<\/p>\n<h4>Avantages:<\/h4>\n<ul>\n<li>S&#039;installe rapidement et discr\u00e8tement<\/li>\n<li>G\u00e9n\u00e8re des renseignements plus opportuns et exploitables<\/li>\n<li>Am\u00e9liore l&#039;efficacit\u00e9 op\u00e9rationnelle<\/li>\n<li>Solution rentable<\/li>\n<li>Amortissement rapide<\/li>\n<\/ul>\n<\/div>\n<p><strong>Traits:<\/strong><br \/>\n\u2022 Options de couverture scell\u00e9e et \u00e9tanche en polycarbonate ou NEMA<br \/>\n\u2022 Le corps mince se fixe au bo\u00eetier du redresseur<br \/>\n\u2022 Protection contre les surtensions int\u00e9gr\u00e9e et parasurtenseur haute \u00e9nergie en option<br \/>\n\u2022 Mesure la tension CA et CC avec une pr\u00e9cision de lecture d&#039;un pour cent<\/p>\n<p><strong>Caract\u00e9ristiques:<\/strong><br \/>\n\u2022\u00a0Dimensions de montage interne (bo\u00eetier en polycarbonate)\u00a0: 7,9\u00a0po x 5,0\u00a0po x 2,2\u00a0po<br \/>\n\u2022 Dimensions de montage externe (bo\u00eetier conforme NEMA 4X)\u00a0\u2013 4,0&quot; x 7,3&quot; x 12,4&quot;<\/p>\n<p><strong>T\u00e9l\u00e9chargements\u00a0:<\/strong><br \/>\n<a href=\"https:\/\/equipmentcontrols.com\/wp-content\/uploads\/2020\/05\/SentryPoint-Rectifier-Monitor-and-Controller-Data-Sheet.pdf\">Fiche technique SENSUS Sentrypoint Bullhorn RM4160<\/a><\/p>\n<p><a href=\"https:\/\/equipmentcontrols.com\/wp-content\/uploads\/2020\/04\/Sensus-Gas-Products-Catalog-04-13-20.pdf\">Brochure sur les produits de gaz Sensus<\/a><\/p>","protected":false},"excerpt":{"rendered":"<p>SENSUS Sentrypoint Bullhorn RM4160 Sensus and American Innovations teamed up to offer a device that measures rectifier AC and DC charges and transmits that data over the FlexNet\u00ae communication network. The Bullhorn RM4160 covers your impressed current-protected pipe sections, allowing you to configure high and low thresholds to alert you to out-of-range values. You can [&hellip;]<\/p>\n","protected":false},"featured_media":1068,"template":"","meta":[],"product_brand":[],"product_cat":[41,45,61],"product_tag":[],"class_list":{"0":"post-1169","1":"product","2":"type-product","3":"status-publish","4":"has-post-thumbnail","6":"product_cat-ami","7":"product_cat-sensus","8":"product_cat-sensus-flexnet","10":"first","11":"instock","12":"shipping-taxable","13":"product-type-simple"},"yoast_head":"<!-- This site is optimized with the Yoast SEO Premium plugin v23.9 (Yoast SEO v27.5) - https:\/\/yoast.com\/product\/yoast-seo-premium-wordpress\/ -->\n<title>SENSUS Sentrypoint Bullhorn RM4160 - ECCO<\/title>\n<meta name=\"description\" content=\"SENSUS Sentrypoint Bullhorn RM4160Sensus and American Innovations teamed up to offer a device that measures rectifier AC and DC charges and transmits that data over the FlexNet\u00ae communication network. The Bullhorn RM4160 covers your impressed current-protected pipe sections, allowing you to configure high and low thresholds to alert you to out-of-range values. You can also use time-synchronized current interruption for PHMSA Instant-Off tests.\" \/>\n<meta name=\"robots\" content=\"index, follow, max-snippet:-1, max-image-preview:large, max-video-preview:-1\" \/>\n<link rel=\"canonical\" href=\"https:\/\/equipmentcontrols.com\/fr\/produit\/sensus-sentrypoint-bullhorn-rm4160\/\" \/>\n<meta property=\"og:locale\" content=\"fr_CA\" \/>\n<meta property=\"og:type\" content=\"article\" \/>\n<meta property=\"og:title\" content=\"SENSUS Sentrypoint Bullhorn RM4160\" \/>\n<meta property=\"og:description\" content=\"SENSUS Sentrypoint Bullhorn RM4160Sensus and American Innovations teamed up to offer a device that measures rectifier AC and DC charges and transmits that data over the FlexNet\u00ae communication network. The Bullhorn RM4160 covers your impressed current-protected pipe sections, allowing you to configure high and low thresholds to alert you to out-of-range values. You can also use time-synchronized current interruption for PHMSA Instant-Off tests.\" \/>\n<meta property=\"og:url\" content=\"https:\/\/equipmentcontrols.com\/fr\/produit\/sensus-sentrypoint-bullhorn-rm4160\/\" \/>\n<meta property=\"og:site_name\" content=\"ECCO\" \/>\n<meta property=\"article:modified_time\" content=\"2020-05-14T17:17:50+00:00\" \/>\n<meta property=\"og:image\" content=\"https:\/\/equipmentcontrols.com\/wp-content\/uploads\/2020\/05\/SENSUS-Sentrypoint-Bullhorn-RM4160.jpg\" \/>\n\t<meta property=\"og:image:width\" content=\"860\" \/>\n\t<meta property=\"og:image:height\" content=\"860\" \/>\n\t<meta property=\"og:image:type\" content=\"image\/jpeg\" \/>\n<meta name=\"twitter:card\" content=\"summary_large_image\" \/>\n<meta name=\"twitter:label1\" content=\"Estimation du temps de lecture\" \/>\n\t<meta name=\"twitter:data1\" content=\"1 minute\" \/>\n<script type=\"application\/ld+json\" class=\"yoast-schema-graph\">{\"@context\":\"https:\\\/\\\/schema.org\",\"@graph\":[{\"@type\":\"WebPage\",\"@id\":\"https:\\\/\\\/equipmentcontrols.com\\\/product\\\/sensus-sentrypoint-bullhorn-rm4160\\\/\",\"url\":\"https:\\\/\\\/equipmentcontrols.com\\\/product\\\/sensus-sentrypoint-bullhorn-rm4160\\\/\",\"name\":\"SENSUS Sentrypoint Bullhorn RM4160 - ECCO\",\"isPartOf\":{\"@id\":\"https:\\\/\\\/equipmentcontrols.com\\\/#website\"},\"primaryImageOfPage\":{\"@id\":\"https:\\\/\\\/equipmentcontrols.com\\\/product\\\/sensus-sentrypoint-bullhorn-rm4160\\\/#primaryimage\"},\"image\":{\"@id\":\"https:\\\/\\\/equipmentcontrols.com\\\/product\\\/sensus-sentrypoint-bullhorn-rm4160\\\/#primaryimage\"},\"thumbnailUrl\":\"https:\\\/\\\/equipmentcontrols.com\\\/wp-content\\\/uploads\\\/2020\\\/05\\\/SENSUS-Sentrypoint-Bullhorn-RM4160.jpg\",\"datePublished\":\"2020-05-10T23:16:48+00:00\",\"dateModified\":\"2020-05-14T17:17:50+00:00\",\"description\":\"SENSUS Sentrypoint Bullhorn RM4160Sensus and American Innovations teamed up to offer a device that measures rectifier AC and DC charges and transmits that data over the FlexNet\u00ae communication network. The Bullhorn RM4160 covers your impressed current-protected pipe sections, allowing you to configure high and low thresholds to alert you to out-of-range values. You can also use time-synchronized current interruption for PHMSA Instant-Off tests.\",\"breadcrumb\":{\"@id\":\"https:\\\/\\\/equipmentcontrols.com\\\/product\\\/sensus-sentrypoint-bullhorn-rm4160\\\/#breadcrumb\"},\"inLanguage\":\"fr-CA\",\"potentialAction\":[{\"@type\":\"ReadAction\",\"target\":[\"https:\\\/\\\/equipmentcontrols.com\\\/product\\\/sensus-sentrypoint-bullhorn-rm4160\\\/\"]}]},{\"@type\":\"ImageObject\",\"inLanguage\":\"fr-CA\",\"@id\":\"https:\\\/\\\/equipmentcontrols.com\\\/product\\\/sensus-sentrypoint-bullhorn-rm4160\\\/#primaryimage\",\"url\":\"https:\\\/\\\/equipmentcontrols.com\\\/wp-content\\\/uploads\\\/2020\\\/05\\\/SENSUS-Sentrypoint-Bullhorn-RM4160.jpg\",\"contentUrl\":\"https:\\\/\\\/equipmentcontrols.com\\\/wp-content\\\/uploads\\\/2020\\\/05\\\/SENSUS-Sentrypoint-Bullhorn-RM4160.jpg\",\"width\":860,\"height\":860,\"caption\":\"SENSUS Sentrypoint Bullhorn RM4160\"},{\"@type\":\"BreadcrumbList\",\"@id\":\"https:\\\/\\\/equipmentcontrols.com\\\/product\\\/sensus-sentrypoint-bullhorn-rm4160\\\/#breadcrumb\",\"itemListElement\":[{\"@type\":\"ListItem\",\"position\":1,\"name\":\"Home\",\"item\":\"https:\\\/\\\/equipmentcontrols.com\\\/\"},{\"@type\":\"ListItem\",\"position\":2,\"name\":\"Shop\",\"item\":\"https:\\\/\\\/equipmentcontrols.com\\\/shop\\\/\"},{\"@type\":\"ListItem\",\"position\":3,\"name\":\"SENSUS Sentrypoint Bullhorn RM4160\"}]},{\"@type\":\"WebSite\",\"@id\":\"https:\\\/\\\/equipmentcontrols.com\\\/#website\",\"url\":\"https:\\\/\\\/equipmentcontrols.com\\\/\",\"name\":\"ECCO\",\"description\":\"Equipment Controls Company\",\"potentialAction\":[{\"@type\":\"SearchAction\",\"target\":{\"@type\":\"EntryPoint\",\"urlTemplate\":\"https:\\\/\\\/equipmentcontrols.com\\\/?s={search_term_string}\"},\"query-input\":{\"@type\":\"PropertyValueSpecification\",\"valueRequired\":true,\"valueName\":\"search_term_string\"}}],\"inLanguage\":\"fr-CA\"}]}<\/script>\n<!-- \/ Yoast SEO Premium plugin. -->","yoast_head_json":{"title":"SENSUS Sentrypoint Bullhorn RM4160 - ECCO","description":"SENSUS Sentrypoint Bullhorn RM4160Sensus and American Innovations teamed up to offer a device that measures rectifier AC and DC charges and transmits that data over the FlexNet\u00ae communication network. The Bullhorn RM4160 covers your impressed current-protected pipe sections, allowing you to configure high and low thresholds to alert you to out-of-range values. You can also use time-synchronized current interruption for PHMSA Instant-Off tests.","robots":{"index":"index","follow":"follow","max-snippet":"max-snippet:-1","max-image-preview":"max-image-preview:large","max-video-preview":"max-video-preview:-1"},"canonical":"https:\/\/equipmentcontrols.com\/fr\/produit\/sensus-sentrypoint-bullhorn-rm4160\/","og_locale":"fr_CA","og_type":"article","og_title":"SENSUS Sentrypoint Bullhorn RM4160","og_description":"SENSUS Sentrypoint Bullhorn RM4160Sensus and American Innovations teamed up to offer a device that measures rectifier AC and DC charges and transmits that data over the FlexNet\u00ae communication network. The Bullhorn RM4160 covers your impressed current-protected pipe sections, allowing you to configure high and low thresholds to alert you to out-of-range values. You can also use time-synchronized current interruption for PHMSA Instant-Off tests.","og_url":"https:\/\/equipmentcontrols.com\/fr\/produit\/sensus-sentrypoint-bullhorn-rm4160\/","og_site_name":"ECCO","article_modified_time":"2020-05-14T17:17:50+00:00","og_image":[{"width":860,"height":860,"url":"https:\/\/equipmentcontrols.com\/wp-content\/uploads\/2020\/05\/SENSUS-Sentrypoint-Bullhorn-RM4160.jpg","type":"image\/jpeg"}],"twitter_card":"summary_large_image","twitter_misc":{"Estimation du temps de lecture":"1 minute"},"schema":{"@context":"https:\/\/schema.org","@graph":[{"@type":"WebPage","@id":"https:\/\/equipmentcontrols.com\/product\/sensus-sentrypoint-bullhorn-rm4160\/","url":"https:\/\/equipmentcontrols.com\/product\/sensus-sentrypoint-bullhorn-rm4160\/","name":"SENSUS Sentrypoint Bullhorn RM4160 - ECCO","isPartOf":{"@id":"https:\/\/equipmentcontrols.com\/#website"},"primaryImageOfPage":{"@id":"https:\/\/equipmentcontrols.com\/product\/sensus-sentrypoint-bullhorn-rm4160\/#primaryimage"},"image":{"@id":"https:\/\/equipmentcontrols.com\/product\/sensus-sentrypoint-bullhorn-rm4160\/#primaryimage"},"thumbnailUrl":"https:\/\/equipmentcontrols.com\/wp-content\/uploads\/2020\/05\/SENSUS-Sentrypoint-Bullhorn-RM4160.jpg","datePublished":"2020-05-10T23:16:48+00:00","dateModified":"2020-05-14T17:17:50+00:00","description":"SENSUS Sentrypoint Bullhorn RM4160Sensus and American Innovations teamed up to offer a device that measures rectifier AC and DC charges and transmits that data over the FlexNet\u00ae communication network. The Bullhorn RM4160 covers your impressed current-protected pipe sections, allowing you to configure high and low thresholds to alert you to out-of-range values. You can also use time-synchronized current interruption for PHMSA Instant-Off tests.","breadcrumb":{"@id":"https:\/\/equipmentcontrols.com\/product\/sensus-sentrypoint-bullhorn-rm4160\/#breadcrumb"},"inLanguage":"fr-CA","potentialAction":[{"@type":"ReadAction","target":["https:\/\/equipmentcontrols.com\/product\/sensus-sentrypoint-bullhorn-rm4160\/"]}]},{"@type":"ImageObject","inLanguage":"fr-CA","@id":"https:\/\/equipmentcontrols.com\/product\/sensus-sentrypoint-bullhorn-rm4160\/#primaryimage","url":"https:\/\/equipmentcontrols.com\/wp-content\/uploads\/2020\/05\/SENSUS-Sentrypoint-Bullhorn-RM4160.jpg","contentUrl":"https:\/\/equipmentcontrols.com\/wp-content\/uploads\/2020\/05\/SENSUS-Sentrypoint-Bullhorn-RM4160.jpg","width":860,"height":860,"caption":"SENSUS Sentrypoint Bullhorn RM4160"},{"@type":"BreadcrumbList","@id":"https:\/\/equipmentcontrols.com\/product\/sensus-sentrypoint-bullhorn-rm4160\/#breadcrumb","itemListElement":[{"@type":"ListItem","position":1,"name":"Home","item":"https:\/\/equipmentcontrols.com\/"},{"@type":"ListItem","position":2,"name":"Shop","item":"https:\/\/equipmentcontrols.com\/shop\/"},{"@type":"ListItem","position":3,"name":"SENSUS Sentrypoint Bullhorn RM4160"}]},{"@type":"WebSite","@id":"https:\/\/equipmentcontrols.com\/#website","url":"https:\/\/equipmentcontrols.com\/","name":"ECCO","description":"Compagnie de contr\u00f4le d&#039;\u00e9quipement","potentialAction":[{"@type":"SearchAction","target":{"@type":"EntryPoint","urlTemplate":"https:\/\/equipmentcontrols.com\/?s={search_term_string}"},"query-input":{"@type":"PropertyValueSpecification","valueRequired":true,"valueName":"search_term_string"}}],"inLanguage":"fr-CA"}]}},"_links":{"self":[{"href":"https:\/\/equipmentcontrols.com\/fr\/wp-json\/wp\/v2\/product\/1169","targetHints":{"allow":["GET"]}}],"collection":[{"href":"https:\/\/equipmentcontrols.com\/fr\/wp-json\/wp\/v2\/product"}],"about":[{"href":"https:\/\/equipmentcontrols.com\/fr\/wp-json\/wp\/v2\/types\/product"}],"wp:featuredmedia":[{"embeddable":true,"href":"https:\/\/equipmentcontrols.com\/fr\/wp-json\/wp\/v2\/media\/1068"}],"wp:attachment":[{"href":"https:\/\/equipmentcontrols.com\/fr\/wp-json\/wp\/v2\/media?parent=1169"}],"wp:term":[{"taxonomy":"product_brand","embeddable":true,"href":"https:\/\/equipmentcontrols.com\/fr\/wp-json\/wp\/v2\/product_brand?post=1169"},{"taxonomy":"product_cat","embeddable":true,"href":"https:\/\/equipmentcontrols.com\/fr\/wp-json\/wp\/v2\/product_cat?post=1169"},{"taxonomy":"product_tag","embeddable":true,"href":"https:\/\/equipmentcontrols.com\/fr\/wp-json\/wp\/v2\/product_tag?post=1169"}],"curies":[{"name":"wp","href":"https:\/\/api.w.org\/{rel}","templated":true}]}}