{"id":1163,"date":"2020-05-10T22:38:45","date_gmt":"2020-05-10T22:38:45","guid":{"rendered":"https:\/\/econtrols.stagemysite.com\/?post_type=product&#038;p=1163"},"modified":"2021-05-11T18:52:16","modified_gmt":"2021-05-11T18:52:16","slug":"sensus-auto-adjust-ii-turbo-meters","status":"publish","type":"product","link":"https:\/\/equipmentcontrols.com\/fr\/produit\/sensus-auto-adjust-ii-turbo-meters\/","title":{"rendered":"Turbom\u00e8tres Sensus Auto-Adjust\u00ae II"},"content":{"rendered":"<p><strong>Turbom\u00e8tres Sensus Auto-Adjust\u00ae II<\/strong><\/p>\n<div id=\"description\" class=\"tab-content desktop-visible\">\n<p><strong>La technologie de compteur \u00e0 turbine \u00e0 gaz la plus avanc\u00e9e jamais produite<\/strong><\/p>\n<p>Offrez une mesure de gaz \u00e0 volume \u00e9lev\u00e9 in\u00e9gal\u00e9e avec le d\u00e9bitm\u00e8tre turbo Auto-Adjust\u00ae II (AAT). Il comporte des rotors \u00e0 double d\u00e9tection et des algorithmes brevet\u00e9s qui fonctionnent en partenariat pour d\u00e9tecter et ajuster les changements dans les conditions de d\u00e9bit de gaz, tels que les jets, les pulsations et les tourbillons. Ils peuvent \u00e9galement s&#039;adapter \u00e0 la tra\u00een\u00e9e caus\u00e9e par l&#039;usure ou la contamination des composants. En fait, la pr\u00e9cision du compteur Auto-Adjust II est de +\/- 1,0% sur toute la plage de fonctionnement du compteur \u00e0 turbine \u00e0 gaz.<\/p>\n<p>Utilisant la m\u00eame conception \u00e0 entr\u00e9e par le haut de nos compteurs turbo Mark II, le module de mesure de l&#039;AAT peut \u00eatre chang\u00e9, recalibr\u00e9 ou mis \u00e0 niveau sans retirer le corps du compteur de la ligne. Cela permet d&#039;\u00e9viter les temps d&#039;arr\u00eat co\u00fbteux et les pertes de revenus. Le compteur AAT poss\u00e8de des fonctions d&#039;auto-v\u00e9rification uniques. Vous pouvez ainsi fournir une surveillance \u00e0 pr\u00e9cision constante et des diagnostics sur le terrain en ligne, un bon moyen d&#039;\u00e9conomiser des sommes importantes en termes de maintenance.<\/p>\n<p>Les modules us\u00e9s peuvent \u00eatre renvoy\u00e9s \u00e0 notre usine de fabrication pour \u00eatre remis \u00e0 neuf. L\u00e0, les unit\u00e9s sont nettoy\u00e9es et reconstruites \u00e0 l&#039;aide de pi\u00e8ces d&#039;\u00e9quipement d&#039;origine. Ils sont enti\u00e8rement test\u00e9s et garantis pour assurer un fonctionnement fiable.<\/p>\n<p>Aucune autre technologie de compteur \u00e0 turbine \u00e0 gaz n&#039;offre la pr\u00e9cision d&#039;auto-v\u00e9rification, la facilit\u00e9 d&#039;entretien et la certitude de mesure continue que l&#039;Auto-Adjust II.<\/p>\n<h4>Avantages:<\/h4>\n<ul>\n<li>Avertit les utilisateurs des conditions instables en amont et des installations inacceptables<\/li>\n<li>Permet la surveillance \u00e0 distance de la pr\u00e9cision du syst\u00e8me de mesure<\/li>\n<li>Permet la totalisation \u00e0 distance des volumes ajust\u00e9s et corrig\u00e9s<\/li>\n<li>R\u00e9duit le nombre de visites de site de maintenance et de test<\/li>\n<\/ul>\n<\/div>\n<p><strong>Traits:<\/strong><br \/>\n\u2022 Technologie \u00e0 double turbine<br \/>\n\u2022 Module de mesure amovible<br \/>\n\u2022 \u00c9conomies de pr\u00e9cision<br \/>\n\u2022 \u00c9conomies d&#039;entretien<br \/>\n\u2022 Conception \u00e0 r\u00e9glage automatique<br \/>\n\u2022 Algorithme d&#039;auto-v\u00e9rification et d&#039;auto-ajustement<br \/>\n\u2022 Mises \u00e0 niveau et personnalisation faciles<\/p>\n<p><strong>Caract\u00e9ristiques:<\/strong><\/p>\n<p><strong>Mod\u00e8les et tailles\u00a0:<\/strong><\/p>\n<ul>\n<li>AAT-18\u00a0: 4&quot; (G250\/DN100)<\/li>\n<li>AAT-27\u00a0: 4&quot; (G400\/DN100)<\/li>\n<li>AAT-35\u00a0: 6&quot; (G650\/DN150)<\/li>\n<li>AAT-57\u00a0: 6&quot; (G1000\/DN150)<\/li>\n<li>AAT-60\u00a0: 8&quot; (G1000\/DN200)<\/li>\n<li>AAT-90\u00a0: 8&quot; (G1600\/DN200)<\/li>\n<li>AAT-140\u00a0: 12&quot; (G2500\/DN300)<\/li>\n<li>AAT-230\u00a0: 12&quot; (G4000\/DN300)<\/li>\n<\/ul>\n<p><strong>T\u00e9l\u00e9chargements\u00a0:<\/strong><br \/>\n<a href=\"https:\/\/equipmentcontrols.com\/wp-content\/uploads\/2021\/05\/Auto-Adjust-II-Turbo-Meter-Design-and-Construction-4-2021.pdf\">Fiche technique des compteurs Turbo Auto Adjust II<\/a><\/p>\n<p><a href=\"https:\/\/equipmentcontrols.com\/wp-content\/uploads\/2020\/04\/Sensus-Gas-Products-Catalog-04-13-20.pdf\">Brochure sur les produits de gaz Sensus<\/a><\/p>\n<p>&nbsp;<\/p>","protected":false},"excerpt":{"rendered":"<p>Sensus Auto-Adjust\u00ae II Turbo Meters The Most Advanced Gas Turbine Meter Technology Ever Produced Deliver unparalleled high volume gas measurement with the Auto-Adjust\u00ae II turbo meter (AAT). It features dual sensing rotors and patented algorithms that work in partnership to detect and adjust for changes in gas flow conditions, such as jetting, pulsation and swirl. [&hellip;]<\/p>\n","protected":false},"featured_media":1066,"template":"","meta":[],"product_brand":[],"product_cat":[21,45],"product_tag":[],"class_list":{"0":"post-1163","1":"product","2":"type-product","3":"status-publish","4":"has-post-thumbnail","6":"product_cat-gas-meters","7":"product_cat-sensus","9":"first","10":"instock","11":"shipping-taxable","12":"product-type-simple"},"yoast_head":"<!-- This site is optimized with the Yoast SEO Premium plugin v23.9 (Yoast SEO v27.3) - https:\/\/yoast.com\/product\/yoast-seo-premium-wordpress\/ -->\n<title>Sensus Auto-Adjust\u00ae II Turbo Meters - ECCO<\/title>\n<meta name=\"description\" content=\"Sensus Auto-Adjust\u00ae II Turbo MetersThe Most Advanced Gas Turbine Meter Technology Ever ProducedDeliver unparalleled high volume gas measurement with the Auto-Adjust\u00ae II turbo meter (AAT). It features dual sensing rotors and patented algorithms that work in partnership to detect and adjust for changes in gas flow conditions, such as jetting, pulsation and swirl. They can also adjust for drag caused by component wear or contamination. In fact, Auto-Adjust II meter accuracy is +\/- 1.0% over the entire operating range of the\u00a0gas turbine meter.\" \/>\n<meta name=\"robots\" content=\"index, follow, max-snippet:-1, max-image-preview:large, max-video-preview:-1\" \/>\n<link rel=\"canonical\" href=\"https:\/\/equipmentcontrols.com\/fr\/produit\/sensus-auto-adjust-ii-turbo-meters\/\" \/>\n<meta property=\"og:locale\" content=\"fr_CA\" \/>\n<meta property=\"og:type\" content=\"article\" \/>\n<meta property=\"og:title\" content=\"Sensus Auto-Adjust\u00ae II Turbo Meters\" \/>\n<meta property=\"og:description\" content=\"Sensus Auto-Adjust\u00ae II Turbo MetersThe Most Advanced Gas Turbine Meter Technology Ever ProducedDeliver unparalleled high volume gas measurement with the Auto-Adjust\u00ae II turbo meter (AAT). It features dual sensing rotors and patented algorithms that work in partnership to detect and adjust for changes in gas flow conditions, such as jetting, pulsation and swirl. They can also adjust for drag caused by component wear or contamination. In fact, Auto-Adjust II meter accuracy is +\/- 1.0% over the entire operating range of the\u00a0gas turbine meter.\" \/>\n<meta property=\"og:url\" content=\"https:\/\/equipmentcontrols.com\/fr\/produit\/sensus-auto-adjust-ii-turbo-meters\/\" \/>\n<meta property=\"og:site_name\" content=\"ECCO\" \/>\n<meta property=\"article:modified_time\" content=\"2021-05-11T18:52:16+00:00\" \/>\n<meta property=\"og:image\" content=\"https:\/\/equipmentcontrols.com\/wp-content\/uploads\/2020\/05\/SENSUS-Auto-Adjust-II.jpg\" \/>\n\t<meta property=\"og:image:width\" content=\"860\" \/>\n\t<meta property=\"og:image:height\" content=\"860\" \/>\n\t<meta property=\"og:image:type\" content=\"image\/jpeg\" \/>\n<meta name=\"twitter:card\" content=\"summary_large_image\" \/>\n<meta name=\"twitter:label1\" content=\"Estimation du temps de lecture\" \/>\n\t<meta name=\"twitter:data1\" content=\"2 minutes\" \/>\n<script type=\"application\/ld+json\" class=\"yoast-schema-graph\">{\"@context\":\"https:\\\/\\\/schema.org\",\"@graph\":[{\"@type\":\"WebPage\",\"@id\":\"https:\\\/\\\/equipmentcontrols.com\\\/product\\\/sensus-auto-adjust-ii-turbo-meters\\\/\",\"url\":\"https:\\\/\\\/equipmentcontrols.com\\\/product\\\/sensus-auto-adjust-ii-turbo-meters\\\/\",\"name\":\"Sensus Auto-Adjust\u00ae II Turbo Meters - ECCO\",\"isPartOf\":{\"@id\":\"https:\\\/\\\/equipmentcontrols.com\\\/#website\"},\"primaryImageOfPage\":{\"@id\":\"https:\\\/\\\/equipmentcontrols.com\\\/product\\\/sensus-auto-adjust-ii-turbo-meters\\\/#primaryimage\"},\"image\":{\"@id\":\"https:\\\/\\\/equipmentcontrols.com\\\/product\\\/sensus-auto-adjust-ii-turbo-meters\\\/#primaryimage\"},\"thumbnailUrl\":\"https:\\\/\\\/equipmentcontrols.com\\\/wp-content\\\/uploads\\\/2020\\\/05\\\/SENSUS-Auto-Adjust-II.jpg\",\"datePublished\":\"2020-05-10T22:38:45+00:00\",\"dateModified\":\"2021-05-11T18:52:16+00:00\",\"description\":\"Sensus Auto-Adjust\u00ae II Turbo MetersThe Most Advanced Gas Turbine Meter Technology Ever ProducedDeliver unparalleled high volume gas measurement with the Auto-Adjust\u00ae II turbo meter (AAT). It features dual sensing rotors and patented algorithms that work in partnership to detect and adjust for changes in gas flow conditions, such as jetting, pulsation and swirl. They can also adjust for drag caused by component wear or contamination. In fact, Auto-Adjust II meter accuracy is +\\\/- 1.0% over the entire operating range of the\u00a0gas turbine meter.\",\"breadcrumb\":{\"@id\":\"https:\\\/\\\/equipmentcontrols.com\\\/product\\\/sensus-auto-adjust-ii-turbo-meters\\\/#breadcrumb\"},\"inLanguage\":\"fr-CA\",\"potentialAction\":[{\"@type\":\"ReadAction\",\"target\":[\"https:\\\/\\\/equipmentcontrols.com\\\/product\\\/sensus-auto-adjust-ii-turbo-meters\\\/\"]}]},{\"@type\":\"ImageObject\",\"inLanguage\":\"fr-CA\",\"@id\":\"https:\\\/\\\/equipmentcontrols.com\\\/product\\\/sensus-auto-adjust-ii-turbo-meters\\\/#primaryimage\",\"url\":\"https:\\\/\\\/equipmentcontrols.com\\\/wp-content\\\/uploads\\\/2020\\\/05\\\/SENSUS-Auto-Adjust-II.jpg\",\"contentUrl\":\"https:\\\/\\\/equipmentcontrols.com\\\/wp-content\\\/uploads\\\/2020\\\/05\\\/SENSUS-Auto-Adjust-II.jpg\",\"width\":860,\"height\":860,\"caption\":\"SENSUS Auto-Adjust II\"},{\"@type\":\"BreadcrumbList\",\"@id\":\"https:\\\/\\\/equipmentcontrols.com\\\/product\\\/sensus-auto-adjust-ii-turbo-meters\\\/#breadcrumb\",\"itemListElement\":[{\"@type\":\"ListItem\",\"position\":1,\"name\":\"Home\",\"item\":\"https:\\\/\\\/equipmentcontrols.com\\\/\"},{\"@type\":\"ListItem\",\"position\":2,\"name\":\"Shop\",\"item\":\"https:\\\/\\\/equipmentcontrols.com\\\/shop\\\/\"},{\"@type\":\"ListItem\",\"position\":3,\"name\":\"Sensus Auto-Adjust\u00ae II Turbo Meters\"}]},{\"@type\":\"WebSite\",\"@id\":\"https:\\\/\\\/equipmentcontrols.com\\\/#website\",\"url\":\"https:\\\/\\\/equipmentcontrols.com\\\/\",\"name\":\"ECCO\",\"description\":\"Equipment Controls Company\",\"potentialAction\":[{\"@type\":\"SearchAction\",\"target\":{\"@type\":\"EntryPoint\",\"urlTemplate\":\"https:\\\/\\\/equipmentcontrols.com\\\/?s={search_term_string}\"},\"query-input\":{\"@type\":\"PropertyValueSpecification\",\"valueRequired\":true,\"valueName\":\"search_term_string\"}}],\"inLanguage\":\"fr-CA\"}]}<\/script>\n<!-- \/ Yoast SEO Premium plugin. -->","yoast_head_json":{"title":"Sensus Auto-Adjust\u00ae II Turbo Meters - ECCO","description":"Sensus Auto-Adjust\u00ae II Turbo MetersThe Most Advanced Gas Turbine Meter Technology Ever ProducedDeliver unparalleled high volume gas measurement with the Auto-Adjust\u00ae II turbo meter (AAT). It features dual sensing rotors and patented algorithms that work in partnership to detect and adjust for changes in gas flow conditions, such as jetting, pulsation and swirl. They can also adjust for drag caused by component wear or contamination. In fact, Auto-Adjust II meter accuracy is +\/- 1.0% over the entire operating range of the\u00a0gas turbine meter.","robots":{"index":"index","follow":"follow","max-snippet":"max-snippet:-1","max-image-preview":"max-image-preview:large","max-video-preview":"max-video-preview:-1"},"canonical":"https:\/\/equipmentcontrols.com\/fr\/produit\/sensus-auto-adjust-ii-turbo-meters\/","og_locale":"fr_CA","og_type":"article","og_title":"Sensus Auto-Adjust\u00ae II Turbo Meters","og_description":"Sensus Auto-Adjust\u00ae II Turbo MetersThe Most Advanced Gas Turbine Meter Technology Ever ProducedDeliver unparalleled high volume gas measurement with the Auto-Adjust\u00ae II turbo meter (AAT). It features dual sensing rotors and patented algorithms that work in partnership to detect and adjust for changes in gas flow conditions, such as jetting, pulsation and swirl. They can also adjust for drag caused by component wear or contamination. In fact, Auto-Adjust II meter accuracy is +\/- 1.0% over the entire operating range of the\u00a0gas turbine meter.","og_url":"https:\/\/equipmentcontrols.com\/fr\/produit\/sensus-auto-adjust-ii-turbo-meters\/","og_site_name":"ECCO","article_modified_time":"2021-05-11T18:52:16+00:00","og_image":[{"width":860,"height":860,"url":"https:\/\/equipmentcontrols.com\/wp-content\/uploads\/2020\/05\/SENSUS-Auto-Adjust-II.jpg","type":"image\/jpeg"}],"twitter_card":"summary_large_image","twitter_misc":{"Estimation du temps de lecture":"2 minutes"},"schema":{"@context":"https:\/\/schema.org","@graph":[{"@type":"WebPage","@id":"https:\/\/equipmentcontrols.com\/product\/sensus-auto-adjust-ii-turbo-meters\/","url":"https:\/\/equipmentcontrols.com\/product\/sensus-auto-adjust-ii-turbo-meters\/","name":"Sensus Auto-Adjust\u00ae II Turbo Meters - ECCO","isPartOf":{"@id":"https:\/\/equipmentcontrols.com\/#website"},"primaryImageOfPage":{"@id":"https:\/\/equipmentcontrols.com\/product\/sensus-auto-adjust-ii-turbo-meters\/#primaryimage"},"image":{"@id":"https:\/\/equipmentcontrols.com\/product\/sensus-auto-adjust-ii-turbo-meters\/#primaryimage"},"thumbnailUrl":"https:\/\/equipmentcontrols.com\/wp-content\/uploads\/2020\/05\/SENSUS-Auto-Adjust-II.jpg","datePublished":"2020-05-10T22:38:45+00:00","dateModified":"2021-05-11T18:52:16+00:00","description":"Sensus Auto-Adjust\u00ae II Turbo MetersThe Most Advanced Gas Turbine Meter Technology Ever ProducedDeliver unparalleled high volume gas measurement with the Auto-Adjust\u00ae II turbo meter (AAT). It features dual sensing rotors and patented algorithms that work in partnership to detect and adjust for changes in gas flow conditions, such as jetting, pulsation and swirl. They can also adjust for drag caused by component wear or contamination. In fact, Auto-Adjust II meter accuracy is +\/- 1.0% over the entire operating range of the\u00a0gas turbine meter.","breadcrumb":{"@id":"https:\/\/equipmentcontrols.com\/product\/sensus-auto-adjust-ii-turbo-meters\/#breadcrumb"},"inLanguage":"fr-CA","potentialAction":[{"@type":"ReadAction","target":["https:\/\/equipmentcontrols.com\/product\/sensus-auto-adjust-ii-turbo-meters\/"]}]},{"@type":"ImageObject","inLanguage":"fr-CA","@id":"https:\/\/equipmentcontrols.com\/product\/sensus-auto-adjust-ii-turbo-meters\/#primaryimage","url":"https:\/\/equipmentcontrols.com\/wp-content\/uploads\/2020\/05\/SENSUS-Auto-Adjust-II.jpg","contentUrl":"https:\/\/equipmentcontrols.com\/wp-content\/uploads\/2020\/05\/SENSUS-Auto-Adjust-II.jpg","width":860,"height":860,"caption":"SENSUS Auto-Adjust II"},{"@type":"BreadcrumbList","@id":"https:\/\/equipmentcontrols.com\/product\/sensus-auto-adjust-ii-turbo-meters\/#breadcrumb","itemListElement":[{"@type":"ListItem","position":1,"name":"Home","item":"https:\/\/equipmentcontrols.com\/"},{"@type":"ListItem","position":2,"name":"Shop","item":"https:\/\/equipmentcontrols.com\/shop\/"},{"@type":"ListItem","position":3,"name":"Sensus Auto-Adjust\u00ae II Turbo Meters"}]},{"@type":"WebSite","@id":"https:\/\/equipmentcontrols.com\/#website","url":"https:\/\/equipmentcontrols.com\/","name":"ECCO","description":"Compagnie de contr\u00f4le d&#039;\u00e9quipement","potentialAction":[{"@type":"SearchAction","target":{"@type":"EntryPoint","urlTemplate":"https:\/\/equipmentcontrols.com\/?s={search_term_string}"},"query-input":{"@type":"PropertyValueSpecification","valueRequired":true,"valueName":"search_term_string"}}],"inLanguage":"fr-CA"}]}},"_links":{"self":[{"href":"https:\/\/equipmentcontrols.com\/fr\/wp-json\/wp\/v2\/product\/1163","targetHints":{"allow":["GET"]}}],"collection":[{"href":"https:\/\/equipmentcontrols.com\/fr\/wp-json\/wp\/v2\/product"}],"about":[{"href":"https:\/\/equipmentcontrols.com\/fr\/wp-json\/wp\/v2\/types\/product"}],"wp:featuredmedia":[{"embeddable":true,"href":"https:\/\/equipmentcontrols.com\/fr\/wp-json\/wp\/v2\/media\/1066"}],"wp:attachment":[{"href":"https:\/\/equipmentcontrols.com\/fr\/wp-json\/wp\/v2\/media?parent=1163"}],"wp:term":[{"taxonomy":"product_brand","embeddable":true,"href":"https:\/\/equipmentcontrols.com\/fr\/wp-json\/wp\/v2\/product_brand?post=1163"},{"taxonomy":"product_cat","embeddable":true,"href":"https:\/\/equipmentcontrols.com\/fr\/wp-json\/wp\/v2\/product_cat?post=1163"},{"taxonomy":"product_tag","embeddable":true,"href":"https:\/\/equipmentcontrols.com\/fr\/wp-json\/wp\/v2\/product_tag?post=1163"}],"curies":[{"name":"wp","href":"https:\/\/api.w.org\/{rel}","templated":true}]}}