{"id":1162,"date":"2020-05-10T22:27:17","date_gmt":"2020-05-10T22:27:17","guid":{"rendered":"https:\/\/econtrols.stagemysite.com\/?post_type=product&#038;p=1162"},"modified":"2024-10-18T19:38:02","modified_gmt":"2024-10-18T19:38:02","slug":"usg-461-s","status":"publish","type":"product","link":"https:\/\/equipmentcontrols.com\/fr\/produit\/usg-461-s\/","title":{"rendered":"USG 461-S"},"content":{"rendered":"<p><strong>USG 461-S Lower Pressure Regulator<\/strong><\/p>\n<div id=\"description\" class=\"tab-content desktop-visible\">\n<div id=\"description\" class=\"tab-content desktop-visible\">\n<p><strong>Polyvalent, fiable, pr\u00e9cis et rapide<\/strong><\/p>\n<p>Notre famille de d\u00e9tendeurs basse pression 461-S se compose de d\u00e9tendeurs \u00e0 ressort \u00e0 soupape \u00e9quilibr\u00e9e pour la distribution et les applications industrielles. En raison de leur conception simple, de leur construction robuste et de leur r\u00e9ponse rapide, ils sont exceptionnellement fiables. Les passages profil\u00e9s du corps r\u00e9duisent la turbulence dans le flux de gaz. Le fonctionnement est sensible et stable, et l&#039;entretien et le r\u00e9glage sont faciles.<\/p>\n<p>Ces mod\u00e8les sont id\u00e9aux lorsqu&#039;un d\u00e9tendeur \u00e0 si\u00e8ge unique est trop petit et que les d\u00e9tendeurs \u00e0 soupape \u00e9quilibr\u00e9e de 2\u2033 sont trop grands. Les grandes zones de sortie du 461-S lui conf\u00e8rent une large plage de capacit\u00e9. Cela les rend adapt\u00e9s \u00e0 une grande vari\u00e9t\u00e9 d&#039;exigences de manutention de charges.<\/p>\n<p><strong>Grande capacit\u00e9<\/strong><br \/>\nLorsque de grandes charges sont requises, le mod\u00e8le 441-S a les corps et les vannes les plus grands pour le travail. De grands diaphragmes flexibles combin\u00e9s \u00e0 des ressorts calibr\u00e9s avec pr\u00e9cision permettent \u00e0 ces r\u00e9gulateurs de grande capacit\u00e9 de fournir un contr\u00f4le pr\u00e9cis de la pression tout en maintenant un haut niveau de sensibilit\u00e9 et de stabilit\u00e9. La combinaison de leur r\u00e9ponse rapide, de leur fiabilit\u00e9 et de leur pr\u00e9cision rend \u00e9galement les mod\u00e8les 441-S id\u00e9aux pour la surveillance, ainsi que pour d&#039;autres applications n\u00e9cessitant vitesse et pr\u00e9cision.<\/p>\n<p><strong>Surveillance<\/strong><br \/>\nLorsqu&#039;ils sont utilis\u00e9s comme moniteurs, ces r\u00e9gulateurs basse pression prennent rapidement le contr\u00f4le si une d\u00e9faillance du r\u00e9gulateur de fonctionnement permet \u00e0 la pression de sortie de s&#039;\u00e9lever au-dessus de son point de consigne. Avec un taux de r\u00e9ponse rapide, un r\u00e9gulateur est crucial en cas d&#039;urgence. Aucune modification n&#039;est requise pour une utilisation en tant que moniteur, m\u00eame s&#039;il est utilis\u00e9 en tant que moniteur pour d&#039;autres types de r\u00e9gulateurs.<\/p>\n<p>Although used primarily with natural gas, all USG intermediate capacity regulators perform equally well when used for propane, butane, LPG vapor, air, dry CO2, nitrogen and other inert gases. These regulators are designed for indoor and outdoor installations.<\/p>\n<p><strong>Avantages:<\/strong><\/p>\n<ul>\n<li>Surveille la pression du point de consigne<\/li>\n<li>R\u00e9agit rapidement aux pressions excessives<\/li>\n<\/ul>\n<\/div>\n<p><strong>Traits:<\/strong><\/p>\n<ul>\n<li>Conception simplifi\u00e9e<\/li>\n<li>R\u00e9gulation fiable<\/li>\n<li>Une r\u00e9ponse rapide<\/li>\n<li>Fonctionnement sans probl\u00e8me<\/li>\n<li>Peut \u00eatre utilis\u00e9 pour le service z\u00e9ro gouverneur<\/li>\n<\/ul>\n<p><strong>Caract\u00e9ristiques:<\/strong><\/p>\n<p>Tailles de tuyaux : Mod\u00e8le 441-S : 2\u2033, 3\u2033, 4\u2033<\/p>\n<p><strong>T\u00e9l\u00e9chargements\u00a0:<\/strong><\/p>\n<p><a href=\"https:\/\/equipmentcontrols.com\/wp-content\/uploads\/2020\/05\/461-S-8S-12S-Bulletin.pdf\">Bulletin Sensus 461-S<\/a><\/p>\n<p>&nbsp;<\/p>\n<\/div>","protected":false},"excerpt":{"rendered":"<p>D\u00e9pendez de ces b\u00eates de somme pour des performances \u00e9lev\u00e9es et une r\u00e9ponse rapide. Nos d\u00e9tendeurs moyenne pression mod\u00e8le 461-57S et mod\u00e8le 441-57S sont des d\u00e9tendeurs \u00e0 ressort qui incorporent un diaphragme \u00ab roll-out \u00bb, similaire aux performances trouv\u00e9es dans les d\u00e9tendeurs pilot\u00e9s.<\/p>","protected":false},"featured_media":1322,"template":"","meta":[],"product_brand":[],"product_cat":[20,105],"product_tag":[],"class_list":{"0":"post-1162","1":"product","2":"type-product","3":"status-publish","4":"has-post-thumbnail","6":"product_cat-gas-regulators","7":"product_cat-usg","9":"first","10":"instock","11":"shipping-taxable","12":"product-type-simple"},"yoast_head":"<!-- This site is optimized with the Yoast SEO Premium plugin v23.9 (Yoast SEO v27.3) - https:\/\/yoast.com\/product\/yoast-seo-premium-wordpress\/ -->\n<title>USG 461-S - ECCO<\/title>\n<meta name=\"description\" content=\"Versatile, Dependable, Accurate and FastOur family of 461-S low-pressure regulators are balanced-valve, spring-type regulators for distribution and industrial applications. Because of their simple design, sturdy construction and fast response, they are exceptionally dependable. Contoured body passages reduce turbulence in gas flow. Operation is sensitive and stable, and servicing and adjusting are easy.These models are ideal whenever a single-seat regulator is too small and 2\u2033 balanced-valve regulators are too large. The large exit areas of the 461-S give them a broad range of capacity. This makes them suitable for a wide variety of load handling requirements.\" \/>\n<meta name=\"robots\" content=\"index, follow, max-snippet:-1, max-image-preview:large, max-video-preview:-1\" \/>\n<link rel=\"canonical\" href=\"https:\/\/equipmentcontrols.com\/fr\/produit\/usg-461-s\/\" \/>\n<meta property=\"og:locale\" content=\"fr_CA\" \/>\n<meta property=\"og:type\" content=\"article\" \/>\n<meta property=\"og:title\" content=\"USG 461-S\" \/>\n<meta property=\"og:description\" content=\"Versatile, Dependable, Accurate and FastOur family of 461-S low-pressure regulators are balanced-valve, spring-type regulators for distribution and industrial applications. Because of their simple design, sturdy construction and fast response, they are exceptionally dependable. Contoured body passages reduce turbulence in gas flow. Operation is sensitive and stable, and servicing and adjusting are easy.These models are ideal whenever a single-seat regulator is too small and 2\u2033 balanced-valve regulators are too large. The large exit areas of the 461-S give them a broad range of capacity. This makes them suitable for a wide variety of load handling requirements.\" \/>\n<meta property=\"og:url\" content=\"https:\/\/equipmentcontrols.com\/fr\/produit\/usg-461-s\/\" \/>\n<meta property=\"og:site_name\" content=\"ECCO\" \/>\n<meta property=\"article:modified_time\" content=\"2024-10-18T19:38:02+00:00\" \/>\n<meta property=\"og:image\" content=\"https:\/\/equipmentcontrols.com\/wp-content\/uploads\/2020\/05\/461-57S-medium-pressure-regulators.jpg\" \/>\n\t<meta property=\"og:image:width\" content=\"860\" \/>\n\t<meta property=\"og:image:height\" content=\"860\" \/>\n\t<meta property=\"og:image:type\" content=\"image\/jpeg\" \/>\n<meta name=\"twitter:card\" content=\"summary_large_image\" \/>\n<meta name=\"twitter:label1\" content=\"Estimation du temps de lecture\" \/>\n\t<meta name=\"twitter:data1\" content=\"2 minutes\" \/>\n<script type=\"application\/ld+json\" class=\"yoast-schema-graph\">{\"@context\":\"https:\\\/\\\/schema.org\",\"@graph\":[{\"@type\":\"WebPage\",\"@id\":\"https:\\\/\\\/equipmentcontrols.com\\\/product\\\/usg-461-s\\\/\",\"url\":\"https:\\\/\\\/equipmentcontrols.com\\\/product\\\/usg-461-s\\\/\",\"name\":\"USG 461-S - ECCO\",\"isPartOf\":{\"@id\":\"https:\\\/\\\/equipmentcontrols.com\\\/#website\"},\"primaryImageOfPage\":{\"@id\":\"https:\\\/\\\/equipmentcontrols.com\\\/product\\\/usg-461-s\\\/#primaryimage\"},\"image\":{\"@id\":\"https:\\\/\\\/equipmentcontrols.com\\\/product\\\/usg-461-s\\\/#primaryimage\"},\"thumbnailUrl\":\"https:\\\/\\\/equipmentcontrols.com\\\/wp-content\\\/uploads\\\/2020\\\/05\\\/461-57S-medium-pressure-regulators.jpg\",\"datePublished\":\"2020-05-10T22:27:17+00:00\",\"dateModified\":\"2024-10-18T19:38:02+00:00\",\"description\":\"Versatile, Dependable, Accurate and FastOur family of 461-S low-pressure regulators are balanced-valve, spring-type regulators for distribution and industrial applications. Because of their simple design, sturdy construction and fast response, they are exceptionally dependable. Contoured body passages reduce turbulence in gas flow. Operation is sensitive and stable, and servicing and adjusting are easy.These models are ideal whenever a single-seat regulator is too small and 2\u2033 balanced-valve regulators are too large. The large exit areas of the 461-S give them a broad range of capacity. This makes them suitable for a wide variety of load handling requirements.\",\"breadcrumb\":{\"@id\":\"https:\\\/\\\/equipmentcontrols.com\\\/product\\\/usg-461-s\\\/#breadcrumb\"},\"inLanguage\":\"fr-CA\",\"potentialAction\":[{\"@type\":\"ReadAction\",\"target\":[\"https:\\\/\\\/equipmentcontrols.com\\\/product\\\/usg-461-s\\\/\"]}]},{\"@type\":\"ImageObject\",\"inLanguage\":\"fr-CA\",\"@id\":\"https:\\\/\\\/equipmentcontrols.com\\\/product\\\/usg-461-s\\\/#primaryimage\",\"url\":\"https:\\\/\\\/equipmentcontrols.com\\\/wp-content\\\/uploads\\\/2020\\\/05\\\/461-57S-medium-pressure-regulators.jpg\",\"contentUrl\":\"https:\\\/\\\/equipmentcontrols.com\\\/wp-content\\\/uploads\\\/2020\\\/05\\\/461-57S-medium-pressure-regulators.jpg\",\"width\":860,\"height\":860,\"caption\":\"461-57S-medium-pressure-regulators\"},{\"@type\":\"BreadcrumbList\",\"@id\":\"https:\\\/\\\/equipmentcontrols.com\\\/product\\\/usg-461-s\\\/#breadcrumb\",\"itemListElement\":[{\"@type\":\"ListItem\",\"position\":1,\"name\":\"Home\",\"item\":\"https:\\\/\\\/equipmentcontrols.com\\\/\"},{\"@type\":\"ListItem\",\"position\":2,\"name\":\"Shop\",\"item\":\"https:\\\/\\\/equipmentcontrols.com\\\/shop\\\/\"},{\"@type\":\"ListItem\",\"position\":3,\"name\":\"USG 461-S\"}]},{\"@type\":\"WebSite\",\"@id\":\"https:\\\/\\\/equipmentcontrols.com\\\/#website\",\"url\":\"https:\\\/\\\/equipmentcontrols.com\\\/\",\"name\":\"ECCO\",\"description\":\"Equipment Controls Company\",\"potentialAction\":[{\"@type\":\"SearchAction\",\"target\":{\"@type\":\"EntryPoint\",\"urlTemplate\":\"https:\\\/\\\/equipmentcontrols.com\\\/?s={search_term_string}\"},\"query-input\":{\"@type\":\"PropertyValueSpecification\",\"valueRequired\":true,\"valueName\":\"search_term_string\"}}],\"inLanguage\":\"fr-CA\"}]}<\/script>\n<!-- \/ Yoast SEO Premium plugin. -->","yoast_head_json":{"title":"USG 461-S - ECCO","description":"Versatile, Dependable, Accurate and FastOur family of 461-S low-pressure regulators are balanced-valve, spring-type regulators for distribution and industrial applications. Because of their simple design, sturdy construction and fast response, they are exceptionally dependable. Contoured body passages reduce turbulence in gas flow. Operation is sensitive and stable, and servicing and adjusting are easy.These models are ideal whenever a single-seat regulator is too small and 2\u2033 balanced-valve regulators are too large. The large exit areas of the 461-S give them a broad range of capacity. This makes them suitable for a wide variety of load handling requirements.","robots":{"index":"index","follow":"follow","max-snippet":"max-snippet:-1","max-image-preview":"max-image-preview:large","max-video-preview":"max-video-preview:-1"},"canonical":"https:\/\/equipmentcontrols.com\/fr\/produit\/usg-461-s\/","og_locale":"fr_CA","og_type":"article","og_title":"USG 461-S","og_description":"Versatile, Dependable, Accurate and FastOur family of 461-S low-pressure regulators are balanced-valve, spring-type regulators for distribution and industrial applications. Because of their simple design, sturdy construction and fast response, they are exceptionally dependable. Contoured body passages reduce turbulence in gas flow. Operation is sensitive and stable, and servicing and adjusting are easy.These models are ideal whenever a single-seat regulator is too small and 2\u2033 balanced-valve regulators are too large. The large exit areas of the 461-S give them a broad range of capacity. This makes them suitable for a wide variety of load handling requirements.","og_url":"https:\/\/equipmentcontrols.com\/fr\/produit\/usg-461-s\/","og_site_name":"ECCO","article_modified_time":"2024-10-18T19:38:02+00:00","og_image":[{"width":860,"height":860,"url":"https:\/\/equipmentcontrols.com\/wp-content\/uploads\/2020\/05\/461-57S-medium-pressure-regulators.jpg","type":"image\/jpeg"}],"twitter_card":"summary_large_image","twitter_misc":{"Estimation du temps de lecture":"2 minutes"},"schema":{"@context":"https:\/\/schema.org","@graph":[{"@type":"WebPage","@id":"https:\/\/equipmentcontrols.com\/product\/usg-461-s\/","url":"https:\/\/equipmentcontrols.com\/product\/usg-461-s\/","name":"USG 461-S - ECCO","isPartOf":{"@id":"https:\/\/equipmentcontrols.com\/#website"},"primaryImageOfPage":{"@id":"https:\/\/equipmentcontrols.com\/product\/usg-461-s\/#primaryimage"},"image":{"@id":"https:\/\/equipmentcontrols.com\/product\/usg-461-s\/#primaryimage"},"thumbnailUrl":"https:\/\/equipmentcontrols.com\/wp-content\/uploads\/2020\/05\/461-57S-medium-pressure-regulators.jpg","datePublished":"2020-05-10T22:27:17+00:00","dateModified":"2024-10-18T19:38:02+00:00","description":"Versatile, Dependable, Accurate and FastOur family of 461-S low-pressure regulators are balanced-valve, spring-type regulators for distribution and industrial applications. Because of their simple design, sturdy construction and fast response, they are exceptionally dependable. Contoured body passages reduce turbulence in gas flow. Operation is sensitive and stable, and servicing and adjusting are easy.These models are ideal whenever a single-seat regulator is too small and 2\u2033 balanced-valve regulators are too large. The large exit areas of the 461-S give them a broad range of capacity. This makes them suitable for a wide variety of load handling requirements.","breadcrumb":{"@id":"https:\/\/equipmentcontrols.com\/product\/usg-461-s\/#breadcrumb"},"inLanguage":"fr-CA","potentialAction":[{"@type":"ReadAction","target":["https:\/\/equipmentcontrols.com\/product\/usg-461-s\/"]}]},{"@type":"ImageObject","inLanguage":"fr-CA","@id":"https:\/\/equipmentcontrols.com\/product\/usg-461-s\/#primaryimage","url":"https:\/\/equipmentcontrols.com\/wp-content\/uploads\/2020\/05\/461-57S-medium-pressure-regulators.jpg","contentUrl":"https:\/\/equipmentcontrols.com\/wp-content\/uploads\/2020\/05\/461-57S-medium-pressure-regulators.jpg","width":860,"height":860,"caption":"461-57S-medium-pressure-regulators"},{"@type":"BreadcrumbList","@id":"https:\/\/equipmentcontrols.com\/product\/usg-461-s\/#breadcrumb","itemListElement":[{"@type":"ListItem","position":1,"name":"Home","item":"https:\/\/equipmentcontrols.com\/"},{"@type":"ListItem","position":2,"name":"Shop","item":"https:\/\/equipmentcontrols.com\/shop\/"},{"@type":"ListItem","position":3,"name":"USG 461-S"}]},{"@type":"WebSite","@id":"https:\/\/equipmentcontrols.com\/#website","url":"https:\/\/equipmentcontrols.com\/","name":"ECCO","description":"Compagnie de contr\u00f4le d&#039;\u00e9quipement","potentialAction":[{"@type":"SearchAction","target":{"@type":"EntryPoint","urlTemplate":"https:\/\/equipmentcontrols.com\/?s={search_term_string}"},"query-input":{"@type":"PropertyValueSpecification","valueRequired":true,"valueName":"search_term_string"}}],"inLanguage":"fr-CA"}]}},"_links":{"self":[{"href":"https:\/\/equipmentcontrols.com\/fr\/wp-json\/wp\/v2\/product\/1162","targetHints":{"allow":["GET"]}}],"collection":[{"href":"https:\/\/equipmentcontrols.com\/fr\/wp-json\/wp\/v2\/product"}],"about":[{"href":"https:\/\/equipmentcontrols.com\/fr\/wp-json\/wp\/v2\/types\/product"}],"wp:featuredmedia":[{"embeddable":true,"href":"https:\/\/equipmentcontrols.com\/fr\/wp-json\/wp\/v2\/media\/1322"}],"wp:attachment":[{"href":"https:\/\/equipmentcontrols.com\/fr\/wp-json\/wp\/v2\/media?parent=1162"}],"wp:term":[{"taxonomy":"product_brand","embeddable":true,"href":"https:\/\/equipmentcontrols.com\/fr\/wp-json\/wp\/v2\/product_brand?post=1162"},{"taxonomy":"product_cat","embeddable":true,"href":"https:\/\/equipmentcontrols.com\/fr\/wp-json\/wp\/v2\/product_cat?post=1162"},{"taxonomy":"product_tag","embeddable":true,"href":"https:\/\/equipmentcontrols.com\/fr\/wp-json\/wp\/v2\/product_tag?post=1162"}],"curies":[{"name":"wp","href":"https:\/\/api.w.org\/{rel}","templated":true}]}}