{"id":1135,"date":"2020-05-08T20:58:10","date_gmt":"2020-05-08T20:58:10","guid":{"rendered":"https:\/\/econtrols.stagemysite.com\/?post_type=product&#038;p=1135"},"modified":"2021-09-22T21:54:24","modified_gmt":"2021-09-22T21:54:24","slug":"sensit-smart-cal-360","status":"publish","type":"product","link":"https:\/\/equipmentcontrols.com\/fr\/produit\/sensit-smart-cal-360\/","title":{"rendered":"SENSIT\u00ae SMART-CAL 360"},"content":{"rendered":"<p><strong>Station d&#039;\u00e9talonnage SMART-CAL 360<\/strong><\/p>\n<p>SMART-CAL 360 fait passer l&#039;\u00e9talonnage des instruments SENSIT\u00ae au niveau sup\u00e9rieur.<\/p>\n<p>En plus d&#039;enregistrer les donn\u00e9es d&#039;\u00e9talonnage, l&#039;heure, la date, les performances du capteur et de la pompe, SMART-CAL 360 pousse les mises \u00e0 jour du micrologiciel vers les instruments SENSIT s\u00e9lectionn\u00e9s sans qu&#039;il soit n\u00e9cessaire de renvoyer l&#039;instrument \u00e0 l&#039;usine. SMART-CAL 360 suit la dur\u00e9e de vie du capteur et donne un avertissement pr\u00e9coce lorsqu&#039;il est temps de remplacer les flacons d&#039;\u00e9talonnage.<\/p>\n<p>Le logiciel de gestion des donn\u00e9es am\u00e9lior\u00e9 permet un transfert automatique des donn\u00e9es pour les rapports de conformit\u00e9 et les notifications d&#039;\u00e9talonnages en retard ou \u00e9chou\u00e9s. Les journaux peuvent \u00eatre visualis\u00e9s sur le grand \u00e9cran tactile ou les rapports via une feuille de calcul ou un pdf envoy\u00e9 par e-mail. SMART-CAL 360 communique sur LAN et Wi-Fi, de sorte que la station peut \u00eatre positionn\u00e9e l\u00e0 o\u00f9 elle est la plus pratique et accessible, et elle fonctionne avec n&#039;importe quel instrument compatible SMART-CAL.<\/p>\n<p><strong>Logiciel de gestion de donn\u00e9es SCAL 360 (vendu s\u00e9par\u00e9ment)<\/strong><\/p>\n<p>SCAL-D 360 est la version Desktop du logiciel. Divers rapports et alertes peuvent \u00eatre affich\u00e9s, imprim\u00e9s, envoy\u00e9s par courrier \u00e9lectronique ou stock\u00e9s sous forme de feuille de calcul Excel. Une fois configur\u00e9, il alertera automatiquement les op\u00e9rateurs et les superviseurs des donn\u00e9es importantes en fonction de leurs pr\u00e9f\u00e9rences.<\/p>\n<p>SCAL-N 360 est la version r\u00e9seau du logiciel. Utilisez le SCAL-N 360 pour t\u00e9l\u00e9charger des donn\u00e9es depuis des stations d&#039;\u00e9talonnage distantes. Les donn\u00e9es sont stock\u00e9es dans SQL Server.<\/p>\n<p><strong>Con\u00e7u pour \u00eatre utilis\u00e9 avec :<\/strong><br \/>\n\u2022 SENSIT\u00ae CO<br \/>\n\u2022 SENSIT\u00ae OR<br \/>\n\u2022 SENSIT\u00ae OR 100<br \/>\n\u2022 CGI SENSIT\u00ae OR<br \/>\n\u2022 SENSIT\u00ae GOLD G2<br \/>\n\u2022 SENSIT\u00ae HCN<br \/>\n\u2022 SENSIT\u00ae HXG-3<br \/>\n\u2022 SENSIT\u00ae HXG-3P<br \/>\n\u2022 SENSIT\u00ae IRED<br \/>\n\u2022 SENSIT\u00ae PMD<br \/>\n\u2022 Trak-It\u00ae IIIa<\/p>\n<p><strong>Traits:<\/strong><br \/>\n\u2022\u00a0\u00c9cran tactile de 7\u00a0pouces<br \/>\n\u2022 Communications IR\/NFC\/Bluetooth<br \/>\n\u2022 T\u00e9l\u00e9chargement automatique ou enregistrements<br \/>\n\u2022 Stockage de la m\u00e9moire d&#039;\u00e9talonnage\/de test<br \/>\n\u2022 Indicateur d&#039;\u00e9tat LED<br \/>\n\u2022 Ajustement automatique de la date<br \/>\n\u2022 Surveillance de l&#039;approvisionnement en bouteilles de gaz<br \/>\n\u2022 Vannes configurables<br \/>\n\u2022 Stations r\u00e9seau Wi-Fi\/LAN<br \/>\n\u2022 Stations de bureau USB<br \/>\n\u2022 Mises \u00e0 jour du micrologiciel sans fil<br \/>\n\u2022 Carte SD:<br \/>\n\u2022 Sauvegarde de la base de donn\u00e9es<br \/>\n\u2022 Sauvegarde de la configuration<br \/>\n\u2022 Mises \u00e0 jour du micrologiciel de la station<\/p>\n<p><strong>Fonctionnalit\u00e9s de cr\u00e9ation de rapports SCAL\u00a0360\u00a0:<\/strong><br \/>\n\u2022 Test d&#039;instrument en retard<br \/>\n\u2022 Alertes de panne d&#039;instrument<br \/>\n\u2022 Rapports d&#039;entretien<br \/>\n\u2022 Rapport de conformit\u00e9 mensuel<br \/>\n\u2022 Rapports personnalis\u00e9s<br \/>\n\u2022 Rapports d&#039;expiration du gaz d&#039;\u00e9talonnage<\/p>\n<p><strong>T\u00e9l\u00e9chargements\u00a0:<\/strong><br \/>\n<a href=\"https:\/\/equipmentcontrols.com\/wp-content\/uploads\/2020\/05\/Sensit-Smart-Cal-360-Brochure.pdf\">Bulletin Sensit SCAL 360<\/a><br \/>\n<a href=\"https:\/\/equipmentcontrols.com\/wp-content\/uploads\/2020\/05\/Sensit-Smart-Cal-360-Instruction-Manual-v1.2.pdf\">Sensit SCAL 360 Manuel d&#039;instructions<\/a><\/p>","protected":false},"excerpt":{"rendered":"<p>SMART-CAL 360 Calibration Station SMART-CAL 360 takes calibrating SENSIT\u00ae instruments to the next level. In addition to logging calibration data, time, date, sensor and pump performance, SMART-CAL 360 pushes firmware updates to selected SENSIT instruments without the need to return the instrument to the factory. SMART-CAL 360 tracks sensor life, and gives an early warning [&hellip;]<\/p>\n","protected":false},"featured_media":1059,"template":"","meta":[],"product_brand":[],"product_cat":[24,50],"product_tag":[],"class_list":{"0":"post-1135","1":"product","2":"type-product","3":"status-publish","4":"has-post-thumbnail","6":"product_cat-leak-detection","7":"product_cat-sensit","9":"first","10":"instock","11":"shipping-taxable","12":"product-type-simple"},"yoast_head":"<!-- This site is optimized with the Yoast SEO Premium plugin v23.9 (Yoast SEO v27.3) - https:\/\/yoast.com\/product\/yoast-seo-premium-wordpress\/ -->\n<title>SENSIT\u00ae SMART-CAL 360 - ECCO<\/title>\n<meta name=\"description\" content=\"SMART-CAL 360 takes calibrating SENSIT\u00ae instruments to the next level.In addition to logging calibration data, time, date, sensor and pump performance, SMART-CAL 360 pushes firmware updates to selected SENSIT instruments without the need to return the instrument to the factory. SMART-CAL 360 tracks sensor life, and gives an early warning when it\u2019s time to replace calibration bottles.Improved data management software provides automatic data transfer for compliance reports and notifications of overdue or failed calibrations. Logs can be viewed on the large touchscreen display or reports via emailed spreadsheet or pdf. SMART-CAL 360 communicates over LAN and Wi-Fi, so that the station can be positioned where it is most convenient and accessible, and it works with any SMART-CAL compatible instrument.\" \/>\n<meta name=\"robots\" content=\"index, follow, max-snippet:-1, max-image-preview:large, max-video-preview:-1\" \/>\n<link rel=\"canonical\" href=\"https:\/\/equipmentcontrols.com\/fr\/produit\/sensit-smart-cal-360\/\" \/>\n<meta property=\"og:locale\" content=\"fr_CA\" \/>\n<meta property=\"og:type\" content=\"article\" \/>\n<meta property=\"og:title\" content=\"SENSIT\u00ae SMART-CAL 360\" \/>\n<meta property=\"og:description\" content=\"SMART-CAL 360 takes calibrating SENSIT\u00ae instruments to the next level.In addition to logging calibration data, time, date, sensor and pump performance, SMART-CAL 360 pushes firmware updates to selected SENSIT instruments without the need to return the instrument to the factory. SMART-CAL 360 tracks sensor life, and gives an early warning when it\u2019s time to replace calibration bottles.Improved data management software provides automatic data transfer for compliance reports and notifications of overdue or failed calibrations. Logs can be viewed on the large touchscreen display or reports via emailed spreadsheet or pdf. SMART-CAL 360 communicates over LAN and Wi-Fi, so that the station can be positioned where it is most convenient and accessible, and it works with any SMART-CAL compatible instrument.\" \/>\n<meta property=\"og:url\" content=\"https:\/\/equipmentcontrols.com\/fr\/produit\/sensit-smart-cal-360\/\" \/>\n<meta property=\"og:site_name\" content=\"ECCO\" \/>\n<meta property=\"article:modified_time\" content=\"2021-09-22T21:54:24+00:00\" \/>\n<meta property=\"og:image\" content=\"https:\/\/equipmentcontrols.com\/wp-content\/uploads\/2020\/05\/SENSIT-Smart-Cal-360.jpg\" \/>\n\t<meta property=\"og:image:width\" content=\"860\" \/>\n\t<meta property=\"og:image:height\" content=\"860\" \/>\n\t<meta property=\"og:image:type\" content=\"image\/jpeg\" \/>\n<meta name=\"twitter:card\" content=\"summary_large_image\" \/>\n<meta name=\"twitter:label1\" content=\"Estimation du temps de lecture\" \/>\n\t<meta name=\"twitter:data1\" content=\"1 minute\" \/>\n<script type=\"application\/ld+json\" class=\"yoast-schema-graph\">{\"@context\":\"https:\\\/\\\/schema.org\",\"@graph\":[{\"@type\":\"WebPage\",\"@id\":\"https:\\\/\\\/equipmentcontrols.com\\\/product\\\/sensit-smart-cal-360\\\/\",\"url\":\"https:\\\/\\\/equipmentcontrols.com\\\/product\\\/sensit-smart-cal-360\\\/\",\"name\":\"SENSIT\u00ae SMART-CAL 360 - ECCO\",\"isPartOf\":{\"@id\":\"https:\\\/\\\/equipmentcontrols.com\\\/#website\"},\"primaryImageOfPage\":{\"@id\":\"https:\\\/\\\/equipmentcontrols.com\\\/product\\\/sensit-smart-cal-360\\\/#primaryimage\"},\"image\":{\"@id\":\"https:\\\/\\\/equipmentcontrols.com\\\/product\\\/sensit-smart-cal-360\\\/#primaryimage\"},\"thumbnailUrl\":\"https:\\\/\\\/equipmentcontrols.com\\\/wp-content\\\/uploads\\\/2020\\\/05\\\/SENSIT-Smart-Cal-360.jpg\",\"datePublished\":\"2020-05-08T20:58:10+00:00\",\"dateModified\":\"2021-09-22T21:54:24+00:00\",\"description\":\"SMART-CAL 360 takes calibrating SENSIT\u00ae instruments to the next level.In addition to logging calibration data, time, date, sensor and pump performance, SMART-CAL 360 pushes firmware updates to selected SENSIT instruments without the need to return the instrument to the factory. SMART-CAL 360 tracks sensor life, and gives an early warning when it\u2019s time to replace calibration bottles.Improved data management software provides automatic data transfer for compliance reports and notifications of overdue or failed calibrations. Logs can be viewed on the large touchscreen display or reports via emailed spreadsheet or pdf. SMART-CAL 360 communicates over LAN and Wi-Fi, so that the station can be positioned where it is most convenient and accessible, and it works with any SMART-CAL compatible instrument.\",\"breadcrumb\":{\"@id\":\"https:\\\/\\\/equipmentcontrols.com\\\/product\\\/sensit-smart-cal-360\\\/#breadcrumb\"},\"inLanguage\":\"fr-CA\",\"potentialAction\":[{\"@type\":\"ReadAction\",\"target\":[\"https:\\\/\\\/equipmentcontrols.com\\\/product\\\/sensit-smart-cal-360\\\/\"]}]},{\"@type\":\"ImageObject\",\"inLanguage\":\"fr-CA\",\"@id\":\"https:\\\/\\\/equipmentcontrols.com\\\/product\\\/sensit-smart-cal-360\\\/#primaryimage\",\"url\":\"https:\\\/\\\/equipmentcontrols.com\\\/wp-content\\\/uploads\\\/2020\\\/05\\\/SENSIT-Smart-Cal-360.jpg\",\"contentUrl\":\"https:\\\/\\\/equipmentcontrols.com\\\/wp-content\\\/uploads\\\/2020\\\/05\\\/SENSIT-Smart-Cal-360.jpg\",\"width\":860,\"height\":860,\"caption\":\"SENSIT Smart-Cal 360\"},{\"@type\":\"BreadcrumbList\",\"@id\":\"https:\\\/\\\/equipmentcontrols.com\\\/product\\\/sensit-smart-cal-360\\\/#breadcrumb\",\"itemListElement\":[{\"@type\":\"ListItem\",\"position\":1,\"name\":\"Home\",\"item\":\"https:\\\/\\\/equipmentcontrols.com\\\/\"},{\"@type\":\"ListItem\",\"position\":2,\"name\":\"Shop\",\"item\":\"https:\\\/\\\/equipmentcontrols.com\\\/shop\\\/\"},{\"@type\":\"ListItem\",\"position\":3,\"name\":\"SENSIT\u00ae SMART-CAL 360\"}]},{\"@type\":\"WebSite\",\"@id\":\"https:\\\/\\\/equipmentcontrols.com\\\/#website\",\"url\":\"https:\\\/\\\/equipmentcontrols.com\\\/\",\"name\":\"ECCO\",\"description\":\"Equipment Controls Company\",\"potentialAction\":[{\"@type\":\"SearchAction\",\"target\":{\"@type\":\"EntryPoint\",\"urlTemplate\":\"https:\\\/\\\/equipmentcontrols.com\\\/?s={search_term_string}\"},\"query-input\":{\"@type\":\"PropertyValueSpecification\",\"valueRequired\":true,\"valueName\":\"search_term_string\"}}],\"inLanguage\":\"fr-CA\"}]}<\/script>\n<!-- \/ Yoast SEO Premium plugin. -->","yoast_head_json":{"title":"SENSIT\u00ae SMART-CAL 360 - ECCO","description":"SMART-CAL 360 takes calibrating SENSIT\u00ae instruments to the next level.In addition to logging calibration data, time, date, sensor and pump performance, SMART-CAL 360 pushes firmware updates to selected SENSIT instruments without the need to return the instrument to the factory. SMART-CAL 360 tracks sensor life, and gives an early warning when it\u2019s time to replace calibration bottles.Improved data management software provides automatic data transfer for compliance reports and notifications of overdue or failed calibrations. Logs can be viewed on the large touchscreen display or reports via emailed spreadsheet or pdf. SMART-CAL 360 communicates over LAN and Wi-Fi, so that the station can be positioned where it is most convenient and accessible, and it works with any SMART-CAL compatible instrument.","robots":{"index":"index","follow":"follow","max-snippet":"max-snippet:-1","max-image-preview":"max-image-preview:large","max-video-preview":"max-video-preview:-1"},"canonical":"https:\/\/equipmentcontrols.com\/fr\/produit\/sensit-smart-cal-360\/","og_locale":"fr_CA","og_type":"article","og_title":"SENSIT\u00ae SMART-CAL 360","og_description":"SMART-CAL 360 takes calibrating SENSIT\u00ae instruments to the next level.In addition to logging calibration data, time, date, sensor and pump performance, SMART-CAL 360 pushes firmware updates to selected SENSIT instruments without the need to return the instrument to the factory. SMART-CAL 360 tracks sensor life, and gives an early warning when it\u2019s time to replace calibration bottles.Improved data management software provides automatic data transfer for compliance reports and notifications of overdue or failed calibrations. Logs can be viewed on the large touchscreen display or reports via emailed spreadsheet or pdf. SMART-CAL 360 communicates over LAN and Wi-Fi, so that the station can be positioned where it is most convenient and accessible, and it works with any SMART-CAL compatible instrument.","og_url":"https:\/\/equipmentcontrols.com\/fr\/produit\/sensit-smart-cal-360\/","og_site_name":"ECCO","article_modified_time":"2021-09-22T21:54:24+00:00","og_image":[{"width":860,"height":860,"url":"https:\/\/equipmentcontrols.com\/wp-content\/uploads\/2020\/05\/SENSIT-Smart-Cal-360.jpg","type":"image\/jpeg"}],"twitter_card":"summary_large_image","twitter_misc":{"Estimation du temps de lecture":"1 minute"},"schema":{"@context":"https:\/\/schema.org","@graph":[{"@type":"WebPage","@id":"https:\/\/equipmentcontrols.com\/product\/sensit-smart-cal-360\/","url":"https:\/\/equipmentcontrols.com\/product\/sensit-smart-cal-360\/","name":"SENSIT\u00ae SMART-CAL 360 - ECCO","isPartOf":{"@id":"https:\/\/equipmentcontrols.com\/#website"},"primaryImageOfPage":{"@id":"https:\/\/equipmentcontrols.com\/product\/sensit-smart-cal-360\/#primaryimage"},"image":{"@id":"https:\/\/equipmentcontrols.com\/product\/sensit-smart-cal-360\/#primaryimage"},"thumbnailUrl":"https:\/\/equipmentcontrols.com\/wp-content\/uploads\/2020\/05\/SENSIT-Smart-Cal-360.jpg","datePublished":"2020-05-08T20:58:10+00:00","dateModified":"2021-09-22T21:54:24+00:00","description":"SMART-CAL 360 takes calibrating SENSIT\u00ae instruments to the next level.In addition to logging calibration data, time, date, sensor and pump performance, SMART-CAL 360 pushes firmware updates to selected SENSIT instruments without the need to return the instrument to the factory. SMART-CAL 360 tracks sensor life, and gives an early warning when it\u2019s time to replace calibration bottles.Improved data management software provides automatic data transfer for compliance reports and notifications of overdue or failed calibrations. Logs can be viewed on the large touchscreen display or reports via emailed spreadsheet or pdf. SMART-CAL 360 communicates over LAN and Wi-Fi, so that the station can be positioned where it is most convenient and accessible, and it works with any SMART-CAL compatible instrument.","breadcrumb":{"@id":"https:\/\/equipmentcontrols.com\/product\/sensit-smart-cal-360\/#breadcrumb"},"inLanguage":"fr-CA","potentialAction":[{"@type":"ReadAction","target":["https:\/\/equipmentcontrols.com\/product\/sensit-smart-cal-360\/"]}]},{"@type":"ImageObject","inLanguage":"fr-CA","@id":"https:\/\/equipmentcontrols.com\/product\/sensit-smart-cal-360\/#primaryimage","url":"https:\/\/equipmentcontrols.com\/wp-content\/uploads\/2020\/05\/SENSIT-Smart-Cal-360.jpg","contentUrl":"https:\/\/equipmentcontrols.com\/wp-content\/uploads\/2020\/05\/SENSIT-Smart-Cal-360.jpg","width":860,"height":860,"caption":"SENSIT Smart-Cal 360"},{"@type":"BreadcrumbList","@id":"https:\/\/equipmentcontrols.com\/product\/sensit-smart-cal-360\/#breadcrumb","itemListElement":[{"@type":"ListItem","position":1,"name":"Home","item":"https:\/\/equipmentcontrols.com\/"},{"@type":"ListItem","position":2,"name":"Shop","item":"https:\/\/equipmentcontrols.com\/shop\/"},{"@type":"ListItem","position":3,"name":"SENSIT\u00ae SMART-CAL 360"}]},{"@type":"WebSite","@id":"https:\/\/equipmentcontrols.com\/#website","url":"https:\/\/equipmentcontrols.com\/","name":"ECCO","description":"Compagnie de contr\u00f4le d&#039;\u00e9quipement","potentialAction":[{"@type":"SearchAction","target":{"@type":"EntryPoint","urlTemplate":"https:\/\/equipmentcontrols.com\/?s={search_term_string}"},"query-input":{"@type":"PropertyValueSpecification","valueRequired":true,"valueName":"search_term_string"}}],"inLanguage":"fr-CA"}]}},"_links":{"self":[{"href":"https:\/\/equipmentcontrols.com\/fr\/wp-json\/wp\/v2\/product\/1135","targetHints":{"allow":["GET"]}}],"collection":[{"href":"https:\/\/equipmentcontrols.com\/fr\/wp-json\/wp\/v2\/product"}],"about":[{"href":"https:\/\/equipmentcontrols.com\/fr\/wp-json\/wp\/v2\/types\/product"}],"wp:featuredmedia":[{"embeddable":true,"href":"https:\/\/equipmentcontrols.com\/fr\/wp-json\/wp\/v2\/media\/1059"}],"wp:attachment":[{"href":"https:\/\/equipmentcontrols.com\/fr\/wp-json\/wp\/v2\/media?parent=1135"}],"wp:term":[{"taxonomy":"product_brand","embeddable":true,"href":"https:\/\/equipmentcontrols.com\/fr\/wp-json\/wp\/v2\/product_brand?post=1135"},{"taxonomy":"product_cat","embeddable":true,"href":"https:\/\/equipmentcontrols.com\/fr\/wp-json\/wp\/v2\/product_cat?post=1135"},{"taxonomy":"product_tag","embeddable":true,"href":"https:\/\/equipmentcontrols.com\/fr\/wp-json\/wp\/v2\/product_tag?post=1135"}],"curies":[{"name":"wp","href":"https:\/\/api.w.org\/{rel}","templated":true}]}}