{"id":1133,"date":"2020-05-08T20:44:13","date_gmt":"2020-05-08T20:44:13","guid":{"rendered":"https:\/\/econtrols.stagemysite.com\/?post_type=product&#038;p=1133"},"modified":"2021-09-22T21:56:11","modified_gmt":"2021-09-22T21:56:11","slug":"sensit-scal-400","status":"publish","type":"product","link":"https:\/\/equipmentcontrols.com\/fr\/produit\/sensit-scal-400\/","title":{"rendered":"SENSIT\u00ae SCAL 400"},"content":{"rendered":"<p><strong>Station d&#039;\u00e9talonnage SCAL 400<\/strong><\/p>\n<p>La station d&#039;\u00e9talonnage SENSIT\u00ae SCAL 400 charge, teste et \u00e9talonne automatiquement jusqu&#039;\u00e0 cinq d\u00e9tecteurs multigaz SENSIT\u00ae P400 simultan\u00e9ment.<\/p>\n<p>Toutes les donn\u00e9es d&#039;\u00e9talonnage et de performance du capteur sont stock\u00e9es dans le calibrateur pour \u00eatre t\u00e9l\u00e9charg\u00e9es sur votre ordinateur.<\/p>\n<p>Le logiciel de gestion des donn\u00e9es permet le t\u00e9l\u00e9chargement automatique \u00e0 partir du calibrateur, cr\u00e9e des rapports de conformit\u00e9 et alerte le personnel s\u00e9lectionn\u00e9 des \u00e9talonnages en retard ou \u00e9chou\u00e9s.<\/p>\n<p>Toutes les donn\u00e9es d&#039;\u00e9talonnage, l&#039;heure, la date, les donn\u00e9es de performance du capteur et de la pompe sont automatiquement t\u00e9l\u00e9charg\u00e9es et stock\u00e9es dans le calibrateur pour le transfert informatique. Le logiciel de gestion des donn\u00e9es SCal-D (inclus) permet le t\u00e9l\u00e9chargement automatique depuis le calibrateur. Le logiciel cr\u00e9e des rapports de conformit\u00e9 et alerte le personnel s\u00e9lectionn\u00e9 des \u00e9talonnages en retard ou \u00e9chou\u00e9s.<\/p>\n<p>&nbsp;<\/p>\n<p><strong>Traits:<\/strong><br \/>\n\u2022 Fonctionnement de l&#039;\u00e9cran tactile<br \/>\n\u2022 Teste jusqu&#039;\u00e0 5 instruments<br \/>\n\u2022 Op\u00e9ration automatique<br \/>\n\u2022 Indication de r\u00e9ussite ou d&#039;\u00e9chec<br \/>\n\u2022 Connexion intranet RJ45<br \/>\n\u2022 Compatibilit\u00e9 r\u00e9seau Windows 7 et XP<\/p>\n<p><strong>Fonctionnalit\u00e9s de cr\u00e9ation de rapports\u00a0:<\/strong><br \/>\n\u2022 Test d&#039;instrument en retard<br \/>\n\u2022 Alertes de panne d&#039;instrument<br \/>\n\u2022 Donn\u00e9es de performances du capteur<br \/>\n\u2022 Rapport de conformit\u00e9 mensuel<\/p>\n<p><strong>T\u00e9l\u00e9chargements\u00a0:<\/strong><br \/>\n<a href=\"https:\/\/equipmentcontrols.com\/wp-content\/uploads\/2020\/05\/Sensit-SCAL-400-Calibration-Station.pdf\">Bulletin SENSIT\u00ae SCAL 400<\/a><br \/>\n<a href=\"https:\/\/equipmentcontrols.com\/wp-content\/uploads\/2020\/05\/SCAL-400-Instruction-Manual.pdf\">Manuel d&#039;instructions SENSIT\u00ae SCAL 400<\/a><\/p>","protected":false},"excerpt":{"rendered":"<p>SCAL 400 Calibration Station SENSIT\u00ae SCAL 400 Calibration Station automatically charges, bump tests and calibrates up to five SENSIT\u00ae P400 Multi-Gas Monitors simultaneously. All calibration and sensor performance data is stored in the calibrator for download to your computer. Data management software allows automatic uploading from calibrator, creates compliance reports and alerts selected personnel of [&hellip;]<\/p>\n","protected":false},"featured_media":1058,"template":"","meta":[],"product_brand":[],"product_cat":[24,50],"product_tag":[],"class_list":{"0":"post-1133","1":"product","2":"type-product","3":"status-publish","4":"has-post-thumbnail","6":"product_cat-leak-detection","7":"product_cat-sensit","9":"first","10":"instock","11":"shipping-taxable","12":"product-type-simple"},"yoast_head":"<!-- This site is optimized with the Yoast SEO Premium plugin v23.9 (Yoast SEO v27.3) - https:\/\/yoast.com\/product\/yoast-seo-premium-wordpress\/ -->\n<title>SENSIT\u00ae SCAL 400 - ECCO<\/title>\n<meta name=\"description\" content=\"SENSIT\u00ae SCAL 400 Calibration Station automatically charges, bump tests and calibrates up to five SENSIT\u00ae P400 Multi-Gas Monitors simultaneously. All calibration and sensor performance data is stored in the calibrator for download to your computer. Data management software allows automatic uploading from calibrator, creates compliance reports and alerts selected personnel of overdue or failed calibrations.\" \/>\n<meta name=\"robots\" content=\"index, follow, max-snippet:-1, max-image-preview:large, max-video-preview:-1\" \/>\n<link rel=\"canonical\" href=\"https:\/\/equipmentcontrols.com\/fr\/produit\/sensit-scal-400\/\" \/>\n<meta property=\"og:locale\" content=\"fr_CA\" \/>\n<meta property=\"og:type\" content=\"article\" \/>\n<meta property=\"og:title\" content=\"SENSIT\u00ae SCAL 400\" \/>\n<meta property=\"og:description\" content=\"SENSIT\u00ae SCAL 400 Calibration Station automatically charges, bump tests and calibrates up to five SENSIT\u00ae P400 Multi-Gas Monitors simultaneously. All calibration and sensor performance data is stored in the calibrator for download to your computer. Data management software allows automatic uploading from calibrator, creates compliance reports and alerts selected personnel of overdue or failed calibrations.\" \/>\n<meta property=\"og:url\" content=\"https:\/\/equipmentcontrols.com\/fr\/produit\/sensit-scal-400\/\" \/>\n<meta property=\"og:site_name\" content=\"ECCO\" \/>\n<meta property=\"article:modified_time\" content=\"2021-09-22T21:56:11+00:00\" \/>\n<meta property=\"og:image\" content=\"https:\/\/equipmentcontrols.com\/wp-content\/uploads\/2020\/05\/SENSIT-Scal-400.jpg\" \/>\n\t<meta property=\"og:image:width\" content=\"860\" \/>\n\t<meta property=\"og:image:height\" content=\"860\" \/>\n\t<meta property=\"og:image:type\" content=\"image\/jpeg\" \/>\n<meta name=\"twitter:card\" content=\"summary_large_image\" \/>\n<meta name=\"twitter:label1\" content=\"Estimation du temps de lecture\" \/>\n\t<meta name=\"twitter:data1\" content=\"1 minute\" \/>\n<script type=\"application\/ld+json\" class=\"yoast-schema-graph\">{\"@context\":\"https:\\\/\\\/schema.org\",\"@graph\":[{\"@type\":\"WebPage\",\"@id\":\"https:\\\/\\\/equipmentcontrols.com\\\/product\\\/sensit-scal-400\\\/\",\"url\":\"https:\\\/\\\/equipmentcontrols.com\\\/product\\\/sensit-scal-400\\\/\",\"name\":\"SENSIT\u00ae SCAL 400 - ECCO\",\"isPartOf\":{\"@id\":\"https:\\\/\\\/equipmentcontrols.com\\\/#website\"},\"primaryImageOfPage\":{\"@id\":\"https:\\\/\\\/equipmentcontrols.com\\\/product\\\/sensit-scal-400\\\/#primaryimage\"},\"image\":{\"@id\":\"https:\\\/\\\/equipmentcontrols.com\\\/product\\\/sensit-scal-400\\\/#primaryimage\"},\"thumbnailUrl\":\"https:\\\/\\\/equipmentcontrols.com\\\/wp-content\\\/uploads\\\/2020\\\/05\\\/SENSIT-Scal-400.jpg\",\"datePublished\":\"2020-05-08T20:44:13+00:00\",\"dateModified\":\"2021-09-22T21:56:11+00:00\",\"description\":\"SENSIT\u00ae SCAL 400 Calibration Station automatically charges, bump tests and calibrates up to five SENSIT\u00ae P400 Multi-Gas Monitors simultaneously. All calibration and sensor performance data is stored in the calibrator for download to your computer. Data management software allows automatic uploading from calibrator, creates compliance reports and alerts selected personnel of overdue or failed calibrations.\",\"breadcrumb\":{\"@id\":\"https:\\\/\\\/equipmentcontrols.com\\\/product\\\/sensit-scal-400\\\/#breadcrumb\"},\"inLanguage\":\"fr-CA\",\"potentialAction\":[{\"@type\":\"ReadAction\",\"target\":[\"https:\\\/\\\/equipmentcontrols.com\\\/product\\\/sensit-scal-400\\\/\"]}]},{\"@type\":\"ImageObject\",\"inLanguage\":\"fr-CA\",\"@id\":\"https:\\\/\\\/equipmentcontrols.com\\\/product\\\/sensit-scal-400\\\/#primaryimage\",\"url\":\"https:\\\/\\\/equipmentcontrols.com\\\/wp-content\\\/uploads\\\/2020\\\/05\\\/SENSIT-Scal-400.jpg\",\"contentUrl\":\"https:\\\/\\\/equipmentcontrols.com\\\/wp-content\\\/uploads\\\/2020\\\/05\\\/SENSIT-Scal-400.jpg\",\"width\":860,\"height\":860,\"caption\":\"SENSIT Scal-400\"},{\"@type\":\"BreadcrumbList\",\"@id\":\"https:\\\/\\\/equipmentcontrols.com\\\/product\\\/sensit-scal-400\\\/#breadcrumb\",\"itemListElement\":[{\"@type\":\"ListItem\",\"position\":1,\"name\":\"Home\",\"item\":\"https:\\\/\\\/equipmentcontrols.com\\\/\"},{\"@type\":\"ListItem\",\"position\":2,\"name\":\"Shop\",\"item\":\"https:\\\/\\\/equipmentcontrols.com\\\/shop\\\/\"},{\"@type\":\"ListItem\",\"position\":3,\"name\":\"SENSIT\u00ae SCAL 400\"}]},{\"@type\":\"WebSite\",\"@id\":\"https:\\\/\\\/equipmentcontrols.com\\\/#website\",\"url\":\"https:\\\/\\\/equipmentcontrols.com\\\/\",\"name\":\"ECCO\",\"description\":\"Equipment Controls Company\",\"potentialAction\":[{\"@type\":\"SearchAction\",\"target\":{\"@type\":\"EntryPoint\",\"urlTemplate\":\"https:\\\/\\\/equipmentcontrols.com\\\/?s={search_term_string}\"},\"query-input\":{\"@type\":\"PropertyValueSpecification\",\"valueRequired\":true,\"valueName\":\"search_term_string\"}}],\"inLanguage\":\"fr-CA\"}]}<\/script>\n<!-- \/ Yoast SEO Premium plugin. -->","yoast_head_json":{"title":"SENSIT\u00ae SCAL 400 - ECCO","description":"SENSIT\u00ae SCAL 400 Calibration Station automatically charges, bump tests and calibrates up to five SENSIT\u00ae P400 Multi-Gas Monitors simultaneously. All calibration and sensor performance data is stored in the calibrator for download to your computer. Data management software allows automatic uploading from calibrator, creates compliance reports and alerts selected personnel of overdue or failed calibrations.","robots":{"index":"index","follow":"follow","max-snippet":"max-snippet:-1","max-image-preview":"max-image-preview:large","max-video-preview":"max-video-preview:-1"},"canonical":"https:\/\/equipmentcontrols.com\/fr\/produit\/sensit-scal-400\/","og_locale":"fr_CA","og_type":"article","og_title":"SENSIT\u00ae SCAL 400","og_description":"SENSIT\u00ae SCAL 400 Calibration Station automatically charges, bump tests and calibrates up to five SENSIT\u00ae P400 Multi-Gas Monitors simultaneously. All calibration and sensor performance data is stored in the calibrator for download to your computer. Data management software allows automatic uploading from calibrator, creates compliance reports and alerts selected personnel of overdue or failed calibrations.","og_url":"https:\/\/equipmentcontrols.com\/fr\/produit\/sensit-scal-400\/","og_site_name":"ECCO","article_modified_time":"2021-09-22T21:56:11+00:00","og_image":[{"width":860,"height":860,"url":"https:\/\/equipmentcontrols.com\/wp-content\/uploads\/2020\/05\/SENSIT-Scal-400.jpg","type":"image\/jpeg"}],"twitter_card":"summary_large_image","twitter_misc":{"Estimation du temps de lecture":"1 minute"},"schema":{"@context":"https:\/\/schema.org","@graph":[{"@type":"WebPage","@id":"https:\/\/equipmentcontrols.com\/product\/sensit-scal-400\/","url":"https:\/\/equipmentcontrols.com\/product\/sensit-scal-400\/","name":"SENSIT\u00ae SCAL 400 - ECCO","isPartOf":{"@id":"https:\/\/equipmentcontrols.com\/#website"},"primaryImageOfPage":{"@id":"https:\/\/equipmentcontrols.com\/product\/sensit-scal-400\/#primaryimage"},"image":{"@id":"https:\/\/equipmentcontrols.com\/product\/sensit-scal-400\/#primaryimage"},"thumbnailUrl":"https:\/\/equipmentcontrols.com\/wp-content\/uploads\/2020\/05\/SENSIT-Scal-400.jpg","datePublished":"2020-05-08T20:44:13+00:00","dateModified":"2021-09-22T21:56:11+00:00","description":"SENSIT\u00ae SCAL 400 Calibration Station automatically charges, bump tests and calibrates up to five SENSIT\u00ae P400 Multi-Gas Monitors simultaneously. All calibration and sensor performance data is stored in the calibrator for download to your computer. Data management software allows automatic uploading from calibrator, creates compliance reports and alerts selected personnel of overdue or failed calibrations.","breadcrumb":{"@id":"https:\/\/equipmentcontrols.com\/product\/sensit-scal-400\/#breadcrumb"},"inLanguage":"fr-CA","potentialAction":[{"@type":"ReadAction","target":["https:\/\/equipmentcontrols.com\/product\/sensit-scal-400\/"]}]},{"@type":"ImageObject","inLanguage":"fr-CA","@id":"https:\/\/equipmentcontrols.com\/product\/sensit-scal-400\/#primaryimage","url":"https:\/\/equipmentcontrols.com\/wp-content\/uploads\/2020\/05\/SENSIT-Scal-400.jpg","contentUrl":"https:\/\/equipmentcontrols.com\/wp-content\/uploads\/2020\/05\/SENSIT-Scal-400.jpg","width":860,"height":860,"caption":"SENSIT Scal-400"},{"@type":"BreadcrumbList","@id":"https:\/\/equipmentcontrols.com\/product\/sensit-scal-400\/#breadcrumb","itemListElement":[{"@type":"ListItem","position":1,"name":"Home","item":"https:\/\/equipmentcontrols.com\/"},{"@type":"ListItem","position":2,"name":"Shop","item":"https:\/\/equipmentcontrols.com\/shop\/"},{"@type":"ListItem","position":3,"name":"SENSIT\u00ae SCAL 400"}]},{"@type":"WebSite","@id":"https:\/\/equipmentcontrols.com\/#website","url":"https:\/\/equipmentcontrols.com\/","name":"ECCO","description":"Compagnie de contr\u00f4le d&#039;\u00e9quipement","potentialAction":[{"@type":"SearchAction","target":{"@type":"EntryPoint","urlTemplate":"https:\/\/equipmentcontrols.com\/?s={search_term_string}"},"query-input":{"@type":"PropertyValueSpecification","valueRequired":true,"valueName":"search_term_string"}}],"inLanguage":"fr-CA"}]}},"_links":{"self":[{"href":"https:\/\/equipmentcontrols.com\/fr\/wp-json\/wp\/v2\/product\/1133","targetHints":{"allow":["GET"]}}],"collection":[{"href":"https:\/\/equipmentcontrols.com\/fr\/wp-json\/wp\/v2\/product"}],"about":[{"href":"https:\/\/equipmentcontrols.com\/fr\/wp-json\/wp\/v2\/types\/product"}],"wp:featuredmedia":[{"embeddable":true,"href":"https:\/\/equipmentcontrols.com\/fr\/wp-json\/wp\/v2\/media\/1058"}],"wp:attachment":[{"href":"https:\/\/equipmentcontrols.com\/fr\/wp-json\/wp\/v2\/media?parent=1133"}],"wp:term":[{"taxonomy":"product_brand","embeddable":true,"href":"https:\/\/equipmentcontrols.com\/fr\/wp-json\/wp\/v2\/product_brand?post=1133"},{"taxonomy":"product_cat","embeddable":true,"href":"https:\/\/equipmentcontrols.com\/fr\/wp-json\/wp\/v2\/product_cat?post=1133"},{"taxonomy":"product_tag","embeddable":true,"href":"https:\/\/equipmentcontrols.com\/fr\/wp-json\/wp\/v2\/product_tag?post=1133"}],"curies":[{"name":"wp","href":"https:\/\/api.w.org\/{rel}","templated":true}]}}