{"id":1131,"date":"2020-05-08T20:29:09","date_gmt":"2020-05-08T20:29:09","guid":{"rendered":"https:\/\/econtrols.stagemysite.com\/?post_type=product&#038;p=1131"},"modified":"2021-09-22T21:57:22","modified_gmt":"2021-09-22T21:57:22","slug":"sensit-p100","status":"publish","type":"product","link":"https:\/\/equipmentcontrols.com\/fr\/produit\/sensit-p100\/","title":{"rendered":"SENSIT\u00ae P100"},"content":{"rendered":"<p><strong>SENSIT\u00ae P100<\/strong><\/p>\n<p><strong>Moniteur \u00e0 gaz unique<\/strong><\/p>\n<p>SENSIT\u00ae P100 est un moniteur de gaz personnel exceptionnellement robuste disponible en configurations \u00e0 un seul gaz.<\/p>\n<p>SENSIT\u00ae P100 rel\u00e8ve la barre de la durabilit\u00e9. Le bo\u00eetier est construit en plastique ABS durable et en mat\u00e9riau absorbant les chocs pour prot\u00e9ger l&#039;instrument des rigueurs d&#039;une utilisation sur le terrain. L&#039;instrument est scell\u00e9 pour maintenir l&#039;int\u00e9grit\u00e9 de l&#039;indice IP65.<\/p>\n<p>SENSIT\u00ae P100 offre une op\u00e9ration tr\u00e8s simple \u00e0 deux boutons pour l&#039;alimentation, la mise \u00e0 z\u00e9ro et l&#039;\u00e9talonnage. Plusieurs LED sous la zone d\u00e9polie cr\u00e9ent un avertissement tr\u00e8s lumineux m\u00eame en plein soleil.<\/p>\n<p>L&#039;\u00e9talonnage est facile \u00e0 effectuer manuellement ou avec la station d&#039;\u00e9talonnage SCAL-100.<\/p>\n<p><strong>Certificats\u00a0:<\/strong> Produit homologu\u00e9 ATEX, UL, BPI<\/p>\n<p><strong>Traits:<\/strong><br \/>\n\u2022 Alarme auditive<br \/>\n\u2022 Alarme visuelle<br \/>\n\u2022 Alarme vibrante<br \/>\n\u2022\u00a0Garantie limit\u00e9e de 2\u00a0ans (y compris les capteurs)<br \/>\n\u2022 Alarmes STEL et TWA<br \/>\n\u2022 M\u00e9moire d&#039;\u00e9v\u00e9nements d&#039;alarme<br \/>\n\u2022 \u00c9talonnage facile sur le terrain<br \/>\n\u2022 Garantie prolong\u00e9e disponible<\/p>\n<p><strong>Applications:<\/strong><br \/>\n\u2022 D\u00e9tection de gaz dangereux<br \/>\n\u2022 Surveillance d&#039;espace confin\u00e9<br \/>\n\u2022 S\u00e9curit\u00e9 personnelle<\/p>\n<p><strong>T\u00e9l\u00e9chargements\u00a0:<\/strong><br \/>\n<a href=\"https:\/\/equipmentcontrols.com\/wp-content\/uploads\/2020\/05\/Sensit-P100-Bulletin.pdf\">Bulletin SENSIT\u00ae P100<\/a><br \/>\n<a href=\"https:\/\/equipmentcontrols.com\/wp-content\/uploads\/2020\/05\/SENSIT-P100-BLACK-Instruction-Manual.pdf\">Manuel d&#039;instructions SENSIT\u00ae P100<\/a><\/p>","protected":false},"excerpt":{"rendered":"<p>SENSIT\u00ae P100 Single Gas Monitor SENSIT\u00ae P100 is an exceptionally rugged personal gas monitor available in single gas configurations. SENSIT\u00ae P100 raises the bar in durability. The housing is constructed of durable ABS plastic and shock absorbing material to protect the instrument from the rigors of field use. The instrument is sealed to maintain the [&hellip;]<\/p>\n","protected":false},"featured_media":1056,"template":"","meta":[],"product_brand":[],"product_cat":[24,50],"product_tag":[],"class_list":{"0":"post-1131","1":"product","2":"type-product","3":"status-publish","4":"has-post-thumbnail","6":"product_cat-leak-detection","7":"product_cat-sensit","9":"first","10":"instock","11":"shipping-taxable","12":"product-type-simple"},"yoast_head":"<!-- This site is optimized with the Yoast SEO Premium plugin v23.9 (Yoast SEO v27.3) - https:\/\/yoast.com\/product\/yoast-seo-premium-wordpress\/ -->\n<title>SENSIT\u00ae P100 - ECCO<\/title>\n<meta name=\"description\" content=\"SENSIT\u00ae P100 is an exceptionally rugged personal gas monitor available in single gas configurations.SENSIT\u00ae P100 raises the bar in durability. The housing is constructed of durable ABS plastic and shock absorbing material to protect the instrument from the rigors of field use. The instrument is sealed to maintain the integrity of the IP65 rating.SENSIT\u00ae P100 offers a very simple two button operation for power, zeroing and performing calibration.\" \/>\n<meta name=\"robots\" content=\"index, follow, max-snippet:-1, max-image-preview:large, max-video-preview:-1\" \/>\n<link rel=\"canonical\" href=\"https:\/\/equipmentcontrols.com\/fr\/produit\/sensit-p100\/\" \/>\n<meta property=\"og:locale\" content=\"fr_CA\" \/>\n<meta property=\"og:type\" content=\"article\" \/>\n<meta property=\"og:title\" content=\"SENSIT\u00ae P100\" \/>\n<meta property=\"og:description\" content=\"SENSIT\u00ae P100 is an exceptionally rugged personal gas monitor available in single gas configurations.SENSIT\u00ae P100 raises the bar in durability. The housing is constructed of durable ABS plastic and shock absorbing material to protect the instrument from the rigors of field use. The instrument is sealed to maintain the integrity of the IP65 rating.SENSIT\u00ae P100 offers a very simple two button operation for power, zeroing and performing calibration.\" \/>\n<meta property=\"og:url\" content=\"https:\/\/equipmentcontrols.com\/fr\/produit\/sensit-p100\/\" \/>\n<meta property=\"og:site_name\" content=\"ECCO\" \/>\n<meta property=\"article:modified_time\" content=\"2021-09-22T21:57:22+00:00\" \/>\n<meta property=\"og:image\" content=\"https:\/\/equipmentcontrols.com\/wp-content\/uploads\/2020\/05\/SENSIT-P100.jpg\" \/>\n\t<meta property=\"og:image:width\" content=\"860\" \/>\n\t<meta property=\"og:image:height\" content=\"860\" \/>\n\t<meta property=\"og:image:type\" content=\"image\/jpeg\" \/>\n<meta name=\"twitter:card\" content=\"summary_large_image\" \/>\n<meta name=\"twitter:label1\" content=\"Estimation du temps de lecture\" \/>\n\t<meta name=\"twitter:data1\" content=\"1 minute\" \/>\n<script type=\"application\/ld+json\" class=\"yoast-schema-graph\">{\"@context\":\"https:\\\/\\\/schema.org\",\"@graph\":[{\"@type\":\"WebPage\",\"@id\":\"https:\\\/\\\/equipmentcontrols.com\\\/product\\\/sensit-p100\\\/\",\"url\":\"https:\\\/\\\/equipmentcontrols.com\\\/product\\\/sensit-p100\\\/\",\"name\":\"SENSIT\u00ae P100 - ECCO\",\"isPartOf\":{\"@id\":\"https:\\\/\\\/equipmentcontrols.com\\\/#website\"},\"primaryImageOfPage\":{\"@id\":\"https:\\\/\\\/equipmentcontrols.com\\\/product\\\/sensit-p100\\\/#primaryimage\"},\"image\":{\"@id\":\"https:\\\/\\\/equipmentcontrols.com\\\/product\\\/sensit-p100\\\/#primaryimage\"},\"thumbnailUrl\":\"https:\\\/\\\/equipmentcontrols.com\\\/wp-content\\\/uploads\\\/2020\\\/05\\\/SENSIT-P100.jpg\",\"datePublished\":\"2020-05-08T20:29:09+00:00\",\"dateModified\":\"2021-09-22T21:57:22+00:00\",\"description\":\"SENSIT\u00ae P100 is an exceptionally rugged personal gas monitor available in single gas configurations.SENSIT\u00ae P100 raises the bar in durability. The housing is constructed of durable ABS plastic and shock absorbing material to protect the instrument from the rigors of field use. The instrument is sealed to maintain the integrity of the IP65 rating.SENSIT\u00ae P100 offers a very simple two button operation for power, zeroing and performing calibration.\",\"breadcrumb\":{\"@id\":\"https:\\\/\\\/equipmentcontrols.com\\\/product\\\/sensit-p100\\\/#breadcrumb\"},\"inLanguage\":\"fr-CA\",\"potentialAction\":[{\"@type\":\"ReadAction\",\"target\":[\"https:\\\/\\\/equipmentcontrols.com\\\/product\\\/sensit-p100\\\/\"]}]},{\"@type\":\"ImageObject\",\"inLanguage\":\"fr-CA\",\"@id\":\"https:\\\/\\\/equipmentcontrols.com\\\/product\\\/sensit-p100\\\/#primaryimage\",\"url\":\"https:\\\/\\\/equipmentcontrols.com\\\/wp-content\\\/uploads\\\/2020\\\/05\\\/SENSIT-P100.jpg\",\"contentUrl\":\"https:\\\/\\\/equipmentcontrols.com\\\/wp-content\\\/uploads\\\/2020\\\/05\\\/SENSIT-P100.jpg\",\"width\":860,\"height\":860,\"caption\":\"SENSIT P100\"},{\"@type\":\"BreadcrumbList\",\"@id\":\"https:\\\/\\\/equipmentcontrols.com\\\/product\\\/sensit-p100\\\/#breadcrumb\",\"itemListElement\":[{\"@type\":\"ListItem\",\"position\":1,\"name\":\"Home\",\"item\":\"https:\\\/\\\/equipmentcontrols.com\\\/\"},{\"@type\":\"ListItem\",\"position\":2,\"name\":\"Shop\",\"item\":\"https:\\\/\\\/equipmentcontrols.com\\\/shop\\\/\"},{\"@type\":\"ListItem\",\"position\":3,\"name\":\"SENSIT\u00ae P100\"}]},{\"@type\":\"WebSite\",\"@id\":\"https:\\\/\\\/equipmentcontrols.com\\\/#website\",\"url\":\"https:\\\/\\\/equipmentcontrols.com\\\/\",\"name\":\"ECCO\",\"description\":\"Equipment Controls Company\",\"potentialAction\":[{\"@type\":\"SearchAction\",\"target\":{\"@type\":\"EntryPoint\",\"urlTemplate\":\"https:\\\/\\\/equipmentcontrols.com\\\/?s={search_term_string}\"},\"query-input\":{\"@type\":\"PropertyValueSpecification\",\"valueRequired\":true,\"valueName\":\"search_term_string\"}}],\"inLanguage\":\"fr-CA\"}]}<\/script>\n<!-- \/ Yoast SEO Premium plugin. -->","yoast_head_json":{"title":"SENSIT\u00ae P100 - ECCO","description":"SENSIT\u00ae P100 is an exceptionally rugged personal gas monitor available in single gas configurations.SENSIT\u00ae P100 raises the bar in durability. The housing is constructed of durable ABS plastic and shock absorbing material to protect the instrument from the rigors of field use. The instrument is sealed to maintain the integrity of the IP65 rating.SENSIT\u00ae P100 offers a very simple two button operation for power, zeroing and performing calibration.","robots":{"index":"index","follow":"follow","max-snippet":"max-snippet:-1","max-image-preview":"max-image-preview:large","max-video-preview":"max-video-preview:-1"},"canonical":"https:\/\/equipmentcontrols.com\/fr\/produit\/sensit-p100\/","og_locale":"fr_CA","og_type":"article","og_title":"SENSIT\u00ae P100","og_description":"SENSIT\u00ae P100 is an exceptionally rugged personal gas monitor available in single gas configurations.SENSIT\u00ae P100 raises the bar in durability. The housing is constructed of durable ABS plastic and shock absorbing material to protect the instrument from the rigors of field use. The instrument is sealed to maintain the integrity of the IP65 rating.SENSIT\u00ae P100 offers a very simple two button operation for power, zeroing and performing calibration.","og_url":"https:\/\/equipmentcontrols.com\/fr\/produit\/sensit-p100\/","og_site_name":"ECCO","article_modified_time":"2021-09-22T21:57:22+00:00","og_image":[{"width":860,"height":860,"url":"https:\/\/equipmentcontrols.com\/wp-content\/uploads\/2020\/05\/SENSIT-P100.jpg","type":"image\/jpeg"}],"twitter_card":"summary_large_image","twitter_misc":{"Estimation du temps de lecture":"1 minute"},"schema":{"@context":"https:\/\/schema.org","@graph":[{"@type":"WebPage","@id":"https:\/\/equipmentcontrols.com\/product\/sensit-p100\/","url":"https:\/\/equipmentcontrols.com\/product\/sensit-p100\/","name":"SENSIT\u00ae P100 - ECCO","isPartOf":{"@id":"https:\/\/equipmentcontrols.com\/#website"},"primaryImageOfPage":{"@id":"https:\/\/equipmentcontrols.com\/product\/sensit-p100\/#primaryimage"},"image":{"@id":"https:\/\/equipmentcontrols.com\/product\/sensit-p100\/#primaryimage"},"thumbnailUrl":"https:\/\/equipmentcontrols.com\/wp-content\/uploads\/2020\/05\/SENSIT-P100.jpg","datePublished":"2020-05-08T20:29:09+00:00","dateModified":"2021-09-22T21:57:22+00:00","description":"SENSIT\u00ae P100 is an exceptionally rugged personal gas monitor available in single gas configurations.SENSIT\u00ae P100 raises the bar in durability. The housing is constructed of durable ABS plastic and shock absorbing material to protect the instrument from the rigors of field use. The instrument is sealed to maintain the integrity of the IP65 rating.SENSIT\u00ae P100 offers a very simple two button operation for power, zeroing and performing calibration.","breadcrumb":{"@id":"https:\/\/equipmentcontrols.com\/product\/sensit-p100\/#breadcrumb"},"inLanguage":"fr-CA","potentialAction":[{"@type":"ReadAction","target":["https:\/\/equipmentcontrols.com\/product\/sensit-p100\/"]}]},{"@type":"ImageObject","inLanguage":"fr-CA","@id":"https:\/\/equipmentcontrols.com\/product\/sensit-p100\/#primaryimage","url":"https:\/\/equipmentcontrols.com\/wp-content\/uploads\/2020\/05\/SENSIT-P100.jpg","contentUrl":"https:\/\/equipmentcontrols.com\/wp-content\/uploads\/2020\/05\/SENSIT-P100.jpg","width":860,"height":860,"caption":"SENSIT P100"},{"@type":"BreadcrumbList","@id":"https:\/\/equipmentcontrols.com\/product\/sensit-p100\/#breadcrumb","itemListElement":[{"@type":"ListItem","position":1,"name":"Home","item":"https:\/\/equipmentcontrols.com\/"},{"@type":"ListItem","position":2,"name":"Shop","item":"https:\/\/equipmentcontrols.com\/shop\/"},{"@type":"ListItem","position":3,"name":"SENSIT\u00ae P100"}]},{"@type":"WebSite","@id":"https:\/\/equipmentcontrols.com\/#website","url":"https:\/\/equipmentcontrols.com\/","name":"ECCO","description":"Compagnie de contr\u00f4le d&#039;\u00e9quipement","potentialAction":[{"@type":"SearchAction","target":{"@type":"EntryPoint","urlTemplate":"https:\/\/equipmentcontrols.com\/?s={search_term_string}"},"query-input":{"@type":"PropertyValueSpecification","valueRequired":true,"valueName":"search_term_string"}}],"inLanguage":"fr-CA"}]}},"_links":{"self":[{"href":"https:\/\/equipmentcontrols.com\/fr\/wp-json\/wp\/v2\/product\/1131","targetHints":{"allow":["GET"]}}],"collection":[{"href":"https:\/\/equipmentcontrols.com\/fr\/wp-json\/wp\/v2\/product"}],"about":[{"href":"https:\/\/equipmentcontrols.com\/fr\/wp-json\/wp\/v2\/types\/product"}],"wp:featuredmedia":[{"embeddable":true,"href":"https:\/\/equipmentcontrols.com\/fr\/wp-json\/wp\/v2\/media\/1056"}],"wp:attachment":[{"href":"https:\/\/equipmentcontrols.com\/fr\/wp-json\/wp\/v2\/media?parent=1131"}],"wp:term":[{"taxonomy":"product_brand","embeddable":true,"href":"https:\/\/equipmentcontrols.com\/fr\/wp-json\/wp\/v2\/product_brand?post=1131"},{"taxonomy":"product_cat","embeddable":true,"href":"https:\/\/equipmentcontrols.com\/fr\/wp-json\/wp\/v2\/product_cat?post=1131"},{"taxonomy":"product_tag","embeddable":true,"href":"https:\/\/equipmentcontrols.com\/fr\/wp-json\/wp\/v2\/product_tag?post=1131"}],"curies":[{"name":"wp","href":"https:\/\/api.w.org\/{rel}","templated":true}]}}