{"id":1130,"date":"2020-05-08T20:15:30","date_gmt":"2020-05-08T20:15:30","guid":{"rendered":"https:\/\/econtrols.stagemysite.com\/?post_type=product&#038;p=1130"},"modified":"2021-09-22T21:59:26","modified_gmt":"2021-09-22T21:59:26","slug":"sensit-p400","status":"publish","type":"product","link":"https:\/\/equipmentcontrols.com\/fr\/produit\/sensit-p400\/","title":{"rendered":"SENSIT\u00ae P400"},"content":{"rendered":"<p><strong>SENSIT\u00ae P400<\/strong><\/p>\n<p><strong>Moniteur multi-gaz<\/strong><\/p>\n<p>SENSIT\u00ae P400 est un d\u00e9tecteur de gaz personnel \u00e0 la pointe de la technologie utilis\u00e9 pour alerter les utilisateurs des gaz dangereux dans leur zone de travail. SENSIT\u00ae P400 rel\u00e8ve la barre de la durabilit\u00e9. Le bo\u00eetier est fait d&#039;un polycarbonate \u00e9prouv\u00e9 sur le terrain avec un rev\u00eatement ext\u00e9rieur protecteur permanent semblable \u00e0 du caoutchouc.<\/p>\n<p>SENSIT\u00ae P400 offre une conception conviviale, un grand \u00e9cran graphique et 3 types d&#039;alarmes\u00a0; audible, visuel et vibratoire.<\/p>\n<p>Affiche jusqu&#039;\u00e0 5 gaz<br \/>\n\u2022 LIE (PPM en option)<br \/>\n\u2022 Oxyg\u00e8ne<br \/>\n\u2022 Monoxyde de carbone<br \/>\n\u2022 Sulfure d&#039;hydrog\u00e8ne<br \/>\n\u2022 Cyanure d&#039;hydrog\u00e8ne (facultatif)<br \/>\n\u2022 Consultez notre brochure pour d&#039;autres options de capteur<\/p>\n<p>Syst\u00e8me de d\u00e9tection imm\u00e9diate (IDS)<br \/>\nLorsque les niveaux de gaz dangereux augmentent, cette fonction optionnelle de style tick commence avant le niveau d&#039;alarme.<\/p>\n<p>L&#039;\u00e9talonnage est facile \u00e0 effectuer manuellement ou avec la station d&#039;\u00e9talonnage et de charge SCAL-400.<\/p>\n<p>Certifications : ATEX, UL<\/p>\n<p><strong>Traits:<\/strong><br \/>\n\u2022 Alarme sonore - 3 tonalit\u00e9s<br \/>\n\u2022 Enregistrement de donn\u00e9es<br \/>\n\u2022 Alarme visuelle - Vue \u00e0 270\u00a0\u00b0<br \/>\n\u2022 Capteurs \u00e0 faible co\u00fbt et longue dur\u00e9e de vie<br \/>\n\u2022 Alarme vibrante<br \/>\n\u2022 Pr\u00e9filtre anti-poussi\u00e8re facile \u00e0 nettoyer<br \/>\n\u2022 Alarmes STEL et TWA<br \/>\n\u2022 Filtre \u00e0 poussi\u00e8re r\u00e9utilisable facile d&#039;acc\u00e8s<br \/>\n\u2022 Indicateur de conformit\u00e9\/\u00e9tat<br \/>\n\u2022 Pile alcaline et\/ou NiMH<br \/>\n\u2022\u00a0Garantie limit\u00e9e de 2\u00a0ans (y compris les capteurs)<br \/>\n\u2022 Garantie prolong\u00e9e disponible<\/p>\n<p><strong>Applications:<\/strong><br \/>\n\u2022 D\u00e9tection de gaz combustibles<br \/>\n\u2022 D\u00e9tection de gaz dangereux<br \/>\n\u2022 Surveillance d&#039;espace confin\u00e9<br \/>\n\u2022 S\u00e9curit\u00e9 personnelle<\/p>\n<p><strong>T\u00e9l\u00e9chargements\u00a0:<\/strong><br \/>\n<a href=\"https:\/\/equipmentcontrols.com\/wp-content\/uploads\/2020\/05\/Sensit-P400-Bulletin.pdf\">Bulletin SENSIT\u00ae P400<\/a><br \/>\n<a href=\"https:\/\/equipmentcontrols.com\/wp-content\/uploads\/2020\/05\/Sensit-P400-Operation-Manual.pdf\">Manuel d&#039;instructions SENSIT\u00ae P400<\/a><\/p>","protected":false},"excerpt":{"rendered":"<p>SENSIT\u00ae P400 Multi Gas Monitor SENSIT\u00ae P400 is a state-of-the-art personal gas monitor used to alert users of hazardous gases in their work area. SENSIT\u00ae P400 raises the bar in durability. The housing is made of a field-proven polycarbonate with a permanent rubber-like protective outer covering. SENSIT\u00ae P400 offers a user-friendly design, a large graphic [&hellip;]<\/p>\n","protected":false},"featured_media":1057,"template":"","meta":[],"product_brand":[],"product_cat":[24,50],"product_tag":[],"class_list":{"0":"post-1130","1":"product","2":"type-product","3":"status-publish","4":"has-post-thumbnail","6":"product_cat-leak-detection","7":"product_cat-sensit","9":"first","10":"instock","11":"shipping-taxable","12":"product-type-simple"},"yoast_head":"<!-- This site is optimized with the Yoast SEO Premium plugin v23.9 (Yoast SEO v27.3) - https:\/\/yoast.com\/product\/yoast-seo-premium-wordpress\/ -->\n<title>SENSIT\u00ae P400 - ECCO<\/title>\n<meta name=\"description\" content=\"SENSIT\u00ae P400 is a state-of-the-art personal gas monitor used to alert users of hazardous gases in their work area. SENSIT\u00ae P400 raises the bar in durability. The housing is made of a field-proven polycarbonate with a permanent rubber-like protective outer covering.SENSIT\u00ae P400 offers a user-friendly design, a large graphic display and 3 types of alarms; audible, visual and vibration.\" \/>\n<meta name=\"robots\" content=\"index, follow, max-snippet:-1, max-image-preview:large, max-video-preview:-1\" \/>\n<link rel=\"canonical\" href=\"https:\/\/equipmentcontrols.com\/fr\/produit\/sensit-p400\/\" \/>\n<meta property=\"og:locale\" content=\"fr_CA\" \/>\n<meta property=\"og:type\" content=\"article\" \/>\n<meta property=\"og:title\" content=\"SENSIT\u00ae P400\" \/>\n<meta property=\"og:description\" content=\"SENSIT\u00ae P400 is a state-of-the-art personal gas monitor used to alert users of hazardous gases in their work area. SENSIT\u00ae P400 raises the bar in durability. The housing is made of a field-proven polycarbonate with a permanent rubber-like protective outer covering.SENSIT\u00ae P400 offers a user-friendly design, a large graphic display and 3 types of alarms; audible, visual and vibration.\" \/>\n<meta property=\"og:url\" content=\"https:\/\/equipmentcontrols.com\/fr\/produit\/sensit-p400\/\" \/>\n<meta property=\"og:site_name\" content=\"ECCO\" \/>\n<meta property=\"article:modified_time\" content=\"2021-09-22T21:59:26+00:00\" \/>\n<meta property=\"og:image\" content=\"https:\/\/equipmentcontrols.com\/wp-content\/uploads\/2020\/05\/SENSIT-P400.jpg\" \/>\n\t<meta property=\"og:image:width\" content=\"860\" \/>\n\t<meta property=\"og:image:height\" content=\"860\" \/>\n\t<meta property=\"og:image:type\" content=\"image\/jpeg\" \/>\n<meta name=\"twitter:card\" content=\"summary_large_image\" \/>\n<meta name=\"twitter:label1\" content=\"Estimation du temps de lecture\" \/>\n\t<meta name=\"twitter:data1\" content=\"1 minute\" \/>\n<script type=\"application\/ld+json\" class=\"yoast-schema-graph\">{\"@context\":\"https:\\\/\\\/schema.org\",\"@graph\":[{\"@type\":\"WebPage\",\"@id\":\"https:\\\/\\\/equipmentcontrols.com\\\/product\\\/sensit-p400\\\/\",\"url\":\"https:\\\/\\\/equipmentcontrols.com\\\/product\\\/sensit-p400\\\/\",\"name\":\"SENSIT\u00ae P400 - ECCO\",\"isPartOf\":{\"@id\":\"https:\\\/\\\/equipmentcontrols.com\\\/#website\"},\"primaryImageOfPage\":{\"@id\":\"https:\\\/\\\/equipmentcontrols.com\\\/product\\\/sensit-p400\\\/#primaryimage\"},\"image\":{\"@id\":\"https:\\\/\\\/equipmentcontrols.com\\\/product\\\/sensit-p400\\\/#primaryimage\"},\"thumbnailUrl\":\"https:\\\/\\\/equipmentcontrols.com\\\/wp-content\\\/uploads\\\/2020\\\/05\\\/SENSIT-P400.jpg\",\"datePublished\":\"2020-05-08T20:15:30+00:00\",\"dateModified\":\"2021-09-22T21:59:26+00:00\",\"description\":\"SENSIT\u00ae P400 is a state-of-the-art personal gas monitor used to alert users of hazardous gases in their work area. SENSIT\u00ae P400 raises the bar in durability. The housing is made of a field-proven polycarbonate with a permanent rubber-like protective outer covering.SENSIT\u00ae P400 offers a user-friendly design, a large graphic display and 3 types of alarms; audible, visual and vibration.\",\"breadcrumb\":{\"@id\":\"https:\\\/\\\/equipmentcontrols.com\\\/product\\\/sensit-p400\\\/#breadcrumb\"},\"inLanguage\":\"fr-CA\",\"potentialAction\":[{\"@type\":\"ReadAction\",\"target\":[\"https:\\\/\\\/equipmentcontrols.com\\\/product\\\/sensit-p400\\\/\"]}]},{\"@type\":\"ImageObject\",\"inLanguage\":\"fr-CA\",\"@id\":\"https:\\\/\\\/equipmentcontrols.com\\\/product\\\/sensit-p400\\\/#primaryimage\",\"url\":\"https:\\\/\\\/equipmentcontrols.com\\\/wp-content\\\/uploads\\\/2020\\\/05\\\/SENSIT-P400.jpg\",\"contentUrl\":\"https:\\\/\\\/equipmentcontrols.com\\\/wp-content\\\/uploads\\\/2020\\\/05\\\/SENSIT-P400.jpg\",\"width\":860,\"height\":860,\"caption\":\"SENSIT P400\"},{\"@type\":\"BreadcrumbList\",\"@id\":\"https:\\\/\\\/equipmentcontrols.com\\\/product\\\/sensit-p400\\\/#breadcrumb\",\"itemListElement\":[{\"@type\":\"ListItem\",\"position\":1,\"name\":\"Home\",\"item\":\"https:\\\/\\\/equipmentcontrols.com\\\/\"},{\"@type\":\"ListItem\",\"position\":2,\"name\":\"Shop\",\"item\":\"https:\\\/\\\/equipmentcontrols.com\\\/shop\\\/\"},{\"@type\":\"ListItem\",\"position\":3,\"name\":\"SENSIT\u00ae P400\"}]},{\"@type\":\"WebSite\",\"@id\":\"https:\\\/\\\/equipmentcontrols.com\\\/#website\",\"url\":\"https:\\\/\\\/equipmentcontrols.com\\\/\",\"name\":\"ECCO\",\"description\":\"Equipment Controls Company\",\"potentialAction\":[{\"@type\":\"SearchAction\",\"target\":{\"@type\":\"EntryPoint\",\"urlTemplate\":\"https:\\\/\\\/equipmentcontrols.com\\\/?s={search_term_string}\"},\"query-input\":{\"@type\":\"PropertyValueSpecification\",\"valueRequired\":true,\"valueName\":\"search_term_string\"}}],\"inLanguage\":\"fr-CA\"}]}<\/script>\n<!-- \/ Yoast SEO Premium plugin. -->","yoast_head_json":{"title":"SENSIT\u00ae P400 - ECCO","description":"SENSIT\u00ae P400 is a state-of-the-art personal gas monitor used to alert users of hazardous gases in their work area. SENSIT\u00ae P400 raises the bar in durability. The housing is made of a field-proven polycarbonate with a permanent rubber-like protective outer covering.SENSIT\u00ae P400 offers a user-friendly design, a large graphic display and 3 types of alarms; audible, visual and vibration.","robots":{"index":"index","follow":"follow","max-snippet":"max-snippet:-1","max-image-preview":"max-image-preview:large","max-video-preview":"max-video-preview:-1"},"canonical":"https:\/\/equipmentcontrols.com\/fr\/produit\/sensit-p400\/","og_locale":"fr_CA","og_type":"article","og_title":"SENSIT\u00ae P400","og_description":"SENSIT\u00ae P400 is a state-of-the-art personal gas monitor used to alert users of hazardous gases in their work area. SENSIT\u00ae P400 raises the bar in durability. The housing is made of a field-proven polycarbonate with a permanent rubber-like protective outer covering.SENSIT\u00ae P400 offers a user-friendly design, a large graphic display and 3 types of alarms; audible, visual and vibration.","og_url":"https:\/\/equipmentcontrols.com\/fr\/produit\/sensit-p400\/","og_site_name":"ECCO","article_modified_time":"2021-09-22T21:59:26+00:00","og_image":[{"width":860,"height":860,"url":"https:\/\/equipmentcontrols.com\/wp-content\/uploads\/2020\/05\/SENSIT-P400.jpg","type":"image\/jpeg"}],"twitter_card":"summary_large_image","twitter_misc":{"Estimation du temps de lecture":"1 minute"},"schema":{"@context":"https:\/\/schema.org","@graph":[{"@type":"WebPage","@id":"https:\/\/equipmentcontrols.com\/product\/sensit-p400\/","url":"https:\/\/equipmentcontrols.com\/product\/sensit-p400\/","name":"SENSIT\u00ae P400 - ECCO","isPartOf":{"@id":"https:\/\/equipmentcontrols.com\/#website"},"primaryImageOfPage":{"@id":"https:\/\/equipmentcontrols.com\/product\/sensit-p400\/#primaryimage"},"image":{"@id":"https:\/\/equipmentcontrols.com\/product\/sensit-p400\/#primaryimage"},"thumbnailUrl":"https:\/\/equipmentcontrols.com\/wp-content\/uploads\/2020\/05\/SENSIT-P400.jpg","datePublished":"2020-05-08T20:15:30+00:00","dateModified":"2021-09-22T21:59:26+00:00","description":"SENSIT\u00ae P400 is a state-of-the-art personal gas monitor used to alert users of hazardous gases in their work area. SENSIT\u00ae P400 raises the bar in durability. The housing is made of a field-proven polycarbonate with a permanent rubber-like protective outer covering.SENSIT\u00ae P400 offers a user-friendly design, a large graphic display and 3 types of alarms; audible, visual and vibration.","breadcrumb":{"@id":"https:\/\/equipmentcontrols.com\/product\/sensit-p400\/#breadcrumb"},"inLanguage":"fr-CA","potentialAction":[{"@type":"ReadAction","target":["https:\/\/equipmentcontrols.com\/product\/sensit-p400\/"]}]},{"@type":"ImageObject","inLanguage":"fr-CA","@id":"https:\/\/equipmentcontrols.com\/product\/sensit-p400\/#primaryimage","url":"https:\/\/equipmentcontrols.com\/wp-content\/uploads\/2020\/05\/SENSIT-P400.jpg","contentUrl":"https:\/\/equipmentcontrols.com\/wp-content\/uploads\/2020\/05\/SENSIT-P400.jpg","width":860,"height":860,"caption":"SENSIT P400"},{"@type":"BreadcrumbList","@id":"https:\/\/equipmentcontrols.com\/product\/sensit-p400\/#breadcrumb","itemListElement":[{"@type":"ListItem","position":1,"name":"Home","item":"https:\/\/equipmentcontrols.com\/"},{"@type":"ListItem","position":2,"name":"Shop","item":"https:\/\/equipmentcontrols.com\/shop\/"},{"@type":"ListItem","position":3,"name":"SENSIT\u00ae P400"}]},{"@type":"WebSite","@id":"https:\/\/equipmentcontrols.com\/#website","url":"https:\/\/equipmentcontrols.com\/","name":"ECCO","description":"Compagnie de contr\u00f4le d&#039;\u00e9quipement","potentialAction":[{"@type":"SearchAction","target":{"@type":"EntryPoint","urlTemplate":"https:\/\/equipmentcontrols.com\/?s={search_term_string}"},"query-input":{"@type":"PropertyValueSpecification","valueRequired":true,"valueName":"search_term_string"}}],"inLanguage":"fr-CA"}]}},"_links":{"self":[{"href":"https:\/\/equipmentcontrols.com\/fr\/wp-json\/wp\/v2\/product\/1130","targetHints":{"allow":["GET"]}}],"collection":[{"href":"https:\/\/equipmentcontrols.com\/fr\/wp-json\/wp\/v2\/product"}],"about":[{"href":"https:\/\/equipmentcontrols.com\/fr\/wp-json\/wp\/v2\/types\/product"}],"wp:featuredmedia":[{"embeddable":true,"href":"https:\/\/equipmentcontrols.com\/fr\/wp-json\/wp\/v2\/media\/1057"}],"wp:attachment":[{"href":"https:\/\/equipmentcontrols.com\/fr\/wp-json\/wp\/v2\/media?parent=1130"}],"wp:term":[{"taxonomy":"product_brand","embeddable":true,"href":"https:\/\/equipmentcontrols.com\/fr\/wp-json\/wp\/v2\/product_brand?post=1130"},{"taxonomy":"product_cat","embeddable":true,"href":"https:\/\/equipmentcontrols.com\/fr\/wp-json\/wp\/v2\/product_cat?post=1130"},{"taxonomy":"product_tag","embeddable":true,"href":"https:\/\/equipmentcontrols.com\/fr\/wp-json\/wp\/v2\/product_tag?post=1130"}],"curies":[{"name":"wp","href":"https:\/\/api.w.org\/{rel}","templated":true}]}}