{"id":1128,"date":"2020-05-08T19:54:53","date_gmt":"2020-05-08T19:54:53","guid":{"rendered":"https:\/\/econtrols.stagemysite.com\/?post_type=product&#038;p=1128"},"modified":"2021-09-22T22:00:48","modified_gmt":"2021-09-22T22:00:48","slug":"sensit-hxg-3","status":"publish","type":"product","link":"https:\/\/equipmentcontrols.com\/fr\/produit\/sensit-hxg-3\/","title":{"rendered":"SENSIT\u00ae HXG-3"},"content":{"rendered":"<p><strong>SENSIT\u00ae HXG-3<\/strong><br \/>\n<strong>D\u00e9tecteur de fuite de gaz combustible<\/strong><\/p>\n<p>SENSIT\u00ae HXG-3 est un d\u00e9tecteur de fuites de gaz combustible portable avanc\u00e9 capable de d\u00e9tecter et de surveiller les gaz combustibles tels que le gaz naturel, le m\u00e9thane et le propane.<\/p>\n<p>L&#039;\u00e9cran LCD r\u00e9tro\u00e9clair\u00e9 SENSIT\u00ae HXG-3 affiche simultan\u00e9ment le pourcentage de limite inf\u00e9rieure d&#039;explosivit\u00e9 (LEL) et les lectures de parties par million (ppm) pour une d\u00e9tection pr\u00e9cise des fuites de gaz et une analyse des gaz. Des alarmes sonores et visuelles avertissent des conditions dangereuses potentielles.<\/p>\n<p>Trouvez rapidement les fuites de gaz\u00a0!<\/p>\n<p>Les fuites de gaz peuvent \u00eatre facilement localis\u00e9es en utilisant un taux de tic-tac audible. Le capteur est situ\u00e9 \u00e0 l&#039;extr\u00e9mit\u00e9 d&#039;un col de cygne flexible pour atteindre facilement les zones o\u00f9 des fuites peuvent \u00eatre suspect\u00e9es.<\/p>\n<p><strong>Sauvegarde des donn\u00e9es<\/strong><\/p>\n<p>Une fonction d&#039;enregistrement des donn\u00e9es vous permet d&#039;enregistrer des donn\u00e9es lors de toute enqu\u00eate sur une fuite de gaz.<\/p>\n<p><strong>Certificats\u00a0:<\/strong> UL<\/p>\n<p><strong>Traits:<\/strong><br \/>\n\u2022 Affiche LEL et PPM<br \/>\n\u2022 Capteur \u00e0 faible co\u00fbt et longue dur\u00e9e de vie<br \/>\n\u2022 D\u00e9tection de fuite \u00e0 cadran r\u00e9glable<br \/>\n\u2022 \u00c9talonnage simple<br \/>\n\u2022 Affichage r\u00e9tro\u00e9clair\u00e9<br \/>\n\u2022 T\u00e9l\u00e9chargement de donn\u00e9es infrarouge<br \/>\n\u2022 Conception \u00e0 s\u00e9curit\u00e9 intrins\u00e8que<\/p>\n<p><strong>Applications:<\/strong><br \/>\n\u2022 D\u00e9tecter et localiser les petites fuites de gaz<br \/>\n\u2022 Surveillance de zone<br \/>\n\u2022 Enqu\u00eate sur les fuites de gaz<br \/>\n\u2022 D\u00e9tection chimique<br \/>\n\u2022 Purge de conduite de gaz<br \/>\n\u2022 D\u00e9tection d&#039;incendie criminel\/d&#039;acc\u00e9l\u00e9rateur<\/p>\n<p><strong>T\u00e9l\u00e9chargements\u00a0:<\/strong><br \/>\n<a href=\"https:\/\/equipmentcontrols.com\/wp-content\/uploads\/2020\/05\/Sensit-HXG-3.pdf\">Bulletin SENSIT\u00ae HXG-3<\/a><br \/>\n<a href=\"https:\/\/equipmentcontrols.com\/wp-content\/uploads\/2020\/05\/SENSIT-HXG-3-Instruction-Manual-UL.pdf\">Manuel d&#039;instructions SENSIT\u00ae HVG-3<\/a><\/p>","protected":false},"excerpt":{"rendered":"<p>SENSIT\u00ae HXG-3 Combustible Gas Leak Detector SENSIT\u00ae HXG-3 is an advanced, portable combustible gas leak detector capable of detecting and monitoring combustible gases such as natural gas, methane, and propane. SENSIT\u00ae HXG-3 backlit LCD display shows percent lower explosive limit (LEL) and part-per million (ppm) readings simultaneously for accurate gas leak detection and gas analysis. [&hellip;]<\/p>\n","protected":false},"featured_media":1055,"template":"","meta":[],"product_brand":[],"product_cat":[24,50],"product_tag":[],"class_list":{"0":"post-1128","1":"product","2":"type-product","3":"status-publish","4":"has-post-thumbnail","6":"product_cat-leak-detection","7":"product_cat-sensit","9":"first","10":"instock","11":"shipping-taxable","12":"product-type-simple"},"yoast_head":"<!-- This site is optimized with the Yoast SEO Premium plugin v23.9 (Yoast SEO v27.3) - https:\/\/yoast.com\/product\/yoast-seo-premium-wordpress\/ -->\n<title>SENSIT\u00ae HXG-3 - ECCO<\/title>\n<meta name=\"description\" content=\"SENSIT\u00ae HXG-3 is an advanced, portable combustible gas leak detector capable of detecting and monitoring combustible gases such as natural gas, methane, and propane.SENSIT\u00ae HXG-3 backlit LCD display shows percent lower explosive limit (LEL) and part-per million (ppm) readings simultaneously for accurate gas leak detection and gas analysis. Audible and visual alarms warn of potential hazardous conditions.Find gas leaks fast!Gas leaks can easily be pinpointed by using an audible tick rate. The sensor is located at the end of a flexible gooseneck to easily reach areas where leaks may be suspected.\" \/>\n<meta name=\"robots\" content=\"index, follow, max-snippet:-1, max-image-preview:large, max-video-preview:-1\" \/>\n<link rel=\"canonical\" href=\"https:\/\/equipmentcontrols.com\/fr\/produit\/sensit-hxg-3\/\" \/>\n<meta property=\"og:locale\" content=\"fr_CA\" \/>\n<meta property=\"og:type\" content=\"article\" \/>\n<meta property=\"og:title\" content=\"SENSIT\u00ae HXG-3\" \/>\n<meta property=\"og:description\" content=\"SENSIT\u00ae HXG-3 is an advanced, portable combustible gas leak detector capable of detecting and monitoring combustible gases such as natural gas, methane, and propane.SENSIT\u00ae HXG-3 backlit LCD display shows percent lower explosive limit (LEL) and part-per million (ppm) readings simultaneously for accurate gas leak detection and gas analysis. Audible and visual alarms warn of potential hazardous conditions.Find gas leaks fast!Gas leaks can easily be pinpointed by using an audible tick rate. The sensor is located at the end of a flexible gooseneck to easily reach areas where leaks may be suspected.\" \/>\n<meta property=\"og:url\" content=\"https:\/\/equipmentcontrols.com\/fr\/produit\/sensit-hxg-3\/\" \/>\n<meta property=\"og:site_name\" content=\"ECCO\" \/>\n<meta property=\"article:modified_time\" content=\"2021-09-22T22:00:48+00:00\" \/>\n<meta property=\"og:image\" content=\"https:\/\/equipmentcontrols.com\/wp-content\/uploads\/2020\/05\/SENSIT-HXG-3.jpg\" \/>\n\t<meta property=\"og:image:width\" content=\"860\" \/>\n\t<meta property=\"og:image:height\" content=\"860\" \/>\n\t<meta property=\"og:image:type\" content=\"image\/jpeg\" \/>\n<meta name=\"twitter:card\" content=\"summary_large_image\" \/>\n<meta name=\"twitter:label1\" content=\"Estimation du temps de lecture\" \/>\n\t<meta name=\"twitter:data1\" content=\"1 minute\" \/>\n<script type=\"application\/ld+json\" class=\"yoast-schema-graph\">{\"@context\":\"https:\\\/\\\/schema.org\",\"@graph\":[{\"@type\":\"WebPage\",\"@id\":\"https:\\\/\\\/equipmentcontrols.com\\\/product\\\/sensit-hxg-3\\\/\",\"url\":\"https:\\\/\\\/equipmentcontrols.com\\\/product\\\/sensit-hxg-3\\\/\",\"name\":\"SENSIT\u00ae HXG-3 - ECCO\",\"isPartOf\":{\"@id\":\"https:\\\/\\\/equipmentcontrols.com\\\/#website\"},\"primaryImageOfPage\":{\"@id\":\"https:\\\/\\\/equipmentcontrols.com\\\/product\\\/sensit-hxg-3\\\/#primaryimage\"},\"image\":{\"@id\":\"https:\\\/\\\/equipmentcontrols.com\\\/product\\\/sensit-hxg-3\\\/#primaryimage\"},\"thumbnailUrl\":\"https:\\\/\\\/equipmentcontrols.com\\\/wp-content\\\/uploads\\\/2020\\\/05\\\/SENSIT-HXG-3.jpg\",\"datePublished\":\"2020-05-08T19:54:53+00:00\",\"dateModified\":\"2021-09-22T22:00:48+00:00\",\"description\":\"SENSIT\u00ae HXG-3 is an advanced, portable combustible gas leak detector capable of detecting and monitoring combustible gases such as natural gas, methane, and propane.SENSIT\u00ae HXG-3 backlit LCD display shows percent lower explosive limit (LEL) and part-per million (ppm) readings simultaneously for accurate gas leak detection and gas analysis. Audible and visual alarms warn of potential hazardous conditions.Find gas leaks fast!Gas leaks can easily be pinpointed by using an audible tick rate. The sensor is located at the end of a flexible gooseneck to easily reach areas where leaks may be suspected.\",\"breadcrumb\":{\"@id\":\"https:\\\/\\\/equipmentcontrols.com\\\/product\\\/sensit-hxg-3\\\/#breadcrumb\"},\"inLanguage\":\"fr-CA\",\"potentialAction\":[{\"@type\":\"ReadAction\",\"target\":[\"https:\\\/\\\/equipmentcontrols.com\\\/product\\\/sensit-hxg-3\\\/\"]}]},{\"@type\":\"ImageObject\",\"inLanguage\":\"fr-CA\",\"@id\":\"https:\\\/\\\/equipmentcontrols.com\\\/product\\\/sensit-hxg-3\\\/#primaryimage\",\"url\":\"https:\\\/\\\/equipmentcontrols.com\\\/wp-content\\\/uploads\\\/2020\\\/05\\\/SENSIT-HXG-3.jpg\",\"contentUrl\":\"https:\\\/\\\/equipmentcontrols.com\\\/wp-content\\\/uploads\\\/2020\\\/05\\\/SENSIT-HXG-3.jpg\",\"width\":860,\"height\":860,\"caption\":\"SENSIT HXG-3\"},{\"@type\":\"BreadcrumbList\",\"@id\":\"https:\\\/\\\/equipmentcontrols.com\\\/product\\\/sensit-hxg-3\\\/#breadcrumb\",\"itemListElement\":[{\"@type\":\"ListItem\",\"position\":1,\"name\":\"Home\",\"item\":\"https:\\\/\\\/equipmentcontrols.com\\\/\"},{\"@type\":\"ListItem\",\"position\":2,\"name\":\"Shop\",\"item\":\"https:\\\/\\\/equipmentcontrols.com\\\/shop\\\/\"},{\"@type\":\"ListItem\",\"position\":3,\"name\":\"SENSIT\u00ae HXG-3\"}]},{\"@type\":\"WebSite\",\"@id\":\"https:\\\/\\\/equipmentcontrols.com\\\/#website\",\"url\":\"https:\\\/\\\/equipmentcontrols.com\\\/\",\"name\":\"ECCO\",\"description\":\"Equipment Controls Company\",\"potentialAction\":[{\"@type\":\"SearchAction\",\"target\":{\"@type\":\"EntryPoint\",\"urlTemplate\":\"https:\\\/\\\/equipmentcontrols.com\\\/?s={search_term_string}\"},\"query-input\":{\"@type\":\"PropertyValueSpecification\",\"valueRequired\":true,\"valueName\":\"search_term_string\"}}],\"inLanguage\":\"fr-CA\"}]}<\/script>\n<!-- \/ Yoast SEO Premium plugin. -->","yoast_head_json":{"title":"SENSIT\u00ae HXG-3 - ECCO","description":"SENSIT\u00ae HXG-3 is an advanced, portable combustible gas leak detector capable of detecting and monitoring combustible gases such as natural gas, methane, and propane.SENSIT\u00ae HXG-3 backlit LCD display shows percent lower explosive limit (LEL) and part-per million (ppm) readings simultaneously for accurate gas leak detection and gas analysis. Audible and visual alarms warn of potential hazardous conditions.Find gas leaks fast!Gas leaks can easily be pinpointed by using an audible tick rate. The sensor is located at the end of a flexible gooseneck to easily reach areas where leaks may be suspected.","robots":{"index":"index","follow":"follow","max-snippet":"max-snippet:-1","max-image-preview":"max-image-preview:large","max-video-preview":"max-video-preview:-1"},"canonical":"https:\/\/equipmentcontrols.com\/fr\/produit\/sensit-hxg-3\/","og_locale":"fr_CA","og_type":"article","og_title":"SENSIT\u00ae HXG-3","og_description":"SENSIT\u00ae HXG-3 is an advanced, portable combustible gas leak detector capable of detecting and monitoring combustible gases such as natural gas, methane, and propane.SENSIT\u00ae HXG-3 backlit LCD display shows percent lower explosive limit (LEL) and part-per million (ppm) readings simultaneously for accurate gas leak detection and gas analysis. Audible and visual alarms warn of potential hazardous conditions.Find gas leaks fast!Gas leaks can easily be pinpointed by using an audible tick rate. The sensor is located at the end of a flexible gooseneck to easily reach areas where leaks may be suspected.","og_url":"https:\/\/equipmentcontrols.com\/fr\/produit\/sensit-hxg-3\/","og_site_name":"ECCO","article_modified_time":"2021-09-22T22:00:48+00:00","og_image":[{"width":860,"height":860,"url":"https:\/\/equipmentcontrols.com\/wp-content\/uploads\/2020\/05\/SENSIT-HXG-3.jpg","type":"image\/jpeg"}],"twitter_card":"summary_large_image","twitter_misc":{"Estimation du temps de lecture":"1 minute"},"schema":{"@context":"https:\/\/schema.org","@graph":[{"@type":"WebPage","@id":"https:\/\/equipmentcontrols.com\/product\/sensit-hxg-3\/","url":"https:\/\/equipmentcontrols.com\/product\/sensit-hxg-3\/","name":"SENSIT\u00ae HXG-3 - ECCO","isPartOf":{"@id":"https:\/\/equipmentcontrols.com\/#website"},"primaryImageOfPage":{"@id":"https:\/\/equipmentcontrols.com\/product\/sensit-hxg-3\/#primaryimage"},"image":{"@id":"https:\/\/equipmentcontrols.com\/product\/sensit-hxg-3\/#primaryimage"},"thumbnailUrl":"https:\/\/equipmentcontrols.com\/wp-content\/uploads\/2020\/05\/SENSIT-HXG-3.jpg","datePublished":"2020-05-08T19:54:53+00:00","dateModified":"2021-09-22T22:00:48+00:00","description":"SENSIT\u00ae HXG-3 is an advanced, portable combustible gas leak detector capable of detecting and monitoring combustible gases such as natural gas, methane, and propane.SENSIT\u00ae HXG-3 backlit LCD display shows percent lower explosive limit (LEL) and part-per million (ppm) readings simultaneously for accurate gas leak detection and gas analysis. Audible and visual alarms warn of potential hazardous conditions.Find gas leaks fast!Gas leaks can easily be pinpointed by using an audible tick rate. The sensor is located at the end of a flexible gooseneck to easily reach areas where leaks may be suspected.","breadcrumb":{"@id":"https:\/\/equipmentcontrols.com\/product\/sensit-hxg-3\/#breadcrumb"},"inLanguage":"fr-CA","potentialAction":[{"@type":"ReadAction","target":["https:\/\/equipmentcontrols.com\/product\/sensit-hxg-3\/"]}]},{"@type":"ImageObject","inLanguage":"fr-CA","@id":"https:\/\/equipmentcontrols.com\/product\/sensit-hxg-3\/#primaryimage","url":"https:\/\/equipmentcontrols.com\/wp-content\/uploads\/2020\/05\/SENSIT-HXG-3.jpg","contentUrl":"https:\/\/equipmentcontrols.com\/wp-content\/uploads\/2020\/05\/SENSIT-HXG-3.jpg","width":860,"height":860,"caption":"SENSIT HXG-3"},{"@type":"BreadcrumbList","@id":"https:\/\/equipmentcontrols.com\/product\/sensit-hxg-3\/#breadcrumb","itemListElement":[{"@type":"ListItem","position":1,"name":"Home","item":"https:\/\/equipmentcontrols.com\/"},{"@type":"ListItem","position":2,"name":"Shop","item":"https:\/\/equipmentcontrols.com\/shop\/"},{"@type":"ListItem","position":3,"name":"SENSIT\u00ae HXG-3"}]},{"@type":"WebSite","@id":"https:\/\/equipmentcontrols.com\/#website","url":"https:\/\/equipmentcontrols.com\/","name":"ECCO","description":"Compagnie de contr\u00f4le d&#039;\u00e9quipement","potentialAction":[{"@type":"SearchAction","target":{"@type":"EntryPoint","urlTemplate":"https:\/\/equipmentcontrols.com\/?s={search_term_string}"},"query-input":{"@type":"PropertyValueSpecification","valueRequired":true,"valueName":"search_term_string"}}],"inLanguage":"fr-CA"}]}},"_links":{"self":[{"href":"https:\/\/equipmentcontrols.com\/fr\/wp-json\/wp\/v2\/product\/1128","targetHints":{"allow":["GET"]}}],"collection":[{"href":"https:\/\/equipmentcontrols.com\/fr\/wp-json\/wp\/v2\/product"}],"about":[{"href":"https:\/\/equipmentcontrols.com\/fr\/wp-json\/wp\/v2\/types\/product"}],"wp:featuredmedia":[{"embeddable":true,"href":"https:\/\/equipmentcontrols.com\/fr\/wp-json\/wp\/v2\/media\/1055"}],"wp:attachment":[{"href":"https:\/\/equipmentcontrols.com\/fr\/wp-json\/wp\/v2\/media?parent=1128"}],"wp:term":[{"taxonomy":"product_brand","embeddable":true,"href":"https:\/\/equipmentcontrols.com\/fr\/wp-json\/wp\/v2\/product_brand?post=1128"},{"taxonomy":"product_cat","embeddable":true,"href":"https:\/\/equipmentcontrols.com\/fr\/wp-json\/wp\/v2\/product_cat?post=1128"},{"taxonomy":"product_tag","embeddable":true,"href":"https:\/\/equipmentcontrols.com\/fr\/wp-json\/wp\/v2\/product_tag?post=1128"}],"curies":[{"name":"wp","href":"https:\/\/api.w.org\/{rel}","templated":true}]}}