{"id":1126,"date":"2020-05-08T19:31:04","date_gmt":"2020-05-08T19:31:04","guid":{"rendered":"https:\/\/econtrols.stagemysite.com\/?post_type=product&#038;p=1126"},"modified":"2021-09-22T22:02:11","modified_gmt":"2021-09-22T22:02:11","slug":"sensit-hxg-2d","status":"publish","type":"product","link":"https:\/\/equipmentcontrols.com\/fr\/produit\/sensit-hxg-2d\/","title":{"rendered":"SENSIT\u00ae HXG-2d"},"content":{"rendered":"<p><strong>SENSIT\u00ae HXG-2d<\/strong><br \/>\n<strong>D\u00e9tecteur de fuite de gaz combustible<\/strong><\/p>\n<p>Le d\u00e9tecteur de fuites de gaz combustible SENSIT\u00ae HXG-2d est un instrument portatif pour d\u00e9tecter et trouver les fuites de gaz naturel, de m\u00e9thane ou de propane le long des syst\u00e8mes de tuyauterie expos\u00e9s.<\/p>\n<p>SENSIT\u00ae HXG-2d int\u00e8gre un capteur semi-conducteur avanc\u00e9 de faible puissance pour mesurer et afficher les gaz combustibles en parties par million. L&#039;instrument se r\u00e8gle automatiquement sur le pourcentage LIE (limite inf\u00e9rieure d&#039;explosivit\u00e9) lorsque les concentrations d\u00e9passent 990 parties par million.<\/p>\n<p>HXG-2d Affiche LEL ou PPM<br \/>\n\u2022 0-990\u00a0ppm<br \/>\n\u2022 0-100% LEL<\/p>\n<p>SENSIT\u00ae HXG-2d est \u00e9galement dot\u00e9 de notre contr\u00f4le sonore unique qui aide \u00e0 trouver rapidement la source des fuites de gaz. La tique peut \u00eatre facilement entendue \u00e0 travers le haut-parleur situ\u00e9 \u00e0 l&#039;arri\u00e8re de l&#039;instrument.<\/p>\n<p><strong>Certificats\u00a0:<\/strong> Produit homologu\u00e9 ATEX, UL, BPI<\/p>\n<p><strong>Traits:<\/strong><br \/>\n\u2022 Fonctionnement par bouton-poussoir<br \/>\n\u2022 Capteur \u00e0 faible co\u00fbt et longue dur\u00e9e de vie<br \/>\n\u2022 \u00c9talonnage sur le terrain<br \/>\n\u2022 Stockage de la m\u00e9moire de donn\u00e9es<br \/>\n\u2022 Affichage r\u00e9tro\u00e9clair\u00e9<br \/>\n\u2022 Lecture directe PPM ou LEL<br \/>\n\u2022 Alarmes r\u00e9glables<br \/>\n\u2022 Contr\u00f4le num\u00e9rique des tiques<\/p>\n<p><strong>Applications:<\/strong><br \/>\n\u2022 D\u00e9tecter et localiser les petites fuites de gaz<br \/>\n\u2022 Surveillance de zone<br \/>\n\u2022 Enqu\u00eate sur les fuites de gaz<br \/>\n\u2022 D\u00e9tection chimique<br \/>\n\u2022 Purge de conduite de gaz<br \/>\n\u2022 D\u00e9tection d&#039;incendie criminel\/d&#039;acc\u00e9l\u00e9rateur<\/p>\n<p><strong>T\u00e9l\u00e9chargements\u00a0:<\/strong><br \/>\n<a href=\"https:\/\/equipmentcontrols.com\/wp-content\/uploads\/2020\/05\/Sensit-HXG-2d-Bulletin.pdf\">Bulletin SENSIT\u00ae HXG-2d<\/a><br \/>\n<a href=\"https:\/\/equipmentcontrols.com\/wp-content\/uploads\/2020\/05\/Sensit-HXG-2d-Instruction-Manual.pdf\">Mode d&#039;emploi SENSIT\u00ae HVG-2d<\/a><\/p>","protected":false},"excerpt":{"rendered":"<p>SENSIT\u00ae HXG-2d Combustible Gas Leak Detector SENSIT\u00ae HXG-2d Combustible gas leak detector is a hand held instrument for detecting and finding natural gas, methane or propane gas leaks along exposed pipe systems. SENSIT\u00ae HXG-2d incorporates an advanced low power semi-conductor sensor to measure and display combustible gases in parts per million. The instrument auto ranges [&hellip;]<\/p>\n","protected":false},"featured_media":1054,"template":"","meta":[],"product_brand":[],"product_cat":[24,50],"product_tag":[],"class_list":{"0":"post-1126","1":"product","2":"type-product","3":"status-publish","4":"has-post-thumbnail","6":"product_cat-leak-detection","7":"product_cat-sensit","9":"first","10":"instock","11":"shipping-taxable","12":"product-type-simple"},"yoast_head":"<!-- This site is optimized with the Yoast SEO Premium plugin v23.9 (Yoast SEO v27.3) - https:\/\/yoast.com\/product\/yoast-seo-premium-wordpress\/ -->\n<title>SENSIT\u00ae HXG-2d - ECCO<\/title>\n<meta name=\"description\" content=\"SENSIT\u00ae GOLD G2 is a combustible gas indicator (CGI) used for gas leak surveys, investigations, gas leak pinpointing, gas pipeline purging and confined space applications.\" \/>\n<meta name=\"robots\" content=\"index, follow, max-snippet:-1, max-image-preview:large, max-video-preview:-1\" \/>\n<link rel=\"canonical\" href=\"https:\/\/equipmentcontrols.com\/fr\/produit\/sensit-hxg-2d\/\" \/>\n<meta property=\"og:locale\" content=\"fr_CA\" \/>\n<meta property=\"og:type\" content=\"article\" \/>\n<meta property=\"og:title\" content=\"SENSIT\u00ae HXG-2d\" \/>\n<meta property=\"og:description\" content=\"SENSIT\u00ae GOLD G2 is a combustible gas indicator (CGI) used for gas leak surveys, investigations, gas leak pinpointing, gas pipeline purging and confined space applications.\" \/>\n<meta property=\"og:url\" content=\"https:\/\/equipmentcontrols.com\/fr\/produit\/sensit-hxg-2d\/\" \/>\n<meta property=\"og:site_name\" content=\"ECCO\" \/>\n<meta property=\"article:modified_time\" content=\"2021-09-22T22:02:11+00:00\" \/>\n<meta property=\"og:image\" content=\"https:\/\/equipmentcontrols.com\/wp-content\/uploads\/2020\/05\/SENSIT-HXG-2d.jpg\" \/>\n\t<meta property=\"og:image:width\" content=\"860\" \/>\n\t<meta property=\"og:image:height\" content=\"860\" \/>\n\t<meta property=\"og:image:type\" content=\"image\/jpeg\" \/>\n<meta name=\"twitter:card\" content=\"summary_large_image\" \/>\n<meta name=\"twitter:label1\" content=\"Estimation du temps de lecture\" \/>\n\t<meta name=\"twitter:data1\" content=\"1 minute\" \/>\n<script type=\"application\/ld+json\" class=\"yoast-schema-graph\">{\"@context\":\"https:\\\/\\\/schema.org\",\"@graph\":[{\"@type\":\"WebPage\",\"@id\":\"https:\\\/\\\/equipmentcontrols.com\\\/product\\\/sensit-hxg-2d\\\/\",\"url\":\"https:\\\/\\\/equipmentcontrols.com\\\/product\\\/sensit-hxg-2d\\\/\",\"name\":\"SENSIT\u00ae HXG-2d - ECCO\",\"isPartOf\":{\"@id\":\"https:\\\/\\\/equipmentcontrols.com\\\/#website\"},\"primaryImageOfPage\":{\"@id\":\"https:\\\/\\\/equipmentcontrols.com\\\/product\\\/sensit-hxg-2d\\\/#primaryimage\"},\"image\":{\"@id\":\"https:\\\/\\\/equipmentcontrols.com\\\/product\\\/sensit-hxg-2d\\\/#primaryimage\"},\"thumbnailUrl\":\"https:\\\/\\\/equipmentcontrols.com\\\/wp-content\\\/uploads\\\/2020\\\/05\\\/SENSIT-HXG-2d.jpg\",\"datePublished\":\"2020-05-08T19:31:04+00:00\",\"dateModified\":\"2021-09-22T22:02:11+00:00\",\"description\":\"SENSIT\u00ae GOLD G2 is a combustible gas indicator (CGI) used for gas leak surveys, investigations, gas leak pinpointing, gas pipeline purging and confined space applications.\",\"breadcrumb\":{\"@id\":\"https:\\\/\\\/equipmentcontrols.com\\\/product\\\/sensit-hxg-2d\\\/#breadcrumb\"},\"inLanguage\":\"fr-CA\",\"potentialAction\":[{\"@type\":\"ReadAction\",\"target\":[\"https:\\\/\\\/equipmentcontrols.com\\\/product\\\/sensit-hxg-2d\\\/\"]}]},{\"@type\":\"ImageObject\",\"inLanguage\":\"fr-CA\",\"@id\":\"https:\\\/\\\/equipmentcontrols.com\\\/product\\\/sensit-hxg-2d\\\/#primaryimage\",\"url\":\"https:\\\/\\\/equipmentcontrols.com\\\/wp-content\\\/uploads\\\/2020\\\/05\\\/SENSIT-HXG-2d.jpg\",\"contentUrl\":\"https:\\\/\\\/equipmentcontrols.com\\\/wp-content\\\/uploads\\\/2020\\\/05\\\/SENSIT-HXG-2d.jpg\",\"width\":860,\"height\":860,\"caption\":\"SENSIT HXG-2d\"},{\"@type\":\"BreadcrumbList\",\"@id\":\"https:\\\/\\\/equipmentcontrols.com\\\/product\\\/sensit-hxg-2d\\\/#breadcrumb\",\"itemListElement\":[{\"@type\":\"ListItem\",\"position\":1,\"name\":\"Home\",\"item\":\"https:\\\/\\\/equipmentcontrols.com\\\/\"},{\"@type\":\"ListItem\",\"position\":2,\"name\":\"Shop\",\"item\":\"https:\\\/\\\/equipmentcontrols.com\\\/shop\\\/\"},{\"@type\":\"ListItem\",\"position\":3,\"name\":\"SENSIT\u00ae HXG-2d\"}]},{\"@type\":\"WebSite\",\"@id\":\"https:\\\/\\\/equipmentcontrols.com\\\/#website\",\"url\":\"https:\\\/\\\/equipmentcontrols.com\\\/\",\"name\":\"ECCO\",\"description\":\"Equipment Controls Company\",\"potentialAction\":[{\"@type\":\"SearchAction\",\"target\":{\"@type\":\"EntryPoint\",\"urlTemplate\":\"https:\\\/\\\/equipmentcontrols.com\\\/?s={search_term_string}\"},\"query-input\":{\"@type\":\"PropertyValueSpecification\",\"valueRequired\":true,\"valueName\":\"search_term_string\"}}],\"inLanguage\":\"fr-CA\"}]}<\/script>\n<!-- \/ Yoast SEO Premium plugin. -->","yoast_head_json":{"title":"SENSIT\u00ae HXG-2d - ECCO","description":"SENSIT\u00ae GOLD G2 est un indicateur de gaz combustible (CGI) utilis\u00e9 pour les enqu\u00eates sur les fuites de gaz, les enqu\u00eates, la localisation des fuites de gaz, la purge des gazoducs et les applications en espace confin\u00e9.","robots":{"index":"index","follow":"follow","max-snippet":"max-snippet:-1","max-image-preview":"max-image-preview:large","max-video-preview":"max-video-preview:-1"},"canonical":"https:\/\/equipmentcontrols.com\/fr\/produit\/sensit-hxg-2d\/","og_locale":"fr_CA","og_type":"article","og_title":"SENSIT\u00ae HXG-2d","og_description":"SENSIT\u00ae GOLD G2 is a combustible gas indicator (CGI) used for gas leak surveys, investigations, gas leak pinpointing, gas pipeline purging and confined space applications.","og_url":"https:\/\/equipmentcontrols.com\/fr\/produit\/sensit-hxg-2d\/","og_site_name":"ECCO","article_modified_time":"2021-09-22T22:02:11+00:00","og_image":[{"width":860,"height":860,"url":"https:\/\/equipmentcontrols.com\/wp-content\/uploads\/2020\/05\/SENSIT-HXG-2d.jpg","type":"image\/jpeg"}],"twitter_card":"summary_large_image","twitter_misc":{"Estimation du temps de lecture":"1 minute"},"schema":{"@context":"https:\/\/schema.org","@graph":[{"@type":"WebPage","@id":"https:\/\/equipmentcontrols.com\/product\/sensit-hxg-2d\/","url":"https:\/\/equipmentcontrols.com\/product\/sensit-hxg-2d\/","name":"SENSIT\u00ae HXG-2d - ECCO","isPartOf":{"@id":"https:\/\/equipmentcontrols.com\/#website"},"primaryImageOfPage":{"@id":"https:\/\/equipmentcontrols.com\/product\/sensit-hxg-2d\/#primaryimage"},"image":{"@id":"https:\/\/equipmentcontrols.com\/product\/sensit-hxg-2d\/#primaryimage"},"thumbnailUrl":"https:\/\/equipmentcontrols.com\/wp-content\/uploads\/2020\/05\/SENSIT-HXG-2d.jpg","datePublished":"2020-05-08T19:31:04+00:00","dateModified":"2021-09-22T22:02:11+00:00","description":"SENSIT\u00ae GOLD G2 est un indicateur de gaz combustible (CGI) utilis\u00e9 pour les enqu\u00eates sur les fuites de gaz, les enqu\u00eates, la localisation des fuites de gaz, la purge des gazoducs et les applications en espace confin\u00e9.","breadcrumb":{"@id":"https:\/\/equipmentcontrols.com\/product\/sensit-hxg-2d\/#breadcrumb"},"inLanguage":"fr-CA","potentialAction":[{"@type":"ReadAction","target":["https:\/\/equipmentcontrols.com\/product\/sensit-hxg-2d\/"]}]},{"@type":"ImageObject","inLanguage":"fr-CA","@id":"https:\/\/equipmentcontrols.com\/product\/sensit-hxg-2d\/#primaryimage","url":"https:\/\/equipmentcontrols.com\/wp-content\/uploads\/2020\/05\/SENSIT-HXG-2d.jpg","contentUrl":"https:\/\/equipmentcontrols.com\/wp-content\/uploads\/2020\/05\/SENSIT-HXG-2d.jpg","width":860,"height":860,"caption":"SENSIT HXG-2d"},{"@type":"BreadcrumbList","@id":"https:\/\/equipmentcontrols.com\/product\/sensit-hxg-2d\/#breadcrumb","itemListElement":[{"@type":"ListItem","position":1,"name":"Home","item":"https:\/\/equipmentcontrols.com\/"},{"@type":"ListItem","position":2,"name":"Shop","item":"https:\/\/equipmentcontrols.com\/shop\/"},{"@type":"ListItem","position":3,"name":"SENSIT\u00ae HXG-2d"}]},{"@type":"WebSite","@id":"https:\/\/equipmentcontrols.com\/#website","url":"https:\/\/equipmentcontrols.com\/","name":"ECCO","description":"Compagnie de contr\u00f4le d&#039;\u00e9quipement","potentialAction":[{"@type":"SearchAction","target":{"@type":"EntryPoint","urlTemplate":"https:\/\/equipmentcontrols.com\/?s={search_term_string}"},"query-input":{"@type":"PropertyValueSpecification","valueRequired":true,"valueName":"search_term_string"}}],"inLanguage":"fr-CA"}]}},"_links":{"self":[{"href":"https:\/\/equipmentcontrols.com\/fr\/wp-json\/wp\/v2\/product\/1126","targetHints":{"allow":["GET"]}}],"collection":[{"href":"https:\/\/equipmentcontrols.com\/fr\/wp-json\/wp\/v2\/product"}],"about":[{"href":"https:\/\/equipmentcontrols.com\/fr\/wp-json\/wp\/v2\/types\/product"}],"wp:featuredmedia":[{"embeddable":true,"href":"https:\/\/equipmentcontrols.com\/fr\/wp-json\/wp\/v2\/media\/1054"}],"wp:attachment":[{"href":"https:\/\/equipmentcontrols.com\/fr\/wp-json\/wp\/v2\/media?parent=1126"}],"wp:term":[{"taxonomy":"product_brand","embeddable":true,"href":"https:\/\/equipmentcontrols.com\/fr\/wp-json\/wp\/v2\/product_brand?post=1126"},{"taxonomy":"product_cat","embeddable":true,"href":"https:\/\/equipmentcontrols.com\/fr\/wp-json\/wp\/v2\/product_cat?post=1126"},{"taxonomy":"product_tag","embeddable":true,"href":"https:\/\/equipmentcontrols.com\/fr\/wp-json\/wp\/v2\/product_tag?post=1126"}],"curies":[{"name":"wp","href":"https:\/\/api.w.org\/{rel}","templated":true}]}}