{"id":1118,"date":"2020-05-07T23:15:10","date_gmt":"2020-05-07T23:15:10","guid":{"rendered":"https:\/\/econtrols.stagemysite.com\/?post_type=product&#038;p=1118"},"modified":"2023-07-16T23:32:27","modified_gmt":"2023-07-16T23:32:27","slug":"pf-aperflux-101","status":"publish","type":"product","link":"https:\/\/equipmentcontrols.com\/fr\/produit\/pf-aperflux-101\/","title":{"rendered":"PF Aperflux 101"},"content":{"rendered":"<p><strong>PF Aperflux <\/strong><strong>101 R\u00e9gulateurs de pression de gaz pilot\u00e9s<\/strong><\/p>\n<div class=\"col-lg-8 col-md-8 col-sm-8 col-xs-12\">L&#039;Aperflux 101 est un r\u00e9gulateur de pression pilot\u00e9 de style botte pour les applications \u00e0 moyenne et haute pression. Aperflux 101 est normalement un r\u00e9gulateur ouvert d\u00e9faillant et s&#039;ouvrira sp\u00e9cifiquement dans les circonstances suivantes\u00a0:<br \/>\n\u2022 Rupture du diaphragme principal ;<br \/>\n\u2022 Absence de pression alimentant le circuit pilote ;<br \/>\nCes r\u00e9gulateurs conviennent pour une utilisation avec des gaz non corrosifs pr\u00e9alablement filtr\u00e9s.<\/div>\n<div><\/div>\n<p><strong>Caract\u00e9ristiques fonctionnelles*\u00a0:<\/strong><\/p>\n<p>\u2022 Pression d&#039;entr\u00e9e maximale\u00a0: jusqu&#039;\u00e0 1\u00a0233\u00a0PSIG<br \/>\n\u2022 Plage de pression en aval\u00a0: \u00e0 partir de 1\u00a0170\u00a0PSIG\u00a0\u2013\u00a0selon le pilote install\u00e9<br \/>\n\u2022 Pression diff\u00e9rentielle minimale de travail\u00a0: 14,5\u00a0PSIG<br \/>\n\u2022 Temp\u00e9rature ambiante minimale\u00a0: Ex\u00e9cution jusqu&#039;\u00e0 -40\u00a0\u00b0F<br \/>\n\u2022 Temp\u00e9rature ambiante maximale\u00a0: 140\u00a0\u00b0F<br \/>\n\u2022\u00a0Temp\u00e9rature du gaz en circulation\u00a0: -4\u00a0\u00b0F \u00e0 140\u00a0\u00b0F<br \/>\n\u2022 Classe de pr\u00e9cision AC\u00a0: jusqu&#039;\u00e0 1,51\u00a0TP2T<br \/>\n\u2022 Classe de pression de recherche SG\u00a0: jusqu&#039;\u00e0 2,51\u00a0TP2T<\/p>\n<p><strong>Caract\u00e9ristiques de conception:<\/strong><\/p>\n<p>\u2022 Dimensions normales (DN) : 2\u2033 ; 3\u2033<br \/>\n\u2022 Raccords \u00e0 brides : Classe 150-300-600 RF ou RTJ, selon ANSI B16.5 et PN 16 selon UNI 2282 ou DIN 2263, (ISO 7005).<\/p>\n<p><strong>Mat\u00e9riaux**:<\/strong><br \/>\n\u2022 Corps : Acier coul\u00e9 ASTM A 352 LCC pour les classes ANSI 600 et 300 ;<br \/>\n-Acier moul\u00e9 ASTM A 352 LCC pour les classes ANSI 600 et 300\u00a0;<br \/>\n-Acier coul\u00e9 ASTM A 216 WCB pour les classes ANSI 150 et PN 16 ;<br \/>\n\u2022 Couvre-culasse\u00a0: acier moul\u00e9 ASTM A 350 LF2<br \/>\n\u2022 Diaphragme\u00a0: toile caoutchout\u00e9e<br \/>\n\u2022 Si\u00e8ge : Inox pour DN= =DN 100 (4\u2033)<br \/>\n\u2022 Bague d&#039;\u00e9tanch\u00e9it\u00e9\u00a0: caoutchouc nitrile<br \/>\n\u2022 Raccords de raccordement : En acier au carbone zingu\u00e9 selon DIN 2353 ; Inox sur demande.<br \/>\n\u2022 Classe de pr\u00e9cision AC\u00a0: jusqu&#039;\u00e0 1,51\u00a0TP2T<br \/>\n\u2022 Classe de pression de recherche SG\u00a0: jusqu&#039;\u00e0 2,51\u00a0TP2T<\/p>\n<p><em>*Diff\u00e9rentes caract\u00e9ristiques fonctionnelles disponibles sur demande.<\/em><br \/>\n<em>**Les mat\u00e9riaux indiqu\u00e9s ci-dessus se r\u00e9f\u00e8rent aux mod\u00e8les standards. Diff\u00e9rents mat\u00e9riaux peuvent \u00eatre fournis selon les besoins sp\u00e9cifiques.<\/em><\/p>\n<div><\/div>\n<p><strong>T\u00e9l\u00e9chargements\u00a0:<\/strong><br \/>\n<a href=\"https:\/\/equipmentcontrols.com\/wp-content\/uploads\/2022\/11\/Aperflux-101-10.23.22.pdf\">PF Aperflux 101 Brochure<\/a><\/p>\n<p><a href=\"https:\/\/equipmentcontrols.com\/wp-content\/uploads\/2023\/04\/PF-Aperflux-101-Flyer-04.17.23.pdf\">PF Aperflux 101 Flyer<\/a><\/p>\n<p><a title=\"Manuel technique Dival 160 Ap (ENG-ITA)\" href=\"https:\/\/equipmentcontrols.com\/wp-content\/uploads\/2020\/05\/263_aperflux_101_po_ps501_eng.pdf\" target=\"_blank\" rel=\"noopener noreferrer\">PF Aperflux 101 Poster<\/a><\/p>\n<p>&nbsp;<\/p>","protected":false},"excerpt":{"rendered":"<p>PF Aperflux 101 Pilot-Operated Gas Pressure Regulators The Aperflux 101 is a boot style pilot-controlled pressure regulator for medium and high pressure applications. Aperflux 101 is normally a failed open regulator and specifically will open under the following circumstances: \u2022 Breakage of main diaphragm; \u2022 Lack of pressure feeding the pilot circuit; These regulators are [&hellip;]<\/p>\n","protected":false},"featured_media":1044,"template":"","meta":[],"product_brand":[],"product_cat":[20,139,46],"product_tag":[],"class_list":{"0":"post-1118","1":"product","2":"type-product","3":"status-publish","4":"has-post-thumbnail","6":"product_cat-gas-regulators","7":"product_cat-hydrogen-ready-pressure-products","8":"product_cat-pietro-fiorentini","10":"first","11":"instock","12":"shipping-taxable","13":"product-type-simple"},"yoast_head":"<!-- This site is optimized with the Yoast SEO Premium plugin v23.9 (Yoast SEO v27.3) - https:\/\/yoast.com\/product\/yoast-seo-premium-wordpress\/ -->\n<title>PF Aperflux 101 - ECCO<\/title>\n<meta name=\"description\" content=\"The APERVAL 101 is a pilot-controlled regulator for low- and medium-pressure applications. TheAPERVAL 101 is a fail-to-open regulator.It will open if:\u2022 There is no pilot loop supply;\u2022 The main pilot diaphragm is damaged.This regulator is suitable for use with previously-filtered, non-corrosive gases.Its truly &quot;top entry design&quot; allows all maintenance to be carried out without taking the body off line.\" \/>\n<meta name=\"robots\" content=\"index, follow, max-snippet:-1, max-image-preview:large, max-video-preview:-1\" \/>\n<link rel=\"canonical\" href=\"https:\/\/equipmentcontrols.com\/fr\/produit\/pf-aperflux-101\/\" \/>\n<meta property=\"og:locale\" content=\"fr_CA\" \/>\n<meta property=\"og:type\" content=\"article\" \/>\n<meta property=\"og:title\" content=\"PF Aperflux 101\" \/>\n<meta property=\"og:description\" content=\"The APERVAL 101 is a pilot-controlled regulator for low- and medium-pressure applications. TheAPERVAL 101 is a fail-to-open regulator.It will open if:\u2022 There is no pilot loop supply;\u2022 The main pilot diaphragm is damaged.This regulator is suitable for use with previously-filtered, non-corrosive gases.Its truly &quot;top entry design&quot; allows all maintenance to be carried out without taking the body off line.\" \/>\n<meta property=\"og:url\" content=\"https:\/\/equipmentcontrols.com\/fr\/produit\/pf-aperflux-101\/\" \/>\n<meta property=\"og:site_name\" content=\"ECCO\" \/>\n<meta property=\"article:modified_time\" content=\"2023-07-16T23:32:27+00:00\" \/>\n<meta property=\"og:image\" content=\"https:\/\/equipmentcontrols.com\/wp-content\/uploads\/2020\/05\/PF-Aperflux-101.jpg\" \/>\n\t<meta property=\"og:image:width\" content=\"860\" \/>\n\t<meta property=\"og:image:height\" content=\"860\" \/>\n\t<meta property=\"og:image:type\" content=\"image\/jpeg\" \/>\n<meta name=\"twitter:card\" content=\"summary_large_image\" \/>\n<meta name=\"twitter:label1\" content=\"Estimation du temps de lecture\" \/>\n\t<meta name=\"twitter:data1\" content=\"2 minutes\" \/>\n<script type=\"application\/ld+json\" class=\"yoast-schema-graph\">{\"@context\":\"https:\\\/\\\/schema.org\",\"@graph\":[{\"@type\":\"WebPage\",\"@id\":\"https:\\\/\\\/equipmentcontrols.com\\\/product\\\/pf-aperflux-101\\\/\",\"url\":\"https:\\\/\\\/equipmentcontrols.com\\\/product\\\/pf-aperflux-101\\\/\",\"name\":\"PF Aperflux 101 - ECCO\",\"isPartOf\":{\"@id\":\"https:\\\/\\\/equipmentcontrols.com\\\/#website\"},\"primaryImageOfPage\":{\"@id\":\"https:\\\/\\\/equipmentcontrols.com\\\/product\\\/pf-aperflux-101\\\/#primaryimage\"},\"image\":{\"@id\":\"https:\\\/\\\/equipmentcontrols.com\\\/product\\\/pf-aperflux-101\\\/#primaryimage\"},\"thumbnailUrl\":\"https:\\\/\\\/equipmentcontrols.com\\\/wp-content\\\/uploads\\\/2020\\\/05\\\/PF-Aperflux-101.jpg\",\"datePublished\":\"2020-05-07T23:15:10+00:00\",\"dateModified\":\"2023-07-16T23:32:27+00:00\",\"description\":\"The APERVAL 101 is a pilot-controlled regulator for low- and medium-pressure applications. TheAPERVAL 101 is a fail-to-open regulator.It will open if:\u2022 There is no pilot loop supply;\u2022 The main pilot diaphragm is damaged.This regulator is suitable for use with previously-filtered, non-corrosive gases.Its truly \\\"top entry design\\\" allows all maintenance to be carried out without taking the body off line.\",\"breadcrumb\":{\"@id\":\"https:\\\/\\\/equipmentcontrols.com\\\/product\\\/pf-aperflux-101\\\/#breadcrumb\"},\"inLanguage\":\"fr-CA\",\"potentialAction\":[{\"@type\":\"ReadAction\",\"target\":[\"https:\\\/\\\/equipmentcontrols.com\\\/product\\\/pf-aperflux-101\\\/\"]}]},{\"@type\":\"ImageObject\",\"inLanguage\":\"fr-CA\",\"@id\":\"https:\\\/\\\/equipmentcontrols.com\\\/product\\\/pf-aperflux-101\\\/#primaryimage\",\"url\":\"https:\\\/\\\/equipmentcontrols.com\\\/wp-content\\\/uploads\\\/2020\\\/05\\\/PF-Aperflux-101.jpg\",\"contentUrl\":\"https:\\\/\\\/equipmentcontrols.com\\\/wp-content\\\/uploads\\\/2020\\\/05\\\/PF-Aperflux-101.jpg\",\"width\":860,\"height\":860,\"caption\":\"PF Aperflux 101\"},{\"@type\":\"BreadcrumbList\",\"@id\":\"https:\\\/\\\/equipmentcontrols.com\\\/product\\\/pf-aperflux-101\\\/#breadcrumb\",\"itemListElement\":[{\"@type\":\"ListItem\",\"position\":1,\"name\":\"Home\",\"item\":\"https:\\\/\\\/equipmentcontrols.com\\\/\"},{\"@type\":\"ListItem\",\"position\":2,\"name\":\"Shop\",\"item\":\"https:\\\/\\\/equipmentcontrols.com\\\/shop\\\/\"},{\"@type\":\"ListItem\",\"position\":3,\"name\":\"PF Aperflux 101\"}]},{\"@type\":\"WebSite\",\"@id\":\"https:\\\/\\\/equipmentcontrols.com\\\/#website\",\"url\":\"https:\\\/\\\/equipmentcontrols.com\\\/\",\"name\":\"ECCO\",\"description\":\"Equipment Controls Company\",\"potentialAction\":[{\"@type\":\"SearchAction\",\"target\":{\"@type\":\"EntryPoint\",\"urlTemplate\":\"https:\\\/\\\/equipmentcontrols.com\\\/?s={search_term_string}\"},\"query-input\":{\"@type\":\"PropertyValueSpecification\",\"valueRequired\":true,\"valueName\":\"search_term_string\"}}],\"inLanguage\":\"fr-CA\"}]}<\/script>\n<!-- \/ Yoast SEO Premium plugin. -->","yoast_head_json":{"title":"PF Aperflux 101 - ECCO","description":"The APERVAL 101 is a pilot-controlled regulator for low- and medium-pressure applications. TheAPERVAL 101 is a fail-to-open regulator.It will open if:\u2022 There is no pilot loop supply;\u2022 The main pilot diaphragm is damaged.This regulator is suitable for use with previously-filtered, non-corrosive gases.Its truly \"top entry design\" allows all maintenance to be carried out without taking the body off line.","robots":{"index":"index","follow":"follow","max-snippet":"max-snippet:-1","max-image-preview":"max-image-preview:large","max-video-preview":"max-video-preview:-1"},"canonical":"https:\/\/equipmentcontrols.com\/fr\/produit\/pf-aperflux-101\/","og_locale":"fr_CA","og_type":"article","og_title":"PF Aperflux 101","og_description":"The APERVAL 101 is a pilot-controlled regulator for low- and medium-pressure applications. TheAPERVAL 101 is a fail-to-open regulator.It will open if:\u2022 There is no pilot loop supply;\u2022 The main pilot diaphragm is damaged.This regulator is suitable for use with previously-filtered, non-corrosive gases.Its truly \"top entry design\" allows all maintenance to be carried out without taking the body off line.","og_url":"https:\/\/equipmentcontrols.com\/fr\/produit\/pf-aperflux-101\/","og_site_name":"ECCO","article_modified_time":"2023-07-16T23:32:27+00:00","og_image":[{"width":860,"height":860,"url":"https:\/\/equipmentcontrols.com\/wp-content\/uploads\/2020\/05\/PF-Aperflux-101.jpg","type":"image\/jpeg"}],"twitter_card":"summary_large_image","twitter_misc":{"Estimation du temps de lecture":"2 minutes"},"schema":{"@context":"https:\/\/schema.org","@graph":[{"@type":"WebPage","@id":"https:\/\/equipmentcontrols.com\/product\/pf-aperflux-101\/","url":"https:\/\/equipmentcontrols.com\/product\/pf-aperflux-101\/","name":"PF Aperflux 101 - ECCO","isPartOf":{"@id":"https:\/\/equipmentcontrols.com\/#website"},"primaryImageOfPage":{"@id":"https:\/\/equipmentcontrols.com\/product\/pf-aperflux-101\/#primaryimage"},"image":{"@id":"https:\/\/equipmentcontrols.com\/product\/pf-aperflux-101\/#primaryimage"},"thumbnailUrl":"https:\/\/equipmentcontrols.com\/wp-content\/uploads\/2020\/05\/PF-Aperflux-101.jpg","datePublished":"2020-05-07T23:15:10+00:00","dateModified":"2023-07-16T23:32:27+00:00","description":"The APERVAL 101 is a pilot-controlled regulator for low- and medium-pressure applications. TheAPERVAL 101 is a fail-to-open regulator.It will open if:\u2022 There is no pilot loop supply;\u2022 The main pilot diaphragm is damaged.This regulator is suitable for use with previously-filtered, non-corrosive gases.Its truly \"top entry design\" allows all maintenance to be carried out without taking the body off line.","breadcrumb":{"@id":"https:\/\/equipmentcontrols.com\/product\/pf-aperflux-101\/#breadcrumb"},"inLanguage":"fr-CA","potentialAction":[{"@type":"ReadAction","target":["https:\/\/equipmentcontrols.com\/product\/pf-aperflux-101\/"]}]},{"@type":"ImageObject","inLanguage":"fr-CA","@id":"https:\/\/equipmentcontrols.com\/product\/pf-aperflux-101\/#primaryimage","url":"https:\/\/equipmentcontrols.com\/wp-content\/uploads\/2020\/05\/PF-Aperflux-101.jpg","contentUrl":"https:\/\/equipmentcontrols.com\/wp-content\/uploads\/2020\/05\/PF-Aperflux-101.jpg","width":860,"height":860,"caption":"PF Aperflux 101"},{"@type":"BreadcrumbList","@id":"https:\/\/equipmentcontrols.com\/product\/pf-aperflux-101\/#breadcrumb","itemListElement":[{"@type":"ListItem","position":1,"name":"Home","item":"https:\/\/equipmentcontrols.com\/"},{"@type":"ListItem","position":2,"name":"Shop","item":"https:\/\/equipmentcontrols.com\/shop\/"},{"@type":"ListItem","position":3,"name":"PF Aperflux 101"}]},{"@type":"WebSite","@id":"https:\/\/equipmentcontrols.com\/#website","url":"https:\/\/equipmentcontrols.com\/","name":"ECCO","description":"Compagnie de contr\u00f4le d&#039;\u00e9quipement","potentialAction":[{"@type":"SearchAction","target":{"@type":"EntryPoint","urlTemplate":"https:\/\/equipmentcontrols.com\/?s={search_term_string}"},"query-input":{"@type":"PropertyValueSpecification","valueRequired":true,"valueName":"search_term_string"}}],"inLanguage":"fr-CA"}]}},"_links":{"self":[{"href":"https:\/\/equipmentcontrols.com\/fr\/wp-json\/wp\/v2\/product\/1118","targetHints":{"allow":["GET"]}}],"collection":[{"href":"https:\/\/equipmentcontrols.com\/fr\/wp-json\/wp\/v2\/product"}],"about":[{"href":"https:\/\/equipmentcontrols.com\/fr\/wp-json\/wp\/v2\/types\/product"}],"wp:featuredmedia":[{"embeddable":true,"href":"https:\/\/equipmentcontrols.com\/fr\/wp-json\/wp\/v2\/media\/1044"}],"wp:attachment":[{"href":"https:\/\/equipmentcontrols.com\/fr\/wp-json\/wp\/v2\/media?parent=1118"}],"wp:term":[{"taxonomy":"product_brand","embeddable":true,"href":"https:\/\/equipmentcontrols.com\/fr\/wp-json\/wp\/v2\/product_brand?post=1118"},{"taxonomy":"product_cat","embeddable":true,"href":"https:\/\/equipmentcontrols.com\/fr\/wp-json\/wp\/v2\/product_cat?post=1118"},{"taxonomy":"product_tag","embeddable":true,"href":"https:\/\/equipmentcontrols.com\/fr\/wp-json\/wp\/v2\/product_tag?post=1118"}],"curies":[{"name":"wp","href":"https:\/\/api.w.org\/{rel}","templated":true}]}}