{"id":1113,"date":"2020-05-07T22:27:10","date_gmt":"2020-05-07T22:27:10","guid":{"rendered":"https:\/\/econtrols.stagemysite.com\/?post_type=product&#038;p=1113"},"modified":"2022-06-14T16:51:24","modified_gmt":"2022-06-14T16:51:24","slug":"pf-aperval","status":"publish","type":"product","link":"https:\/\/equipmentcontrols.com\/fr\/produit\/pf-aperval\/","title":{"rendered":"Aperval PF"},"content":{"rendered":"<p><strong>Aperval PF <\/strong><strong>R\u00e9gulateurs de pression de gaz pilot\u00e9s<\/strong><\/p>\n<div class=\"col-lg-8 col-md-8 col-sm-8 col-xs-12\">\n<div class=\"col-lg-8 col-md-8 col-sm-8 col-xs-12\">\n<p class=\"testo-gen\">Aperval est un r\u00e9gulateur de pression pilot\u00e9 pour les applications moyenne et basse pression.<\/p>\n<p class=\"testo-gen\">Aperval est normalement un r\u00e9gulateur d&#039;ouverture en cas de panne et s&#039;ouvrira sp\u00e9cifiquement dans les conditions suivantes\u00a0:<br \/>\n\u2022 Rupture du diaphragme principal<br \/>\n\u2022 Absence de connexion de la ligne de d\u00e9tection<br \/>\nCe d\u00e9tendeur convient pour une utilisation avec des gaz non corrosifs pr\u00e9alablement filtr\u00e9s.<\/p>\n<\/div>\n<\/div>\n<p><strong>Caract\u00e9ristiques fonctionnelles<\/strong><br \/>\n\u2022 Classe de pr\u00e9cision AC\u00a0: jauge jusqu&#039;\u00e0 2,5%<br \/>\n\u2022 Pression d&#039;entr\u00e9e de conception\u00a0: 275\u00a0PSIG<br \/>\n\u2022 Plage de pression d&#039;entr\u00e9e\u00a0: 7,25 \u00e0 275\u00a0PSIG<br \/>\n\u2022 Plage de pression en aval\u00a0: 2\u00a0po\u00a0WC \u00e0 137,5\u00a0PSIG selon le pilote install\u00e9<br \/>\n\u2022 Pression diff\u00e9rentielle minimale de travail\u00a0: 7,5\u00a0PSIG<br \/>\n\u2022 Temp\u00e9rature ambiante minimale\u00a0: Ex\u00e9cution jusqu&#039;\u00e0 -40\u00a0\u00b0F<br \/>\n\u2022 Temp\u00e9rature ambiante maximale\u00a0: 140\u00a0\u00b0F<br \/>\n\u2022\u00a0Temp\u00e9rature du gaz en circulation\u00a0: -4\u00a0\u00b0F \u00e0 140\u00a0\u00b0F<br \/>\n\u2022 Classe de pr\u00e9cision AC\u00a0: jauge jusqu&#039;\u00e0 2,5%<br \/>\n\u2022 Classe de pression de verrouillage SG\u00a0: jusqu&#039;au manom\u00e8tre 5%<\/p>\n<p><strong>T\u00e9l\u00e9chargements\u00a0:<\/strong><br \/>\n<a title=\"Manuel technique Dival 160 Ap (ENG-ITA)\" href=\"https:\/\/equipmentcontrols.com\/wp-content\/uploads\/2020\/05\/PF-Aperval-Brochure-ECCO-05.26.22.pdf\" target=\"_blank\" rel=\"noopener noreferrer\">Bulletin d&#039;Aperval<\/a><br \/>\n<a href=\"https:\/\/equipmentcontrols.com\/wp-content\/uploads\/2020\/05\/265_aperval_mt_032_i_e_d_f_s_p.pdf\">Manuel technique Aperval<\/a><br \/>\n<a title=\"Manuel technique Dival 160 Ap (ENG-ITA)\" href=\"https:\/\/equipmentcontrols.com\/wp-content\/uploads\/2020\/05\/143_391_apeval_pts515_march12.pdf\" target=\"_blank\" rel=\"noopener noreferrer\">APF Poster<\/a><\/p>","protected":false},"excerpt":{"rendered":"<p>PF Aperval Pilot-Operated Gas Pressure Regulators Aperval is a pilot-controlled pressure regulator for medium and low pressure applications. Aperval is normally a fail open regulator and will open specifically under the following conditions: \u2022\u00a0Breakage of\u00a0 main diaphragm \u2022\u00a0Lack of sensing line connection This regulator is suitable for use with previously-filtered, non-corrosive gases. Functional Features \u2022 [&hellip;]<\/p>\n","protected":false},"featured_media":2530,"template":"","meta":[],"product_brand":[],"product_cat":[20,46],"product_tag":[],"class_list":{"0":"post-1113","1":"product","2":"type-product","3":"status-publish","4":"has-post-thumbnail","6":"product_cat-gas-regulators","7":"product_cat-pietro-fiorentini","9":"first","10":"instock","11":"shipping-taxable","12":"product-type-simple"},"yoast_head":"<!-- This site is optimized with the Yoast SEO Premium plugin v23.9 (Yoast SEO v27.3) - https:\/\/yoast.com\/product\/yoast-seo-premium-wordpress\/ -->\n<title>PF Aperval - ECCO<\/title>\n<meta name=\"description\" content=\"PF Aperval is a pilot-controlled pressure regulator for medium and low pressure applications.Aperval is normally a fail open regulator and will open specifically under the following conditions:\u2022\u00a0\u00a0 \u00a0If the \u00a0main diaphragm fails;\u2022\u00a0\u00a0 \u00a0If there is no sensor line input .This regulator is suitable for use with previously-filtered, non-corrosive gases.\" \/>\n<meta name=\"robots\" content=\"index, follow, max-snippet:-1, max-image-preview:large, max-video-preview:-1\" \/>\n<link rel=\"canonical\" href=\"https:\/\/equipmentcontrols.com\/fr\/produit\/pf-aperval\/\" \/>\n<meta property=\"og:locale\" content=\"fr_CA\" \/>\n<meta property=\"og:type\" content=\"article\" \/>\n<meta property=\"og:title\" content=\"PF Aperval\" \/>\n<meta property=\"og:description\" content=\"PF Aperval is a pilot-controlled pressure regulator for medium and low pressure applications.Aperval is normally a fail open regulator and will open specifically under the following conditions:\u2022\u00a0\u00a0 \u00a0If the \u00a0main diaphragm fails;\u2022\u00a0\u00a0 \u00a0If there is no sensor line input .This regulator is suitable for use with previously-filtered, non-corrosive gases.\" \/>\n<meta property=\"og:url\" content=\"https:\/\/equipmentcontrols.com\/fr\/produit\/pf-aperval\/\" \/>\n<meta property=\"og:site_name\" content=\"ECCO\" \/>\n<meta property=\"article:modified_time\" content=\"2022-06-14T16:51:24+00:00\" \/>\n<meta property=\"og:image\" content=\"https:\/\/equipmentcontrols.com\/wp-content\/uploads\/2022\/06\/PF-Aperval-Regulator.png\" \/>\n\t<meta property=\"og:image:width\" content=\"860\" \/>\n\t<meta property=\"og:image:height\" content=\"860\" \/>\n\t<meta property=\"og:image:type\" content=\"image\/png\" \/>\n<meta name=\"twitter:card\" content=\"summary_large_image\" \/>\n<meta name=\"twitter:label1\" content=\"Estimation du temps de lecture\" \/>\n\t<meta name=\"twitter:data1\" content=\"1 minute\" \/>\n<script type=\"application\/ld+json\" class=\"yoast-schema-graph\">{\"@context\":\"https:\\\/\\\/schema.org\",\"@graph\":[{\"@type\":\"WebPage\",\"@id\":\"https:\\\/\\\/equipmentcontrols.com\\\/product\\\/pf-aperval\\\/\",\"url\":\"https:\\\/\\\/equipmentcontrols.com\\\/product\\\/pf-aperval\\\/\",\"name\":\"PF Aperval - ECCO\",\"isPartOf\":{\"@id\":\"https:\\\/\\\/equipmentcontrols.com\\\/#website\"},\"primaryImageOfPage\":{\"@id\":\"https:\\\/\\\/equipmentcontrols.com\\\/product\\\/pf-aperval\\\/#primaryimage\"},\"image\":{\"@id\":\"https:\\\/\\\/equipmentcontrols.com\\\/product\\\/pf-aperval\\\/#primaryimage\"},\"thumbnailUrl\":\"https:\\\/\\\/equipmentcontrols.com\\\/wp-content\\\/uploads\\\/2022\\\/06\\\/PF-Aperval-Regulator.png\",\"datePublished\":\"2020-05-07T22:27:10+00:00\",\"dateModified\":\"2022-06-14T16:51:24+00:00\",\"description\":\"PF Aperval is a pilot-controlled pressure regulator for medium and low pressure applications.Aperval is normally a fail open regulator and will open specifically under the following conditions:\u2022\u00a0\u00a0 \u00a0If the \u00a0main diaphragm fails;\u2022\u00a0\u00a0 \u00a0If there is no sensor line input .This regulator is suitable for use with previously-filtered, non-corrosive gases.\",\"breadcrumb\":{\"@id\":\"https:\\\/\\\/equipmentcontrols.com\\\/product\\\/pf-aperval\\\/#breadcrumb\"},\"inLanguage\":\"fr-CA\",\"potentialAction\":[{\"@type\":\"ReadAction\",\"target\":[\"https:\\\/\\\/equipmentcontrols.com\\\/product\\\/pf-aperval\\\/\"]}]},{\"@type\":\"ImageObject\",\"inLanguage\":\"fr-CA\",\"@id\":\"https:\\\/\\\/equipmentcontrols.com\\\/product\\\/pf-aperval\\\/#primaryimage\",\"url\":\"https:\\\/\\\/equipmentcontrols.com\\\/wp-content\\\/uploads\\\/2022\\\/06\\\/PF-Aperval-Regulator.png\",\"contentUrl\":\"https:\\\/\\\/equipmentcontrols.com\\\/wp-content\\\/uploads\\\/2022\\\/06\\\/PF-Aperval-Regulator.png\",\"width\":860,\"height\":860,\"caption\":\"PF Aperval Regulator\"},{\"@type\":\"BreadcrumbList\",\"@id\":\"https:\\\/\\\/equipmentcontrols.com\\\/product\\\/pf-aperval\\\/#breadcrumb\",\"itemListElement\":[{\"@type\":\"ListItem\",\"position\":1,\"name\":\"Home\",\"item\":\"https:\\\/\\\/equipmentcontrols.com\\\/\"},{\"@type\":\"ListItem\",\"position\":2,\"name\":\"Shop\",\"item\":\"https:\\\/\\\/equipmentcontrols.com\\\/shop\\\/\"},{\"@type\":\"ListItem\",\"position\":3,\"name\":\"PF Aperval\"}]},{\"@type\":\"WebSite\",\"@id\":\"https:\\\/\\\/equipmentcontrols.com\\\/#website\",\"url\":\"https:\\\/\\\/equipmentcontrols.com\\\/\",\"name\":\"ECCO\",\"description\":\"Equipment Controls Company\",\"potentialAction\":[{\"@type\":\"SearchAction\",\"target\":{\"@type\":\"EntryPoint\",\"urlTemplate\":\"https:\\\/\\\/equipmentcontrols.com\\\/?s={search_term_string}\"},\"query-input\":{\"@type\":\"PropertyValueSpecification\",\"valueRequired\":true,\"valueName\":\"search_term_string\"}}],\"inLanguage\":\"fr-CA\"}]}<\/script>\n<!-- \/ Yoast SEO Premium plugin. -->","yoast_head_json":{"title":"PF Aperval - ECCO","description":"PF Aperval is a pilot-controlled pressure regulator for medium and low pressure applications.Aperval is normally a fail open regulator and will open specifically under the following conditions:\u2022\u00a0\u00a0 \u00a0If the \u00a0main diaphragm fails;\u2022\u00a0\u00a0 \u00a0If there is no sensor line input .This regulator is suitable for use with previously-filtered, non-corrosive gases.","robots":{"index":"index","follow":"follow","max-snippet":"max-snippet:-1","max-image-preview":"max-image-preview:large","max-video-preview":"max-video-preview:-1"},"canonical":"https:\/\/equipmentcontrols.com\/fr\/produit\/pf-aperval\/","og_locale":"fr_CA","og_type":"article","og_title":"PF Aperval","og_description":"PF Aperval is a pilot-controlled pressure regulator for medium and low pressure applications.Aperval is normally a fail open regulator and will open specifically under the following conditions:\u2022\u00a0\u00a0 \u00a0If the \u00a0main diaphragm fails;\u2022\u00a0\u00a0 \u00a0If there is no sensor line input .This regulator is suitable for use with previously-filtered, non-corrosive gases.","og_url":"https:\/\/equipmentcontrols.com\/fr\/produit\/pf-aperval\/","og_site_name":"ECCO","article_modified_time":"2022-06-14T16:51:24+00:00","og_image":[{"width":860,"height":860,"url":"https:\/\/equipmentcontrols.com\/wp-content\/uploads\/2022\/06\/PF-Aperval-Regulator.png","type":"image\/png"}],"twitter_card":"summary_large_image","twitter_misc":{"Estimation du temps de lecture":"1 minute"},"schema":{"@context":"https:\/\/schema.org","@graph":[{"@type":"WebPage","@id":"https:\/\/equipmentcontrols.com\/product\/pf-aperval\/","url":"https:\/\/equipmentcontrols.com\/product\/pf-aperval\/","name":"PF Aperval - ECCO","isPartOf":{"@id":"https:\/\/equipmentcontrols.com\/#website"},"primaryImageOfPage":{"@id":"https:\/\/equipmentcontrols.com\/product\/pf-aperval\/#primaryimage"},"image":{"@id":"https:\/\/equipmentcontrols.com\/product\/pf-aperval\/#primaryimage"},"thumbnailUrl":"https:\/\/equipmentcontrols.com\/wp-content\/uploads\/2022\/06\/PF-Aperval-Regulator.png","datePublished":"2020-05-07T22:27:10+00:00","dateModified":"2022-06-14T16:51:24+00:00","description":"PF Aperval is a pilot-controlled pressure regulator for medium and low pressure applications.Aperval is normally a fail open regulator and will open specifically under the following conditions:\u2022\u00a0\u00a0 \u00a0If the \u00a0main diaphragm fails;\u2022\u00a0\u00a0 \u00a0If there is no sensor line input .This regulator is suitable for use with previously-filtered, non-corrosive gases.","breadcrumb":{"@id":"https:\/\/equipmentcontrols.com\/product\/pf-aperval\/#breadcrumb"},"inLanguage":"fr-CA","potentialAction":[{"@type":"ReadAction","target":["https:\/\/equipmentcontrols.com\/product\/pf-aperval\/"]}]},{"@type":"ImageObject","inLanguage":"fr-CA","@id":"https:\/\/equipmentcontrols.com\/product\/pf-aperval\/#primaryimage","url":"https:\/\/equipmentcontrols.com\/wp-content\/uploads\/2022\/06\/PF-Aperval-Regulator.png","contentUrl":"https:\/\/equipmentcontrols.com\/wp-content\/uploads\/2022\/06\/PF-Aperval-Regulator.png","width":860,"height":860,"caption":"PF Aperval Regulator"},{"@type":"BreadcrumbList","@id":"https:\/\/equipmentcontrols.com\/product\/pf-aperval\/#breadcrumb","itemListElement":[{"@type":"ListItem","position":1,"name":"Home","item":"https:\/\/equipmentcontrols.com\/"},{"@type":"ListItem","position":2,"name":"Shop","item":"https:\/\/equipmentcontrols.com\/shop\/"},{"@type":"ListItem","position":3,"name":"PF Aperval"}]},{"@type":"WebSite","@id":"https:\/\/equipmentcontrols.com\/#website","url":"https:\/\/equipmentcontrols.com\/","name":"ECCO","description":"Compagnie de contr\u00f4le d&#039;\u00e9quipement","potentialAction":[{"@type":"SearchAction","target":{"@type":"EntryPoint","urlTemplate":"https:\/\/equipmentcontrols.com\/?s={search_term_string}"},"query-input":{"@type":"PropertyValueSpecification","valueRequired":true,"valueName":"search_term_string"}}],"inLanguage":"fr-CA"}]}},"_links":{"self":[{"href":"https:\/\/equipmentcontrols.com\/fr\/wp-json\/wp\/v2\/product\/1113","targetHints":{"allow":["GET"]}}],"collection":[{"href":"https:\/\/equipmentcontrols.com\/fr\/wp-json\/wp\/v2\/product"}],"about":[{"href":"https:\/\/equipmentcontrols.com\/fr\/wp-json\/wp\/v2\/types\/product"}],"wp:featuredmedia":[{"embeddable":true,"href":"https:\/\/equipmentcontrols.com\/fr\/wp-json\/wp\/v2\/media\/2530"}],"wp:attachment":[{"href":"https:\/\/equipmentcontrols.com\/fr\/wp-json\/wp\/v2\/media?parent=1113"}],"wp:term":[{"taxonomy":"product_brand","embeddable":true,"href":"https:\/\/equipmentcontrols.com\/fr\/wp-json\/wp\/v2\/product_brand?post=1113"},{"taxonomy":"product_cat","embeddable":true,"href":"https:\/\/equipmentcontrols.com\/fr\/wp-json\/wp\/v2\/product_cat?post=1113"},{"taxonomy":"product_tag","embeddable":true,"href":"https:\/\/equipmentcontrols.com\/fr\/wp-json\/wp\/v2\/product_tag?post=1113"}],"curies":[{"name":"wp","href":"https:\/\/api.w.org\/{rel}","templated":true}]}}