{"id":1105,"date":"2020-05-07T20:46:05","date_gmt":"2020-05-07T20:46:05","guid":{"rendered":"https:\/\/econtrols.stagemysite.com\/?post_type=product&#038;p=1105"},"modified":"2020-05-13T15:20:56","modified_gmt":"2020-05-13T15:20:56","slug":"pf-vs-am-65","status":"publish","type":"product","link":"https:\/\/equipmentcontrols.com\/fr\/produit\/pf-vs-am-65\/","title":{"rendered":"PF VS\/AM 65"},"content":{"rendered":"<p><strong>Dispositifs de s\u00e9curit\u00e9 PF VS\/AM 65<br \/>\n<\/strong><\/p>\n<div class=\"col-lg-8 col-md-8 col-sm-8 col-xs-12\">La soupape de d\u00e9charge VS\/AM 65 est un dispositif de s\u00e9curit\u00e9 (SBV) qui \u00e9vacue le gaz lorsque la pression du syst\u00e8me d\u00e9passe la valeur d\u00e9finie en raison d&#039;\u00e9v\u00e9nements temporaires tels que l&#039;expansion due \u00e0 l&#039;augmentation de la temp\u00e9rature du gaz ou des chocs de pression en aval caus\u00e9s par des changements soudains de d\u00e9bit, etc. .<br \/>\nCaract\u00e9ristiques principales:<br \/>\n\u2022 R\u00e9duction des surpressions, m\u00eame \u00e0 des d\u00e9bits assez \u00e9lev\u00e9s.<br \/>\n\u2022 Une r\u00e9ponse rapide.<br \/>\n\u2022 Entretien facile.<br \/>\n\u2022 Impulsion interne.<br \/>\n\u2022 L&#039;acc\u00e8s au r\u00e9glage du ressort de r\u00e9glage peut \u00eatre plomb\u00e9 si n\u00e9cessaire.<br \/>\n\u2022 Pressions de r\u00e9glage \u00e9lev\u00e9es disponibles.<\/div>\n<p><strong>Fonctionnalit\u00e9s<\/strong><br \/>\nDonn\u00e9es techniques<br \/>\n\u2022 Classe de pr\u00e9cision : AG 2,5 \u2013 5 \u2013 10%<br \/>\n\u2022 Pression de conception\u00a0: 20\u00a0bars<\/p>\n<p>&nbsp;<\/p>\n<p><strong>T\u00e9l\u00e9chargements\u00a0:<\/strong><br \/>\n<a title=\"Manuel technique Dival 160 Ap (ENG-ITA)\" href=\"https:\/\/equipmentcontrols.com\/wp-content\/uploads\/2020\/05\/2362_544_vsam_65_technical_manual.pdf\" target=\"_blank\" rel=\"noopener noreferrer\">Manuel d&#039;installation PF VS\/AM 65<\/a><\/p>\n<p><a href=\"https:\/\/equipmentcontrols.com\/wp-content\/uploads\/2020\/05\/143_543_vs-am_65_2008_i_e_feb14.pdf\">Bulletin PF VS\/AM 65<\/a><\/p>\n<p><a title=\"Manuel technique Dival 160 Ap (ENG-ITA)\" href=\"https:\/\/equipmentcontrols.com\/wp-content\/uploads\/2020\/05\/143_366_vsam65_poster.pdf\" target=\"_blank\" rel=\"noopener noreferrer\">PF VS\/AM 65 Poster<\/a><\/p>","protected":false},"excerpt":{"rendered":"<p>PF VS\/AM 65 Safety Devices The VS\/AM 65 relief valve is a safety device (SBV) which vents gas when the system pressure exceeds the set value due to temporary events such as expansion due to rise in gas temperature or downstream pressure shocks caused by sudden changes of flow rate etc. Main Features: \u2022 Reduced [&hellip;]<\/p>\n","protected":false},"featured_media":1052,"template":"","meta":[],"product_brand":[],"product_cat":[46,59],"product_tag":[],"class_list":{"0":"post-1105","1":"product","2":"type-product","3":"status-publish","4":"has-post-thumbnail","6":"product_cat-pietro-fiorentini","7":"product_cat-safety-devices","9":"first","10":"instock","11":"shipping-taxable","12":"product-type-simple"},"yoast_head":"<!-- This site is optimized with the Yoast SEO Premium plugin v23.9 (Yoast SEO v27.3) - https:\/\/yoast.com\/product\/yoast-seo-premium-wordpress\/ -->\n<title>PF VS\/AM 65 - ECCO<\/title>\n<meta name=\"description\" content=\"The PF VS\/AM 65 relief valve is a safety device (SBV) which vents gas when the system pressure exceeds the set value due to temporary events such as expansion due to rise in gas temperature or downstream pressure shocks caused by sudden changes of flow rate etc.\" \/>\n<meta name=\"robots\" content=\"index, follow, max-snippet:-1, max-image-preview:large, max-video-preview:-1\" \/>\n<link rel=\"canonical\" href=\"https:\/\/equipmentcontrols.com\/fr\/produit\/pf-vs-am-65\/\" \/>\n<meta property=\"og:locale\" content=\"fr_CA\" \/>\n<meta property=\"og:type\" content=\"article\" \/>\n<meta property=\"og:title\" content=\"PF VS\/AM 65\" \/>\n<meta property=\"og:description\" content=\"The PF VS\/AM 65 relief valve is a safety device (SBV) which vents gas when the system pressure exceeds the set value due to temporary events such as expansion due to rise in gas temperature or downstream pressure shocks caused by sudden changes of flow rate etc.\" \/>\n<meta property=\"og:url\" content=\"https:\/\/equipmentcontrols.com\/fr\/produit\/pf-vs-am-65\/\" \/>\n<meta property=\"og:site_name\" content=\"ECCO\" \/>\n<meta property=\"article:modified_time\" content=\"2020-05-13T15:20:56+00:00\" \/>\n<meta property=\"og:image\" content=\"https:\/\/equipmentcontrols.com\/wp-content\/uploads\/2020\/05\/PF-VSAM-65.jpg\" \/>\n\t<meta property=\"og:image:width\" content=\"860\" \/>\n\t<meta property=\"og:image:height\" content=\"860\" \/>\n\t<meta property=\"og:image:type\" content=\"image\/jpeg\" \/>\n<meta name=\"twitter:card\" content=\"summary_large_image\" \/>\n<meta name=\"twitter:label1\" content=\"Estimation du temps de lecture\" \/>\n\t<meta name=\"twitter:data1\" content=\"1 minute\" \/>\n<script type=\"application\/ld+json\" class=\"yoast-schema-graph\">{\"@context\":\"https:\\\/\\\/schema.org\",\"@graph\":[{\"@type\":\"WebPage\",\"@id\":\"https:\\\/\\\/equipmentcontrols.com\\\/product\\\/pf-vs-am-65\\\/\",\"url\":\"https:\\\/\\\/equipmentcontrols.com\\\/product\\\/pf-vs-am-65\\\/\",\"name\":\"PF VS\\\/AM 65 - ECCO\",\"isPartOf\":{\"@id\":\"https:\\\/\\\/equipmentcontrols.com\\\/#website\"},\"primaryImageOfPage\":{\"@id\":\"https:\\\/\\\/equipmentcontrols.com\\\/product\\\/pf-vs-am-65\\\/#primaryimage\"},\"image\":{\"@id\":\"https:\\\/\\\/equipmentcontrols.com\\\/product\\\/pf-vs-am-65\\\/#primaryimage\"},\"thumbnailUrl\":\"https:\\\/\\\/equipmentcontrols.com\\\/wp-content\\\/uploads\\\/2020\\\/05\\\/PF-VSAM-65.jpg\",\"datePublished\":\"2020-05-07T20:46:05+00:00\",\"dateModified\":\"2020-05-13T15:20:56+00:00\",\"description\":\"The PF VS\\\/AM 65 relief valve is a safety device (SBV) which vents gas when the system pressure exceeds the set value due to temporary events such as expansion due to rise in gas temperature or downstream pressure shocks caused by sudden changes of flow rate etc.\",\"breadcrumb\":{\"@id\":\"https:\\\/\\\/equipmentcontrols.com\\\/product\\\/pf-vs-am-65\\\/#breadcrumb\"},\"inLanguage\":\"fr-CA\",\"potentialAction\":[{\"@type\":\"ReadAction\",\"target\":[\"https:\\\/\\\/equipmentcontrols.com\\\/product\\\/pf-vs-am-65\\\/\"]}]},{\"@type\":\"ImageObject\",\"inLanguage\":\"fr-CA\",\"@id\":\"https:\\\/\\\/equipmentcontrols.com\\\/product\\\/pf-vs-am-65\\\/#primaryimage\",\"url\":\"https:\\\/\\\/equipmentcontrols.com\\\/wp-content\\\/uploads\\\/2020\\\/05\\\/PF-VSAM-65.jpg\",\"contentUrl\":\"https:\\\/\\\/equipmentcontrols.com\\\/wp-content\\\/uploads\\\/2020\\\/05\\\/PF-VSAM-65.jpg\",\"width\":860,\"height\":860,\"caption\":\"PF VSAM 65\"},{\"@type\":\"BreadcrumbList\",\"@id\":\"https:\\\/\\\/equipmentcontrols.com\\\/product\\\/pf-vs-am-65\\\/#breadcrumb\",\"itemListElement\":[{\"@type\":\"ListItem\",\"position\":1,\"name\":\"Home\",\"item\":\"https:\\\/\\\/equipmentcontrols.com\\\/\"},{\"@type\":\"ListItem\",\"position\":2,\"name\":\"Shop\",\"item\":\"https:\\\/\\\/equipmentcontrols.com\\\/shop\\\/\"},{\"@type\":\"ListItem\",\"position\":3,\"name\":\"PF VS\\\/AM 65\"}]},{\"@type\":\"WebSite\",\"@id\":\"https:\\\/\\\/equipmentcontrols.com\\\/#website\",\"url\":\"https:\\\/\\\/equipmentcontrols.com\\\/\",\"name\":\"ECCO\",\"description\":\"Equipment Controls Company\",\"potentialAction\":[{\"@type\":\"SearchAction\",\"target\":{\"@type\":\"EntryPoint\",\"urlTemplate\":\"https:\\\/\\\/equipmentcontrols.com\\\/?s={search_term_string}\"},\"query-input\":{\"@type\":\"PropertyValueSpecification\",\"valueRequired\":true,\"valueName\":\"search_term_string\"}}],\"inLanguage\":\"fr-CA\"}]}<\/script>\n<!-- \/ Yoast SEO Premium plugin. -->","yoast_head_json":{"title":"PF VS\/AM 65 - ECCO","description":"The PF VS\/AM 65 relief valve is a safety device (SBV) which vents gas when the system pressure exceeds the set value due to temporary events such as expansion due to rise in gas temperature or downstream pressure shocks caused by sudden changes of flow rate etc.","robots":{"index":"index","follow":"follow","max-snippet":"max-snippet:-1","max-image-preview":"max-image-preview:large","max-video-preview":"max-video-preview:-1"},"canonical":"https:\/\/equipmentcontrols.com\/fr\/produit\/pf-vs-am-65\/","og_locale":"fr_CA","og_type":"article","og_title":"PF VS\/AM 65","og_description":"The PF VS\/AM 65 relief valve is a safety device (SBV) which vents gas when the system pressure exceeds the set value due to temporary events such as expansion due to rise in gas temperature or downstream pressure shocks caused by sudden changes of flow rate etc.","og_url":"https:\/\/equipmentcontrols.com\/fr\/produit\/pf-vs-am-65\/","og_site_name":"ECCO","article_modified_time":"2020-05-13T15:20:56+00:00","og_image":[{"width":860,"height":860,"url":"https:\/\/equipmentcontrols.com\/wp-content\/uploads\/2020\/05\/PF-VSAM-65.jpg","type":"image\/jpeg"}],"twitter_card":"summary_large_image","twitter_misc":{"Estimation du temps de lecture":"1 minute"},"schema":{"@context":"https:\/\/schema.org","@graph":[{"@type":"WebPage","@id":"https:\/\/equipmentcontrols.com\/product\/pf-vs-am-65\/","url":"https:\/\/equipmentcontrols.com\/product\/pf-vs-am-65\/","name":"PF VS\/AM 65 - ECCO","isPartOf":{"@id":"https:\/\/equipmentcontrols.com\/#website"},"primaryImageOfPage":{"@id":"https:\/\/equipmentcontrols.com\/product\/pf-vs-am-65\/#primaryimage"},"image":{"@id":"https:\/\/equipmentcontrols.com\/product\/pf-vs-am-65\/#primaryimage"},"thumbnailUrl":"https:\/\/equipmentcontrols.com\/wp-content\/uploads\/2020\/05\/PF-VSAM-65.jpg","datePublished":"2020-05-07T20:46:05+00:00","dateModified":"2020-05-13T15:20:56+00:00","description":"The PF VS\/AM 65 relief valve is a safety device (SBV) which vents gas when the system pressure exceeds the set value due to temporary events such as expansion due to rise in gas temperature or downstream pressure shocks caused by sudden changes of flow rate etc.","breadcrumb":{"@id":"https:\/\/equipmentcontrols.com\/product\/pf-vs-am-65\/#breadcrumb"},"inLanguage":"fr-CA","potentialAction":[{"@type":"ReadAction","target":["https:\/\/equipmentcontrols.com\/product\/pf-vs-am-65\/"]}]},{"@type":"ImageObject","inLanguage":"fr-CA","@id":"https:\/\/equipmentcontrols.com\/product\/pf-vs-am-65\/#primaryimage","url":"https:\/\/equipmentcontrols.com\/wp-content\/uploads\/2020\/05\/PF-VSAM-65.jpg","contentUrl":"https:\/\/equipmentcontrols.com\/wp-content\/uploads\/2020\/05\/PF-VSAM-65.jpg","width":860,"height":860,"caption":"PF VSAM 65"},{"@type":"BreadcrumbList","@id":"https:\/\/equipmentcontrols.com\/product\/pf-vs-am-65\/#breadcrumb","itemListElement":[{"@type":"ListItem","position":1,"name":"Home","item":"https:\/\/equipmentcontrols.com\/"},{"@type":"ListItem","position":2,"name":"Shop","item":"https:\/\/equipmentcontrols.com\/shop\/"},{"@type":"ListItem","position":3,"name":"PF VS\/AM 65"}]},{"@type":"WebSite","@id":"https:\/\/equipmentcontrols.com\/#website","url":"https:\/\/equipmentcontrols.com\/","name":"ECCO","description":"Compagnie de contr\u00f4le d&#039;\u00e9quipement","potentialAction":[{"@type":"SearchAction","target":{"@type":"EntryPoint","urlTemplate":"https:\/\/equipmentcontrols.com\/?s={search_term_string}"},"query-input":{"@type":"PropertyValueSpecification","valueRequired":true,"valueName":"search_term_string"}}],"inLanguage":"fr-CA"}]}},"_links":{"self":[{"href":"https:\/\/equipmentcontrols.com\/fr\/wp-json\/wp\/v2\/product\/1105","targetHints":{"allow":["GET"]}}],"collection":[{"href":"https:\/\/equipmentcontrols.com\/fr\/wp-json\/wp\/v2\/product"}],"about":[{"href":"https:\/\/equipmentcontrols.com\/fr\/wp-json\/wp\/v2\/types\/product"}],"wp:featuredmedia":[{"embeddable":true,"href":"https:\/\/equipmentcontrols.com\/fr\/wp-json\/wp\/v2\/media\/1052"}],"wp:attachment":[{"href":"https:\/\/equipmentcontrols.com\/fr\/wp-json\/wp\/v2\/media?parent=1105"}],"wp:term":[{"taxonomy":"product_brand","embeddable":true,"href":"https:\/\/equipmentcontrols.com\/fr\/wp-json\/wp\/v2\/product_brand?post=1105"},{"taxonomy":"product_cat","embeddable":true,"href":"https:\/\/equipmentcontrols.com\/fr\/wp-json\/wp\/v2\/product_cat?post=1105"},{"taxonomy":"product_tag","embeddable":true,"href":"https:\/\/equipmentcontrols.com\/fr\/wp-json\/wp\/v2\/product_tag?post=1105"}],"curies":[{"name":"wp","href":"https:\/\/api.w.org\/{rel}","templated":true}]}}