{"id":1100,"date":"2020-05-07T20:31:28","date_gmt":"2020-05-07T20:31:28","guid":{"rendered":"https:\/\/econtrols.stagemysite.com\/?post_type=product&#038;p=1100"},"modified":"2023-07-16T23:49:29","modified_gmt":"2023-07-16T23:49:29","slug":"pf-dival-500","status":"publish","type":"product","link":"https:\/\/equipmentcontrols.com\/fr\/produit\/pf-dival-500\/","title":{"rendered":"PF Dival 500"},"content":{"rendered":"<p><strong>PF Dival 500 <\/strong><strong>R\u00e9gulateurs de pression de gaz \u00e0 action directe<\/strong><\/p>\n<div class=\"col-lg-8 col-md-8 col-sm-8 col-xs-12\">\n<p>La s\u00e9rie DIVAL 500 de r\u00e9gulateurs de gaz \u00e0 clapet \u00e9quilibr\u00e9 \u00e0 ressort et \u00e0 diaphragme est adapt\u00e9e aux basses, moyennes et hautes pressions.<\/p>\n<p>Les r\u00e9gulateurs de la s\u00e9rie Divals et dispositifs d&#039;arr\u00eat sont fournis avec des lignes de d\u00e9tection internes. Le r\u00e9gulateur et le dispositif d&#039;arr\u00eat sont pr\u00e9r\u00e9gl\u00e9s pour une connexion facultative \u00e0 une ligne de d\u00e9tection externe par le client.<\/p>\n<p>Ils sont largement utilis\u00e9s dans les installations civiles et industrielles utilisant du gaz naturel, du GPL et d&#039;autres gaz non corrosifs.<\/p>\n<p><strong>La conception sp\u00e9ciale du r\u00e9gulateur combin\u00e9e \u00e0 une prise \u00e9quilibr\u00e9e donne :<\/strong><br \/>\n\u2022 Coefficient de d\u00e9bit \u00e9lev\u00e9<br \/>\n\u2022 Haute pr\u00e9cision, m\u00eame \u00e0 des d\u00e9bits maximaux<br \/>\n\u2022 Zone de pression de verrouillage et pression de verrouillage r\u00e9duites<br \/>\n\u2022 Temps de r\u00e9ponse r\u00e9duits<br \/>\n\u2022 Aucune fuite interne \u00e0 d\u00e9bit nul<br \/>\n\u2022 Type d&#039;ouverture en cas d&#039;\u00e9chec<br \/>\n\u2022 Entretien r\u00e9gulier sans d\u00e9montage du corps de la tuyauterie<br \/>\n\u2022 Possibilit\u00e9 de moderniser le clapet de s\u00e9curit\u00e9 OPSO\/UPSO, (mod\u00e8le LA uniquement) sans modifier le tuyau existant<\/p>\n<\/div>\n<p><strong>Fonctionnalit\u00e9s<\/strong><br \/>\nDonn\u00e9es techniques<br \/>\n\u2022 Classe de pr\u00e9cision\u00a0: jusqu&#039;\u00e0 10<br \/>\n\u2022 Taille disponible DN : 1\u2033 \u2013 1\u2033 1\/2<br \/>\n\u2022 Classe de pression de fermeture SG\u00a0: jusqu&#039;\u00e0 10<br \/>\n\u2022 Pression de conception : BP : 10 bar MP \/ TR : 20 bar<br \/>\n\u2022 Temp\u00e9rature de conception\u00a0: -20\u00a0\u00b0C \u00e0 60\u00a0\u00b0C<br \/>\n\u2022 Bridage : Voir catalogue<br \/>\n\u2022 Plage de pression de sortie de Wd : BP 13- 100 mbar MP 100 \u2013 300 mbar TR 300 \u2013 2500 mbar<br \/>\n\u2022 Plage de pression d&#039;entr\u00e9e bpu : BP : 0,5\u00f710 bar MP \/ TR : 0,5\u00f720 bar<\/p>\n<p><strong>T\u00e9l\u00e9chargements\u00a0:<\/strong><br \/>\n<a title=\"Manuel technique Dival 160 Ap (ENG-ITA)\" href=\"https:\/\/equipmentcontrols.com\/wp-content\/uploads\/2020\/05\/1260_dival500_MT235_ENG.pdf\" target=\"_blank\" rel=\"noopener noreferrer\">PF Dival 500 Technical Manual<\/a><br \/>\n<a href=\"https:\/\/equipmentcontrols.com\/wp-content\/uploads\/2020\/05\/1263_Dival500_CT_ENG_FEB15.pdf\">PF Dival 500 Flyer<\/a><br \/>\n<a href=\"https:\/\/equipmentcontrols.com\/wp-content\/uploads\/2020\/05\/1263_Dival500_CT_ENG_FEB15.pdf\">PF Dival 500 Bulletin<\/a><br \/>\n<a href=\"https:\/\/equipmentcontrols.com\/wp-content\/uploads\/2020\/05\/616_3340_dival500spec.pdf\">PF Dival 500 Data Sheet<\/a><br \/>\n<a title=\"Manuel technique Dival 160 Ap (ENG-ITA)\" href=\"https:\/\/equipmentcontrols.com\/wp-content\/uploads\/2020\/05\/403_dival_500_pts507_march_10.pdf\" target=\"_blank\" rel=\"noopener noreferrer\">PF Dival 500 Poster<\/a><\/p>","protected":false},"excerpt":{"rendered":"<p>PF Dival 500 Direct-Acting Gas Pressure Regulators The DIVAL 500 series of spring loaded, diaphragm controlled balanced plug gas regulators are suitable for low, medium and high pressure. Divals and shut-off device series regulators are supplied with internal sensing lines. Both the regulator and the shut-off device are preset for optional connection to an external [&hellip;]<\/p>\n","protected":false},"featured_media":1049,"template":"","meta":[],"product_brand":[],"product_cat":[20,139,46],"product_tag":[],"class_list":{"0":"post-1100","1":"product","2":"type-product","3":"status-publish","4":"has-post-thumbnail","6":"product_cat-gas-regulators","7":"product_cat-hydrogen-ready-pressure-products","8":"product_cat-pietro-fiorentini","10":"first","11":"instock","12":"shipping-taxable","13":"product-type-simple"},"yoast_head":"<!-- This site is optimized with the Yoast SEO Premium plugin v23.9 (Yoast SEO v27.3) - https:\/\/yoast.com\/product\/yoast-seo-premium-wordpress\/ -->\n<title>PF Dival 500 - ECCO<\/title>\n<meta name=\"description\" content=\"The PF DIVAL 500 series of spring loaded, diaphragm controlled balanced plug gas regulators are suitable for low, medium and high pressure. Divals and shut-off device series regulators are supplied with internal sensing lines. Both the regulator and the shut-off device are preset for optional connection to an external sensing line by the customer.They are widely used in both civil and industrial installations using Natural Gas, LPG and other non-corrosive gases.\" \/>\n<meta name=\"robots\" content=\"index, follow, max-snippet:-1, max-image-preview:large, max-video-preview:-1\" \/>\n<link rel=\"canonical\" href=\"https:\/\/equipmentcontrols.com\/fr\/produit\/pf-dival-500\/\" \/>\n<meta property=\"og:locale\" content=\"fr_CA\" \/>\n<meta property=\"og:type\" content=\"article\" \/>\n<meta property=\"og:title\" content=\"PF Dival 500\" \/>\n<meta property=\"og:description\" content=\"The PF DIVAL 500 series of spring loaded, diaphragm controlled balanced plug gas regulators are suitable for low, medium and high pressure. Divals and shut-off device series regulators are supplied with internal sensing lines. Both the regulator and the shut-off device are preset for optional connection to an external sensing line by the customer.They are widely used in both civil and industrial installations using Natural Gas, LPG and other non-corrosive gases.\" \/>\n<meta property=\"og:url\" content=\"https:\/\/equipmentcontrols.com\/fr\/produit\/pf-dival-500\/\" \/>\n<meta property=\"og:site_name\" content=\"ECCO\" \/>\n<meta property=\"article:modified_time\" content=\"2023-07-16T23:49:29+00:00\" \/>\n<meta property=\"og:image\" content=\"https:\/\/equipmentcontrols.com\/wp-content\/uploads\/2020\/05\/PF-Dival-500.jpg\" \/>\n\t<meta property=\"og:image:width\" content=\"860\" \/>\n\t<meta property=\"og:image:height\" content=\"860\" \/>\n\t<meta property=\"og:image:type\" content=\"image\/jpeg\" \/>\n<meta name=\"twitter:card\" content=\"summary_large_image\" \/>\n<meta name=\"twitter:label1\" content=\"Estimation du temps de lecture\" \/>\n\t<meta name=\"twitter:data1\" content=\"2 minutes\" \/>\n<script type=\"application\/ld+json\" class=\"yoast-schema-graph\">{\"@context\":\"https:\\\/\\\/schema.org\",\"@graph\":[{\"@type\":\"WebPage\",\"@id\":\"https:\\\/\\\/equipmentcontrols.com\\\/product\\\/pf-dival-500\\\/\",\"url\":\"https:\\\/\\\/equipmentcontrols.com\\\/product\\\/pf-dival-500\\\/\",\"name\":\"PF Dival 500 - ECCO\",\"isPartOf\":{\"@id\":\"https:\\\/\\\/equipmentcontrols.com\\\/#website\"},\"primaryImageOfPage\":{\"@id\":\"https:\\\/\\\/equipmentcontrols.com\\\/product\\\/pf-dival-500\\\/#primaryimage\"},\"image\":{\"@id\":\"https:\\\/\\\/equipmentcontrols.com\\\/product\\\/pf-dival-500\\\/#primaryimage\"},\"thumbnailUrl\":\"https:\\\/\\\/equipmentcontrols.com\\\/wp-content\\\/uploads\\\/2020\\\/05\\\/PF-Dival-500.jpg\",\"datePublished\":\"2020-05-07T20:31:28+00:00\",\"dateModified\":\"2023-07-16T23:49:29+00:00\",\"description\":\"The PF DIVAL 500 series of spring loaded, diaphragm controlled balanced plug gas regulators are suitable for low, medium and high pressure. Divals and shut-off device series regulators are supplied with internal sensing lines. Both the regulator and the shut-off device are preset for optional connection to an external sensing line by the customer.They are widely used in both civil and industrial installations using Natural Gas, LPG and other non-corrosive gases.\",\"breadcrumb\":{\"@id\":\"https:\\\/\\\/equipmentcontrols.com\\\/product\\\/pf-dival-500\\\/#breadcrumb\"},\"inLanguage\":\"fr-CA\",\"potentialAction\":[{\"@type\":\"ReadAction\",\"target\":[\"https:\\\/\\\/equipmentcontrols.com\\\/product\\\/pf-dival-500\\\/\"]}]},{\"@type\":\"ImageObject\",\"inLanguage\":\"fr-CA\",\"@id\":\"https:\\\/\\\/equipmentcontrols.com\\\/product\\\/pf-dival-500\\\/#primaryimage\",\"url\":\"https:\\\/\\\/equipmentcontrols.com\\\/wp-content\\\/uploads\\\/2020\\\/05\\\/PF-Dival-500.jpg\",\"contentUrl\":\"https:\\\/\\\/equipmentcontrols.com\\\/wp-content\\\/uploads\\\/2020\\\/05\\\/PF-Dival-500.jpg\",\"width\":860,\"height\":860,\"caption\":\"PF Dival 500\"},{\"@type\":\"BreadcrumbList\",\"@id\":\"https:\\\/\\\/equipmentcontrols.com\\\/product\\\/pf-dival-500\\\/#breadcrumb\",\"itemListElement\":[{\"@type\":\"ListItem\",\"position\":1,\"name\":\"Home\",\"item\":\"https:\\\/\\\/equipmentcontrols.com\\\/\"},{\"@type\":\"ListItem\",\"position\":2,\"name\":\"Shop\",\"item\":\"https:\\\/\\\/equipmentcontrols.com\\\/shop\\\/\"},{\"@type\":\"ListItem\",\"position\":3,\"name\":\"PF Dival 500\"}]},{\"@type\":\"WebSite\",\"@id\":\"https:\\\/\\\/equipmentcontrols.com\\\/#website\",\"url\":\"https:\\\/\\\/equipmentcontrols.com\\\/\",\"name\":\"ECCO\",\"description\":\"Equipment Controls Company\",\"potentialAction\":[{\"@type\":\"SearchAction\",\"target\":{\"@type\":\"EntryPoint\",\"urlTemplate\":\"https:\\\/\\\/equipmentcontrols.com\\\/?s={search_term_string}\"},\"query-input\":{\"@type\":\"PropertyValueSpecification\",\"valueRequired\":true,\"valueName\":\"search_term_string\"}}],\"inLanguage\":\"fr-CA\"}]}<\/script>\n<!-- \/ Yoast SEO Premium plugin. -->","yoast_head_json":{"title":"PF Dival 500 - ECCO","description":"The PF DIVAL 500 series of spring loaded, diaphragm controlled balanced plug gas regulators are suitable for low, medium and high pressure. Divals and shut-off device series regulators are supplied with internal sensing lines. Both the regulator and the shut-off device are preset for optional connection to an external sensing line by the customer.They are widely used in both civil and industrial installations using Natural Gas, LPG and other non-corrosive gases.","robots":{"index":"index","follow":"follow","max-snippet":"max-snippet:-1","max-image-preview":"max-image-preview:large","max-video-preview":"max-video-preview:-1"},"canonical":"https:\/\/equipmentcontrols.com\/fr\/produit\/pf-dival-500\/","og_locale":"fr_CA","og_type":"article","og_title":"PF Dival 500","og_description":"The PF DIVAL 500 series of spring loaded, diaphragm controlled balanced plug gas regulators are suitable for low, medium and high pressure. Divals and shut-off device series regulators are supplied with internal sensing lines. Both the regulator and the shut-off device are preset for optional connection to an external sensing line by the customer.They are widely used in both civil and industrial installations using Natural Gas, LPG and other non-corrosive gases.","og_url":"https:\/\/equipmentcontrols.com\/fr\/produit\/pf-dival-500\/","og_site_name":"ECCO","article_modified_time":"2023-07-16T23:49:29+00:00","og_image":[{"width":860,"height":860,"url":"https:\/\/equipmentcontrols.com\/wp-content\/uploads\/2020\/05\/PF-Dival-500.jpg","type":"image\/jpeg"}],"twitter_card":"summary_large_image","twitter_misc":{"Estimation du temps de lecture":"2 minutes"},"schema":{"@context":"https:\/\/schema.org","@graph":[{"@type":"WebPage","@id":"https:\/\/equipmentcontrols.com\/product\/pf-dival-500\/","url":"https:\/\/equipmentcontrols.com\/product\/pf-dival-500\/","name":"PF Dival 500 - ECCO","isPartOf":{"@id":"https:\/\/equipmentcontrols.com\/#website"},"primaryImageOfPage":{"@id":"https:\/\/equipmentcontrols.com\/product\/pf-dival-500\/#primaryimage"},"image":{"@id":"https:\/\/equipmentcontrols.com\/product\/pf-dival-500\/#primaryimage"},"thumbnailUrl":"https:\/\/equipmentcontrols.com\/wp-content\/uploads\/2020\/05\/PF-Dival-500.jpg","datePublished":"2020-05-07T20:31:28+00:00","dateModified":"2023-07-16T23:49:29+00:00","description":"The PF DIVAL 500 series of spring loaded, diaphragm controlled balanced plug gas regulators are suitable for low, medium and high pressure. Divals and shut-off device series regulators are supplied with internal sensing lines. Both the regulator and the shut-off device are preset for optional connection to an external sensing line by the customer.They are widely used in both civil and industrial installations using Natural Gas, LPG and other non-corrosive gases.","breadcrumb":{"@id":"https:\/\/equipmentcontrols.com\/product\/pf-dival-500\/#breadcrumb"},"inLanguage":"fr-CA","potentialAction":[{"@type":"ReadAction","target":["https:\/\/equipmentcontrols.com\/product\/pf-dival-500\/"]}]},{"@type":"ImageObject","inLanguage":"fr-CA","@id":"https:\/\/equipmentcontrols.com\/product\/pf-dival-500\/#primaryimage","url":"https:\/\/equipmentcontrols.com\/wp-content\/uploads\/2020\/05\/PF-Dival-500.jpg","contentUrl":"https:\/\/equipmentcontrols.com\/wp-content\/uploads\/2020\/05\/PF-Dival-500.jpg","width":860,"height":860,"caption":"PF Dival 500"},{"@type":"BreadcrumbList","@id":"https:\/\/equipmentcontrols.com\/product\/pf-dival-500\/#breadcrumb","itemListElement":[{"@type":"ListItem","position":1,"name":"Home","item":"https:\/\/equipmentcontrols.com\/"},{"@type":"ListItem","position":2,"name":"Shop","item":"https:\/\/equipmentcontrols.com\/shop\/"},{"@type":"ListItem","position":3,"name":"PF Dival 500"}]},{"@type":"WebSite","@id":"https:\/\/equipmentcontrols.com\/#website","url":"https:\/\/equipmentcontrols.com\/","name":"ECCO","description":"Compagnie de contr\u00f4le d&#039;\u00e9quipement","potentialAction":[{"@type":"SearchAction","target":{"@type":"EntryPoint","urlTemplate":"https:\/\/equipmentcontrols.com\/?s={search_term_string}"},"query-input":{"@type":"PropertyValueSpecification","valueRequired":true,"valueName":"search_term_string"}}],"inLanguage":"fr-CA"}]}},"_links":{"self":[{"href":"https:\/\/equipmentcontrols.com\/fr\/wp-json\/wp\/v2\/product\/1100","targetHints":{"allow":["GET"]}}],"collection":[{"href":"https:\/\/equipmentcontrols.com\/fr\/wp-json\/wp\/v2\/product"}],"about":[{"href":"https:\/\/equipmentcontrols.com\/fr\/wp-json\/wp\/v2\/types\/product"}],"wp:featuredmedia":[{"embeddable":true,"href":"https:\/\/equipmentcontrols.com\/fr\/wp-json\/wp\/v2\/media\/1049"}],"wp:attachment":[{"href":"https:\/\/equipmentcontrols.com\/fr\/wp-json\/wp\/v2\/media?parent=1100"}],"wp:term":[{"taxonomy":"product_brand","embeddable":true,"href":"https:\/\/equipmentcontrols.com\/fr\/wp-json\/wp\/v2\/product_brand?post=1100"},{"taxonomy":"product_cat","embeddable":true,"href":"https:\/\/equipmentcontrols.com\/fr\/wp-json\/wp\/v2\/product_cat?post=1100"},{"taxonomy":"product_tag","embeddable":true,"href":"https:\/\/equipmentcontrols.com\/fr\/wp-json\/wp\/v2\/product_tag?post=1100"}],"curies":[{"name":"wp","href":"https:\/\/api.w.org\/{rel}","templated":true}]}}