{"id":1091,"date":"2020-05-06T22:26:53","date_gmt":"2020-05-06T22:26:53","guid":{"rendered":"https:\/\/econtrols.stagemysite.com\/?post_type=product&#038;p=1091"},"modified":"2020-05-06T22:35:03","modified_gmt":"2020-05-06T22:35:03","slug":"xartu-transfer-prover","status":"publish","type":"product","link":"https:\/\/equipmentcontrols.com\/fr\/produit\/xartu-transfer-prover\/","title":{"rendered":"\u00c9tuve de transfert XARTU\u2122"},"content":{"rendered":"<p><strong>\u00c9tuve de transfert XARTU\u2122<\/strong><\/p>\n<p>L&#039;\u00e9talon de transfert XARTU-TP\u2122 est un syst\u00e8me portable con\u00e7u pour fournir des essais pr\u00e9cis sur le terrain pour les compteurs rotatifs, \u00e0 turbine et \u00e0 membrane. Sa conception compacte permet \u00e0 l&#039;\u00e9talon d&#039;\u00eatre transport\u00e9 sur le terrain sans avoir besoin d&#039;un v\u00e9hicule d\u00e9di\u00e9 ou d&#039;\u00e9quipes de travail compos\u00e9es de plusieurs personnes. Le poids net d&#039;une \u00e9tuve 3M sans le ventilateur et le tuyau n&#039;est que de 64 lb. La conception \u00e0 faible demande d&#039;alimentation du syst\u00e8me d&#039;\u00e9talon permet de tester et de faire fonctionner le ventilateur en utilisant uniquement un onduleur CA\/CC standard, par opposition au besoin d&#039;un circuit CA ou d&#039;un g\u00e9n\u00e9rateur de gaz d\u00e9di\u00e9. Chaque \u00e9talon est exp\u00e9di\u00e9 de l&#039;usine avec le rapport de test du NIST (National Institute of Standards and Technology).<\/p>\n<p><strong>Caract\u00e9ristiques et avantages: <\/strong><\/p>\n<p>\u2022 Compacte et portative<strong><br \/>\n<\/strong>\u2022 Test de champ pr\u00e9cis pour les compteurs rotatifs, \u00e0 turbine et \u00e0 diaphragme<br \/>\n\u2022 Configurable via RS232 pour la communication Modbus<br \/>\n\u2022 Utiliser un onduleur CA\/CC standard<br \/>\n\u2022 Tests NIST (Institut national des normes et de la technologie)<\/p>\n<p><strong>Le package du syst\u00e8me de v\u00e9rification comprend\u00a0:<\/strong><\/p>\n<p>\u2022 \u00c9lectronique de testeur XARTU-TP\u2122<\/p>\n<p>\u2022 G\u00e9n\u00e9rateur d&#039;impulsions haute fr\u00e9quence amovible<\/p>\n<p>\u2022 Compteur principal<\/p>\n<p>\u2022 Connexion rapide, r\u00e9ponses rapides, sonde de temp\u00e9rature<\/p>\n<p>\u2022 Tube de pression \u00e0 connexion rapide<\/p>\n<p>\u2022 Bouton-poussoir pour le fonctionnement manuel<\/p>\n<p>\u2022 Souffleur avec boyau \u00e0 raccord rapide de 10 pi inclus<\/p>\n<p>\u2022 Valise Pelican robuste avec insert en mousse personnalis\u00e9<\/p>\n<p>\u2022 Poids net total 3M uniquement - 85\u00a0lb<\/p>\n<p>\u2022 Poids net Prover 3M uniquement - 64\u00a0lb<\/p>\n<p><strong>Fonctionnalit\u00e9s conviviales\u00a0:<\/strong><\/p>\n<p>\u2022 Modes d&#039;ex\u00e9cution pour automatique et manuel<\/p>\n<p>\u2022 Clavier \u00e9tanche pilot\u00e9 par menu<\/p>\n<p>\u2022 Affichage 4 lignes facile \u00e0 lire<\/p>\n<p>\u2022 Enti\u00e8rement pris en charge dans le logiciel Field Manager\u2122<\/p>\n<p>\u2022 Aucun ordinateur n\u00e9cessaire pour la collecte de donn\u00e9es<\/p>\n<p><strong>T\u00e9l\u00e9charger:<\/strong><br \/>\n<a href=\"https:\/\/equipmentcontrols.com\/wp-content\/uploads\/2020\/05\/Transfer-Prover-1.pdf\">Bulletin de l&#039;\u00e9talon de transfert XARTU\u2122<\/a><\/p>","protected":false},"excerpt":{"rendered":"<p>XARTU\u2122 Transfer Prover The XARTU-TP\u2122 Transfer Prover is a portable system designed to provide accurate field proving for rotary, turbine, and diaphragm meters. Its compact design allows the prover to be transported to field locations without the need for a dedicated vehicle or multi-person work crews. Net weight for a 3M prover without the blower [&hellip;]<\/p>\n","protected":false},"featured_media":1043,"template":"","meta":[],"product_brand":[],"product_cat":[49,23],"product_tag":[],"class_list":{"0":"post-1091","1":"product","2":"type-product","3":"status-publish","4":"has-post-thumbnail","6":"product_cat-eagle-research-corporation","7":"product_cat-instrumentation","9":"first","10":"instock","11":"shipping-taxable","12":"product-type-simple"},"yoast_head":"<!-- This site is optimized with the Yoast SEO Premium plugin v23.9 (Yoast SEO v27.3) - https:\/\/yoast.com\/product\/yoast-seo-premium-wordpress\/ -->\n<title>XARTU\u2122 Transfer Prover - ECCO<\/title>\n<meta name=\"description\" content=\"Eagle Field Manager\u2122 is a Windows\u00ae based configuration utility designed to support all Eagle Research Corporation\u00ae hardware in the field. Field Manager\u2122 provides an easy to use group of functions to assist the user in setting up and configuring the field device, gathering data, viewing alarms, and calibrating transducers. It also features a variety of other useful tools.\" \/>\n<meta name=\"robots\" content=\"index, follow, max-snippet:-1, max-image-preview:large, max-video-preview:-1\" \/>\n<link rel=\"canonical\" href=\"https:\/\/equipmentcontrols.com\/fr\/produit\/xartu-transfer-prover\/\" \/>\n<meta property=\"og:locale\" content=\"fr_CA\" \/>\n<meta property=\"og:type\" content=\"article\" \/>\n<meta property=\"og:title\" content=\"XARTU\u2122 Transfer Prover\" \/>\n<meta property=\"og:description\" content=\"Eagle Field Manager\u2122 is a Windows\u00ae based configuration utility designed to support all Eagle Research Corporation\u00ae hardware in the field. Field Manager\u2122 provides an easy to use group of functions to assist the user in setting up and configuring the field device, gathering data, viewing alarms, and calibrating transducers. It also features a variety of other useful tools.\" \/>\n<meta property=\"og:url\" content=\"https:\/\/equipmentcontrols.com\/fr\/produit\/xartu-transfer-prover\/\" \/>\n<meta property=\"og:site_name\" content=\"ECCO\" \/>\n<meta property=\"article:modified_time\" content=\"2020-05-06T22:35:03+00:00\" \/>\n<meta property=\"og:image\" content=\"https:\/\/equipmentcontrols.com\/wp-content\/uploads\/2020\/05\/EAGLE-Transfer-Prover.jpg\" \/>\n\t<meta property=\"og:image:width\" content=\"860\" \/>\n\t<meta property=\"og:image:height\" content=\"860\" \/>\n\t<meta property=\"og:image:type\" content=\"image\/jpeg\" \/>\n<meta name=\"twitter:card\" content=\"summary_large_image\" \/>\n<meta name=\"twitter:label1\" content=\"Estimation du temps de lecture\" \/>\n\t<meta name=\"twitter:data1\" content=\"1 minute\" \/>\n<script type=\"application\/ld+json\" class=\"yoast-schema-graph\">{\"@context\":\"https:\\\/\\\/schema.org\",\"@graph\":[{\"@type\":\"WebPage\",\"@id\":\"https:\\\/\\\/equipmentcontrols.com\\\/product\\\/xartu-transfer-prover\\\/\",\"url\":\"https:\\\/\\\/equipmentcontrols.com\\\/product\\\/xartu-transfer-prover\\\/\",\"name\":\"XARTU\u2122 Transfer Prover - ECCO\",\"isPartOf\":{\"@id\":\"https:\\\/\\\/equipmentcontrols.com\\\/#website\"},\"primaryImageOfPage\":{\"@id\":\"https:\\\/\\\/equipmentcontrols.com\\\/product\\\/xartu-transfer-prover\\\/#primaryimage\"},\"image\":{\"@id\":\"https:\\\/\\\/equipmentcontrols.com\\\/product\\\/xartu-transfer-prover\\\/#primaryimage\"},\"thumbnailUrl\":\"https:\\\/\\\/equipmentcontrols.com\\\/wp-content\\\/uploads\\\/2020\\\/05\\\/EAGLE-Transfer-Prover.jpg\",\"datePublished\":\"2020-05-06T22:26:53+00:00\",\"dateModified\":\"2020-05-06T22:35:03+00:00\",\"description\":\"Eagle Field Manager\u2122 is a Windows\u00ae based configuration utility designed to support all Eagle Research Corporation\u00ae hardware in the field. Field Manager\u2122 provides an easy to use group of functions to assist the user in setting up and configuring the field device, gathering data, viewing alarms, and calibrating transducers. It also features a variety of other useful tools.\",\"breadcrumb\":{\"@id\":\"https:\\\/\\\/equipmentcontrols.com\\\/product\\\/xartu-transfer-prover\\\/#breadcrumb\"},\"inLanguage\":\"fr-CA\",\"potentialAction\":[{\"@type\":\"ReadAction\",\"target\":[\"https:\\\/\\\/equipmentcontrols.com\\\/product\\\/xartu-transfer-prover\\\/\"]}]},{\"@type\":\"ImageObject\",\"inLanguage\":\"fr-CA\",\"@id\":\"https:\\\/\\\/equipmentcontrols.com\\\/product\\\/xartu-transfer-prover\\\/#primaryimage\",\"url\":\"https:\\\/\\\/equipmentcontrols.com\\\/wp-content\\\/uploads\\\/2020\\\/05\\\/EAGLE-Transfer-Prover.jpg\",\"contentUrl\":\"https:\\\/\\\/equipmentcontrols.com\\\/wp-content\\\/uploads\\\/2020\\\/05\\\/EAGLE-Transfer-Prover.jpg\",\"width\":860,\"height\":860,\"caption\":\"EAGLE Transfer Prover\"},{\"@type\":\"BreadcrumbList\",\"@id\":\"https:\\\/\\\/equipmentcontrols.com\\\/product\\\/xartu-transfer-prover\\\/#breadcrumb\",\"itemListElement\":[{\"@type\":\"ListItem\",\"position\":1,\"name\":\"Home\",\"item\":\"https:\\\/\\\/equipmentcontrols.com\\\/\"},{\"@type\":\"ListItem\",\"position\":2,\"name\":\"Shop\",\"item\":\"https:\\\/\\\/equipmentcontrols.com\\\/shop\\\/\"},{\"@type\":\"ListItem\",\"position\":3,\"name\":\"XARTU\u2122 Transfer Prover\"}]},{\"@type\":\"WebSite\",\"@id\":\"https:\\\/\\\/equipmentcontrols.com\\\/#website\",\"url\":\"https:\\\/\\\/equipmentcontrols.com\\\/\",\"name\":\"ECCO\",\"description\":\"Equipment Controls Company\",\"potentialAction\":[{\"@type\":\"SearchAction\",\"target\":{\"@type\":\"EntryPoint\",\"urlTemplate\":\"https:\\\/\\\/equipmentcontrols.com\\\/?s={search_term_string}\"},\"query-input\":{\"@type\":\"PropertyValueSpecification\",\"valueRequired\":true,\"valueName\":\"search_term_string\"}}],\"inLanguage\":\"fr-CA\"}]}<\/script>\n<!-- \/ Yoast SEO Premium plugin. -->","yoast_head_json":{"title":"XARTU\u2122 Transfer Prover - ECCO","description":"Eagle Field Manager\u2122 is a Windows\u00ae based configuration utility designed to support all Eagle Research Corporation\u00ae hardware in the field. Field Manager\u2122 provides an easy to use group of functions to assist the user in setting up and configuring the field device, gathering data, viewing alarms, and calibrating transducers. It also features a variety of other useful tools.","robots":{"index":"index","follow":"follow","max-snippet":"max-snippet:-1","max-image-preview":"max-image-preview:large","max-video-preview":"max-video-preview:-1"},"canonical":"https:\/\/equipmentcontrols.com\/fr\/produit\/xartu-transfer-prover\/","og_locale":"fr_CA","og_type":"article","og_title":"XARTU\u2122 Transfer Prover","og_description":"Eagle Field Manager\u2122 is a Windows\u00ae based configuration utility designed to support all Eagle Research Corporation\u00ae hardware in the field. Field Manager\u2122 provides an easy to use group of functions to assist the user in setting up and configuring the field device, gathering data, viewing alarms, and calibrating transducers. It also features a variety of other useful tools.","og_url":"https:\/\/equipmentcontrols.com\/fr\/produit\/xartu-transfer-prover\/","og_site_name":"ECCO","article_modified_time":"2020-05-06T22:35:03+00:00","og_image":[{"width":860,"height":860,"url":"https:\/\/equipmentcontrols.com\/wp-content\/uploads\/2020\/05\/EAGLE-Transfer-Prover.jpg","type":"image\/jpeg"}],"twitter_card":"summary_large_image","twitter_misc":{"Estimation du temps de lecture":"1 minute"},"schema":{"@context":"https:\/\/schema.org","@graph":[{"@type":"WebPage","@id":"https:\/\/equipmentcontrols.com\/product\/xartu-transfer-prover\/","url":"https:\/\/equipmentcontrols.com\/product\/xartu-transfer-prover\/","name":"XARTU\u2122 Transfer Prover - ECCO","isPartOf":{"@id":"https:\/\/equipmentcontrols.com\/#website"},"primaryImageOfPage":{"@id":"https:\/\/equipmentcontrols.com\/product\/xartu-transfer-prover\/#primaryimage"},"image":{"@id":"https:\/\/equipmentcontrols.com\/product\/xartu-transfer-prover\/#primaryimage"},"thumbnailUrl":"https:\/\/equipmentcontrols.com\/wp-content\/uploads\/2020\/05\/EAGLE-Transfer-Prover.jpg","datePublished":"2020-05-06T22:26:53+00:00","dateModified":"2020-05-06T22:35:03+00:00","description":"Eagle Field Manager\u2122 is a Windows\u00ae based configuration utility designed to support all Eagle Research Corporation\u00ae hardware in the field. Field Manager\u2122 provides an easy to use group of functions to assist the user in setting up and configuring the field device, gathering data, viewing alarms, and calibrating transducers. It also features a variety of other useful tools.","breadcrumb":{"@id":"https:\/\/equipmentcontrols.com\/product\/xartu-transfer-prover\/#breadcrumb"},"inLanguage":"fr-CA","potentialAction":[{"@type":"ReadAction","target":["https:\/\/equipmentcontrols.com\/product\/xartu-transfer-prover\/"]}]},{"@type":"ImageObject","inLanguage":"fr-CA","@id":"https:\/\/equipmentcontrols.com\/product\/xartu-transfer-prover\/#primaryimage","url":"https:\/\/equipmentcontrols.com\/wp-content\/uploads\/2020\/05\/EAGLE-Transfer-Prover.jpg","contentUrl":"https:\/\/equipmentcontrols.com\/wp-content\/uploads\/2020\/05\/EAGLE-Transfer-Prover.jpg","width":860,"height":860,"caption":"EAGLE Transfer Prover"},{"@type":"BreadcrumbList","@id":"https:\/\/equipmentcontrols.com\/product\/xartu-transfer-prover\/#breadcrumb","itemListElement":[{"@type":"ListItem","position":1,"name":"Home","item":"https:\/\/equipmentcontrols.com\/"},{"@type":"ListItem","position":2,"name":"Shop","item":"https:\/\/equipmentcontrols.com\/shop\/"},{"@type":"ListItem","position":3,"name":"XARTU\u2122 Transfer Prover"}]},{"@type":"WebSite","@id":"https:\/\/equipmentcontrols.com\/#website","url":"https:\/\/equipmentcontrols.com\/","name":"ECCO","description":"Compagnie de contr\u00f4le d&#039;\u00e9quipement","potentialAction":[{"@type":"SearchAction","target":{"@type":"EntryPoint","urlTemplate":"https:\/\/equipmentcontrols.com\/?s={search_term_string}"},"query-input":{"@type":"PropertyValueSpecification","valueRequired":true,"valueName":"search_term_string"}}],"inLanguage":"fr-CA"}]}},"_links":{"self":[{"href":"https:\/\/equipmentcontrols.com\/fr\/wp-json\/wp\/v2\/product\/1091","targetHints":{"allow":["GET"]}}],"collection":[{"href":"https:\/\/equipmentcontrols.com\/fr\/wp-json\/wp\/v2\/product"}],"about":[{"href":"https:\/\/equipmentcontrols.com\/fr\/wp-json\/wp\/v2\/types\/product"}],"wp:featuredmedia":[{"embeddable":true,"href":"https:\/\/equipmentcontrols.com\/fr\/wp-json\/wp\/v2\/media\/1043"}],"wp:attachment":[{"href":"https:\/\/equipmentcontrols.com\/fr\/wp-json\/wp\/v2\/media?parent=1091"}],"wp:term":[{"taxonomy":"product_brand","embeddable":true,"href":"https:\/\/equipmentcontrols.com\/fr\/wp-json\/wp\/v2\/product_brand?post=1091"},{"taxonomy":"product_cat","embeddable":true,"href":"https:\/\/equipmentcontrols.com\/fr\/wp-json\/wp\/v2\/product_cat?post=1091"},{"taxonomy":"product_tag","embeddable":true,"href":"https:\/\/equipmentcontrols.com\/fr\/wp-json\/wp\/v2\/product_tag?post=1091"}],"curies":[{"name":"wp","href":"https:\/\/api.w.org\/{rel}","templated":true}]}}