{"id":1089,"date":"2020-05-06T22:12:00","date_gmt":"2020-05-06T22:12:00","guid":{"rendered":"https:\/\/econtrols.stagemysite.com\/?post_type=product&#038;p=1089"},"modified":"2022-02-15T20:28:47","modified_gmt":"2022-02-15T20:28:47","slug":"eagle-ppr-portable-pressure-recorder","status":"publish","type":"product","link":"https:\/\/equipmentcontrols.com\/fr\/produit\/eagle-ppr-portable-pressure-recorder\/","title":{"rendered":"Enregistreur de pression portable EAGLE RESEARCH CORPORATION\u00ae PPR"},"content":{"rendered":"<p><strong>Eagle PPR \u2013 Enregistreur de pression portable<\/strong><\/p>\n<p>EAGLE propose une version portable de l&#039;EPR pour les tests de pression sur le terrain. Offrant une mesure de pression dans les emplacements du syst\u00e8me de gaz o\u00f9 les installations permanentes ne sont pas pratiques ou n\u00e9cessaires.<\/p>\n<p>\u2022 Test de pression temporaire sur le terrain<\/p>\n<p>\u2022 Capturez les profils de pression pour les \u00e9tudes du syst\u00e8me, des pics et des chutes<\/p>\n<p>\u2022 Options de couleur de bo\u00eetier\u00a0:<\/p>\n<ul>\n<li>Le noir<\/li>\n<li>Olive verte<\/li>\n<li>Jaune<\/li>\n<\/ul>\n<p>\u2022 Graphique<\/p>\n<p>\u2022 Tendances en direct et historiques \u00e0 l&#039;aide des progiciels Eagle<\/p>\n<p><strong>T\u00e9l\u00e9charger:<\/strong><br \/>\n<a href=\"https:\/\/equipmentcontrols.com\/wp-content\/uploads\/2020\/05\/EAGLE-PPR.jpg\" data-rel=\"lightbox-image-0\" data-rl_title=\"\" data-rl_caption=\"\" title=\"\">Bulletin d&#039;enregistrement de pression portable EAGLE E-Series<\/a><\/p>","protected":false},"excerpt":{"rendered":"<p>Eagle PPR &#8211; Portable Pressure Recorder EAGLE offers a Portable version of the EPR for pressure testing in the field. Offering pressure measurement in locations of the gas system where permanent installations are not practical or required. \u2022 Temporary Pressure Testing in the Field \u2022 Capture Pressure Profiles for Studies of System, Spikes, and Droops [&hellip;]<\/p>\n","protected":false},"featured_media":1042,"template":"","meta":[],"product_brand":[],"product_cat":[49,23],"product_tag":[],"class_list":{"0":"post-1089","1":"product","2":"type-product","3":"status-publish","4":"has-post-thumbnail","6":"product_cat-eagle-research-corporation","7":"product_cat-instrumentation","9":"first","10":"instock","11":"shipping-taxable","12":"product-type-simple"},"yoast_head":"<!-- This site is optimized with the Yoast SEO Premium plugin v23.9 (Yoast SEO v27.3) - https:\/\/yoast.com\/product\/yoast-seo-premium-wordpress\/ -->\n<title>EAGLE RESEARCH CORPORATION\u00ae PPR Portable Pressure Recorder - ECCO<\/title>\n<meta name=\"description\" content=\"Eagle offers a Portable version of the EPR for pressure testing in the field. Offering pressure measurement in locations of the gas system where permanent installations are not practical or required.\" \/>\n<meta name=\"robots\" content=\"index, follow, max-snippet:-1, max-image-preview:large, max-video-preview:-1\" \/>\n<link rel=\"canonical\" href=\"https:\/\/equipmentcontrols.com\/fr\/produit\/eagle-ppr-portable-pressure-recorder\/\" \/>\n<meta property=\"og:locale\" content=\"fr_CA\" \/>\n<meta property=\"og:type\" content=\"article\" \/>\n<meta property=\"og:title\" content=\"EAGLE RESEARCH CORPORATION\u00ae PPR Portable Pressure Recorder\" \/>\n<meta property=\"og:description\" content=\"Eagle offers a Portable version of the EPR for pressure testing in the field. Offering pressure measurement in locations of the gas system where permanent installations are not practical or required.\" \/>\n<meta property=\"og:url\" content=\"https:\/\/equipmentcontrols.com\/fr\/produit\/eagle-ppr-portable-pressure-recorder\/\" \/>\n<meta property=\"og:site_name\" content=\"ECCO\" \/>\n<meta property=\"article:modified_time\" content=\"2022-02-15T20:28:47+00:00\" \/>\n<meta property=\"og:image\" content=\"https:\/\/equipmentcontrols.com\/wp-content\/uploads\/2020\/05\/EAGLE-PPR.jpg\" \/>\n\t<meta property=\"og:image:width\" content=\"860\" \/>\n\t<meta property=\"og:image:height\" content=\"860\" \/>\n\t<meta property=\"og:image:type\" content=\"image\/jpeg\" \/>\n<meta name=\"twitter:card\" content=\"summary_large_image\" \/>\n<script type=\"application\/ld+json\" class=\"yoast-schema-graph\">{\"@context\":\"https:\\\/\\\/schema.org\",\"@graph\":[{\"@type\":\"WebPage\",\"@id\":\"https:\\\/\\\/equipmentcontrols.com\\\/product\\\/eagle-ppr-portable-pressure-recorder\\\/\",\"url\":\"https:\\\/\\\/equipmentcontrols.com\\\/product\\\/eagle-ppr-portable-pressure-recorder\\\/\",\"name\":\"EAGLE RESEARCH CORPORATION\u00ae PPR Portable Pressure Recorder - ECCO\",\"isPartOf\":{\"@id\":\"https:\\\/\\\/equipmentcontrols.com\\\/#website\"},\"primaryImageOfPage\":{\"@id\":\"https:\\\/\\\/equipmentcontrols.com\\\/product\\\/eagle-ppr-portable-pressure-recorder\\\/#primaryimage\"},\"image\":{\"@id\":\"https:\\\/\\\/equipmentcontrols.com\\\/product\\\/eagle-ppr-portable-pressure-recorder\\\/#primaryimage\"},\"thumbnailUrl\":\"https:\\\/\\\/equipmentcontrols.com\\\/wp-content\\\/uploads\\\/2020\\\/05\\\/EAGLE-PPR.jpg\",\"datePublished\":\"2020-05-06T22:12:00+00:00\",\"dateModified\":\"2022-02-15T20:28:47+00:00\",\"description\":\"Eagle offers a Portable version of the EPR for pressure testing in the field. Offering pressure measurement in locations of the gas system where permanent installations are not practical or required.\",\"breadcrumb\":{\"@id\":\"https:\\\/\\\/equipmentcontrols.com\\\/product\\\/eagle-ppr-portable-pressure-recorder\\\/#breadcrumb\"},\"inLanguage\":\"fr-CA\",\"potentialAction\":[{\"@type\":\"ReadAction\",\"target\":[\"https:\\\/\\\/equipmentcontrols.com\\\/product\\\/eagle-ppr-portable-pressure-recorder\\\/\"]}]},{\"@type\":\"ImageObject\",\"inLanguage\":\"fr-CA\",\"@id\":\"https:\\\/\\\/equipmentcontrols.com\\\/product\\\/eagle-ppr-portable-pressure-recorder\\\/#primaryimage\",\"url\":\"https:\\\/\\\/equipmentcontrols.com\\\/wp-content\\\/uploads\\\/2020\\\/05\\\/EAGLE-PPR.jpg\",\"contentUrl\":\"https:\\\/\\\/equipmentcontrols.com\\\/wp-content\\\/uploads\\\/2020\\\/05\\\/EAGLE-PPR.jpg\",\"width\":860,\"height\":860,\"caption\":\"EAGLE PPR\"},{\"@type\":\"BreadcrumbList\",\"@id\":\"https:\\\/\\\/equipmentcontrols.com\\\/product\\\/eagle-ppr-portable-pressure-recorder\\\/#breadcrumb\",\"itemListElement\":[{\"@type\":\"ListItem\",\"position\":1,\"name\":\"Home\",\"item\":\"https:\\\/\\\/equipmentcontrols.com\\\/\"},{\"@type\":\"ListItem\",\"position\":2,\"name\":\"Shop\",\"item\":\"https:\\\/\\\/equipmentcontrols.com\\\/shop\\\/\"},{\"@type\":\"ListItem\",\"position\":3,\"name\":\"EAGLE RESEARCH CORPORATION\u00ae PPR Portable Pressure Recorder\"}]},{\"@type\":\"WebSite\",\"@id\":\"https:\\\/\\\/equipmentcontrols.com\\\/#website\",\"url\":\"https:\\\/\\\/equipmentcontrols.com\\\/\",\"name\":\"ECCO\",\"description\":\"Equipment Controls Company\",\"potentialAction\":[{\"@type\":\"SearchAction\",\"target\":{\"@type\":\"EntryPoint\",\"urlTemplate\":\"https:\\\/\\\/equipmentcontrols.com\\\/?s={search_term_string}\"},\"query-input\":{\"@type\":\"PropertyValueSpecification\",\"valueRequired\":true,\"valueName\":\"search_term_string\"}}],\"inLanguage\":\"fr-CA\"}]}<\/script>\n<!-- \/ Yoast SEO Premium plugin. -->","yoast_head_json":{"title":"EAGLE RESEARCH CORPORATION\u00ae PPR Portable Pressure Recorder - ECCO","description":"Eagle offers a Portable version of the EPR for pressure testing in the field. Offering pressure measurement in locations of the gas system where permanent installations are not practical or required.","robots":{"index":"index","follow":"follow","max-snippet":"max-snippet:-1","max-image-preview":"max-image-preview:large","max-video-preview":"max-video-preview:-1"},"canonical":"https:\/\/equipmentcontrols.com\/fr\/produit\/eagle-ppr-portable-pressure-recorder\/","og_locale":"fr_CA","og_type":"article","og_title":"EAGLE RESEARCH CORPORATION\u00ae PPR Portable Pressure Recorder","og_description":"Eagle offers a Portable version of the EPR for pressure testing in the field. Offering pressure measurement in locations of the gas system where permanent installations are not practical or required.","og_url":"https:\/\/equipmentcontrols.com\/fr\/produit\/eagle-ppr-portable-pressure-recorder\/","og_site_name":"ECCO","article_modified_time":"2022-02-15T20:28:47+00:00","og_image":[{"width":860,"height":860,"url":"https:\/\/equipmentcontrols.com\/wp-content\/uploads\/2020\/05\/EAGLE-PPR.jpg","type":"image\/jpeg"}],"twitter_card":"summary_large_image","schema":{"@context":"https:\/\/schema.org","@graph":[{"@type":"WebPage","@id":"https:\/\/equipmentcontrols.com\/product\/eagle-ppr-portable-pressure-recorder\/","url":"https:\/\/equipmentcontrols.com\/product\/eagle-ppr-portable-pressure-recorder\/","name":"EAGLE RESEARCH CORPORATION\u00ae PPR Portable Pressure Recorder - ECCO","isPartOf":{"@id":"https:\/\/equipmentcontrols.com\/#website"},"primaryImageOfPage":{"@id":"https:\/\/equipmentcontrols.com\/product\/eagle-ppr-portable-pressure-recorder\/#primaryimage"},"image":{"@id":"https:\/\/equipmentcontrols.com\/product\/eagle-ppr-portable-pressure-recorder\/#primaryimage"},"thumbnailUrl":"https:\/\/equipmentcontrols.com\/wp-content\/uploads\/2020\/05\/EAGLE-PPR.jpg","datePublished":"2020-05-06T22:12:00+00:00","dateModified":"2022-02-15T20:28:47+00:00","description":"Eagle offers a Portable version of the EPR for pressure testing in the field. Offering pressure measurement in locations of the gas system where permanent installations are not practical or required.","breadcrumb":{"@id":"https:\/\/equipmentcontrols.com\/product\/eagle-ppr-portable-pressure-recorder\/#breadcrumb"},"inLanguage":"fr-CA","potentialAction":[{"@type":"ReadAction","target":["https:\/\/equipmentcontrols.com\/product\/eagle-ppr-portable-pressure-recorder\/"]}]},{"@type":"ImageObject","inLanguage":"fr-CA","@id":"https:\/\/equipmentcontrols.com\/product\/eagle-ppr-portable-pressure-recorder\/#primaryimage","url":"https:\/\/equipmentcontrols.com\/wp-content\/uploads\/2020\/05\/EAGLE-PPR.jpg","contentUrl":"https:\/\/equipmentcontrols.com\/wp-content\/uploads\/2020\/05\/EAGLE-PPR.jpg","width":860,"height":860,"caption":"EAGLE PPR"},{"@type":"BreadcrumbList","@id":"https:\/\/equipmentcontrols.com\/product\/eagle-ppr-portable-pressure-recorder\/#breadcrumb","itemListElement":[{"@type":"ListItem","position":1,"name":"Home","item":"https:\/\/equipmentcontrols.com\/"},{"@type":"ListItem","position":2,"name":"Shop","item":"https:\/\/equipmentcontrols.com\/shop\/"},{"@type":"ListItem","position":3,"name":"EAGLE RESEARCH CORPORATION\u00ae PPR Portable Pressure Recorder"}]},{"@type":"WebSite","@id":"https:\/\/equipmentcontrols.com\/#website","url":"https:\/\/equipmentcontrols.com\/","name":"ECCO","description":"Compagnie de contr\u00f4le d&#039;\u00e9quipement","potentialAction":[{"@type":"SearchAction","target":{"@type":"EntryPoint","urlTemplate":"https:\/\/equipmentcontrols.com\/?s={search_term_string}"},"query-input":{"@type":"PropertyValueSpecification","valueRequired":true,"valueName":"search_term_string"}}],"inLanguage":"fr-CA"}]}},"_links":{"self":[{"href":"https:\/\/equipmentcontrols.com\/fr\/wp-json\/wp\/v2\/product\/1089","targetHints":{"allow":["GET"]}}],"collection":[{"href":"https:\/\/equipmentcontrols.com\/fr\/wp-json\/wp\/v2\/product"}],"about":[{"href":"https:\/\/equipmentcontrols.com\/fr\/wp-json\/wp\/v2\/types\/product"}],"wp:featuredmedia":[{"embeddable":true,"href":"https:\/\/equipmentcontrols.com\/fr\/wp-json\/wp\/v2\/media\/1042"}],"wp:attachment":[{"href":"https:\/\/equipmentcontrols.com\/fr\/wp-json\/wp\/v2\/media?parent=1089"}],"wp:term":[{"taxonomy":"product_brand","embeddable":true,"href":"https:\/\/equipmentcontrols.com\/fr\/wp-json\/wp\/v2\/product_brand?post=1089"},{"taxonomy":"product_cat","embeddable":true,"href":"https:\/\/equipmentcontrols.com\/fr\/wp-json\/wp\/v2\/product_cat?post=1089"},{"taxonomy":"product_tag","embeddable":true,"href":"https:\/\/equipmentcontrols.com\/fr\/wp-json\/wp\/v2\/product_tag?post=1089"}],"curies":[{"name":"wp","href":"https:\/\/api.w.org\/{rel}","templated":true}]}}