{"id":1088,"date":"2020-05-06T22:01:16","date_gmt":"2020-05-06T22:01:16","guid":{"rendered":"https:\/\/econtrols.stagemysite.com\/?post_type=product&#038;p=1088"},"modified":"2022-02-15T20:31:38","modified_gmt":"2022-02-15T20:31:38","slug":"eagle-mpplus-volume-corrector","status":"publish","type":"product","link":"https:\/\/equipmentcontrols.com\/fr\/produit\/eagle-mpplus-volume-corrector\/","title":{"rendered":"Correcteur de volume Eagle MPplus\u2122"},"content":{"rendered":"<p><strong>EAGLE RESEARCH CORPORATION Correcteur de volume MPplus\u2122<\/strong><\/p>\n<p>Le correcteur de volume MPplus\u2122 est une version \u00e0 prix r\u00e9duit de la s\u00e9rie de produits correcteurs de volume XARTU\/1\u2122-LDVI. Il s&#039;agit d&#039;un ordinateur industriel contr\u00f4l\u00e9 par microprocesseur intelligent, compact, robuste et fiable con\u00e7u pour les applications de mesure. Il peut ex\u00e9cuter plusieurs processus, y compris des fonctions math\u00e9matiques complexes ou des algorithmes de contr\u00f4le sans intervention de l&#039;h\u00f4te.<\/p>\n<p>\u2022 Grand \u00e9cran LCD facile \u00e0 lire avec d\u00e9filement magn\u00e9tique<br \/>\n\u2022 Entr\u00e9es de pression simples ou doubles<br \/>\n\u2022 RTD standard pour la mesure de la temp\u00e9rature<br \/>\n\u2022 AGA-5, AGA-7, NX-19, AGA-8 (m\u00e9thodes d\u00e9taill\u00e9es et brutes)<br \/>\n\u2022 Jusqu&#039;\u00e0 4 sorties d&#039;impulsions de forme A<br \/>\n\u2022 Carte de sortie d&#039;impulsions en option pour les applications AMR\u2014AMI pour prolonger la dur\u00e9e de vie de la batterie<\/p>\n<p>\u2022 Solution d&#039;enregistrement \u00e9lectronique<br \/>\n\u2022 Archivage historique et tendances<br \/>\n\u2022 Visualisation graphique facile des fluctuations de pression aux stations de r\u00e9gulation<br \/>\n\u2022 Analyse de charge du syst\u00e8me utilis\u00e9 par les d\u00e9partements d&#039;ing\u00e9nierie<\/p>\n<p><strong>Traits:<\/strong><\/p>\n<p>\u2022 Bo\u00eetier en polycarbonate l\u00e9ger \u00e0 d\u00e9gagement rapide de 6&quot; x 6&quot; x 4&quot; pour l&#039;ext\u00e9rieur<\/p>\n<p>\u2022 Grand \u00e9cran LCD facile \u00e0 lire avec d\u00e9filement magn\u00e9tique<\/p>\n<p>\u2022 Entr\u00e9es de pression simples ou doubles<\/p>\n<p>\u2022 RTD standard pour la mesure de la temp\u00e9rature<\/p>\n<p>\u2022 AGA-5, AGA-7, NX-19, AGA-8 (m\u00e9thodes d\u00e9taill\u00e9es et brutes)<\/p>\n<p>\u2022 Jusqu&#039;\u00e0 4 sorties d&#039;impulsions de forme A<\/p>\n<p>\u2022 Carte de sortie d&#039;impulsions en option pour les applications AMR\u2014AMI afin de prolonger la dur\u00e9e de vie de la batterie<\/p>\n<p>\u2022 (2)\u00a0entr\u00e9es d&#039;impulsions pour les configurations \u00e0 deux compteurs<\/p>\n<p>\u2022 Prise en charge des protocoles Eagle HexASCII ou MODBUS<\/p>\n<p>\u2022 Garantie : quatre ans sur tous les composants fabriqu\u00e9s par Eagle Research Corporation\u00ae<\/p>\n<p><strong>T\u00e9l\u00e9charger:<\/strong><br \/>\n<a href=\"https:\/\/equipmentcontrols.com\/wp-content\/uploads\/2020\/05\/MPplus-Bulletin-1.pdf\">Bulletin correcteur de volume EAGLE MPplus<\/a><\/p>","protected":false},"excerpt":{"rendered":"<p>EAGLE RESEARCH CORPORATION MPplus\u2122 Volume Corrector The MPplus\u2122 Volume Corrector is a cost reduced version of the XARTU\/1\u2122-LDVI series of volume corrector products. It is an intelligent, compact, rugged, and reliable industrial microprocessor-controlled computer designed for measurement applications. It can execute multiple processes including complex math functions or control algorithms without host intervention. \u2022 Large [&hellip;]<\/p>\n","protected":false},"featured_media":1041,"template":"","meta":[],"product_brand":[],"product_cat":[49,23],"product_tag":[],"class_list":{"0":"post-1088","1":"product","2":"type-product","3":"status-publish","4":"has-post-thumbnail","6":"product_cat-eagle-research-corporation","7":"product_cat-instrumentation","9":"first","10":"instock","11":"shipping-taxable","12":"product-type-simple"},"yoast_head":"<!-- This site is optimized with the Yoast SEO Premium plugin v23.9 (Yoast SEO v27.3) - https:\/\/yoast.com\/product\/yoast-seo-premium-wordpress\/ -->\n<title>Eagle MPplus\u2122 Volume Corrector - ECCO<\/title>\n<meta name=\"description\" content=\"The MPplus\u2122 Volume Corrector is a cost reduced version of the XARTU\/1\u2122-LDVI series of volume corrector products. It is an intelligent, compact, rugged, and reliable industrial microprocessor-controlled computer designed for measurement applications. It can execute multiple processes including complex math functions or control algorithms without host intervention.\" \/>\n<meta name=\"robots\" content=\"index, follow, max-snippet:-1, max-image-preview:large, max-video-preview:-1\" \/>\n<link rel=\"canonical\" href=\"https:\/\/equipmentcontrols.com\/fr\/produit\/eagle-mpplus-volume-corrector\/\" \/>\n<meta property=\"og:locale\" content=\"fr_CA\" \/>\n<meta property=\"og:type\" content=\"article\" \/>\n<meta property=\"og:title\" content=\"Eagle MPplus\u2122 Volume Corrector\" \/>\n<meta property=\"og:description\" content=\"The MPplus\u2122 Volume Corrector is a cost reduced version of the XARTU\/1\u2122-LDVI series of volume corrector products. It is an intelligent, compact, rugged, and reliable industrial microprocessor-controlled computer designed for measurement applications. It can execute multiple processes including complex math functions or control algorithms without host intervention.\" \/>\n<meta property=\"og:url\" content=\"https:\/\/equipmentcontrols.com\/fr\/produit\/eagle-mpplus-volume-corrector\/\" \/>\n<meta property=\"og:site_name\" content=\"ECCO\" \/>\n<meta property=\"article:modified_time\" content=\"2022-02-15T20:31:38+00:00\" \/>\n<meta property=\"og:image\" content=\"https:\/\/equipmentcontrols.com\/wp-content\/uploads\/2020\/05\/EAGLE-MPPlus-Volume-Corrector.jpg\" \/>\n\t<meta property=\"og:image:width\" content=\"860\" \/>\n\t<meta property=\"og:image:height\" content=\"860\" \/>\n\t<meta property=\"og:image:type\" content=\"image\/jpeg\" \/>\n<meta name=\"twitter:card\" content=\"summary_large_image\" \/>\n<meta name=\"twitter:label1\" content=\"Estimation du temps de lecture\" \/>\n\t<meta name=\"twitter:data1\" content=\"1 minute\" \/>\n<script type=\"application\/ld+json\" class=\"yoast-schema-graph\">{\"@context\":\"https:\\\/\\\/schema.org\",\"@graph\":[{\"@type\":\"WebPage\",\"@id\":\"https:\\\/\\\/equipmentcontrols.com\\\/product\\\/eagle-mpplus-volume-corrector\\\/\",\"url\":\"https:\\\/\\\/equipmentcontrols.com\\\/product\\\/eagle-mpplus-volume-corrector\\\/\",\"name\":\"Eagle MPplus\u2122 Volume Corrector - ECCO\",\"isPartOf\":{\"@id\":\"https:\\\/\\\/equipmentcontrols.com\\\/#website\"},\"primaryImageOfPage\":{\"@id\":\"https:\\\/\\\/equipmentcontrols.com\\\/product\\\/eagle-mpplus-volume-corrector\\\/#primaryimage\"},\"image\":{\"@id\":\"https:\\\/\\\/equipmentcontrols.com\\\/product\\\/eagle-mpplus-volume-corrector\\\/#primaryimage\"},\"thumbnailUrl\":\"https:\\\/\\\/equipmentcontrols.com\\\/wp-content\\\/uploads\\\/2020\\\/05\\\/EAGLE-MPPlus-Volume-Corrector.jpg\",\"datePublished\":\"2020-05-06T22:01:16+00:00\",\"dateModified\":\"2022-02-15T20:31:38+00:00\",\"description\":\"The MPplus\u2122 Volume Corrector is a cost reduced version of the XARTU\\\/1\u2122-LDVI series of volume corrector products. It is an intelligent, compact, rugged, and reliable industrial microprocessor-controlled computer designed for measurement applications. It can execute multiple processes including complex math functions or control algorithms without host intervention.\",\"breadcrumb\":{\"@id\":\"https:\\\/\\\/equipmentcontrols.com\\\/product\\\/eagle-mpplus-volume-corrector\\\/#breadcrumb\"},\"inLanguage\":\"fr-CA\",\"potentialAction\":[{\"@type\":\"ReadAction\",\"target\":[\"https:\\\/\\\/equipmentcontrols.com\\\/product\\\/eagle-mpplus-volume-corrector\\\/\"]}]},{\"@type\":\"ImageObject\",\"inLanguage\":\"fr-CA\",\"@id\":\"https:\\\/\\\/equipmentcontrols.com\\\/product\\\/eagle-mpplus-volume-corrector\\\/#primaryimage\",\"url\":\"https:\\\/\\\/equipmentcontrols.com\\\/wp-content\\\/uploads\\\/2020\\\/05\\\/EAGLE-MPPlus-Volume-Corrector.jpg\",\"contentUrl\":\"https:\\\/\\\/equipmentcontrols.com\\\/wp-content\\\/uploads\\\/2020\\\/05\\\/EAGLE-MPPlus-Volume-Corrector.jpg\",\"width\":860,\"height\":860,\"caption\":\"EAGLE MPPlus Volume Corrector\"},{\"@type\":\"BreadcrumbList\",\"@id\":\"https:\\\/\\\/equipmentcontrols.com\\\/product\\\/eagle-mpplus-volume-corrector\\\/#breadcrumb\",\"itemListElement\":[{\"@type\":\"ListItem\",\"position\":1,\"name\":\"Home\",\"item\":\"https:\\\/\\\/equipmentcontrols.com\\\/\"},{\"@type\":\"ListItem\",\"position\":2,\"name\":\"Shop\",\"item\":\"https:\\\/\\\/equipmentcontrols.com\\\/shop\\\/\"},{\"@type\":\"ListItem\",\"position\":3,\"name\":\"Eagle MPplus\u2122 Volume Corrector\"}]},{\"@type\":\"WebSite\",\"@id\":\"https:\\\/\\\/equipmentcontrols.com\\\/#website\",\"url\":\"https:\\\/\\\/equipmentcontrols.com\\\/\",\"name\":\"ECCO\",\"description\":\"Equipment Controls Company\",\"potentialAction\":[{\"@type\":\"SearchAction\",\"target\":{\"@type\":\"EntryPoint\",\"urlTemplate\":\"https:\\\/\\\/equipmentcontrols.com\\\/?s={search_term_string}\"},\"query-input\":{\"@type\":\"PropertyValueSpecification\",\"valueRequired\":true,\"valueName\":\"search_term_string\"}}],\"inLanguage\":\"fr-CA\"}]}<\/script>\n<!-- \/ Yoast SEO Premium plugin. -->","yoast_head_json":{"title":"Eagle MPplus\u2122 Volume Corrector - ECCO","description":"Le correcteur de volume MPplus\u2122 est une version \u00e0 prix r\u00e9duit de la s\u00e9rie de produits correcteurs de volume XARTU\/1\u2122-LDVI. Il s&#039;agit d&#039;un ordinateur industriel contr\u00f4l\u00e9 par microprocesseur intelligent, compact, robuste et fiable con\u00e7u pour les applications de mesure. Il peut ex\u00e9cuter plusieurs processus, y compris des fonctions math\u00e9matiques complexes ou des algorithmes de contr\u00f4le sans intervention de l&#039;h\u00f4te.","robots":{"index":"index","follow":"follow","max-snippet":"max-snippet:-1","max-image-preview":"max-image-preview:large","max-video-preview":"max-video-preview:-1"},"canonical":"https:\/\/equipmentcontrols.com\/fr\/produit\/eagle-mpplus-volume-corrector\/","og_locale":"fr_CA","og_type":"article","og_title":"Eagle MPplus\u2122 Volume Corrector","og_description":"The MPplus\u2122 Volume Corrector is a cost reduced version of the XARTU\/1\u2122-LDVI series of volume corrector products. It is an intelligent, compact, rugged, and reliable industrial microprocessor-controlled computer designed for measurement applications. It can execute multiple processes including complex math functions or control algorithms without host intervention.","og_url":"https:\/\/equipmentcontrols.com\/fr\/produit\/eagle-mpplus-volume-corrector\/","og_site_name":"ECCO","article_modified_time":"2022-02-15T20:31:38+00:00","og_image":[{"width":860,"height":860,"url":"https:\/\/equipmentcontrols.com\/wp-content\/uploads\/2020\/05\/EAGLE-MPPlus-Volume-Corrector.jpg","type":"image\/jpeg"}],"twitter_card":"summary_large_image","twitter_misc":{"Estimation du temps de lecture":"1 minute"},"schema":{"@context":"https:\/\/schema.org","@graph":[{"@type":"WebPage","@id":"https:\/\/equipmentcontrols.com\/product\/eagle-mpplus-volume-corrector\/","url":"https:\/\/equipmentcontrols.com\/product\/eagle-mpplus-volume-corrector\/","name":"Eagle MPplus\u2122 Volume Corrector - ECCO","isPartOf":{"@id":"https:\/\/equipmentcontrols.com\/#website"},"primaryImageOfPage":{"@id":"https:\/\/equipmentcontrols.com\/product\/eagle-mpplus-volume-corrector\/#primaryimage"},"image":{"@id":"https:\/\/equipmentcontrols.com\/product\/eagle-mpplus-volume-corrector\/#primaryimage"},"thumbnailUrl":"https:\/\/equipmentcontrols.com\/wp-content\/uploads\/2020\/05\/EAGLE-MPPlus-Volume-Corrector.jpg","datePublished":"2020-05-06T22:01:16+00:00","dateModified":"2022-02-15T20:31:38+00:00","description":"Le correcteur de volume MPplus\u2122 est une version \u00e0 prix r\u00e9duit de la s\u00e9rie de produits correcteurs de volume XARTU\/1\u2122-LDVI. Il s&#039;agit d&#039;un ordinateur industriel contr\u00f4l\u00e9 par microprocesseur intelligent, compact, robuste et fiable con\u00e7u pour les applications de mesure. Il peut ex\u00e9cuter plusieurs processus, y compris des fonctions math\u00e9matiques complexes ou des algorithmes de contr\u00f4le sans intervention de l&#039;h\u00f4te.","breadcrumb":{"@id":"https:\/\/equipmentcontrols.com\/product\/eagle-mpplus-volume-corrector\/#breadcrumb"},"inLanguage":"fr-CA","potentialAction":[{"@type":"ReadAction","target":["https:\/\/equipmentcontrols.com\/product\/eagle-mpplus-volume-corrector\/"]}]},{"@type":"ImageObject","inLanguage":"fr-CA","@id":"https:\/\/equipmentcontrols.com\/product\/eagle-mpplus-volume-corrector\/#primaryimage","url":"https:\/\/equipmentcontrols.com\/wp-content\/uploads\/2020\/05\/EAGLE-MPPlus-Volume-Corrector.jpg","contentUrl":"https:\/\/equipmentcontrols.com\/wp-content\/uploads\/2020\/05\/EAGLE-MPPlus-Volume-Corrector.jpg","width":860,"height":860,"caption":"EAGLE MPPlus Volume Corrector"},{"@type":"BreadcrumbList","@id":"https:\/\/equipmentcontrols.com\/product\/eagle-mpplus-volume-corrector\/#breadcrumb","itemListElement":[{"@type":"ListItem","position":1,"name":"Home","item":"https:\/\/equipmentcontrols.com\/"},{"@type":"ListItem","position":2,"name":"Shop","item":"https:\/\/equipmentcontrols.com\/shop\/"},{"@type":"ListItem","position":3,"name":"Eagle MPplus\u2122 Volume Corrector"}]},{"@type":"WebSite","@id":"https:\/\/equipmentcontrols.com\/#website","url":"https:\/\/equipmentcontrols.com\/","name":"ECCO","description":"Compagnie de contr\u00f4le d&#039;\u00e9quipement","potentialAction":[{"@type":"SearchAction","target":{"@type":"EntryPoint","urlTemplate":"https:\/\/equipmentcontrols.com\/?s={search_term_string}"},"query-input":{"@type":"PropertyValueSpecification","valueRequired":true,"valueName":"search_term_string"}}],"inLanguage":"fr-CA"}]}},"_links":{"self":[{"href":"https:\/\/equipmentcontrols.com\/fr\/wp-json\/wp\/v2\/product\/1088","targetHints":{"allow":["GET"]}}],"collection":[{"href":"https:\/\/equipmentcontrols.com\/fr\/wp-json\/wp\/v2\/product"}],"about":[{"href":"https:\/\/equipmentcontrols.com\/fr\/wp-json\/wp\/v2\/types\/product"}],"wp:featuredmedia":[{"embeddable":true,"href":"https:\/\/equipmentcontrols.com\/fr\/wp-json\/wp\/v2\/media\/1041"}],"wp:attachment":[{"href":"https:\/\/equipmentcontrols.com\/fr\/wp-json\/wp\/v2\/media?parent=1088"}],"wp:term":[{"taxonomy":"product_brand","embeddable":true,"href":"https:\/\/equipmentcontrols.com\/fr\/wp-json\/wp\/v2\/product_brand?post=1088"},{"taxonomy":"product_cat","embeddable":true,"href":"https:\/\/equipmentcontrols.com\/fr\/wp-json\/wp\/v2\/product_cat?post=1088"},{"taxonomy":"product_tag","embeddable":true,"href":"https:\/\/equipmentcontrols.com\/fr\/wp-json\/wp\/v2\/product_tag?post=1088"}],"curies":[{"name":"wp","href":"https:\/\/api.w.org\/{rel}","templated":true}]}}