{"id":1087,"date":"2020-05-06T21:47:48","date_gmt":"2020-05-06T21:47:48","guid":{"rendered":"https:\/\/econtrols.stagemysite.com\/?post_type=product&#038;p=1087"},"modified":"2020-05-06T22:00:57","modified_gmt":"2020-05-06T22:00:57","slug":"eagle-mpplus-pressure-recorder","status":"publish","type":"product","link":"https:\/\/equipmentcontrols.com\/fr\/produit\/eagle-mpplus-pressure-recorder\/","title":{"rendered":"Enregistreur de pression Eagle MPplus\u2122"},"content":{"rendered":"<p><strong>Enregistreur de pression Eagle MPplus\u2122<\/strong><\/p>\n<p>L&#039;enregistreur de pression MPplus\u2122 est un excellent choix pour remplacer les cartes papier aux stations de r\u00e9gulation dans l&#039;ensemble de votre syst\u00e8me. L&#039;archivage historique et les tendances \u00e0 l&#039;aide de l&#039;un des progiciels logiciels d&#039;Eagle Research permettent une visualisation graphique facile des fluctuations de pression aux stations de r\u00e9gulation ou une analyse de charge du syst\u00e8me utilis\u00e9 par les services d&#039;ing\u00e9nierie. L&#039;enregistreur de pression MPplus\u2122, ainsi que le correcteur de volume MPplus, offrent aux clients une solution d&#039;enregistrement \u00e0 faible co\u00fbt.<\/p>\n<p>\u2022 Solution d&#039;enregistrement \u00e9lectronique<br \/>\n\u2022 Archivage historique et tendances<br \/>\n\u2022 Visualisation graphique facile des fluctuations de pression aux stations de r\u00e9gulation<br \/>\n\u2022 Analyse de charge du syst\u00e8me utilis\u00e9 par les d\u00e9partements d&#039;ing\u00e9nierie<\/p>\n<p><strong>Points forts<\/strong><\/p>\n<p><strong>La puissance d&#039;entr\u00e9e:<\/strong><\/p>\n<ul>\n<li>5-15 Vcc<\/li>\n<li>Deux entr\u00e9es de batterie avec connecteurs MTA<\/li>\n<li>Une entr\u00e9e alimentation\/batterie rechargeable avec bornes \u00e0 vis<\/li>\n<li>Une entr\u00e9e d&#039;alimentation solaire (1 Watt maximum) avec bornes \u00e0 vis<\/li>\n<\/ul>\n<p><strong>Puissance standard\u00a0:<\/strong> Panneau solaire de 1 watt (options de montage sur porte ou \u00e0 distance) avec batterie rechargeable de 1,2 Ah<\/p>\n<p><strong>Surveillance de l&#039;alimentation\u00a0:<\/strong> Surveillance de la tension d&#039;alimentation avec alarme de faible alimentation<\/p>\n<p><strong>Facilit\u00e9 d&#039;installation:<\/strong><\/p>\n<ul>\n<li>Le repiquage complet de la station n&#039;est pas n\u00e9cessaire<\/li>\n<li>Les tubes s&#039;adaptent directement au collecteur existant<\/li>\n<li>Les nouvelles installations peuvent se boulonner directement sur un collecteur \u00e0 cinq vannes<\/li>\n<\/ul>\n<p><strong>\u00c9conomique:<\/strong> la tenue de registres \u00e9lectronique signifie un co\u00fbt total de possession inf\u00e9rieur \u00e0 celui des cartes traditionnelles<\/p>\n<p><strong>Batterie de secours embarqu\u00e9e\u00a0:<\/strong> Batterie de secours au lithium de 3,6 V CC pour la base de donn\u00e9es, l&#039;historique, la piste d&#039;audit, l&#039;heure\/la date et la m\u00e9moire RAM<\/p>\n<p><strong>M\u00e9moire:<\/strong> Stockez jusqu&#039;\u00e0 32 000 enregistrements horodat\u00e9s avec une m\u00e9moire flash programmable et une m\u00e9moire de donn\u00e9es RAM aliment\u00e9e par batterie<\/p>\n<p>&nbsp;<\/p>\n<p><strong>T\u00e9l\u00e9charger:<\/strong><br \/>\n<a href=\"https:\/\/equipmentcontrols.com\/wp-content\/uploads\/2020\/05\/Eagle-MpPlus-Presure-Recorder-1.pdf\">Bulletin de l&#039;enregistreur de pression Eagle MPplus<\/a><\/p>","protected":false},"excerpt":{"rendered":"<p>Eagle MPplus\u2122 Pressure Recorder The MPplus\u2122 Pressure Recorder is an excellent choice for replacing paper charts at regulator stations throughout your entire system. Historical archiving and trending using any of Eagle Research\u2019s sotiware packages allows easy graphical viewing of pressure fluctuations at regulator stations or load analysis of the system used by engineering departments. The [&hellip;]<\/p>\n","protected":false},"featured_media":1040,"template":"","meta":[],"product_brand":[],"product_cat":[49,23],"product_tag":[],"class_list":{"0":"post-1087","1":"product","2":"type-product","3":"status-publish","4":"has-post-thumbnail","6":"product_cat-eagle-research-corporation","7":"product_cat-instrumentation","9":"first","10":"instock","11":"shipping-taxable","12":"product-type-simple"},"yoast_head":"<!-- This site is optimized with the Yoast SEO Premium plugin v23.9 (Yoast SEO v27.3) - https:\/\/yoast.com\/product\/yoast-seo-premium-wordpress\/ -->\n<title>Eagle MPplus\u2122 Pressure Recorder - ECCO<\/title>\n<meta name=\"description\" content=\"The MPplus\u2122 Pressure Recorder is an excellent choice for replacing paper charts at regulator stations throughout your entire system. Historical archiving and trending using any of Eagle Research\u2019s sotiware packages allows easy graphical viewing of pressure fluctuations at regulator stations or load analysis of the system used by engineering departments. The MPplus\u2122 Pressure Recorder, along with the MPplus Volume Corrector, provide customers with a low-cost recording solution.\" \/>\n<meta name=\"robots\" content=\"index, follow, max-snippet:-1, max-image-preview:large, max-video-preview:-1\" \/>\n<link rel=\"canonical\" href=\"https:\/\/equipmentcontrols.com\/fr\/produit\/eagle-mpplus-pressure-recorder\/\" \/>\n<meta property=\"og:locale\" content=\"fr_CA\" \/>\n<meta property=\"og:type\" content=\"article\" \/>\n<meta property=\"og:title\" content=\"Eagle MPplus\u2122 Pressure Recorder\" \/>\n<meta property=\"og:description\" content=\"The MPplus\u2122 Pressure Recorder is an excellent choice for replacing paper charts at regulator stations throughout your entire system. Historical archiving and trending using any of Eagle Research\u2019s sotiware packages allows easy graphical viewing of pressure fluctuations at regulator stations or load analysis of the system used by engineering departments. The MPplus\u2122 Pressure Recorder, along with the MPplus Volume Corrector, provide customers with a low-cost recording solution.\" \/>\n<meta property=\"og:url\" content=\"https:\/\/equipmentcontrols.com\/fr\/produit\/eagle-mpplus-pressure-recorder\/\" \/>\n<meta property=\"og:site_name\" content=\"ECCO\" \/>\n<meta property=\"article:modified_time\" content=\"2020-05-06T22:00:57+00:00\" \/>\n<meta property=\"og:image\" content=\"https:\/\/equipmentcontrols.com\/wp-content\/uploads\/2020\/05\/EAGLE-MPPlus-Presure-Recorder.jpg\" \/>\n\t<meta property=\"og:image:width\" content=\"860\" \/>\n\t<meta property=\"og:image:height\" content=\"860\" \/>\n\t<meta property=\"og:image:type\" content=\"image\/jpeg\" \/>\n<meta name=\"twitter:card\" content=\"summary_large_image\" \/>\n<meta name=\"twitter:label1\" content=\"Estimation du temps de lecture\" \/>\n\t<meta name=\"twitter:data1\" content=\"1 minute\" \/>\n<script type=\"application\/ld+json\" class=\"yoast-schema-graph\">{\"@context\":\"https:\\\/\\\/schema.org\",\"@graph\":[{\"@type\":\"WebPage\",\"@id\":\"https:\\\/\\\/equipmentcontrols.com\\\/product\\\/eagle-mpplus-pressure-recorder\\\/\",\"url\":\"https:\\\/\\\/equipmentcontrols.com\\\/product\\\/eagle-mpplus-pressure-recorder\\\/\",\"name\":\"Eagle MPplus\u2122 Pressure Recorder - ECCO\",\"isPartOf\":{\"@id\":\"https:\\\/\\\/equipmentcontrols.com\\\/#website\"},\"primaryImageOfPage\":{\"@id\":\"https:\\\/\\\/equipmentcontrols.com\\\/product\\\/eagle-mpplus-pressure-recorder\\\/#primaryimage\"},\"image\":{\"@id\":\"https:\\\/\\\/equipmentcontrols.com\\\/product\\\/eagle-mpplus-pressure-recorder\\\/#primaryimage\"},\"thumbnailUrl\":\"https:\\\/\\\/equipmentcontrols.com\\\/wp-content\\\/uploads\\\/2020\\\/05\\\/EAGLE-MPPlus-Presure-Recorder.jpg\",\"datePublished\":\"2020-05-06T21:47:48+00:00\",\"dateModified\":\"2020-05-06T22:00:57+00:00\",\"description\":\"The MPplus\u2122 Pressure Recorder is an excellent choice for replacing paper charts at regulator stations throughout your entire system. Historical archiving and trending using any of Eagle Research\u2019s sotiware packages allows easy graphical viewing of pressure fluctuations at regulator stations or load analysis of the system used by engineering departments. The MPplus\u2122 Pressure Recorder, along with the MPplus Volume Corrector, provide customers with a low-cost recording solution.\",\"breadcrumb\":{\"@id\":\"https:\\\/\\\/equipmentcontrols.com\\\/product\\\/eagle-mpplus-pressure-recorder\\\/#breadcrumb\"},\"inLanguage\":\"fr-CA\",\"potentialAction\":[{\"@type\":\"ReadAction\",\"target\":[\"https:\\\/\\\/equipmentcontrols.com\\\/product\\\/eagle-mpplus-pressure-recorder\\\/\"]}]},{\"@type\":\"ImageObject\",\"inLanguage\":\"fr-CA\",\"@id\":\"https:\\\/\\\/equipmentcontrols.com\\\/product\\\/eagle-mpplus-pressure-recorder\\\/#primaryimage\",\"url\":\"https:\\\/\\\/equipmentcontrols.com\\\/wp-content\\\/uploads\\\/2020\\\/05\\\/EAGLE-MPPlus-Presure-Recorder.jpg\",\"contentUrl\":\"https:\\\/\\\/equipmentcontrols.com\\\/wp-content\\\/uploads\\\/2020\\\/05\\\/EAGLE-MPPlus-Presure-Recorder.jpg\",\"width\":860,\"height\":860,\"caption\":\"EAGLE MPPlus Presure Recorder\"},{\"@type\":\"BreadcrumbList\",\"@id\":\"https:\\\/\\\/equipmentcontrols.com\\\/product\\\/eagle-mpplus-pressure-recorder\\\/#breadcrumb\",\"itemListElement\":[{\"@type\":\"ListItem\",\"position\":1,\"name\":\"Home\",\"item\":\"https:\\\/\\\/equipmentcontrols.com\\\/\"},{\"@type\":\"ListItem\",\"position\":2,\"name\":\"Shop\",\"item\":\"https:\\\/\\\/equipmentcontrols.com\\\/shop\\\/\"},{\"@type\":\"ListItem\",\"position\":3,\"name\":\"Eagle MPplus\u2122 Pressure Recorder\"}]},{\"@type\":\"WebSite\",\"@id\":\"https:\\\/\\\/equipmentcontrols.com\\\/#website\",\"url\":\"https:\\\/\\\/equipmentcontrols.com\\\/\",\"name\":\"ECCO\",\"description\":\"Equipment Controls Company\",\"potentialAction\":[{\"@type\":\"SearchAction\",\"target\":{\"@type\":\"EntryPoint\",\"urlTemplate\":\"https:\\\/\\\/equipmentcontrols.com\\\/?s={search_term_string}\"},\"query-input\":{\"@type\":\"PropertyValueSpecification\",\"valueRequired\":true,\"valueName\":\"search_term_string\"}}],\"inLanguage\":\"fr-CA\"}]}<\/script>\n<!-- \/ Yoast SEO Premium plugin. -->","yoast_head_json":{"title":"Eagle MPplus\u2122 Pressure Recorder - ECCO","description":"L&#039;enregistreur de pression MPplus\u2122 est un excellent choix pour remplacer les cartes papier aux stations de r\u00e9gulation dans l&#039;ensemble de votre syst\u00e8me. L&#039;archivage historique et les tendances \u00e0 l&#039;aide de l&#039;un des progiciels logiciels d&#039;Eagle Research permettent une visualisation graphique facile des fluctuations de pression aux stations de r\u00e9gulation ou une analyse de charge du syst\u00e8me utilis\u00e9 par les services d&#039;ing\u00e9nierie. L&#039;enregistreur de pression MPplus\u2122, ainsi que le correcteur de volume MPplus, offrent aux clients une solution d&#039;enregistrement \u00e0 faible co\u00fbt.","robots":{"index":"index","follow":"follow","max-snippet":"max-snippet:-1","max-image-preview":"max-image-preview:large","max-video-preview":"max-video-preview:-1"},"canonical":"https:\/\/equipmentcontrols.com\/fr\/produit\/eagle-mpplus-pressure-recorder\/","og_locale":"fr_CA","og_type":"article","og_title":"Eagle MPplus\u2122 Pressure Recorder","og_description":"The MPplus\u2122 Pressure Recorder is an excellent choice for replacing paper charts at regulator stations throughout your entire system. Historical archiving and trending using any of Eagle Research\u2019s sotiware packages allows easy graphical viewing of pressure fluctuations at regulator stations or load analysis of the system used by engineering departments. The MPplus\u2122 Pressure Recorder, along with the MPplus Volume Corrector, provide customers with a low-cost recording solution.","og_url":"https:\/\/equipmentcontrols.com\/fr\/produit\/eagle-mpplus-pressure-recorder\/","og_site_name":"ECCO","article_modified_time":"2020-05-06T22:00:57+00:00","og_image":[{"width":860,"height":860,"url":"https:\/\/equipmentcontrols.com\/wp-content\/uploads\/2020\/05\/EAGLE-MPPlus-Presure-Recorder.jpg","type":"image\/jpeg"}],"twitter_card":"summary_large_image","twitter_misc":{"Estimation du temps de lecture":"1 minute"},"schema":{"@context":"https:\/\/schema.org","@graph":[{"@type":"WebPage","@id":"https:\/\/equipmentcontrols.com\/product\/eagle-mpplus-pressure-recorder\/","url":"https:\/\/equipmentcontrols.com\/product\/eagle-mpplus-pressure-recorder\/","name":"Eagle MPplus\u2122 Pressure Recorder - ECCO","isPartOf":{"@id":"https:\/\/equipmentcontrols.com\/#website"},"primaryImageOfPage":{"@id":"https:\/\/equipmentcontrols.com\/product\/eagle-mpplus-pressure-recorder\/#primaryimage"},"image":{"@id":"https:\/\/equipmentcontrols.com\/product\/eagle-mpplus-pressure-recorder\/#primaryimage"},"thumbnailUrl":"https:\/\/equipmentcontrols.com\/wp-content\/uploads\/2020\/05\/EAGLE-MPPlus-Presure-Recorder.jpg","datePublished":"2020-05-06T21:47:48+00:00","dateModified":"2020-05-06T22:00:57+00:00","description":"L&#039;enregistreur de pression MPplus\u2122 est un excellent choix pour remplacer les cartes papier aux stations de r\u00e9gulation dans l&#039;ensemble de votre syst\u00e8me. L&#039;archivage historique et les tendances \u00e0 l&#039;aide de l&#039;un des progiciels logiciels d&#039;Eagle Research permettent une visualisation graphique facile des fluctuations de pression aux stations de r\u00e9gulation ou une analyse de charge du syst\u00e8me utilis\u00e9 par les services d&#039;ing\u00e9nierie. L&#039;enregistreur de pression MPplus\u2122, ainsi que le correcteur de volume MPplus, offrent aux clients une solution d&#039;enregistrement \u00e0 faible co\u00fbt.","breadcrumb":{"@id":"https:\/\/equipmentcontrols.com\/product\/eagle-mpplus-pressure-recorder\/#breadcrumb"},"inLanguage":"fr-CA","potentialAction":[{"@type":"ReadAction","target":["https:\/\/equipmentcontrols.com\/product\/eagle-mpplus-pressure-recorder\/"]}]},{"@type":"ImageObject","inLanguage":"fr-CA","@id":"https:\/\/equipmentcontrols.com\/product\/eagle-mpplus-pressure-recorder\/#primaryimage","url":"https:\/\/equipmentcontrols.com\/wp-content\/uploads\/2020\/05\/EAGLE-MPPlus-Presure-Recorder.jpg","contentUrl":"https:\/\/equipmentcontrols.com\/wp-content\/uploads\/2020\/05\/EAGLE-MPPlus-Presure-Recorder.jpg","width":860,"height":860,"caption":"EAGLE MPPlus Presure Recorder"},{"@type":"BreadcrumbList","@id":"https:\/\/equipmentcontrols.com\/product\/eagle-mpplus-pressure-recorder\/#breadcrumb","itemListElement":[{"@type":"ListItem","position":1,"name":"Home","item":"https:\/\/equipmentcontrols.com\/"},{"@type":"ListItem","position":2,"name":"Shop","item":"https:\/\/equipmentcontrols.com\/shop\/"},{"@type":"ListItem","position":3,"name":"Eagle MPplus\u2122 Pressure Recorder"}]},{"@type":"WebSite","@id":"https:\/\/equipmentcontrols.com\/#website","url":"https:\/\/equipmentcontrols.com\/","name":"ECCO","description":"Compagnie de contr\u00f4le d&#039;\u00e9quipement","potentialAction":[{"@type":"SearchAction","target":{"@type":"EntryPoint","urlTemplate":"https:\/\/equipmentcontrols.com\/?s={search_term_string}"},"query-input":{"@type":"PropertyValueSpecification","valueRequired":true,"valueName":"search_term_string"}}],"inLanguage":"fr-CA"}]}},"_links":{"self":[{"href":"https:\/\/equipmentcontrols.com\/fr\/wp-json\/wp\/v2\/product\/1087","targetHints":{"allow":["GET"]}}],"collection":[{"href":"https:\/\/equipmentcontrols.com\/fr\/wp-json\/wp\/v2\/product"}],"about":[{"href":"https:\/\/equipmentcontrols.com\/fr\/wp-json\/wp\/v2\/types\/product"}],"wp:featuredmedia":[{"embeddable":true,"href":"https:\/\/equipmentcontrols.com\/fr\/wp-json\/wp\/v2\/media\/1040"}],"wp:attachment":[{"href":"https:\/\/equipmentcontrols.com\/fr\/wp-json\/wp\/v2\/media?parent=1087"}],"wp:term":[{"taxonomy":"product_brand","embeddable":true,"href":"https:\/\/equipmentcontrols.com\/fr\/wp-json\/wp\/v2\/product_brand?post=1087"},{"taxonomy":"product_cat","embeddable":true,"href":"https:\/\/equipmentcontrols.com\/fr\/wp-json\/wp\/v2\/product_cat?post=1087"},{"taxonomy":"product_tag","embeddable":true,"href":"https:\/\/equipmentcontrols.com\/fr\/wp-json\/wp\/v2\/product_tag?post=1087"}],"curies":[{"name":"wp","href":"https:\/\/api.w.org\/{rel}","templated":true}]}}