{"id":1086,"date":"2020-05-06T21:23:49","date_gmt":"2020-05-06T21:23:49","guid":{"rendered":"https:\/\/econtrols.stagemysite.com\/?post_type=product&#038;p=1086"},"modified":"2020-05-06T21:47:13","modified_gmt":"2020-05-06T21:47:13","slug":"eagle-field-manager-software","status":"publish","type":"product","link":"https:\/\/equipmentcontrols.com\/fr\/produit\/eagle-field-manager-software\/","title":{"rendered":"Logiciel EAGLE Field Manager\u2122"},"content":{"rendered":"<p><strong>Logiciel EAGLE Field Manager\u2122<\/strong><\/p>\n<p>Field Manager\u2122 est un utilitaire de configuration bas\u00e9 sur Windows\u00ae con\u00e7u pour prendre en charge tout le mat\u00e9riel Eagle Research Corporation\u00ae sur le terrain. Field Manager\u2122 fournit un groupe de fonctions faciles \u00e0 utiliser pour aider l&#039;utilisateur \u00e0 installer et \u00e0 configurer l&#039;appareil de terrain, \u00e0 collecter des donn\u00e9es, \u00e0 visualiser les alarmes et \u00e0 calibrer les transducteurs. Il comporte \u00e9galement une vari\u00e9t\u00e9 d&#039;autres outils utiles pour le d\u00e9pannage et la configuration. La communication avec l&#039;appareil de terrain s&#039;effectue via USB, un c\u00e2ble d&#039;ordinateur portable RS232 ou via l&#039;interface Bluetooth en option. Une biblioth\u00e8que de bases de donn\u00e9es de configuration simplifie l&#039;identification des types d&#039;appareils standard sur le terrain. Le logiciel associe automatiquement l&#039;appareil de terrain \u00e0 un type d&#039;appareil correspondant et affiche les formulaires de configuration appropri\u00e9s pour l&#039;utilisateur.<\/p>\n<p><strong>Caract\u00e9ristiques et avantages:<\/strong><\/p>\n<p>\u2022 Identification automatique de l&#039;unit\u00e9<\/p>\n<p>\u2022 Collecte de donn\u00e9es d&#039;historique simple<\/p>\n<p>\u2022\u00a0Navigation facile par onglets<\/p>\n<p>\u2022 Connexion directe, commut\u00e9e ou TCP\/IP<\/p>\n<p>\u2022 Assistants d&#039;\u00e9talonnage<\/p>\n<p>\u2022 Graphiques en direct sur certains \u00e9l\u00e9ments de processus<\/p>\n<p>\u2022 Cartographie circulaire<\/p>\n<p>\u2022 Synchronisation de l&#039;exportation des donn\u00e9es vers la famille de produits Talon\u2122<\/p>\n<p>\u2022 Syst\u00e8me d&#039;exploitation Windows\u00ae : Serveur 2003, 2008, 2012 ; Windows\u00ae 7, 8.1, 10<\/p>\n<p>&nbsp;<\/p>\n<p><strong>T\u00e9l\u00e9charger:<\/strong><br \/>\n<a href=\"https:\/\/equipmentcontrols.com\/wp-content\/uploads\/2020\/05\/Eagle-Field-Manager-Bulletin-1.pdf\">Bulletin du gestionnaire de terrain Eagle<\/a><\/p>","protected":false},"excerpt":{"rendered":"<p>EAGLE Field Manager\u2122 Software Field Manager\u2122 is a Windows\u00ae based configuration utility designed to support all Eagle Research Corporation\u00ae hardware in the field. Field Manager\u2122 provides an easy to use group of functions to assist the user in setting up and configuring the field device, gathering data, viewing alarms, and calibrating transducers. It also features [&hellip;]<\/p>\n","protected":false},"featured_media":1039,"template":"","meta":[],"product_brand":[],"product_cat":[49,23],"product_tag":[],"class_list":{"0":"post-1086","1":"product","2":"type-product","3":"status-publish","4":"has-post-thumbnail","6":"product_cat-eagle-research-corporation","7":"product_cat-instrumentation","9":"first","10":"instock","11":"shipping-taxable","12":"product-type-simple"},"yoast_head":"<!-- This site is optimized with the Yoast SEO Premium plugin v23.9 (Yoast SEO v27.3) - https:\/\/yoast.com\/product\/yoast-seo-premium-wordpress\/ -->\n<title>EAGLE Field Manager\u2122 Software - ECCO<\/title>\n<meta name=\"description\" content=\"Eagle Field Manager\u2122 is a Windows\u00ae based configuration utility designed to support all Eagle Research Corporation\u00ae hardware in the field. Field Manager\u2122 provides an easy to use group of functions to assist the user in setting up and configuring the field device, gathering data, viewing alarms, and calibrating transducers. It also features a variety of other useful tools.\" \/>\n<meta name=\"robots\" content=\"index, follow, max-snippet:-1, max-image-preview:large, max-video-preview:-1\" \/>\n<link rel=\"canonical\" href=\"https:\/\/equipmentcontrols.com\/fr\/produit\/eagle-field-manager-software\/\" \/>\n<meta property=\"og:locale\" content=\"fr_CA\" \/>\n<meta property=\"og:type\" content=\"article\" \/>\n<meta property=\"og:title\" content=\"EAGLE Field Manager\u2122 Software\" \/>\n<meta property=\"og:description\" content=\"Eagle Field Manager\u2122 is a Windows\u00ae based configuration utility designed to support all Eagle Research Corporation\u00ae hardware in the field. Field Manager\u2122 provides an easy to use group of functions to assist the user in setting up and configuring the field device, gathering data, viewing alarms, and calibrating transducers. It also features a variety of other useful tools.\" \/>\n<meta property=\"og:url\" content=\"https:\/\/equipmentcontrols.com\/fr\/produit\/eagle-field-manager-software\/\" \/>\n<meta property=\"og:site_name\" content=\"ECCO\" \/>\n<meta property=\"article:modified_time\" content=\"2020-05-06T21:47:13+00:00\" \/>\n<meta property=\"og:image\" content=\"https:\/\/equipmentcontrols.com\/wp-content\/uploads\/2020\/05\/EAGLE-Field-Manager-Bulletin.jpg\" \/>\n\t<meta property=\"og:image:width\" content=\"860\" \/>\n\t<meta property=\"og:image:height\" content=\"860\" \/>\n\t<meta property=\"og:image:type\" content=\"image\/jpeg\" \/>\n<meta name=\"twitter:card\" content=\"summary_large_image\" \/>\n<meta name=\"twitter:label1\" content=\"Estimation du temps de lecture\" \/>\n\t<meta name=\"twitter:data1\" content=\"1 minute\" \/>\n<script type=\"application\/ld+json\" class=\"yoast-schema-graph\">{\"@context\":\"https:\\\/\\\/schema.org\",\"@graph\":[{\"@type\":\"WebPage\",\"@id\":\"https:\\\/\\\/equipmentcontrols.com\\\/product\\\/eagle-field-manager-software\\\/\",\"url\":\"https:\\\/\\\/equipmentcontrols.com\\\/product\\\/eagle-field-manager-software\\\/\",\"name\":\"EAGLE Field Manager\u2122 Software - ECCO\",\"isPartOf\":{\"@id\":\"https:\\\/\\\/equipmentcontrols.com\\\/#website\"},\"primaryImageOfPage\":{\"@id\":\"https:\\\/\\\/equipmentcontrols.com\\\/product\\\/eagle-field-manager-software\\\/#primaryimage\"},\"image\":{\"@id\":\"https:\\\/\\\/equipmentcontrols.com\\\/product\\\/eagle-field-manager-software\\\/#primaryimage\"},\"thumbnailUrl\":\"https:\\\/\\\/equipmentcontrols.com\\\/wp-content\\\/uploads\\\/2020\\\/05\\\/EAGLE-Field-Manager-Bulletin.jpg\",\"datePublished\":\"2020-05-06T21:23:49+00:00\",\"dateModified\":\"2020-05-06T21:47:13+00:00\",\"description\":\"Eagle Field Manager\u2122 is a Windows\u00ae based configuration utility designed to support all Eagle Research Corporation\u00ae hardware in the field. Field Manager\u2122 provides an easy to use group of functions to assist the user in setting up and configuring the field device, gathering data, viewing alarms, and calibrating transducers. It also features a variety of other useful tools.\",\"breadcrumb\":{\"@id\":\"https:\\\/\\\/equipmentcontrols.com\\\/product\\\/eagle-field-manager-software\\\/#breadcrumb\"},\"inLanguage\":\"fr-CA\",\"potentialAction\":[{\"@type\":\"ReadAction\",\"target\":[\"https:\\\/\\\/equipmentcontrols.com\\\/product\\\/eagle-field-manager-software\\\/\"]}]},{\"@type\":\"ImageObject\",\"inLanguage\":\"fr-CA\",\"@id\":\"https:\\\/\\\/equipmentcontrols.com\\\/product\\\/eagle-field-manager-software\\\/#primaryimage\",\"url\":\"https:\\\/\\\/equipmentcontrols.com\\\/wp-content\\\/uploads\\\/2020\\\/05\\\/EAGLE-Field-Manager-Bulletin.jpg\",\"contentUrl\":\"https:\\\/\\\/equipmentcontrols.com\\\/wp-content\\\/uploads\\\/2020\\\/05\\\/EAGLE-Field-Manager-Bulletin.jpg\",\"width\":860,\"height\":860,\"caption\":\"EAGLE Field Manager Bulletin\"},{\"@type\":\"BreadcrumbList\",\"@id\":\"https:\\\/\\\/equipmentcontrols.com\\\/product\\\/eagle-field-manager-software\\\/#breadcrumb\",\"itemListElement\":[{\"@type\":\"ListItem\",\"position\":1,\"name\":\"Home\",\"item\":\"https:\\\/\\\/equipmentcontrols.com\\\/\"},{\"@type\":\"ListItem\",\"position\":2,\"name\":\"Shop\",\"item\":\"https:\\\/\\\/equipmentcontrols.com\\\/shop\\\/\"},{\"@type\":\"ListItem\",\"position\":3,\"name\":\"EAGLE Field Manager\u2122 Software\"}]},{\"@type\":\"WebSite\",\"@id\":\"https:\\\/\\\/equipmentcontrols.com\\\/#website\",\"url\":\"https:\\\/\\\/equipmentcontrols.com\\\/\",\"name\":\"ECCO\",\"description\":\"Equipment Controls Company\",\"potentialAction\":[{\"@type\":\"SearchAction\",\"target\":{\"@type\":\"EntryPoint\",\"urlTemplate\":\"https:\\\/\\\/equipmentcontrols.com\\\/?s={search_term_string}\"},\"query-input\":{\"@type\":\"PropertyValueSpecification\",\"valueRequired\":true,\"valueName\":\"search_term_string\"}}],\"inLanguage\":\"fr-CA\"}]}<\/script>\n<!-- \/ Yoast SEO Premium plugin. -->","yoast_head_json":{"title":"EAGLE Field Manager\u2122 Software - ECCO","description":"Eagle Field Manager\u2122 is a Windows\u00ae based configuration utility designed to support all Eagle Research Corporation\u00ae hardware in the field. Field Manager\u2122 provides an easy to use group of functions to assist the user in setting up and configuring the field device, gathering data, viewing alarms, and calibrating transducers. It also features a variety of other useful tools.","robots":{"index":"index","follow":"follow","max-snippet":"max-snippet:-1","max-image-preview":"max-image-preview:large","max-video-preview":"max-video-preview:-1"},"canonical":"https:\/\/equipmentcontrols.com\/fr\/produit\/eagle-field-manager-software\/","og_locale":"fr_CA","og_type":"article","og_title":"EAGLE Field Manager\u2122 Software","og_description":"Eagle Field Manager\u2122 is a Windows\u00ae based configuration utility designed to support all Eagle Research Corporation\u00ae hardware in the field. Field Manager\u2122 provides an easy to use group of functions to assist the user in setting up and configuring the field device, gathering data, viewing alarms, and calibrating transducers. It also features a variety of other useful tools.","og_url":"https:\/\/equipmentcontrols.com\/fr\/produit\/eagle-field-manager-software\/","og_site_name":"ECCO","article_modified_time":"2020-05-06T21:47:13+00:00","og_image":[{"width":860,"height":860,"url":"https:\/\/equipmentcontrols.com\/wp-content\/uploads\/2020\/05\/EAGLE-Field-Manager-Bulletin.jpg","type":"image\/jpeg"}],"twitter_card":"summary_large_image","twitter_misc":{"Estimation du temps de lecture":"1 minute"},"schema":{"@context":"https:\/\/schema.org","@graph":[{"@type":"WebPage","@id":"https:\/\/equipmentcontrols.com\/product\/eagle-field-manager-software\/","url":"https:\/\/equipmentcontrols.com\/product\/eagle-field-manager-software\/","name":"EAGLE Field Manager\u2122 Software - ECCO","isPartOf":{"@id":"https:\/\/equipmentcontrols.com\/#website"},"primaryImageOfPage":{"@id":"https:\/\/equipmentcontrols.com\/product\/eagle-field-manager-software\/#primaryimage"},"image":{"@id":"https:\/\/equipmentcontrols.com\/product\/eagle-field-manager-software\/#primaryimage"},"thumbnailUrl":"https:\/\/equipmentcontrols.com\/wp-content\/uploads\/2020\/05\/EAGLE-Field-Manager-Bulletin.jpg","datePublished":"2020-05-06T21:23:49+00:00","dateModified":"2020-05-06T21:47:13+00:00","description":"Eagle Field Manager\u2122 is a Windows\u00ae based configuration utility designed to support all Eagle Research Corporation\u00ae hardware in the field. Field Manager\u2122 provides an easy to use group of functions to assist the user in setting up and configuring the field device, gathering data, viewing alarms, and calibrating transducers. It also features a variety of other useful tools.","breadcrumb":{"@id":"https:\/\/equipmentcontrols.com\/product\/eagle-field-manager-software\/#breadcrumb"},"inLanguage":"fr-CA","potentialAction":[{"@type":"ReadAction","target":["https:\/\/equipmentcontrols.com\/product\/eagle-field-manager-software\/"]}]},{"@type":"ImageObject","inLanguage":"fr-CA","@id":"https:\/\/equipmentcontrols.com\/product\/eagle-field-manager-software\/#primaryimage","url":"https:\/\/equipmentcontrols.com\/wp-content\/uploads\/2020\/05\/EAGLE-Field-Manager-Bulletin.jpg","contentUrl":"https:\/\/equipmentcontrols.com\/wp-content\/uploads\/2020\/05\/EAGLE-Field-Manager-Bulletin.jpg","width":860,"height":860,"caption":"EAGLE Field Manager Bulletin"},{"@type":"BreadcrumbList","@id":"https:\/\/equipmentcontrols.com\/product\/eagle-field-manager-software\/#breadcrumb","itemListElement":[{"@type":"ListItem","position":1,"name":"Home","item":"https:\/\/equipmentcontrols.com\/"},{"@type":"ListItem","position":2,"name":"Shop","item":"https:\/\/equipmentcontrols.com\/shop\/"},{"@type":"ListItem","position":3,"name":"EAGLE Field Manager\u2122 Software"}]},{"@type":"WebSite","@id":"https:\/\/equipmentcontrols.com\/#website","url":"https:\/\/equipmentcontrols.com\/","name":"ECCO","description":"Compagnie de contr\u00f4le d&#039;\u00e9quipement","potentialAction":[{"@type":"SearchAction","target":{"@type":"EntryPoint","urlTemplate":"https:\/\/equipmentcontrols.com\/?s={search_term_string}"},"query-input":{"@type":"PropertyValueSpecification","valueRequired":true,"valueName":"search_term_string"}}],"inLanguage":"fr-CA"}]}},"_links":{"self":[{"href":"https:\/\/equipmentcontrols.com\/fr\/wp-json\/wp\/v2\/product\/1086","targetHints":{"allow":["GET"]}}],"collection":[{"href":"https:\/\/equipmentcontrols.com\/fr\/wp-json\/wp\/v2\/product"}],"about":[{"href":"https:\/\/equipmentcontrols.com\/fr\/wp-json\/wp\/v2\/types\/product"}],"wp:featuredmedia":[{"embeddable":true,"href":"https:\/\/equipmentcontrols.com\/fr\/wp-json\/wp\/v2\/media\/1039"}],"wp:attachment":[{"href":"https:\/\/equipmentcontrols.com\/fr\/wp-json\/wp\/v2\/media?parent=1086"}],"wp:term":[{"taxonomy":"product_brand","embeddable":true,"href":"https:\/\/equipmentcontrols.com\/fr\/wp-json\/wp\/v2\/product_brand?post=1086"},{"taxonomy":"product_cat","embeddable":true,"href":"https:\/\/equipmentcontrols.com\/fr\/wp-json\/wp\/v2\/product_cat?post=1086"},{"taxonomy":"product_tag","embeddable":true,"href":"https:\/\/equipmentcontrols.com\/fr\/wp-json\/wp\/v2\/product_tag?post=1086"}],"curies":[{"name":"wp","href":"https:\/\/api.w.org\/{rel}","templated":true}]}}