{"id":847,"date":"2020-04-30T17:10:11","date_gmt":"2020-04-30T17:10:11","guid":{"rendered":"https:\/\/econtrols.stagemysite.com\/?page_id=847"},"modified":"2020-04-30T17:11:51","modified_gmt":"2020-04-30T17:11:51","slug":"privacy-policy","status":"publish","type":"page","link":"https:\/\/equipmentcontrols.com\/fr\/privacy-policy\/","title":{"rendered":"Politique de confidentialit\u00e9"},"content":{"rendered":"<div data-elementor-type=\"wp-page\" data-elementor-id=\"847\" class=\"elementor elementor-847\" data-elementor-post-type=\"page\">\n\t\t\t\t\t\t<section class=\"elementor-section elementor-top-section elementor-element elementor-element-c7395a9 elementor-section-boxed elementor-section-height-default elementor-section-height-default\" data-id=\"c7395a9\" data-element_type=\"section\" data-e-type=\"section\" data-settings=\"{&quot;background_background&quot;:&quot;classic&quot;}\">\n\t\t\t\t\t\t<div class=\"elementor-container elementor-column-gap-default\">\n\t\t\t\t\t<div class=\"elementor-column elementor-col-100 elementor-top-column elementor-element elementor-element-b1e5455\" data-id=\"b1e5455\" data-element_type=\"column\" data-e-type=\"column\">\n\t\t\t<div class=\"elementor-widget-wrap elementor-element-populated\">\n\t\t\t\t\t\t<div class=\"elementor-element elementor-element-b33f118 elementor-widget elementor-widget-heading\" data-id=\"b33f118\" data-element_type=\"widget\" data-e-type=\"widget\" data-widget_type=\"heading.default\">\n\t\t\t\t<div class=\"elementor-widget-container\">\n\t\t\t\t\t<h2 class=\"elementor-heading-title elementor-size-default\">Politique de confidentialit\u00e9<\/h2>\t\t\t\t<\/div>\n\t\t\t\t<\/div>\n\t\t\t\t\t<\/div>\n\t\t<\/div>\n\t\t\t\t\t<\/div>\n\t\t<\/section>\n\t\t\t\t<section class=\"elementor-section elementor-top-section elementor-element elementor-element-d3b90da elementor-section-boxed elementor-section-height-default elementor-section-height-default\" data-id=\"d3b90da\" data-element_type=\"section\" data-e-type=\"section\">\n\t\t\t\t\t\t<div class=\"elementor-container elementor-column-gap-default\">\n\t\t\t\t\t<div class=\"elementor-column elementor-col-100 elementor-top-column elementor-element elementor-element-d391b76\" data-id=\"d391b76\" data-element_type=\"column\" data-e-type=\"column\">\n\t\t\t<div class=\"elementor-widget-wrap elementor-element-populated\">\n\t\t\t\t\t\t<div class=\"elementor-element elementor-element-0b48b61 elementor-widget elementor-widget-text-editor\" data-id=\"0b48b61\" data-element_type=\"widget\" data-e-type=\"widget\" data-widget_type=\"text-editor.default\">\n\t\t\t\t<div class=\"elementor-widget-container\">\n\t\t\t\t\t\t\t\t\t<p><strong>E-mail et autres informations personnelles<\/strong><br \/>Nous ne partagerons, vendrons ou louerons jamais votre adresse \u00e9lectronique, votre num\u00e9ro de t\u00e9l\u00e9phone, votre adresse physique ou toute autre information personnelle avec quiconque, sauf si un tribunal l'ordonne. Nous utilisons principalement le courrier \u00e9lectronique pour communiquer avec les clients au sujet des demandes ou des commandes. Nous envoyons occasionnellement des messages \u00e9lectroniques concernant des promotions, de nouveaux produits ou d'autres nouvelles de l'entreprise. Chacun de ces messages contient un moyen facile et automatis\u00e9 pour vous de cesser de recevoir des e-mails de notre part.<\/p><p>Pour chaque visiteur de notre page Web, notre serveur Web reconna\u00eet et stocke automatiquement l'adresse IP du visiteur (dans la mesure du possible), mais pas son adresse \u00e9lectronique. Les informations que nous recueillons sont utilis\u00e9es pour am\u00e9liorer le contenu de notre site web, et ne sont pas partag\u00e9es avec d'autres organisations \u00e0 des fins commerciales. Nous ne vendons pas, ne louons pas et n'\u00e9changeons pas les informations de nos visiteurs avec des tiers, sauf si une citation \u00e0 compara\u00eetre, un mandat de perquisition ou toute autre proc\u00e9dure l\u00e9gale l'exige.<\/p><p><strong>S\u00e9curit\u00e9<\/strong><br \/>Nous utilisons toujours le cryptage SSL lors du transfert et de la r\u00e9ception des donn\u00e9es des consommateurs \u00e9chang\u00e9es avec notre site.<\/p><p><strong>Cookies<\/strong><br \/>Un \"cookie\" est un petit fichier de donn\u00e9es transf\u00e9r\u00e9 par un site web sur le disque dur de votre ordinateur. La plupart des navigateurs acceptent automatiquement les cookies par d\u00e9faut, mais vous pouvez g\u00e9n\u00e9ralement refuser les cookies ou en accepter certains de mani\u00e8re s\u00e9lective en r\u00e9glant les pr\u00e9f\u00e9rences de votre navigateur. Si vous d\u00e9sactivez les cookies, il se peut que certaines fonctions de notre site ne soient pas disponibles et que certaines pages web ne s'affichent pas correctement.<\/p><p>Notre site web utilise des cookies pour :<br \/>- Rappelez-vous des articles dans votre panier.<br \/>- Activez la caisse.<br \/>- D\u00e9terminez votre pays afin que nous puissions afficher les options d'exp\u00e9dition correctes.<br \/>- Collecter des informations globales qui nous permettent d'analyser les mod\u00e8les de trafic sur notre site (aucune information personnelle n'est stock\u00e9e).<\/p><p><strong>Publicit\u00e9 en ligne<\/strong><br \/>Des fournisseurs tiers, dont Google, diffusent nos annonces sur des sites Internet.<br \/>Des fournisseurs tiers, dont Google, utilisent des cookies pour diffuser nos annonces en fonction des visites ant\u00e9rieures d'un utilisateur sur notre site Web.<br \/>Les utilisateurs peuvent d\u00e9sactiver l'utilisation des cookies par Google en visitant la page de d\u00e9sactivation de la publicit\u00e9 Google : http:\/\/www.google.com\/policies\/privacy\/ads\/.<\/p><p><strong>Des commentaires ?<br \/><\/strong>Si vous pensez que nous ne respectons pas la politique d'information que nous avons d\u00e9finie, veuillez <a href=\"mailto:sales@equipmentcontrols.com\">Nous contacter.<\/a><\/p><p>Vous pouvez \u00e9galement contacter :<br \/>- Les sections nationales ou locales du Better Business Bureau ;<br \/>- Bureau de protection des consommateurs de l'\u00c9tat ou local ; ou,<br \/>- La Federal Trade Commission par t\u00e9l\u00e9phone au 202-FTC-HELP (202-382-4357) ou par voie \u00e9lectronique \u00e0 http:\/\/www.ftc.gov\/ftc\/complaint.shtm.<\/p>\t\t\t\t\t\t\t\t<\/div>\n\t\t\t\t<\/div>\n\t\t\t\t\t<\/div>\n\t\t<\/div>\n\t\t\t\t\t<\/div>\n\t\t<\/section>\n\t\t\t\t<\/div>","protected":false},"excerpt":{"rendered":"<p>Privacy Policy E-mail and other personal informationWe will never share, sell, or rent your e-mail address, phone number, physical address or any other personal information with anyone unless ordered by a court of law. We primarily use email to communicate with customers about requests or orders. We occasionally send email messages about promotions, new products, [&hellip;]<\/p>\n","protected":false},"author":1,"featured_media":0,"parent":0,"menu_order":0,"comment_status":"closed","ping_status":"closed","template":"elementor_header_footer","meta":{"footnotes":""},"class_list":["post-847","page","type-page","status-publish","hentry"],"yoast_head":"<!-- This site is optimized with the Yoast SEO Premium plugin v23.9 (Yoast SEO v27.5) - https:\/\/yoast.com\/product\/yoast-seo-premium-wordpress\/ -->\n<title>Privacy Policy - ECCO<\/title>\n<meta name=\"robots\" content=\"index, follow, max-snippet:-1, max-image-preview:large, max-video-preview:-1\" \/>\n<link rel=\"canonical\" href=\"https:\/\/equipmentcontrols.com\/fr\/privacy-policy\/\" \/>\n<meta property=\"og:locale\" content=\"fr_CA\" \/>\n<meta property=\"og:type\" content=\"article\" \/>\n<meta property=\"og:title\" content=\"Privacy Policy\" \/>\n<meta property=\"og:description\" content=\"Privacy Policy E-mail and other personal informationWe will never share, sell, or rent your e-mail address, phone number, physical address or any other personal information with anyone unless ordered by a court of law. We primarily use email to communicate with customers about requests or orders. We occasionally send email messages about promotions, new products, [&hellip;]\" \/>\n<meta property=\"og:url\" content=\"https:\/\/equipmentcontrols.com\/fr\/privacy-policy\/\" \/>\n<meta property=\"og:site_name\" content=\"ECCO\" \/>\n<meta property=\"article:modified_time\" content=\"2020-04-30T17:11:51+00:00\" \/>\n<meta name=\"twitter:card\" content=\"summary_large_image\" \/>\n<meta name=\"twitter:label1\" content=\"Estimation du temps de lecture\" \/>\n\t<meta name=\"twitter:data1\" content=\"2 minutes\" \/>\n<script type=\"application\/ld+json\" class=\"yoast-schema-graph\">{\"@context\":\"https:\\\/\\\/schema.org\",\"@graph\":[{\"@type\":\"WebPage\",\"@id\":\"https:\\\/\\\/equipmentcontrols.com\\\/privacy-policy\\\/\",\"url\":\"https:\\\/\\\/equipmentcontrols.com\\\/privacy-policy\\\/\",\"name\":\"Privacy Policy - ECCO\",\"isPartOf\":{\"@id\":\"https:\\\/\\\/equipmentcontrols.com\\\/#website\"},\"datePublished\":\"2020-04-30T17:10:11+00:00\",\"dateModified\":\"2020-04-30T17:11:51+00:00\",\"breadcrumb\":{\"@id\":\"https:\\\/\\\/equipmentcontrols.com\\\/privacy-policy\\\/#breadcrumb\"},\"inLanguage\":\"fr-CA\",\"potentialAction\":[{\"@type\":\"ReadAction\",\"target\":[\"https:\\\/\\\/equipmentcontrols.com\\\/privacy-policy\\\/\"]}]},{\"@type\":\"BreadcrumbList\",\"@id\":\"https:\\\/\\\/equipmentcontrols.com\\\/privacy-policy\\\/#breadcrumb\",\"itemListElement\":[{\"@type\":\"ListItem\",\"position\":1,\"name\":\"Home\",\"item\":\"https:\\\/\\\/equipmentcontrols.com\\\/\"},{\"@type\":\"ListItem\",\"position\":2,\"name\":\"Privacy Policy\"}]},{\"@type\":\"WebSite\",\"@id\":\"https:\\\/\\\/equipmentcontrols.com\\\/#website\",\"url\":\"https:\\\/\\\/equipmentcontrols.com\\\/\",\"name\":\"ECCO\",\"description\":\"Equipment Controls Company\",\"potentialAction\":[{\"@type\":\"SearchAction\",\"target\":{\"@type\":\"EntryPoint\",\"urlTemplate\":\"https:\\\/\\\/equipmentcontrols.com\\\/?s={search_term_string}\"},\"query-input\":{\"@type\":\"PropertyValueSpecification\",\"valueRequired\":true,\"valueName\":\"search_term_string\"}}],\"inLanguage\":\"fr-CA\"}]}<\/script>\n<!-- \/ Yoast SEO Premium plugin. -->","yoast_head_json":{"title":"Privacy Policy - ECCO","robots":{"index":"index","follow":"follow","max-snippet":"max-snippet:-1","max-image-preview":"max-image-preview:large","max-video-preview":"max-video-preview:-1"},"canonical":"https:\/\/equipmentcontrols.com\/fr\/privacy-policy\/","og_locale":"fr_CA","og_type":"article","og_title":"Privacy Policy","og_description":"Privacy Policy E-mail and other personal informationWe will never share, sell, or rent your e-mail address, phone number, physical address or any other personal information with anyone unless ordered by a court of law. We primarily use email to communicate with customers about requests or orders. We occasionally send email messages about promotions, new products, [&hellip;]","og_url":"https:\/\/equipmentcontrols.com\/fr\/privacy-policy\/","og_site_name":"ECCO","article_modified_time":"2020-04-30T17:11:51+00:00","twitter_card":"summary_large_image","twitter_misc":{"Estimation du temps de lecture":"2 minutes"},"schema":{"@context":"https:\/\/schema.org","@graph":[{"@type":"WebPage","@id":"https:\/\/equipmentcontrols.com\/privacy-policy\/","url":"https:\/\/equipmentcontrols.com\/privacy-policy\/","name":"Privacy Policy - ECCO","isPartOf":{"@id":"https:\/\/equipmentcontrols.com\/#website"},"datePublished":"2020-04-30T17:10:11+00:00","dateModified":"2020-04-30T17:11:51+00:00","breadcrumb":{"@id":"https:\/\/equipmentcontrols.com\/privacy-policy\/#breadcrumb"},"inLanguage":"fr-CA","potentialAction":[{"@type":"ReadAction","target":["https:\/\/equipmentcontrols.com\/privacy-policy\/"]}]},{"@type":"BreadcrumbList","@id":"https:\/\/equipmentcontrols.com\/privacy-policy\/#breadcrumb","itemListElement":[{"@type":"ListItem","position":1,"name":"Home","item":"https:\/\/equipmentcontrols.com\/"},{"@type":"ListItem","position":2,"name":"Privacy Policy"}]},{"@type":"WebSite","@id":"https:\/\/equipmentcontrols.com\/#website","url":"https:\/\/equipmentcontrols.com\/","name":"ECCO","description":"Compagnie de contr\u00f4le d&#039;\u00e9quipement","potentialAction":[{"@type":"SearchAction","target":{"@type":"EntryPoint","urlTemplate":"https:\/\/equipmentcontrols.com\/?s={search_term_string}"},"query-input":{"@type":"PropertyValueSpecification","valueRequired":true,"valueName":"search_term_string"}}],"inLanguage":"fr-CA"}]}},"_links":{"self":[{"href":"https:\/\/equipmentcontrols.com\/fr\/wp-json\/wp\/v2\/pages\/847","targetHints":{"allow":["GET"]}}],"collection":[{"href":"https:\/\/equipmentcontrols.com\/fr\/wp-json\/wp\/v2\/pages"}],"about":[{"href":"https:\/\/equipmentcontrols.com\/fr\/wp-json\/wp\/v2\/types\/page"}],"author":[{"embeddable":true,"href":"https:\/\/equipmentcontrols.com\/fr\/wp-json\/wp\/v2\/users\/1"}],"replies":[{"embeddable":true,"href":"https:\/\/equipmentcontrols.com\/fr\/wp-json\/wp\/v2\/comments?post=847"}],"version-history":[{"count":0,"href":"https:\/\/equipmentcontrols.com\/fr\/wp-json\/wp\/v2\/pages\/847\/revisions"}],"wp:attachment":[{"href":"https:\/\/equipmentcontrols.com\/fr\/wp-json\/wp\/v2\/media?parent=847"}],"curies":[{"name":"wp","href":"https:\/\/api.w.org\/{rel}","templated":true}]}}