{"id":994,"date":"2020-05-05T18:53:34","date_gmt":"2020-05-05T18:53:34","guid":{"rendered":"https:\/\/econtrols.stagemysite.com\/?post_type=product&#038;p=994"},"modified":"2020-05-05T19:12:00","modified_gmt":"2020-05-05T19:12:00","slug":"3m-electronic-marking-system-ems-rope-7705-hr","status":"publish","type":"product","link":"https:\/\/equipmentcontrols.com\/es\/producto\/3m-electronic-marking-system-ems-rope-7705-hr\/","title":{"rendered":"Sistema de marcado electr\u00f3nico (EMS) de 3M\u2122 Cuerda 7705-HR"},"content":{"rendered":"<p><strong>Sistema de marcado electr\u00f3nico (EMS) de 3M Cuerda 7705-HR<\/strong><\/p>\n<ul class=\"MMM--pdpList SNAPS--bullets js--bnftsPdPList\">\n<li>Se pueden instalar cerca o encima de activos enterrados<\/li>\n<li>Son f\u00e1ciles de seguir, creando un camino detectable sobre el suelo<\/li>\n<li>Para uso en aplicaciones de zanja abierta y HDD (perforaci\u00f3n direccional horizontal)<\/li>\n<li>No requieren bater\u00edas y no es necesario conectar un transmisor externo ni perder tiempo buscando puntos de acceso.<\/li>\n<\/ul>\n<p><strong>Especificaciones:<\/strong><br \/>\n<strong>Marca:<\/strong> 3M\u2122<\/p>\n<p><strong>Aplicaci\u00f3n\/Industria:<\/strong> Gas<\/p>\n<p><strong>Tipo de marcador:<\/strong> Cuerda de se\u00f1alizaci\u00f3n de caminos<\/p>\n<p><strong>Profundidad m\u00e1xima de entierro:<\/strong> 4 pies (1,2 m)<\/p>\n<p><strong>Longitud total (imperial):<\/strong> 328,2 yardas<\/p>\n<p><strong>Longitud total (m\u00e9trica):<\/strong> 300,1 metros<\/p>\n<p><strong>TDS requerido:<\/strong> S\u00ed<\/p>\n<p><strong>Detalles:<\/strong><\/p>\n<p>Los marcadores funcionan de forma independiente, por lo que incluso si se corta o retira una secci\u00f3n de la cuerda para marcar el camino, los otros marcadores en la cuerda seguir\u00e1n brindando una ubicaci\u00f3n precisa. Vienen en 5 frecuencias, creando una identificaci\u00f3n \u00fanica para cada tipo de servicio p\u00fablico<\/p>\n<p>Nuestra \u00faltima innovaci\u00f3n, 3M\u2122 EMS Path Marking Rope, es una soluci\u00f3n pr\u00e1cticamente libre de mantenimiento para marcar y ubicar la ruta de tuber\u00edas y conductos de pl\u00e1stico subterr\u00e1neos que ayuda a eliminar los problemas y costos asociados con el cable trazador y las estaciones de prueba. Las cuerdas de marcado EMS de 3M est\u00e1n incrustadas con marcadores que se activan con un localizador de la serie 7000 de 3M\u2122 Dynatel\u2122.<\/p>\n<p><strong>Descargas:<\/strong><\/p>\n<p><a href=\"https:\/\/equipmentcontrols.com\/wp-content\/uploads\/2020\/05\/multimedia.pdf\">Folleto de EMS de 3M<\/a><\/p>\n<p><a href=\"https:\/\/equipmentcontrols.com\/wp-content\/uploads\/2020\/05\/78-8141-8030-9-rev-B.pdf\">Instrucciones de aplicaci\u00f3n<\/a><\/p>\n<p>&nbsp;<\/p>\n<p>&nbsp;<\/p>","protected":false},"excerpt":{"rendered":"<p>3M Electronic Marking System (EMS) Rope 7705-HR They can be installed near or above buried assets They are easy to follow, creating a detectable path above ground For use in open trench and HDD (Horizontal Directional Drilling) applications They do not require batteries and there is no need to hook up an external transmitter or [&hellip;]<\/p>\n","protected":false},"featured_media":993,"template":"","meta":[],"product_brand":[],"product_cat":[54,25],"product_tag":[],"class_list":{"0":"post-994","1":"product","2":"type-product","3":"status-publish","4":"has-post-thumbnail","6":"product_cat-3m","7":"product_cat-utility-locators-marking-systems","9":"first","10":"instock","11":"shipping-taxable","12":"product-type-simple"},"yoast_head":"<!-- This site is optimized with the Yoast SEO Premium plugin v23.9 (Yoast SEO v27.3) - https:\/\/yoast.com\/product\/yoast-seo-premium-wordpress\/ -->\n<title>3M\u2122 Electronic Marking System (EMS) Rope 7705-HR - ECCO<\/title>\n<meta name=\"description\" content=\"3M\u2122 Electronic Marking System (EMS) Caution Tape 7615, Gas, 12 ft Spacing, 400 m RollThey can be installed near or above buried assetsThey are easy to follow, creating a detectable path above groundFor use in open trench and HDD (Horizontal Directional Drilling) applicationsThey do not require batteries and there is no need to hook up an external transmitter or spend time searching for access pointsSpecifications:\" \/>\n<meta name=\"robots\" content=\"index, follow, max-snippet:-1, max-image-preview:large, max-video-preview:-1\" \/>\n<link rel=\"canonical\" href=\"https:\/\/equipmentcontrols.com\/es\/producto\/3m-electronic-marking-system-ems-rope-7705-hr\/\" \/>\n<meta property=\"og:locale\" content=\"es_MX\" \/>\n<meta property=\"og:type\" content=\"article\" \/>\n<meta property=\"og:title\" content=\"3M\u2122 Electronic Marking System (EMS) Rope 7705-HR\" \/>\n<meta property=\"og:description\" content=\"3M\u2122 Electronic Marking System (EMS) Caution Tape 7615, Gas, 12 ft Spacing, 400 m RollThey can be installed near or above buried assetsThey are easy to follow, creating a detectable path above groundFor use in open trench and HDD (Horizontal Directional Drilling) applicationsThey do not require batteries and there is no need to hook up an external transmitter or spend time searching for access pointsSpecifications:\" \/>\n<meta property=\"og:url\" content=\"https:\/\/equipmentcontrols.com\/es\/producto\/3m-electronic-marking-system-ems-rope-7705-hr\/\" \/>\n<meta property=\"og:site_name\" content=\"ECCO\" \/>\n<meta property=\"article:modified_time\" content=\"2020-05-05T19:12:00+00:00\" \/>\n<meta property=\"og:image\" content=\"https:\/\/equipmentcontrols.com\/wp-content\/uploads\/2020\/05\/3M-Electronic-Marking-System-EMS-Rope-7705-HR-Gas.jpeg\" \/>\n\t<meta property=\"og:image:width\" content=\"860\" \/>\n\t<meta property=\"og:image:height\" content=\"860\" \/>\n\t<meta property=\"og:image:type\" content=\"image\/jpeg\" \/>\n<meta name=\"twitter:card\" content=\"summary_large_image\" \/>\n<meta name=\"twitter:label1\" content=\"Tiempo de lectura\" \/>\n\t<meta name=\"twitter:data1\" content=\"1 minuto\" \/>\n<script type=\"application\/ld+json\" class=\"yoast-schema-graph\">{\"@context\":\"https:\\\/\\\/schema.org\",\"@graph\":[{\"@type\":\"WebPage\",\"@id\":\"https:\\\/\\\/equipmentcontrols.com\\\/product\\\/3m-electronic-marking-system-ems-rope-7705-hr\\\/\",\"url\":\"https:\\\/\\\/equipmentcontrols.com\\\/product\\\/3m-electronic-marking-system-ems-rope-7705-hr\\\/\",\"name\":\"3M\u2122 Electronic Marking System (EMS) Rope 7705-HR - ECCO\",\"isPartOf\":{\"@id\":\"https:\\\/\\\/equipmentcontrols.com\\\/#website\"},\"primaryImageOfPage\":{\"@id\":\"https:\\\/\\\/equipmentcontrols.com\\\/product\\\/3m-electronic-marking-system-ems-rope-7705-hr\\\/#primaryimage\"},\"image\":{\"@id\":\"https:\\\/\\\/equipmentcontrols.com\\\/product\\\/3m-electronic-marking-system-ems-rope-7705-hr\\\/#primaryimage\"},\"thumbnailUrl\":\"https:\\\/\\\/equipmentcontrols.com\\\/wp-content\\\/uploads\\\/2020\\\/05\\\/3M-Electronic-Marking-System-EMS-Rope-7705-HR-Gas.jpeg\",\"datePublished\":\"2020-05-05T18:53:34+00:00\",\"dateModified\":\"2020-05-05T19:12:00+00:00\",\"description\":\"3M\u2122 Electronic Marking System (EMS) Caution Tape 7615, Gas, 12 ft Spacing, 400 m RollThey can be installed near or above buried assetsThey are easy to follow, creating a detectable path above groundFor use in open trench and HDD (Horizontal Directional Drilling) applicationsThey do not require batteries and there is no need to hook up an external transmitter or spend time searching for access pointsSpecifications:\",\"breadcrumb\":{\"@id\":\"https:\\\/\\\/equipmentcontrols.com\\\/product\\\/3m-electronic-marking-system-ems-rope-7705-hr\\\/#breadcrumb\"},\"inLanguage\":\"es\",\"potentialAction\":[{\"@type\":\"ReadAction\",\"target\":[\"https:\\\/\\\/equipmentcontrols.com\\\/product\\\/3m-electronic-marking-system-ems-rope-7705-hr\\\/\"]}]},{\"@type\":\"ImageObject\",\"inLanguage\":\"es\",\"@id\":\"https:\\\/\\\/equipmentcontrols.com\\\/product\\\/3m-electronic-marking-system-ems-rope-7705-hr\\\/#primaryimage\",\"url\":\"https:\\\/\\\/equipmentcontrols.com\\\/wp-content\\\/uploads\\\/2020\\\/05\\\/3M-Electronic-Marking-System-EMS-Rope-7705-HR-Gas.jpeg\",\"contentUrl\":\"https:\\\/\\\/equipmentcontrols.com\\\/wp-content\\\/uploads\\\/2020\\\/05\\\/3M-Electronic-Marking-System-EMS-Rope-7705-HR-Gas.jpeg\",\"width\":860,\"height\":860,\"caption\":\"3M-Electronic-Marking-System-EMS-Rope-7705-HR-Gas\"},{\"@type\":\"BreadcrumbList\",\"@id\":\"https:\\\/\\\/equipmentcontrols.com\\\/product\\\/3m-electronic-marking-system-ems-rope-7705-hr\\\/#breadcrumb\",\"itemListElement\":[{\"@type\":\"ListItem\",\"position\":1,\"name\":\"Home\",\"item\":\"https:\\\/\\\/equipmentcontrols.com\\\/\"},{\"@type\":\"ListItem\",\"position\":2,\"name\":\"Shop\",\"item\":\"https:\\\/\\\/equipmentcontrols.com\\\/shop\\\/\"},{\"@type\":\"ListItem\",\"position\":3,\"name\":\"3M\u2122 Electronic Marking System (EMS) Rope 7705-HR\"}]},{\"@type\":\"WebSite\",\"@id\":\"https:\\\/\\\/equipmentcontrols.com\\\/#website\",\"url\":\"https:\\\/\\\/equipmentcontrols.com\\\/\",\"name\":\"ECCO\",\"description\":\"Equipment Controls Company\",\"potentialAction\":[{\"@type\":\"SearchAction\",\"target\":{\"@type\":\"EntryPoint\",\"urlTemplate\":\"https:\\\/\\\/equipmentcontrols.com\\\/?s={search_term_string}\"},\"query-input\":{\"@type\":\"PropertyValueSpecification\",\"valueRequired\":true,\"valueName\":\"search_term_string\"}}],\"inLanguage\":\"es\"}]}<\/script>\n<!-- \/ Yoast SEO Premium plugin. -->","yoast_head_json":{"title":"3M\u2122 Electronic Marking System (EMS) Rope 7705-HR - ECCO","description":"3M\u2122 Electronic Marking System (EMS) Caution Tape 7615, Gas, 12 ft Spacing, 400 m RollThey can be installed near or above buried assetsThey are easy to follow, creating a detectable path above groundFor use in open trench and HDD (Horizontal Directional Drilling) applicationsThey do not require batteries and there is no need to hook up an external transmitter or spend time searching for access pointsSpecifications:","robots":{"index":"index","follow":"follow","max-snippet":"max-snippet:-1","max-image-preview":"max-image-preview:large","max-video-preview":"max-video-preview:-1"},"canonical":"https:\/\/equipmentcontrols.com\/es\/producto\/3m-electronic-marking-system-ems-rope-7705-hr\/","og_locale":"es_MX","og_type":"article","og_title":"3M\u2122 Electronic Marking System (EMS) Rope 7705-HR","og_description":"3M\u2122 Electronic Marking System (EMS) Caution Tape 7615, Gas, 12 ft Spacing, 400 m RollThey can be installed near or above buried assetsThey are easy to follow, creating a detectable path above groundFor use in open trench and HDD (Horizontal Directional Drilling) applicationsThey do not require batteries and there is no need to hook up an external transmitter or spend time searching for access pointsSpecifications:","og_url":"https:\/\/equipmentcontrols.com\/es\/producto\/3m-electronic-marking-system-ems-rope-7705-hr\/","og_site_name":"ECCO","article_modified_time":"2020-05-05T19:12:00+00:00","og_image":[{"width":860,"height":860,"url":"https:\/\/equipmentcontrols.com\/wp-content\/uploads\/2020\/05\/3M-Electronic-Marking-System-EMS-Rope-7705-HR-Gas.jpeg","type":"image\/jpeg"}],"twitter_card":"summary_large_image","twitter_misc":{"Tiempo de lectura":"1 minuto"},"schema":{"@context":"https:\/\/schema.org","@graph":[{"@type":"WebPage","@id":"https:\/\/equipmentcontrols.com\/product\/3m-electronic-marking-system-ems-rope-7705-hr\/","url":"https:\/\/equipmentcontrols.com\/product\/3m-electronic-marking-system-ems-rope-7705-hr\/","name":"3M\u2122 Electronic Marking System (EMS) Rope 7705-HR - ECCO","isPartOf":{"@id":"https:\/\/equipmentcontrols.com\/#website"},"primaryImageOfPage":{"@id":"https:\/\/equipmentcontrols.com\/product\/3m-electronic-marking-system-ems-rope-7705-hr\/#primaryimage"},"image":{"@id":"https:\/\/equipmentcontrols.com\/product\/3m-electronic-marking-system-ems-rope-7705-hr\/#primaryimage"},"thumbnailUrl":"https:\/\/equipmentcontrols.com\/wp-content\/uploads\/2020\/05\/3M-Electronic-Marking-System-EMS-Rope-7705-HR-Gas.jpeg","datePublished":"2020-05-05T18:53:34+00:00","dateModified":"2020-05-05T19:12:00+00:00","description":"3M\u2122 Electronic Marking System (EMS) Caution Tape 7615, Gas, 12 ft Spacing, 400 m RollThey can be installed near or above buried assetsThey are easy to follow, creating a detectable path above groundFor use in open trench and HDD (Horizontal Directional Drilling) applicationsThey do not require batteries and there is no need to hook up an external transmitter or spend time searching for access pointsSpecifications:","breadcrumb":{"@id":"https:\/\/equipmentcontrols.com\/product\/3m-electronic-marking-system-ems-rope-7705-hr\/#breadcrumb"},"inLanguage":"es","potentialAction":[{"@type":"ReadAction","target":["https:\/\/equipmentcontrols.com\/product\/3m-electronic-marking-system-ems-rope-7705-hr\/"]}]},{"@type":"ImageObject","inLanguage":"es","@id":"https:\/\/equipmentcontrols.com\/product\/3m-electronic-marking-system-ems-rope-7705-hr\/#primaryimage","url":"https:\/\/equipmentcontrols.com\/wp-content\/uploads\/2020\/05\/3M-Electronic-Marking-System-EMS-Rope-7705-HR-Gas.jpeg","contentUrl":"https:\/\/equipmentcontrols.com\/wp-content\/uploads\/2020\/05\/3M-Electronic-Marking-System-EMS-Rope-7705-HR-Gas.jpeg","width":860,"height":860,"caption":"3M-Electronic-Marking-System-EMS-Rope-7705-HR-Gas"},{"@type":"BreadcrumbList","@id":"https:\/\/equipmentcontrols.com\/product\/3m-electronic-marking-system-ems-rope-7705-hr\/#breadcrumb","itemListElement":[{"@type":"ListItem","position":1,"name":"Home","item":"https:\/\/equipmentcontrols.com\/"},{"@type":"ListItem","position":2,"name":"Shop","item":"https:\/\/equipmentcontrols.com\/shop\/"},{"@type":"ListItem","position":3,"name":"3M\u2122 Electronic Marking System (EMS) Rope 7705-HR"}]},{"@type":"WebSite","@id":"https:\/\/equipmentcontrols.com\/#website","url":"https:\/\/equipmentcontrols.com\/","name":"ECCO","description":"Empresa de Control de Equipos","potentialAction":[{"@type":"SearchAction","target":{"@type":"EntryPoint","urlTemplate":"https:\/\/equipmentcontrols.com\/?s={search_term_string}"},"query-input":{"@type":"PropertyValueSpecification","valueRequired":true,"valueName":"search_term_string"}}],"inLanguage":"es"}]}},"_links":{"self":[{"href":"https:\/\/equipmentcontrols.com\/es\/wp-json\/wp\/v2\/product\/994","targetHints":{"allow":["GET"]}}],"collection":[{"href":"https:\/\/equipmentcontrols.com\/es\/wp-json\/wp\/v2\/product"}],"about":[{"href":"https:\/\/equipmentcontrols.com\/es\/wp-json\/wp\/v2\/types\/product"}],"wp:featuredmedia":[{"embeddable":true,"href":"https:\/\/equipmentcontrols.com\/es\/wp-json\/wp\/v2\/media\/993"}],"wp:attachment":[{"href":"https:\/\/equipmentcontrols.com\/es\/wp-json\/wp\/v2\/media?parent=994"}],"wp:term":[{"taxonomy":"product_brand","embeddable":true,"href":"https:\/\/equipmentcontrols.com\/es\/wp-json\/wp\/v2\/product_brand?post=994"},{"taxonomy":"product_cat","embeddable":true,"href":"https:\/\/equipmentcontrols.com\/es\/wp-json\/wp\/v2\/product_cat?post=994"},{"taxonomy":"product_tag","embeddable":true,"href":"https:\/\/equipmentcontrols.com\/es\/wp-json\/wp\/v2\/product_tag?post=994"}],"curies":[{"name":"wp","href":"https:\/\/api.w.org\/{rel}","templated":true}]}}