{"id":968,"date":"2020-05-01T01:40:05","date_gmt":"2020-05-01T01:40:05","guid":{"rendered":"https:\/\/econtrols.stagemysite.com\/product\/excess-flow-valve-model-p41-2-ips-sdr-11-2406-12-long-with-series-5500-valve\/"},"modified":"2020-05-01T01:56:10","modified_gmt":"2020-05-01T01:56:10","slug":"excess-flow-valve-model-p41-2-ips-sdr-11-2406-12-long-with-series-5500-valve","status":"publish","type":"product","link":"https:\/\/equipmentcontrols.com\/es\/producto\/excess-flow-valve-model-p41-2-ips-sdr-11-2406-12-long-with-series-5500-valve\/","title":{"rendered":"V\u00e1lvula de exceso de flujo Modelo P41 2\u2033 IPS SDR 11, 2406, 12\u2033 DE LARGO, con v\u00e1lvula Serie 5500"},"content":{"rendered":"<p><strong>V\u00e1lvula de exceso de flujo # P41 por<\/strong><br \/>\n<strong>Interruptor de gas<\/strong><\/p>\n<p><strong>V\u00e1lvula de exceso de flujo Modelo P41 2\u2033 IPS SDR 11, 2406, 12\u2033 DE LARGO, con v\u00e1lvula Serie 5500<\/strong><\/p>\n<p>\u2022 Trabajar con el flujo de gas natural como fuente de detecci\u00f3n<br \/>\n\u2022 Activar cuando una ruptura de l\u00ednea provoca una condici\u00f3n de exceso de flujo<br \/>\n\u2022 Reinicie autom\u00e1ticamente y reanude el funcionamiento normal despu\u00e9s de que se realicen las reparaciones utilizando un ligero desv\u00edo de gas para volver a presurizar la l\u00ednea<br \/>\n\u2022 Tambi\u00e9n hay disponibles modelos sin derivaci\u00f3n. Estos modelos se vuelven a abrir corrigiendo la condici\u00f3n de exceso de flujo y aplicando manualmente contrapresi\u00f3n a la l\u00ednea y la v\u00e1lvula.<br \/>\n\u2022 Instale en minutos con herramientas est\u00e1ndar<br \/>\n\u2022 Operar dentro de los requisitos de dimensionamiento de la l\u00ednea de servicio normal para evitar tropiezos por cargas de acci\u00f3n r\u00e1pida<br \/>\n\u2022 Los EFV de mayor capacidad pueden acomodar futuros aumentos en las cargas de gas.<br \/>\n\u2022 Mantenga la estabilidad en condiciones de flujo turbulento mediante el uso de un flotador \u00fanico y din\u00e1micamente equilibrado<br \/>\n\u2022 Disponible para pr\u00e1cticamente todas las presiones y capacidades de l\u00ednea de servicio<br \/>\n\u2022 Puede fabricarse con materiales de accesorios y tuber\u00edas de la mayor\u00eda de los fabricantes<br \/>\n\u2022 Rangos de flujo de 1,000,000 a 24,000,000 BTU<br \/>\n\u2022 Cumple con DOT 192.381 y MSS-SP-115<br \/>\n\u2022 Probado seg\u00fan, o de acuerdo con, ASTM F 1802<br \/>\n\u2022 Compatible con accesorios de acero o pl\u00e1stico y materiales de tuber\u00eda de la mayor\u00eda de los fabricantes<\/p>\n<p>Descargas:<br \/>\n<a href=\"https:\/\/equipmentcontrols.com\/wp-content\/uploads\/2020\/05\/GASBREAKER-CATALOG.pdf\">CAT\u00c1LOGO DE ROMPEDORES DE GAS<\/a><\/p>","protected":false},"excerpt":{"rendered":"<p>Excess Flow Valve # P41 by Gas Breaker Excess Flow Valve Model P41 2&#8243; IPS SDR 11, 2406, 12&#8243; LONG, with Series 5500 Valve \u2022\u00a0Work with the flow of natural gas as the sensing source \u2022\u00a0Activate when a line rupture causes an excess flow condition \u2022\u00a0Automatically reset and resume normal operation after repairs are made [&hellip;]<\/p>\n","protected":false},"featured_media":967,"template":"","meta":[],"product_brand":[],"product_cat":[62,66],"product_tag":[],"class_list":{"0":"post-968","1":"product","2":"type-product","3":"status-publish","4":"has-post-thumbnail","6":"product_cat-accessories","7":"product_cat-gasbreaker","9":"first","10":"instock","11":"shipping-taxable","12":"product-type-simple"},"yoast_head":"<!-- This site is optimized with the Yoast SEO Premium plugin v23.9 (Yoast SEO v27.3) - https:\/\/yoast.com\/product\/yoast-seo-premium-wordpress\/ -->\n<title>Excess Flow Valve Model P41 2&quot; IPS SDR 11, 2406, 12&quot; LONG, with Series 5500 Valve - ECCO<\/title>\n<meta name=\"description\" content=\"Excess Flow Valve # P41 byGas BreakerExcess Flow Valve Model P41 2&quot; IPS SDR 11, 2406, 12&quot; LONG, with Series 5500 Valve\" \/>\n<meta name=\"robots\" content=\"index, follow, max-snippet:-1, max-image-preview:large, max-video-preview:-1\" \/>\n<link rel=\"canonical\" href=\"https:\/\/equipmentcontrols.com\/es\/producto\/excess-flow-valve-model-p41-2-ips-sdr-11-2406-12-long-with-series-5500-valve\/\" \/>\n<meta property=\"og:locale\" content=\"es_MX\" \/>\n<meta property=\"og:type\" content=\"article\" \/>\n<meta property=\"og:title\" content=\"Excess Flow Valve Model P41 2&quot; IPS SDR 11, 2406, 12&quot; LONG, with Series 5500 Valve\" \/>\n<meta property=\"og:description\" content=\"Excess Flow Valve # P41 byGas BreakerExcess Flow Valve Model P41 2&quot; IPS SDR 11, 2406, 12&quot; LONG, with Series 5500 Valve\" \/>\n<meta property=\"og:url\" content=\"https:\/\/equipmentcontrols.com\/es\/producto\/excess-flow-valve-model-p41-2-ips-sdr-11-2406-12-long-with-series-5500-valve\/\" \/>\n<meta property=\"og:site_name\" content=\"ECCO\" \/>\n<meta property=\"article:modified_time\" content=\"2020-05-01T01:56:10+00:00\" \/>\n<meta property=\"og:image\" content=\"https:\/\/equipmentcontrols.com\/wp-content\/uploads\/2020\/05\/GasBreakers20Excess20Flow20Valve20Model20P4120220IPS20SDR201120240620Series20550020Valve.jpg\" \/>\n\t<meta property=\"og:image:width\" content=\"860\" \/>\n\t<meta property=\"og:image:height\" content=\"860\" \/>\n\t<meta property=\"og:image:type\" content=\"image\/jpeg\" \/>\n<meta name=\"twitter:card\" content=\"summary_large_image\" \/>\n<meta name=\"twitter:label1\" content=\"Tiempo de lectura\" \/>\n\t<meta name=\"twitter:data1\" content=\"1 minuto\" \/>\n<script type=\"application\/ld+json\" class=\"yoast-schema-graph\">{\"@context\":\"https:\\\/\\\/schema.org\",\"@graph\":[{\"@type\":\"WebPage\",\"@id\":\"https:\\\/\\\/equipmentcontrols.com\\\/product\\\/excess-flow-valve-model-p41-2-ips-sdr-11-2406-12-long-with-series-5500-valve\\\/\",\"url\":\"https:\\\/\\\/equipmentcontrols.com\\\/product\\\/excess-flow-valve-model-p41-2-ips-sdr-11-2406-12-long-with-series-5500-valve\\\/\",\"name\":\"Excess Flow Valve Model P41 2\\\" IPS SDR 11, 2406, 12\\\" LONG, with Series 5500 Valve - ECCO\",\"isPartOf\":{\"@id\":\"https:\\\/\\\/equipmentcontrols.com\\\/#website\"},\"primaryImageOfPage\":{\"@id\":\"https:\\\/\\\/equipmentcontrols.com\\\/product\\\/excess-flow-valve-model-p41-2-ips-sdr-11-2406-12-long-with-series-5500-valve\\\/#primaryimage\"},\"image\":{\"@id\":\"https:\\\/\\\/equipmentcontrols.com\\\/product\\\/excess-flow-valve-model-p41-2-ips-sdr-11-2406-12-long-with-series-5500-valve\\\/#primaryimage\"},\"thumbnailUrl\":\"https:\\\/\\\/equipmentcontrols.com\\\/wp-content\\\/uploads\\\/2020\\\/05\\\/GasBreakers20Excess20Flow20Valve20Model20P4120220IPS20SDR201120240620Series20550020Valve.jpg\",\"datePublished\":\"2020-05-01T01:40:05+00:00\",\"dateModified\":\"2020-05-01T01:56:10+00:00\",\"description\":\"Excess Flow Valve # P41 byGas BreakerExcess Flow Valve Model P41 2\\\" IPS SDR 11, 2406, 12\\\" LONG, with Series 5500 Valve\",\"breadcrumb\":{\"@id\":\"https:\\\/\\\/equipmentcontrols.com\\\/product\\\/excess-flow-valve-model-p41-2-ips-sdr-11-2406-12-long-with-series-5500-valve\\\/#breadcrumb\"},\"inLanguage\":\"es\",\"potentialAction\":[{\"@type\":\"ReadAction\",\"target\":[\"https:\\\/\\\/equipmentcontrols.com\\\/product\\\/excess-flow-valve-model-p41-2-ips-sdr-11-2406-12-long-with-series-5500-valve\\\/\"]}]},{\"@type\":\"ImageObject\",\"inLanguage\":\"es\",\"@id\":\"https:\\\/\\\/equipmentcontrols.com\\\/product\\\/excess-flow-valve-model-p41-2-ips-sdr-11-2406-12-long-with-series-5500-valve\\\/#primaryimage\",\"url\":\"https:\\\/\\\/equipmentcontrols.com\\\/wp-content\\\/uploads\\\/2020\\\/05\\\/GasBreakers20Excess20Flow20Valve20Model20P4120220IPS20SDR201120240620Series20550020Valve.jpg\",\"contentUrl\":\"https:\\\/\\\/equipmentcontrols.com\\\/wp-content\\\/uploads\\\/2020\\\/05\\\/GasBreakers20Excess20Flow20Valve20Model20P4120220IPS20SDR201120240620Series20550020Valve.jpg\",\"width\":860,\"height\":860,\"caption\":\"GasBreakers20Excess20Flow20Valve20Model20P4120220IPS20SDR201120240620Series20550020Valve.jpg\"},{\"@type\":\"BreadcrumbList\",\"@id\":\"https:\\\/\\\/equipmentcontrols.com\\\/product\\\/excess-flow-valve-model-p41-2-ips-sdr-11-2406-12-long-with-series-5500-valve\\\/#breadcrumb\",\"itemListElement\":[{\"@type\":\"ListItem\",\"position\":1,\"name\":\"Home\",\"item\":\"https:\\\/\\\/equipmentcontrols.com\\\/\"},{\"@type\":\"ListItem\",\"position\":2,\"name\":\"Shop\",\"item\":\"https:\\\/\\\/equipmentcontrols.com\\\/shop\\\/\"},{\"@type\":\"ListItem\",\"position\":3,\"name\":\"Excess Flow Valve Model P41 2&#8243; IPS SDR 11, 2406, 12&#8243; LONG, with Series 5500 Valve\"}]},{\"@type\":\"WebSite\",\"@id\":\"https:\\\/\\\/equipmentcontrols.com\\\/#website\",\"url\":\"https:\\\/\\\/equipmentcontrols.com\\\/\",\"name\":\"ECCO\",\"description\":\"Equipment Controls Company\",\"potentialAction\":[{\"@type\":\"SearchAction\",\"target\":{\"@type\":\"EntryPoint\",\"urlTemplate\":\"https:\\\/\\\/equipmentcontrols.com\\\/?s={search_term_string}\"},\"query-input\":{\"@type\":\"PropertyValueSpecification\",\"valueRequired\":true,\"valueName\":\"search_term_string\"}}],\"inLanguage\":\"es\"}]}<\/script>\n<!-- \/ Yoast SEO Premium plugin. -->","yoast_head_json":{"title":"Excess Flow Valve Model P41 2\" IPS SDR 11, 2406, 12\" LONG, with Series 5500 Valve - ECCO","description":"Excess Flow Valve # P41 byGas BreakerExcess Flow Valve Model P41 2\" IPS SDR 11, 2406, 12\" LONG, with Series 5500 Valve","robots":{"index":"index","follow":"follow","max-snippet":"max-snippet:-1","max-image-preview":"max-image-preview:large","max-video-preview":"max-video-preview:-1"},"canonical":"https:\/\/equipmentcontrols.com\/es\/producto\/excess-flow-valve-model-p41-2-ips-sdr-11-2406-12-long-with-series-5500-valve\/","og_locale":"es_MX","og_type":"article","og_title":"Excess Flow Valve Model P41 2\" IPS SDR 11, 2406, 12\" LONG, with Series 5500 Valve","og_description":"Excess Flow Valve # P41 byGas BreakerExcess Flow Valve Model P41 2\" IPS SDR 11, 2406, 12\" LONG, with Series 5500 Valve","og_url":"https:\/\/equipmentcontrols.com\/es\/producto\/excess-flow-valve-model-p41-2-ips-sdr-11-2406-12-long-with-series-5500-valve\/","og_site_name":"ECCO","article_modified_time":"2020-05-01T01:56:10+00:00","og_image":[{"width":860,"height":860,"url":"https:\/\/equipmentcontrols.com\/wp-content\/uploads\/2020\/05\/GasBreakers20Excess20Flow20Valve20Model20P4120220IPS20SDR201120240620Series20550020Valve.jpg","type":"image\/jpeg"}],"twitter_card":"summary_large_image","twitter_misc":{"Tiempo de lectura":"1 minuto"},"schema":{"@context":"https:\/\/schema.org","@graph":[{"@type":"WebPage","@id":"https:\/\/equipmentcontrols.com\/product\/excess-flow-valve-model-p41-2-ips-sdr-11-2406-12-long-with-series-5500-valve\/","url":"https:\/\/equipmentcontrols.com\/product\/excess-flow-valve-model-p41-2-ips-sdr-11-2406-12-long-with-series-5500-valve\/","name":"Excess Flow Valve Model P41 2\" IPS SDR 11, 2406, 12\" LONG, with Series 5500 Valve - ECCO","isPartOf":{"@id":"https:\/\/equipmentcontrols.com\/#website"},"primaryImageOfPage":{"@id":"https:\/\/equipmentcontrols.com\/product\/excess-flow-valve-model-p41-2-ips-sdr-11-2406-12-long-with-series-5500-valve\/#primaryimage"},"image":{"@id":"https:\/\/equipmentcontrols.com\/product\/excess-flow-valve-model-p41-2-ips-sdr-11-2406-12-long-with-series-5500-valve\/#primaryimage"},"thumbnailUrl":"https:\/\/equipmentcontrols.com\/wp-content\/uploads\/2020\/05\/GasBreakers20Excess20Flow20Valve20Model20P4120220IPS20SDR201120240620Series20550020Valve.jpg","datePublished":"2020-05-01T01:40:05+00:00","dateModified":"2020-05-01T01:56:10+00:00","description":"Excess Flow Valve # P41 byGas BreakerExcess Flow Valve Model P41 2\" IPS SDR 11, 2406, 12\" LONG, with Series 5500 Valve","breadcrumb":{"@id":"https:\/\/equipmentcontrols.com\/product\/excess-flow-valve-model-p41-2-ips-sdr-11-2406-12-long-with-series-5500-valve\/#breadcrumb"},"inLanguage":"es","potentialAction":[{"@type":"ReadAction","target":["https:\/\/equipmentcontrols.com\/product\/excess-flow-valve-model-p41-2-ips-sdr-11-2406-12-long-with-series-5500-valve\/"]}]},{"@type":"ImageObject","inLanguage":"es","@id":"https:\/\/equipmentcontrols.com\/product\/excess-flow-valve-model-p41-2-ips-sdr-11-2406-12-long-with-series-5500-valve\/#primaryimage","url":"https:\/\/equipmentcontrols.com\/wp-content\/uploads\/2020\/05\/GasBreakers20Excess20Flow20Valve20Model20P4120220IPS20SDR201120240620Series20550020Valve.jpg","contentUrl":"https:\/\/equipmentcontrols.com\/wp-content\/uploads\/2020\/05\/GasBreakers20Excess20Flow20Valve20Model20P4120220IPS20SDR201120240620Series20550020Valve.jpg","width":860,"height":860,"caption":"GasBreakers20Excess20Flow20Valve20Model20P4120220IPS20SDR201120240620Series20550020Valve.jpg"},{"@type":"BreadcrumbList","@id":"https:\/\/equipmentcontrols.com\/product\/excess-flow-valve-model-p41-2-ips-sdr-11-2406-12-long-with-series-5500-valve\/#breadcrumb","itemListElement":[{"@type":"ListItem","position":1,"name":"Home","item":"https:\/\/equipmentcontrols.com\/"},{"@type":"ListItem","position":2,"name":"Shop","item":"https:\/\/equipmentcontrols.com\/shop\/"},{"@type":"ListItem","position":3,"name":"Excess Flow Valve Model P41 2&#8243; IPS SDR 11, 2406, 12&#8243; LONG, with Series 5500 Valve"}]},{"@type":"WebSite","@id":"https:\/\/equipmentcontrols.com\/#website","url":"https:\/\/equipmentcontrols.com\/","name":"ECCO","description":"Empresa de Control de Equipos","potentialAction":[{"@type":"SearchAction","target":{"@type":"EntryPoint","urlTemplate":"https:\/\/equipmentcontrols.com\/?s={search_term_string}"},"query-input":{"@type":"PropertyValueSpecification","valueRequired":true,"valueName":"search_term_string"}}],"inLanguage":"es"}]}},"_links":{"self":[{"href":"https:\/\/equipmentcontrols.com\/es\/wp-json\/wp\/v2\/product\/968","targetHints":{"allow":["GET"]}}],"collection":[{"href":"https:\/\/equipmentcontrols.com\/es\/wp-json\/wp\/v2\/product"}],"about":[{"href":"https:\/\/equipmentcontrols.com\/es\/wp-json\/wp\/v2\/types\/product"}],"wp:featuredmedia":[{"embeddable":true,"href":"https:\/\/equipmentcontrols.com\/es\/wp-json\/wp\/v2\/media\/967"}],"wp:attachment":[{"href":"https:\/\/equipmentcontrols.com\/es\/wp-json\/wp\/v2\/media?parent=968"}],"wp:term":[{"taxonomy":"product_brand","embeddable":true,"href":"https:\/\/equipmentcontrols.com\/es\/wp-json\/wp\/v2\/product_brand?post=968"},{"taxonomy":"product_cat","embeddable":true,"href":"https:\/\/equipmentcontrols.com\/es\/wp-json\/wp\/v2\/product_cat?post=968"},{"taxonomy":"product_tag","embeddable":true,"href":"https:\/\/equipmentcontrols.com\/es\/wp-json\/wp\/v2\/product_tag?post=968"}],"curies":[{"name":"wp","href":"https:\/\/api.w.org\/{rel}","templated":true}]}}