{"id":966,"date":"2020-05-01T01:40:05","date_gmt":"2020-05-01T01:40:05","guid":{"rendered":"https:\/\/econtrols.stagemysite.com\/product\/excess-flow-valve-model-p41-1-ips-sdr-11-3408-12-long-with-series-300-valve\/"},"modified":"2020-05-01T01:54:22","modified_gmt":"2020-05-01T01:54:22","slug":"excess-flow-valve-model-p41-1-ips-sdr-11-3408-12-long-with-series-300-valve","status":"publish","type":"product","link":"https:\/\/equipmentcontrols.com\/es\/producto\/excess-flow-valve-model-p41-1-ips-sdr-11-3408-12-long-with-series-300-valve\/","title":{"rendered":"V\u00e1lvula de exceso de flujo Modelo P41 1\u2033 IPS SDR 11, 3408, 12\u2033 LONG, con v\u00e1lvula Serie 300"},"content":{"rendered":"<p><strong>V\u00e1lvula de exceso de flujo # P41 1\u2033 IPS SDR 11<\/strong><br \/>\n<strong>de Gas Breaker<\/strong><\/p>\n<p><strong>V\u00e1lvula de exceso de flujo Modelo P41 1\u2033 IPS SDR 11, 3408, 12\u2033 LONG, con v\u00e1lvula Serie 300<\/strong><\/p>\n<p>Trabajar con el flujo de gas natural como fuente de detecci\u00f3n<br \/>\nActivar cuando una ruptura de l\u00ednea provoca una condici\u00f3n de exceso de flujo<br \/>\nRestablezca autom\u00e1ticamente y reanude el funcionamiento normal despu\u00e9s de que se realicen las reparaciones utilizando un ligero desv\u00edo de gas para volver a presurizar la l\u00ednea<br \/>\nTambi\u00e9n hay disponibles modelos sin derivaci\u00f3n. Estos modelos se vuelven a abrir corrigiendo la condici\u00f3n de exceso de flujo y aplicando manualmente contrapresi\u00f3n a la l\u00ednea y la v\u00e1lvula.<\/p>\n<p><strong>Instale en minutos con herramientas est\u00e1ndar<\/strong><\/p>\n<p>Opere dentro de los requisitos de tama\u00f1o de la l\u00ednea de servicio normal para evitar tropiezos por cargas de acci\u00f3n r\u00e1pida<br \/>\nLos EFV de mayor capacidad pueden acomodar futuros aumentos en las cargas de gas.<br \/>\nMantenga la estabilidad en condiciones de flujo turbulento mediante el uso de un flotador \u00fanico y din\u00e1micamente equilibrado<br \/>\nDisponible para pr\u00e1cticamente todas las presiones y capacidades de l\u00ednea de servicio<br \/>\nLa instalaci\u00f3n en l\u00ednea los hace a prueba de manipulaciones<br \/>\nSe puede fabricar con materiales de accesorios y tuber\u00edas de la mayor\u00eda de los fabricantes<br \/>\nUL Listed 4DU5 para uso en aplicaciones de l\u00ednea de servicio de propano<\/p>\n<p><strong>Descargas:<\/strong><br \/>\n<a href=\"https:\/\/equipmentcontrols.com\/wp-content\/uploads\/2020\/05\/GASBREAKER-CATALOG.pdf\">CAT\u00c1LOGO DE ROMPEDORES DE GAS<\/a><\/p>","protected":false},"excerpt":{"rendered":"<p>Excess Flow Valve # P41 1&#8243; IPS SDR 11 by Gas Breaker Excess Flow Valve Model P41 1&#8243; IPS SDR 11, 3408, 12&#8243; LONG, with Series 300 Valve Work with the flow of natural gas as the sensing source Activate when a line rupture causes an excess flow condition Automatically reset and resume normal operation [&hellip;]<\/p>\n","protected":false},"featured_media":965,"template":"","meta":[],"product_brand":[],"product_cat":[62,66],"product_tag":[],"class_list":{"0":"post-966","1":"product","2":"type-product","3":"status-publish","4":"has-post-thumbnail","6":"product_cat-accessories","7":"product_cat-gasbreaker","9":"first","10":"instock","11":"shipping-taxable","12":"product-type-simple"},"yoast_head":"<!-- This site is optimized with the Yoast SEO Premium plugin v23.9 (Yoast SEO v27.3) - https:\/\/yoast.com\/product\/yoast-seo-premium-wordpress\/ -->\n<title>Excess Flow Valve Model P41 1&quot; IPS SDR 11, 3408, 12&quot; LONG, with Series 300 Valve - ECCO<\/title>\n<meta name=\"description\" content=\"Work with the flow of natural gas as the sensing sourceActivate when a line rupture causes an excess flow conditionAutomatically reset and resume normal operation after repairs are made using a slight gas bypass to re-pressurize the lineNon-bypass models are also available. These models are reopened by correcting the excess flow condition and manually applying back pressure to the line and valve.Install in minutes with standard toolsOperate within your normal service line sizing requirements to avoid tripping by snap-acting loadsHigher capacity EFVs can accommodate future increases in gas loads.Maintain stability under turbulent flow conditions by using a unique, dynamically balanced floatAvailable for virtually all pressures and service line capabilitiesIn-line installation makes them tamper-proofCan be fabricated with fitting and piping materials from most manufacturersUL Listed 4DU5 for use on propane service line applications\" \/>\n<meta name=\"robots\" content=\"index, follow, max-snippet:-1, max-image-preview:large, max-video-preview:-1\" \/>\n<link rel=\"canonical\" href=\"https:\/\/equipmentcontrols.com\/es\/producto\/excess-flow-valve-model-p41-1-ips-sdr-11-3408-12-long-with-series-300-valve\/\" \/>\n<meta property=\"og:locale\" content=\"es_MX\" \/>\n<meta property=\"og:type\" content=\"article\" \/>\n<meta property=\"og:title\" content=\"Excess Flow Valve Model P41 1&quot; IPS SDR 11, 3408, 12&quot; LONG, with Series 300 Valve\" \/>\n<meta property=\"og:description\" content=\"Work with the flow of natural gas as the sensing sourceActivate when a line rupture causes an excess flow conditionAutomatically reset and resume normal operation after repairs are made using a slight gas bypass to re-pressurize the lineNon-bypass models are also available. These models are reopened by correcting the excess flow condition and manually applying back pressure to the line and valve.Install in minutes with standard toolsOperate within your normal service line sizing requirements to avoid tripping by snap-acting loadsHigher capacity EFVs can accommodate future increases in gas loads.Maintain stability under turbulent flow conditions by using a unique, dynamically balanced floatAvailable for virtually all pressures and service line capabilitiesIn-line installation makes them tamper-proofCan be fabricated with fitting and piping materials from most manufacturersUL Listed 4DU5 for use on propane service line applications\" \/>\n<meta property=\"og:url\" content=\"https:\/\/equipmentcontrols.com\/es\/producto\/excess-flow-valve-model-p41-1-ips-sdr-11-3408-12-long-with-series-300-valve\/\" \/>\n<meta property=\"og:site_name\" content=\"ECCO\" \/>\n<meta property=\"article:modified_time\" content=\"2020-05-01T01:54:22+00:00\" \/>\n<meta property=\"og:image\" content=\"https:\/\/equipmentcontrols.com\/wp-content\/uploads\/2020\/05\/GasBreakers20Excess20Flow20Valve20Model20P4120120IPS20SDR201120340820Series2030020Valve.jpg\" \/>\n\t<meta property=\"og:image:width\" content=\"860\" \/>\n\t<meta property=\"og:image:height\" content=\"860\" \/>\n\t<meta property=\"og:image:type\" content=\"image\/jpeg\" \/>\n<meta name=\"twitter:card\" content=\"summary_large_image\" \/>\n<meta name=\"twitter:label1\" content=\"Tiempo de lectura\" \/>\n\t<meta name=\"twitter:data1\" content=\"1 minuto\" \/>\n<script type=\"application\/ld+json\" class=\"yoast-schema-graph\">{\"@context\":\"https:\\\/\\\/schema.org\",\"@graph\":[{\"@type\":\"WebPage\",\"@id\":\"https:\\\/\\\/equipmentcontrols.com\\\/product\\\/excess-flow-valve-model-p41-1-ips-sdr-11-3408-12-long-with-series-300-valve\\\/\",\"url\":\"https:\\\/\\\/equipmentcontrols.com\\\/product\\\/excess-flow-valve-model-p41-1-ips-sdr-11-3408-12-long-with-series-300-valve\\\/\",\"name\":\"Excess Flow Valve Model P41 1\\\" IPS SDR 11, 3408, 12\\\" LONG, with Series 300 Valve - ECCO\",\"isPartOf\":{\"@id\":\"https:\\\/\\\/equipmentcontrols.com\\\/#website\"},\"primaryImageOfPage\":{\"@id\":\"https:\\\/\\\/equipmentcontrols.com\\\/product\\\/excess-flow-valve-model-p41-1-ips-sdr-11-3408-12-long-with-series-300-valve\\\/#primaryimage\"},\"image\":{\"@id\":\"https:\\\/\\\/equipmentcontrols.com\\\/product\\\/excess-flow-valve-model-p41-1-ips-sdr-11-3408-12-long-with-series-300-valve\\\/#primaryimage\"},\"thumbnailUrl\":\"https:\\\/\\\/equipmentcontrols.com\\\/wp-content\\\/uploads\\\/2020\\\/05\\\/GasBreakers20Excess20Flow20Valve20Model20P4120120IPS20SDR201120340820Series2030020Valve.jpg\",\"datePublished\":\"2020-05-01T01:40:05+00:00\",\"dateModified\":\"2020-05-01T01:54:22+00:00\",\"description\":\"Work with the flow of natural gas as the sensing sourceActivate when a line rupture causes an excess flow conditionAutomatically reset and resume normal operation after repairs are made using a slight gas bypass to re-pressurize the lineNon-bypass models are also available. These models are reopened by correcting the excess flow condition and manually applying back pressure to the line and valve.Install in minutes with standard toolsOperate within your normal service line sizing requirements to avoid tripping by snap-acting loadsHigher capacity EFVs can accommodate future increases in gas loads.Maintain stability under turbulent flow conditions by using a unique, dynamically balanced floatAvailable for virtually all pressures and service line capabilitiesIn-line installation makes them tamper-proofCan be fabricated with fitting and piping materials from most manufacturersUL Listed 4DU5 for use on propane service line applications\",\"breadcrumb\":{\"@id\":\"https:\\\/\\\/equipmentcontrols.com\\\/product\\\/excess-flow-valve-model-p41-1-ips-sdr-11-3408-12-long-with-series-300-valve\\\/#breadcrumb\"},\"inLanguage\":\"es\",\"potentialAction\":[{\"@type\":\"ReadAction\",\"target\":[\"https:\\\/\\\/equipmentcontrols.com\\\/product\\\/excess-flow-valve-model-p41-1-ips-sdr-11-3408-12-long-with-series-300-valve\\\/\"]}]},{\"@type\":\"ImageObject\",\"inLanguage\":\"es\",\"@id\":\"https:\\\/\\\/equipmentcontrols.com\\\/product\\\/excess-flow-valve-model-p41-1-ips-sdr-11-3408-12-long-with-series-300-valve\\\/#primaryimage\",\"url\":\"https:\\\/\\\/equipmentcontrols.com\\\/wp-content\\\/uploads\\\/2020\\\/05\\\/GasBreakers20Excess20Flow20Valve20Model20P4120120IPS20SDR201120340820Series2030020Valve.jpg\",\"contentUrl\":\"https:\\\/\\\/equipmentcontrols.com\\\/wp-content\\\/uploads\\\/2020\\\/05\\\/GasBreakers20Excess20Flow20Valve20Model20P4120120IPS20SDR201120340820Series2030020Valve.jpg\",\"width\":860,\"height\":860,\"caption\":\"GasBreakers20Excess20Flow20Valve20Model20P4120120IPS20SDR201120340820Series2030020Valve.jpg\"},{\"@type\":\"BreadcrumbList\",\"@id\":\"https:\\\/\\\/equipmentcontrols.com\\\/product\\\/excess-flow-valve-model-p41-1-ips-sdr-11-3408-12-long-with-series-300-valve\\\/#breadcrumb\",\"itemListElement\":[{\"@type\":\"ListItem\",\"position\":1,\"name\":\"Home\",\"item\":\"https:\\\/\\\/equipmentcontrols.com\\\/\"},{\"@type\":\"ListItem\",\"position\":2,\"name\":\"Shop\",\"item\":\"https:\\\/\\\/equipmentcontrols.com\\\/shop\\\/\"},{\"@type\":\"ListItem\",\"position\":3,\"name\":\"Excess Flow Valve Model P41 1&#8243; IPS SDR 11, 3408, 12&#8243; LONG, with Series 300 Valve\"}]},{\"@type\":\"WebSite\",\"@id\":\"https:\\\/\\\/equipmentcontrols.com\\\/#website\",\"url\":\"https:\\\/\\\/equipmentcontrols.com\\\/\",\"name\":\"ECCO\",\"description\":\"Equipment Controls Company\",\"potentialAction\":[{\"@type\":\"SearchAction\",\"target\":{\"@type\":\"EntryPoint\",\"urlTemplate\":\"https:\\\/\\\/equipmentcontrols.com\\\/?s={search_term_string}\"},\"query-input\":{\"@type\":\"PropertyValueSpecification\",\"valueRequired\":true,\"valueName\":\"search_term_string\"}}],\"inLanguage\":\"es\"}]}<\/script>\n<!-- \/ Yoast SEO Premium plugin. -->","yoast_head_json":{"title":"Excess Flow Valve Model P41 1\" IPS SDR 11, 3408, 12\" LONG, with Series 300 Valve - ECCO","description":"Work with the flow of natural gas as the sensing sourceActivate when a line rupture causes an excess flow conditionAutomatically reset and resume normal operation after repairs are made using a slight gas bypass to re-pressurize the lineNon-bypass models are also available. These models are reopened by correcting the excess flow condition and manually applying back pressure to the line and valve.Install in minutes with standard toolsOperate within your normal service line sizing requirements to avoid tripping by snap-acting loadsHigher capacity EFVs can accommodate future increases in gas loads.Maintain stability under turbulent flow conditions by using a unique, dynamically balanced floatAvailable for virtually all pressures and service line capabilitiesIn-line installation makes them tamper-proofCan be fabricated with fitting and piping materials from most manufacturersUL Listed 4DU5 for use on propane service line applications","robots":{"index":"index","follow":"follow","max-snippet":"max-snippet:-1","max-image-preview":"max-image-preview:large","max-video-preview":"max-video-preview:-1"},"canonical":"https:\/\/equipmentcontrols.com\/es\/producto\/excess-flow-valve-model-p41-1-ips-sdr-11-3408-12-long-with-series-300-valve\/","og_locale":"es_MX","og_type":"article","og_title":"Excess Flow Valve Model P41 1\" IPS SDR 11, 3408, 12\" LONG, with Series 300 Valve","og_description":"Work with the flow of natural gas as the sensing sourceActivate when a line rupture causes an excess flow conditionAutomatically reset and resume normal operation after repairs are made using a slight gas bypass to re-pressurize the lineNon-bypass models are also available. These models are reopened by correcting the excess flow condition and manually applying back pressure to the line and valve.Install in minutes with standard toolsOperate within your normal service line sizing requirements to avoid tripping by snap-acting loadsHigher capacity EFVs can accommodate future increases in gas loads.Maintain stability under turbulent flow conditions by using a unique, dynamically balanced floatAvailable for virtually all pressures and service line capabilitiesIn-line installation makes them tamper-proofCan be fabricated with fitting and piping materials from most manufacturersUL Listed 4DU5 for use on propane service line applications","og_url":"https:\/\/equipmentcontrols.com\/es\/producto\/excess-flow-valve-model-p41-1-ips-sdr-11-3408-12-long-with-series-300-valve\/","og_site_name":"ECCO","article_modified_time":"2020-05-01T01:54:22+00:00","og_image":[{"width":860,"height":860,"url":"https:\/\/equipmentcontrols.com\/wp-content\/uploads\/2020\/05\/GasBreakers20Excess20Flow20Valve20Model20P4120120IPS20SDR201120340820Series2030020Valve.jpg","type":"image\/jpeg"}],"twitter_card":"summary_large_image","twitter_misc":{"Tiempo de lectura":"1 minuto"},"schema":{"@context":"https:\/\/schema.org","@graph":[{"@type":"WebPage","@id":"https:\/\/equipmentcontrols.com\/product\/excess-flow-valve-model-p41-1-ips-sdr-11-3408-12-long-with-series-300-valve\/","url":"https:\/\/equipmentcontrols.com\/product\/excess-flow-valve-model-p41-1-ips-sdr-11-3408-12-long-with-series-300-valve\/","name":"Excess Flow Valve Model P41 1\" IPS SDR 11, 3408, 12\" LONG, with Series 300 Valve - ECCO","isPartOf":{"@id":"https:\/\/equipmentcontrols.com\/#website"},"primaryImageOfPage":{"@id":"https:\/\/equipmentcontrols.com\/product\/excess-flow-valve-model-p41-1-ips-sdr-11-3408-12-long-with-series-300-valve\/#primaryimage"},"image":{"@id":"https:\/\/equipmentcontrols.com\/product\/excess-flow-valve-model-p41-1-ips-sdr-11-3408-12-long-with-series-300-valve\/#primaryimage"},"thumbnailUrl":"https:\/\/equipmentcontrols.com\/wp-content\/uploads\/2020\/05\/GasBreakers20Excess20Flow20Valve20Model20P4120120IPS20SDR201120340820Series2030020Valve.jpg","datePublished":"2020-05-01T01:40:05+00:00","dateModified":"2020-05-01T01:54:22+00:00","description":"Work with the flow of natural gas as the sensing sourceActivate when a line rupture causes an excess flow conditionAutomatically reset and resume normal operation after repairs are made using a slight gas bypass to re-pressurize the lineNon-bypass models are also available. These models are reopened by correcting the excess flow condition and manually applying back pressure to the line and valve.Install in minutes with standard toolsOperate within your normal service line sizing requirements to avoid tripping by snap-acting loadsHigher capacity EFVs can accommodate future increases in gas loads.Maintain stability under turbulent flow conditions by using a unique, dynamically balanced floatAvailable for virtually all pressures and service line capabilitiesIn-line installation makes them tamper-proofCan be fabricated with fitting and piping materials from most manufacturersUL Listed 4DU5 for use on propane service line applications","breadcrumb":{"@id":"https:\/\/equipmentcontrols.com\/product\/excess-flow-valve-model-p41-1-ips-sdr-11-3408-12-long-with-series-300-valve\/#breadcrumb"},"inLanguage":"es","potentialAction":[{"@type":"ReadAction","target":["https:\/\/equipmentcontrols.com\/product\/excess-flow-valve-model-p41-1-ips-sdr-11-3408-12-long-with-series-300-valve\/"]}]},{"@type":"ImageObject","inLanguage":"es","@id":"https:\/\/equipmentcontrols.com\/product\/excess-flow-valve-model-p41-1-ips-sdr-11-3408-12-long-with-series-300-valve\/#primaryimage","url":"https:\/\/equipmentcontrols.com\/wp-content\/uploads\/2020\/05\/GasBreakers20Excess20Flow20Valve20Model20P4120120IPS20SDR201120340820Series2030020Valve.jpg","contentUrl":"https:\/\/equipmentcontrols.com\/wp-content\/uploads\/2020\/05\/GasBreakers20Excess20Flow20Valve20Model20P4120120IPS20SDR201120340820Series2030020Valve.jpg","width":860,"height":860,"caption":"GasBreakers20Excess20Flow20Valve20Model20P4120120IPS20SDR201120340820Series2030020Valve.jpg"},{"@type":"BreadcrumbList","@id":"https:\/\/equipmentcontrols.com\/product\/excess-flow-valve-model-p41-1-ips-sdr-11-3408-12-long-with-series-300-valve\/#breadcrumb","itemListElement":[{"@type":"ListItem","position":1,"name":"Home","item":"https:\/\/equipmentcontrols.com\/"},{"@type":"ListItem","position":2,"name":"Shop","item":"https:\/\/equipmentcontrols.com\/shop\/"},{"@type":"ListItem","position":3,"name":"Excess Flow Valve Model P41 1&#8243; IPS SDR 11, 3408, 12&#8243; LONG, with Series 300 Valve"}]},{"@type":"WebSite","@id":"https:\/\/equipmentcontrols.com\/#website","url":"https:\/\/equipmentcontrols.com\/","name":"ECCO","description":"Empresa de Control de Equipos","potentialAction":[{"@type":"SearchAction","target":{"@type":"EntryPoint","urlTemplate":"https:\/\/equipmentcontrols.com\/?s={search_term_string}"},"query-input":{"@type":"PropertyValueSpecification","valueRequired":true,"valueName":"search_term_string"}}],"inLanguage":"es"}]}},"_links":{"self":[{"href":"https:\/\/equipmentcontrols.com\/es\/wp-json\/wp\/v2\/product\/966","targetHints":{"allow":["GET"]}}],"collection":[{"href":"https:\/\/equipmentcontrols.com\/es\/wp-json\/wp\/v2\/product"}],"about":[{"href":"https:\/\/equipmentcontrols.com\/es\/wp-json\/wp\/v2\/types\/product"}],"wp:featuredmedia":[{"embeddable":true,"href":"https:\/\/equipmentcontrols.com\/es\/wp-json\/wp\/v2\/media\/965"}],"wp:attachment":[{"href":"https:\/\/equipmentcontrols.com\/es\/wp-json\/wp\/v2\/media?parent=966"}],"wp:term":[{"taxonomy":"product_brand","embeddable":true,"href":"https:\/\/equipmentcontrols.com\/es\/wp-json\/wp\/v2\/product_brand?post=966"},{"taxonomy":"product_cat","embeddable":true,"href":"https:\/\/equipmentcontrols.com\/es\/wp-json\/wp\/v2\/product_cat?post=966"},{"taxonomy":"product_tag","embeddable":true,"href":"https:\/\/equipmentcontrols.com\/es\/wp-json\/wp\/v2\/product_tag?post=966"}],"curies":[{"name":"wp","href":"https:\/\/api.w.org\/{rel}","templated":true}]}}