{"id":948,"date":"2020-05-01T01:38:14","date_gmt":"2020-05-01T01:38:14","guid":{"rendered":"https:\/\/econtrols.stagemysite.com\/product\/3m-full-range-marker-1254-2\/"},"modified":"2020-05-01T02:53:58","modified_gmt":"2020-05-01T02:53:58","slug":"3m-full-range-marker-1254-2","status":"publish","type":"product","link":"https:\/\/equipmentcontrols.com\/es\/producto\/3m-full-range-marker-1254-2\/","title":{"rendered":"Marcador de rango completo 3M 1254"},"content":{"rendered":"<p><strong>3M\u2122 Marcador de rango completo 1254, EMS, rango extendido de 9 pies, gasolina, 25\/caja<\/strong><\/p>\n<p>\u2022 Identificaci\u00f3n positiva de activos subterr\u00e1neos<br \/>\n\u2022 No se necesita una fuente de alimentaci\u00f3n externa<br \/>\n\u2022 Resistente a los elementos<br \/>\n\u2022 El color cumple con los est\u00e1ndares APWA<\/p>\n<p><strong>Especificaciones:<\/strong><br \/>\nAplicaci\u00f3n\/Industria: Gas<br \/>\nMarca: 3M\u2122<br \/>\nFamilia de colores: amarillo<br \/>\nProfundidad del marcador: 8 pies (2,4 m)<br \/>\nDimensi\u00f3n del marcador (pulgadas): 15 pulgadas de di\u00e1metro x 0,65 pulgadas de grosor<br \/>\nCapacidad de b\u00fasqueda de marcadores: S\u00ed<br \/>\nFunci\u00f3n de marcador: Pasivo<br \/>\nTipo de marcador: Rango completo<br \/>\nN\u00famero de frecuencias: N\/A<br \/>\nDi\u00e1metro total (imperial): 15 pulgadas<br \/>\nDi\u00e1metro total (m\u00e9trico): 38,1 cm, 38,1 cm<br \/>\nAltura total (m\u00e9trica): 1,65 cm, 1,65 cm<br \/>\nColor del producto: amarillo.<br \/>\nRango: 0 a 8 Pie Lineal<br \/>\nCumple con RoHS 2011\/65\/EU: Indeterminado<br \/>\nRoHS EU Comentarios: Comun\u00edquese con 3M para obtener informaci\u00f3n<br \/>\n*Informaci\u00f3n importante sobre RoHS<br \/>\nSoluci\u00f3n para: Red de acceso: FTTH\/FTTB\/CATV, Red de acceso: xDSL, Long-haul\/Metro Loop Network: Exterior, Red inal\u00e1mbrica: Backhaul<br \/>\nTDS requerido: S\u00ed<br \/>\nSalida del transmisor: N\/A<\/p>\n<p><strong>Detalles<\/strong><br \/>\n\u2022 Identificaci\u00f3n positiva de activos subterr\u00e1neos<br \/>\n\u2022 No se necesita una fuente de alimentaci\u00f3n externa<br \/>\n\u2022 Resistente a los elementos<br \/>\n\u2022 El color cumple con los est\u00e1ndares APWA<br \/>\n\u2022 El color cumple con los est\u00e1ndares APWA<\/p>\n<p><strong>Los marcadores de rango completo 3M\u2122 EMS brindan un m\u00e9todo preciso, conveniente y duradero para marcar instalaciones subterr\u00e1neas.<\/strong><\/p>\n<p>Los marcadores de rango completo son ideales para marcar la ubicaci\u00f3n de servicios p\u00fablicos enterrados a gran distancia. Los marcadores pasivos de rango completo proporcionar\u00e1n una identificaci\u00f3n precisa de las l\u00edneas el\u00e9ctricas enterradas, lo que ayudar\u00e1 a reducir el riesgo de excavar accidentalmente otras instalaciones enterradas. Todos los marcadores funcionan sin necesidad de una fuente de alimentaci\u00f3n externa. Sus cubiertas de polietileno resistentes al agua son impermeables a los minerales, los productos qu\u00edmicos y las temperaturas extremas que normalmente se encuentran bajo tierra. Hay disponible una versi\u00f3n iD que permite el almacenamiento de informaci\u00f3n espec\u00edfica del cliente sobre el activo subterr\u00e1neo.<\/p>\n<p><strong>Aplicaciones sugeridas: Industria del gas<\/strong><\/p>\n<p><strong>Descargas:<\/strong><br \/>\n<a href=\"https:\/\/equipmentcontrols.com\/wp-content\/uploads\/2020\/04\/EMS-Gas-Industry-Markers-BR-7527717.pdf\">Folleto de marcadores de la industria del gas EMS<\/a><br \/>\n<a href=\"https:\/\/equipmentcontrols.com\/wp-content\/uploads\/2020\/04\/EMS-Full-Range-Markers-DS-7527774.pdf\">Hoja de datos de marcadores de rango completo EMS<\/a><\/p>","protected":false},"excerpt":{"rendered":"<p>3M\u2122 Full-Range Marker 1254, EMS 9 ft Extended Range, Gas, 25\/Case \u2022\u00a0Positive Identification of underground assets \u2022\u00a0No external power source needed \u2022\u00a0Resistant to elements \u2022\u00a0Color conforms to APWA standards Specifications: Application\/Industry: Gas Brand: 3M\u2122 Color Family: Yellow Marker Depth: 8 feet (2.4m) Marker Dimension (inch): 15 inch Diameter x 0.65 inch Thick Marker Finding Capability: [&hellip;]<\/p>\n","protected":false},"featured_media":928,"template":"","meta":[],"product_brand":[],"product_cat":[54,25],"product_tag":[],"class_list":{"0":"post-948","1":"product","2":"type-product","3":"status-publish","4":"has-post-thumbnail","6":"product_cat-3m","7":"product_cat-utility-locators-marking-systems","9":"first","10":"instock","11":"shipping-taxable","12":"product-type-simple"},"yoast_head":"<!-- This site is optimized with the Yoast SEO Premium plugin v23.9 (Yoast SEO v27.3) - https:\/\/yoast.com\/product\/yoast-seo-premium-wordpress\/ -->\n<title>3M Full-Range Marker 1254 - ECCO<\/title>\n<meta name=\"description\" content=\"3M\u2122 EMS Full Range Markers provide an accurate, convenient, long lasting method of marking underground facilities.Full Range markers are ideally suited for marking the location of utilities buried at a deep distance. Passive full range markers will provide accurate identification of buried power lines, helping to reduce the risk of accidentally excavating other buried facilities. All markers function without the need for an external power source. Their water resistant polyetheline shells are impervious to minerals, chemicals and the temperature extremes normally found underground. An iD version is available which allows for the storage of customer specific information about the underground asset.\" \/>\n<meta name=\"robots\" content=\"index, follow, max-snippet:-1, max-image-preview:large, max-video-preview:-1\" \/>\n<link rel=\"canonical\" href=\"https:\/\/equipmentcontrols.com\/es\/producto\/3m-full-range-marker-1254-2\/\" \/>\n<meta property=\"og:locale\" content=\"es_MX\" \/>\n<meta property=\"og:type\" content=\"article\" \/>\n<meta property=\"og:title\" content=\"3M Full-Range Marker 1254\" \/>\n<meta property=\"og:description\" content=\"3M\u2122 EMS Full Range Markers provide an accurate, convenient, long lasting method of marking underground facilities.Full Range markers are ideally suited for marking the location of utilities buried at a deep distance. Passive full range markers will provide accurate identification of buried power lines, helping to reduce the risk of accidentally excavating other buried facilities. All markers function without the need for an external power source. Their water resistant polyetheline shells are impervious to minerals, chemicals and the temperature extremes normally found underground. An iD version is available which allows for the storage of customer specific information about the underground asset.\" \/>\n<meta property=\"og:url\" content=\"https:\/\/equipmentcontrols.com\/es\/producto\/3m-full-range-marker-1254-2\/\" \/>\n<meta property=\"og:site_name\" content=\"ECCO\" \/>\n<meta property=\"article:modified_time\" content=\"2020-05-01T02:53:58+00:00\" \/>\n<meta property=\"og:image\" content=\"https:\/\/equipmentcontrols.com\/wp-content\/uploads\/2020\/05\/3M20Full-Range20Marker20125420EMS20920ft20Extended20Range20Gas.jpg\" \/>\n\t<meta property=\"og:image:width\" content=\"860\" \/>\n\t<meta property=\"og:image:height\" content=\"860\" \/>\n\t<meta property=\"og:image:type\" content=\"image\/jpeg\" \/>\n<meta name=\"twitter:card\" content=\"summary_large_image\" \/>\n<meta name=\"twitter:label1\" content=\"Tiempo de lectura\" \/>\n\t<meta name=\"twitter:data1\" content=\"1 minuto\" \/>\n<script type=\"application\/ld+json\" class=\"yoast-schema-graph\">{\"@context\":\"https:\\\/\\\/schema.org\",\"@graph\":[{\"@type\":\"WebPage\",\"@id\":\"https:\\\/\\\/equipmentcontrols.com\\\/product\\\/3m-full-range-marker-1254-2\\\/\",\"url\":\"https:\\\/\\\/equipmentcontrols.com\\\/product\\\/3m-full-range-marker-1254-2\\\/\",\"name\":\"3M Full-Range Marker 1254 - ECCO\",\"isPartOf\":{\"@id\":\"https:\\\/\\\/equipmentcontrols.com\\\/#website\"},\"primaryImageOfPage\":{\"@id\":\"https:\\\/\\\/equipmentcontrols.com\\\/product\\\/3m-full-range-marker-1254-2\\\/#primaryimage\"},\"image\":{\"@id\":\"https:\\\/\\\/equipmentcontrols.com\\\/product\\\/3m-full-range-marker-1254-2\\\/#primaryimage\"},\"thumbnailUrl\":\"https:\\\/\\\/equipmentcontrols.com\\\/wp-content\\\/uploads\\\/2020\\\/05\\\/3M20Full-Range20Marker20125420EMS20920ft20Extended20Range20Gas.jpg\",\"datePublished\":\"2020-05-01T01:38:14+00:00\",\"dateModified\":\"2020-05-01T02:53:58+00:00\",\"description\":\"3M\u2122 EMS Full Range Markers provide an accurate, convenient, long lasting method of marking underground facilities.Full Range markers are ideally suited for marking the location of utilities buried at a deep distance. Passive full range markers will provide accurate identification of buried power lines, helping to reduce the risk of accidentally excavating other buried facilities. All markers function without the need for an external power source. Their water resistant polyetheline shells are impervious to minerals, chemicals and the temperature extremes normally found underground. An iD version is available which allows for the storage of customer specific information about the underground asset.\",\"breadcrumb\":{\"@id\":\"https:\\\/\\\/equipmentcontrols.com\\\/product\\\/3m-full-range-marker-1254-2\\\/#breadcrumb\"},\"inLanguage\":\"es\",\"potentialAction\":[{\"@type\":\"ReadAction\",\"target\":[\"https:\\\/\\\/equipmentcontrols.com\\\/product\\\/3m-full-range-marker-1254-2\\\/\"]}]},{\"@type\":\"ImageObject\",\"inLanguage\":\"es\",\"@id\":\"https:\\\/\\\/equipmentcontrols.com\\\/product\\\/3m-full-range-marker-1254-2\\\/#primaryimage\",\"url\":\"https:\\\/\\\/equipmentcontrols.com\\\/wp-content\\\/uploads\\\/2020\\\/05\\\/3M20Full-Range20Marker20125420EMS20920ft20Extended20Range20Gas.jpg\",\"contentUrl\":\"https:\\\/\\\/equipmentcontrols.com\\\/wp-content\\\/uploads\\\/2020\\\/05\\\/3M20Full-Range20Marker20125420EMS20920ft20Extended20Range20Gas.jpg\",\"width\":860,\"height\":860,\"caption\":\"3M20Full-Range20Marker20125420EMS20920ft20Extended20Range20Gas.jpg\"},{\"@type\":\"BreadcrumbList\",\"@id\":\"https:\\\/\\\/equipmentcontrols.com\\\/product\\\/3m-full-range-marker-1254-2\\\/#breadcrumb\",\"itemListElement\":[{\"@type\":\"ListItem\",\"position\":1,\"name\":\"Home\",\"item\":\"https:\\\/\\\/equipmentcontrols.com\\\/\"},{\"@type\":\"ListItem\",\"position\":2,\"name\":\"Shop\",\"item\":\"https:\\\/\\\/equipmentcontrols.com\\\/shop\\\/\"},{\"@type\":\"ListItem\",\"position\":3,\"name\":\"3M Full-Range Marker 1254\"}]},{\"@type\":\"WebSite\",\"@id\":\"https:\\\/\\\/equipmentcontrols.com\\\/#website\",\"url\":\"https:\\\/\\\/equipmentcontrols.com\\\/\",\"name\":\"ECCO\",\"description\":\"Equipment Controls Company\",\"potentialAction\":[{\"@type\":\"SearchAction\",\"target\":{\"@type\":\"EntryPoint\",\"urlTemplate\":\"https:\\\/\\\/equipmentcontrols.com\\\/?s={search_term_string}\"},\"query-input\":{\"@type\":\"PropertyValueSpecification\",\"valueRequired\":true,\"valueName\":\"search_term_string\"}}],\"inLanguage\":\"es\"}]}<\/script>\n<!-- \/ Yoast SEO Premium plugin. -->","yoast_head_json":{"title":"3M Full-Range Marker 1254 - ECCO","description":"3M\u2122 EMS Full Range Markers provide an accurate, convenient, long lasting method of marking underground facilities.Full Range markers are ideally suited for marking the location of utilities buried at a deep distance. Passive full range markers will provide accurate identification of buried power lines, helping to reduce the risk of accidentally excavating other buried facilities. All markers function without the need for an external power source. Their water resistant polyetheline shells are impervious to minerals, chemicals and the temperature extremes normally found underground. An iD version is available which allows for the storage of customer specific information about the underground asset.","robots":{"index":"index","follow":"follow","max-snippet":"max-snippet:-1","max-image-preview":"max-image-preview:large","max-video-preview":"max-video-preview:-1"},"canonical":"https:\/\/equipmentcontrols.com\/es\/producto\/3m-full-range-marker-1254-2\/","og_locale":"es_MX","og_type":"article","og_title":"3M Full-Range Marker 1254","og_description":"3M\u2122 EMS Full Range Markers provide an accurate, convenient, long lasting method of marking underground facilities.Full Range markers are ideally suited for marking the location of utilities buried at a deep distance. Passive full range markers will provide accurate identification of buried power lines, helping to reduce the risk of accidentally excavating other buried facilities. All markers function without the need for an external power source. Their water resistant polyetheline shells are impervious to minerals, chemicals and the temperature extremes normally found underground. An iD version is available which allows for the storage of customer specific information about the underground asset.","og_url":"https:\/\/equipmentcontrols.com\/es\/producto\/3m-full-range-marker-1254-2\/","og_site_name":"ECCO","article_modified_time":"2020-05-01T02:53:58+00:00","og_image":[{"width":860,"height":860,"url":"https:\/\/equipmentcontrols.com\/wp-content\/uploads\/2020\/05\/3M20Full-Range20Marker20125420EMS20920ft20Extended20Range20Gas.jpg","type":"image\/jpeg"}],"twitter_card":"summary_large_image","twitter_misc":{"Tiempo de lectura":"1 minuto"},"schema":{"@context":"https:\/\/schema.org","@graph":[{"@type":"WebPage","@id":"https:\/\/equipmentcontrols.com\/product\/3m-full-range-marker-1254-2\/","url":"https:\/\/equipmentcontrols.com\/product\/3m-full-range-marker-1254-2\/","name":"3M Full-Range Marker 1254 - ECCO","isPartOf":{"@id":"https:\/\/equipmentcontrols.com\/#website"},"primaryImageOfPage":{"@id":"https:\/\/equipmentcontrols.com\/product\/3m-full-range-marker-1254-2\/#primaryimage"},"image":{"@id":"https:\/\/equipmentcontrols.com\/product\/3m-full-range-marker-1254-2\/#primaryimage"},"thumbnailUrl":"https:\/\/equipmentcontrols.com\/wp-content\/uploads\/2020\/05\/3M20Full-Range20Marker20125420EMS20920ft20Extended20Range20Gas.jpg","datePublished":"2020-05-01T01:38:14+00:00","dateModified":"2020-05-01T02:53:58+00:00","description":"3M\u2122 EMS Full Range Markers provide an accurate, convenient, long lasting method of marking underground facilities.Full Range markers are ideally suited for marking the location of utilities buried at a deep distance. Passive full range markers will provide accurate identification of buried power lines, helping to reduce the risk of accidentally excavating other buried facilities. All markers function without the need for an external power source. Their water resistant polyetheline shells are impervious to minerals, chemicals and the temperature extremes normally found underground. An iD version is available which allows for the storage of customer specific information about the underground asset.","breadcrumb":{"@id":"https:\/\/equipmentcontrols.com\/product\/3m-full-range-marker-1254-2\/#breadcrumb"},"inLanguage":"es","potentialAction":[{"@type":"ReadAction","target":["https:\/\/equipmentcontrols.com\/product\/3m-full-range-marker-1254-2\/"]}]},{"@type":"ImageObject","inLanguage":"es","@id":"https:\/\/equipmentcontrols.com\/product\/3m-full-range-marker-1254-2\/#primaryimage","url":"https:\/\/equipmentcontrols.com\/wp-content\/uploads\/2020\/05\/3M20Full-Range20Marker20125420EMS20920ft20Extended20Range20Gas.jpg","contentUrl":"https:\/\/equipmentcontrols.com\/wp-content\/uploads\/2020\/05\/3M20Full-Range20Marker20125420EMS20920ft20Extended20Range20Gas.jpg","width":860,"height":860,"caption":"3M20Full-Range20Marker20125420EMS20920ft20Extended20Range20Gas.jpg"},{"@type":"BreadcrumbList","@id":"https:\/\/equipmentcontrols.com\/product\/3m-full-range-marker-1254-2\/#breadcrumb","itemListElement":[{"@type":"ListItem","position":1,"name":"Home","item":"https:\/\/equipmentcontrols.com\/"},{"@type":"ListItem","position":2,"name":"Shop","item":"https:\/\/equipmentcontrols.com\/shop\/"},{"@type":"ListItem","position":3,"name":"3M Full-Range Marker 1254"}]},{"@type":"WebSite","@id":"https:\/\/equipmentcontrols.com\/#website","url":"https:\/\/equipmentcontrols.com\/","name":"ECCO","description":"Empresa de Control de Equipos","potentialAction":[{"@type":"SearchAction","target":{"@type":"EntryPoint","urlTemplate":"https:\/\/equipmentcontrols.com\/?s={search_term_string}"},"query-input":{"@type":"PropertyValueSpecification","valueRequired":true,"valueName":"search_term_string"}}],"inLanguage":"es"}]}},"_links":{"self":[{"href":"https:\/\/equipmentcontrols.com\/es\/wp-json\/wp\/v2\/product\/948","targetHints":{"allow":["GET"]}}],"collection":[{"href":"https:\/\/equipmentcontrols.com\/es\/wp-json\/wp\/v2\/product"}],"about":[{"href":"https:\/\/equipmentcontrols.com\/es\/wp-json\/wp\/v2\/types\/product"}],"wp:featuredmedia":[{"embeddable":true,"href":"https:\/\/equipmentcontrols.com\/es\/wp-json\/wp\/v2\/media\/928"}],"wp:attachment":[{"href":"https:\/\/equipmentcontrols.com\/es\/wp-json\/wp\/v2\/media?parent=948"}],"wp:term":[{"taxonomy":"product_brand","embeddable":true,"href":"https:\/\/equipmentcontrols.com\/es\/wp-json\/wp\/v2\/product_brand?post=948"},{"taxonomy":"product_cat","embeddable":true,"href":"https:\/\/equipmentcontrols.com\/es\/wp-json\/wp\/v2\/product_cat?post=948"},{"taxonomy":"product_tag","embeddable":true,"href":"https:\/\/equipmentcontrols.com\/es\/wp-json\/wp\/v2\/product_tag?post=948"}],"curies":[{"name":"wp","href":"https:\/\/api.w.org\/{rel}","templated":true}]}}