{"id":947,"date":"2020-05-01T01:38:14","date_gmt":"2020-05-01T01:38:14","guid":{"rendered":"https:\/\/econtrols.stagemysite.com\/product\/3m-ball-marker-1405-xr\/"},"modified":"2020-05-01T02:59:46","modified_gmt":"2020-05-01T02:59:46","slug":"3m-ball-marker-1405-xr","status":"publish","type":"product","link":"https:\/\/equipmentcontrols.com\/es\/producto\/3m-ball-marker-1405-xr\/","title":{"rendered":"Marcador de bola 3M\u2122 1405-XR"},"content":{"rendered":"<p><strong>3M\u2122 Ball Marker 1405-XR, EMS, alcance extendido de 6 pies, gasolina<\/strong><\/p>\n<p>\u2022 Dise\u00f1o autonivelante para un posicionamiento horizontal y preciso<br \/>\n\u2022 Ofrece un f\u00e1cil marcado de l\u00edneas el\u00e9ctricas enterradas<br \/>\n\u2022 Antena pasiva encerrada en una carcasa de polietileno resistente al agua<br \/>\n\u2022 Resiste un rango de temperatura de -4 a 122 \u00b0F (-20 a 50 \u00b0C)<\/p>\n<p>Aplicaci\u00f3n\/Industria: Gas<br \/>\nMarca: 3M\u2122<br \/>\nFamilia de colores: amarillo<br \/>\nProfundidad del marcador: 6 pies (1,8 m)<br \/>\nDimensi\u00f3n del marcador (pulgadas): 4 pulgadas de di\u00e1metro<br \/>\nCapacidad de b\u00fasqueda de marcadores: S\u00ed<br \/>\nFunci\u00f3n de marcador: Pasivo<br \/>\nTipo de marcador: Bola<br \/>\nN\u00famero de frecuencias: N\/A<br \/>\nDi\u00e1metro total (imperial): 4 pulgadas<br \/>\nDi\u00e1metro total (m\u00e9trico): 10,16 cm, 10,16 cm<br \/>\nAltura total (m\u00e9trica): 10,4 cm, 10,4 cm<br \/>\nColor del producto: amarillo.<br \/>\nRango: 0 a 5 pies lineales<br \/>\nCumple con RoHS 2011\/65\/EU: Indeterminado<br \/>\nRoHS EU Comentarios: Comun\u00edquese con 3M para obtener informaci\u00f3n<br \/>\n*Informaci\u00f3n importante sobre RoHS<br \/>\nSoluci\u00f3n para: Red de acceso: FTTH\/FTTB\/CATV, Red de acceso: xDSL, Long-haul\/Metro Loop<br \/>\nRed: Exterior, Red inal\u00e1mbrica: Backhaul<br \/>\nTDS requerido: S\u00ed<br \/>\nSalida del transmisor: N\/A<\/p>\n<p><strong>Detalles<\/strong><br \/>\n\u2022 Dise\u00f1o autonivelante para un posicionamiento horizontal y preciso<br \/>\n\u2022 Ofrece un f\u00e1cil marcado de l\u00edneas el\u00e9ctricas enterradas<br \/>\n\u2022 Antena pasiva encerrada en una carcasa de polietileno resistente al agua<br \/>\n\u2022 Resiste un rango de temperatura de -4 a 122 \u00b0F (-20 a 50 \u00b0C)<br \/>\n\u2022 Funciona sin ninguna fuente de alimentaci\u00f3n externa<br \/>\n\u2022 Funciona sin ninguna fuente de alimentaci\u00f3n externa<\/p>\n<p>El marcador de bola de rango extendido 3M\u2122 EMS est\u00e1 especialmente dise\u00f1ado para ubicar instalaciones empotradas que est\u00e1n cubiertas por relleno. Se fija en la parte inferior de tapas o cubiertas no met\u00e1licas sobre instalaciones empotradas. Este marcador de autoalineaci\u00f3n ofrece una identificaci\u00f3n positiva de las instalaciones.<\/p>\n<p>El marcador de bola de rango extendido EMS de 3M\u2122 ofrece una forma efectiva de marcar l\u00edneas de instalaciones subterr\u00e1neas. Resiste un rango de temperatura de 4 a 122 \u00b0F (20 a 50 \u00b0C). Este marcador subterr\u00e1neo pasivo con una cubierta de polietileno resistente al agua no reacciona con ning\u00fan qu\u00edmico o mineral. Este marcador de bolas funciona eficazmente sin necesidad de ninguna fuente de alimentaci\u00f3n externa.<\/p>\n<p><strong>Aplicaciones sugeridas: Industria del gas<\/strong><\/p>\n<p><a href=\"https:\/\/equipmentcontrols.com\/wp-content\/uploads\/2020\/04\/EMS-Ball-Marker-DS-7527758.pdf\">Descargas:<\/a><br \/>\nHoja de datos del marcador de bola EMS<br \/>\n<a href=\"https:\/\/equipmentcontrols.com\/wp-content\/uploads\/2020\/04\/78-8128-0476-9.pdf\">Instrucciones de instalaci\u00f3n<\/a><\/p>","protected":false},"excerpt":{"rendered":"<p>3M\u2122 Ball Marker 1405-XR, EMS 6 ft Extended Range, Gas \u2022\u00a0Self-leveling design for precise and horizontal positioning \u2022\u00a0Offers easy marking of buried power lines \u2022\u00a0Passive antenna encased in water-resistant polyethylene shell \u2022\u00a0Withstands a temperature range of -4 to 122 \u00b0F (-20 to 50 \u00b0C) Application\/Industry: Gas Brand: 3M\u2122 Color Family: Yellow Marker Depth: 6 feet [&hellip;]<\/p>\n","protected":false},"featured_media":946,"template":"","meta":[],"product_brand":[],"product_cat":[54,25],"product_tag":[],"class_list":{"0":"post-947","1":"product","2":"type-product","3":"status-publish","4":"has-post-thumbnail","6":"product_cat-3m","7":"product_cat-utility-locators-marking-systems","9":"first","10":"instock","11":"shipping-taxable","12":"product-type-simple"},"yoast_head":"<!-- This site is optimized with the Yoast SEO Premium plugin v23.9 (Yoast SEO v27.3) - https:\/\/yoast.com\/product\/yoast-seo-premium-wordpress\/ -->\n<title>3M\u2122 Ball Marker 1405-XR - ECCO<\/title>\n<meta name=\"description\" content=\"3M\u2122 EMS Extended Range Ball Marker is specially designed for locating flush mounted facilities that are covered by backfill. It is affixed to the underside of non metallic lids or covers over flush mounted facilities. This self align marker offers positive identification of facilities.3M\u2122 EMS Extended Range Ball Marker provides an effective way of marking underground facility lines. It withstands a temperature range of 4 to 122 \u00b0F ( 20 to 50 \u00b0C). This passive underground marker with a water resistant polyethylene shell does not react with any chemicals or minerals. This ball marker effectively operates without the need for any external power source.\" \/>\n<meta name=\"robots\" content=\"index, follow, max-snippet:-1, max-image-preview:large, max-video-preview:-1\" \/>\n<link rel=\"canonical\" href=\"https:\/\/equipmentcontrols.com\/es\/producto\/3m-ball-marker-1405-xr\/\" \/>\n<meta property=\"og:locale\" content=\"es_MX\" \/>\n<meta property=\"og:type\" content=\"article\" \/>\n<meta property=\"og:title\" content=\"3M\u2122 Ball Marker 1405-XR\" \/>\n<meta property=\"og:description\" content=\"3M\u2122 EMS Extended Range Ball Marker is specially designed for locating flush mounted facilities that are covered by backfill. It is affixed to the underside of non metallic lids or covers over flush mounted facilities. This self align marker offers positive identification of facilities.3M\u2122 EMS Extended Range Ball Marker provides an effective way of marking underground facility lines. It withstands a temperature range of 4 to 122 \u00b0F ( 20 to 50 \u00b0C). This passive underground marker with a water resistant polyethylene shell does not react with any chemicals or minerals. This ball marker effectively operates without the need for any external power source.\" \/>\n<meta property=\"og:url\" content=\"https:\/\/equipmentcontrols.com\/es\/producto\/3m-ball-marker-1405-xr\/\" \/>\n<meta property=\"og:site_name\" content=\"ECCO\" \/>\n<meta property=\"article:modified_time\" content=\"2020-05-01T02:59:46+00:00\" \/>\n<meta property=\"og:image\" content=\"https:\/\/equipmentcontrols.com\/wp-content\/uploads\/2020\/05\/3M20Ball20Marker201405-XR-EMS20620ft20Extended20Range-Gas.jpg\" \/>\n\t<meta property=\"og:image:width\" content=\"860\" \/>\n\t<meta property=\"og:image:height\" content=\"860\" \/>\n\t<meta property=\"og:image:type\" content=\"image\/jpeg\" \/>\n<meta name=\"twitter:card\" content=\"summary_large_image\" \/>\n<meta name=\"twitter:label1\" content=\"Tiempo de lectura\" \/>\n\t<meta name=\"twitter:data1\" content=\"1 minuto\" \/>\n<script type=\"application\/ld+json\" class=\"yoast-schema-graph\">{\"@context\":\"https:\\\/\\\/schema.org\",\"@graph\":[{\"@type\":\"WebPage\",\"@id\":\"https:\\\/\\\/equipmentcontrols.com\\\/product\\\/3m-ball-marker-1405-xr\\\/\",\"url\":\"https:\\\/\\\/equipmentcontrols.com\\\/product\\\/3m-ball-marker-1405-xr\\\/\",\"name\":\"3M\u2122 Ball Marker 1405-XR - ECCO\",\"isPartOf\":{\"@id\":\"https:\\\/\\\/equipmentcontrols.com\\\/#website\"},\"primaryImageOfPage\":{\"@id\":\"https:\\\/\\\/equipmentcontrols.com\\\/product\\\/3m-ball-marker-1405-xr\\\/#primaryimage\"},\"image\":{\"@id\":\"https:\\\/\\\/equipmentcontrols.com\\\/product\\\/3m-ball-marker-1405-xr\\\/#primaryimage\"},\"thumbnailUrl\":\"https:\\\/\\\/equipmentcontrols.com\\\/wp-content\\\/uploads\\\/2020\\\/05\\\/3M20Ball20Marker201405-XR-EMS20620ft20Extended20Range-Gas.jpg\",\"datePublished\":\"2020-05-01T01:38:14+00:00\",\"dateModified\":\"2020-05-01T02:59:46+00:00\",\"description\":\"3M\u2122 EMS Extended Range Ball Marker is specially designed for locating flush mounted facilities that are covered by backfill. It is affixed to the underside of non metallic lids or covers over flush mounted facilities. This self align marker offers positive identification of facilities.3M\u2122 EMS Extended Range Ball Marker provides an effective way of marking underground facility lines. It withstands a temperature range of 4 to 122 \u00b0F ( 20 to 50 \u00b0C). This passive underground marker with a water resistant polyethylene shell does not react with any chemicals or minerals. This ball marker effectively operates without the need for any external power source.\",\"breadcrumb\":{\"@id\":\"https:\\\/\\\/equipmentcontrols.com\\\/product\\\/3m-ball-marker-1405-xr\\\/#breadcrumb\"},\"inLanguage\":\"es\",\"potentialAction\":[{\"@type\":\"ReadAction\",\"target\":[\"https:\\\/\\\/equipmentcontrols.com\\\/product\\\/3m-ball-marker-1405-xr\\\/\"]}]},{\"@type\":\"ImageObject\",\"inLanguage\":\"es\",\"@id\":\"https:\\\/\\\/equipmentcontrols.com\\\/product\\\/3m-ball-marker-1405-xr\\\/#primaryimage\",\"url\":\"https:\\\/\\\/equipmentcontrols.com\\\/wp-content\\\/uploads\\\/2020\\\/05\\\/3M20Ball20Marker201405-XR-EMS20620ft20Extended20Range-Gas.jpg\",\"contentUrl\":\"https:\\\/\\\/equipmentcontrols.com\\\/wp-content\\\/uploads\\\/2020\\\/05\\\/3M20Ball20Marker201405-XR-EMS20620ft20Extended20Range-Gas.jpg\",\"width\":860,\"height\":860,\"caption\":\"3M20Ball20Marker201405-XR-EMS20620ft20Extended20Range-Gas.jpg\"},{\"@type\":\"BreadcrumbList\",\"@id\":\"https:\\\/\\\/equipmentcontrols.com\\\/product\\\/3m-ball-marker-1405-xr\\\/#breadcrumb\",\"itemListElement\":[{\"@type\":\"ListItem\",\"position\":1,\"name\":\"Home\",\"item\":\"https:\\\/\\\/equipmentcontrols.com\\\/\"},{\"@type\":\"ListItem\",\"position\":2,\"name\":\"Shop\",\"item\":\"https:\\\/\\\/equipmentcontrols.com\\\/shop\\\/\"},{\"@type\":\"ListItem\",\"position\":3,\"name\":\"3M\u2122 Ball Marker 1405-XR\"}]},{\"@type\":\"WebSite\",\"@id\":\"https:\\\/\\\/equipmentcontrols.com\\\/#website\",\"url\":\"https:\\\/\\\/equipmentcontrols.com\\\/\",\"name\":\"ECCO\",\"description\":\"Equipment Controls Company\",\"potentialAction\":[{\"@type\":\"SearchAction\",\"target\":{\"@type\":\"EntryPoint\",\"urlTemplate\":\"https:\\\/\\\/equipmentcontrols.com\\\/?s={search_term_string}\"},\"query-input\":{\"@type\":\"PropertyValueSpecification\",\"valueRequired\":true,\"valueName\":\"search_term_string\"}}],\"inLanguage\":\"es\"}]}<\/script>\n<!-- \/ Yoast SEO Premium plugin. -->","yoast_head_json":{"title":"3M\u2122 Ball Marker 1405-XR - ECCO","description":"3M\u2122 EMS Extended Range Ball Marker is specially designed for locating flush mounted facilities that are covered by backfill. It is affixed to the underside of non metallic lids or covers over flush mounted facilities. This self align marker offers positive identification of facilities.3M\u2122 EMS Extended Range Ball Marker provides an effective way of marking underground facility lines. It withstands a temperature range of 4 to 122 \u00b0F ( 20 to 50 \u00b0C). This passive underground marker with a water resistant polyethylene shell does not react with any chemicals or minerals. This ball marker effectively operates without the need for any external power source.","robots":{"index":"index","follow":"follow","max-snippet":"max-snippet:-1","max-image-preview":"max-image-preview:large","max-video-preview":"max-video-preview:-1"},"canonical":"https:\/\/equipmentcontrols.com\/es\/producto\/3m-ball-marker-1405-xr\/","og_locale":"es_MX","og_type":"article","og_title":"3M\u2122 Ball Marker 1405-XR","og_description":"3M\u2122 EMS Extended Range Ball Marker is specially designed for locating flush mounted facilities that are covered by backfill. It is affixed to the underside of non metallic lids or covers over flush mounted facilities. This self align marker offers positive identification of facilities.3M\u2122 EMS Extended Range Ball Marker provides an effective way of marking underground facility lines. It withstands a temperature range of 4 to 122 \u00b0F ( 20 to 50 \u00b0C). This passive underground marker with a water resistant polyethylene shell does not react with any chemicals or minerals. This ball marker effectively operates without the need for any external power source.","og_url":"https:\/\/equipmentcontrols.com\/es\/producto\/3m-ball-marker-1405-xr\/","og_site_name":"ECCO","article_modified_time":"2020-05-01T02:59:46+00:00","og_image":[{"width":860,"height":860,"url":"https:\/\/equipmentcontrols.com\/wp-content\/uploads\/2020\/05\/3M20Ball20Marker201405-XR-EMS20620ft20Extended20Range-Gas.jpg","type":"image\/jpeg"}],"twitter_card":"summary_large_image","twitter_misc":{"Tiempo de lectura":"1 minuto"},"schema":{"@context":"https:\/\/schema.org","@graph":[{"@type":"WebPage","@id":"https:\/\/equipmentcontrols.com\/product\/3m-ball-marker-1405-xr\/","url":"https:\/\/equipmentcontrols.com\/product\/3m-ball-marker-1405-xr\/","name":"3M\u2122 Ball Marker 1405-XR - ECCO","isPartOf":{"@id":"https:\/\/equipmentcontrols.com\/#website"},"primaryImageOfPage":{"@id":"https:\/\/equipmentcontrols.com\/product\/3m-ball-marker-1405-xr\/#primaryimage"},"image":{"@id":"https:\/\/equipmentcontrols.com\/product\/3m-ball-marker-1405-xr\/#primaryimage"},"thumbnailUrl":"https:\/\/equipmentcontrols.com\/wp-content\/uploads\/2020\/05\/3M20Ball20Marker201405-XR-EMS20620ft20Extended20Range-Gas.jpg","datePublished":"2020-05-01T01:38:14+00:00","dateModified":"2020-05-01T02:59:46+00:00","description":"3M\u2122 EMS Extended Range Ball Marker is specially designed for locating flush mounted facilities that are covered by backfill. It is affixed to the underside of non metallic lids or covers over flush mounted facilities. This self align marker offers positive identification of facilities.3M\u2122 EMS Extended Range Ball Marker provides an effective way of marking underground facility lines. It withstands a temperature range of 4 to 122 \u00b0F ( 20 to 50 \u00b0C). This passive underground marker with a water resistant polyethylene shell does not react with any chemicals or minerals. This ball marker effectively operates without the need for any external power source.","breadcrumb":{"@id":"https:\/\/equipmentcontrols.com\/product\/3m-ball-marker-1405-xr\/#breadcrumb"},"inLanguage":"es","potentialAction":[{"@type":"ReadAction","target":["https:\/\/equipmentcontrols.com\/product\/3m-ball-marker-1405-xr\/"]}]},{"@type":"ImageObject","inLanguage":"es","@id":"https:\/\/equipmentcontrols.com\/product\/3m-ball-marker-1405-xr\/#primaryimage","url":"https:\/\/equipmentcontrols.com\/wp-content\/uploads\/2020\/05\/3M20Ball20Marker201405-XR-EMS20620ft20Extended20Range-Gas.jpg","contentUrl":"https:\/\/equipmentcontrols.com\/wp-content\/uploads\/2020\/05\/3M20Ball20Marker201405-XR-EMS20620ft20Extended20Range-Gas.jpg","width":860,"height":860,"caption":"3M20Ball20Marker201405-XR-EMS20620ft20Extended20Range-Gas.jpg"},{"@type":"BreadcrumbList","@id":"https:\/\/equipmentcontrols.com\/product\/3m-ball-marker-1405-xr\/#breadcrumb","itemListElement":[{"@type":"ListItem","position":1,"name":"Home","item":"https:\/\/equipmentcontrols.com\/"},{"@type":"ListItem","position":2,"name":"Shop","item":"https:\/\/equipmentcontrols.com\/shop\/"},{"@type":"ListItem","position":3,"name":"3M\u2122 Ball Marker 1405-XR"}]},{"@type":"WebSite","@id":"https:\/\/equipmentcontrols.com\/#website","url":"https:\/\/equipmentcontrols.com\/","name":"ECCO","description":"Empresa de Control de Equipos","potentialAction":[{"@type":"SearchAction","target":{"@type":"EntryPoint","urlTemplate":"https:\/\/equipmentcontrols.com\/?s={search_term_string}"},"query-input":{"@type":"PropertyValueSpecification","valueRequired":true,"valueName":"search_term_string"}}],"inLanguage":"es"}]}},"_links":{"self":[{"href":"https:\/\/equipmentcontrols.com\/es\/wp-json\/wp\/v2\/product\/947","targetHints":{"allow":["GET"]}}],"collection":[{"href":"https:\/\/equipmentcontrols.com\/es\/wp-json\/wp\/v2\/product"}],"about":[{"href":"https:\/\/equipmentcontrols.com\/es\/wp-json\/wp\/v2\/types\/product"}],"wp:featuredmedia":[{"embeddable":true,"href":"https:\/\/equipmentcontrols.com\/es\/wp-json\/wp\/v2\/media\/946"}],"wp:attachment":[{"href":"https:\/\/equipmentcontrols.com\/es\/wp-json\/wp\/v2\/media?parent=947"}],"wp:term":[{"taxonomy":"product_brand","embeddable":true,"href":"https:\/\/equipmentcontrols.com\/es\/wp-json\/wp\/v2\/product_brand?post=947"},{"taxonomy":"product_cat","embeddable":true,"href":"https:\/\/equipmentcontrols.com\/es\/wp-json\/wp\/v2\/product_cat?post=947"},{"taxonomy":"product_tag","embeddable":true,"href":"https:\/\/equipmentcontrols.com\/es\/wp-json\/wp\/v2\/product_tag?post=947"}],"curies":[{"name":"wp","href":"https:\/\/api.w.org\/{rel}","templated":true}]}}