{"id":945,"date":"2020-05-01T01:38:13","date_gmt":"2020-05-01T01:38:13","guid":{"rendered":"https:\/\/econtrols.stagemysite.com\/product\/3m-disk-marker-1415-xr\/"},"modified":"2020-05-01T03:12:36","modified_gmt":"2020-05-01T03:12:36","slug":"3m-disk-marker-1415-xr","status":"publish","type":"product","link":"https:\/\/equipmentcontrols.com\/es\/producto\/3m-disk-marker-1415-xr\/","title":{"rendered":"Marcador de disco 3M 1415-XR"},"content":{"rendered":"<p><strong>Marcador de disco 3M 1415-XR, rango de 5 pies, gas, no para entierro directo, 210\/caja<\/strong><\/p>\n<p><strong>Detalles<\/strong><\/p>\n<p>Localiza instalaciones empotradas que han quedado cubiertas por relleno<br \/>\nOfrece un f\u00e1cil marcado de l\u00edneas enterradas<br \/>\nAntena pasiva recubierta de una carcasa de polietileno naranja resistente al agua<br \/>\nResiste un rango de temperatura de -4 a 122 \u00b0F (-20 a 50 \u00b0C)<br \/>\nFunciona sin ninguna fuente de alimentaci\u00f3n externa<br \/>\nFunciona sin ninguna fuente de alimentaci\u00f3n externa<\/p>\n<p>Los marcadores de disco de 5&#039; de rango extendido de 3M\u2122 no son para aplicaciones directamente enterradas y brindan un m\u00e9todo f\u00e1cil y preciso para ubicar instalaciones empotradas que quedan cubiertas por relleno u otras obstrucciones, como nieve o vegetaci\u00f3n.<\/p>\n<p>El marcador de disco de 3M\u2122 proporciona un m\u00e9todo f\u00e1cil y preciso para ubicar con precisi\u00f3n las instalaciones empotradas que quedan cubiertas por el relleno. El marcador de disco de cuatro pulgadas se sujeta f\u00e1cilmente a la parte inferior de tapas o cubiertas no met\u00e1licas sobre instalaciones montadas al ras, como pozos de mano, bocas de inspecci\u00f3n y otros recintos a nivel de grado durante la construcci\u00f3n y el mantenimiento. Los marcadores de disco no est\u00e1n destinados al entierro directo.<\/p>\n<p><strong>Aplicaciones sugeridas<\/strong><br \/>\n\u2022 Industria del Gas<\/p>\n<p><strong>Descargas:<\/strong><br \/>\n<a href=\"https:\/\/equipmentcontrols.com\/wp-content\/uploads\/2020\/04\/GasFacilitiesMarkingRecomm.pdf\">Recomendaciones de marcaje de instalaciones de gas<\/a><br \/>\n<a href=\"https:\/\/equipmentcontrols.com\/wp-content\/uploads\/2020\/04\/Disk_Marker_Bro_LO.pdf\">Folleto de marcador de disco<\/a><\/p>","protected":false},"excerpt":{"rendered":"<p>3M Disk Marker 1415-XR, 5 ft Range, Gas, Not for Direct Bury, 210\/Case Details Locates flush-mounted facilities which have become covered by backfill Offers easy marking of buried lines Passive antenna encased in orange water-resistant polyethylene shell Withstands a temperature range of -4 to 122 \u00b0F (-20 to 50 \u00b0C) Works without any external power [&hellip;]<\/p>\n","protected":false},"featured_media":944,"template":"","meta":[],"product_brand":[],"product_cat":[54,25],"product_tag":[],"class_list":{"0":"post-945","1":"product","2":"type-product","3":"status-publish","4":"has-post-thumbnail","6":"product_cat-3m","7":"product_cat-utility-locators-marking-systems","9":"first","10":"instock","11":"shipping-taxable","12":"product-type-simple"},"yoast_head":"<!-- This site is optimized with the Yoast SEO Premium plugin v23.9 (Yoast SEO v27.3) - https:\/\/yoast.com\/product\/yoast-seo-premium-wordpress\/ -->\n<title>3M Disk Marker 1415-XR - ECCO<\/title>\n<meta name=\"description\" content=\"3M\u2122 Extended Range 5&#039; Disk Markers are not for direct buried applications and provide an easy, accurate method of locating flush mounted facilities which become covered by backfill or other obstructions, such as snow or vegetation.The 3M\u2122 Disk Marker provides an easy and accurate method of precisely locating flush mounted facilities, which become covered by backfill. The four inch disk marker is easily fastened to the underside of non metallic lids or covers over flush mounted facilities, such as hand holes, manholes and other grade level enclosures during construction and maintenance. Disk Markers are not intended for direct burial.\" \/>\n<meta name=\"robots\" content=\"index, follow, max-snippet:-1, max-image-preview:large, max-video-preview:-1\" \/>\n<link rel=\"canonical\" href=\"https:\/\/equipmentcontrols.com\/es\/producto\/3m-disk-marker-1415-xr\/\" \/>\n<meta property=\"og:locale\" content=\"es_MX\" \/>\n<meta property=\"og:type\" content=\"article\" \/>\n<meta property=\"og:title\" content=\"3M Disk Marker 1415-XR\" \/>\n<meta property=\"og:description\" content=\"3M\u2122 Extended Range 5&#039; Disk Markers are not for direct buried applications and provide an easy, accurate method of locating flush mounted facilities which become covered by backfill or other obstructions, such as snow or vegetation.The 3M\u2122 Disk Marker provides an easy and accurate method of precisely locating flush mounted facilities, which become covered by backfill. The four inch disk marker is easily fastened to the underside of non metallic lids or covers over flush mounted facilities, such as hand holes, manholes and other grade level enclosures during construction and maintenance. Disk Markers are not intended for direct burial.\" \/>\n<meta property=\"og:url\" content=\"https:\/\/equipmentcontrols.com\/es\/producto\/3m-disk-marker-1415-xr\/\" \/>\n<meta property=\"og:site_name\" content=\"ECCO\" \/>\n<meta property=\"article:modified_time\" content=\"2020-05-01T03:12:36+00:00\" \/>\n<meta property=\"og:image\" content=\"https:\/\/equipmentcontrols.com\/wp-content\/uploads\/2020\/05\/3M20Disk20Marker201415-XR-520ft20Range-Gas-Not20for20Direct20Bury.jpg\" \/>\n\t<meta property=\"og:image:width\" content=\"860\" \/>\n\t<meta property=\"og:image:height\" content=\"860\" \/>\n\t<meta property=\"og:image:type\" content=\"image\/jpeg\" \/>\n<meta name=\"twitter:card\" content=\"summary_large_image\" \/>\n<meta name=\"twitter:label1\" content=\"Tiempo de lectura\" \/>\n\t<meta name=\"twitter:data1\" content=\"1 minuto\" \/>\n<script type=\"application\/ld+json\" class=\"yoast-schema-graph\">{\"@context\":\"https:\\\/\\\/schema.org\",\"@graph\":[{\"@type\":\"WebPage\",\"@id\":\"https:\\\/\\\/equipmentcontrols.com\\\/product\\\/3m-disk-marker-1415-xr\\\/\",\"url\":\"https:\\\/\\\/equipmentcontrols.com\\\/product\\\/3m-disk-marker-1415-xr\\\/\",\"name\":\"3M Disk Marker 1415-XR - ECCO\",\"isPartOf\":{\"@id\":\"https:\\\/\\\/equipmentcontrols.com\\\/#website\"},\"primaryImageOfPage\":{\"@id\":\"https:\\\/\\\/equipmentcontrols.com\\\/product\\\/3m-disk-marker-1415-xr\\\/#primaryimage\"},\"image\":{\"@id\":\"https:\\\/\\\/equipmentcontrols.com\\\/product\\\/3m-disk-marker-1415-xr\\\/#primaryimage\"},\"thumbnailUrl\":\"https:\\\/\\\/equipmentcontrols.com\\\/wp-content\\\/uploads\\\/2020\\\/05\\\/3M20Disk20Marker201415-XR-520ft20Range-Gas-Not20for20Direct20Bury.jpg\",\"datePublished\":\"2020-05-01T01:38:13+00:00\",\"dateModified\":\"2020-05-01T03:12:36+00:00\",\"description\":\"3M\u2122 Extended Range 5' Disk Markers are not for direct buried applications and provide an easy, accurate method of locating flush mounted facilities which become covered by backfill or other obstructions, such as snow or vegetation.The 3M\u2122 Disk Marker provides an easy and accurate method of precisely locating flush mounted facilities, which become covered by backfill. The four inch disk marker is easily fastened to the underside of non metallic lids or covers over flush mounted facilities, such as hand holes, manholes and other grade level enclosures during construction and maintenance. Disk Markers are not intended for direct burial.\",\"breadcrumb\":{\"@id\":\"https:\\\/\\\/equipmentcontrols.com\\\/product\\\/3m-disk-marker-1415-xr\\\/#breadcrumb\"},\"inLanguage\":\"es\",\"potentialAction\":[{\"@type\":\"ReadAction\",\"target\":[\"https:\\\/\\\/equipmentcontrols.com\\\/product\\\/3m-disk-marker-1415-xr\\\/\"]}]},{\"@type\":\"ImageObject\",\"inLanguage\":\"es\",\"@id\":\"https:\\\/\\\/equipmentcontrols.com\\\/product\\\/3m-disk-marker-1415-xr\\\/#primaryimage\",\"url\":\"https:\\\/\\\/equipmentcontrols.com\\\/wp-content\\\/uploads\\\/2020\\\/05\\\/3M20Disk20Marker201415-XR-520ft20Range-Gas-Not20for20Direct20Bury.jpg\",\"contentUrl\":\"https:\\\/\\\/equipmentcontrols.com\\\/wp-content\\\/uploads\\\/2020\\\/05\\\/3M20Disk20Marker201415-XR-520ft20Range-Gas-Not20for20Direct20Bury.jpg\",\"width\":860,\"height\":860,\"caption\":\"3M20Disk20Marker201415-XR-520ft20Range-Gas-Not20for20Direct20Bury.jpg\"},{\"@type\":\"BreadcrumbList\",\"@id\":\"https:\\\/\\\/equipmentcontrols.com\\\/product\\\/3m-disk-marker-1415-xr\\\/#breadcrumb\",\"itemListElement\":[{\"@type\":\"ListItem\",\"position\":1,\"name\":\"Home\",\"item\":\"https:\\\/\\\/equipmentcontrols.com\\\/\"},{\"@type\":\"ListItem\",\"position\":2,\"name\":\"Shop\",\"item\":\"https:\\\/\\\/equipmentcontrols.com\\\/shop\\\/\"},{\"@type\":\"ListItem\",\"position\":3,\"name\":\"3M Disk Marker 1415-XR\"}]},{\"@type\":\"WebSite\",\"@id\":\"https:\\\/\\\/equipmentcontrols.com\\\/#website\",\"url\":\"https:\\\/\\\/equipmentcontrols.com\\\/\",\"name\":\"ECCO\",\"description\":\"Equipment Controls Company\",\"potentialAction\":[{\"@type\":\"SearchAction\",\"target\":{\"@type\":\"EntryPoint\",\"urlTemplate\":\"https:\\\/\\\/equipmentcontrols.com\\\/?s={search_term_string}\"},\"query-input\":{\"@type\":\"PropertyValueSpecification\",\"valueRequired\":true,\"valueName\":\"search_term_string\"}}],\"inLanguage\":\"es\"}]}<\/script>\n<!-- \/ Yoast SEO Premium plugin. -->","yoast_head_json":{"title":"3M Disk Marker 1415-XR - ECCO","description":"3M\u2122 Extended Range 5' Disk Markers are not for direct buried applications and provide an easy, accurate method of locating flush mounted facilities which become covered by backfill or other obstructions, such as snow or vegetation.The 3M\u2122 Disk Marker provides an easy and accurate method of precisely locating flush mounted facilities, which become covered by backfill. The four inch disk marker is easily fastened to the underside of non metallic lids or covers over flush mounted facilities, such as hand holes, manholes and other grade level enclosures during construction and maintenance. Disk Markers are not intended for direct burial.","robots":{"index":"index","follow":"follow","max-snippet":"max-snippet:-1","max-image-preview":"max-image-preview:large","max-video-preview":"max-video-preview:-1"},"canonical":"https:\/\/equipmentcontrols.com\/es\/producto\/3m-disk-marker-1415-xr\/","og_locale":"es_MX","og_type":"article","og_title":"3M Disk Marker 1415-XR","og_description":"3M\u2122 Extended Range 5' Disk Markers are not for direct buried applications and provide an easy, accurate method of locating flush mounted facilities which become covered by backfill or other obstructions, such as snow or vegetation.The 3M\u2122 Disk Marker provides an easy and accurate method of precisely locating flush mounted facilities, which become covered by backfill. The four inch disk marker is easily fastened to the underside of non metallic lids or covers over flush mounted facilities, such as hand holes, manholes and other grade level enclosures during construction and maintenance. Disk Markers are not intended for direct burial.","og_url":"https:\/\/equipmentcontrols.com\/es\/producto\/3m-disk-marker-1415-xr\/","og_site_name":"ECCO","article_modified_time":"2020-05-01T03:12:36+00:00","og_image":[{"width":860,"height":860,"url":"https:\/\/equipmentcontrols.com\/wp-content\/uploads\/2020\/05\/3M20Disk20Marker201415-XR-520ft20Range-Gas-Not20for20Direct20Bury.jpg","type":"image\/jpeg"}],"twitter_card":"summary_large_image","twitter_misc":{"Tiempo de lectura":"1 minuto"},"schema":{"@context":"https:\/\/schema.org","@graph":[{"@type":"WebPage","@id":"https:\/\/equipmentcontrols.com\/product\/3m-disk-marker-1415-xr\/","url":"https:\/\/equipmentcontrols.com\/product\/3m-disk-marker-1415-xr\/","name":"3M Disk Marker 1415-XR - ECCO","isPartOf":{"@id":"https:\/\/equipmentcontrols.com\/#website"},"primaryImageOfPage":{"@id":"https:\/\/equipmentcontrols.com\/product\/3m-disk-marker-1415-xr\/#primaryimage"},"image":{"@id":"https:\/\/equipmentcontrols.com\/product\/3m-disk-marker-1415-xr\/#primaryimage"},"thumbnailUrl":"https:\/\/equipmentcontrols.com\/wp-content\/uploads\/2020\/05\/3M20Disk20Marker201415-XR-520ft20Range-Gas-Not20for20Direct20Bury.jpg","datePublished":"2020-05-01T01:38:13+00:00","dateModified":"2020-05-01T03:12:36+00:00","description":"3M\u2122 Extended Range 5' Disk Markers are not for direct buried applications and provide an easy, accurate method of locating flush mounted facilities which become covered by backfill or other obstructions, such as snow or vegetation.The 3M\u2122 Disk Marker provides an easy and accurate method of precisely locating flush mounted facilities, which become covered by backfill. The four inch disk marker is easily fastened to the underside of non metallic lids or covers over flush mounted facilities, such as hand holes, manholes and other grade level enclosures during construction and maintenance. Disk Markers are not intended for direct burial.","breadcrumb":{"@id":"https:\/\/equipmentcontrols.com\/product\/3m-disk-marker-1415-xr\/#breadcrumb"},"inLanguage":"es","potentialAction":[{"@type":"ReadAction","target":["https:\/\/equipmentcontrols.com\/product\/3m-disk-marker-1415-xr\/"]}]},{"@type":"ImageObject","inLanguage":"es","@id":"https:\/\/equipmentcontrols.com\/product\/3m-disk-marker-1415-xr\/#primaryimage","url":"https:\/\/equipmentcontrols.com\/wp-content\/uploads\/2020\/05\/3M20Disk20Marker201415-XR-520ft20Range-Gas-Not20for20Direct20Bury.jpg","contentUrl":"https:\/\/equipmentcontrols.com\/wp-content\/uploads\/2020\/05\/3M20Disk20Marker201415-XR-520ft20Range-Gas-Not20for20Direct20Bury.jpg","width":860,"height":860,"caption":"3M20Disk20Marker201415-XR-520ft20Range-Gas-Not20for20Direct20Bury.jpg"},{"@type":"BreadcrumbList","@id":"https:\/\/equipmentcontrols.com\/product\/3m-disk-marker-1415-xr\/#breadcrumb","itemListElement":[{"@type":"ListItem","position":1,"name":"Home","item":"https:\/\/equipmentcontrols.com\/"},{"@type":"ListItem","position":2,"name":"Shop","item":"https:\/\/equipmentcontrols.com\/shop\/"},{"@type":"ListItem","position":3,"name":"3M Disk Marker 1415-XR"}]},{"@type":"WebSite","@id":"https:\/\/equipmentcontrols.com\/#website","url":"https:\/\/equipmentcontrols.com\/","name":"ECCO","description":"Empresa de Control de Equipos","potentialAction":[{"@type":"SearchAction","target":{"@type":"EntryPoint","urlTemplate":"https:\/\/equipmentcontrols.com\/?s={search_term_string}"},"query-input":{"@type":"PropertyValueSpecification","valueRequired":true,"valueName":"search_term_string"}}],"inLanguage":"es"}]}},"_links":{"self":[{"href":"https:\/\/equipmentcontrols.com\/es\/wp-json\/wp\/v2\/product\/945","targetHints":{"allow":["GET"]}}],"collection":[{"href":"https:\/\/equipmentcontrols.com\/es\/wp-json\/wp\/v2\/product"}],"about":[{"href":"https:\/\/equipmentcontrols.com\/es\/wp-json\/wp\/v2\/types\/product"}],"wp:featuredmedia":[{"embeddable":true,"href":"https:\/\/equipmentcontrols.com\/es\/wp-json\/wp\/v2\/media\/944"}],"wp:attachment":[{"href":"https:\/\/equipmentcontrols.com\/es\/wp-json\/wp\/v2\/media?parent=945"}],"wp:term":[{"taxonomy":"product_brand","embeddable":true,"href":"https:\/\/equipmentcontrols.com\/es\/wp-json\/wp\/v2\/product_brand?post=945"},{"taxonomy":"product_cat","embeddable":true,"href":"https:\/\/equipmentcontrols.com\/es\/wp-json\/wp\/v2\/product_cat?post=945"},{"taxonomy":"product_tag","embeddable":true,"href":"https:\/\/equipmentcontrols.com\/es\/wp-json\/wp\/v2\/product_tag?post=945"}],"curies":[{"name":"wp","href":"https:\/\/api.w.org\/{rel}","templated":true}]}}