{"id":943,"date":"2020-05-01T01:38:13","date_gmt":"2020-05-01T01:38:13","guid":{"rendered":"https:\/\/econtrols.stagemysite.com\/product\/3m-ems-1436-3\/"},"modified":"2020-05-01T03:08:20","modified_gmt":"2020-05-01T03:08:20","slug":"3m-ems-1436-3","status":"publish","type":"product","link":"https:\/\/equipmentcontrols.com\/es\/producto\/3m-ems-1436-3\/","title":{"rendered":"3M ccsme 1436"},"content":{"rendered":"<p><strong>Marcador de superficie cercana 3M\u2122 EMS - Gas 1436<\/strong><\/p>\n<p><strong>Detalles:<\/strong><br \/>\n\u2022 Proporciona un m\u00e9todo preciso y duradero para marcar instalaciones subterr\u00e1neas<br \/>\n\u2022 Ofrece un f\u00e1cil marcado de l\u00edneas el\u00e9ctricas enterradas<br \/>\n\u2022 Antena pasiva encerrada en una cubierta de polietileno resistente al agua<br \/>\n\u2022 Resiste un rango de temperatura de -4 a 122 \u00b0F (-20 a 50 \u00b0C)<br \/>\n\u2022 Localiza la posici\u00f3n exacta del marcador<br \/>\n\u2022 Localiza la posici\u00f3n exacta del marcador<\/p>\n<p>El marcador de superficie cercana 3M\u2122 EMS est\u00e1 especialmente dise\u00f1ado para marcar l\u00edneas telef\u00f3nicas subterr\u00e1neas con precisi\u00f3n. Viene en forma cil\u00edndrica, lo que permite una f\u00e1cil instalaci\u00f3n en asfalto u hormig\u00f3n, sin excavaciones extensas. Este marcador ofrece una identificaci\u00f3n positiva de las instalaciones.<\/p>\n<p>3M\u2122 EMS Near Surface Marker proporciona una forma efectiva de marcar l\u00edneas de instalaciones subterr\u00e1neas durante aplicaciones de construcci\u00f3n o mantenimiento. Resiste un rango de temperatura de 4 a 122 \u00b0F (20 a 50 \u00b0C). Este marcador a prueba de agua cerca de la superficie tiene una antena pasiva de larga duraci\u00f3n, encerrada en una cubierta a prueba de agua para identificar las instalaciones subterr\u00e1neas con su ubicaci\u00f3n exacta, incluso en \u00e1reas congestionadas. Al mapear activos nuevos y heredados, el n\u00famero de serie \u00fanico preprogramado se integra con el mapeo administrativo y los sistemas GIS.<\/p>\n<p><strong>Aplicaciones sugeridas<\/strong><br \/>\n\u2022 Industria del Gas<\/p>\n<p><strong>Descargas:<\/strong><br \/>\n<a href=\"https:\/\/equipmentcontrols.com\/wp-content\/uploads\/2020\/04\/GasFacilitiesMarkingRecomm.pdf\">Folleto de recomendaciones de marcado de instalaciones de gas<\/a><br \/>\n<a href=\"https:\/\/equipmentcontrols.com\/wp-content\/uploads\/2020\/04\/EMS-Near-Surface-Markers-DS-7527741.pdf\">Hoja de datos de marcadores de superficie cercana EMS<\/a><\/p>","protected":false},"excerpt":{"rendered":"<p>3M\u2122 EMS Near-Surface Marker &#8211; Gas 1436 Details: \u2022\u00a0Provides an accurate, long-lasting method of marking underground facilities \u2022\u00a0Offers easy marking of buried power lines \u2022\u00a0Passive antenna encased in a water-resistant polyethylene shell \u2022\u00a0Withstands a temperature range of -4 to 122 \u00b0F (-20 to 50 \u00b0C) \u2022\u00a0Locates the exact position of the marker \u2022\u00a0Locates the exact [&hellip;]<\/p>\n","protected":false},"featured_media":842,"template":"","meta":[],"product_brand":[],"product_cat":[54,25],"product_tag":[],"class_list":{"0":"post-943","1":"product","2":"type-product","3":"status-publish","4":"has-post-thumbnail","6":"product_cat-3m","7":"product_cat-utility-locators-marking-systems","9":"first","10":"instock","11":"shipping-taxable","12":"product-type-simple"},"yoast_head":"<!-- This site is optimized with the Yoast SEO Premium plugin v23.9 (Yoast SEO v27.2) - https:\/\/yoast.com\/product\/yoast-seo-premium-wordpress\/ -->\n<title>3M EMS 1436 - ECCO<\/title>\n<meta name=\"description\" content=\"3M\u2122 EMS Near Surface Marker is specially designed for marking underground telephone lines accurately. It comes in a cylindrical shape, allowing for easy installation in asphalt or concrete, without extensive digging. This marker offers positive identification of facilities.3M\u2122 EMS Near Surface Marker provides an effective way of marking underground facility lines during construction or maintenance applications. It withstands a temperature range of 4 to 122 \u00b0F ( 20 to 50 \u00b0C). This waterproof near surface marker has a long lasting passive antenna, encased in a waterproof shell to identify underground facilities with its exact location, even in congested areas. When mapping new and legacy assets, the pre programmed unique serial number integrates with back office mapping and GIS systems.\" \/>\n<meta name=\"robots\" content=\"index, follow, max-snippet:-1, max-image-preview:large, max-video-preview:-1\" \/>\n<link rel=\"canonical\" href=\"https:\/\/equipmentcontrols.com\/es\/producto\/3m-ems-1436-3\/\" \/>\n<meta property=\"og:locale\" content=\"es_MX\" \/>\n<meta property=\"og:type\" content=\"article\" \/>\n<meta property=\"og:title\" content=\"3M EMS 1436\" \/>\n<meta property=\"og:description\" content=\"3M\u2122 EMS Near Surface Marker is specially designed for marking underground telephone lines accurately. It comes in a cylindrical shape, allowing for easy installation in asphalt or concrete, without extensive digging. This marker offers positive identification of facilities.3M\u2122 EMS Near Surface Marker provides an effective way of marking underground facility lines during construction or maintenance applications. It withstands a temperature range of 4 to 122 \u00b0F ( 20 to 50 \u00b0C). This waterproof near surface marker has a long lasting passive antenna, encased in a waterproof shell to identify underground facilities with its exact location, even in congested areas. When mapping new and legacy assets, the pre programmed unique serial number integrates with back office mapping and GIS systems.\" \/>\n<meta property=\"og:url\" content=\"https:\/\/equipmentcontrols.com\/es\/producto\/3m-ems-1436-3\/\" \/>\n<meta property=\"og:site_name\" content=\"ECCO\" \/>\n<meta property=\"article:modified_time\" content=\"2020-05-01T03:08:20+00:00\" \/>\n<meta property=\"og:image\" content=\"https:\/\/equipmentcontrols.com\/wp-content\/uploads\/2020\/04\/3M20EMS20Near-Surface20Marker20-20Gas201436.jpg\" \/>\n\t<meta property=\"og:image:width\" content=\"860\" \/>\n\t<meta property=\"og:image:height\" content=\"860\" \/>\n\t<meta property=\"og:image:type\" content=\"image\/jpeg\" \/>\n<meta name=\"twitter:card\" content=\"summary_large_image\" \/>\n<meta name=\"twitter:label1\" content=\"Tiempo de lectura\" \/>\n\t<meta name=\"twitter:data1\" content=\"1 minuto\" \/>\n<script type=\"application\/ld+json\" class=\"yoast-schema-graph\">{\"@context\":\"https:\/\/schema.org\",\"@graph\":[{\"@type\":\"WebPage\",\"@id\":\"https:\/\/equipmentcontrols.com\/product\/3m-ems-1436-3\/\",\"url\":\"https:\/\/equipmentcontrols.com\/product\/3m-ems-1436-3\/\",\"name\":\"3M EMS 1436 - ECCO\",\"isPartOf\":{\"@id\":\"https:\/\/equipmentcontrols.com\/#website\"},\"primaryImageOfPage\":{\"@id\":\"https:\/\/equipmentcontrols.com\/product\/3m-ems-1436-3\/#primaryimage\"},\"image\":{\"@id\":\"https:\/\/equipmentcontrols.com\/product\/3m-ems-1436-3\/#primaryimage\"},\"thumbnailUrl\":\"https:\/\/equipmentcontrols.com\/wp-content\/uploads\/2020\/04\/3M20EMS20Near-Surface20Marker20-20Gas201436.jpg\",\"datePublished\":\"2020-05-01T01:38:13+00:00\",\"dateModified\":\"2020-05-01T03:08:20+00:00\",\"description\":\"3M\u2122 EMS Near Surface Marker is specially designed for marking underground telephone lines accurately. It comes in a cylindrical shape, allowing for easy installation in asphalt or concrete, without extensive digging. This marker offers positive identification of facilities.3M\u2122 EMS Near Surface Marker provides an effective way of marking underground facility lines during construction or maintenance applications. It withstands a temperature range of 4 to 122 \u00b0F ( 20 to 50 \u00b0C). This waterproof near surface marker has a long lasting passive antenna, encased in a waterproof shell to identify underground facilities with its exact location, even in congested areas. When mapping new and legacy assets, the pre programmed unique serial number integrates with back office mapping and GIS systems.\",\"breadcrumb\":{\"@id\":\"https:\/\/equipmentcontrols.com\/product\/3m-ems-1436-3\/#breadcrumb\"},\"inLanguage\":\"es\",\"potentialAction\":[{\"@type\":\"ReadAction\",\"target\":[\"https:\/\/equipmentcontrols.com\/product\/3m-ems-1436-3\/\"]}]},{\"@type\":\"ImageObject\",\"inLanguage\":\"es\",\"@id\":\"https:\/\/equipmentcontrols.com\/product\/3m-ems-1436-3\/#primaryimage\",\"url\":\"https:\/\/equipmentcontrols.com\/wp-content\/uploads\/2020\/04\/3M20EMS20Near-Surface20Marker20-20Gas201436.jpg\",\"contentUrl\":\"https:\/\/equipmentcontrols.com\/wp-content\/uploads\/2020\/04\/3M20EMS20Near-Surface20Marker20-20Gas201436.jpg\",\"width\":860,\"height\":860,\"caption\":\"3M20EMS20Near-Surface20Marker20-20Gas201436.jpg\"},{\"@type\":\"BreadcrumbList\",\"@id\":\"https:\/\/equipmentcontrols.com\/product\/3m-ems-1436-3\/#breadcrumb\",\"itemListElement\":[{\"@type\":\"ListItem\",\"position\":1,\"name\":\"Home\",\"item\":\"https:\/\/equipmentcontrols.com\/\"},{\"@type\":\"ListItem\",\"position\":2,\"name\":\"Shop\",\"item\":\"https:\/\/equipmentcontrols.com\/shop\/\"},{\"@type\":\"ListItem\",\"position\":3,\"name\":\"3M EMS 1436\"}]},{\"@type\":\"WebSite\",\"@id\":\"https:\/\/equipmentcontrols.com\/#website\",\"url\":\"https:\/\/equipmentcontrols.com\/\",\"name\":\"ECCO\",\"description\":\"Equipment Controls Company\",\"potentialAction\":[{\"@type\":\"SearchAction\",\"target\":{\"@type\":\"EntryPoint\",\"urlTemplate\":\"https:\/\/equipmentcontrols.com\/?s={search_term_string}\"},\"query-input\":{\"@type\":\"PropertyValueSpecification\",\"valueRequired\":true,\"valueName\":\"search_term_string\"}}],\"inLanguage\":\"es\"}]}<\/script>\n<!-- \/ Yoast SEO Premium plugin. -->","yoast_head_json":{"title":"3M EMS 1436 - ECCO","description":"3M\u2122 EMS Near Surface Marker is specially designed for marking underground telephone lines accurately. It comes in a cylindrical shape, allowing for easy installation in asphalt or concrete, without extensive digging. This marker offers positive identification of facilities.3M\u2122 EMS Near Surface Marker provides an effective way of marking underground facility lines during construction or maintenance applications. It withstands a temperature range of 4 to 122 \u00b0F ( 20 to 50 \u00b0C). This waterproof near surface marker has a long lasting passive antenna, encased in a waterproof shell to identify underground facilities with its exact location, even in congested areas. When mapping new and legacy assets, the pre programmed unique serial number integrates with back office mapping and GIS systems.","robots":{"index":"index","follow":"follow","max-snippet":"max-snippet:-1","max-image-preview":"max-image-preview:large","max-video-preview":"max-video-preview:-1"},"canonical":"https:\/\/equipmentcontrols.com\/es\/producto\/3m-ems-1436-3\/","og_locale":"es_MX","og_type":"article","og_title":"3M EMS 1436","og_description":"3M\u2122 EMS Near Surface Marker is specially designed for marking underground telephone lines accurately. It comes in a cylindrical shape, allowing for easy installation in asphalt or concrete, without extensive digging. This marker offers positive identification of facilities.3M\u2122 EMS Near Surface Marker provides an effective way of marking underground facility lines during construction or maintenance applications. It withstands a temperature range of 4 to 122 \u00b0F ( 20 to 50 \u00b0C). This waterproof near surface marker has a long lasting passive antenna, encased in a waterproof shell to identify underground facilities with its exact location, even in congested areas. When mapping new and legacy assets, the pre programmed unique serial number integrates with back office mapping and GIS systems.","og_url":"https:\/\/equipmentcontrols.com\/es\/producto\/3m-ems-1436-3\/","og_site_name":"ECCO","article_modified_time":"2020-05-01T03:08:20+00:00","og_image":[{"width":860,"height":860,"url":"https:\/\/equipmentcontrols.com\/wp-content\/uploads\/2020\/04\/3M20EMS20Near-Surface20Marker20-20Gas201436.jpg","type":"image\/jpeg"}],"twitter_card":"summary_large_image","twitter_misc":{"Tiempo de lectura":"1 minuto"},"schema":{"@context":"https:\/\/schema.org","@graph":[{"@type":"WebPage","@id":"https:\/\/equipmentcontrols.com\/product\/3m-ems-1436-3\/","url":"https:\/\/equipmentcontrols.com\/product\/3m-ems-1436-3\/","name":"3M EMS 1436 - ECCO","isPartOf":{"@id":"https:\/\/equipmentcontrols.com\/#website"},"primaryImageOfPage":{"@id":"https:\/\/equipmentcontrols.com\/product\/3m-ems-1436-3\/#primaryimage"},"image":{"@id":"https:\/\/equipmentcontrols.com\/product\/3m-ems-1436-3\/#primaryimage"},"thumbnailUrl":"https:\/\/equipmentcontrols.com\/wp-content\/uploads\/2020\/04\/3M20EMS20Near-Surface20Marker20-20Gas201436.jpg","datePublished":"2020-05-01T01:38:13+00:00","dateModified":"2020-05-01T03:08:20+00:00","description":"3M\u2122 EMS Near Surface Marker is specially designed for marking underground telephone lines accurately. It comes in a cylindrical shape, allowing for easy installation in asphalt or concrete, without extensive digging. This marker offers positive identification of facilities.3M\u2122 EMS Near Surface Marker provides an effective way of marking underground facility lines during construction or maintenance applications. It withstands a temperature range of 4 to 122 \u00b0F ( 20 to 50 \u00b0C). This waterproof near surface marker has a long lasting passive antenna, encased in a waterproof shell to identify underground facilities with its exact location, even in congested areas. When mapping new and legacy assets, the pre programmed unique serial number integrates with back office mapping and GIS systems.","breadcrumb":{"@id":"https:\/\/equipmentcontrols.com\/product\/3m-ems-1436-3\/#breadcrumb"},"inLanguage":"es","potentialAction":[{"@type":"ReadAction","target":["https:\/\/equipmentcontrols.com\/product\/3m-ems-1436-3\/"]}]},{"@type":"ImageObject","inLanguage":"es","@id":"https:\/\/equipmentcontrols.com\/product\/3m-ems-1436-3\/#primaryimage","url":"https:\/\/equipmentcontrols.com\/wp-content\/uploads\/2020\/04\/3M20EMS20Near-Surface20Marker20-20Gas201436.jpg","contentUrl":"https:\/\/equipmentcontrols.com\/wp-content\/uploads\/2020\/04\/3M20EMS20Near-Surface20Marker20-20Gas201436.jpg","width":860,"height":860,"caption":"3M20EMS20Near-Surface20Marker20-20Gas201436.jpg"},{"@type":"BreadcrumbList","@id":"https:\/\/equipmentcontrols.com\/product\/3m-ems-1436-3\/#breadcrumb","itemListElement":[{"@type":"ListItem","position":1,"name":"Home","item":"https:\/\/equipmentcontrols.com\/"},{"@type":"ListItem","position":2,"name":"Shop","item":"https:\/\/equipmentcontrols.com\/shop\/"},{"@type":"ListItem","position":3,"name":"3M EMS 1436"}]},{"@type":"WebSite","@id":"https:\/\/equipmentcontrols.com\/#website","url":"https:\/\/equipmentcontrols.com\/","name":"ECCO","description":"Empresa de Control de Equipos","potentialAction":[{"@type":"SearchAction","target":{"@type":"EntryPoint","urlTemplate":"https:\/\/equipmentcontrols.com\/?s={search_term_string}"},"query-input":{"@type":"PropertyValueSpecification","valueRequired":true,"valueName":"search_term_string"}}],"inLanguage":"es"}]}},"_links":{"self":[{"href":"https:\/\/equipmentcontrols.com\/es\/wp-json\/wp\/v2\/product\/943","targetHints":{"allow":["GET"]}}],"collection":[{"href":"https:\/\/equipmentcontrols.com\/es\/wp-json\/wp\/v2\/product"}],"about":[{"href":"https:\/\/equipmentcontrols.com\/es\/wp-json\/wp\/v2\/types\/product"}],"wp:featuredmedia":[{"embeddable":true,"href":"https:\/\/equipmentcontrols.com\/es\/wp-json\/wp\/v2\/media\/842"}],"wp:attachment":[{"href":"https:\/\/equipmentcontrols.com\/es\/wp-json\/wp\/v2\/media?parent=943"}],"wp:term":[{"taxonomy":"product_brand","embeddable":true,"href":"https:\/\/equipmentcontrols.com\/es\/wp-json\/wp\/v2\/product_brand?post=943"},{"taxonomy":"product_cat","embeddable":true,"href":"https:\/\/equipmentcontrols.com\/es\/wp-json\/wp\/v2\/product_cat?post=943"},{"taxonomy":"product_tag","embeddable":true,"href":"https:\/\/equipmentcontrols.com\/es\/wp-json\/wp\/v2\/product_tag?post=943"}],"curies":[{"name":"wp","href":"https:\/\/api.w.org\/{rel}","templated":true}]}}