{"id":942,"date":"2020-05-01T01:38:12","date_gmt":"2020-05-01T01:38:12","guid":{"rendered":"https:\/\/econtrols.stagemysite.com\/product\/3m-dynatel-7550-id\/"},"modified":"2020-05-01T01:38:12","modified_gmt":"2020-05-01T01:38:12","slug":"3m-dynatel-7550-id","status":"publish","type":"product","link":"https:\/\/equipmentcontrols.com\/es\/producto\/3m-dynatel-7550-id\/","title":{"rendered":"3M Dynatel 7550-ID"},"content":{"rendered":"<p>3M\u2122 Dynatel\u2122 7550-ID\/U12 Utilidad de localizaci\u00f3n de tuber\u00edas\/cables\/EMS Acoplador de 4,5\u2033 12W, 1\/caja<\/p>\n<p>\u2022 Ubique y siga la ruta de la cinta de precauci\u00f3n 3M EMS<br \/>\n\u2022 Seis frecuencias de rastreo activas que se pueden usar de forma individual o simult\u00e1nea para proporcionar una soluci\u00f3n para pr\u00e1cticamente todas las aplicaciones desafiantes que se encuentran en el campo. El receptor incorpora potencia pasiva y frecuencias auxiliares que no requieren el uso del transmisor.<\/p>\n<p>Detalles<\/p>\n<p>\u2022 Ubique y siga la ruta de la cinta de precauci\u00f3n 3M EMS<br \/>\n\u2022 Seis frecuencias de rastreo activas que se pueden usar individualmente o simult\u00e1neamente para proporcionar una soluci\u00f3n para pr\u00e1cticamente todas las aplicaciones desafiantes que se encuentran en el campo. El receptor incorpora potencia pasiva y frecuencias auxiliares que no requieren el uso del transmisor.<br \/>\n\u2022 Interfaz de mapeo de vista de seguimiento que proporciona una pantalla de mapeo intuitiva que muestra la ruta de servicios p\u00fablicos combinada con un conjunto de antenas basado en antenas de pico de precisi\u00f3n para proporcionar la m\u00e1xima confianza en la ubicaci\u00f3n de los servicios p\u00fablicos.<br \/>\n\u2022 Cinco modos de operaci\u00f3n: vista de seguimiento, pico direccional, nulo direccional, pico especial y pico de inducci\u00f3n, para ubicaciones precisas, incluso en \u00e1reas congestionadas.<br \/>\n\u2022 El modo direccional utiliza un dise\u00f1o de antena de pico completo para mejorar la orientaci\u00f3n izquierda\/derecha y localizaciones precisas en condiciones dif\u00edciles.<br \/>\n\u2022 Ubique, escriba y lea informaci\u00f3n en el Sistema de marcador electr\u00f3nico iD de 3M\u2122.<br \/>\n\u2022 Compatibilidad con determinados instrumentos de mapeo de campo GPS\/GIS para el mapeo en tiempo real de marcadores electr\u00f3nicos o instalaciones de tuber\u00edas y cables<\/p>\n<p>Dise\u00f1ados para ser m\u00e1s precisos, m\u00e1s r\u00e1pidos y m\u00e1s integrados que la mayor\u00eda de los localizadores del mercado, los localizadores de la serie 7500 de 3M\u2122 Dynatel\u2122 representan un avance en la tecnolog\u00eda de localizaci\u00f3n y detecci\u00f3n de fallas para el profesional de campo. Al ofrecer un amplio conjunto de funciones con procesamiento digital avanzado, los localizadores de la serie 7500 combinan interfaces simples con capacidades de localizaci\u00f3n de precisi\u00f3n.<\/p>\n<p>Las caracter\u00edsticas incluyen:<br \/>\n\u2022 Seis frecuencias activas para conexi\u00f3n directa<br \/>\n\u2022 Modo de visualizaci\u00f3n de mapeo de vista de seguimiento<br \/>\n\u2022 Cuatro frecuencias de inducci\u00f3n<br \/>\n\u2022 Todos los modos de frecuencia en conexi\u00f3n directa (cuatro simult\u00e1neamente)<br \/>\n\u2022 Capacidad de EMS iD y EMS Tape en todos los modelos<br \/>\n\u2022 Presione el bot\u00f3n de profundidad para todos los marcadores electr\u00f3nicos subterr\u00e1neos de 3M<\/p>\n<p>Al igual que con otros modelos de localizadores, el localizador 3M\u2122 Dynatel\u2122 7573 realiza todas las funciones del localizador 7550 adem\u00e1s de la capacidad de encontrar fallas subterr\u00e1neas.<\/p>\n<p>Aplicaciones sugeridas<br \/>\n\u2022 Localizaci\u00f3n de la ruta de la cinta de precauci\u00f3n EMS<br \/>\n\u2022 Leer, escribir y localizar marcadores<br \/>\n\u2022 Industria del Gas<br \/>\n\u2022 Industria de la energ\u00eda<br \/>\n\u2022 Industria Contratista<\/p>","protected":false},"excerpt":{"rendered":"<p>3M\u2122 Dynatel\u2122 7550-ID\/U12 Pipe\/Cable\/EMS Locator Utility 4.5&#8243; Coupler 12W, 1\/Case \u2022\u00a0Locate and follow the path of 3M EMS Caution Tape \u2022\u00a0Six active trace frequencies which can be used individually or simultaneously to providing a solution for virtually all challenging applications encountered in the field. The receiver incorporates passive power and auxiliary frequencies that do not [&hellip;]<\/p>\n","protected":false},"featured_media":941,"template":"","meta":[],"product_brand":[],"product_cat":[54,25],"product_tag":[],"class_list":{"0":"post-942","1":"product","2":"type-product","3":"status-publish","4":"has-post-thumbnail","6":"product_cat-3m","7":"product_cat-utility-locators-marking-systems","9":"first","10":"instock","11":"shipping-taxable","12":"product-type-simple"},"yoast_head":"<!-- This site is optimized with the Yoast SEO Premium plugin v23.9 (Yoast SEO v27.3) - https:\/\/yoast.com\/product\/yoast-seo-premium-wordpress\/ -->\n<title>3M Dynatel 7550-ID - ECCO<\/title>\n<meta name=\"robots\" content=\"index, follow, max-snippet:-1, max-image-preview:large, max-video-preview:-1\" \/>\n<link rel=\"canonical\" href=\"https:\/\/equipmentcontrols.com\/es\/producto\/3m-dynatel-7550-id\/\" \/>\n<meta property=\"og:locale\" content=\"es_MX\" \/>\n<meta property=\"og:type\" content=\"article\" \/>\n<meta property=\"og:title\" content=\"3M Dynatel 7550-ID\" \/>\n<meta property=\"og:description\" content=\"3M\u2122 Dynatel\u2122 7550-ID\/U12 Pipe\/Cable\/EMS Locator Utility 4.5&#8243; Coupler 12W, 1\/Case \u2022\u00a0Locate and follow the path of 3M EMS Caution Tape \u2022\u00a0Six active trace frequencies which can be used individually or simultaneously to providing a solution for virtually all challenging applications encountered in the field. The receiver incorporates passive power and auxiliary frequencies that do not [&hellip;]\" \/>\n<meta property=\"og:url\" content=\"https:\/\/equipmentcontrols.com\/es\/producto\/3m-dynatel-7550-id\/\" \/>\n<meta property=\"og:site_name\" content=\"ECCO\" \/>\n<meta property=\"og:image\" content=\"https:\/\/equipmentcontrols.com\/wp-content\/uploads\/2020\/05\/3M20Dynatel207550-ID20U1220PipeCableEMS20Locator20Utility204.5_20Coupler2012W.jpg\" \/>\n\t<meta property=\"og:image:width\" content=\"860\" \/>\n\t<meta property=\"og:image:height\" content=\"860\" \/>\n\t<meta property=\"og:image:type\" content=\"image\/jpeg\" \/>\n<meta name=\"twitter:card\" content=\"summary_large_image\" \/>\n<meta name=\"twitter:label1\" content=\"Tiempo de lectura\" \/>\n\t<meta name=\"twitter:data1\" content=\"2 minutos\" \/>\n<script type=\"application\/ld+json\" class=\"yoast-schema-graph\">{\"@context\":\"https:\\\/\\\/schema.org\",\"@graph\":[{\"@type\":\"WebPage\",\"@id\":\"https:\\\/\\\/equipmentcontrols.com\\\/product\\\/3m-dynatel-7550-id\\\/\",\"url\":\"https:\\\/\\\/equipmentcontrols.com\\\/product\\\/3m-dynatel-7550-id\\\/\",\"name\":\"3M Dynatel 7550-ID - ECCO\",\"isPartOf\":{\"@id\":\"https:\\\/\\\/equipmentcontrols.com\\\/#website\"},\"primaryImageOfPage\":{\"@id\":\"https:\\\/\\\/equipmentcontrols.com\\\/product\\\/3m-dynatel-7550-id\\\/#primaryimage\"},\"image\":{\"@id\":\"https:\\\/\\\/equipmentcontrols.com\\\/product\\\/3m-dynatel-7550-id\\\/#primaryimage\"},\"thumbnailUrl\":\"https:\\\/\\\/equipmentcontrols.com\\\/wp-content\\\/uploads\\\/2020\\\/05\\\/3M20Dynatel207550-ID20U1220PipeCableEMS20Locator20Utility204.5_20Coupler2012W.jpg\",\"datePublished\":\"2020-05-01T01:38:12+00:00\",\"breadcrumb\":{\"@id\":\"https:\\\/\\\/equipmentcontrols.com\\\/product\\\/3m-dynatel-7550-id\\\/#breadcrumb\"},\"inLanguage\":\"es\",\"potentialAction\":[{\"@type\":\"ReadAction\",\"target\":[\"https:\\\/\\\/equipmentcontrols.com\\\/product\\\/3m-dynatel-7550-id\\\/\"]}]},{\"@type\":\"ImageObject\",\"inLanguage\":\"es\",\"@id\":\"https:\\\/\\\/equipmentcontrols.com\\\/product\\\/3m-dynatel-7550-id\\\/#primaryimage\",\"url\":\"https:\\\/\\\/equipmentcontrols.com\\\/wp-content\\\/uploads\\\/2020\\\/05\\\/3M20Dynatel207550-ID20U1220PipeCableEMS20Locator20Utility204.5_20Coupler2012W.jpg\",\"contentUrl\":\"https:\\\/\\\/equipmentcontrols.com\\\/wp-content\\\/uploads\\\/2020\\\/05\\\/3M20Dynatel207550-ID20U1220PipeCableEMS20Locator20Utility204.5_20Coupler2012W.jpg\",\"width\":860,\"height\":860,\"caption\":\"3M20Dynatel207550-ID20U1220PipeCableEMS20Locator20Utility204.5_20Coupler2012W.jpg\"},{\"@type\":\"BreadcrumbList\",\"@id\":\"https:\\\/\\\/equipmentcontrols.com\\\/product\\\/3m-dynatel-7550-id\\\/#breadcrumb\",\"itemListElement\":[{\"@type\":\"ListItem\",\"position\":1,\"name\":\"Home\",\"item\":\"https:\\\/\\\/equipmentcontrols.com\\\/\"},{\"@type\":\"ListItem\",\"position\":2,\"name\":\"Shop\",\"item\":\"https:\\\/\\\/equipmentcontrols.com\\\/shop\\\/\"},{\"@type\":\"ListItem\",\"position\":3,\"name\":\"3M Dynatel 7550-ID\"}]},{\"@type\":\"WebSite\",\"@id\":\"https:\\\/\\\/equipmentcontrols.com\\\/#website\",\"url\":\"https:\\\/\\\/equipmentcontrols.com\\\/\",\"name\":\"ECCO\",\"description\":\"Equipment Controls Company\",\"potentialAction\":[{\"@type\":\"SearchAction\",\"target\":{\"@type\":\"EntryPoint\",\"urlTemplate\":\"https:\\\/\\\/equipmentcontrols.com\\\/?s={search_term_string}\"},\"query-input\":{\"@type\":\"PropertyValueSpecification\",\"valueRequired\":true,\"valueName\":\"search_term_string\"}}],\"inLanguage\":\"es\"}]}<\/script>\n<!-- \/ Yoast SEO Premium plugin. -->","yoast_head_json":{"title":"3M Dynatel 7550-ID - ECCO","robots":{"index":"index","follow":"follow","max-snippet":"max-snippet:-1","max-image-preview":"max-image-preview:large","max-video-preview":"max-video-preview:-1"},"canonical":"https:\/\/equipmentcontrols.com\/es\/producto\/3m-dynatel-7550-id\/","og_locale":"es_MX","og_type":"article","og_title":"3M Dynatel 7550-ID","og_description":"3M\u2122 Dynatel\u2122 7550-ID\/U12 Pipe\/Cable\/EMS Locator Utility 4.5&#8243; Coupler 12W, 1\/Case \u2022\u00a0Locate and follow the path of 3M EMS Caution Tape \u2022\u00a0Six active trace frequencies which can be used individually or simultaneously to providing a solution for virtually all challenging applications encountered in the field. The receiver incorporates passive power and auxiliary frequencies that do not [&hellip;]","og_url":"https:\/\/equipmentcontrols.com\/es\/producto\/3m-dynatel-7550-id\/","og_site_name":"ECCO","og_image":[{"width":860,"height":860,"url":"https:\/\/equipmentcontrols.com\/wp-content\/uploads\/2020\/05\/3M20Dynatel207550-ID20U1220PipeCableEMS20Locator20Utility204.5_20Coupler2012W.jpg","type":"image\/jpeg"}],"twitter_card":"summary_large_image","twitter_misc":{"Tiempo de lectura":"2 minutos"},"schema":{"@context":"https:\/\/schema.org","@graph":[{"@type":"WebPage","@id":"https:\/\/equipmentcontrols.com\/product\/3m-dynatel-7550-id\/","url":"https:\/\/equipmentcontrols.com\/product\/3m-dynatel-7550-id\/","name":"3M Dynatel 7550-ID - ECCO","isPartOf":{"@id":"https:\/\/equipmentcontrols.com\/#website"},"primaryImageOfPage":{"@id":"https:\/\/equipmentcontrols.com\/product\/3m-dynatel-7550-id\/#primaryimage"},"image":{"@id":"https:\/\/equipmentcontrols.com\/product\/3m-dynatel-7550-id\/#primaryimage"},"thumbnailUrl":"https:\/\/equipmentcontrols.com\/wp-content\/uploads\/2020\/05\/3M20Dynatel207550-ID20U1220PipeCableEMS20Locator20Utility204.5_20Coupler2012W.jpg","datePublished":"2020-05-01T01:38:12+00:00","breadcrumb":{"@id":"https:\/\/equipmentcontrols.com\/product\/3m-dynatel-7550-id\/#breadcrumb"},"inLanguage":"es","potentialAction":[{"@type":"ReadAction","target":["https:\/\/equipmentcontrols.com\/product\/3m-dynatel-7550-id\/"]}]},{"@type":"ImageObject","inLanguage":"es","@id":"https:\/\/equipmentcontrols.com\/product\/3m-dynatel-7550-id\/#primaryimage","url":"https:\/\/equipmentcontrols.com\/wp-content\/uploads\/2020\/05\/3M20Dynatel207550-ID20U1220PipeCableEMS20Locator20Utility204.5_20Coupler2012W.jpg","contentUrl":"https:\/\/equipmentcontrols.com\/wp-content\/uploads\/2020\/05\/3M20Dynatel207550-ID20U1220PipeCableEMS20Locator20Utility204.5_20Coupler2012W.jpg","width":860,"height":860,"caption":"3M20Dynatel207550-ID20U1220PipeCableEMS20Locator20Utility204.5_20Coupler2012W.jpg"},{"@type":"BreadcrumbList","@id":"https:\/\/equipmentcontrols.com\/product\/3m-dynatel-7550-id\/#breadcrumb","itemListElement":[{"@type":"ListItem","position":1,"name":"Home","item":"https:\/\/equipmentcontrols.com\/"},{"@type":"ListItem","position":2,"name":"Shop","item":"https:\/\/equipmentcontrols.com\/shop\/"},{"@type":"ListItem","position":3,"name":"3M Dynatel 7550-ID"}]},{"@type":"WebSite","@id":"https:\/\/equipmentcontrols.com\/#website","url":"https:\/\/equipmentcontrols.com\/","name":"ECCO","description":"Empresa de Control de Equipos","potentialAction":[{"@type":"SearchAction","target":{"@type":"EntryPoint","urlTemplate":"https:\/\/equipmentcontrols.com\/?s={search_term_string}"},"query-input":{"@type":"PropertyValueSpecification","valueRequired":true,"valueName":"search_term_string"}}],"inLanguage":"es"}]}},"_links":{"self":[{"href":"https:\/\/equipmentcontrols.com\/es\/wp-json\/wp\/v2\/product\/942","targetHints":{"allow":["GET"]}}],"collection":[{"href":"https:\/\/equipmentcontrols.com\/es\/wp-json\/wp\/v2\/product"}],"about":[{"href":"https:\/\/equipmentcontrols.com\/es\/wp-json\/wp\/v2\/types\/product"}],"wp:featuredmedia":[{"embeddable":true,"href":"https:\/\/equipmentcontrols.com\/es\/wp-json\/wp\/v2\/media\/941"}],"wp:attachment":[{"href":"https:\/\/equipmentcontrols.com\/es\/wp-json\/wp\/v2\/media?parent=942"}],"wp:term":[{"taxonomy":"product_brand","embeddable":true,"href":"https:\/\/equipmentcontrols.com\/es\/wp-json\/wp\/v2\/product_brand?post=942"},{"taxonomy":"product_cat","embeddable":true,"href":"https:\/\/equipmentcontrols.com\/es\/wp-json\/wp\/v2\/product_cat?post=942"},{"taxonomy":"product_tag","embeddable":true,"href":"https:\/\/equipmentcontrols.com\/es\/wp-json\/wp\/v2\/product_tag?post=942"}],"curies":[{"name":"wp","href":"https:\/\/api.w.org\/{rel}","templated":true}]}}