{"id":940,"date":"2020-05-01T01:38:12","date_gmt":"2020-05-01T01:38:12","guid":{"rendered":"https:\/\/econtrols.stagemysite.com\/product\/3m-dynatel-1420-id-2\/"},"modified":"2020-05-01T03:22:37","modified_gmt":"2020-05-01T03:22:37","slug":"3m-dynatel-1420-id-2","status":"publish","type":"product","link":"https:\/\/equipmentcontrols.com\/es\/producto\/3m-dynatel-1420-id-2\/","title":{"rendered":"Identificaci\u00f3n de 3M Dynatel 1420"},"content":{"rendered":"<p><strong>Localizador de identificaci\u00f3n 3M\u2122 Dynatel\u2122 1420, sin bater\u00eda, 1\/caja<\/strong><\/p>\n<p>\u2022 Localiza 2 frecuencias de marcador diferentes simult\u00e1neamente<br \/>\n\u2022 Lee, escribe y localiza marcadores iD<br \/>\n\u2022 Estima la ubicaci\u00f3n exacta de los marcadores subterr\u00e1neos<br \/>\n\u2022 Pantalla gr\u00e1fica grande, retroiluminada y de alta resoluci\u00f3n<\/p>\n<p><strong>Detalles:<\/strong><br \/>\n\u2022 Detecta frecuencias de marcadores electr\u00f3nicos est\u00e1ndar de la industria<br \/>\n\u2022 Resiste un amplio rango de temperatura de -4 a 122 \u00b0F (-20 a 50 \u00b0C)<br \/>\n\u2022 Compatible con todos los marcadores 3M\u2122 (tel\u00e9fono, gas, comunicaci\u00f3n, energ\u00eda, agua, aguas residuales y uso general)<br \/>\n\u2022 Capacidad de comunicaci\u00f3n GPS<\/p>\n<p>El localizador de marcadores 3M\u2122 Dynatel\u2122 1420 estima la ubicaci\u00f3n exacta de los marcadores subterr\u00e1neos. Este localizador lee, escribe y localiza marcadores iD. Localiza 2 frecuencias de marcador diferentes simult\u00e1neamente. La construcci\u00f3n ligera y f\u00e1cil de usar de este localizador ofrece un excelente equilibrio y ergonom\u00eda. Cuenta con una gran pantalla gr\u00e1fica retroiluminada de alta resoluci\u00f3n para mostrar la ubicaci\u00f3n de los marcadores.<\/p>\n<p>El localizador de marcadores 3M\u2122 Dynatel\u2122 1420 es capaz de localizar todos los modelos de marcadores pasivos que est\u00e1n correctamente instalados. Detecta frecuencias de marcadores electr\u00f3nicos est\u00e1ndar de la industria. Este localizador tiene interfaces integradas simplificadas con capacidades de localizaci\u00f3n de precisi\u00f3n. Un sistema de comunicaci\u00f3n GPS est\u00e1 incorporado en este localizador para proporcionar mapeo GIS de marcadores electr\u00f3nicos. El localizador funciona a una temperatura de 4 a 122 \u00b0F (20 a 50 \u00b0C).<\/p>\n<p><strong>Descargas:<\/strong><br \/>\n<a href=\"https:\/\/equipmentcontrols.com\/wp-content\/uploads\/2020\/04\/EMD-Locating-Marking-PB-8008468-LR.pdf\">Hoja de datos de marcado de localizaci\u00f3n de EMD<\/a><br \/>\n<a href=\"https:\/\/equipmentcontrols.com\/wp-content\/uploads\/2020\/04\/78-8130-6741-6-Rev-G.pdf\">Instrucciones de aplicaci\u00f3n<\/a><\/p>","protected":false},"excerpt":{"rendered":"<p>3M\u2122 Dynatel\u2122 1420 ID Locator, No Battery, 1\/Case \u2022\u00a0 Locates 2 different marker frequencies simultaneously \u2022\u00a0 Reads, writes and locates iD markers \u2022\u00a0Estimates exact location of underground markers \u2022\u00a0Large, backlit, high-resolution graphic display Details: \u2022\u00a0Detects industry-standard electronic marker frequencies \u2022\u00a0Withstands a wide temperature range of -4 to 122 \u00b0F (-20 to 50 \u00b0C) \u2022\u00a0Compatible with [&hellip;]<\/p>\n","protected":false},"featured_media":925,"template":"","meta":[],"product_brand":[],"product_cat":[54,25],"product_tag":[],"class_list":{"0":"post-940","1":"product","2":"type-product","3":"status-publish","4":"has-post-thumbnail","6":"product_cat-3m","7":"product_cat-utility-locators-marking-systems","9":"first","10":"instock","11":"shipping-taxable","12":"product-type-simple"},"yoast_head":"<!-- This site is optimized with the Yoast SEO Premium plugin v23.9 (Yoast SEO v27.3) - https:\/\/yoast.com\/product\/yoast-seo-premium-wordpress\/ -->\n<title>3M Dynatel 1420 ID - ECCO<\/title>\n<meta name=\"description\" content=\"3M\u2122 Dynatel\u2122 1420 Marker Locator estimates exact location of underground markers. This locator reads, writes and locates iD markers. It locates 2 different marker frequencies simultaneously. The lightweight, easy to use construction of this locator offers excellent balance and ergonomics. It features a large backlit, high resolution graphic display to show the location of the markers.3M\u2122 Dynatel\u2122 1420 Marker Locator is capable of locating all models of passive markers that are properly installed. It detects industry standard electronic marker frequencies. This locator has simplified integrated interfaces with precision locating capabilities. A GPS communication system is incorporated into this locator to provide GIS mapping of electronic markers. The locator operates at a temperature of 4 to 122 \u00b0F ( 20 to 50 \u00b0C).\" \/>\n<meta name=\"robots\" content=\"index, follow, max-snippet:-1, max-image-preview:large, max-video-preview:-1\" \/>\n<link rel=\"canonical\" href=\"https:\/\/equipmentcontrols.com\/es\/producto\/3m-dynatel-1420-id-2\/\" \/>\n<meta property=\"og:locale\" content=\"es_MX\" \/>\n<meta property=\"og:type\" content=\"article\" \/>\n<meta property=\"og:title\" content=\"3M Dynatel 1420 ID\" \/>\n<meta property=\"og:description\" content=\"3M\u2122 Dynatel\u2122 1420 Marker Locator estimates exact location of underground markers. This locator reads, writes and locates iD markers. It locates 2 different marker frequencies simultaneously. The lightweight, easy to use construction of this locator offers excellent balance and ergonomics. It features a large backlit, high resolution graphic display to show the location of the markers.3M\u2122 Dynatel\u2122 1420 Marker Locator is capable of locating all models of passive markers that are properly installed. It detects industry standard electronic marker frequencies. This locator has simplified integrated interfaces with precision locating capabilities. A GPS communication system is incorporated into this locator to provide GIS mapping of electronic markers. The locator operates at a temperature of 4 to 122 \u00b0F ( 20 to 50 \u00b0C).\" \/>\n<meta property=\"og:url\" content=\"https:\/\/equipmentcontrols.com\/es\/producto\/3m-dynatel-1420-id-2\/\" \/>\n<meta property=\"og:site_name\" content=\"ECCO\" \/>\n<meta property=\"article:modified_time\" content=\"2020-05-01T03:22:37+00:00\" \/>\n<meta property=\"og:image\" content=\"https:\/\/equipmentcontrols.com\/wp-content\/uploads\/2020\/05\/3M20Dynatel20142020ID20Locator20No20Battery.jpg\" \/>\n\t<meta property=\"og:image:width\" content=\"860\" \/>\n\t<meta property=\"og:image:height\" content=\"860\" \/>\n\t<meta property=\"og:image:type\" content=\"image\/jpeg\" \/>\n<meta name=\"twitter:card\" content=\"summary_large_image\" \/>\n<meta name=\"twitter:label1\" content=\"Tiempo de lectura\" \/>\n\t<meta name=\"twitter:data1\" content=\"1 minuto\" \/>\n<script type=\"application\/ld+json\" class=\"yoast-schema-graph\">{\"@context\":\"https:\\\/\\\/schema.org\",\"@graph\":[{\"@type\":\"WebPage\",\"@id\":\"https:\\\/\\\/equipmentcontrols.com\\\/product\\\/3m-dynatel-1420-id-2\\\/\",\"url\":\"https:\\\/\\\/equipmentcontrols.com\\\/product\\\/3m-dynatel-1420-id-2\\\/\",\"name\":\"3M Dynatel 1420 ID - ECCO\",\"isPartOf\":{\"@id\":\"https:\\\/\\\/equipmentcontrols.com\\\/#website\"},\"primaryImageOfPage\":{\"@id\":\"https:\\\/\\\/equipmentcontrols.com\\\/product\\\/3m-dynatel-1420-id-2\\\/#primaryimage\"},\"image\":{\"@id\":\"https:\\\/\\\/equipmentcontrols.com\\\/product\\\/3m-dynatel-1420-id-2\\\/#primaryimage\"},\"thumbnailUrl\":\"https:\\\/\\\/equipmentcontrols.com\\\/wp-content\\\/uploads\\\/2020\\\/05\\\/3M20Dynatel20142020ID20Locator20No20Battery.jpg\",\"datePublished\":\"2020-05-01T01:38:12+00:00\",\"dateModified\":\"2020-05-01T03:22:37+00:00\",\"description\":\"3M\u2122 Dynatel\u2122 1420 Marker Locator estimates exact location of underground markers. This locator reads, writes and locates iD markers. It locates 2 different marker frequencies simultaneously. The lightweight, easy to use construction of this locator offers excellent balance and ergonomics. It features a large backlit, high resolution graphic display to show the location of the markers.3M\u2122 Dynatel\u2122 1420 Marker Locator is capable of locating all models of passive markers that are properly installed. It detects industry standard electronic marker frequencies. This locator has simplified integrated interfaces with precision locating capabilities. A GPS communication system is incorporated into this locator to provide GIS mapping of electronic markers. The locator operates at a temperature of 4 to 122 \u00b0F ( 20 to 50 \u00b0C).\",\"breadcrumb\":{\"@id\":\"https:\\\/\\\/equipmentcontrols.com\\\/product\\\/3m-dynatel-1420-id-2\\\/#breadcrumb\"},\"inLanguage\":\"es\",\"potentialAction\":[{\"@type\":\"ReadAction\",\"target\":[\"https:\\\/\\\/equipmentcontrols.com\\\/product\\\/3m-dynatel-1420-id-2\\\/\"]}]},{\"@type\":\"ImageObject\",\"inLanguage\":\"es\",\"@id\":\"https:\\\/\\\/equipmentcontrols.com\\\/product\\\/3m-dynatel-1420-id-2\\\/#primaryimage\",\"url\":\"https:\\\/\\\/equipmentcontrols.com\\\/wp-content\\\/uploads\\\/2020\\\/05\\\/3M20Dynatel20142020ID20Locator20No20Battery.jpg\",\"contentUrl\":\"https:\\\/\\\/equipmentcontrols.com\\\/wp-content\\\/uploads\\\/2020\\\/05\\\/3M20Dynatel20142020ID20Locator20No20Battery.jpg\",\"width\":860,\"height\":860,\"caption\":\"3M20Dynatel20142020ID20Locator20No20Battery\"},{\"@type\":\"BreadcrumbList\",\"@id\":\"https:\\\/\\\/equipmentcontrols.com\\\/product\\\/3m-dynatel-1420-id-2\\\/#breadcrumb\",\"itemListElement\":[{\"@type\":\"ListItem\",\"position\":1,\"name\":\"Home\",\"item\":\"https:\\\/\\\/equipmentcontrols.com\\\/\"},{\"@type\":\"ListItem\",\"position\":2,\"name\":\"Shop\",\"item\":\"https:\\\/\\\/equipmentcontrols.com\\\/shop\\\/\"},{\"@type\":\"ListItem\",\"position\":3,\"name\":\"3M Dynatel 1420 ID\"}]},{\"@type\":\"WebSite\",\"@id\":\"https:\\\/\\\/equipmentcontrols.com\\\/#website\",\"url\":\"https:\\\/\\\/equipmentcontrols.com\\\/\",\"name\":\"ECCO\",\"description\":\"Equipment Controls Company\",\"potentialAction\":[{\"@type\":\"SearchAction\",\"target\":{\"@type\":\"EntryPoint\",\"urlTemplate\":\"https:\\\/\\\/equipmentcontrols.com\\\/?s={search_term_string}\"},\"query-input\":{\"@type\":\"PropertyValueSpecification\",\"valueRequired\":true,\"valueName\":\"search_term_string\"}}],\"inLanguage\":\"es\"}]}<\/script>\n<!-- \/ Yoast SEO Premium plugin. -->","yoast_head_json":{"title":"3M Dynatel 1420 ID - ECCO","description":"3M\u2122 Dynatel\u2122 1420 Marker Locator estimates exact location of underground markers. This locator reads, writes and locates iD markers. It locates 2 different marker frequencies simultaneously. The lightweight, easy to use construction of this locator offers excellent balance and ergonomics. It features a large backlit, high resolution graphic display to show the location of the markers.3M\u2122 Dynatel\u2122 1420 Marker Locator is capable of locating all models of passive markers that are properly installed. It detects industry standard electronic marker frequencies. This locator has simplified integrated interfaces with precision locating capabilities. A GPS communication system is incorporated into this locator to provide GIS mapping of electronic markers. The locator operates at a temperature of 4 to 122 \u00b0F ( 20 to 50 \u00b0C).","robots":{"index":"index","follow":"follow","max-snippet":"max-snippet:-1","max-image-preview":"max-image-preview:large","max-video-preview":"max-video-preview:-1"},"canonical":"https:\/\/equipmentcontrols.com\/es\/producto\/3m-dynatel-1420-id-2\/","og_locale":"es_MX","og_type":"article","og_title":"3M Dynatel 1420 ID","og_description":"3M\u2122 Dynatel\u2122 1420 Marker Locator estimates exact location of underground markers. This locator reads, writes and locates iD markers. It locates 2 different marker frequencies simultaneously. The lightweight, easy to use construction of this locator offers excellent balance and ergonomics. It features a large backlit, high resolution graphic display to show the location of the markers.3M\u2122 Dynatel\u2122 1420 Marker Locator is capable of locating all models of passive markers that are properly installed. It detects industry standard electronic marker frequencies. This locator has simplified integrated interfaces with precision locating capabilities. A GPS communication system is incorporated into this locator to provide GIS mapping of electronic markers. The locator operates at a temperature of 4 to 122 \u00b0F ( 20 to 50 \u00b0C).","og_url":"https:\/\/equipmentcontrols.com\/es\/producto\/3m-dynatel-1420-id-2\/","og_site_name":"ECCO","article_modified_time":"2020-05-01T03:22:37+00:00","og_image":[{"width":860,"height":860,"url":"https:\/\/equipmentcontrols.com\/wp-content\/uploads\/2020\/05\/3M20Dynatel20142020ID20Locator20No20Battery.jpg","type":"image\/jpeg"}],"twitter_card":"summary_large_image","twitter_misc":{"Tiempo de lectura":"1 minuto"},"schema":{"@context":"https:\/\/schema.org","@graph":[{"@type":"WebPage","@id":"https:\/\/equipmentcontrols.com\/product\/3m-dynatel-1420-id-2\/","url":"https:\/\/equipmentcontrols.com\/product\/3m-dynatel-1420-id-2\/","name":"3M Dynatel 1420 ID - ECCO","isPartOf":{"@id":"https:\/\/equipmentcontrols.com\/#website"},"primaryImageOfPage":{"@id":"https:\/\/equipmentcontrols.com\/product\/3m-dynatel-1420-id-2\/#primaryimage"},"image":{"@id":"https:\/\/equipmentcontrols.com\/product\/3m-dynatel-1420-id-2\/#primaryimage"},"thumbnailUrl":"https:\/\/equipmentcontrols.com\/wp-content\/uploads\/2020\/05\/3M20Dynatel20142020ID20Locator20No20Battery.jpg","datePublished":"2020-05-01T01:38:12+00:00","dateModified":"2020-05-01T03:22:37+00:00","description":"3M\u2122 Dynatel\u2122 1420 Marker Locator estimates exact location of underground markers. This locator reads, writes and locates iD markers. It locates 2 different marker frequencies simultaneously. The lightweight, easy to use construction of this locator offers excellent balance and ergonomics. It features a large backlit, high resolution graphic display to show the location of the markers.3M\u2122 Dynatel\u2122 1420 Marker Locator is capable of locating all models of passive markers that are properly installed. It detects industry standard electronic marker frequencies. This locator has simplified integrated interfaces with precision locating capabilities. A GPS communication system is incorporated into this locator to provide GIS mapping of electronic markers. The locator operates at a temperature of 4 to 122 \u00b0F ( 20 to 50 \u00b0C).","breadcrumb":{"@id":"https:\/\/equipmentcontrols.com\/product\/3m-dynatel-1420-id-2\/#breadcrumb"},"inLanguage":"es","potentialAction":[{"@type":"ReadAction","target":["https:\/\/equipmentcontrols.com\/product\/3m-dynatel-1420-id-2\/"]}]},{"@type":"ImageObject","inLanguage":"es","@id":"https:\/\/equipmentcontrols.com\/product\/3m-dynatel-1420-id-2\/#primaryimage","url":"https:\/\/equipmentcontrols.com\/wp-content\/uploads\/2020\/05\/3M20Dynatel20142020ID20Locator20No20Battery.jpg","contentUrl":"https:\/\/equipmentcontrols.com\/wp-content\/uploads\/2020\/05\/3M20Dynatel20142020ID20Locator20No20Battery.jpg","width":860,"height":860,"caption":"3M20Dynatel20142020ID20Locator20No20Battery"},{"@type":"BreadcrumbList","@id":"https:\/\/equipmentcontrols.com\/product\/3m-dynatel-1420-id-2\/#breadcrumb","itemListElement":[{"@type":"ListItem","position":1,"name":"Home","item":"https:\/\/equipmentcontrols.com\/"},{"@type":"ListItem","position":2,"name":"Shop","item":"https:\/\/equipmentcontrols.com\/shop\/"},{"@type":"ListItem","position":3,"name":"3M Dynatel 1420 ID"}]},{"@type":"WebSite","@id":"https:\/\/equipmentcontrols.com\/#website","url":"https:\/\/equipmentcontrols.com\/","name":"ECCO","description":"Empresa de Control de Equipos","potentialAction":[{"@type":"SearchAction","target":{"@type":"EntryPoint","urlTemplate":"https:\/\/equipmentcontrols.com\/?s={search_term_string}"},"query-input":{"@type":"PropertyValueSpecification","valueRequired":true,"valueName":"search_term_string"}}],"inLanguage":"es"}]}},"_links":{"self":[{"href":"https:\/\/equipmentcontrols.com\/es\/wp-json\/wp\/v2\/product\/940","targetHints":{"allow":["GET"]}}],"collection":[{"href":"https:\/\/equipmentcontrols.com\/es\/wp-json\/wp\/v2\/product"}],"about":[{"href":"https:\/\/equipmentcontrols.com\/es\/wp-json\/wp\/v2\/types\/product"}],"wp:featuredmedia":[{"embeddable":true,"href":"https:\/\/equipmentcontrols.com\/es\/wp-json\/wp\/v2\/media\/925"}],"wp:attachment":[{"href":"https:\/\/equipmentcontrols.com\/es\/wp-json\/wp\/v2\/media?parent=940"}],"wp:term":[{"taxonomy":"product_brand","embeddable":true,"href":"https:\/\/equipmentcontrols.com\/es\/wp-json\/wp\/v2\/product_brand?post=940"},{"taxonomy":"product_cat","embeddable":true,"href":"https:\/\/equipmentcontrols.com\/es\/wp-json\/wp\/v2\/product_cat?post=940"},{"taxonomy":"product_tag","embeddable":true,"href":"https:\/\/equipmentcontrols.com\/es\/wp-json\/wp\/v2\/product_tag?post=940"}],"curies":[{"name":"wp","href":"https:\/\/api.w.org\/{rel}","templated":true}]}}