{"id":939,"date":"2020-05-01T01:38:12","date_gmt":"2020-05-01T01:38:12","guid":{"rendered":"https:\/\/econtrols.stagemysite.com\/product\/3m-dynatel-2573-id-2\/"},"modified":"2020-05-01T03:18:25","modified_gmt":"2020-05-01T03:18:25","slug":"3m-dynatel-2573-id-2","status":"publish","type":"product","link":"https:\/\/equipmentcontrols.com\/es\/producto\/3m-dynatel-2573-id-2\/","title":{"rendered":"3M Dynatel 2573-iD"},"content":{"rendered":"<p><strong>3M\u2122 Dynatel\u2122 Localizador de tuber\u00edas\/cables\/fallas y marcadores 2573-iD\/C12, 1\/caja<\/strong><\/p>\n<p>Seis frecuencias de rastreo activas que se pueden usar de forma individual o simult\u00e1nea para proporcionar una soluci\u00f3n para pr\u00e1cticamente todas las aplicaciones desafiantes que se encuentran en el campo. El receptor incorpora potencia pasiva y frecuencias auxiliares que no requieren el uso del transmisor.<\/p>\n<p>Interfaz de mapeo de vista de seguimiento que proporciona una pantalla de mapeo intuitiva que muestra la ruta de servicios p\u00fablicos combinada con un conjunto de antenas basado en antenas de pico de precisi\u00f3n para brindar la m\u00e1xima confianza en la ubicaci\u00f3n de los servicios p\u00fablicos.<\/p>\n<p><strong>Detalles:<\/strong><\/p>\n<p>\u2022 Seis frecuencias de rastreo activas que se pueden usar de forma individual o simult\u00e1nea para proporcionar una soluci\u00f3n para pr\u00e1cticamente todas las aplicaciones desafiantes que se encuentran en el campo. El receptor incorpora potencia pasiva y frecuencias auxiliares que no requieren el uso del transmisor.<br \/>\n\u2022 Interfaz de mapeo de vista de seguimiento que proporciona una pantalla de mapeo intuitiva que muestra la ruta de servicios p\u00fablicos combinada con un conjunto de antenas basado en antenas de pico de precisi\u00f3n para proporcionar la m\u00e1xima confianza en la ubicaci\u00f3n de los servicios p\u00fablicos.<br \/>\n\u2022 Cinco modos de operaci\u00f3n: vista de seguimiento, pico direccional, nulo direccional, pico especial y pico de inducci\u00f3n, para ubicaciones precisas, incluso en \u00e1reas congestionadas.<br \/>\n\u2022 El modo direccional utiliza un dise\u00f1o de antena de pico completo para mejorar la orientaci\u00f3n izquierda\/derecha y localizaciones precisas en condiciones dif\u00edciles.<br \/>\n\u2022 Compatibilidad con determinados instrumentos de mapeo de campo GPS\/GIS para el mapeo en tiempo real de marcadores electr\u00f3nicos o instalaciones de tuber\u00edas y cables<\/p>\n<p>Dise\u00f1ados para ser m\u00e1s precisos, m\u00e1s r\u00e1pidos y m\u00e1s integrados que la mayor\u00eda de los localizadores del mercado, los localizadores de la serie 2550\/2573 de 3M\u2122 Dynatel\u2122 representan un avance en la tecnolog\u00eda de localizaci\u00f3n y detecci\u00f3n de fallas para el profesional de campo. Al ofrecer un amplio conjunto de funciones con procesamiento digital avanzado, los localizadores de la serie 2550\/2573 combinan interfaces simples con capacidades de localizaci\u00f3n de precisi\u00f3n.<\/p>\n<p><strong>Las caracter\u00edsticas incluyen:<\/strong><\/p>\n<p>Seis frecuencias activas para conexi\u00f3n directa<br \/>\nModo de visualizaci\u00f3n de mapeo de vista de seguimiento<br \/>\nCuatro frecuencias de inducci\u00f3n con potencia de salida m\u00e1xima permitida<br \/>\nTodos los modos de frecuencia en conexi\u00f3n directa (cuatro simult\u00e1neamente)<br \/>\nCapacidad EMS iD en modelos selectos<\/p>\n<p><strong>Descargas:<\/strong><br \/>\n<a href=\"https:\/\/equipmentcontrols.com\/wp-content\/uploads\/2020\/04\/3M-Dynatel-Model-1420-EMS-Marker-Locator.pdf\">Folleto de 3M Dynatel<\/a><br \/>\n<a href=\"https:\/\/equipmentcontrols.com\/wp-content\/uploads\/2020\/04\/EMD-Locating-Marking-PB-8008468-LR.pdf\">Hoja de datos de marcado de localizaci\u00f3n de EMD<\/a><\/p>","protected":false},"excerpt":{"rendered":"<p>3M\u2122 Dynatel\u2122 Pipe\/Cable\/Fault and Marker Locator 2573-iD\/C12, 1\/Case Six active trace frequencies which can be used individually or simultaneously to providing a solution for virtually all challenging applications encountered in the field. The receiver incorporates passive power and auxiliary frequencies that do not require the use of the transmitter. Trace view mapping interface that provides [&hellip;]<\/p>\n","protected":false},"featured_media":923,"template":"","meta":[],"product_brand":[],"product_cat":[54,25],"product_tag":[],"class_list":{"0":"post-939","1":"product","2":"type-product","3":"status-publish","4":"has-post-thumbnail","6":"product_cat-3m","7":"product_cat-utility-locators-marking-systems","9":"first","10":"instock","11":"shipping-taxable","12":"product-type-simple"},"yoast_head":"<!-- This site is optimized with the Yoast SEO Premium plugin v23.9 (Yoast SEO v27.2) - https:\/\/yoast.com\/product\/yoast-seo-premium-wordpress\/ -->\n<title>3M Dynatel 2573-iD - ECCO<\/title>\n<meta name=\"description\" content=\"3M\u2122 Dynatel\u2122 Pipe\/Cable\/Fault and Marker Locator 2573-iD\/C12 - Six active trace frequencies which can be used individually or simultaneously to providing a solution for virtually all challenging applications encountered in the field. The receiver incorporates passive power and auxiliary frequencies that do not require the use of the transmitter.Trace view mapping interface that provides an intuitive mapping display showing the utility path combined with a precision peak antenna based antenna array to provide the utmost confidence in utility location.\" \/>\n<meta name=\"robots\" content=\"index, follow, max-snippet:-1, max-image-preview:large, max-video-preview:-1\" \/>\n<link rel=\"canonical\" href=\"https:\/\/equipmentcontrols.com\/es\/producto\/3m-dynatel-2573-id-2\/\" \/>\n<meta property=\"og:locale\" content=\"es_MX\" \/>\n<meta property=\"og:type\" content=\"article\" \/>\n<meta property=\"og:title\" content=\"3M Dynatel 2573-iD\" \/>\n<meta property=\"og:description\" content=\"3M\u2122 Dynatel\u2122 Pipe\/Cable\/Fault and Marker Locator 2573-iD\/C12 - Six active trace frequencies which can be used individually or simultaneously to providing a solution for virtually all challenging applications encountered in the field. The receiver incorporates passive power and auxiliary frequencies that do not require the use of the transmitter.Trace view mapping interface that provides an intuitive mapping display showing the utility path combined with a precision peak antenna based antenna array to provide the utmost confidence in utility location.\" \/>\n<meta property=\"og:url\" content=\"https:\/\/equipmentcontrols.com\/es\/producto\/3m-dynatel-2573-id-2\/\" \/>\n<meta property=\"og:site_name\" content=\"ECCO\" \/>\n<meta property=\"article:modified_time\" content=\"2020-05-01T03:18:25+00:00\" \/>\n<meta property=\"og:image\" content=\"https:\/\/equipmentcontrols.com\/wp-content\/uploads\/2020\/05\/3M20Dynatel20PipeCableFault20and20Marker20Locator202573-iDU12.jpg\" \/>\n\t<meta property=\"og:image:width\" content=\"860\" \/>\n\t<meta property=\"og:image:height\" content=\"860\" \/>\n\t<meta property=\"og:image:type\" content=\"image\/jpeg\" \/>\n<meta name=\"twitter:card\" content=\"summary_large_image\" \/>\n<meta name=\"twitter:label1\" content=\"Tiempo de lectura\" \/>\n\t<meta name=\"twitter:data1\" content=\"2 minutos\" \/>\n<script type=\"application\/ld+json\" class=\"yoast-schema-graph\">{\"@context\":\"https:\/\/schema.org\",\"@graph\":[{\"@type\":\"WebPage\",\"@id\":\"https:\/\/equipmentcontrols.com\/product\/3m-dynatel-2573-id-2\/\",\"url\":\"https:\/\/equipmentcontrols.com\/product\/3m-dynatel-2573-id-2\/\",\"name\":\"3M Dynatel 2573-iD - ECCO\",\"isPartOf\":{\"@id\":\"https:\/\/equipmentcontrols.com\/#website\"},\"primaryImageOfPage\":{\"@id\":\"https:\/\/equipmentcontrols.com\/product\/3m-dynatel-2573-id-2\/#primaryimage\"},\"image\":{\"@id\":\"https:\/\/equipmentcontrols.com\/product\/3m-dynatel-2573-id-2\/#primaryimage\"},\"thumbnailUrl\":\"https:\/\/equipmentcontrols.com\/wp-content\/uploads\/2020\/05\/3M20Dynatel20PipeCableFault20and20Marker20Locator202573-iDU12.jpg\",\"datePublished\":\"2020-05-01T01:38:12+00:00\",\"dateModified\":\"2020-05-01T03:18:25+00:00\",\"description\":\"3M\u2122 Dynatel\u2122 Pipe\/Cable\/Fault and Marker Locator 2573-iD\/C12 - Six active trace frequencies which can be used individually or simultaneously to providing a solution for virtually all challenging applications encountered in the field. The receiver incorporates passive power and auxiliary frequencies that do not require the use of the transmitter.Trace view mapping interface that provides an intuitive mapping display showing the utility path combined with a precision peak antenna based antenna array to provide the utmost confidence in utility location.\",\"breadcrumb\":{\"@id\":\"https:\/\/equipmentcontrols.com\/product\/3m-dynatel-2573-id-2\/#breadcrumb\"},\"inLanguage\":\"es\",\"potentialAction\":[{\"@type\":\"ReadAction\",\"target\":[\"https:\/\/equipmentcontrols.com\/product\/3m-dynatel-2573-id-2\/\"]}]},{\"@type\":\"ImageObject\",\"inLanguage\":\"es\",\"@id\":\"https:\/\/equipmentcontrols.com\/product\/3m-dynatel-2573-id-2\/#primaryimage\",\"url\":\"https:\/\/equipmentcontrols.com\/wp-content\/uploads\/2020\/05\/3M20Dynatel20PipeCableFault20and20Marker20Locator202573-iDU12.jpg\",\"contentUrl\":\"https:\/\/equipmentcontrols.com\/wp-content\/uploads\/2020\/05\/3M20Dynatel20PipeCableFault20and20Marker20Locator202573-iDU12.jpg\",\"width\":860,\"height\":860,\"caption\":\"3M20Dynatel20PipeCableFault20and20Marker20Locator202573-iDU12.jpg\"},{\"@type\":\"BreadcrumbList\",\"@id\":\"https:\/\/equipmentcontrols.com\/product\/3m-dynatel-2573-id-2\/#breadcrumb\",\"itemListElement\":[{\"@type\":\"ListItem\",\"position\":1,\"name\":\"Home\",\"item\":\"https:\/\/equipmentcontrols.com\/\"},{\"@type\":\"ListItem\",\"position\":2,\"name\":\"Shop\",\"item\":\"https:\/\/equipmentcontrols.com\/shop\/\"},{\"@type\":\"ListItem\",\"position\":3,\"name\":\"3M Dynatel 2573-iD\"}]},{\"@type\":\"WebSite\",\"@id\":\"https:\/\/equipmentcontrols.com\/#website\",\"url\":\"https:\/\/equipmentcontrols.com\/\",\"name\":\"ECCO\",\"description\":\"Equipment Controls Company\",\"potentialAction\":[{\"@type\":\"SearchAction\",\"target\":{\"@type\":\"EntryPoint\",\"urlTemplate\":\"https:\/\/equipmentcontrols.com\/?s={search_term_string}\"},\"query-input\":{\"@type\":\"PropertyValueSpecification\",\"valueRequired\":true,\"valueName\":\"search_term_string\"}}],\"inLanguage\":\"es\"}]}<\/script>\n<!-- \/ Yoast SEO Premium plugin. -->","yoast_head_json":{"title":"3M Dynatel 2573-iD - ECCO","description":"3M\u2122 Dynatel\u2122 Pipe\/Cable\/Fault and Marker Locator 2573-iD\/C12 - Six active trace frequencies which can be used individually or simultaneously to providing a solution for virtually all challenging applications encountered in the field. The receiver incorporates passive power and auxiliary frequencies that do not require the use of the transmitter.Trace view mapping interface that provides an intuitive mapping display showing the utility path combined with a precision peak antenna based antenna array to provide the utmost confidence in utility location.","robots":{"index":"index","follow":"follow","max-snippet":"max-snippet:-1","max-image-preview":"max-image-preview:large","max-video-preview":"max-video-preview:-1"},"canonical":"https:\/\/equipmentcontrols.com\/es\/producto\/3m-dynatel-2573-id-2\/","og_locale":"es_MX","og_type":"article","og_title":"3M Dynatel 2573-iD","og_description":"3M\u2122 Dynatel\u2122 Pipe\/Cable\/Fault and Marker Locator 2573-iD\/C12 - Six active trace frequencies which can be used individually or simultaneously to providing a solution for virtually all challenging applications encountered in the field. The receiver incorporates passive power and auxiliary frequencies that do not require the use of the transmitter.Trace view mapping interface that provides an intuitive mapping display showing the utility path combined with a precision peak antenna based antenna array to provide the utmost confidence in utility location.","og_url":"https:\/\/equipmentcontrols.com\/es\/producto\/3m-dynatel-2573-id-2\/","og_site_name":"ECCO","article_modified_time":"2020-05-01T03:18:25+00:00","og_image":[{"width":860,"height":860,"url":"https:\/\/equipmentcontrols.com\/wp-content\/uploads\/2020\/05\/3M20Dynatel20PipeCableFault20and20Marker20Locator202573-iDU12.jpg","type":"image\/jpeg"}],"twitter_card":"summary_large_image","twitter_misc":{"Tiempo de lectura":"2 minutos"},"schema":{"@context":"https:\/\/schema.org","@graph":[{"@type":"WebPage","@id":"https:\/\/equipmentcontrols.com\/product\/3m-dynatel-2573-id-2\/","url":"https:\/\/equipmentcontrols.com\/product\/3m-dynatel-2573-id-2\/","name":"3M Dynatel 2573-iD - ECCO","isPartOf":{"@id":"https:\/\/equipmentcontrols.com\/#website"},"primaryImageOfPage":{"@id":"https:\/\/equipmentcontrols.com\/product\/3m-dynatel-2573-id-2\/#primaryimage"},"image":{"@id":"https:\/\/equipmentcontrols.com\/product\/3m-dynatel-2573-id-2\/#primaryimage"},"thumbnailUrl":"https:\/\/equipmentcontrols.com\/wp-content\/uploads\/2020\/05\/3M20Dynatel20PipeCableFault20and20Marker20Locator202573-iDU12.jpg","datePublished":"2020-05-01T01:38:12+00:00","dateModified":"2020-05-01T03:18:25+00:00","description":"3M\u2122 Dynatel\u2122 Pipe\/Cable\/Fault and Marker Locator 2573-iD\/C12 - Six active trace frequencies which can be used individually or simultaneously to providing a solution for virtually all challenging applications encountered in the field. The receiver incorporates passive power and auxiliary frequencies that do not require the use of the transmitter.Trace view mapping interface that provides an intuitive mapping display showing the utility path combined with a precision peak antenna based antenna array to provide the utmost confidence in utility location.","breadcrumb":{"@id":"https:\/\/equipmentcontrols.com\/product\/3m-dynatel-2573-id-2\/#breadcrumb"},"inLanguage":"es","potentialAction":[{"@type":"ReadAction","target":["https:\/\/equipmentcontrols.com\/product\/3m-dynatel-2573-id-2\/"]}]},{"@type":"ImageObject","inLanguage":"es","@id":"https:\/\/equipmentcontrols.com\/product\/3m-dynatel-2573-id-2\/#primaryimage","url":"https:\/\/equipmentcontrols.com\/wp-content\/uploads\/2020\/05\/3M20Dynatel20PipeCableFault20and20Marker20Locator202573-iDU12.jpg","contentUrl":"https:\/\/equipmentcontrols.com\/wp-content\/uploads\/2020\/05\/3M20Dynatel20PipeCableFault20and20Marker20Locator202573-iDU12.jpg","width":860,"height":860,"caption":"3M20Dynatel20PipeCableFault20and20Marker20Locator202573-iDU12.jpg"},{"@type":"BreadcrumbList","@id":"https:\/\/equipmentcontrols.com\/product\/3m-dynatel-2573-id-2\/#breadcrumb","itemListElement":[{"@type":"ListItem","position":1,"name":"Home","item":"https:\/\/equipmentcontrols.com\/"},{"@type":"ListItem","position":2,"name":"Shop","item":"https:\/\/equipmentcontrols.com\/shop\/"},{"@type":"ListItem","position":3,"name":"3M Dynatel 2573-iD"}]},{"@type":"WebSite","@id":"https:\/\/equipmentcontrols.com\/#website","url":"https:\/\/equipmentcontrols.com\/","name":"ECCO","description":"Empresa de Control de Equipos","potentialAction":[{"@type":"SearchAction","target":{"@type":"EntryPoint","urlTemplate":"https:\/\/equipmentcontrols.com\/?s={search_term_string}"},"query-input":{"@type":"PropertyValueSpecification","valueRequired":true,"valueName":"search_term_string"}}],"inLanguage":"es"}]}},"_links":{"self":[{"href":"https:\/\/equipmentcontrols.com\/es\/wp-json\/wp\/v2\/product\/939","targetHints":{"allow":["GET"]}}],"collection":[{"href":"https:\/\/equipmentcontrols.com\/es\/wp-json\/wp\/v2\/product"}],"about":[{"href":"https:\/\/equipmentcontrols.com\/es\/wp-json\/wp\/v2\/types\/product"}],"wp:featuredmedia":[{"embeddable":true,"href":"https:\/\/equipmentcontrols.com\/es\/wp-json\/wp\/v2\/media\/923"}],"wp:attachment":[{"href":"https:\/\/equipmentcontrols.com\/es\/wp-json\/wp\/v2\/media?parent=939"}],"wp:term":[{"taxonomy":"product_brand","embeddable":true,"href":"https:\/\/equipmentcontrols.com\/es\/wp-json\/wp\/v2\/product_brand?post=939"},{"taxonomy":"product_cat","embeddable":true,"href":"https:\/\/equipmentcontrols.com\/es\/wp-json\/wp\/v2\/product_cat?post=939"},{"taxonomy":"product_tag","embeddable":true,"href":"https:\/\/equipmentcontrols.com\/es\/wp-json\/wp\/v2\/product_tag?post=939"}],"curies":[{"name":"wp","href":"https:\/\/api.w.org\/{rel}","templated":true}]}}