{"id":836,"date":"2020-04-30T16:50:18","date_gmt":"2020-04-30T16:50:18","guid":{"rendered":"https:\/\/econtrols.stagemysite.com\/product\/lz30\/"},"modified":"2022-09-30T17:23:55","modified_gmt":"2022-09-30T17:23:55","slug":"lz30","status":"publish","type":"product","link":"https:\/\/equipmentcontrols.com\/es\/producto\/lz30\/","title":{"rendered":"SENSIT\u00ae LZ-30"},"content":{"rendered":"<p><strong>GAS\u2022TRAC\u00ae LZ-30<\/strong><br \/>\n<strong>Detector de fugas de gas remoto l\u00e1ser de mano<\/strong><br \/>\nEl GAS\u2022TRAC\u00ae LZ-30 de SENSIT Technologies es un detector de fugas compacto espec\u00edfico para metano que proporciona lecturas r\u00e1pidas y precisas a distancias de hasta 100 pies.<\/p>\n<p>El LZ-30 utiliza la tecnolog\u00eda TDLAS (espectroscopia de absorci\u00f3n l\u00e1ser de diodo sintonizable) para proporcionar respuestas instant\u00e1neas y precisas a la presencia de gas metano.<\/p>\n<p>Dise\u00f1ado para tener un precio competitivo, el LZ-30 es perfecto para \u00e1reas de dif\u00edcil acceso, eliminando la necesidad de acceder directamente a la columna de gas, subir a \u00e1reas elevadas o acceder a propiedades cercadas u otras situaciones potencialmente peligrosas.<\/p>\n<p>La NUEVA aplicaci\u00f3n SMART-LINK LIVE satisface la creciente demanda de seguimiento y trazabilidad. Permite al usuario mantener la vista en el objetivo mientras la transmisi\u00f3n de datos del LZ-30 se captura dentro de la aplicaci\u00f3n.<\/p>\n<p>La aplicaci\u00f3n registra la fecha, la hora, las coordenadas GPS y las mediciones de gas. Las sesiones se pueden exportar desde el tel\u00e9fono\/tableta en m\u00faltiples formatos. Con la captura de im\u00e1genes incorporada, el usuario puede asociar cualquier lectura con una imagen o incluso informar un problema de corrosi\u00f3n.<\/p>\n<p><strong>Detecte fugas de gas metano de manera r\u00e1pida y segura en \u00e1reas de dif\u00edcil acceso con el GAS-TRAC\u00ae LZ-30<\/strong><\/p>\n<p><strong>Caracter\u00edsticas:<\/strong><br \/>\n\u2022 metano selectivo<br \/>\n\u2022 Rango de detecci\u00f3n de 100 pies<br \/>\n\u2022 Detecci\u00f3n continua<br \/>\n\u2022 Bater\u00eda recargable<br \/>\n\u2022 Puntos de alarma ajustables<br \/>\n\u2022 Facil mantenimiento<br \/>\n\u2022 Dise\u00f1o ergonomico<br \/>\n\u2022 Cal Cell integrada en el estuche de transporte<\/p>\n<p><strong>Descargas:<\/strong><br \/>\n<a href=\"https:\/\/equipmentcontrols.com\/wp-content\/uploads\/2022\/09\/LZ-30-Brochure-REV-11-5-2021.pdf\">Folleto de GAS-TRAC-LZ-30<\/a><br \/>\n<a href=\"https:\/\/equipmentcontrols.com\/wp-content\/uploads\/2022\/09\/GAS-TRAC-LZ-30-Instruction-Manual.pdf\">Manual de instrucciones GAS-TRAC-LZ-30<\/a><\/p>","protected":false},"excerpt":{"rendered":"<p>GAS\u2022TRAC\u00ae LZ-30 Hand-Held Laser Remote Gas Leak Detector The GAS\u2022TRAC\u00ae LZ-30 from SENSIT Technologies is a compact methane-specific leak detector that provides fast and accurate readings at distances up to 100 feet. The LZ-30 utilizes TDLAS (tunable diode laser absorption spectroscopy) technology to provide instantaneous and accurate responses to the presence of methane gas. Designed [&hellip;]<\/p>\n","protected":false},"featured_media":835,"template":"","meta":[],"product_brand":[],"product_cat":[24,50],"product_tag":[],"class_list":{"0":"post-836","1":"product","2":"type-product","3":"status-publish","4":"has-post-thumbnail","6":"product_cat-leak-detection","7":"product_cat-sensit","9":"first","10":"instock","11":"shipping-taxable","12":"product-type-simple"},"yoast_head":"<!-- This site is optimized with the Yoast SEO Premium plugin v23.9 (Yoast SEO v27.3) - https:\/\/yoast.com\/product\/yoast-seo-premium-wordpress\/ -->\n<title>SENSIT\u00ae LZ-30 - ECCO<\/title>\n<meta name=\"description\" content=\"The GAS\u2022TRAC\u00ae LZ-30 from SENSIT Technologies is a compact methane-specific leak detector that provides fast and accurate readings at distances up to 100 feet and utilizes TDLAS (tunable diode laser absorption spectroscopy) technology to provide instantaneous and accurate responses to the presence of methane gas.\" \/>\n<meta name=\"robots\" content=\"index, follow, max-snippet:-1, max-image-preview:large, max-video-preview:-1\" \/>\n<link rel=\"canonical\" href=\"https:\/\/equipmentcontrols.com\/es\/producto\/lz30\/\" \/>\n<meta property=\"og:locale\" content=\"es_MX\" \/>\n<meta property=\"og:type\" content=\"article\" \/>\n<meta property=\"og:title\" content=\"SENSIT\u00ae LZ-30\" \/>\n<meta property=\"og:description\" content=\"The GAS\u2022TRAC\u00ae LZ-30 from SENSIT Technologies is a compact methane-specific leak detector that provides fast and accurate readings at distances up to 100 feet and utilizes TDLAS (tunable diode laser absorption spectroscopy) technology to provide instantaneous and accurate responses to the presence of methane gas.\" \/>\n<meta property=\"og:url\" content=\"https:\/\/equipmentcontrols.com\/es\/producto\/lz30\/\" \/>\n<meta property=\"og:site_name\" content=\"ECCO\" \/>\n<meta property=\"article:modified_time\" content=\"2022-09-30T17:23:55+00:00\" \/>\n<meta property=\"og:image\" content=\"https:\/\/equipmentcontrols.com\/wp-content\/uploads\/2020\/04\/SENSIT20GasTrac20LZ-3020Hand-Held20Laser20Remote20Gas20Leak20Detector.jpg\" \/>\n\t<meta property=\"og:image:width\" content=\"860\" \/>\n\t<meta property=\"og:image:height\" content=\"860\" \/>\n\t<meta property=\"og:image:type\" content=\"image\/jpeg\" \/>\n<meta name=\"twitter:card\" content=\"summary_large_image\" \/>\n<meta name=\"twitter:label1\" content=\"Tiempo de lectura\" \/>\n\t<meta name=\"twitter:data1\" content=\"1 minuto\" \/>\n<script type=\"application\/ld+json\" class=\"yoast-schema-graph\">{\"@context\":\"https:\\\/\\\/schema.org\",\"@graph\":[{\"@type\":\"WebPage\",\"@id\":\"https:\\\/\\\/equipmentcontrols.com\\\/product\\\/lz30\\\/\",\"url\":\"https:\\\/\\\/equipmentcontrols.com\\\/product\\\/lz30\\\/\",\"name\":\"SENSIT\u00ae LZ-30 - ECCO\",\"isPartOf\":{\"@id\":\"https:\\\/\\\/equipmentcontrols.com\\\/#website\"},\"primaryImageOfPage\":{\"@id\":\"https:\\\/\\\/equipmentcontrols.com\\\/product\\\/lz30\\\/#primaryimage\"},\"image\":{\"@id\":\"https:\\\/\\\/equipmentcontrols.com\\\/product\\\/lz30\\\/#primaryimage\"},\"thumbnailUrl\":\"https:\\\/\\\/equipmentcontrols.com\\\/wp-content\\\/uploads\\\/2020\\\/04\\\/SENSIT20GasTrac20LZ-3020Hand-Held20Laser20Remote20Gas20Leak20Detector.jpg\",\"datePublished\":\"2020-04-30T16:50:18+00:00\",\"dateModified\":\"2022-09-30T17:23:55+00:00\",\"description\":\"The GAS\u2022TRAC\u00ae LZ-30 from SENSIT Technologies is a compact methane-specific leak detector that provides fast and accurate readings at distances up to 100 feet and utilizes TDLAS (tunable diode laser absorption spectroscopy) technology to provide instantaneous and accurate responses to the presence of methane gas.\",\"breadcrumb\":{\"@id\":\"https:\\\/\\\/equipmentcontrols.com\\\/product\\\/lz30\\\/#breadcrumb\"},\"inLanguage\":\"es\",\"potentialAction\":[{\"@type\":\"ReadAction\",\"target\":[\"https:\\\/\\\/equipmentcontrols.com\\\/product\\\/lz30\\\/\"]}]},{\"@type\":\"ImageObject\",\"inLanguage\":\"es\",\"@id\":\"https:\\\/\\\/equipmentcontrols.com\\\/product\\\/lz30\\\/#primaryimage\",\"url\":\"https:\\\/\\\/equipmentcontrols.com\\\/wp-content\\\/uploads\\\/2020\\\/04\\\/SENSIT20GasTrac20LZ-3020Hand-Held20Laser20Remote20Gas20Leak20Detector.jpg\",\"contentUrl\":\"https:\\\/\\\/equipmentcontrols.com\\\/wp-content\\\/uploads\\\/2020\\\/04\\\/SENSIT20GasTrac20LZ-3020Hand-Held20Laser20Remote20Gas20Leak20Detector.jpg\",\"width\":860,\"height\":860,\"caption\":\"SENSIT20GasTrac20LZ-3020Hand-Held20Laser20Remote20Gas20Leak20Detector.jpg\"},{\"@type\":\"BreadcrumbList\",\"@id\":\"https:\\\/\\\/equipmentcontrols.com\\\/product\\\/lz30\\\/#breadcrumb\",\"itemListElement\":[{\"@type\":\"ListItem\",\"position\":1,\"name\":\"Home\",\"item\":\"https:\\\/\\\/equipmentcontrols.com\\\/\"},{\"@type\":\"ListItem\",\"position\":2,\"name\":\"Shop\",\"item\":\"https:\\\/\\\/equipmentcontrols.com\\\/shop\\\/\"},{\"@type\":\"ListItem\",\"position\":3,\"name\":\"SENSIT\u00ae LZ-30\"}]},{\"@type\":\"WebSite\",\"@id\":\"https:\\\/\\\/equipmentcontrols.com\\\/#website\",\"url\":\"https:\\\/\\\/equipmentcontrols.com\\\/\",\"name\":\"ECCO\",\"description\":\"Equipment Controls Company\",\"potentialAction\":[{\"@type\":\"SearchAction\",\"target\":{\"@type\":\"EntryPoint\",\"urlTemplate\":\"https:\\\/\\\/equipmentcontrols.com\\\/?s={search_term_string}\"},\"query-input\":{\"@type\":\"PropertyValueSpecification\",\"valueRequired\":true,\"valueName\":\"search_term_string\"}}],\"inLanguage\":\"es\"}]}<\/script>\n<!-- \/ Yoast SEO Premium plugin. -->","yoast_head_json":{"title":"SENSIT\u00ae LZ-30 - ECCO","description":"The GAS\u2022TRAC\u00ae LZ-30 from SENSIT Technologies is a compact methane-specific leak detector that provides fast and accurate readings at distances up to 100 feet and utilizes TDLAS (tunable diode laser absorption spectroscopy) technology to provide instantaneous and accurate responses to the presence of methane gas.","robots":{"index":"index","follow":"follow","max-snippet":"max-snippet:-1","max-image-preview":"max-image-preview:large","max-video-preview":"max-video-preview:-1"},"canonical":"https:\/\/equipmentcontrols.com\/es\/producto\/lz30\/","og_locale":"es_MX","og_type":"article","og_title":"SENSIT\u00ae LZ-30","og_description":"The GAS\u2022TRAC\u00ae LZ-30 from SENSIT Technologies is a compact methane-specific leak detector that provides fast and accurate readings at distances up to 100 feet and utilizes TDLAS (tunable diode laser absorption spectroscopy) technology to provide instantaneous and accurate responses to the presence of methane gas.","og_url":"https:\/\/equipmentcontrols.com\/es\/producto\/lz30\/","og_site_name":"ECCO","article_modified_time":"2022-09-30T17:23:55+00:00","og_image":[{"width":860,"height":860,"url":"https:\/\/equipmentcontrols.com\/wp-content\/uploads\/2020\/04\/SENSIT20GasTrac20LZ-3020Hand-Held20Laser20Remote20Gas20Leak20Detector.jpg","type":"image\/jpeg"}],"twitter_card":"summary_large_image","twitter_misc":{"Tiempo de lectura":"1 minuto"},"schema":{"@context":"https:\/\/schema.org","@graph":[{"@type":"WebPage","@id":"https:\/\/equipmentcontrols.com\/product\/lz30\/","url":"https:\/\/equipmentcontrols.com\/product\/lz30\/","name":"SENSIT\u00ae LZ-30 - ECCO","isPartOf":{"@id":"https:\/\/equipmentcontrols.com\/#website"},"primaryImageOfPage":{"@id":"https:\/\/equipmentcontrols.com\/product\/lz30\/#primaryimage"},"image":{"@id":"https:\/\/equipmentcontrols.com\/product\/lz30\/#primaryimage"},"thumbnailUrl":"https:\/\/equipmentcontrols.com\/wp-content\/uploads\/2020\/04\/SENSIT20GasTrac20LZ-3020Hand-Held20Laser20Remote20Gas20Leak20Detector.jpg","datePublished":"2020-04-30T16:50:18+00:00","dateModified":"2022-09-30T17:23:55+00:00","description":"The GAS\u2022TRAC\u00ae LZ-30 from SENSIT Technologies is a compact methane-specific leak detector that provides fast and accurate readings at distances up to 100 feet and utilizes TDLAS (tunable diode laser absorption spectroscopy) technology to provide instantaneous and accurate responses to the presence of methane gas.","breadcrumb":{"@id":"https:\/\/equipmentcontrols.com\/product\/lz30\/#breadcrumb"},"inLanguage":"es","potentialAction":[{"@type":"ReadAction","target":["https:\/\/equipmentcontrols.com\/product\/lz30\/"]}]},{"@type":"ImageObject","inLanguage":"es","@id":"https:\/\/equipmentcontrols.com\/product\/lz30\/#primaryimage","url":"https:\/\/equipmentcontrols.com\/wp-content\/uploads\/2020\/04\/SENSIT20GasTrac20LZ-3020Hand-Held20Laser20Remote20Gas20Leak20Detector.jpg","contentUrl":"https:\/\/equipmentcontrols.com\/wp-content\/uploads\/2020\/04\/SENSIT20GasTrac20LZ-3020Hand-Held20Laser20Remote20Gas20Leak20Detector.jpg","width":860,"height":860,"caption":"SENSIT20GasTrac20LZ-3020Hand-Held20Laser20Remote20Gas20Leak20Detector.jpg"},{"@type":"BreadcrumbList","@id":"https:\/\/equipmentcontrols.com\/product\/lz30\/#breadcrumb","itemListElement":[{"@type":"ListItem","position":1,"name":"Home","item":"https:\/\/equipmentcontrols.com\/"},{"@type":"ListItem","position":2,"name":"Shop","item":"https:\/\/equipmentcontrols.com\/shop\/"},{"@type":"ListItem","position":3,"name":"SENSIT\u00ae LZ-30"}]},{"@type":"WebSite","@id":"https:\/\/equipmentcontrols.com\/#website","url":"https:\/\/equipmentcontrols.com\/","name":"ECCO","description":"Empresa de Control de Equipos","potentialAction":[{"@type":"SearchAction","target":{"@type":"EntryPoint","urlTemplate":"https:\/\/equipmentcontrols.com\/?s={search_term_string}"},"query-input":{"@type":"PropertyValueSpecification","valueRequired":true,"valueName":"search_term_string"}}],"inLanguage":"es"}]}},"_links":{"self":[{"href":"https:\/\/equipmentcontrols.com\/es\/wp-json\/wp\/v2\/product\/836","targetHints":{"allow":["GET"]}}],"collection":[{"href":"https:\/\/equipmentcontrols.com\/es\/wp-json\/wp\/v2\/product"}],"about":[{"href":"https:\/\/equipmentcontrols.com\/es\/wp-json\/wp\/v2\/types\/product"}],"wp:featuredmedia":[{"embeddable":true,"href":"https:\/\/equipmentcontrols.com\/es\/wp-json\/wp\/v2\/media\/835"}],"wp:attachment":[{"href":"https:\/\/equipmentcontrols.com\/es\/wp-json\/wp\/v2\/media?parent=836"}],"wp:term":[{"taxonomy":"product_brand","embeddable":true,"href":"https:\/\/equipmentcontrols.com\/es\/wp-json\/wp\/v2\/product_brand?post=836"},{"taxonomy":"product_cat","embeddable":true,"href":"https:\/\/equipmentcontrols.com\/es\/wp-json\/wp\/v2\/product_cat?post=836"},{"taxonomy":"product_tag","embeddable":true,"href":"https:\/\/equipmentcontrols.com\/es\/wp-json\/wp\/v2\/product_tag?post=836"}],"curies":[{"name":"wp","href":"https:\/\/api.w.org\/{rel}","templated":true}]}}