{"id":834,"date":"2020-04-30T16:50:17","date_gmt":"2020-04-30T16:50:17","guid":{"rendered":"https:\/\/econtrols.stagemysite.com\/product\/ired\/"},"modified":"2020-04-30T20:50:48","modified_gmt":"2020-04-30T20:50:48","slug":"ired","status":"publish","type":"product","link":"https:\/\/equipmentcontrols.com\/es\/producto\/ired\/","title":{"rendered":"IRED"},"content":{"rendered":"<p><strong>SENSIT\u00ae IRED<\/strong><br \/>\n<strong>Detector de etano infrarrojo<\/strong><\/p>\n<p>SENSIT\u00ae IRED es un detector de gas etano de \u00faltima generaci\u00f3n que incorpora un uso \u00fanico y patentado de espectroscopia de absorci\u00f3n infrarroja para determinar la presencia de etano en una muestra de metano.<\/p>\n<p>Esta tecnolog\u00eda puede detectar tan solo 250 ppb de etano en una muestra de 50 ppm de metano. Incluso las muestras de gas m\u00e1s peque\u00f1as se pueden analizar en el campo para determinar si se est\u00e1 detectando gas de un sistema de tuber\u00edas de gas natural.<\/p>\n<p><strong>Beneficios:<\/strong><br \/>\n\u2022 Etano espec\u00edfico: IRED filtra otros gases.<br \/>\n\u2022 Ideal para lecturas de metano de baja concentraci\u00f3n.<br \/>\n\u2022 Muestra 0-999 ppb de etano<br \/>\n\u2022 Muestra 1,0-500 ppm de etano<br \/>\n\u2022 Compatible con GPS para mapeo de mediciones (caracter\u00edstica opcional)<\/p>\n<p>El etano es la &quot;huella digital&quot; clave que se encuentra en el gas de tuber\u00eda y, por lo general, oscila entre 2 y 25% por volumen. SENSIT IRED es una herramienta de campo que produce resultados precisos en cuesti\u00f3n de minutos en lugar de horas o d\u00edas si se utilizan otros m\u00e9todos.<\/p>\n<p><strong>Caracter\u00edsticas:<\/strong><br \/>\n\u2022 Gran pantalla retroiluminada<br \/>\n\u2022 Operaci\u00f3n simple de 3 botones<br \/>\n\u2022 Bomba potente<br \/>\n\u2022 Comunicaci\u00f3n por infrarrojos<br \/>\n\u2022 Registro de mediciones<br \/>\n\u2022 Comunicaci\u00f3n Bluetooth<br \/>\n\u2022 Lecturas grabadas<br \/>\n\u2022 Bater\u00eda recargable de iones de litio<br \/>\n\u2022 Registrar datos de calibraci\u00f3n<br \/>\n\u2022 Compatible con Smart-Cal<\/p>\n<p><strong>Especificaciones:<\/strong><br \/>\nTipo Resoluci\u00f3n Rango Precisi\u00f3n<br \/>\nPPB 1 ppb 250-999 \u00b120%<br \/>\nPPM* 0,1 ppm 1,0-500 ppm \u00b120%<\/p>\n<p>*El tama\u00f1o m\u00e1ximo de muestra de metano es de 2000 ppm (0,21 TP2TV\/V)<\/p>\n<p><strong>Descargas:<\/strong><br \/>\n<a href=\"https:\/\/equipmentcontrols.com\/wp-content\/uploads\/2020\/04\/sensit-ired-brochure.pdf\">Folleto Sensit IRED<\/a><br \/>\n<a href=\"https:\/\/equipmentcontrols.com\/wp-content\/uploads\/2020\/04\/SENSIT-IRED-Instruction-Manual.pdf\">Manual de instrucciones de Sensit IRED<\/a><\/p>","protected":false},"excerpt":{"rendered":"<p>SENSIT\u00ae IRED Infrared Ethane Detector SENSIT\u00ae IRED is a state-of-the-art ethane gas detector incorporating a unique, patented use of infrared absorption spectroscopy to determine the presence of ethane in a methane sample. This technology can detect as little as 250ppb ethane in a 50ppm methane sample. Even the smallest of gas samples can be analyzed [&hellip;]<\/p>\n","protected":false},"featured_media":833,"template":"","meta":[],"product_brand":[],"product_cat":[24,50],"product_tag":[],"class_list":{"0":"post-834","1":"product","2":"type-product","3":"status-publish","4":"has-post-thumbnail","6":"product_cat-leak-detection","7":"product_cat-sensit","9":"first","10":"instock","11":"shipping-taxable","12":"product-type-simple"},"yoast_head":"<!-- This site is optimized with the Yoast SEO Premium plugin v23.9 (Yoast SEO v27.3) - https:\/\/yoast.com\/product\/yoast-seo-premium-wordpress\/ -->\n<title>IRED - ECCO<\/title>\n<meta name=\"description\" content=\"SENSIT\u00ae IRED is a state-of-the-art ethane gas detector incorporating a unique, patented use of infrared absorption spectroscopy to determine the presence of ethane in a methane sample.This technology can detect as little as 250ppb ethane in a 50ppm methane sample. Even the smallest of gas samples can be analyzed in the field to determine if gas from a natural gas piping system is being detected.\" \/>\n<meta name=\"robots\" content=\"index, follow, max-snippet:-1, max-image-preview:large, max-video-preview:-1\" \/>\n<link rel=\"canonical\" href=\"https:\/\/equipmentcontrols.com\/es\/producto\/ired\/\" \/>\n<meta property=\"og:locale\" content=\"es_MX\" \/>\n<meta property=\"og:type\" content=\"article\" \/>\n<meta property=\"og:title\" content=\"IRED\" \/>\n<meta property=\"og:description\" content=\"SENSIT\u00ae IRED is a state-of-the-art ethane gas detector incorporating a unique, patented use of infrared absorption spectroscopy to determine the presence of ethane in a methane sample.This technology can detect as little as 250ppb ethane in a 50ppm methane sample. Even the smallest of gas samples can be analyzed in the field to determine if gas from a natural gas piping system is being detected.\" \/>\n<meta property=\"og:url\" content=\"https:\/\/equipmentcontrols.com\/es\/producto\/ired\/\" \/>\n<meta property=\"og:site_name\" content=\"ECCO\" \/>\n<meta property=\"article:modified_time\" content=\"2020-04-30T20:50:48+00:00\" \/>\n<meta property=\"og:image\" content=\"https:\/\/equipmentcontrols.com\/wp-content\/uploads\/2020\/04\/SENSIT20IRED20Infrared20Ethane20Detector.jpg\" \/>\n\t<meta property=\"og:image:width\" content=\"860\" \/>\n\t<meta property=\"og:image:height\" content=\"860\" \/>\n\t<meta property=\"og:image:type\" content=\"image\/jpeg\" \/>\n<meta name=\"twitter:card\" content=\"summary_large_image\" \/>\n<meta name=\"twitter:label1\" content=\"Tiempo de lectura\" \/>\n\t<meta name=\"twitter:data1\" content=\"1 minuto\" \/>\n<script type=\"application\/ld+json\" class=\"yoast-schema-graph\">{\"@context\":\"https:\\\/\\\/schema.org\",\"@graph\":[{\"@type\":\"WebPage\",\"@id\":\"https:\\\/\\\/equipmentcontrols.com\\\/product\\\/ired\\\/\",\"url\":\"https:\\\/\\\/equipmentcontrols.com\\\/product\\\/ired\\\/\",\"name\":\"IRED - ECCO\",\"isPartOf\":{\"@id\":\"https:\\\/\\\/equipmentcontrols.com\\\/#website\"},\"primaryImageOfPage\":{\"@id\":\"https:\\\/\\\/equipmentcontrols.com\\\/product\\\/ired\\\/#primaryimage\"},\"image\":{\"@id\":\"https:\\\/\\\/equipmentcontrols.com\\\/product\\\/ired\\\/#primaryimage\"},\"thumbnailUrl\":\"https:\\\/\\\/equipmentcontrols.com\\\/wp-content\\\/uploads\\\/2020\\\/04\\\/SENSIT20IRED20Infrared20Ethane20Detector.jpg\",\"datePublished\":\"2020-04-30T16:50:17+00:00\",\"dateModified\":\"2020-04-30T20:50:48+00:00\",\"description\":\"SENSIT\u00ae IRED is a state-of-the-art ethane gas detector incorporating a unique, patented use of infrared absorption spectroscopy to determine the presence of ethane in a methane sample.This technology can detect as little as 250ppb ethane in a 50ppm methane sample. Even the smallest of gas samples can be analyzed in the field to determine if gas from a natural gas piping system is being detected.\",\"breadcrumb\":{\"@id\":\"https:\\\/\\\/equipmentcontrols.com\\\/product\\\/ired\\\/#breadcrumb\"},\"inLanguage\":\"es\",\"potentialAction\":[{\"@type\":\"ReadAction\",\"target\":[\"https:\\\/\\\/equipmentcontrols.com\\\/product\\\/ired\\\/\"]}]},{\"@type\":\"ImageObject\",\"inLanguage\":\"es\",\"@id\":\"https:\\\/\\\/equipmentcontrols.com\\\/product\\\/ired\\\/#primaryimage\",\"url\":\"https:\\\/\\\/equipmentcontrols.com\\\/wp-content\\\/uploads\\\/2020\\\/04\\\/SENSIT20IRED20Infrared20Ethane20Detector.jpg\",\"contentUrl\":\"https:\\\/\\\/equipmentcontrols.com\\\/wp-content\\\/uploads\\\/2020\\\/04\\\/SENSIT20IRED20Infrared20Ethane20Detector.jpg\",\"width\":860,\"height\":860,\"caption\":\"SENSIT20IRED20Infrared20Ethane20Detector.jpg\"},{\"@type\":\"BreadcrumbList\",\"@id\":\"https:\\\/\\\/equipmentcontrols.com\\\/product\\\/ired\\\/#breadcrumb\",\"itemListElement\":[{\"@type\":\"ListItem\",\"position\":1,\"name\":\"Home\",\"item\":\"https:\\\/\\\/equipmentcontrols.com\\\/\"},{\"@type\":\"ListItem\",\"position\":2,\"name\":\"Shop\",\"item\":\"https:\\\/\\\/equipmentcontrols.com\\\/shop\\\/\"},{\"@type\":\"ListItem\",\"position\":3,\"name\":\"IRED\"}]},{\"@type\":\"WebSite\",\"@id\":\"https:\\\/\\\/equipmentcontrols.com\\\/#website\",\"url\":\"https:\\\/\\\/equipmentcontrols.com\\\/\",\"name\":\"ECCO\",\"description\":\"Equipment Controls Company\",\"potentialAction\":[{\"@type\":\"SearchAction\",\"target\":{\"@type\":\"EntryPoint\",\"urlTemplate\":\"https:\\\/\\\/equipmentcontrols.com\\\/?s={search_term_string}\"},\"query-input\":{\"@type\":\"PropertyValueSpecification\",\"valueRequired\":true,\"valueName\":\"search_term_string\"}}],\"inLanguage\":\"es\"}]}<\/script>\n<!-- \/ Yoast SEO Premium plugin. -->","yoast_head_json":{"title":"IRED - ECCO","description":"SENSIT\u00ae IRED is a state-of-the-art ethane gas detector incorporating a unique, patented use of infrared absorption spectroscopy to determine the presence of ethane in a methane sample.This technology can detect as little as 250ppb ethane in a 50ppm methane sample. Even the smallest of gas samples can be analyzed in the field to determine if gas from a natural gas piping system is being detected.","robots":{"index":"index","follow":"follow","max-snippet":"max-snippet:-1","max-image-preview":"max-image-preview:large","max-video-preview":"max-video-preview:-1"},"canonical":"https:\/\/equipmentcontrols.com\/es\/producto\/ired\/","og_locale":"es_MX","og_type":"article","og_title":"IRED","og_description":"SENSIT\u00ae IRED is a state-of-the-art ethane gas detector incorporating a unique, patented use of infrared absorption spectroscopy to determine the presence of ethane in a methane sample.This technology can detect as little as 250ppb ethane in a 50ppm methane sample. Even the smallest of gas samples can be analyzed in the field to determine if gas from a natural gas piping system is being detected.","og_url":"https:\/\/equipmentcontrols.com\/es\/producto\/ired\/","og_site_name":"ECCO","article_modified_time":"2020-04-30T20:50:48+00:00","og_image":[{"width":860,"height":860,"url":"https:\/\/equipmentcontrols.com\/wp-content\/uploads\/2020\/04\/SENSIT20IRED20Infrared20Ethane20Detector.jpg","type":"image\/jpeg"}],"twitter_card":"summary_large_image","twitter_misc":{"Tiempo de lectura":"1 minuto"},"schema":{"@context":"https:\/\/schema.org","@graph":[{"@type":"WebPage","@id":"https:\/\/equipmentcontrols.com\/product\/ired\/","url":"https:\/\/equipmentcontrols.com\/product\/ired\/","name":"IRED - ECCO","isPartOf":{"@id":"https:\/\/equipmentcontrols.com\/#website"},"primaryImageOfPage":{"@id":"https:\/\/equipmentcontrols.com\/product\/ired\/#primaryimage"},"image":{"@id":"https:\/\/equipmentcontrols.com\/product\/ired\/#primaryimage"},"thumbnailUrl":"https:\/\/equipmentcontrols.com\/wp-content\/uploads\/2020\/04\/SENSIT20IRED20Infrared20Ethane20Detector.jpg","datePublished":"2020-04-30T16:50:17+00:00","dateModified":"2020-04-30T20:50:48+00:00","description":"SENSIT\u00ae IRED is a state-of-the-art ethane gas detector incorporating a unique, patented use of infrared absorption spectroscopy to determine the presence of ethane in a methane sample.This technology can detect as little as 250ppb ethane in a 50ppm methane sample. Even the smallest of gas samples can be analyzed in the field to determine if gas from a natural gas piping system is being detected.","breadcrumb":{"@id":"https:\/\/equipmentcontrols.com\/product\/ired\/#breadcrumb"},"inLanguage":"es","potentialAction":[{"@type":"ReadAction","target":["https:\/\/equipmentcontrols.com\/product\/ired\/"]}]},{"@type":"ImageObject","inLanguage":"es","@id":"https:\/\/equipmentcontrols.com\/product\/ired\/#primaryimage","url":"https:\/\/equipmentcontrols.com\/wp-content\/uploads\/2020\/04\/SENSIT20IRED20Infrared20Ethane20Detector.jpg","contentUrl":"https:\/\/equipmentcontrols.com\/wp-content\/uploads\/2020\/04\/SENSIT20IRED20Infrared20Ethane20Detector.jpg","width":860,"height":860,"caption":"SENSIT20IRED20Infrared20Ethane20Detector.jpg"},{"@type":"BreadcrumbList","@id":"https:\/\/equipmentcontrols.com\/product\/ired\/#breadcrumb","itemListElement":[{"@type":"ListItem","position":1,"name":"Home","item":"https:\/\/equipmentcontrols.com\/"},{"@type":"ListItem","position":2,"name":"Shop","item":"https:\/\/equipmentcontrols.com\/shop\/"},{"@type":"ListItem","position":3,"name":"IRED"}]},{"@type":"WebSite","@id":"https:\/\/equipmentcontrols.com\/#website","url":"https:\/\/equipmentcontrols.com\/","name":"ECCO","description":"Empresa de Control de Equipos","potentialAction":[{"@type":"SearchAction","target":{"@type":"EntryPoint","urlTemplate":"https:\/\/equipmentcontrols.com\/?s={search_term_string}"},"query-input":{"@type":"PropertyValueSpecification","valueRequired":true,"valueName":"search_term_string"}}],"inLanguage":"es"}]}},"_links":{"self":[{"href":"https:\/\/equipmentcontrols.com\/es\/wp-json\/wp\/v2\/product\/834","targetHints":{"allow":["GET"]}}],"collection":[{"href":"https:\/\/equipmentcontrols.com\/es\/wp-json\/wp\/v2\/product"}],"about":[{"href":"https:\/\/equipmentcontrols.com\/es\/wp-json\/wp\/v2\/types\/product"}],"wp:featuredmedia":[{"embeddable":true,"href":"https:\/\/equipmentcontrols.com\/es\/wp-json\/wp\/v2\/media\/833"}],"wp:attachment":[{"href":"https:\/\/equipmentcontrols.com\/es\/wp-json\/wp\/v2\/media?parent=834"}],"wp:term":[{"taxonomy":"product_brand","embeddable":true,"href":"https:\/\/equipmentcontrols.com\/es\/wp-json\/wp\/v2\/product_brand?post=834"},{"taxonomy":"product_cat","embeddable":true,"href":"https:\/\/equipmentcontrols.com\/es\/wp-json\/wp\/v2\/product_cat?post=834"},{"taxonomy":"product_tag","embeddable":true,"href":"https:\/\/equipmentcontrols.com\/es\/wp-json\/wp\/v2\/product_tag?post=834"}],"curies":[{"name":"wp","href":"https:\/\/api.w.org\/{rel}","templated":true}]}}