{"id":828,"date":"2020-04-30T16:50:16","date_gmt":"2020-04-30T16:50:16","guid":{"rendered":"https:\/\/econtrols.stagemysite.com\/product\/t3a\/"},"modified":"2022-06-21T15:18:15","modified_gmt":"2022-06-21T15:18:15","slug":"t3a","status":"publish","type":"product","link":"https:\/\/equipmentcontrols.com\/es\/producto\/t3a\/","title":{"rendered":"Sensit Track-It\u00ae IIIa"},"content":{"rendered":"<p><strong>Indicador de gas combustible Trak-It\u00ae IIIa<\/strong><\/p>\n<p>TRAK-IT\u00ae IIIa es el TRAK-IT disponible m\u00e1s duradero y f\u00e1cil de usar. El \u201cT3a\u201d se puede configurar para lecturas de gas combustible en PPM, LEL y\/o volumen porcentual, as\u00ed como una variedad de sensores t\u00f3xicos y ox\u00edgeno. El TRAK-IT IIIa es ideal para aplicaciones de localizaci\u00f3n de fugas de gas y espacios confinados.<\/p>\n<p><strong>Dise\u00f1ado para condiciones de trabajo extremas<br \/>\nMuestra hasta 4 gases simult\u00e1neamente<\/strong><br \/>\n\u2022 LEL (%Volumen y PPM Opcional)<br \/>\n\u2022 Ox\u00edgeno<br \/>\n\u2022 Mon\u00f3xido de carbono<br \/>\n\u2022 Sulfuro de hidr\u00f3geno<\/p>\n<p><strong>Caracter\u00edsticas:<\/strong><br \/>\n\u2022 Sensores de vida \u00fatil m\u00e1s larga y de menor costo<br \/>\n\u2022 Luces de advertencia LED<br \/>\n\u2022 Gran pantalla gr\u00e1fica brillante<br \/>\n\u2022 Alarma sonora fuerte<br \/>\n\u2022 Registro autom\u00e1tico de eventos 1600 opcional<br \/>\n\u2022 Protecci\u00f3n excepcional del agua<br \/>\n\u2022 Bater\u00eda de larga duraci\u00f3n<br \/>\n\u2022 Rentable como monitor de \u00e1rea<br \/>\n\u2022 Descarga de infrarrojos<br \/>\n\u2022 Calibraci\u00f3n integrada de gas natural y gas propano<br \/>\n\u2022 Carcasa de acero inoxidable<\/p>\n<p><strong>Especificaciones:<\/strong><\/p>\n<table style=\"height: 559px;\" width=\"601\">\n<tbody>\n<tr>\n<td width=\"96\"><strong>ESCRIBE<\/strong><\/td>\n<td width=\"96\"><strong>RESOLUCI\u00d3N<\/strong><\/td>\n<td width=\"96\"><strong>RANGO<\/strong><\/td>\n<td width=\"132\"><strong>PRECISI\u00d3N<\/strong><\/td>\n<\/tr>\n<tr>\n<td width=\"96\">PPM*<\/td>\n<td width=\"96\">5 ppm<\/td>\n<td width=\"96\">0-2000ppm<\/td>\n<td width=\"132\">\u00b110%<\/td>\n<\/tr>\n<tr>\n<td width=\"96\">LEI<\/td>\n<td width=\"96\">0.1% hasta 2%<\/td>\n<td width=\"96\">0-100% LEL<\/td>\n<td width=\"132\">\u00b110%<\/td>\n<\/tr>\n<tr>\n<td width=\"96\">% GAS NATURAL<\/td>\n<td width=\"96\">0.1%<\/td>\n<td width=\"96\">5.0-100% GASOLINA<\/td>\n<td width=\"132\">\u00b15%<\/td>\n<\/tr>\n<tr>\n<td width=\"96\">O2<\/td>\n<td width=\"96\">0.1%<\/td>\n<td width=\"96\">0-25%<\/td>\n<td width=\"132\">\u00b10.2% o 2%**<\/td>\n<\/tr>\n<tr>\n<td width=\"96\">CO<\/td>\n<td width=\"96\">1 ppm<\/td>\n<td width=\"96\">0-2000 ppm<\/td>\n<td width=\"132\">\u00b15ppm o 5%**<\/td>\n<\/tr>\n<tr>\n<td width=\"96\">H25<\/td>\n<td width=\"96\">1 ppm<\/td>\n<td width=\"96\">0-100 ppm<\/td>\n<td width=\"132\">\u00b12ppm o 5%**<\/td>\n<\/tr>\n<tr>\n<td width=\"96\">HCN<\/td>\n<td width=\"96\">1 ppm<\/td>\n<td width=\"96\">0-30 ppm<\/td>\n<td width=\"132\">\u00b12ppm o 5%**<\/td>\n<\/tr>\n<tr>\n<td width=\"96\">*PPM Opcional<\/td>\n<td width=\"96\"><\/td>\n<td width=\"96\"><\/td>\n<td width=\"132\">**Cualquiera que sea mayor<\/td>\n<\/tr>\n<\/tbody>\n<\/table>\n<p><strong>Descargas:<\/strong><br \/>\n<a href=\"https:\/\/equipmentcontrols.com\/wp-content\/uploads\/2020\/05\/Sensit-T3a-Bulletin.pdf\">Folleto de Sensit TraK-It IIIa<\/a><\/p>","protected":false},"excerpt":{"rendered":"<p>Trak-It\u00ae IIIa Combustible Gas Indicator TRAK-IT\u00ae IIIa is the most durable and user friendly TRAK-IT available. The \u201cT3a\u201d can be configured for combustible gas readings in PPM, LEL and\/or percent volume as well as a variety of toxic sensors and oxygen. The TRAK-IT IIIa is ideal for gas leak pin pointing and confined space applications. [&hellip;]<\/p>\n","protected":false},"featured_media":2721,"template":"","meta":[],"product_brand":[],"product_cat":[24,50],"product_tag":[],"class_list":{"0":"post-828","1":"product","2":"type-product","3":"status-publish","4":"has-post-thumbnail","6":"product_cat-leak-detection","7":"product_cat-sensit","9":"first","10":"instock","11":"shipping-taxable","12":"product-type-simple"},"yoast_head":"<!-- This site is optimized with the Yoast SEO Premium plugin v23.9 (Yoast SEO v27.3) - https:\/\/yoast.com\/product\/yoast-seo-premium-wordpress\/ -->\n<title>Sensit Track-It\u00ae IIIa - ECCO<\/title>\n<meta name=\"description\" content=\"TRAK-IT \u00ae IIIa combustible gas indicator is the most durable and user friendly TRAK-IT available. The \u201cT3a\u201d can be configured for combustible gas readings in PPM, LEL and\/or percent volume as well as a variety of toxic sensors and oxygen. The TRAK-IT IIIa is ideal for gas leak pin pointing and confined space applications.\" \/>\n<meta name=\"robots\" content=\"index, follow, max-snippet:-1, max-image-preview:large, max-video-preview:-1\" \/>\n<link rel=\"canonical\" href=\"https:\/\/equipmentcontrols.com\/es\/producto\/t3a\/\" \/>\n<meta property=\"og:locale\" content=\"es_MX\" \/>\n<meta property=\"og:type\" content=\"article\" \/>\n<meta property=\"og:title\" content=\"Sensit Track-It\u00ae IIIa\" \/>\n<meta property=\"og:description\" content=\"TRAK-IT \u00ae IIIa combustible gas indicator is the most durable and user friendly TRAK-IT available. The \u201cT3a\u201d can be configured for combustible gas readings in PPM, LEL and\/or percent volume as well as a variety of toxic sensors and oxygen. The TRAK-IT IIIa is ideal for gas leak pin pointing and confined space applications.\" \/>\n<meta property=\"og:url\" content=\"https:\/\/equipmentcontrols.com\/es\/producto\/t3a\/\" \/>\n<meta property=\"og:site_name\" content=\"ECCO\" \/>\n<meta property=\"article:modified_time\" content=\"2022-06-21T15:18:15+00:00\" \/>\n<meta property=\"og:image\" content=\"https:\/\/equipmentcontrols.com\/wp-content\/uploads\/2022\/06\/Sensit-Trak-It-IIIa.jpeg\" \/>\n\t<meta property=\"og:image:width\" content=\"860\" \/>\n\t<meta property=\"og:image:height\" content=\"860\" \/>\n\t<meta property=\"og:image:type\" content=\"image\/jpeg\" \/>\n<meta name=\"twitter:card\" content=\"summary_large_image\" \/>\n<meta name=\"twitter:label1\" content=\"Tiempo de lectura\" \/>\n\t<meta name=\"twitter:data1\" content=\"1 minuto\" \/>\n<script type=\"application\/ld+json\" class=\"yoast-schema-graph\">{\"@context\":\"https:\\\/\\\/schema.org\",\"@graph\":[{\"@type\":\"WebPage\",\"@id\":\"https:\\\/\\\/equipmentcontrols.com\\\/product\\\/t3a\\\/\",\"url\":\"https:\\\/\\\/equipmentcontrols.com\\\/product\\\/t3a\\\/\",\"name\":\"Sensit Track-It\u00ae IIIa - ECCO\",\"isPartOf\":{\"@id\":\"https:\\\/\\\/equipmentcontrols.com\\\/#website\"},\"primaryImageOfPage\":{\"@id\":\"https:\\\/\\\/equipmentcontrols.com\\\/product\\\/t3a\\\/#primaryimage\"},\"image\":{\"@id\":\"https:\\\/\\\/equipmentcontrols.com\\\/product\\\/t3a\\\/#primaryimage\"},\"thumbnailUrl\":\"https:\\\/\\\/equipmentcontrols.com\\\/wp-content\\\/uploads\\\/2022\\\/06\\\/Sensit-Trak-It-IIIa.jpeg\",\"datePublished\":\"2020-04-30T16:50:16+00:00\",\"dateModified\":\"2022-06-21T15:18:15+00:00\",\"description\":\"TRAK-IT \u00ae IIIa combustible gas indicator is the most durable and user friendly TRAK-IT available. The \u201cT3a\u201d can be configured for combustible gas readings in PPM, LEL and\\\/or percent volume as well as a variety of toxic sensors and oxygen. The TRAK-IT IIIa is ideal for gas leak pin pointing and confined space applications.\",\"breadcrumb\":{\"@id\":\"https:\\\/\\\/equipmentcontrols.com\\\/product\\\/t3a\\\/#breadcrumb\"},\"inLanguage\":\"es\",\"potentialAction\":[{\"@type\":\"ReadAction\",\"target\":[\"https:\\\/\\\/equipmentcontrols.com\\\/product\\\/t3a\\\/\"]}]},{\"@type\":\"ImageObject\",\"inLanguage\":\"es\",\"@id\":\"https:\\\/\\\/equipmentcontrols.com\\\/product\\\/t3a\\\/#primaryimage\",\"url\":\"https:\\\/\\\/equipmentcontrols.com\\\/wp-content\\\/uploads\\\/2022\\\/06\\\/Sensit-Trak-It-IIIa.jpeg\",\"contentUrl\":\"https:\\\/\\\/equipmentcontrols.com\\\/wp-content\\\/uploads\\\/2022\\\/06\\\/Sensit-Trak-It-IIIa.jpeg\",\"width\":860,\"height\":860,\"caption\":\"Sensit Trak-It IIIa\"},{\"@type\":\"BreadcrumbList\",\"@id\":\"https:\\\/\\\/equipmentcontrols.com\\\/product\\\/t3a\\\/#breadcrumb\",\"itemListElement\":[{\"@type\":\"ListItem\",\"position\":1,\"name\":\"Home\",\"item\":\"https:\\\/\\\/equipmentcontrols.com\\\/\"},{\"@type\":\"ListItem\",\"position\":2,\"name\":\"Shop\",\"item\":\"https:\\\/\\\/equipmentcontrols.com\\\/shop\\\/\"},{\"@type\":\"ListItem\",\"position\":3,\"name\":\"Sensit Track-It\u00ae IIIa\"}]},{\"@type\":\"WebSite\",\"@id\":\"https:\\\/\\\/equipmentcontrols.com\\\/#website\",\"url\":\"https:\\\/\\\/equipmentcontrols.com\\\/\",\"name\":\"ECCO\",\"description\":\"Equipment Controls Company\",\"potentialAction\":[{\"@type\":\"SearchAction\",\"target\":{\"@type\":\"EntryPoint\",\"urlTemplate\":\"https:\\\/\\\/equipmentcontrols.com\\\/?s={search_term_string}\"},\"query-input\":{\"@type\":\"PropertyValueSpecification\",\"valueRequired\":true,\"valueName\":\"search_term_string\"}}],\"inLanguage\":\"es\"}]}<\/script>\n<!-- \/ Yoast SEO Premium plugin. -->","yoast_head_json":{"title":"Sensit Track-It\u00ae IIIa - ECCO","description":"TRAK-IT \u00ae IIIa combustible gas indicator is the most durable and user friendly TRAK-IT available. The \u201cT3a\u201d can be configured for combustible gas readings in PPM, LEL and\/or percent volume as well as a variety of toxic sensors and oxygen. The TRAK-IT IIIa is ideal for gas leak pin pointing and confined space applications.","robots":{"index":"index","follow":"follow","max-snippet":"max-snippet:-1","max-image-preview":"max-image-preview:large","max-video-preview":"max-video-preview:-1"},"canonical":"https:\/\/equipmentcontrols.com\/es\/producto\/t3a\/","og_locale":"es_MX","og_type":"article","og_title":"Sensit Track-It\u00ae IIIa","og_description":"TRAK-IT \u00ae IIIa combustible gas indicator is the most durable and user friendly TRAK-IT available. The \u201cT3a\u201d can be configured for combustible gas readings in PPM, LEL and\/or percent volume as well as a variety of toxic sensors and oxygen. The TRAK-IT IIIa is ideal for gas leak pin pointing and confined space applications.","og_url":"https:\/\/equipmentcontrols.com\/es\/producto\/t3a\/","og_site_name":"ECCO","article_modified_time":"2022-06-21T15:18:15+00:00","og_image":[{"width":860,"height":860,"url":"https:\/\/equipmentcontrols.com\/wp-content\/uploads\/2022\/06\/Sensit-Trak-It-IIIa.jpeg","type":"image\/jpeg"}],"twitter_card":"summary_large_image","twitter_misc":{"Tiempo de lectura":"1 minuto"},"schema":{"@context":"https:\/\/schema.org","@graph":[{"@type":"WebPage","@id":"https:\/\/equipmentcontrols.com\/product\/t3a\/","url":"https:\/\/equipmentcontrols.com\/product\/t3a\/","name":"Sensit Track-It\u00ae IIIa - ECCO","isPartOf":{"@id":"https:\/\/equipmentcontrols.com\/#website"},"primaryImageOfPage":{"@id":"https:\/\/equipmentcontrols.com\/product\/t3a\/#primaryimage"},"image":{"@id":"https:\/\/equipmentcontrols.com\/product\/t3a\/#primaryimage"},"thumbnailUrl":"https:\/\/equipmentcontrols.com\/wp-content\/uploads\/2022\/06\/Sensit-Trak-It-IIIa.jpeg","datePublished":"2020-04-30T16:50:16+00:00","dateModified":"2022-06-21T15:18:15+00:00","description":"TRAK-IT \u00ae IIIa combustible gas indicator is the most durable and user friendly TRAK-IT available. The \u201cT3a\u201d can be configured for combustible gas readings in PPM, LEL and\/or percent volume as well as a variety of toxic sensors and oxygen. The TRAK-IT IIIa is ideal for gas leak pin pointing and confined space applications.","breadcrumb":{"@id":"https:\/\/equipmentcontrols.com\/product\/t3a\/#breadcrumb"},"inLanguage":"es","potentialAction":[{"@type":"ReadAction","target":["https:\/\/equipmentcontrols.com\/product\/t3a\/"]}]},{"@type":"ImageObject","inLanguage":"es","@id":"https:\/\/equipmentcontrols.com\/product\/t3a\/#primaryimage","url":"https:\/\/equipmentcontrols.com\/wp-content\/uploads\/2022\/06\/Sensit-Trak-It-IIIa.jpeg","contentUrl":"https:\/\/equipmentcontrols.com\/wp-content\/uploads\/2022\/06\/Sensit-Trak-It-IIIa.jpeg","width":860,"height":860,"caption":"Sensit Trak-It IIIa"},{"@type":"BreadcrumbList","@id":"https:\/\/equipmentcontrols.com\/product\/t3a\/#breadcrumb","itemListElement":[{"@type":"ListItem","position":1,"name":"Home","item":"https:\/\/equipmentcontrols.com\/"},{"@type":"ListItem","position":2,"name":"Shop","item":"https:\/\/equipmentcontrols.com\/shop\/"},{"@type":"ListItem","position":3,"name":"Sensit Track-It\u00ae IIIa"}]},{"@type":"WebSite","@id":"https:\/\/equipmentcontrols.com\/#website","url":"https:\/\/equipmentcontrols.com\/","name":"ECCO","description":"Empresa de Control de Equipos","potentialAction":[{"@type":"SearchAction","target":{"@type":"EntryPoint","urlTemplate":"https:\/\/equipmentcontrols.com\/?s={search_term_string}"},"query-input":{"@type":"PropertyValueSpecification","valueRequired":true,"valueName":"search_term_string"}}],"inLanguage":"es"}]}},"_links":{"self":[{"href":"https:\/\/equipmentcontrols.com\/es\/wp-json\/wp\/v2\/product\/828","targetHints":{"allow":["GET"]}}],"collection":[{"href":"https:\/\/equipmentcontrols.com\/es\/wp-json\/wp\/v2\/product"}],"about":[{"href":"https:\/\/equipmentcontrols.com\/es\/wp-json\/wp\/v2\/types\/product"}],"wp:featuredmedia":[{"embeddable":true,"href":"https:\/\/equipmentcontrols.com\/es\/wp-json\/wp\/v2\/media\/2721"}],"wp:attachment":[{"href":"https:\/\/equipmentcontrols.com\/es\/wp-json\/wp\/v2\/media?parent=828"}],"wp:term":[{"taxonomy":"product_brand","embeddable":true,"href":"https:\/\/equipmentcontrols.com\/es\/wp-json\/wp\/v2\/product_brand?post=828"},{"taxonomy":"product_cat","embeddable":true,"href":"https:\/\/equipmentcontrols.com\/es\/wp-json\/wp\/v2\/product_cat?post=828"},{"taxonomy":"product_tag","embeddable":true,"href":"https:\/\/equipmentcontrols.com\/es\/wp-json\/wp\/v2\/product_tag?post=828"}],"curies":[{"name":"wp","href":"https:\/\/api.w.org\/{rel}","templated":true}]}}