{"id":826,"date":"2020-04-30T16:50:15","date_gmt":"2020-04-30T16:50:15","guid":{"rendered":"https:\/\/econtrols.stagemysite.com\/product\/sensit-gold-g2\/"},"modified":"2021-09-22T22:04:30","modified_gmt":"2021-09-22T22:04:30","slug":"sensit-gold-g2","status":"publish","type":"product","link":"https:\/\/equipmentcontrols.com\/es\/producto\/sensit-gold-g2\/","title":{"rendered":"SENSIT\u00ae Oro G2"},"content":{"rendered":"<p><strong>SENSIT\u00ae ORO G2<\/strong><br \/>\n<strong>Detector de fugas de gas combustible<\/strong><\/p>\n<p>SENSIT\u00ae GOLD G2 es un indicador de gas combustible (CGI) que se utiliza para estudios de fugas de gas, investigaciones, localizaci\u00f3n precisa de fugas de gas, purga de tuber\u00edas de gas y aplicaciones en espacios confinados.<\/p>\n<p><strong>Muestra hasta 4 gases<\/strong><br \/>\n\u2022 LEL (%Volumen y PPM Opcional)<br \/>\n\u2022 Ox\u00edgeno<br \/>\n\u2022 Mon\u00f3xido de carbono<br \/>\n\u2022 Sulfuro de hidr\u00f3geno<br \/>\n\u2022 Cianuro de hidr\u00f3geno (opcional)<\/p>\n<p><strong>Tipo de gas seleccionable<\/strong><br \/>\n\u2022 Metano (Gas Natural)<br \/>\n\u2022 Propano<\/p>\n<p><strong>Certificaciones: ATEX, UL<\/strong><\/p>\n<p>\u00a1SENSIT\u00ae GOLD G2 es el detector de fugas de gas m\u00e1s f\u00e1cil de usar y m\u00e1s vers\u00e1til disponible en la actualidad!<\/p>\n<p>\u00a1La tasa de tic audible ayuda a encontrar fugas de gas r\u00e1pidamente!<\/p>\n<p>Compatible con la estaci\u00f3n de calibraci\u00f3n SMART-CAL 360<\/p>\n<p><strong>Caracter\u00edsticas:<\/strong><br \/>\n\u2022 Pantalla gr\u00e1fica brillante Control digital \u201cTick\u201d<br \/>\n\u2022 Luces LED de advertencia Sensores de vida \u00fatil prolongada y de menor costo<br \/>\n\u2022 Registro de datos de alarma sonora fuerte y memoria interna<br \/>\n\u2022 Bomba interna: muestreo r\u00e1pido Protecci\u00f3n excepcional contra el agua<\/p>\n<p><strong>Especificaciones:<\/strong><br \/>\n\u2022 Tipo Resoluci\u00f3n Rango Precisi\u00f3n<br \/>\n\u2022 LEL 0.1% hasta 2.0% 0-100% LEL \u00b110%<br \/>\n\u2022 PPM* 1 ppm o 10 ppm 0-10 000 ppm \u00b110%<br \/>\n\u2022 % Gas natural 0,1% 5-100% Gas \u00b15%<br \/>\n\u2022 % Propano 0.1% 2.2-100% Gas \u00b15%<br \/>\n\u2022 Ox\u00edgeno 0,1% 0-25% \u00b10,2% o 10%**<br \/>\n\u2022 Mon\u00f3xido de carbono 1 ppm 0-2000 ppm \u00b15 ppm o 5%**<br \/>\n\u2022 Sulfuro de hidr\u00f3geno 1 ppm 0-100 ppm \u00b12 ppm o 5%**<br \/>\n\u2022 Cianuro de hidr\u00f3geno 1 ppm 0-30 ppm \u00b11 ppm o 5%**<\/p>\n<p>*PPM Opcional (Rangos) 0-2,000 ppm 0-5,000 ppm 0-10,000 ppm<br \/>\n**Cualquiera que sea mayor<\/p>\n<p><strong>Descargas:<\/strong><br \/>\n<a href=\"https:\/\/equipmentcontrols.com\/wp-content\/uploads\/2020\/04\/sensit_gold_g2_brochure.pdf\">Folleto de SENSIT\u00ae Gold G2<\/a><br \/>\n<a href=\"https:\/\/equipmentcontrols.com\/wp-content\/uploads\/2020\/04\/SENSIT-GOLD-G2-Instruction-Manual.pdf\">Manual de instrucciones de SENSIT\u00ae Gold G2<\/a><\/p>","protected":false},"excerpt":{"rendered":"<p>SENSIT\u00ae GOLD G2 Combustible Gas Leak Detector SENSIT\u00ae GOLD G2 is a combustible gas indicator (CGI) used for gas leak surveys, investigations, gas leak pinpointing, gas pipeline purging and confined space applications. Displays Up To 4 Gases \u2022 LEL (%Volume and PPM Optional) \u2022 Oxygen \u2022 Carbon Monoxide \u2022 Hydrogen Sulfide \u2022 Hydrogen Cyanide (Optional) [&hellip;]<\/p>\n","protected":false},"featured_media":825,"template":"","meta":[],"product_brand":[],"product_cat":[24,50],"product_tag":[],"class_list":{"0":"post-826","1":"product","2":"type-product","3":"status-publish","4":"has-post-thumbnail","6":"product_cat-leak-detection","7":"product_cat-sensit","9":"first","10":"instock","11":"shipping-taxable","12":"product-type-simple"},"yoast_head":"<!-- This site is optimized with the Yoast SEO Premium plugin v23.9 (Yoast SEO v27.3) - https:\/\/yoast.com\/product\/yoast-seo-premium-wordpress\/ -->\n<title>SENSIT\u00ae Gold G2 - ECCO<\/title>\n<meta name=\"description\" content=\"SENSIT\u00ae GOLD G2 is a combustible gas indicator (CGI) used for gas leak surveys, investigations, gas leak pinpointing, gas pipeline purging and confined space applications.\" \/>\n<meta name=\"robots\" content=\"index, follow, max-snippet:-1, max-image-preview:large, max-video-preview:-1\" \/>\n<link rel=\"canonical\" href=\"https:\/\/equipmentcontrols.com\/es\/producto\/sensit-gold-g2\/\" \/>\n<meta property=\"og:locale\" content=\"es_MX\" \/>\n<meta property=\"og:type\" content=\"article\" \/>\n<meta property=\"og:title\" content=\"SENSIT\u00ae Gold G2\" \/>\n<meta property=\"og:description\" content=\"SENSIT\u00ae GOLD G2 is a combustible gas indicator (CGI) used for gas leak surveys, investigations, gas leak pinpointing, gas pipeline purging and confined space applications.\" \/>\n<meta property=\"og:url\" content=\"https:\/\/equipmentcontrols.com\/es\/producto\/sensit-gold-g2\/\" \/>\n<meta property=\"og:site_name\" content=\"ECCO\" \/>\n<meta property=\"article:modified_time\" content=\"2021-09-22T22:04:30+00:00\" \/>\n<meta property=\"og:image\" content=\"https:\/\/equipmentcontrols.com\/wp-content\/uploads\/2020\/04\/SENSIT20Gold20G220Series20Combustible20Gas20Leak20Detectors.jpg\" \/>\n\t<meta property=\"og:image:width\" content=\"860\" \/>\n\t<meta property=\"og:image:height\" content=\"860\" \/>\n\t<meta property=\"og:image:type\" content=\"image\/jpeg\" \/>\n<meta name=\"twitter:card\" content=\"summary_large_image\" \/>\n<meta name=\"twitter:label1\" content=\"Tiempo de lectura\" \/>\n\t<meta name=\"twitter:data1\" content=\"1 minuto\" \/>\n<script type=\"application\/ld+json\" class=\"yoast-schema-graph\">{\"@context\":\"https:\\\/\\\/schema.org\",\"@graph\":[{\"@type\":\"WebPage\",\"@id\":\"https:\\\/\\\/equipmentcontrols.com\\\/product\\\/sensit-gold-g2\\\/\",\"url\":\"https:\\\/\\\/equipmentcontrols.com\\\/product\\\/sensit-gold-g2\\\/\",\"name\":\"SENSIT\u00ae Gold G2 - ECCO\",\"isPartOf\":{\"@id\":\"https:\\\/\\\/equipmentcontrols.com\\\/#website\"},\"primaryImageOfPage\":{\"@id\":\"https:\\\/\\\/equipmentcontrols.com\\\/product\\\/sensit-gold-g2\\\/#primaryimage\"},\"image\":{\"@id\":\"https:\\\/\\\/equipmentcontrols.com\\\/product\\\/sensit-gold-g2\\\/#primaryimage\"},\"thumbnailUrl\":\"https:\\\/\\\/equipmentcontrols.com\\\/wp-content\\\/uploads\\\/2020\\\/04\\\/SENSIT20Gold20G220Series20Combustible20Gas20Leak20Detectors.jpg\",\"datePublished\":\"2020-04-30T16:50:15+00:00\",\"dateModified\":\"2021-09-22T22:04:30+00:00\",\"description\":\"SENSIT\u00ae GOLD G2 is a combustible gas indicator (CGI) used for gas leak surveys, investigations, gas leak pinpointing, gas pipeline purging and confined space applications.\",\"breadcrumb\":{\"@id\":\"https:\\\/\\\/equipmentcontrols.com\\\/product\\\/sensit-gold-g2\\\/#breadcrumb\"},\"inLanguage\":\"es\",\"potentialAction\":[{\"@type\":\"ReadAction\",\"target\":[\"https:\\\/\\\/equipmentcontrols.com\\\/product\\\/sensit-gold-g2\\\/\"]}]},{\"@type\":\"ImageObject\",\"inLanguage\":\"es\",\"@id\":\"https:\\\/\\\/equipmentcontrols.com\\\/product\\\/sensit-gold-g2\\\/#primaryimage\",\"url\":\"https:\\\/\\\/equipmentcontrols.com\\\/wp-content\\\/uploads\\\/2020\\\/04\\\/SENSIT20Gold20G220Series20Combustible20Gas20Leak20Detectors.jpg\",\"contentUrl\":\"https:\\\/\\\/equipmentcontrols.com\\\/wp-content\\\/uploads\\\/2020\\\/04\\\/SENSIT20Gold20G220Series20Combustible20Gas20Leak20Detectors.jpg\",\"width\":860,\"height\":860,\"caption\":\"SENSIT20Gold20G220Series20Combustible20Gas20Leak20Detectors.jpg\"},{\"@type\":\"BreadcrumbList\",\"@id\":\"https:\\\/\\\/equipmentcontrols.com\\\/product\\\/sensit-gold-g2\\\/#breadcrumb\",\"itemListElement\":[{\"@type\":\"ListItem\",\"position\":1,\"name\":\"Home\",\"item\":\"https:\\\/\\\/equipmentcontrols.com\\\/\"},{\"@type\":\"ListItem\",\"position\":2,\"name\":\"Shop\",\"item\":\"https:\\\/\\\/equipmentcontrols.com\\\/shop\\\/\"},{\"@type\":\"ListItem\",\"position\":3,\"name\":\"SENSIT\u00ae Gold G2\"}]},{\"@type\":\"WebSite\",\"@id\":\"https:\\\/\\\/equipmentcontrols.com\\\/#website\",\"url\":\"https:\\\/\\\/equipmentcontrols.com\\\/\",\"name\":\"ECCO\",\"description\":\"Equipment Controls Company\",\"potentialAction\":[{\"@type\":\"SearchAction\",\"target\":{\"@type\":\"EntryPoint\",\"urlTemplate\":\"https:\\\/\\\/equipmentcontrols.com\\\/?s={search_term_string}\"},\"query-input\":{\"@type\":\"PropertyValueSpecification\",\"valueRequired\":true,\"valueName\":\"search_term_string\"}}],\"inLanguage\":\"es\"}]}<\/script>\n<!-- \/ Yoast SEO Premium plugin. -->","yoast_head_json":{"title":"SENSIT\u00ae Gold G2 - ECCO","description":"SENSIT\u00ae GOLD G2 es un indicador de gas combustible (CGI) que se utiliza para estudios de fugas de gas, investigaciones, localizaci\u00f3n precisa de fugas de gas, purga de tuber\u00edas de gas y aplicaciones en espacios confinados.","robots":{"index":"index","follow":"follow","max-snippet":"max-snippet:-1","max-image-preview":"max-image-preview:large","max-video-preview":"max-video-preview:-1"},"canonical":"https:\/\/equipmentcontrols.com\/es\/producto\/sensit-gold-g2\/","og_locale":"es_MX","og_type":"article","og_title":"SENSIT\u00ae Gold G2","og_description":"SENSIT\u00ae GOLD G2 is a combustible gas indicator (CGI) used for gas leak surveys, investigations, gas leak pinpointing, gas pipeline purging and confined space applications.","og_url":"https:\/\/equipmentcontrols.com\/es\/producto\/sensit-gold-g2\/","og_site_name":"ECCO","article_modified_time":"2021-09-22T22:04:30+00:00","og_image":[{"width":860,"height":860,"url":"https:\/\/equipmentcontrols.com\/wp-content\/uploads\/2020\/04\/SENSIT20Gold20G220Series20Combustible20Gas20Leak20Detectors.jpg","type":"image\/jpeg"}],"twitter_card":"summary_large_image","twitter_misc":{"Tiempo de lectura":"1 minuto"},"schema":{"@context":"https:\/\/schema.org","@graph":[{"@type":"WebPage","@id":"https:\/\/equipmentcontrols.com\/product\/sensit-gold-g2\/","url":"https:\/\/equipmentcontrols.com\/product\/sensit-gold-g2\/","name":"SENSIT\u00ae Gold G2 - ECCO","isPartOf":{"@id":"https:\/\/equipmentcontrols.com\/#website"},"primaryImageOfPage":{"@id":"https:\/\/equipmentcontrols.com\/product\/sensit-gold-g2\/#primaryimage"},"image":{"@id":"https:\/\/equipmentcontrols.com\/product\/sensit-gold-g2\/#primaryimage"},"thumbnailUrl":"https:\/\/equipmentcontrols.com\/wp-content\/uploads\/2020\/04\/SENSIT20Gold20G220Series20Combustible20Gas20Leak20Detectors.jpg","datePublished":"2020-04-30T16:50:15+00:00","dateModified":"2021-09-22T22:04:30+00:00","description":"SENSIT\u00ae GOLD G2 es un indicador de gas combustible (CGI) que se utiliza para estudios de fugas de gas, investigaciones, localizaci\u00f3n precisa de fugas de gas, purga de tuber\u00edas de gas y aplicaciones en espacios confinados.","breadcrumb":{"@id":"https:\/\/equipmentcontrols.com\/product\/sensit-gold-g2\/#breadcrumb"},"inLanguage":"es","potentialAction":[{"@type":"ReadAction","target":["https:\/\/equipmentcontrols.com\/product\/sensit-gold-g2\/"]}]},{"@type":"ImageObject","inLanguage":"es","@id":"https:\/\/equipmentcontrols.com\/product\/sensit-gold-g2\/#primaryimage","url":"https:\/\/equipmentcontrols.com\/wp-content\/uploads\/2020\/04\/SENSIT20Gold20G220Series20Combustible20Gas20Leak20Detectors.jpg","contentUrl":"https:\/\/equipmentcontrols.com\/wp-content\/uploads\/2020\/04\/SENSIT20Gold20G220Series20Combustible20Gas20Leak20Detectors.jpg","width":860,"height":860,"caption":"SENSIT20Gold20G220Series20Combustible20Gas20Leak20Detectors.jpg"},{"@type":"BreadcrumbList","@id":"https:\/\/equipmentcontrols.com\/product\/sensit-gold-g2\/#breadcrumb","itemListElement":[{"@type":"ListItem","position":1,"name":"Home","item":"https:\/\/equipmentcontrols.com\/"},{"@type":"ListItem","position":2,"name":"Shop","item":"https:\/\/equipmentcontrols.com\/shop\/"},{"@type":"ListItem","position":3,"name":"SENSIT\u00ae Gold G2"}]},{"@type":"WebSite","@id":"https:\/\/equipmentcontrols.com\/#website","url":"https:\/\/equipmentcontrols.com\/","name":"ECCO","description":"Empresa de Control de Equipos","potentialAction":[{"@type":"SearchAction","target":{"@type":"EntryPoint","urlTemplate":"https:\/\/equipmentcontrols.com\/?s={search_term_string}"},"query-input":{"@type":"PropertyValueSpecification","valueRequired":true,"valueName":"search_term_string"}}],"inLanguage":"es"}]}},"_links":{"self":[{"href":"https:\/\/equipmentcontrols.com\/es\/wp-json\/wp\/v2\/product\/826","targetHints":{"allow":["GET"]}}],"collection":[{"href":"https:\/\/equipmentcontrols.com\/es\/wp-json\/wp\/v2\/product"}],"about":[{"href":"https:\/\/equipmentcontrols.com\/es\/wp-json\/wp\/v2\/types\/product"}],"wp:featuredmedia":[{"embeddable":true,"href":"https:\/\/equipmentcontrols.com\/es\/wp-json\/wp\/v2\/media\/825"}],"wp:attachment":[{"href":"https:\/\/equipmentcontrols.com\/es\/wp-json\/wp\/v2\/media?parent=826"}],"wp:term":[{"taxonomy":"product_brand","embeddable":true,"href":"https:\/\/equipmentcontrols.com\/es\/wp-json\/wp\/v2\/product_brand?post=826"},{"taxonomy":"product_cat","embeddable":true,"href":"https:\/\/equipmentcontrols.com\/es\/wp-json\/wp\/v2\/product_cat?post=826"},{"taxonomy":"product_tag","embeddable":true,"href":"https:\/\/equipmentcontrols.com\/es\/wp-json\/wp\/v2\/product_tag?post=826"}],"curies":[{"name":"wp","href":"https:\/\/api.w.org\/{rel}","templated":true}]}}