{"id":821,"date":"2020-04-30T16:48:34","date_gmt":"2020-04-30T16:48:34","guid":{"rendered":"https:\/\/econtrols.stagemysite.com\/product\/eagle-xartu1-cathodic-protection\/"},"modified":"2020-04-30T21:54:37","modified_gmt":"2020-04-30T21:54:37","slug":"eagle-xartu1-cathodic-protection","status":"publish","type":"product","link":"https:\/\/equipmentcontrols.com\/es\/producto\/eagle-xartu1-cathodic-protection\/","title":{"rendered":"Protecci\u00f3n cat\u00f3dica EAGLE XARTU1"},"content":{"rendered":"<p><strong>XARTU\/1\u2122<\/strong><br \/>\n<strong>Protecci\u00f3n cat\u00f3dica<\/strong><\/p>\n<p>El XARTU\/1-CP\u2122 est\u00e1 dise\u00f1ado para proporcionar a los operadores de tuber\u00edas una gama completa de funciones para monitoreo remoto, adquisici\u00f3n de datos y control de sistemas de protecci\u00f3n cat\u00f3dica utilizados en tuber\u00edas de acero enterradas.<\/p>\n<ul>\n<li>Algoritmos integrados Sensus Auto-Adjust\u2122 certificados por Sensus\u2122<\/li>\n<li>Entradas de GC en vivo<\/li>\n<li>AGA 5, AGA 7, AGA 8 M\u00e9todos detallados y brutos I y II, y NX-19 C\u00e1lculo cuando sea necesario<\/li>\n<li>4-20 mA en vivo opcional o salida de frecuencia para caudal instant\u00e1neo \u2022 Configurable a trav\u00e9s de RS232 para comunicaci\u00f3n Modbus<\/li>\n<li>RS485 opcional con placa de expansi\u00f3n<\/li>\n<li>Comunicaciones inal\u00e1mbricas opcionales (celular\/radio\/sat\u00e9lite)<\/li>\n<li>Gr\u00e1ficos en vivo de frecuencias principales\/sensadas en el campo<\/li>\n<\/ul>\n<p><strong>Ventajas del montaje universal y la configuraci\u00f3n del software:<\/strong><\/p>\n<ul>\n<li>Instalaci\u00f3n de campo directamente en el medidor<\/li>\n<li>Ligero, f\u00e1cil de instalar por una sola persona<\/li>\n<li>Software configurable para diferentes revoluciones de salida del medidor, es decir, 10 pies\/rev, 100 pies\/rev, etc.<\/li>\n<li>Pantalla activada por interruptor magn\u00e9tico<\/li>\n<li>El corrector AAT de la serie XA se utiliza con el medidor de turbina de ajuste autom\u00e1tico Sensus para proporcionar una soluci\u00f3n m\u00e1s rentable para sus necesidades de medici\u00f3n de alto volumen y alto valor.<\/li>\n<li>El monitor y corrector AAT de la serie XA ofrece numerosas opciones para cada necesidad del cliente.<\/li>\n<li>El monitor AAT proporciona salidas de frecuencia para flujo ajustado no corregido.<\/li>\n<li>El corrector AAT puede proporcionar \u00edndices de flujo reales en vivo con salidas anal\u00f3gicas opcionales, no actualizaciones incrementales.<\/li>\n<li>El corrector AAT de la serie XA tambi\u00e9n tiene la capacidad de duplicar las salidas del sensor de ranura principal y sensor con placas IPS opcionales (p\/n 9010418). Estos pulsos de r\u00e9plica se pueden enviar a una RTU de terceros.<\/li>\n<li>El corrector AAT de la serie XA tambi\u00e9n puede proporcionar gr\u00e1ficos en vivo de Delta A, tasa de flujo no corregida ajustada, frecuencia del rotor principal y frecuencia del rotor de detecci\u00f3n cuando se usa con el software Field Manager\u2122.<\/li>\n<li>Agregue f\u00e1cilmente factores AAT sin conocer c\u00f3digos espec\u00edficos.<\/li>\n<li>Agregue f\u00e1cilmente factores Km, Ks, Kmo y A_Bar en un formulario de edici\u00f3n f\u00e1cil de leer.<\/li>\n<li>La unidad tiene la capacidad de simular frecuencias principales y de detecci\u00f3n a trav\u00e9s del software sin equipo adicional.<\/li>\n<li>Puede obtener el volumen corregido ajustado, pero la unidad tambi\u00e9n calcula el volumen corregido mec\u00e1nicamente como respaldo en caso de que se pierda la frecuencia principal (sensor de ranura).<\/li>\n<\/ul>\n<p>&nbsp;<\/p>\n<p><strong>Descargar:<\/strong><br \/>\n<a href=\"https:\/\/equipmentcontrols.com\/wp-content\/uploads\/2020\/04\/xartu_cp.pdf\">Ficha t\u00e9cnica XARTU CP<\/a><\/p>","protected":false},"excerpt":{"rendered":"<p>XARTU\/1\u2122 Cathodic Protection The XARTU\/1-CP\u2122 is designed to provide pipeline operators with a complete range of functions for remote monitoring, data acquisition, and control of cathodic protection systems used on buried steel pipelines Embedded Sensus Auto-Adjust\u2122 Algorithms certified by Sensus\u2122 Live GC inputs AGA 5, AGA 7, AGA 8 Detailed and Gross Methods I &amp; [&hellip;]<\/p>\n","protected":false},"featured_media":820,"template":"","meta":[],"product_brand":[],"product_cat":[49,23],"product_tag":[],"class_list":{"0":"post-821","1":"product","2":"type-product","3":"status-publish","4":"has-post-thumbnail","6":"product_cat-eagle-research-corporation","7":"product_cat-instrumentation","9":"first","10":"instock","11":"shipping-taxable","12":"product-type-simple"},"yoast_head":"<!-- This site is optimized with the Yoast SEO Premium plugin v23.9 (Yoast SEO v27.3) - https:\/\/yoast.com\/product\/yoast-seo-premium-wordpress\/ -->\n<title>EAGLE XARTU1 Cathodic Protection - ECCO<\/title>\n<meta name=\"description\" content=\"The XARTU\/1-CP\u2122 is designed to provide pipeline operators with a complete range of functions for remote monitoring, data acquisition, and control of cathodic protection systems used on buried steel pipelines\" \/>\n<meta name=\"robots\" content=\"index, follow, max-snippet:-1, max-image-preview:large, max-video-preview:-1\" \/>\n<link rel=\"canonical\" href=\"https:\/\/equipmentcontrols.com\/es\/producto\/eagle-xartu1-cathodic-protection\/\" \/>\n<meta property=\"og:locale\" content=\"es_MX\" \/>\n<meta property=\"og:type\" content=\"article\" \/>\n<meta property=\"og:title\" content=\"EAGLE XARTU1 Cathodic Protection\" \/>\n<meta property=\"og:description\" content=\"The XARTU\/1-CP\u2122 is designed to provide pipeline operators with a complete range of functions for remote monitoring, data acquisition, and control of cathodic protection systems used on buried steel pipelines\" \/>\n<meta property=\"og:url\" content=\"https:\/\/equipmentcontrols.com\/es\/producto\/eagle-xartu1-cathodic-protection\/\" \/>\n<meta property=\"og:site_name\" content=\"ECCO\" \/>\n<meta property=\"article:modified_time\" content=\"2020-04-30T21:54:37+00:00\" \/>\n<meta property=\"og:image\" content=\"https:\/\/equipmentcontrols.com\/wp-content\/uploads\/2020\/04\/EAGLE20XARTU120Cathodic20Protection.jpg\" \/>\n\t<meta property=\"og:image:width\" content=\"860\" \/>\n\t<meta property=\"og:image:height\" content=\"860\" \/>\n\t<meta property=\"og:image:type\" content=\"image\/jpeg\" \/>\n<meta name=\"twitter:card\" content=\"summary_large_image\" \/>\n<meta name=\"twitter:label1\" content=\"Tiempo de lectura\" \/>\n\t<meta name=\"twitter:data1\" content=\"2 minutos\" \/>\n<script type=\"application\/ld+json\" class=\"yoast-schema-graph\">{\"@context\":\"https:\\\/\\\/schema.org\",\"@graph\":[{\"@type\":\"WebPage\",\"@id\":\"https:\\\/\\\/equipmentcontrols.com\\\/product\\\/eagle-xartu1-cathodic-protection\\\/\",\"url\":\"https:\\\/\\\/equipmentcontrols.com\\\/product\\\/eagle-xartu1-cathodic-protection\\\/\",\"name\":\"EAGLE XARTU1 Cathodic Protection - ECCO\",\"isPartOf\":{\"@id\":\"https:\\\/\\\/equipmentcontrols.com\\\/#website\"},\"primaryImageOfPage\":{\"@id\":\"https:\\\/\\\/equipmentcontrols.com\\\/product\\\/eagle-xartu1-cathodic-protection\\\/#primaryimage\"},\"image\":{\"@id\":\"https:\\\/\\\/equipmentcontrols.com\\\/product\\\/eagle-xartu1-cathodic-protection\\\/#primaryimage\"},\"thumbnailUrl\":\"https:\\\/\\\/equipmentcontrols.com\\\/wp-content\\\/uploads\\\/2020\\\/04\\\/EAGLE20XARTU120Cathodic20Protection.jpg\",\"datePublished\":\"2020-04-30T16:48:34+00:00\",\"dateModified\":\"2020-04-30T21:54:37+00:00\",\"description\":\"The XARTU\\\/1-CP\u2122 is designed to provide pipeline operators with a complete range of functions for remote monitoring, data acquisition, and control of cathodic protection systems used on buried steel pipelines\",\"breadcrumb\":{\"@id\":\"https:\\\/\\\/equipmentcontrols.com\\\/product\\\/eagle-xartu1-cathodic-protection\\\/#breadcrumb\"},\"inLanguage\":\"es\",\"potentialAction\":[{\"@type\":\"ReadAction\",\"target\":[\"https:\\\/\\\/equipmentcontrols.com\\\/product\\\/eagle-xartu1-cathodic-protection\\\/\"]}]},{\"@type\":\"ImageObject\",\"inLanguage\":\"es\",\"@id\":\"https:\\\/\\\/equipmentcontrols.com\\\/product\\\/eagle-xartu1-cathodic-protection\\\/#primaryimage\",\"url\":\"https:\\\/\\\/equipmentcontrols.com\\\/wp-content\\\/uploads\\\/2020\\\/04\\\/EAGLE20XARTU120Cathodic20Protection.jpg\",\"contentUrl\":\"https:\\\/\\\/equipmentcontrols.com\\\/wp-content\\\/uploads\\\/2020\\\/04\\\/EAGLE20XARTU120Cathodic20Protection.jpg\",\"width\":860,\"height\":860,\"caption\":\"EAGLE20XARTU120Cathodic20Protection.jpg\"},{\"@type\":\"BreadcrumbList\",\"@id\":\"https:\\\/\\\/equipmentcontrols.com\\\/product\\\/eagle-xartu1-cathodic-protection\\\/#breadcrumb\",\"itemListElement\":[{\"@type\":\"ListItem\",\"position\":1,\"name\":\"Home\",\"item\":\"https:\\\/\\\/equipmentcontrols.com\\\/\"},{\"@type\":\"ListItem\",\"position\":2,\"name\":\"Shop\",\"item\":\"https:\\\/\\\/equipmentcontrols.com\\\/shop\\\/\"},{\"@type\":\"ListItem\",\"position\":3,\"name\":\"EAGLE XARTU1 Cathodic Protection\"}]},{\"@type\":\"WebSite\",\"@id\":\"https:\\\/\\\/equipmentcontrols.com\\\/#website\",\"url\":\"https:\\\/\\\/equipmentcontrols.com\\\/\",\"name\":\"ECCO\",\"description\":\"Equipment Controls Company\",\"potentialAction\":[{\"@type\":\"SearchAction\",\"target\":{\"@type\":\"EntryPoint\",\"urlTemplate\":\"https:\\\/\\\/equipmentcontrols.com\\\/?s={search_term_string}\"},\"query-input\":{\"@type\":\"PropertyValueSpecification\",\"valueRequired\":true,\"valueName\":\"search_term_string\"}}],\"inLanguage\":\"es\"}]}<\/script>\n<!-- \/ Yoast SEO Premium plugin. -->","yoast_head_json":{"title":"EAGLE XARTU1 Cathodic Protection - ECCO","description":"El XARTU\/1-CP\u2122 est\u00e1 dise\u00f1ado para proporcionar a los operadores de tuber\u00edas una gama completa de funciones para monitoreo remoto, adquisici\u00f3n de datos y control de sistemas de protecci\u00f3n cat\u00f3dica utilizados en tuber\u00edas de acero enterradas.","robots":{"index":"index","follow":"follow","max-snippet":"max-snippet:-1","max-image-preview":"max-image-preview:large","max-video-preview":"max-video-preview:-1"},"canonical":"https:\/\/equipmentcontrols.com\/es\/producto\/eagle-xartu1-cathodic-protection\/","og_locale":"es_MX","og_type":"article","og_title":"EAGLE XARTU1 Cathodic Protection","og_description":"The XARTU\/1-CP\u2122 is designed to provide pipeline operators with a complete range of functions for remote monitoring, data acquisition, and control of cathodic protection systems used on buried steel pipelines","og_url":"https:\/\/equipmentcontrols.com\/es\/producto\/eagle-xartu1-cathodic-protection\/","og_site_name":"ECCO","article_modified_time":"2020-04-30T21:54:37+00:00","og_image":[{"width":860,"height":860,"url":"https:\/\/equipmentcontrols.com\/wp-content\/uploads\/2020\/04\/EAGLE20XARTU120Cathodic20Protection.jpg","type":"image\/jpeg"}],"twitter_card":"summary_large_image","twitter_misc":{"Tiempo de lectura":"2 minutos"},"schema":{"@context":"https:\/\/schema.org","@graph":[{"@type":"WebPage","@id":"https:\/\/equipmentcontrols.com\/product\/eagle-xartu1-cathodic-protection\/","url":"https:\/\/equipmentcontrols.com\/product\/eagle-xartu1-cathodic-protection\/","name":"EAGLE XARTU1 Cathodic Protection - ECCO","isPartOf":{"@id":"https:\/\/equipmentcontrols.com\/#website"},"primaryImageOfPage":{"@id":"https:\/\/equipmentcontrols.com\/product\/eagle-xartu1-cathodic-protection\/#primaryimage"},"image":{"@id":"https:\/\/equipmentcontrols.com\/product\/eagle-xartu1-cathodic-protection\/#primaryimage"},"thumbnailUrl":"https:\/\/equipmentcontrols.com\/wp-content\/uploads\/2020\/04\/EAGLE20XARTU120Cathodic20Protection.jpg","datePublished":"2020-04-30T16:48:34+00:00","dateModified":"2020-04-30T21:54:37+00:00","description":"El XARTU\/1-CP\u2122 est\u00e1 dise\u00f1ado para proporcionar a los operadores de tuber\u00edas una gama completa de funciones para monitoreo remoto, adquisici\u00f3n de datos y control de sistemas de protecci\u00f3n cat\u00f3dica utilizados en tuber\u00edas de acero enterradas.","breadcrumb":{"@id":"https:\/\/equipmentcontrols.com\/product\/eagle-xartu1-cathodic-protection\/#breadcrumb"},"inLanguage":"es","potentialAction":[{"@type":"ReadAction","target":["https:\/\/equipmentcontrols.com\/product\/eagle-xartu1-cathodic-protection\/"]}]},{"@type":"ImageObject","inLanguage":"es","@id":"https:\/\/equipmentcontrols.com\/product\/eagle-xartu1-cathodic-protection\/#primaryimage","url":"https:\/\/equipmentcontrols.com\/wp-content\/uploads\/2020\/04\/EAGLE20XARTU120Cathodic20Protection.jpg","contentUrl":"https:\/\/equipmentcontrols.com\/wp-content\/uploads\/2020\/04\/EAGLE20XARTU120Cathodic20Protection.jpg","width":860,"height":860,"caption":"EAGLE20XARTU120Cathodic20Protection.jpg"},{"@type":"BreadcrumbList","@id":"https:\/\/equipmentcontrols.com\/product\/eagle-xartu1-cathodic-protection\/#breadcrumb","itemListElement":[{"@type":"ListItem","position":1,"name":"Home","item":"https:\/\/equipmentcontrols.com\/"},{"@type":"ListItem","position":2,"name":"Shop","item":"https:\/\/equipmentcontrols.com\/shop\/"},{"@type":"ListItem","position":3,"name":"EAGLE XARTU1 Cathodic Protection"}]},{"@type":"WebSite","@id":"https:\/\/equipmentcontrols.com\/#website","url":"https:\/\/equipmentcontrols.com\/","name":"ECCO","description":"Empresa de Control de Equipos","potentialAction":[{"@type":"SearchAction","target":{"@type":"EntryPoint","urlTemplate":"https:\/\/equipmentcontrols.com\/?s={search_term_string}"},"query-input":{"@type":"PropertyValueSpecification","valueRequired":true,"valueName":"search_term_string"}}],"inLanguage":"es"}]}},"_links":{"self":[{"href":"https:\/\/equipmentcontrols.com\/es\/wp-json\/wp\/v2\/product\/821","targetHints":{"allow":["GET"]}}],"collection":[{"href":"https:\/\/equipmentcontrols.com\/es\/wp-json\/wp\/v2\/product"}],"about":[{"href":"https:\/\/equipmentcontrols.com\/es\/wp-json\/wp\/v2\/types\/product"}],"wp:featuredmedia":[{"embeddable":true,"href":"https:\/\/equipmentcontrols.com\/es\/wp-json\/wp\/v2\/media\/820"}],"wp:attachment":[{"href":"https:\/\/equipmentcontrols.com\/es\/wp-json\/wp\/v2\/media?parent=821"}],"wp:term":[{"taxonomy":"product_brand","embeddable":true,"href":"https:\/\/equipmentcontrols.com\/es\/wp-json\/wp\/v2\/product_brand?post=821"},{"taxonomy":"product_cat","embeddable":true,"href":"https:\/\/equipmentcontrols.com\/es\/wp-json\/wp\/v2\/product_cat?post=821"},{"taxonomy":"product_tag","embeddable":true,"href":"https:\/\/equipmentcontrols.com\/es\/wp-json\/wp\/v2\/product_tag?post=821"}],"curies":[{"name":"wp","href":"https:\/\/api.w.org\/{rel}","templated":true}]}}