{"id":813,"date":"2020-04-30T16:48:32","date_gmt":"2020-04-30T16:48:32","guid":{"rendered":"https:\/\/econtrols.stagemysite.com\/product\/eagle-talon-enterprise-scada-software\/"},"modified":"2020-04-30T22:14:05","modified_gmt":"2020-04-30T22:14:05","slug":"eagle-talon-enterprise-scada-software","status":"publish","type":"product","link":"https:\/\/equipmentcontrols.com\/es\/producto\/eagle-talon-enterprise-scada-software\/","title":{"rendered":"Software SCADA EAGLE Talon Enterprise."},"content":{"rendered":"<p><strong>Familia Talon\u2122<\/strong><\/p>\n<p>Eagle Research Corporation\u00ae dise\u00f1\u00f3 la familia Talon\u2122 espec\u00edficamente para satisfacer las necesidades del usuario, proporcionando m\u00f3dulos de software tanto para la oficina central como para las operaciones de campo. Talon\u2122 Software Suite brinda soluciones de aplicaciones para aplicaciones de gas natural, agua\/aguas residuales, protecci\u00f3n ambiental, vapor y electricidad. La medici\u00f3n industrial\/comercial, el control de presi\u00f3n\/temperatura, el control de supervisi\u00f3n y la odorizaci\u00f3n son solo algunos de los sistemas que pueden beneficiarse del uso de este software. Talon Enterprise\u2122<\/p>\n<p>Talon Enterprise\u2122 proporciona una plataforma de red de software para toda la empresa para realizar las funciones que a menudo se segregan en SCADA y sistemas de medici\u00f3n electr\u00f3nica separados. La familia de software Talon\u2122 brinda al usuario la capacidad de crear una poderosa plataforma de host que cumpla con los requisitos de recopilaci\u00f3n de datos espec\u00edficos y distribuidos.<\/p>\n<p>En el entorno actual de la industria energ\u00e9tica, muchas empresas se encuentran dispersas a trav\u00e9s de fronteras estatales e internacionales. Tener la capacidad de distribuir los m\u00f3dulos Talon Enterprise\u2122 a trav\u00e9s de la infraestructura de la red acerca la recopilaci\u00f3n y la gesti\u00f3n de los datos a la fuente, lo que da como resultado un sistema general mejorado.<br \/>\nactuaci\u00f3n.<\/p>\n<p><strong>Descargar:<\/strong><br \/>\n<a href=\"https:\/\/equipmentcontrols.com\/wp-content\/uploads\/2020\/04\/Talon_Enterprise.pdf\">Folleto empresarial de Talon<\/a><\/p>","protected":false},"excerpt":{"rendered":"<p>Talon\u2122 Family Eagle Research Corporation\u00ae designed the Talon\u2122 family specifically to meet the user\u2019s needs, providing software modules for both central office and field operations. Talon\u2122 Software Suite provides application solutions for Natural Gas, Water\/Wastewater, Environmental Protection, Steam, and Electrical applications. Industrial\/Commercial Measurement, Pressure\/ Temperature Monitoring, Supervisory Control, and Odorization are but a few of [&hellip;]<\/p>\n","protected":false},"featured_media":812,"template":"","meta":[],"product_brand":[],"product_cat":[49,23],"product_tag":[],"class_list":{"0":"post-813","1":"product","2":"type-product","3":"status-publish","4":"has-post-thumbnail","6":"product_cat-eagle-research-corporation","7":"product_cat-instrumentation","9":"first","10":"instock","11":"shipping-taxable","12":"product-type-simple"},"yoast_head":"<!-- This site is optimized with the Yoast SEO Premium plugin v23.9 (Yoast SEO v27.3) - https:\/\/yoast.com\/product\/yoast-seo-premium-wordpress\/ -->\n<title>EAGLE Talon Enterprise SCADA Software. - ECCO<\/title>\n<meta name=\"description\" content=\"Talon\u2122 Software Suite provides application solutions for Natural Gas, Water\/Wastewater, Environmental Protection, Steam, and Electrical applications. Industrial\/Commercial Measurement, Pressure\/ Temperature Monitoring, Supervisory Control, and Odorization are but a few of the systems that can benefit from the use of this software. Talon Enterprise\u2122\" \/>\n<meta name=\"robots\" content=\"index, follow, max-snippet:-1, max-image-preview:large, max-video-preview:-1\" \/>\n<link rel=\"canonical\" href=\"https:\/\/equipmentcontrols.com\/es\/producto\/eagle-talon-enterprise-scada-software\/\" \/>\n<meta property=\"og:locale\" content=\"es_MX\" \/>\n<meta property=\"og:type\" content=\"article\" \/>\n<meta property=\"og:title\" content=\"EAGLE Talon Enterprise SCADA Software.\" \/>\n<meta property=\"og:description\" content=\"Talon\u2122 Software Suite provides application solutions for Natural Gas, Water\/Wastewater, Environmental Protection, Steam, and Electrical applications. Industrial\/Commercial Measurement, Pressure\/ Temperature Monitoring, Supervisory Control, and Odorization are but a few of the systems that can benefit from the use of this software. Talon Enterprise\u2122\" \/>\n<meta property=\"og:url\" content=\"https:\/\/equipmentcontrols.com\/es\/producto\/eagle-talon-enterprise-scada-software\/\" \/>\n<meta property=\"og:site_name\" content=\"ECCO\" \/>\n<meta property=\"article:modified_time\" content=\"2020-04-30T22:14:05+00:00\" \/>\n<meta property=\"og:image\" content=\"https:\/\/equipmentcontrols.com\/wp-content\/uploads\/2020\/04\/EAGLE20Talon20Enterprise20SCADA20Software.jpg\" \/>\n\t<meta property=\"og:image:width\" content=\"860\" \/>\n\t<meta property=\"og:image:height\" content=\"860\" \/>\n\t<meta property=\"og:image:type\" content=\"image\/jpeg\" \/>\n<meta name=\"twitter:card\" content=\"summary_large_image\" \/>\n<meta name=\"twitter:label1\" content=\"Tiempo de lectura\" \/>\n\t<meta name=\"twitter:data1\" content=\"1 minuto\" \/>\n<script type=\"application\/ld+json\" class=\"yoast-schema-graph\">{\"@context\":\"https:\\\/\\\/schema.org\",\"@graph\":[{\"@type\":\"WebPage\",\"@id\":\"https:\\\/\\\/equipmentcontrols.com\\\/product\\\/eagle-talon-enterprise-scada-software\\\/\",\"url\":\"https:\\\/\\\/equipmentcontrols.com\\\/product\\\/eagle-talon-enterprise-scada-software\\\/\",\"name\":\"EAGLE Talon Enterprise SCADA Software. - ECCO\",\"isPartOf\":{\"@id\":\"https:\\\/\\\/equipmentcontrols.com\\\/#website\"},\"primaryImageOfPage\":{\"@id\":\"https:\\\/\\\/equipmentcontrols.com\\\/product\\\/eagle-talon-enterprise-scada-software\\\/#primaryimage\"},\"image\":{\"@id\":\"https:\\\/\\\/equipmentcontrols.com\\\/product\\\/eagle-talon-enterprise-scada-software\\\/#primaryimage\"},\"thumbnailUrl\":\"https:\\\/\\\/equipmentcontrols.com\\\/wp-content\\\/uploads\\\/2020\\\/04\\\/EAGLE20Talon20Enterprise20SCADA20Software.jpg\",\"datePublished\":\"2020-04-30T16:48:32+00:00\",\"dateModified\":\"2020-04-30T22:14:05+00:00\",\"description\":\"Talon\u2122 Software Suite provides application solutions for Natural Gas, Water\\\/Wastewater, Environmental Protection, Steam, and Electrical applications. Industrial\\\/Commercial Measurement, Pressure\\\/ Temperature Monitoring, Supervisory Control, and Odorization are but a few of the systems that can benefit from the use of this software. Talon Enterprise\u2122\",\"breadcrumb\":{\"@id\":\"https:\\\/\\\/equipmentcontrols.com\\\/product\\\/eagle-talon-enterprise-scada-software\\\/#breadcrumb\"},\"inLanguage\":\"es\",\"potentialAction\":[{\"@type\":\"ReadAction\",\"target\":[\"https:\\\/\\\/equipmentcontrols.com\\\/product\\\/eagle-talon-enterprise-scada-software\\\/\"]}]},{\"@type\":\"ImageObject\",\"inLanguage\":\"es\",\"@id\":\"https:\\\/\\\/equipmentcontrols.com\\\/product\\\/eagle-talon-enterprise-scada-software\\\/#primaryimage\",\"url\":\"https:\\\/\\\/equipmentcontrols.com\\\/wp-content\\\/uploads\\\/2020\\\/04\\\/EAGLE20Talon20Enterprise20SCADA20Software.jpg\",\"contentUrl\":\"https:\\\/\\\/equipmentcontrols.com\\\/wp-content\\\/uploads\\\/2020\\\/04\\\/EAGLE20Talon20Enterprise20SCADA20Software.jpg\",\"width\":860,\"height\":860,\"caption\":\"EAGLE20Talon20Enterprise20SCADA20Software\"},{\"@type\":\"BreadcrumbList\",\"@id\":\"https:\\\/\\\/equipmentcontrols.com\\\/product\\\/eagle-talon-enterprise-scada-software\\\/#breadcrumb\",\"itemListElement\":[{\"@type\":\"ListItem\",\"position\":1,\"name\":\"Home\",\"item\":\"https:\\\/\\\/equipmentcontrols.com\\\/\"},{\"@type\":\"ListItem\",\"position\":2,\"name\":\"Shop\",\"item\":\"https:\\\/\\\/equipmentcontrols.com\\\/shop\\\/\"},{\"@type\":\"ListItem\",\"position\":3,\"name\":\"EAGLE Talon Enterprise SCADA Software.\"}]},{\"@type\":\"WebSite\",\"@id\":\"https:\\\/\\\/equipmentcontrols.com\\\/#website\",\"url\":\"https:\\\/\\\/equipmentcontrols.com\\\/\",\"name\":\"ECCO\",\"description\":\"Equipment Controls Company\",\"potentialAction\":[{\"@type\":\"SearchAction\",\"target\":{\"@type\":\"EntryPoint\",\"urlTemplate\":\"https:\\\/\\\/equipmentcontrols.com\\\/?s={search_term_string}\"},\"query-input\":{\"@type\":\"PropertyValueSpecification\",\"valueRequired\":true,\"valueName\":\"search_term_string\"}}],\"inLanguage\":\"es\"}]}<\/script>\n<!-- \/ Yoast SEO Premium plugin. -->","yoast_head_json":{"title":"EAGLE Talon Enterprise SCADA Software. - ECCO","description":"Talon\u2122 Software Suite provides application solutions for Natural Gas, Water\/Wastewater, Environmental Protection, Steam, and Electrical applications. Industrial\/Commercial Measurement, Pressure\/ Temperature Monitoring, Supervisory Control, and Odorization are but a few of the systems that can benefit from the use of this software. Talon Enterprise\u2122","robots":{"index":"index","follow":"follow","max-snippet":"max-snippet:-1","max-image-preview":"max-image-preview:large","max-video-preview":"max-video-preview:-1"},"canonical":"https:\/\/equipmentcontrols.com\/es\/producto\/eagle-talon-enterprise-scada-software\/","og_locale":"es_MX","og_type":"article","og_title":"EAGLE Talon Enterprise SCADA Software.","og_description":"Talon\u2122 Software Suite provides application solutions for Natural Gas, Water\/Wastewater, Environmental Protection, Steam, and Electrical applications. Industrial\/Commercial Measurement, Pressure\/ Temperature Monitoring, Supervisory Control, and Odorization are but a few of the systems that can benefit from the use of this software. Talon Enterprise\u2122","og_url":"https:\/\/equipmentcontrols.com\/es\/producto\/eagle-talon-enterprise-scada-software\/","og_site_name":"ECCO","article_modified_time":"2020-04-30T22:14:05+00:00","og_image":[{"width":860,"height":860,"url":"https:\/\/equipmentcontrols.com\/wp-content\/uploads\/2020\/04\/EAGLE20Talon20Enterprise20SCADA20Software.jpg","type":"image\/jpeg"}],"twitter_card":"summary_large_image","twitter_misc":{"Tiempo de lectura":"1 minuto"},"schema":{"@context":"https:\/\/schema.org","@graph":[{"@type":"WebPage","@id":"https:\/\/equipmentcontrols.com\/product\/eagle-talon-enterprise-scada-software\/","url":"https:\/\/equipmentcontrols.com\/product\/eagle-talon-enterprise-scada-software\/","name":"EAGLE Talon Enterprise SCADA Software. - ECCO","isPartOf":{"@id":"https:\/\/equipmentcontrols.com\/#website"},"primaryImageOfPage":{"@id":"https:\/\/equipmentcontrols.com\/product\/eagle-talon-enterprise-scada-software\/#primaryimage"},"image":{"@id":"https:\/\/equipmentcontrols.com\/product\/eagle-talon-enterprise-scada-software\/#primaryimage"},"thumbnailUrl":"https:\/\/equipmentcontrols.com\/wp-content\/uploads\/2020\/04\/EAGLE20Talon20Enterprise20SCADA20Software.jpg","datePublished":"2020-04-30T16:48:32+00:00","dateModified":"2020-04-30T22:14:05+00:00","description":"Talon\u2122 Software Suite provides application solutions for Natural Gas, Water\/Wastewater, Environmental Protection, Steam, and Electrical applications. Industrial\/Commercial Measurement, Pressure\/ Temperature Monitoring, Supervisory Control, and Odorization are but a few of the systems that can benefit from the use of this software. Talon Enterprise\u2122","breadcrumb":{"@id":"https:\/\/equipmentcontrols.com\/product\/eagle-talon-enterprise-scada-software\/#breadcrumb"},"inLanguage":"es","potentialAction":[{"@type":"ReadAction","target":["https:\/\/equipmentcontrols.com\/product\/eagle-talon-enterprise-scada-software\/"]}]},{"@type":"ImageObject","inLanguage":"es","@id":"https:\/\/equipmentcontrols.com\/product\/eagle-talon-enterprise-scada-software\/#primaryimage","url":"https:\/\/equipmentcontrols.com\/wp-content\/uploads\/2020\/04\/EAGLE20Talon20Enterprise20SCADA20Software.jpg","contentUrl":"https:\/\/equipmentcontrols.com\/wp-content\/uploads\/2020\/04\/EAGLE20Talon20Enterprise20SCADA20Software.jpg","width":860,"height":860,"caption":"EAGLE20Talon20Enterprise20SCADA20Software"},{"@type":"BreadcrumbList","@id":"https:\/\/equipmentcontrols.com\/product\/eagle-talon-enterprise-scada-software\/#breadcrumb","itemListElement":[{"@type":"ListItem","position":1,"name":"Home","item":"https:\/\/equipmentcontrols.com\/"},{"@type":"ListItem","position":2,"name":"Shop","item":"https:\/\/equipmentcontrols.com\/shop\/"},{"@type":"ListItem","position":3,"name":"EAGLE Talon Enterprise SCADA Software."}]},{"@type":"WebSite","@id":"https:\/\/equipmentcontrols.com\/#website","url":"https:\/\/equipmentcontrols.com\/","name":"ECCO","description":"Empresa de Control de Equipos","potentialAction":[{"@type":"SearchAction","target":{"@type":"EntryPoint","urlTemplate":"https:\/\/equipmentcontrols.com\/?s={search_term_string}"},"query-input":{"@type":"PropertyValueSpecification","valueRequired":true,"valueName":"search_term_string"}}],"inLanguage":"es"}]}},"_links":{"self":[{"href":"https:\/\/equipmentcontrols.com\/es\/wp-json\/wp\/v2\/product\/813","targetHints":{"allow":["GET"]}}],"collection":[{"href":"https:\/\/equipmentcontrols.com\/es\/wp-json\/wp\/v2\/product"}],"about":[{"href":"https:\/\/equipmentcontrols.com\/es\/wp-json\/wp\/v2\/types\/product"}],"wp:featuredmedia":[{"embeddable":true,"href":"https:\/\/equipmentcontrols.com\/es\/wp-json\/wp\/v2\/media\/812"}],"wp:attachment":[{"href":"https:\/\/equipmentcontrols.com\/es\/wp-json\/wp\/v2\/media?parent=813"}],"wp:term":[{"taxonomy":"product_brand","embeddable":true,"href":"https:\/\/equipmentcontrols.com\/es\/wp-json\/wp\/v2\/product_brand?post=813"},{"taxonomy":"product_cat","embeddable":true,"href":"https:\/\/equipmentcontrols.com\/es\/wp-json\/wp\/v2\/product_cat?post=813"},{"taxonomy":"product_tag","embeddable":true,"href":"https:\/\/equipmentcontrols.com\/es\/wp-json\/wp\/v2\/product_tag?post=813"}],"curies":[{"name":"wp","href":"https:\/\/api.w.org\/{rel}","templated":true}]}}