{"id":799,"date":"2020-04-30T16:48:29","date_gmt":"2020-04-30T16:48:29","guid":{"rendered":"https:\/\/econtrols.stagemysite.com\/product\/romet-rmt\/"},"modified":"2020-04-30T23:15:34","modified_gmt":"2020-04-30T23:15:34","slug":"romet-rmt","status":"publish","type":"product","link":"https:\/\/equipmentcontrols.com\/es\/producto\/romet-rmt\/","title":{"rendered":"Romet RMT"},"content":{"rendered":"<p><strong>Romet RMT<\/strong><\/p>\n<p>El medidor RMT es el cuerpo de medidor m\u00e1s avanzado de Romet. El cuerpo de aluminio extruido junto con nuestro perfil de impulsor patentado proporciona una mejor rangeabilidad mientras mantiene los m\u00e1s altos niveles de exactitud y precisi\u00f3n a trav\u00e9s de nuestro dise\u00f1o patentado de engranajes de sincronizaci\u00f3n con pasadores. Un contador de respaldo mec\u00e1nico integral viene de serie en toda la gama de tama\u00f1os de RMT, lo que brinda a nuestros clientes la tranquilidad de saber que se mantendr\u00e1n mediciones precisas y confiables durante toda la vida \u00fatil del medidor.<\/p>\n<p><strong>Escabroso<\/strong><br \/>\nTodos los medidores se someten a pruebas de presi\u00f3n de hasta 4x MAOP para garantizar que solo los medidores m\u00e1s resistentes salgan de nuestras instalaciones.<br \/>\n<strong>Sensible<\/strong><br \/>\nCada medidor se prueba y certifica individualmente en la f\u00e1brica para que la precisi\u00f3n de la medici\u00f3n cumpla o supere los requisitos de medidores de gas rotativos ANSI B109.3.<br \/>\n<strong>De confianza<\/strong><br \/>\nLos medidores RMT vienen est\u00e1ndar con un contador de respaldo mec\u00e1nico integral para dar a nuestros clientes la confianza de que siempre se lograr\u00e1 una medici\u00f3n confiable.<\/p>\n<p><strong>Descargas:<\/strong><br \/>\n<a href=\"https:\/\/equipmentcontrols.com\/wp-content\/uploads\/2020\/04\/RMT600-Flanged.pdf\">RMT600 Con bridas.pdf<\/a><br \/>\n<a href=\"https:\/\/equipmentcontrols.com\/wp-content\/uploads\/2020\/04\/RMT1000-Flanged.pdf\">RMT1000 Con bridas.pdf<\/a><br \/>\n<a href=\"https:\/\/equipmentcontrols.com\/wp-content\/uploads\/2020\/04\/RMT1500-Flanged.pdf\">RMT1500 Con bridas.pdf<\/a><br \/>\n<a href=\"https:\/\/equipmentcontrols.com\/wp-content\/uploads\/2020\/04\/RMT2000-Flanged.pdf\">RMT2000 Con bridas.pdf<\/a><br \/>\n<a href=\"https:\/\/equipmentcontrols.com\/wp-content\/uploads\/2020\/04\/RMT3000-Flanged.pdf\">RMT3000 Con bridas.pdf<\/a><br \/>\n<a href=\"https:\/\/equipmentcontrols.com\/wp-content\/uploads\/2020\/04\/RMT5000-3-inch-Flanged.pdf\">RMT5000 3 pulgadas con bridas.pdf<\/a><br \/>\n<a href=\"https:\/\/equipmentcontrols.com\/wp-content\/uploads\/2020\/04\/RMT7000-Flanged.pdf\">RMT7000 Con bridas.pdf<\/a><br \/>\n<a href=\"https:\/\/equipmentcontrols.com\/wp-content\/uploads\/2020\/04\/RMT11000-Flanged.pdf\">RMT11000 Con bridas.pdf<\/a><br \/>\n<a href=\"https:\/\/equipmentcontrols.com\/wp-content\/uploads\/2020\/04\/RMT16000-Flanged.pdf\">RMT16000 Con bridas.pdf<\/a><br \/>\n<a href=\"https:\/\/equipmentcontrols.com\/wp-content\/uploads\/2020\/04\/RMT23000-Flanged.pdf\">RMT23000 Con bridas.pdf<\/a><\/p>\n<p>yo<a href=\"https:\/\/equipmentcontrols.com\/wp-content\/uploads\/2020\/04\/Installation-Bulletin-603_RMT_Rev-4-English.pdf\">Bolet\u00edn de instalaci\u00f3n 603_RMT_Rev 4 (ingl\u00e9s).pdf<\/a><\/p>","protected":false},"excerpt":{"rendered":"<p>Romet RMT The RMT meter is Romet\u2019s most advanced meter body. The extruded aluminum body along with our proprietary impeller profile provides improved rangeability while maintaining the highest levels of accuracy and precision through our patented pinned timing gear design. An integral mechanical backup counter comes standard on the entire RMT size range providing our [&hellip;]<\/p>\n","protected":false},"featured_media":798,"template":"","meta":[],"product_brand":[],"product_cat":[21,48],"product_tag":[],"class_list":{"0":"post-799","1":"product","2":"type-product","3":"status-publish","4":"has-post-thumbnail","6":"product_cat-gas-meters","7":"product_cat-romet","9":"first","10":"instock","11":"shipping-taxable","12":"product-type-simple"},"yoast_head":"<!-- This site is optimized with the Yoast SEO Premium plugin v23.9 (Yoast SEO v27.3) - https:\/\/yoast.com\/product\/yoast-seo-premium-wordpress\/ -->\n<title>Romet RMT - ECCO<\/title>\n<meta name=\"description\" content=\"The RMT meter is Romet\u2019s most advanced meter body. The extruded aluminum body along with our proprietary impeller profile provides improved rangeability while maintaining the highest levels of accuracy and precision through our patented pinned timing gear design. An integral mechanical backup counter comes standard on the entire RMT size range providing our customers with the peace of mind that accurate and reliable measurement will be maintained throughout the life of the meter.\" \/>\n<meta name=\"robots\" content=\"index, follow, max-snippet:-1, max-image-preview:large, max-video-preview:-1\" \/>\n<link rel=\"canonical\" href=\"https:\/\/equipmentcontrols.com\/es\/producto\/romet-rmt\/\" \/>\n<meta property=\"og:locale\" content=\"es_MX\" \/>\n<meta property=\"og:type\" content=\"article\" \/>\n<meta property=\"og:title\" content=\"Romet RMT\" \/>\n<meta property=\"og:description\" content=\"The RMT meter is Romet\u2019s most advanced meter body. The extruded aluminum body along with our proprietary impeller profile provides improved rangeability while maintaining the highest levels of accuracy and precision through our patented pinned timing gear design. An integral mechanical backup counter comes standard on the entire RMT size range providing our customers with the peace of mind that accurate and reliable measurement will be maintained throughout the life of the meter.\" \/>\n<meta property=\"og:url\" content=\"https:\/\/equipmentcontrols.com\/es\/producto\/romet-rmt\/\" \/>\n<meta property=\"og:site_name\" content=\"ECCO\" \/>\n<meta property=\"article:modified_time\" content=\"2020-04-30T23:15:34+00:00\" \/>\n<meta property=\"og:image\" content=\"https:\/\/equipmentcontrols.com\/wp-content\/uploads\/2020\/04\/ROMET20RMT.jpg\" \/>\n\t<meta property=\"og:image:width\" content=\"860\" \/>\n\t<meta property=\"og:image:height\" content=\"860\" \/>\n\t<meta property=\"og:image:type\" content=\"image\/jpeg\" \/>\n<meta name=\"twitter:card\" content=\"summary_large_image\" \/>\n<meta name=\"twitter:label1\" content=\"Tiempo de lectura\" \/>\n\t<meta name=\"twitter:data1\" content=\"1 minuto\" \/>\n<script type=\"application\/ld+json\" class=\"yoast-schema-graph\">{\"@context\":\"https:\\\/\\\/schema.org\",\"@graph\":[{\"@type\":\"WebPage\",\"@id\":\"https:\\\/\\\/equipmentcontrols.com\\\/product\\\/romet-rmt\\\/\",\"url\":\"https:\\\/\\\/equipmentcontrols.com\\\/product\\\/romet-rmt\\\/\",\"name\":\"Romet RMT - ECCO\",\"isPartOf\":{\"@id\":\"https:\\\/\\\/equipmentcontrols.com\\\/#website\"},\"primaryImageOfPage\":{\"@id\":\"https:\\\/\\\/equipmentcontrols.com\\\/product\\\/romet-rmt\\\/#primaryimage\"},\"image\":{\"@id\":\"https:\\\/\\\/equipmentcontrols.com\\\/product\\\/romet-rmt\\\/#primaryimage\"},\"thumbnailUrl\":\"https:\\\/\\\/equipmentcontrols.com\\\/wp-content\\\/uploads\\\/2020\\\/04\\\/ROMET20RMT.jpg\",\"datePublished\":\"2020-04-30T16:48:29+00:00\",\"dateModified\":\"2020-04-30T23:15:34+00:00\",\"description\":\"The RMT meter is Romet\u2019s most advanced meter body. The extruded aluminum body along with our proprietary impeller profile provides improved rangeability while maintaining the highest levels of accuracy and precision through our patented pinned timing gear design. An integral mechanical backup counter comes standard on the entire RMT size range providing our customers with the peace of mind that accurate and reliable measurement will be maintained throughout the life of the meter.\",\"breadcrumb\":{\"@id\":\"https:\\\/\\\/equipmentcontrols.com\\\/product\\\/romet-rmt\\\/#breadcrumb\"},\"inLanguage\":\"es\",\"potentialAction\":[{\"@type\":\"ReadAction\",\"target\":[\"https:\\\/\\\/equipmentcontrols.com\\\/product\\\/romet-rmt\\\/\"]}]},{\"@type\":\"ImageObject\",\"inLanguage\":\"es\",\"@id\":\"https:\\\/\\\/equipmentcontrols.com\\\/product\\\/romet-rmt\\\/#primaryimage\",\"url\":\"https:\\\/\\\/equipmentcontrols.com\\\/wp-content\\\/uploads\\\/2020\\\/04\\\/ROMET20RMT.jpg\",\"contentUrl\":\"https:\\\/\\\/equipmentcontrols.com\\\/wp-content\\\/uploads\\\/2020\\\/04\\\/ROMET20RMT.jpg\",\"width\":860,\"height\":860,\"caption\":\"ROMET20RMT\"},{\"@type\":\"BreadcrumbList\",\"@id\":\"https:\\\/\\\/equipmentcontrols.com\\\/product\\\/romet-rmt\\\/#breadcrumb\",\"itemListElement\":[{\"@type\":\"ListItem\",\"position\":1,\"name\":\"Home\",\"item\":\"https:\\\/\\\/equipmentcontrols.com\\\/\"},{\"@type\":\"ListItem\",\"position\":2,\"name\":\"Shop\",\"item\":\"https:\\\/\\\/equipmentcontrols.com\\\/shop\\\/\"},{\"@type\":\"ListItem\",\"position\":3,\"name\":\"Romet RMT\"}]},{\"@type\":\"WebSite\",\"@id\":\"https:\\\/\\\/equipmentcontrols.com\\\/#website\",\"url\":\"https:\\\/\\\/equipmentcontrols.com\\\/\",\"name\":\"ECCO\",\"description\":\"Equipment Controls Company\",\"potentialAction\":[{\"@type\":\"SearchAction\",\"target\":{\"@type\":\"EntryPoint\",\"urlTemplate\":\"https:\\\/\\\/equipmentcontrols.com\\\/?s={search_term_string}\"},\"query-input\":{\"@type\":\"PropertyValueSpecification\",\"valueRequired\":true,\"valueName\":\"search_term_string\"}}],\"inLanguage\":\"es\"}]}<\/script>\n<!-- \/ Yoast SEO Premium plugin. -->","yoast_head_json":{"title":"Romet RMT - ECCO","description":"El medidor RMT es el cuerpo de medidor m\u00e1s avanzado de Romet. El cuerpo de aluminio extruido junto con nuestro perfil de impulsor patentado proporciona una mejor rangeabilidad mientras mantiene los m\u00e1s altos niveles de exactitud y precisi\u00f3n a trav\u00e9s de nuestro dise\u00f1o patentado de engranajes de sincronizaci\u00f3n con pasadores. Un contador de respaldo mec\u00e1nico integral viene de serie en toda la gama de tama\u00f1os de RMT, lo que brinda a nuestros clientes la tranquilidad de saber que se mantendr\u00e1n mediciones precisas y confiables durante toda la vida \u00fatil del medidor.","robots":{"index":"index","follow":"follow","max-snippet":"max-snippet:-1","max-image-preview":"max-image-preview:large","max-video-preview":"max-video-preview:-1"},"canonical":"https:\/\/equipmentcontrols.com\/es\/producto\/romet-rmt\/","og_locale":"es_MX","og_type":"article","og_title":"Romet RMT","og_description":"The RMT meter is Romet\u2019s most advanced meter body. The extruded aluminum body along with our proprietary impeller profile provides improved rangeability while maintaining the highest levels of accuracy and precision through our patented pinned timing gear design. An integral mechanical backup counter comes standard on the entire RMT size range providing our customers with the peace of mind that accurate and reliable measurement will be maintained throughout the life of the meter.","og_url":"https:\/\/equipmentcontrols.com\/es\/producto\/romet-rmt\/","og_site_name":"ECCO","article_modified_time":"2020-04-30T23:15:34+00:00","og_image":[{"width":860,"height":860,"url":"https:\/\/equipmentcontrols.com\/wp-content\/uploads\/2020\/04\/ROMET20RMT.jpg","type":"image\/jpeg"}],"twitter_card":"summary_large_image","twitter_misc":{"Tiempo de lectura":"1 minuto"},"schema":{"@context":"https:\/\/schema.org","@graph":[{"@type":"WebPage","@id":"https:\/\/equipmentcontrols.com\/product\/romet-rmt\/","url":"https:\/\/equipmentcontrols.com\/product\/romet-rmt\/","name":"Romet RMT - ECCO","isPartOf":{"@id":"https:\/\/equipmentcontrols.com\/#website"},"primaryImageOfPage":{"@id":"https:\/\/equipmentcontrols.com\/product\/romet-rmt\/#primaryimage"},"image":{"@id":"https:\/\/equipmentcontrols.com\/product\/romet-rmt\/#primaryimage"},"thumbnailUrl":"https:\/\/equipmentcontrols.com\/wp-content\/uploads\/2020\/04\/ROMET20RMT.jpg","datePublished":"2020-04-30T16:48:29+00:00","dateModified":"2020-04-30T23:15:34+00:00","description":"El medidor RMT es el cuerpo de medidor m\u00e1s avanzado de Romet. El cuerpo de aluminio extruido junto con nuestro perfil de impulsor patentado proporciona una mejor rangeabilidad mientras mantiene los m\u00e1s altos niveles de exactitud y precisi\u00f3n a trav\u00e9s de nuestro dise\u00f1o patentado de engranajes de sincronizaci\u00f3n con pasadores. Un contador de respaldo mec\u00e1nico integral viene de serie en toda la gama de tama\u00f1os de RMT, lo que brinda a nuestros clientes la tranquilidad de saber que se mantendr\u00e1n mediciones precisas y confiables durante toda la vida \u00fatil del medidor.","breadcrumb":{"@id":"https:\/\/equipmentcontrols.com\/product\/romet-rmt\/#breadcrumb"},"inLanguage":"es","potentialAction":[{"@type":"ReadAction","target":["https:\/\/equipmentcontrols.com\/product\/romet-rmt\/"]}]},{"@type":"ImageObject","inLanguage":"es","@id":"https:\/\/equipmentcontrols.com\/product\/romet-rmt\/#primaryimage","url":"https:\/\/equipmentcontrols.com\/wp-content\/uploads\/2020\/04\/ROMET20RMT.jpg","contentUrl":"https:\/\/equipmentcontrols.com\/wp-content\/uploads\/2020\/04\/ROMET20RMT.jpg","width":860,"height":860,"caption":"ROMET20RMT"},{"@type":"BreadcrumbList","@id":"https:\/\/equipmentcontrols.com\/product\/romet-rmt\/#breadcrumb","itemListElement":[{"@type":"ListItem","position":1,"name":"Home","item":"https:\/\/equipmentcontrols.com\/"},{"@type":"ListItem","position":2,"name":"Shop","item":"https:\/\/equipmentcontrols.com\/shop\/"},{"@type":"ListItem","position":3,"name":"Romet RMT"}]},{"@type":"WebSite","@id":"https:\/\/equipmentcontrols.com\/#website","url":"https:\/\/equipmentcontrols.com\/","name":"ECCO","description":"Empresa de Control de Equipos","potentialAction":[{"@type":"SearchAction","target":{"@type":"EntryPoint","urlTemplate":"https:\/\/equipmentcontrols.com\/?s={search_term_string}"},"query-input":{"@type":"PropertyValueSpecification","valueRequired":true,"valueName":"search_term_string"}}],"inLanguage":"es"}]}},"_links":{"self":[{"href":"https:\/\/equipmentcontrols.com\/es\/wp-json\/wp\/v2\/product\/799","targetHints":{"allow":["GET"]}}],"collection":[{"href":"https:\/\/equipmentcontrols.com\/es\/wp-json\/wp\/v2\/product"}],"about":[{"href":"https:\/\/equipmentcontrols.com\/es\/wp-json\/wp\/v2\/types\/product"}],"wp:featuredmedia":[{"embeddable":true,"href":"https:\/\/equipmentcontrols.com\/es\/wp-json\/wp\/v2\/media\/798"}],"wp:attachment":[{"href":"https:\/\/equipmentcontrols.com\/es\/wp-json\/wp\/v2\/media?parent=799"}],"wp:term":[{"taxonomy":"product_brand","embeddable":true,"href":"https:\/\/equipmentcontrols.com\/es\/wp-json\/wp\/v2\/product_brand?post=799"},{"taxonomy":"product_cat","embeddable":true,"href":"https:\/\/equipmentcontrols.com\/es\/wp-json\/wp\/v2\/product_cat?post=799"},{"taxonomy":"product_tag","embeddable":true,"href":"https:\/\/equipmentcontrols.com\/es\/wp-json\/wp\/v2\/product_tag?post=799"}],"curies":[{"name":"wp","href":"https:\/\/api.w.org\/{rel}","templated":true}]}}