{"id":418,"date":"2020-04-24T20:28:38","date_gmt":"2020-04-24T20:28:38","guid":{"rendered":"https:\/\/econtrols.stagemysite.com\/product\/sensus-250-s-250-dw-257-s\/"},"modified":"2020-05-13T14:10:21","modified_gmt":"2020-05-13T14:10:21","slug":"sensus-250-s-250-dw-257-s","status":"publish","type":"product","link":"https:\/\/equipmentcontrols.com\/es\/producto\/sensus-250-s-250-dw-257-s\/","title":{"rendered":"Sensus 250-S, 250-DW, 257-S"},"content":{"rendered":"<p><strong>Sensus 250-S, 250-DW, 257-S<\/strong><\/p>\n<p>Nuestras v\u00e1lvulas de alivio de seguridad ofrecen una instalaci\u00f3n econ\u00f3mica para aplicaciones de alivio de gran capacidad. Y esa es exactamente la soluci\u00f3n que necesita cuando otros dispositivos en el sistema no alivian la sobrepresi\u00f3n peligrosa en la transmisi\u00f3n, distribuci\u00f3n y uso del gas. Las v\u00e1lvulas de derivaci\u00f3n con fugas a veces pueden permitir que se acumule presi\u00f3n durante las horas de menor actividad. Los reguladores de presi\u00f3n con v\u00e1lvulas o asientos da\u00f1ados no pueden cerrarse de manera efectiva cuando es necesario, lo que puede generar condiciones peligrosas.<\/p>\n<p>Nuestras v\u00e1lvulas de alivio de seguridad mec\u00e1nicas son una soluci\u00f3n econ\u00f3mica con una gran capacidad de alivio. El modelo 257-S cuenta con un diafragma &quot;desplegable&quot; con una v\u00e1lvula simple de doble puerto en la que la acci\u00f3n del diafragma se combina constantemente con la acci\u00f3n del resorte. Este dise\u00f1o ofrece gran capacidad, asiento y reajuste ajustados, construcci\u00f3n robusta y f\u00e1cil mantenimiento sin necesidad de ajustes.<\/p>\n<p>Las v\u00e1lvulas modelo 250-S y 250-DW incorporan un diafragma moldeado profundo y ofrecen un cuerpo angulado con una gran \u00e1rea de salida para un alto caudal.<\/p>\n<p><strong>Beneficios:<\/strong><br \/>\n\u2022 Aumenta la seguridad<br \/>\n\u2022 Se instala f\u00e1cilmente<br \/>\n\u2022 Se aplica a los sistemas de distribuci\u00f3n de gas, equipos de medici\u00f3n y C&amp;I<\/p>\n<p><strong>Caracter\u00edsticas:<\/strong><br \/>\n\u2022 Funciona con gas natural, gas LP, nitr\u00f3geno, CO2 seco y aire<br \/>\n\u2022 Resistente a la intemperie<br \/>\n\u2022 Estanco<\/p>\n<p><strong>Especificaciones:<\/strong><br \/>\nFactores de forma:<br \/>\n\u2022 257-S<br \/>\n\u2022 250-DW<br \/>\n\u2022 250-S<\/p>\n<p><strong>Descargas:<\/strong><br \/>\n<a href=\"https:\/\/equipmentcontrols.com\/wp-content\/uploads\/2020\/04\/Safety-Release-Valves-Data-Sheet.pdf\">Hoja de datos de v\u00e1lvulas de liberaci\u00f3n de seguridad<\/a><br \/>\n<a href=\"https:\/\/equipmentcontrols.com\/wp-content\/uploads\/2020\/04\/Models-250-S-and-250-DW-Relief-Valve-Installation-Instructions.pdf\">Instrucciones de instalaci\u00f3n de la v\u00e1lvula de alivio de los modelos 250-S y 250-DW<\/a><br \/>\n<a href=\"https:\/\/equipmentcontrols.com\/wp-content\/uploads\/2020\/04\/Model-257S-Relief-Valve-Installation-Instructions.pdf\">Instrucciones de instalaci\u00f3n de la v\u00e1lvula de alivio modelo 257S<\/a><\/p>","protected":false},"excerpt":{"rendered":"<p>Sensus 250-S, 250-DW, 257-S Our Safety Relief valves offer an economical installation for large capacity relief applications. And that\u2019s exactly the solution you need when other devices in the system don\u2019t relieve dangerous overpressure in the transmission, distribution and use of gas. Leaking bypass valves can sometimes permit pressure to build during off-peak hours. Pressure [&hellip;]<\/p>\n","protected":false},"featured_media":308,"template":"","meta":[],"product_brand":[],"product_cat":[59,45],"product_tag":[],"class_list":{"0":"post-418","1":"product","2":"type-product","3":"status-publish","4":"has-post-thumbnail","6":"product_cat-safety-devices","7":"product_cat-sensus","9":"first","10":"instock","11":"shipping-taxable","12":"product-type-simple"},"yoast_head":"<!-- This site is optimized with the Yoast SEO Premium plugin v23.9 (Yoast SEO v27.3) - https:\/\/yoast.com\/product\/yoast-seo-premium-wordpress\/ -->\n<title>Sensus 250-S, 250-DW, 257-S - ECCO<\/title>\n<meta name=\"robots\" content=\"index, follow, max-snippet:-1, max-image-preview:large, max-video-preview:-1\" \/>\n<link rel=\"canonical\" href=\"https:\/\/equipmentcontrols.com\/es\/producto\/sensus-250-s-250-dw-257-s\/\" \/>\n<meta property=\"og:locale\" content=\"es_MX\" \/>\n<meta property=\"og:type\" content=\"article\" \/>\n<meta property=\"og:title\" content=\"Sensus 250-S, 250-DW, 257-S\" \/>\n<meta property=\"og:description\" content=\"Sensus 250-S, 250-DW, 257-S Our Safety Relief valves offer an economical installation for large capacity relief applications. And that\u2019s exactly the solution you need when other devices in the system don\u2019t relieve dangerous overpressure in the transmission, distribution and use of gas. Leaking bypass valves can sometimes permit pressure to build during off-peak hours. Pressure [&hellip;]\" \/>\n<meta property=\"og:url\" content=\"https:\/\/equipmentcontrols.com\/es\/producto\/sensus-250-s-250-dw-257-s\/\" \/>\n<meta property=\"og:site_name\" content=\"ECCO\" \/>\n<meta property=\"article:modified_time\" content=\"2020-05-13T14:10:21+00:00\" \/>\n<meta property=\"og:image\" content=\"https:\/\/equipmentcontrols.com\/wp-content\/uploads\/2020\/04\/SENSUS20250-S20Relief20Valve.jpg\" \/>\n\t<meta property=\"og:image:width\" content=\"860\" \/>\n\t<meta property=\"og:image:height\" content=\"860\" \/>\n\t<meta property=\"og:image:type\" content=\"image\/jpeg\" \/>\n<meta name=\"twitter:card\" content=\"summary_large_image\" \/>\n<meta name=\"twitter:label1\" content=\"Tiempo de lectura\" \/>\n\t<meta name=\"twitter:data1\" content=\"1 minuto\" \/>\n<script type=\"application\/ld+json\" class=\"yoast-schema-graph\">{\"@context\":\"https:\\\/\\\/schema.org\",\"@graph\":[{\"@type\":\"WebPage\",\"@id\":\"https:\\\/\\\/equipmentcontrols.com\\\/product\\\/sensus-250-s-250-dw-257-s\\\/\",\"url\":\"https:\\\/\\\/equipmentcontrols.com\\\/product\\\/sensus-250-s-250-dw-257-s\\\/\",\"name\":\"Sensus 250-S, 250-DW, 257-S - ECCO\",\"isPartOf\":{\"@id\":\"https:\\\/\\\/equipmentcontrols.com\\\/#website\"},\"primaryImageOfPage\":{\"@id\":\"https:\\\/\\\/equipmentcontrols.com\\\/product\\\/sensus-250-s-250-dw-257-s\\\/#primaryimage\"},\"image\":{\"@id\":\"https:\\\/\\\/equipmentcontrols.com\\\/product\\\/sensus-250-s-250-dw-257-s\\\/#primaryimage\"},\"thumbnailUrl\":\"https:\\\/\\\/equipmentcontrols.com\\\/wp-content\\\/uploads\\\/2020\\\/04\\\/SENSUS20250-S20Relief20Valve.jpg\",\"datePublished\":\"2020-04-24T20:28:38+00:00\",\"dateModified\":\"2020-05-13T14:10:21+00:00\",\"breadcrumb\":{\"@id\":\"https:\\\/\\\/equipmentcontrols.com\\\/product\\\/sensus-250-s-250-dw-257-s\\\/#breadcrumb\"},\"inLanguage\":\"es\",\"potentialAction\":[{\"@type\":\"ReadAction\",\"target\":[\"https:\\\/\\\/equipmentcontrols.com\\\/product\\\/sensus-250-s-250-dw-257-s\\\/\"]}]},{\"@type\":\"ImageObject\",\"inLanguage\":\"es\",\"@id\":\"https:\\\/\\\/equipmentcontrols.com\\\/product\\\/sensus-250-s-250-dw-257-s\\\/#primaryimage\",\"url\":\"https:\\\/\\\/equipmentcontrols.com\\\/wp-content\\\/uploads\\\/2020\\\/04\\\/SENSUS20250-S20Relief20Valve.jpg\",\"contentUrl\":\"https:\\\/\\\/equipmentcontrols.com\\\/wp-content\\\/uploads\\\/2020\\\/04\\\/SENSUS20250-S20Relief20Valve.jpg\",\"width\":860,\"height\":860,\"caption\":\"SENSUS20250-S20Relief20Valve.jpg\"},{\"@type\":\"BreadcrumbList\",\"@id\":\"https:\\\/\\\/equipmentcontrols.com\\\/product\\\/sensus-250-s-250-dw-257-s\\\/#breadcrumb\",\"itemListElement\":[{\"@type\":\"ListItem\",\"position\":1,\"name\":\"Home\",\"item\":\"https:\\\/\\\/equipmentcontrols.com\\\/\"},{\"@type\":\"ListItem\",\"position\":2,\"name\":\"Shop\",\"item\":\"https:\\\/\\\/equipmentcontrols.com\\\/shop\\\/\"},{\"@type\":\"ListItem\",\"position\":3,\"name\":\"Sensus 250-S, 250-DW, 257-S\"}]},{\"@type\":\"WebSite\",\"@id\":\"https:\\\/\\\/equipmentcontrols.com\\\/#website\",\"url\":\"https:\\\/\\\/equipmentcontrols.com\\\/\",\"name\":\"ECCO\",\"description\":\"Equipment Controls Company\",\"potentialAction\":[{\"@type\":\"SearchAction\",\"target\":{\"@type\":\"EntryPoint\",\"urlTemplate\":\"https:\\\/\\\/equipmentcontrols.com\\\/?s={search_term_string}\"},\"query-input\":{\"@type\":\"PropertyValueSpecification\",\"valueRequired\":true,\"valueName\":\"search_term_string\"}}],\"inLanguage\":\"es\"}]}<\/script>\n<!-- \/ Yoast SEO Premium plugin. -->","yoast_head_json":{"title":"Sensus 250-S, 250-DW, 257-S - ECCO","robots":{"index":"index","follow":"follow","max-snippet":"max-snippet:-1","max-image-preview":"max-image-preview:large","max-video-preview":"max-video-preview:-1"},"canonical":"https:\/\/equipmentcontrols.com\/es\/producto\/sensus-250-s-250-dw-257-s\/","og_locale":"es_MX","og_type":"article","og_title":"Sensus 250-S, 250-DW, 257-S","og_description":"Sensus 250-S, 250-DW, 257-S Our Safety Relief valves offer an economical installation for large capacity relief applications. And that\u2019s exactly the solution you need when other devices in the system don\u2019t relieve dangerous overpressure in the transmission, distribution and use of gas. Leaking bypass valves can sometimes permit pressure to build during off-peak hours. Pressure [&hellip;]","og_url":"https:\/\/equipmentcontrols.com\/es\/producto\/sensus-250-s-250-dw-257-s\/","og_site_name":"ECCO","article_modified_time":"2020-05-13T14:10:21+00:00","og_image":[{"width":860,"height":860,"url":"https:\/\/equipmentcontrols.com\/wp-content\/uploads\/2020\/04\/SENSUS20250-S20Relief20Valve.jpg","type":"image\/jpeg"}],"twitter_card":"summary_large_image","twitter_misc":{"Tiempo de lectura":"1 minuto"},"schema":{"@context":"https:\/\/schema.org","@graph":[{"@type":"WebPage","@id":"https:\/\/equipmentcontrols.com\/product\/sensus-250-s-250-dw-257-s\/","url":"https:\/\/equipmentcontrols.com\/product\/sensus-250-s-250-dw-257-s\/","name":"Sensus 250-S, 250-DW, 257-S - ECCO","isPartOf":{"@id":"https:\/\/equipmentcontrols.com\/#website"},"primaryImageOfPage":{"@id":"https:\/\/equipmentcontrols.com\/product\/sensus-250-s-250-dw-257-s\/#primaryimage"},"image":{"@id":"https:\/\/equipmentcontrols.com\/product\/sensus-250-s-250-dw-257-s\/#primaryimage"},"thumbnailUrl":"https:\/\/equipmentcontrols.com\/wp-content\/uploads\/2020\/04\/SENSUS20250-S20Relief20Valve.jpg","datePublished":"2020-04-24T20:28:38+00:00","dateModified":"2020-05-13T14:10:21+00:00","breadcrumb":{"@id":"https:\/\/equipmentcontrols.com\/product\/sensus-250-s-250-dw-257-s\/#breadcrumb"},"inLanguage":"es","potentialAction":[{"@type":"ReadAction","target":["https:\/\/equipmentcontrols.com\/product\/sensus-250-s-250-dw-257-s\/"]}]},{"@type":"ImageObject","inLanguage":"es","@id":"https:\/\/equipmentcontrols.com\/product\/sensus-250-s-250-dw-257-s\/#primaryimage","url":"https:\/\/equipmentcontrols.com\/wp-content\/uploads\/2020\/04\/SENSUS20250-S20Relief20Valve.jpg","contentUrl":"https:\/\/equipmentcontrols.com\/wp-content\/uploads\/2020\/04\/SENSUS20250-S20Relief20Valve.jpg","width":860,"height":860,"caption":"SENSUS20250-S20Relief20Valve.jpg"},{"@type":"BreadcrumbList","@id":"https:\/\/equipmentcontrols.com\/product\/sensus-250-s-250-dw-257-s\/#breadcrumb","itemListElement":[{"@type":"ListItem","position":1,"name":"Home","item":"https:\/\/equipmentcontrols.com\/"},{"@type":"ListItem","position":2,"name":"Shop","item":"https:\/\/equipmentcontrols.com\/shop\/"},{"@type":"ListItem","position":3,"name":"Sensus 250-S, 250-DW, 257-S"}]},{"@type":"WebSite","@id":"https:\/\/equipmentcontrols.com\/#website","url":"https:\/\/equipmentcontrols.com\/","name":"ECCO","description":"Empresa de Control de Equipos","potentialAction":[{"@type":"SearchAction","target":{"@type":"EntryPoint","urlTemplate":"https:\/\/equipmentcontrols.com\/?s={search_term_string}"},"query-input":{"@type":"PropertyValueSpecification","valueRequired":true,"valueName":"search_term_string"}}],"inLanguage":"es"}]}},"_links":{"self":[{"href":"https:\/\/equipmentcontrols.com\/es\/wp-json\/wp\/v2\/product\/418","targetHints":{"allow":["GET"]}}],"collection":[{"href":"https:\/\/equipmentcontrols.com\/es\/wp-json\/wp\/v2\/product"}],"about":[{"href":"https:\/\/equipmentcontrols.com\/es\/wp-json\/wp\/v2\/types\/product"}],"wp:featuredmedia":[{"embeddable":true,"href":"https:\/\/equipmentcontrols.com\/es\/wp-json\/wp\/v2\/media\/308"}],"wp:attachment":[{"href":"https:\/\/equipmentcontrols.com\/es\/wp-json\/wp\/v2\/media?parent=418"}],"wp:term":[{"taxonomy":"product_brand","embeddable":true,"href":"https:\/\/equipmentcontrols.com\/es\/wp-json\/wp\/v2\/product_brand?post=418"},{"taxonomy":"product_cat","embeddable":true,"href":"https:\/\/equipmentcontrols.com\/es\/wp-json\/wp\/v2\/product_cat?post=418"},{"taxonomy":"product_tag","embeddable":true,"href":"https:\/\/equipmentcontrols.com\/es\/wp-json\/wp\/v2\/product_tag?post=418"}],"curies":[{"name":"wp","href":"https:\/\/api.w.org\/{rel}","templated":true}]}}