{"id":416,"date":"2020-04-24T20:27:52","date_gmt":"2020-04-24T20:27:52","guid":{"rendered":"https:\/\/econtrols.stagemysite.com\/product\/mark-ii\/"},"modified":"2020-05-05T17:35:54","modified_gmt":"2020-05-05T17:35:54","slug":"mark-ii","status":"publish","type":"product","link":"https:\/\/equipmentcontrols.com\/es\/producto\/mark-ii\/","title":{"rendered":"Sensus Mark-II"},"content":{"rendered":"<p><strong>Turbomedidores Sensus Mark II\u2122<\/strong><\/p>\n<p>Los medidores turbo Sensus Mark II\u2122 ofrecen capacidades de medici\u00f3n de gas de alto rendimiento con caracter\u00edsticas de dise\u00f1o bien pensadas que facilitan su instalaci\u00f3n y mantenimiento. Los turbos de 4 a 12\u2033 cuentan con un dise\u00f1o de entrada superior que permite retirar el m\u00f3dulo de medici\u00f3n del cuerpo del medidor sin desarmar la tuber\u00eda. Proporcionan datos de medici\u00f3n precisos y fiables en una amplia gama de flujos y condiciones de funcionamiento. Los medidores Mark II son ideales para correctores de volumen montados en el medidor y se adaptan f\u00e1cilmente a muchas computadoras de flujo.<\/p>\n<p>Todas las piezas m\u00f3viles est\u00e1n alojadas en una c\u00e1mara sellada, protegida de los contaminantes de la l\u00ednea. El dise\u00f1o \u00fanico del rotor con \u00e1ngulo de pala de 45 o 30 grados permite que el medidor extraiga la m\u00e1xima cantidad de energ\u00eda cin\u00e9tica del gas a medida que fluye paralelo a las palas. Los medidores turbo Mark II aceptan una multitud de dispositivos de lectura montados en el medidor y proporcionan salidas de pulso calibradas para la medici\u00f3n electr\u00f3nica.<\/p>\n<p>Los medidores turbo Mark II combinan rango amplio, baja p\u00e9rdida de presi\u00f3n, flujo de gas ininterrumpido y respuesta casi instant\u00e1nea a cambios r\u00e1pidos de flujo. Esto los convierte en opciones ideales para aplicaciones de medici\u00f3n de alto volumen, que incluyen:<\/p>\n<p>\u2022 Medici\u00f3n de transferencia de custodia comercial e industrial en sistemas de distribuci\u00f3n<br \/>\n\u2022 Medici\u00f3n de transferencia de custodia en sistemas de transmisi\u00f3n e interconexiones de gasoductos<br \/>\n\u2022 Medici\u00f3n de transferencia de custodia para estaciones fronterizas de ciudades<br \/>\n\u2022 Medici\u00f3n de gas combustible para centrales el\u00e9ctricas, compresores y motores a gas<br \/>\n\u2022 Medici\u00f3n en planta para fines de control de procesos o asignaci\u00f3n de costos<\/p>\n<p><strong>Beneficios:<\/strong><br \/>\n\u2022 Proporciona dos envolventes de rendimiento separadas por tama\u00f1o de metro<br \/>\n\u2022 Permite el acceso al m\u00f3dulo de medici\u00f3n y todas las partes m\u00f3viles sin quitar el cuerpo del medidor de la l\u00ednea<br \/>\n\u2022 Brinda durabilidad y precisi\u00f3n superior en un amplio rango de flujo<br \/>\n\u2022 Reduce las visitas de mantenimiento con un cartucho autolubricante<br \/>\n\u2022 Se actualiza f\u00e1cilmente a la tecnolog\u00eda Sensus Auto-Adjust\u2122 sin quitar el cuerpo del medidor<\/p>\n<p><strong>Caracter\u00edsticas:<\/strong><br \/>\n\u2022 \u00c1ngulos de pala de rotor de 30 y 45 grados disponibles<br \/>\n\u2022 Una o dos salidas de pulso a trav\u00e9s de sensores en la punta de la hoja<br \/>\n\u2022 Dise\u00f1o de entrada superior<br \/>\n\u2022 El elemento de medici\u00f3n calibrado es un m\u00f3dulo intercambiable<br \/>\n\u2022 Acondicionamiento de flujo de gas mejorado con paletas de enderezamiento integrales<br \/>\n\u2022 Robustos rodamientos de bolas del eje del rotor<br \/>\n\u2022 Engrasador autom\u00e1tico opcional<br \/>\n\u2022 Actualice f\u00e1cilmente al medidor turbo de ajuste autom\u00e1tico sin quitar el cuerpo del medidor<\/p>\n<p><strong>Especificaciones:<\/strong><br \/>\n\u2022 Modelos que se ajustan a tuber\u00edas de 4\u201d, 6\u201d, 8\u201d y 12\u201d<br \/>\n\u2022 \u00c1ngulos de las palas del rotor de 45 o 30 grados<\/p>\n<p><strong>Descargas:<\/strong><br \/>\n<a href=\"https:\/\/equipmentcontrols.com\/wp-content\/uploads\/2020\/04\/Mark-II-Turbo-Meters-Data-Sheet.pdf\">Ficha t\u00e9cnica de los turbomedidores Mark II<\/a><\/p>\n<p><a href=\"https:\/\/equipmentcontrols.com\/wp-content\/uploads\/2020\/04\/Mark-II-Mark-IIE-and-Auto-Adjust-Installation-and-Maintenance-Instructions-International.pdf\">Instrucciones de instalaci\u00f3n y mantenimiento de Mark II, Mark IIE y Auto-Adjust International<\/a><\/p>\n<p><a href=\"https:\/\/equipmentcontrols.com\/wp-content\/uploads\/2020\/04\/Mark-II-and-Mark-IIE-Turbo-Meters-Slot-Sensor-Data-Sheet.pdf\">Hoja de datos del sensor de ranura de los turbomedidores Mark II y Mark IIE<\/a><\/p>\n<p><a href=\"https:\/\/equipmentcontrols.com\/wp-content\/uploads\/2020\/04\/Mark-II-and-Auto-Adjust-Turbo-Meters-30-degree-Blade-Tip-Rotors-Data-Sheet.pdf\">Hoja de datos de rotores de punta de pala de 30 grados Mark II y Turbo-Meters de ajuste autom\u00e1tico<\/a><\/p>","protected":false},"excerpt":{"rendered":"<p>Sensus Mark II\u2122 turbo meters Sensus Mark II\u2122 turbo meters offer high-performance gas measurement capabilities with thoughtful design features that make them easy to install and maintain. The 4 \u2013 12\u2033 turbos feature a top-entry design that allows the measurement module to be removed from the meter body without disassembling the pipeline. They provide accurate [&hellip;]<\/p>\n","protected":false},"featured_media":325,"template":"","meta":[],"product_brand":[],"product_cat":[21,45],"product_tag":[],"class_list":{"0":"post-416","1":"product","2":"type-product","3":"status-publish","4":"has-post-thumbnail","6":"product_cat-gas-meters","7":"product_cat-sensus","9":"first","10":"instock","11":"shipping-taxable","12":"product-type-simple"},"yoast_head":"<!-- This site is optimized with the Yoast SEO Premium plugin v23.9 (Yoast SEO v27.5) - https:\/\/yoast.com\/product\/yoast-seo-premium-wordpress\/ -->\n<title>Sensus Mark-II - ECCO<\/title>\n<meta name=\"description\" content=\"Sensus Mark II\u2122 turbo meters offer high-performance gas measurement capabilities with thoughtful design features that make them easy to install and maintain. The 4 \u2013 12\u2033 turbos feature a top-entry design that allows the measurement module to be removed from the meter body without disassembling the pipeline. They provide accurate and reliable measurement data over a wide range of operating flows and conditions. Mark II meters are ideally suited for meter-mounted volume correctors, and they are easily adapted to many flow computers.\" \/>\n<meta name=\"robots\" content=\"index, follow, max-snippet:-1, max-image-preview:large, max-video-preview:-1\" \/>\n<link rel=\"canonical\" href=\"https:\/\/equipmentcontrols.com\/es\/producto\/mark-ii\/\" \/>\n<meta property=\"og:locale\" content=\"es_MX\" \/>\n<meta property=\"og:type\" content=\"article\" \/>\n<meta property=\"og:title\" content=\"Sensus Mark-II\" \/>\n<meta property=\"og:description\" content=\"Sensus Mark II\u2122 turbo meters offer high-performance gas measurement capabilities with thoughtful design features that make them easy to install and maintain. The 4 \u2013 12\u2033 turbos feature a top-entry design that allows the measurement module to be removed from the meter body without disassembling the pipeline. They provide accurate and reliable measurement data over a wide range of operating flows and conditions. Mark II meters are ideally suited for meter-mounted volume correctors, and they are easily adapted to many flow computers.\" \/>\n<meta property=\"og:url\" content=\"https:\/\/equipmentcontrols.com\/es\/producto\/mark-ii\/\" \/>\n<meta property=\"og:site_name\" content=\"ECCO\" \/>\n<meta property=\"article:modified_time\" content=\"2020-05-05T17:35:54+00:00\" \/>\n<meta property=\"og:image\" content=\"https:\/\/equipmentcontrols.com\/wp-content\/uploads\/2020\/04\/SENSUS20Mark-II20Meter.jpg\" \/>\n\t<meta property=\"og:image:width\" content=\"860\" \/>\n\t<meta property=\"og:image:height\" content=\"860\" \/>\n\t<meta property=\"og:image:type\" content=\"image\/jpeg\" \/>\n<meta name=\"twitter:card\" content=\"summary_large_image\" \/>\n<meta name=\"twitter:label1\" content=\"Tiempo de lectura\" \/>\n\t<meta name=\"twitter:data1\" content=\"2 minutos\" \/>\n<script type=\"application\/ld+json\" class=\"yoast-schema-graph\">{\"@context\":\"https:\\\/\\\/schema.org\",\"@graph\":[{\"@type\":\"WebPage\",\"@id\":\"https:\\\/\\\/equipmentcontrols.com\\\/product\\\/mark-ii\\\/\",\"url\":\"https:\\\/\\\/equipmentcontrols.com\\\/product\\\/mark-ii\\\/\",\"name\":\"Sensus Mark-II - ECCO\",\"isPartOf\":{\"@id\":\"https:\\\/\\\/equipmentcontrols.com\\\/#website\"},\"primaryImageOfPage\":{\"@id\":\"https:\\\/\\\/equipmentcontrols.com\\\/product\\\/mark-ii\\\/#primaryimage\"},\"image\":{\"@id\":\"https:\\\/\\\/equipmentcontrols.com\\\/product\\\/mark-ii\\\/#primaryimage\"},\"thumbnailUrl\":\"https:\\\/\\\/equipmentcontrols.com\\\/wp-content\\\/uploads\\\/2020\\\/04\\\/SENSUS20Mark-II20Meter.jpg\",\"datePublished\":\"2020-04-24T20:27:52+00:00\",\"dateModified\":\"2020-05-05T17:35:54+00:00\",\"description\":\"Sensus Mark II\u2122 turbo meters offer high-performance gas measurement capabilities with thoughtful design features that make them easy to install and maintain. The 4 \u2013 12\u2033 turbos feature a top-entry design that allows the measurement module to be removed from the meter body without disassembling the pipeline. They provide accurate and reliable measurement data over a wide range of operating flows and conditions. Mark II meters are ideally suited for meter-mounted volume correctors, and they are easily adapted to many flow computers.\",\"breadcrumb\":{\"@id\":\"https:\\\/\\\/equipmentcontrols.com\\\/product\\\/mark-ii\\\/#breadcrumb\"},\"inLanguage\":\"es\",\"potentialAction\":[{\"@type\":\"ReadAction\",\"target\":[\"https:\\\/\\\/equipmentcontrols.com\\\/product\\\/mark-ii\\\/\"]}]},{\"@type\":\"ImageObject\",\"inLanguage\":\"es\",\"@id\":\"https:\\\/\\\/equipmentcontrols.com\\\/product\\\/mark-ii\\\/#primaryimage\",\"url\":\"https:\\\/\\\/equipmentcontrols.com\\\/wp-content\\\/uploads\\\/2020\\\/04\\\/SENSUS20Mark-II20Meter.jpg\",\"contentUrl\":\"https:\\\/\\\/equipmentcontrols.com\\\/wp-content\\\/uploads\\\/2020\\\/04\\\/SENSUS20Mark-II20Meter.jpg\",\"width\":860,\"height\":860,\"caption\":\"SENSUS20Mark-II20Meter.jpg\"},{\"@type\":\"BreadcrumbList\",\"@id\":\"https:\\\/\\\/equipmentcontrols.com\\\/product\\\/mark-ii\\\/#breadcrumb\",\"itemListElement\":[{\"@type\":\"ListItem\",\"position\":1,\"name\":\"Home\",\"item\":\"https:\\\/\\\/equipmentcontrols.com\\\/\"},{\"@type\":\"ListItem\",\"position\":2,\"name\":\"Shop\",\"item\":\"https:\\\/\\\/equipmentcontrols.com\\\/shop\\\/\"},{\"@type\":\"ListItem\",\"position\":3,\"name\":\"Sensus Mark-II\"}]},{\"@type\":\"WebSite\",\"@id\":\"https:\\\/\\\/equipmentcontrols.com\\\/#website\",\"url\":\"https:\\\/\\\/equipmentcontrols.com\\\/\",\"name\":\"ECCO\",\"description\":\"Equipment Controls Company\",\"potentialAction\":[{\"@type\":\"SearchAction\",\"target\":{\"@type\":\"EntryPoint\",\"urlTemplate\":\"https:\\\/\\\/equipmentcontrols.com\\\/?s={search_term_string}\"},\"query-input\":{\"@type\":\"PropertyValueSpecification\",\"valueRequired\":true,\"valueName\":\"search_term_string\"}}],\"inLanguage\":\"es\"}]}<\/script>\n<!-- \/ Yoast SEO Premium plugin. -->","yoast_head_json":{"title":"Sensus Mark-II - ECCO","description":"Los medidores turbo Sensus Mark II\u2122 ofrecen capacidades de medici\u00f3n de gas de alto rendimiento con caracter\u00edsticas de dise\u00f1o bien pensadas que facilitan su instalaci\u00f3n y mantenimiento. Los turbos de 4 a 12\u2033 cuentan con un dise\u00f1o de entrada superior que permite retirar el m\u00f3dulo de medici\u00f3n del cuerpo del medidor sin desarmar la tuber\u00eda. Proporcionan datos de medici\u00f3n precisos y fiables en una amplia gama de flujos y condiciones de funcionamiento. Los medidores Mark II son ideales para correctores de volumen montados en el medidor y se adaptan f\u00e1cilmente a muchas computadoras de flujo.","robots":{"index":"index","follow":"follow","max-snippet":"max-snippet:-1","max-image-preview":"max-image-preview:large","max-video-preview":"max-video-preview:-1"},"canonical":"https:\/\/equipmentcontrols.com\/es\/producto\/mark-ii\/","og_locale":"es_MX","og_type":"article","og_title":"Sensus Mark-II","og_description":"Sensus Mark II\u2122 turbo meters offer high-performance gas measurement capabilities with thoughtful design features that make them easy to install and maintain. The 4 \u2013 12\u2033 turbos feature a top-entry design that allows the measurement module to be removed from the meter body without disassembling the pipeline. They provide accurate and reliable measurement data over a wide range of operating flows and conditions. Mark II meters are ideally suited for meter-mounted volume correctors, and they are easily adapted to many flow computers.","og_url":"https:\/\/equipmentcontrols.com\/es\/producto\/mark-ii\/","og_site_name":"ECCO","article_modified_time":"2020-05-05T17:35:54+00:00","og_image":[{"width":860,"height":860,"url":"https:\/\/equipmentcontrols.com\/wp-content\/uploads\/2020\/04\/SENSUS20Mark-II20Meter.jpg","type":"image\/jpeg"}],"twitter_card":"summary_large_image","twitter_misc":{"Tiempo de lectura":"2 minutos"},"schema":{"@context":"https:\/\/schema.org","@graph":[{"@type":"WebPage","@id":"https:\/\/equipmentcontrols.com\/product\/mark-ii\/","url":"https:\/\/equipmentcontrols.com\/product\/mark-ii\/","name":"Sensus Mark-II - ECCO","isPartOf":{"@id":"https:\/\/equipmentcontrols.com\/#website"},"primaryImageOfPage":{"@id":"https:\/\/equipmentcontrols.com\/product\/mark-ii\/#primaryimage"},"image":{"@id":"https:\/\/equipmentcontrols.com\/product\/mark-ii\/#primaryimage"},"thumbnailUrl":"https:\/\/equipmentcontrols.com\/wp-content\/uploads\/2020\/04\/SENSUS20Mark-II20Meter.jpg","datePublished":"2020-04-24T20:27:52+00:00","dateModified":"2020-05-05T17:35:54+00:00","description":"Los medidores turbo Sensus Mark II\u2122 ofrecen capacidades de medici\u00f3n de gas de alto rendimiento con caracter\u00edsticas de dise\u00f1o bien pensadas que facilitan su instalaci\u00f3n y mantenimiento. Los turbos de 4 a 12\u2033 cuentan con un dise\u00f1o de entrada superior que permite retirar el m\u00f3dulo de medici\u00f3n del cuerpo del medidor sin desarmar la tuber\u00eda. Proporcionan datos de medici\u00f3n precisos y fiables en una amplia gama de flujos y condiciones de funcionamiento. Los medidores Mark II son ideales para correctores de volumen montados en el medidor y se adaptan f\u00e1cilmente a muchas computadoras de flujo.","breadcrumb":{"@id":"https:\/\/equipmentcontrols.com\/product\/mark-ii\/#breadcrumb"},"inLanguage":"es","potentialAction":[{"@type":"ReadAction","target":["https:\/\/equipmentcontrols.com\/product\/mark-ii\/"]}]},{"@type":"ImageObject","inLanguage":"es","@id":"https:\/\/equipmentcontrols.com\/product\/mark-ii\/#primaryimage","url":"https:\/\/equipmentcontrols.com\/wp-content\/uploads\/2020\/04\/SENSUS20Mark-II20Meter.jpg","contentUrl":"https:\/\/equipmentcontrols.com\/wp-content\/uploads\/2020\/04\/SENSUS20Mark-II20Meter.jpg","width":860,"height":860,"caption":"SENSUS20Mark-II20Meter.jpg"},{"@type":"BreadcrumbList","@id":"https:\/\/equipmentcontrols.com\/product\/mark-ii\/#breadcrumb","itemListElement":[{"@type":"ListItem","position":1,"name":"Home","item":"https:\/\/equipmentcontrols.com\/"},{"@type":"ListItem","position":2,"name":"Shop","item":"https:\/\/equipmentcontrols.com\/shop\/"},{"@type":"ListItem","position":3,"name":"Sensus Mark-II"}]},{"@type":"WebSite","@id":"https:\/\/equipmentcontrols.com\/#website","url":"https:\/\/equipmentcontrols.com\/","name":"ECCO","description":"Empresa de Control de Equipos","potentialAction":[{"@type":"SearchAction","target":{"@type":"EntryPoint","urlTemplate":"https:\/\/equipmentcontrols.com\/?s={search_term_string}"},"query-input":{"@type":"PropertyValueSpecification","valueRequired":true,"valueName":"search_term_string"}}],"inLanguage":"es"}]}},"_links":{"self":[{"href":"https:\/\/equipmentcontrols.com\/es\/wp-json\/wp\/v2\/product\/416","targetHints":{"allow":["GET"]}}],"collection":[{"href":"https:\/\/equipmentcontrols.com\/es\/wp-json\/wp\/v2\/product"}],"about":[{"href":"https:\/\/equipmentcontrols.com\/es\/wp-json\/wp\/v2\/types\/product"}],"wp:featuredmedia":[{"embeddable":true,"href":"https:\/\/equipmentcontrols.com\/es\/wp-json\/wp\/v2\/media\/325"}],"wp:attachment":[{"href":"https:\/\/equipmentcontrols.com\/es\/wp-json\/wp\/v2\/media?parent=416"}],"wp:term":[{"taxonomy":"product_brand","embeddable":true,"href":"https:\/\/equipmentcontrols.com\/es\/wp-json\/wp\/v2\/product_brand?post=416"},{"taxonomy":"product_cat","embeddable":true,"href":"https:\/\/equipmentcontrols.com\/es\/wp-json\/wp\/v2\/product_cat?post=416"},{"taxonomy":"product_tag","embeddable":true,"href":"https:\/\/equipmentcontrols.com\/es\/wp-json\/wp\/v2\/product_tag?post=416"}],"curies":[{"name":"wp","href":"https:\/\/api.w.org\/{rel}","templated":true}]}}