{"id":415,"date":"2020-04-24T20:27:52","date_gmt":"2020-04-24T20:27:52","guid":{"rendered":"https:\/\/econtrols.stagemysite.com\/product\/sonix-2000-3000-2\/"},"modified":"2021-05-11T18:50:34","modified_gmt":"2021-05-11T18:50:34","slug":"sonix-2000-3000-2","status":"publish","type":"product","link":"https:\/\/equipmentcontrols.com\/es\/producto\/sonix-2000-3000-2\/","title":{"rendered":"sonix 2000\/3000"},"content":{"rendered":"<p><strong>sonix 2000\/3000<\/strong><\/p>\n<p><strong>No hay necesidad de piezas m\u00f3viles. O Reparaciones Costosas.<\/strong><\/p>\n<p>Usando tecnolog\u00eda ultras\u00f3nica digital, nuestros medidores ultras\u00f3nicos Sonix\u00ae est\u00e1n dise\u00f1ados sin partes m\u00f3viles, lo que elimina virtualmente el costo de las reparaciones. Estos medidores conservan su calibraci\u00f3n. Tambi\u00e9n proporcionan alertas de manipulaci\u00f3n y mal funcionamiento. Su dise\u00f1o compacto ofrece opciones de instalaci\u00f3n flexibles.<\/p>\n<p>La plataforma electr\u00f3nica le permite incluir la lectura autom\u00e1tica de medidores de manera m\u00e1s rentable y actualizar el medidor con las \u00faltimas opciones mientras a\u00fan est\u00e1 en servicio.<\/p>\n<p>Para la recopilaci\u00f3n y el almacenamiento de datos remotos, los medidores Sonix cuentan con una opci\u00f3n de salida de pulsos. La salida de pulsos de dos hilos les permite enviar datos a cualquier hardware de acumulaci\u00f3n de pulsos de Forma A. La combinaci\u00f3n de medidores Sonix y dispositivos de recopilaci\u00f3n de datos remotos brinda una soluci\u00f3n s\u00f3lida para la creciente necesidad actual de precisi\u00f3n en las mediciones y el menor costo total de propiedad.<\/p>\n<p><strong>Beneficios:<\/strong><br \/>\n\u2022 Proporciona una medici\u00f3n y una fiabilidad muy precisas<br \/>\n\u2022 Aumenta la funcionalidad mientras usa significativamente menos material<br \/>\n\u2022 Se desempe\u00f1a de manera m\u00e1s eficiente<br \/>\n\u2022 Aumenta los ahorros con costos reducidos de instalaci\u00f3n y mano de obra<\/p>\n<p><strong>Caracter\u00edsticas:<\/strong><br \/>\n<strong>Tama\u00f1o compacto<\/strong><br \/>\n\u2022 Garant\u00eda de vida \u00fatil de la bater\u00eda de 10 a\u00f1os\/garant\u00eda del medidor de 15 a\u00f1os<br \/>\n\u2022 Sin partes m\u00f3viles<br \/>\n\u2022 60 d\u00edas de datos por hora<br \/>\n\u2022 Diagn\u00f3sticos integrados<br \/>\n\u2022 Salud del medidor<br \/>\n\u2022 Manipulaci\u00f3n<br \/>\n\u2022 Flujo inverso<br \/>\n\u2022 Aire en el medidor<br \/>\n\u2022 Compensaci\u00f3n de temperatura<br \/>\n\u2022 Compensaci\u00f3n de presi\u00f3n de factor fijo<\/p>\n<p><strong>Especificaciones:<\/strong><br \/>\n\u2022 Sonix 16\/12\/25<br \/>\n\u2022 Sonix 2000<br \/>\n\u2022 Sonix 600-880<\/p>\n<p>Los medidores de gas Sonix est\u00e1n dise\u00f1ados de acuerdo con los siguientes est\u00e1ndares:<br \/>\n<strong>Construcci\u00f3n y Rendimiento<\/strong><br \/>\n<strong>\u2022 Construcci\u00f3n de secciones relevantes de:<\/strong><br \/>\nOIML R6:1989 Disposiciones generales para medidores de volumen de gas<br \/>\nMedidores de desplazamiento de gas tipo diafragma ANSI B109.2<br \/>\nMedici\u00f3n Canad\u00e1 PS-G-06 aprobaci\u00f3n AG-0514<\/p>\n<p><strong>\u2022 Seguridad ELECTRICA:<\/strong><br \/>\nUL1604, tercera edici\u00f3n: Equipo el\u00e9ctrico para uso en ubicaciones clasificadas como peligrosas de Clase I y Clase II, Divisi\u00f3n 2 y Clase III, Rev. 1995<br \/>\nCSA C22.2 No. 213, Primera edici\u00f3n: Equipos el\u00e9ctricos no incentivados para uso en ubicaciones peligrosas Clase I, Divisi\u00f3n 2, Rev. 1999<\/p>\n<p><strong>\u2022 Protecci\u00f3n de ingreso:<\/strong><br \/>\nClasificaci\u00f3n de carcasa NEMA 3R (IP22)<\/p>\n<p><strong>\u2022 Inmunidad<\/strong> (Magn\u00e9tico y Radiado):<br \/>\nIEC 61000-4-8:1993 para inmunidad magn\u00e9tica<br \/>\nIEC 61000-4-3:1995 para inmunidad radiada<\/p>\n<p><strong>\u2022 Vibraci\u00f3n y Choque:<\/strong><br \/>\nCEI 60068\/2-6 y CEI 60068-2-31<\/p>\n<p><strong>\u2022 Emisiones CEM:<\/strong><br \/>\nT\u00edtulo 47 del CFR, Parte 18 Subparte C \u2013 18.309(a) y 18.311 L\u00edmites de emisi\u00f3n radiada para equipos industriales, cient\u00edficos y m\u00e9dicos (ISM), dispositivos ultras\u00f3nicos.<\/p>\n<p><strong>\u2022 Comunicaciones:<\/strong><br \/>\nBS EN 61107 1996, Intercambio de datos para lectura de medidores, tarifas y control de carga\u2014Intercambio directo de datos locales<\/p>\n<p><strong>Descargas:<\/strong><br \/>\n<a href=\"https:\/\/equipmentcontrols.com\/wp-content\/uploads\/2021\/05\/Sonix-2000-Data-Sheet-4-2021.pdf\">Hoja de datos de Sonix 2000<\/a><\/p>\n<p><a href=\"https:\/\/equipmentcontrols.com\/wp-content\/uploads\/2020\/04\/Sensus-Gas-Products-Catalog-04-13-20.pdf\">Folleto de productos Sensus Gas<\/a><\/p>","protected":false},"excerpt":{"rendered":"<p>Sonix 2000\/3000 No Need for Moving Parts. Or Costly Repairs. Using digital ultrasonic technology, our Sonix\u00ae ultrasonic meters are designed with no moving parts, virtually eliminating the cost of repairs. These meters retain their calibration. They also provide alerts for tampering and for malfunctions. Their compact design affords flexible installation options. The electronic platform allows [&hellip;]<\/p>\n","protected":false},"featured_media":1294,"template":"","meta":[],"product_brand":[],"product_cat":[21,45],"product_tag":[],"class_list":{"0":"post-415","1":"product","2":"type-product","3":"status-publish","4":"has-post-thumbnail","6":"product_cat-gas-meters","7":"product_cat-sensus","9":"first","10":"instock","11":"shipping-taxable","12":"product-type-simple"},"yoast_head":"<!-- This site is optimized with the Yoast SEO Premium plugin v23.9 (Yoast SEO v27.5) - https:\/\/yoast.com\/product\/yoast-seo-premium-wordpress\/ -->\n<title>Sonix 2000\/3000 - ECCO<\/title>\n<meta name=\"robots\" content=\"index, follow, max-snippet:-1, max-image-preview:large, max-video-preview:-1\" \/>\n<link rel=\"canonical\" href=\"https:\/\/equipmentcontrols.com\/es\/producto\/sonix-2000-3000-2\/\" \/>\n<meta property=\"og:locale\" content=\"es_MX\" \/>\n<meta property=\"og:type\" content=\"article\" \/>\n<meta property=\"og:title\" content=\"Sonix 2000\/3000\" \/>\n<meta property=\"og:description\" content=\"Sonix 2000\/3000 No Need for Moving Parts. Or Costly Repairs. Using digital ultrasonic technology, our Sonix\u00ae ultrasonic meters are designed with no moving parts, virtually eliminating the cost of repairs. These meters retain their calibration. They also provide alerts for tampering and for malfunctions. Their compact design affords flexible installation options. The electronic platform allows [&hellip;]\" \/>\n<meta property=\"og:url\" content=\"https:\/\/equipmentcontrols.com\/es\/producto\/sonix-2000-3000-2\/\" \/>\n<meta property=\"og:site_name\" content=\"ECCO\" \/>\n<meta property=\"article:modified_time\" content=\"2021-05-11T18:50:34+00:00\" \/>\n<meta property=\"og:image\" content=\"https:\/\/equipmentcontrols.com\/wp-content\/uploads\/2020\/05\/SENSUS-Sonix2000.jpg\" \/>\n\t<meta property=\"og:image:width\" content=\"860\" \/>\n\t<meta property=\"og:image:height\" content=\"860\" \/>\n\t<meta property=\"og:image:type\" content=\"image\/jpeg\" \/>\n<meta name=\"twitter:card\" content=\"summary_large_image\" \/>\n<meta name=\"twitter:label1\" content=\"Tiempo de lectura\" \/>\n\t<meta name=\"twitter:data1\" content=\"2 minutos\" \/>\n<script type=\"application\/ld+json\" class=\"yoast-schema-graph\">{\"@context\":\"https:\\\/\\\/schema.org\",\"@graph\":[{\"@type\":\"WebPage\",\"@id\":\"https:\\\/\\\/equipmentcontrols.com\\\/product\\\/sonix-2000-3000-2\\\/\",\"url\":\"https:\\\/\\\/equipmentcontrols.com\\\/product\\\/sonix-2000-3000-2\\\/\",\"name\":\"Sonix 2000\\\/3000 - ECCO\",\"isPartOf\":{\"@id\":\"https:\\\/\\\/equipmentcontrols.com\\\/#website\"},\"primaryImageOfPage\":{\"@id\":\"https:\\\/\\\/equipmentcontrols.com\\\/product\\\/sonix-2000-3000-2\\\/#primaryimage\"},\"image\":{\"@id\":\"https:\\\/\\\/equipmentcontrols.com\\\/product\\\/sonix-2000-3000-2\\\/#primaryimage\"},\"thumbnailUrl\":\"https:\\\/\\\/equipmentcontrols.com\\\/wp-content\\\/uploads\\\/2020\\\/05\\\/SENSUS-Sonix2000.jpg\",\"datePublished\":\"2020-04-24T20:27:52+00:00\",\"dateModified\":\"2021-05-11T18:50:34+00:00\",\"breadcrumb\":{\"@id\":\"https:\\\/\\\/equipmentcontrols.com\\\/product\\\/sonix-2000-3000-2\\\/#breadcrumb\"},\"inLanguage\":\"es\",\"potentialAction\":[{\"@type\":\"ReadAction\",\"target\":[\"https:\\\/\\\/equipmentcontrols.com\\\/product\\\/sonix-2000-3000-2\\\/\"]}]},{\"@type\":\"ImageObject\",\"inLanguage\":\"es\",\"@id\":\"https:\\\/\\\/equipmentcontrols.com\\\/product\\\/sonix-2000-3000-2\\\/#primaryimage\",\"url\":\"https:\\\/\\\/equipmentcontrols.com\\\/wp-content\\\/uploads\\\/2020\\\/05\\\/SENSUS-Sonix2000.jpg\",\"contentUrl\":\"https:\\\/\\\/equipmentcontrols.com\\\/wp-content\\\/uploads\\\/2020\\\/05\\\/SENSUS-Sonix2000.jpg\",\"width\":860,\"height\":860,\"caption\":\"SENSUS-Sonix2000\"},{\"@type\":\"BreadcrumbList\",\"@id\":\"https:\\\/\\\/equipmentcontrols.com\\\/product\\\/sonix-2000-3000-2\\\/#breadcrumb\",\"itemListElement\":[{\"@type\":\"ListItem\",\"position\":1,\"name\":\"Home\",\"item\":\"https:\\\/\\\/equipmentcontrols.com\\\/\"},{\"@type\":\"ListItem\",\"position\":2,\"name\":\"Shop\",\"item\":\"https:\\\/\\\/equipmentcontrols.com\\\/shop\\\/\"},{\"@type\":\"ListItem\",\"position\":3,\"name\":\"Sonix 2000\\\/3000\"}]},{\"@type\":\"WebSite\",\"@id\":\"https:\\\/\\\/equipmentcontrols.com\\\/#website\",\"url\":\"https:\\\/\\\/equipmentcontrols.com\\\/\",\"name\":\"ECCO\",\"description\":\"Equipment Controls Company\",\"potentialAction\":[{\"@type\":\"SearchAction\",\"target\":{\"@type\":\"EntryPoint\",\"urlTemplate\":\"https:\\\/\\\/equipmentcontrols.com\\\/?s={search_term_string}\"},\"query-input\":{\"@type\":\"PropertyValueSpecification\",\"valueRequired\":true,\"valueName\":\"search_term_string\"}}],\"inLanguage\":\"es\"}]}<\/script>\n<!-- \/ Yoast SEO Premium plugin. -->","yoast_head_json":{"title":"Sonix 2000\/3000 - ECCO","robots":{"index":"index","follow":"follow","max-snippet":"max-snippet:-1","max-image-preview":"max-image-preview:large","max-video-preview":"max-video-preview:-1"},"canonical":"https:\/\/equipmentcontrols.com\/es\/producto\/sonix-2000-3000-2\/","og_locale":"es_MX","og_type":"article","og_title":"Sonix 2000\/3000","og_description":"Sonix 2000\/3000 No Need for Moving Parts. Or Costly Repairs. Using digital ultrasonic technology, our Sonix\u00ae ultrasonic meters are designed with no moving parts, virtually eliminating the cost of repairs. These meters retain their calibration. They also provide alerts for tampering and for malfunctions. Their compact design affords flexible installation options. The electronic platform allows [&hellip;]","og_url":"https:\/\/equipmentcontrols.com\/es\/producto\/sonix-2000-3000-2\/","og_site_name":"ECCO","article_modified_time":"2021-05-11T18:50:34+00:00","og_image":[{"width":860,"height":860,"url":"https:\/\/equipmentcontrols.com\/wp-content\/uploads\/2020\/05\/SENSUS-Sonix2000.jpg","type":"image\/jpeg"}],"twitter_card":"summary_large_image","twitter_misc":{"Tiempo de lectura":"2 minutos"},"schema":{"@context":"https:\/\/schema.org","@graph":[{"@type":"WebPage","@id":"https:\/\/equipmentcontrols.com\/product\/sonix-2000-3000-2\/","url":"https:\/\/equipmentcontrols.com\/product\/sonix-2000-3000-2\/","name":"Sonix 2000\/3000 - ECCO","isPartOf":{"@id":"https:\/\/equipmentcontrols.com\/#website"},"primaryImageOfPage":{"@id":"https:\/\/equipmentcontrols.com\/product\/sonix-2000-3000-2\/#primaryimage"},"image":{"@id":"https:\/\/equipmentcontrols.com\/product\/sonix-2000-3000-2\/#primaryimage"},"thumbnailUrl":"https:\/\/equipmentcontrols.com\/wp-content\/uploads\/2020\/05\/SENSUS-Sonix2000.jpg","datePublished":"2020-04-24T20:27:52+00:00","dateModified":"2021-05-11T18:50:34+00:00","breadcrumb":{"@id":"https:\/\/equipmentcontrols.com\/product\/sonix-2000-3000-2\/#breadcrumb"},"inLanguage":"es","potentialAction":[{"@type":"ReadAction","target":["https:\/\/equipmentcontrols.com\/product\/sonix-2000-3000-2\/"]}]},{"@type":"ImageObject","inLanguage":"es","@id":"https:\/\/equipmentcontrols.com\/product\/sonix-2000-3000-2\/#primaryimage","url":"https:\/\/equipmentcontrols.com\/wp-content\/uploads\/2020\/05\/SENSUS-Sonix2000.jpg","contentUrl":"https:\/\/equipmentcontrols.com\/wp-content\/uploads\/2020\/05\/SENSUS-Sonix2000.jpg","width":860,"height":860,"caption":"SENSUS-Sonix2000"},{"@type":"BreadcrumbList","@id":"https:\/\/equipmentcontrols.com\/product\/sonix-2000-3000-2\/#breadcrumb","itemListElement":[{"@type":"ListItem","position":1,"name":"Home","item":"https:\/\/equipmentcontrols.com\/"},{"@type":"ListItem","position":2,"name":"Shop","item":"https:\/\/equipmentcontrols.com\/shop\/"},{"@type":"ListItem","position":3,"name":"Sonix 2000\/3000"}]},{"@type":"WebSite","@id":"https:\/\/equipmentcontrols.com\/#website","url":"https:\/\/equipmentcontrols.com\/","name":"ECCO","description":"Empresa de Control de Equipos","potentialAction":[{"@type":"SearchAction","target":{"@type":"EntryPoint","urlTemplate":"https:\/\/equipmentcontrols.com\/?s={search_term_string}"},"query-input":{"@type":"PropertyValueSpecification","valueRequired":true,"valueName":"search_term_string"}}],"inLanguage":"es"}]}},"_links":{"self":[{"href":"https:\/\/equipmentcontrols.com\/es\/wp-json\/wp\/v2\/product\/415","targetHints":{"allow":["GET"]}}],"collection":[{"href":"https:\/\/equipmentcontrols.com\/es\/wp-json\/wp\/v2\/product"}],"about":[{"href":"https:\/\/equipmentcontrols.com\/es\/wp-json\/wp\/v2\/types\/product"}],"wp:featuredmedia":[{"embeddable":true,"href":"https:\/\/equipmentcontrols.com\/es\/wp-json\/wp\/v2\/media\/1294"}],"wp:attachment":[{"href":"https:\/\/equipmentcontrols.com\/es\/wp-json\/wp\/v2\/media?parent=415"}],"wp:term":[{"taxonomy":"product_brand","embeddable":true,"href":"https:\/\/equipmentcontrols.com\/es\/wp-json\/wp\/v2\/product_brand?post=415"},{"taxonomy":"product_cat","embeddable":true,"href":"https:\/\/equipmentcontrols.com\/es\/wp-json\/wp\/v2\/product_cat?post=415"},{"taxonomy":"product_tag","embeddable":true,"href":"https:\/\/equipmentcontrols.com\/es\/wp-json\/wp\/v2\/product_tag?post=415"}],"curies":[{"name":"wp","href":"https:\/\/api.w.org\/{rel}","templated":true}]}}