{"id":410,"date":"2020-04-24T20:27:51","date_gmt":"2020-04-24T20:27:51","guid":{"rendered":"https:\/\/econtrols.stagemysite.com\/product\/sonix-iq-2\/"},"modified":"2024-01-11T19:20:48","modified_gmt":"2024-01-11T19:20:48","slug":"sonix-iq-2","status":"publish","type":"product","link":"https:\/\/equipmentcontrols.com\/es\/producto\/sonix-iq-2\/","title":{"rendered":"Sonix IQ"},"content":{"rendered":"<p><strong>Sonix IQ Ultrasonic Meter: <\/strong><strong>Desempe\u00f1o sin precedentes de un destacado ultras\u00f3nico elegante.<\/strong><\/p>\n<p>Sonix IQ proporciona la precisi\u00f3n milim\u00e9trica de la medici\u00f3n ultras\u00f3nica para la medici\u00f3n de gas residencial. Dise\u00f1ado para cumplir con los rigurosos est\u00e1ndares requeridos para las instalaciones al aire libre en Am\u00e9rica del Norte, este medidor de estado s\u00f3lido no tiene partes m\u00f3viles que se deban reemplazar o desgastar con el tiempo. Cuenta con metrolog\u00eda de clase dual; el medidor del mismo tama\u00f1o puede cubrir necesidades de 250 CFH o 425 CFH. Y con una radio FlexNet\u00ae disponible integrada dentro de la carcasa del medidor, el Sonix IQ ofrece valor en un tama\u00f1o compacto.<\/p>\n<p><strong>Beneficios:<\/strong><br \/>\n\u2022 Tama\u00f1o compacto para caber en cualquier lugar<br \/>\n\u2022 Comunicaciones bidireccionales cuando se utiliza con una red de comunicaci\u00f3n Sensus FlexNet\u00ae<br \/>\n\u2022 Admite radios de terceros<br \/>\n\u2022 Controles de salud continuos a trav\u00e9s de alertas y alarmas de seguridad<br \/>\n\u2022 Planificaci\u00f3n optimizada de la gesti\u00f3n de activos y costos reducidos debido a la construcci\u00f3n de estado s\u00f3lido, el m\u00f3dulo de comunicaci\u00f3n integrado y la duraci\u00f3n extendida de la bater\u00eda de 20 a\u00f1os<\/p>\n<p><strong>Caracter\u00edsticas:<\/strong><br \/>\n\u2022 Metrolog\u00eda de doble clase: 250 CFH o 425 CFH<br \/>\n\u2022 Registros de datos por hora de 90 d\u00edas<br \/>\n\u2022 Detecci\u00f3n de robo y manipulaci\u00f3n incorporada<br \/>\n\u2022 Salida de pulso disponible<br \/>\n\u2022 Capacidad FlexNet opcional<\/p>\n<p><strong>Especificaciones:<\/strong><br \/>\n<strong>Capacidad:<\/strong><br \/>\n\u2022 250 cfh con diferencial de \u00bd\u201d 425 cfh con diferencial de \u00bd\u201d<\/p>\n<p><strong>Conexiones:<\/strong><br \/>\n\u2022 Todas las conexiones disponibles son de 6 pulg. (152 mm) de centro a centro. Montaje recomendado con conexiones arriba<\/p>\n<p><strong>Dimensiones (promedio):<\/strong><br \/>\n\u2022 9,94 pulgadas de largo x 4,38 pulgadas de ancho x 7,89 pulgadas de alto (252,5 mm de largo x 111,3 mm de ancho x 200,4 mm de alto)<\/p>\n<p><strong>Peso:<\/strong><br \/>\n\u2022 6,3 libras (2,86 kg)<\/p>\n<p><strong>Precisi\u00f3n:<\/strong><br \/>\n\u2022 Cumple con ANSI B109.1, PS-G-06<\/p>\n<p><strong>Seguridad intr\u00ednseca:<\/strong><br \/>\n\u2022 Clase 1 Divisi\u00f3n 2, Grupo D T4. CSA C22.2 No 213 Clase 1 Divisi\u00f3n 1, Medici\u00f3n Canad\u00e1 pendiente<\/p>\n<p><strong>Descargas:<\/strong><br \/>\n<a href=\"https:\/\/equipmentcontrols.com\/wp-content\/uploads\/2020\/09\/Sonix-IQ-datasheet.pdf\">Ficha t\u00e9cnica de Sonix IQ<\/a><br \/>\n<a href=\"https:\/\/equipmentcontrols.com\/wp-content\/uploads\/2020\/04\/Sensus-Gas-Products-Catalog-04-13-20.pdf\">Folleto de productos Sensus Gas<\/a><\/p>","protected":false},"excerpt":{"rendered":"<p>Sonix IQ Ultrasonic Meter: Unprecedented performance from a sleek, ultrasonic standout. Sonix IQ provides the pinpoint accuracy of ultrasonic measurement for residential gas metering. Designed to meet rigorous standards required for outdoor installations in North America, this solid state meter has no moving parts to replace or wear out over time. It boasts dual-class metrology; [&hellip;]<\/p>\n","protected":false},"featured_media":313,"template":"","meta":[],"product_brand":[],"product_cat":[41,21,45,61],"product_tag":[],"class_list":{"0":"post-410","1":"product","2":"type-product","3":"status-publish","4":"has-post-thumbnail","6":"product_cat-ami","7":"product_cat-gas-meters","8":"product_cat-sensus","9":"product_cat-sensus-flexnet","11":"first","12":"instock","13":"shipping-taxable","14":"product-type-simple"},"yoast_head":"<!-- This site is optimized with the Yoast SEO Premium plugin v23.9 (Yoast SEO v27.3) - https:\/\/yoast.com\/product\/yoast-seo-premium-wordpress\/ -->\n<title>Sonix IQ - ECCO<\/title>\n<meta name=\"robots\" content=\"index, follow, max-snippet:-1, max-image-preview:large, max-video-preview:-1\" \/>\n<link rel=\"canonical\" href=\"https:\/\/equipmentcontrols.com\/es\/producto\/sonix-iq-2\/\" \/>\n<meta property=\"og:locale\" content=\"es_MX\" \/>\n<meta property=\"og:type\" content=\"article\" \/>\n<meta property=\"og:title\" content=\"Sonix IQ\" \/>\n<meta property=\"og:description\" content=\"Sonix IQ Ultrasonic Meter: Unprecedented performance from a sleek, ultrasonic standout. Sonix IQ provides the pinpoint accuracy of ultrasonic measurement for residential gas metering. Designed to meet rigorous standards required for outdoor installations in North America, this solid state meter has no moving parts to replace or wear out over time. It boasts dual-class metrology; [&hellip;]\" \/>\n<meta property=\"og:url\" content=\"https:\/\/equipmentcontrols.com\/es\/producto\/sonix-iq-2\/\" \/>\n<meta property=\"og:site_name\" content=\"ECCO\" \/>\n<meta property=\"article:modified_time\" content=\"2024-01-11T19:20:48+00:00\" \/>\n<meta property=\"og:image\" content=\"https:\/\/equipmentcontrols.com\/wp-content\/uploads\/2020\/04\/SENSUS20SonixIQ20Meter.jpg\" \/>\n\t<meta property=\"og:image:width\" content=\"860\" \/>\n\t<meta property=\"og:image:height\" content=\"860\" \/>\n\t<meta property=\"og:image:type\" content=\"image\/jpeg\" \/>\n<meta name=\"twitter:card\" content=\"summary_large_image\" \/>\n<meta name=\"twitter:label1\" content=\"Tiempo de lectura\" \/>\n\t<meta name=\"twitter:data1\" content=\"2 minutos\" \/>\n<script type=\"application\/ld+json\" class=\"yoast-schema-graph\">{\"@context\":\"https:\\\/\\\/schema.org\",\"@graph\":[{\"@type\":\"WebPage\",\"@id\":\"https:\\\/\\\/equipmentcontrols.com\\\/product\\\/sonix-iq-2\\\/\",\"url\":\"https:\\\/\\\/equipmentcontrols.com\\\/product\\\/sonix-iq-2\\\/\",\"name\":\"Sonix IQ - ECCO\",\"isPartOf\":{\"@id\":\"https:\\\/\\\/equipmentcontrols.com\\\/#website\"},\"primaryImageOfPage\":{\"@id\":\"https:\\\/\\\/equipmentcontrols.com\\\/product\\\/sonix-iq-2\\\/#primaryimage\"},\"image\":{\"@id\":\"https:\\\/\\\/equipmentcontrols.com\\\/product\\\/sonix-iq-2\\\/#primaryimage\"},\"thumbnailUrl\":\"https:\\\/\\\/equipmentcontrols.com\\\/wp-content\\\/uploads\\\/2020\\\/04\\\/SENSUS20SonixIQ20Meter.jpg\",\"datePublished\":\"2020-04-24T20:27:51+00:00\",\"dateModified\":\"2024-01-11T19:20:48+00:00\",\"breadcrumb\":{\"@id\":\"https:\\\/\\\/equipmentcontrols.com\\\/product\\\/sonix-iq-2\\\/#breadcrumb\"},\"inLanguage\":\"es\",\"potentialAction\":[{\"@type\":\"ReadAction\",\"target\":[\"https:\\\/\\\/equipmentcontrols.com\\\/product\\\/sonix-iq-2\\\/\"]}]},{\"@type\":\"ImageObject\",\"inLanguage\":\"es\",\"@id\":\"https:\\\/\\\/equipmentcontrols.com\\\/product\\\/sonix-iq-2\\\/#primaryimage\",\"url\":\"https:\\\/\\\/equipmentcontrols.com\\\/wp-content\\\/uploads\\\/2020\\\/04\\\/SENSUS20SonixIQ20Meter.jpg\",\"contentUrl\":\"https:\\\/\\\/equipmentcontrols.com\\\/wp-content\\\/uploads\\\/2020\\\/04\\\/SENSUS20SonixIQ20Meter.jpg\",\"width\":860,\"height\":860,\"caption\":\"SENSUS20SonixIQ20Meter\"},{\"@type\":\"BreadcrumbList\",\"@id\":\"https:\\\/\\\/equipmentcontrols.com\\\/product\\\/sonix-iq-2\\\/#breadcrumb\",\"itemListElement\":[{\"@type\":\"ListItem\",\"position\":1,\"name\":\"Home\",\"item\":\"https:\\\/\\\/equipmentcontrols.com\\\/\"},{\"@type\":\"ListItem\",\"position\":2,\"name\":\"Shop\",\"item\":\"https:\\\/\\\/equipmentcontrols.com\\\/shop\\\/\"},{\"@type\":\"ListItem\",\"position\":3,\"name\":\"Sonix IQ\"}]},{\"@type\":\"WebSite\",\"@id\":\"https:\\\/\\\/equipmentcontrols.com\\\/#website\",\"url\":\"https:\\\/\\\/equipmentcontrols.com\\\/\",\"name\":\"ECCO\",\"description\":\"Equipment Controls Company\",\"potentialAction\":[{\"@type\":\"SearchAction\",\"target\":{\"@type\":\"EntryPoint\",\"urlTemplate\":\"https:\\\/\\\/equipmentcontrols.com\\\/?s={search_term_string}\"},\"query-input\":{\"@type\":\"PropertyValueSpecification\",\"valueRequired\":true,\"valueName\":\"search_term_string\"}}],\"inLanguage\":\"es\"}]}<\/script>\n<!-- \/ Yoast SEO Premium plugin. -->","yoast_head_json":{"title":"Sonix IQ - ECCO","robots":{"index":"index","follow":"follow","max-snippet":"max-snippet:-1","max-image-preview":"max-image-preview:large","max-video-preview":"max-video-preview:-1"},"canonical":"https:\/\/equipmentcontrols.com\/es\/producto\/sonix-iq-2\/","og_locale":"es_MX","og_type":"article","og_title":"Sonix IQ","og_description":"Sonix IQ Ultrasonic Meter: Unprecedented performance from a sleek, ultrasonic standout. Sonix IQ provides the pinpoint accuracy of ultrasonic measurement for residential gas metering. Designed to meet rigorous standards required for outdoor installations in North America, this solid state meter has no moving parts to replace or wear out over time. It boasts dual-class metrology; [&hellip;]","og_url":"https:\/\/equipmentcontrols.com\/es\/producto\/sonix-iq-2\/","og_site_name":"ECCO","article_modified_time":"2024-01-11T19:20:48+00:00","og_image":[{"width":860,"height":860,"url":"https:\/\/equipmentcontrols.com\/wp-content\/uploads\/2020\/04\/SENSUS20SonixIQ20Meter.jpg","type":"image\/jpeg"}],"twitter_card":"summary_large_image","twitter_misc":{"Tiempo de lectura":"2 minutos"},"schema":{"@context":"https:\/\/schema.org","@graph":[{"@type":"WebPage","@id":"https:\/\/equipmentcontrols.com\/product\/sonix-iq-2\/","url":"https:\/\/equipmentcontrols.com\/product\/sonix-iq-2\/","name":"Sonix IQ - ECCO","isPartOf":{"@id":"https:\/\/equipmentcontrols.com\/#website"},"primaryImageOfPage":{"@id":"https:\/\/equipmentcontrols.com\/product\/sonix-iq-2\/#primaryimage"},"image":{"@id":"https:\/\/equipmentcontrols.com\/product\/sonix-iq-2\/#primaryimage"},"thumbnailUrl":"https:\/\/equipmentcontrols.com\/wp-content\/uploads\/2020\/04\/SENSUS20SonixIQ20Meter.jpg","datePublished":"2020-04-24T20:27:51+00:00","dateModified":"2024-01-11T19:20:48+00:00","breadcrumb":{"@id":"https:\/\/equipmentcontrols.com\/product\/sonix-iq-2\/#breadcrumb"},"inLanguage":"es","potentialAction":[{"@type":"ReadAction","target":["https:\/\/equipmentcontrols.com\/product\/sonix-iq-2\/"]}]},{"@type":"ImageObject","inLanguage":"es","@id":"https:\/\/equipmentcontrols.com\/product\/sonix-iq-2\/#primaryimage","url":"https:\/\/equipmentcontrols.com\/wp-content\/uploads\/2020\/04\/SENSUS20SonixIQ20Meter.jpg","contentUrl":"https:\/\/equipmentcontrols.com\/wp-content\/uploads\/2020\/04\/SENSUS20SonixIQ20Meter.jpg","width":860,"height":860,"caption":"SENSUS20SonixIQ20Meter"},{"@type":"BreadcrumbList","@id":"https:\/\/equipmentcontrols.com\/product\/sonix-iq-2\/#breadcrumb","itemListElement":[{"@type":"ListItem","position":1,"name":"Home","item":"https:\/\/equipmentcontrols.com\/"},{"@type":"ListItem","position":2,"name":"Shop","item":"https:\/\/equipmentcontrols.com\/shop\/"},{"@type":"ListItem","position":3,"name":"Sonix IQ"}]},{"@type":"WebSite","@id":"https:\/\/equipmentcontrols.com\/#website","url":"https:\/\/equipmentcontrols.com\/","name":"ECCO","description":"Empresa de Control de Equipos","potentialAction":[{"@type":"SearchAction","target":{"@type":"EntryPoint","urlTemplate":"https:\/\/equipmentcontrols.com\/?s={search_term_string}"},"query-input":{"@type":"PropertyValueSpecification","valueRequired":true,"valueName":"search_term_string"}}],"inLanguage":"es"}]}},"_links":{"self":[{"href":"https:\/\/equipmentcontrols.com\/es\/wp-json\/wp\/v2\/product\/410","targetHints":{"allow":["GET"]}}],"collection":[{"href":"https:\/\/equipmentcontrols.com\/es\/wp-json\/wp\/v2\/product"}],"about":[{"href":"https:\/\/equipmentcontrols.com\/es\/wp-json\/wp\/v2\/types\/product"}],"wp:featuredmedia":[{"embeddable":true,"href":"https:\/\/equipmentcontrols.com\/es\/wp-json\/wp\/v2\/media\/313"}],"wp:attachment":[{"href":"https:\/\/equipmentcontrols.com\/es\/wp-json\/wp\/v2\/media?parent=410"}],"wp:term":[{"taxonomy":"product_brand","embeddable":true,"href":"https:\/\/equipmentcontrols.com\/es\/wp-json\/wp\/v2\/product_brand?post=410"},{"taxonomy":"product_cat","embeddable":true,"href":"https:\/\/equipmentcontrols.com\/es\/wp-json\/wp\/v2\/product_cat?post=410"},{"taxonomy":"product_tag","embeddable":true,"href":"https:\/\/equipmentcontrols.com\/es\/wp-json\/wp\/v2\/product_tag?post=410"}],"curies":[{"name":"wp","href":"https:\/\/api.w.org\/{rel}","templated":true}]}}