{"id":407,"date":"2020-04-24T20:26:51","date_gmt":"2020-04-24T20:26:51","guid":{"rendered":"https:\/\/econtrols.stagemysite.com\/product\/sensus-sentrypoint-cathodix-protection-test-point-cptp100-2\/"},"modified":"2020-05-05T17:13:46","modified_gmt":"2020-05-05T17:13:46","slug":"sensus-sentrypoint-cathodix-protection-test-point-cptp100-2","status":"publish","type":"product","link":"https:\/\/equipmentcontrols.com\/es\/producto\/sensus-sentrypoint-cathodix-protection-test-point-cptp100-2\/","title":{"rendered":"Punto de prueba de protecci\u00f3n cat\u00f3dica SENSUS SentryPoint CPTP100"},"content":{"rendered":"<p><strong>Punto de prueba de protecci\u00f3n cat\u00f3dica SENSUS SentryPoint CPTP100<\/strong><\/p>\n<p>El punto de prueba de protecci\u00f3n cat\u00f3dica SentryPoint\u2122 (CPTP100) mide y recopila datos de voltaje de protecci\u00f3n en estaciones de prueba de protecci\u00f3n cat\u00f3dica. Luego, esos datos se transmiten a usted para su visualizaci\u00f3n y an\u00e1lisis. Con informes de datos diarios, respuesta de alarma en una hora y soporte para hasta cuatro canales de datos, el CPTP100 le brinda confianza para administrar la protecci\u00f3n cat\u00f3dica de forma remota.<\/p>\n<p><strong>Beneficios:<\/strong><br \/>\n\u2022 Se instala r\u00e1pida y discretamente<br \/>\n\u2022 Genera inteligencia procesable m\u00e1s oportuna<br \/>\n\u2022 Mejora la eficiencia operativa<br \/>\n\u2022 Soluci\u00f3n rentable<br \/>\n\u2022 Reembolso r\u00e1pido<\/p>\n<p><strong>Caracter\u00edsticas:<\/strong><br \/>\n\u2022 Opciones de cubierta de policarbonato o NEMA selladas e impermeables<br \/>\n\u2022 El cuerpo delgado se conecta al gabinete del rectificador<br \/>\n\u2022 Mide el voltaje de CA y CC con una precisi\u00f3n de lectura del uno por ciento<\/p>\n<p><strong>Especificaciones:<\/strong><br \/>\n\u2022 Dimensiones de montaje interno (carcasa de policarbonato): 7,9\u201d x 5,0\u201d x 2,2\u201d<br \/>\n\u2022 Dimensiones de montaje externo (gabinete compatible con NEMA 4X): 4,0\u201d x 7,3\u201d x 12,4\u201d<\/p>\n<p><strong>Descargas:<\/strong><br \/>\n<a href=\"https:\/\/equipmentcontrols.com\/wp-content\/uploads\/2020\/04\/SentryPoint-CPTP100-Data-Sheet.pdf\">Hoja de datos de SentryPoint CPTP100<\/a><\/p>","protected":false},"excerpt":{"rendered":"<p>SENSUS SentryPoint Cathodic Protection Test Point CPTP100 The SentryPoint\u2122 Cathodic Protection Test Point (CPTP100) measures and collects protective voltage data at cathodic protection test stations. That data is then transmitted back to you for display and analysis. With daily data reporting, one-hour alarm response, and support for up to four data channels, the CPTP100 gives [&hellip;]<\/p>\n","protected":false},"featured_media":340,"template":"","meta":[],"product_brand":[],"product_cat":[41,61],"product_tag":[],"class_list":{"0":"post-407","1":"product","2":"type-product","3":"status-publish","4":"has-post-thumbnail","6":"product_cat-ami","7":"product_cat-sensus-flexnet","9":"first","10":"instock","11":"shipping-taxable","12":"product-type-simple"},"yoast_head":"<!-- This site is optimized with the Yoast SEO Premium plugin v23.9 (Yoast SEO v27.3) - https:\/\/yoast.com\/product\/yoast-seo-premium-wordpress\/ -->\n<title>SENSUS SentryPoint Cathodic Protection Test Point CPTP100 - ECCO<\/title>\n<meta name=\"description\" content=\"The SentryPoint\u2122 Cathodic Protection Test Point (CPTP100) measures and collects protective voltage data at cathodic protection test stations. That data is then transmitted back to you for display and analysis. With daily data reporting, one-hour alarm response, and support for up to four data channels, the CPTP100 gives you confidence to manage cathodic protection remotely.\" \/>\n<meta name=\"robots\" content=\"index, follow, max-snippet:-1, max-image-preview:large, max-video-preview:-1\" \/>\n<link rel=\"canonical\" href=\"https:\/\/equipmentcontrols.com\/es\/producto\/sensus-sentrypoint-cathodix-protection-test-point-cptp100-2\/\" \/>\n<meta property=\"og:locale\" content=\"es_MX\" \/>\n<meta property=\"og:type\" content=\"article\" \/>\n<meta property=\"og:title\" content=\"SENSUS SentryPoint Cathodic Protection Test Point CPTP100\" \/>\n<meta property=\"og:description\" content=\"The SentryPoint\u2122 Cathodic Protection Test Point (CPTP100) measures and collects protective voltage data at cathodic protection test stations. That data is then transmitted back to you for display and analysis. With daily data reporting, one-hour alarm response, and support for up to four data channels, the CPTP100 gives you confidence to manage cathodic protection remotely.\" \/>\n<meta property=\"og:url\" content=\"https:\/\/equipmentcontrols.com\/es\/producto\/sensus-sentrypoint-cathodix-protection-test-point-cptp100-2\/\" \/>\n<meta property=\"og:site_name\" content=\"ECCO\" \/>\n<meta property=\"article:modified_time\" content=\"2020-05-05T17:13:46+00:00\" \/>\n<meta property=\"og:image\" content=\"https:\/\/equipmentcontrols.com\/wp-content\/uploads\/2020\/04\/SENSUS20SentryPoint20Cathodix20Protection20Test20Point20CPTP100.jpg\" \/>\n\t<meta property=\"og:image:width\" content=\"794\" \/>\n\t<meta property=\"og:image:height\" content=\"794\" \/>\n\t<meta property=\"og:image:type\" content=\"image\/jpeg\" \/>\n<meta name=\"twitter:card\" content=\"summary_large_image\" \/>\n<meta name=\"twitter:label1\" content=\"Tiempo de lectura\" \/>\n\t<meta name=\"twitter:data1\" content=\"1 minuto\" \/>\n<script type=\"application\/ld+json\" class=\"yoast-schema-graph\">{\"@context\":\"https:\\\/\\\/schema.org\",\"@graph\":[{\"@type\":\"WebPage\",\"@id\":\"https:\\\/\\\/equipmentcontrols.com\\\/product\\\/sensus-sentrypoint-cathodix-protection-test-point-cptp100-2\\\/\",\"url\":\"https:\\\/\\\/equipmentcontrols.com\\\/product\\\/sensus-sentrypoint-cathodix-protection-test-point-cptp100-2\\\/\",\"name\":\"SENSUS SentryPoint Cathodic Protection Test Point CPTP100 - ECCO\",\"isPartOf\":{\"@id\":\"https:\\\/\\\/equipmentcontrols.com\\\/#website\"},\"primaryImageOfPage\":{\"@id\":\"https:\\\/\\\/equipmentcontrols.com\\\/product\\\/sensus-sentrypoint-cathodix-protection-test-point-cptp100-2\\\/#primaryimage\"},\"image\":{\"@id\":\"https:\\\/\\\/equipmentcontrols.com\\\/product\\\/sensus-sentrypoint-cathodix-protection-test-point-cptp100-2\\\/#primaryimage\"},\"thumbnailUrl\":\"https:\\\/\\\/equipmentcontrols.com\\\/wp-content\\\/uploads\\\/2020\\\/04\\\/SENSUS20SentryPoint20Cathodix20Protection20Test20Point20CPTP100.jpg\",\"datePublished\":\"2020-04-24T20:26:51+00:00\",\"dateModified\":\"2020-05-05T17:13:46+00:00\",\"description\":\"The SentryPoint\u2122 Cathodic Protection Test Point (CPTP100) measures and collects protective voltage data at cathodic protection test stations. That data is then transmitted back to you for display and analysis. With daily data reporting, one-hour alarm response, and support for up to four data channels, the CPTP100 gives you confidence to manage cathodic protection remotely.\",\"breadcrumb\":{\"@id\":\"https:\\\/\\\/equipmentcontrols.com\\\/product\\\/sensus-sentrypoint-cathodix-protection-test-point-cptp100-2\\\/#breadcrumb\"},\"inLanguage\":\"es\",\"potentialAction\":[{\"@type\":\"ReadAction\",\"target\":[\"https:\\\/\\\/equipmentcontrols.com\\\/product\\\/sensus-sentrypoint-cathodix-protection-test-point-cptp100-2\\\/\"]}]},{\"@type\":\"ImageObject\",\"inLanguage\":\"es\",\"@id\":\"https:\\\/\\\/equipmentcontrols.com\\\/product\\\/sensus-sentrypoint-cathodix-protection-test-point-cptp100-2\\\/#primaryimage\",\"url\":\"https:\\\/\\\/equipmentcontrols.com\\\/wp-content\\\/uploads\\\/2020\\\/04\\\/SENSUS20SentryPoint20Cathodix20Protection20Test20Point20CPTP100.jpg\",\"contentUrl\":\"https:\\\/\\\/equipmentcontrols.com\\\/wp-content\\\/uploads\\\/2020\\\/04\\\/SENSUS20SentryPoint20Cathodix20Protection20Test20Point20CPTP100.jpg\",\"width\":794,\"height\":794,\"caption\":\"SENSUS20SentryPoint20Cathodix20Protection20Test20Point20CPTP100\"},{\"@type\":\"BreadcrumbList\",\"@id\":\"https:\\\/\\\/equipmentcontrols.com\\\/product\\\/sensus-sentrypoint-cathodix-protection-test-point-cptp100-2\\\/#breadcrumb\",\"itemListElement\":[{\"@type\":\"ListItem\",\"position\":1,\"name\":\"Home\",\"item\":\"https:\\\/\\\/equipmentcontrols.com\\\/\"},{\"@type\":\"ListItem\",\"position\":2,\"name\":\"Shop\",\"item\":\"https:\\\/\\\/equipmentcontrols.com\\\/shop\\\/\"},{\"@type\":\"ListItem\",\"position\":3,\"name\":\"SENSUS SentryPoint Cathodic Protection Test Point CPTP100\"}]},{\"@type\":\"WebSite\",\"@id\":\"https:\\\/\\\/equipmentcontrols.com\\\/#website\",\"url\":\"https:\\\/\\\/equipmentcontrols.com\\\/\",\"name\":\"ECCO\",\"description\":\"Equipment Controls Company\",\"potentialAction\":[{\"@type\":\"SearchAction\",\"target\":{\"@type\":\"EntryPoint\",\"urlTemplate\":\"https:\\\/\\\/equipmentcontrols.com\\\/?s={search_term_string}\"},\"query-input\":{\"@type\":\"PropertyValueSpecification\",\"valueRequired\":true,\"valueName\":\"search_term_string\"}}],\"inLanguage\":\"es\"}]}<\/script>\n<!-- \/ Yoast SEO Premium plugin. -->","yoast_head_json":{"title":"SENSUS SentryPoint Cathodic Protection Test Point CPTP100 - ECCO","description":"El punto de prueba de protecci\u00f3n cat\u00f3dica SentryPoint\u2122 (CPTP100) mide y recopila datos de voltaje de protecci\u00f3n en estaciones de prueba de protecci\u00f3n cat\u00f3dica. Luego, esos datos se transmiten a usted para su visualizaci\u00f3n y an\u00e1lisis. Con informes de datos diarios, respuesta de alarma en una hora y soporte para hasta cuatro canales de datos, el CPTP100 le brinda confianza para administrar la protecci\u00f3n cat\u00f3dica de forma remota.","robots":{"index":"index","follow":"follow","max-snippet":"max-snippet:-1","max-image-preview":"max-image-preview:large","max-video-preview":"max-video-preview:-1"},"canonical":"https:\/\/equipmentcontrols.com\/es\/producto\/sensus-sentrypoint-cathodix-protection-test-point-cptp100-2\/","og_locale":"es_MX","og_type":"article","og_title":"SENSUS SentryPoint Cathodic Protection Test Point CPTP100","og_description":"The SentryPoint\u2122 Cathodic Protection Test Point (CPTP100) measures and collects protective voltage data at cathodic protection test stations. That data is then transmitted back to you for display and analysis. With daily data reporting, one-hour alarm response, and support for up to four data channels, the CPTP100 gives you confidence to manage cathodic protection remotely.","og_url":"https:\/\/equipmentcontrols.com\/es\/producto\/sensus-sentrypoint-cathodix-protection-test-point-cptp100-2\/","og_site_name":"ECCO","article_modified_time":"2020-05-05T17:13:46+00:00","og_image":[{"width":794,"height":794,"url":"https:\/\/equipmentcontrols.com\/wp-content\/uploads\/2020\/04\/SENSUS20SentryPoint20Cathodix20Protection20Test20Point20CPTP100.jpg","type":"image\/jpeg"}],"twitter_card":"summary_large_image","twitter_misc":{"Tiempo de lectura":"1 minuto"},"schema":{"@context":"https:\/\/schema.org","@graph":[{"@type":"WebPage","@id":"https:\/\/equipmentcontrols.com\/product\/sensus-sentrypoint-cathodix-protection-test-point-cptp100-2\/","url":"https:\/\/equipmentcontrols.com\/product\/sensus-sentrypoint-cathodix-protection-test-point-cptp100-2\/","name":"SENSUS SentryPoint Cathodic Protection Test Point CPTP100 - ECCO","isPartOf":{"@id":"https:\/\/equipmentcontrols.com\/#website"},"primaryImageOfPage":{"@id":"https:\/\/equipmentcontrols.com\/product\/sensus-sentrypoint-cathodix-protection-test-point-cptp100-2\/#primaryimage"},"image":{"@id":"https:\/\/equipmentcontrols.com\/product\/sensus-sentrypoint-cathodix-protection-test-point-cptp100-2\/#primaryimage"},"thumbnailUrl":"https:\/\/equipmentcontrols.com\/wp-content\/uploads\/2020\/04\/SENSUS20SentryPoint20Cathodix20Protection20Test20Point20CPTP100.jpg","datePublished":"2020-04-24T20:26:51+00:00","dateModified":"2020-05-05T17:13:46+00:00","description":"El punto de prueba de protecci\u00f3n cat\u00f3dica SentryPoint\u2122 (CPTP100) mide y recopila datos de voltaje de protecci\u00f3n en estaciones de prueba de protecci\u00f3n cat\u00f3dica. Luego, esos datos se transmiten a usted para su visualizaci\u00f3n y an\u00e1lisis. Con informes de datos diarios, respuesta de alarma en una hora y soporte para hasta cuatro canales de datos, el CPTP100 le brinda confianza para administrar la protecci\u00f3n cat\u00f3dica de forma remota.","breadcrumb":{"@id":"https:\/\/equipmentcontrols.com\/product\/sensus-sentrypoint-cathodix-protection-test-point-cptp100-2\/#breadcrumb"},"inLanguage":"es","potentialAction":[{"@type":"ReadAction","target":["https:\/\/equipmentcontrols.com\/product\/sensus-sentrypoint-cathodix-protection-test-point-cptp100-2\/"]}]},{"@type":"ImageObject","inLanguage":"es","@id":"https:\/\/equipmentcontrols.com\/product\/sensus-sentrypoint-cathodix-protection-test-point-cptp100-2\/#primaryimage","url":"https:\/\/equipmentcontrols.com\/wp-content\/uploads\/2020\/04\/SENSUS20SentryPoint20Cathodix20Protection20Test20Point20CPTP100.jpg","contentUrl":"https:\/\/equipmentcontrols.com\/wp-content\/uploads\/2020\/04\/SENSUS20SentryPoint20Cathodix20Protection20Test20Point20CPTP100.jpg","width":794,"height":794,"caption":"SENSUS20SentryPoint20Cathodix20Protection20Test20Point20CPTP100"},{"@type":"BreadcrumbList","@id":"https:\/\/equipmentcontrols.com\/product\/sensus-sentrypoint-cathodix-protection-test-point-cptp100-2\/#breadcrumb","itemListElement":[{"@type":"ListItem","position":1,"name":"Home","item":"https:\/\/equipmentcontrols.com\/"},{"@type":"ListItem","position":2,"name":"Shop","item":"https:\/\/equipmentcontrols.com\/shop\/"},{"@type":"ListItem","position":3,"name":"SENSUS SentryPoint Cathodic Protection Test Point CPTP100"}]},{"@type":"WebSite","@id":"https:\/\/equipmentcontrols.com\/#website","url":"https:\/\/equipmentcontrols.com\/","name":"ECCO","description":"Empresa de Control de Equipos","potentialAction":[{"@type":"SearchAction","target":{"@type":"EntryPoint","urlTemplate":"https:\/\/equipmentcontrols.com\/?s={search_term_string}"},"query-input":{"@type":"PropertyValueSpecification","valueRequired":true,"valueName":"search_term_string"}}],"inLanguage":"es"}]}},"_links":{"self":[{"href":"https:\/\/equipmentcontrols.com\/es\/wp-json\/wp\/v2\/product\/407","targetHints":{"allow":["GET"]}}],"collection":[{"href":"https:\/\/equipmentcontrols.com\/es\/wp-json\/wp\/v2\/product"}],"about":[{"href":"https:\/\/equipmentcontrols.com\/es\/wp-json\/wp\/v2\/types\/product"}],"wp:featuredmedia":[{"embeddable":true,"href":"https:\/\/equipmentcontrols.com\/es\/wp-json\/wp\/v2\/media\/340"}],"wp:attachment":[{"href":"https:\/\/equipmentcontrols.com\/es\/wp-json\/wp\/v2\/media?parent=407"}],"wp:term":[{"taxonomy":"product_brand","embeddable":true,"href":"https:\/\/equipmentcontrols.com\/es\/wp-json\/wp\/v2\/product_brand?post=407"},{"taxonomy":"product_cat","embeddable":true,"href":"https:\/\/equipmentcontrols.com\/es\/wp-json\/wp\/v2\/product_cat?post=407"},{"taxonomy":"product_tag","embeddable":true,"href":"https:\/\/equipmentcontrols.com\/es\/wp-json\/wp\/v2\/product_tag?post=407"}],"curies":[{"name":"wp","href":"https:\/\/api.w.org\/{rel}","templated":true}]}}