{"id":406,"date":"2020-04-24T20:26:51","date_gmt":"2020-04-24T20:26:51","guid":{"rendered":"https:\/\/econtrols.stagemysite.com\/product\/sensus-r100na-flexnet-collector-2\/"},"modified":"2020-04-29T19:03:51","modified_gmt":"2020-04-29T19:03:51","slug":"sensus-r100na-flexnet-collector-2","status":"publish","type":"product","link":"https:\/\/equipmentcontrols.com\/es\/producto\/sensus-r100na-flexnet-collector-2\/","title":{"rendered":"Colector SENSUS R100NA FlexNet"},"content":{"rendered":"<p><strong>El colector R100NA FlexNet\u00ae<\/strong> proporciona cobertura de red de relleno para grupos de medidores en lugares de dif\u00edcil acceso. El R100NA reduce la necesidad de costosas lecturas de punto final de paso\/desplazamiento en &quot;puntos ciegos&quot; o una combinaci\u00f3n compleja de m\u00e9todos de comunicaci\u00f3n. La cobertura AMI al cien por cien ahora es m\u00e1s alcanzable y rentable que nunca.<\/p>\n<p>Con unas medidas de 12 pulgadas por 12 pulgadas por 6 pulgadas, esta soluci\u00f3n compacta se puede implementar en una amplia variedad de entornos donde el espacio es primordial. El R100NA se integra a la perfecci\u00f3n con la red de comunicaci\u00f3n Sensus FlexNet y es compatible con funciones de \u00faltima generaci\u00f3n que permiten una comunicaci\u00f3n segura y de alto rendimiento directamente con la RNI (interfaz de red regional). La descarga de firmware, la supervisi\u00f3n de alarmas, el cifrado avanzado, la compatibilidad con ESM y la configuraci\u00f3n de punto final remoto simplifican la implementaci\u00f3n y el funcionamiento.<\/p>\n<p><strong>Beneficios:<\/strong><br \/>\n\u2022 Proporcione una cobertura econ\u00f3mica del 100 por ciento: el colector R100NA brinda una soluci\u00f3n de relleno de bajo costo que brinda cobertura directa de retorno. Puede llegar a cada metro con una infraestructura m\u00ednima mientras mantiene nuestra arquitectura punto a multipunto de alto rendimiento.<br \/>\n\u2022 Utilice un sistema operativo com\u00fan: el R100NA comparte un sistema operativo com\u00fan con los productos de la estaci\u00f3n base Sensus FlexNet, lo que garantiza una configuraci\u00f3n y administraci\u00f3n simples y consistentes de todos los componentes de FlexNet.<br \/>\n\u2022 Operar en espectro de radio con licencia: en Am\u00e9rica del Norte, el espectro de uso primario protegido por la Comisi\u00f3n Federal de Comunicaciones (FCC)\/Industry Canada (IC) evita la competencia con otros servicios inal\u00e1mbricos y la interferencia de otros dispositivos de radio.<br \/>\n\u2022 Implemente un tama\u00f1o reducido: una unidad liviana con opciones flexibles de montaje en poste o pared permite una implementaci\u00f3n estrat\u00e9gica con una apariencia discreta.<br \/>\n\u2022 Seguridad l\u00edder en la industria: Sensus ha obtenido la certificaci\u00f3n de comunicaciones Achilles\u00ae de General Electric Co.\/Wurldtech\u2122 para la seguridad de infraestructura cr\u00edtica contra amenazas cibern\u00e9ticas.<\/p>\n<p><strong>Caracter\u00edsticas:<\/strong><br \/>\n\u2022 Cobertura de red para medidores de dif\u00edcil acceso<br \/>\n\u2022 Transmitir y recibir en una banda de espectro de 200 kHz<br \/>\n\u2022 Receptor GPS para sincronizaci\u00f3n horaria<br \/>\n\u2022 Fuente de alimentaci\u00f3n\/cargador de bater\u00eda integrados<br \/>\n\u2022 Bater\u00eda de respaldo de una hora<br \/>\n\u2022 Capacidad de alarmas y generaci\u00f3n de informes<br \/>\n\u2022 Backhaul flexible a trav\u00e9s de celular integrado o Ethernet\/IP<br \/>\n\u2022 Montaje en torre, pared y poste de servicios p\u00fablicos<br \/>\n\u2022 Con licencia de la FCC, certificaci\u00f3n CFR 47, Parte 15<br \/>\n\u2022 Gabinete NEMA 4 de una sola puerta<\/p>\n<p><strong>Especificaciones:<\/strong><br \/>\n\u2022 Espectro con licencia PCS\/MAS de 900 MHz<br \/>\n\u2022 Operaci\u00f3n totalmente d\u00faplex con transmisi\u00f3n \u00fanica<br \/>\n\u2022 Tres canales de recepci\u00f3n dedicados<br \/>\n\u2022 Compatibilidad con SNMP (Protocolo simple de administraci\u00f3n de red) para informes de estado y alarmas<br \/>\n\u2022 Aplicaciones: infraestructura de medidores avanzados bidireccionales, automatizaci\u00f3n de distribuci\u00f3n, respuesta a la demanda, red de \u00e1rea dom\u00e9stica y control de iluminaci\u00f3n Sensus VantagePoint\u2122<\/p>\n<p><strong>Descargas:<\/strong><br \/>\n<a href=\"https:\/\/equipmentcontrols.com\/wp-content\/uploads\/2020\/04\/FlexNet-R100NA-Collector-Indoor-Data-Sheet.pdf\">Hoja de datos de interior del colector FlexNet R100NA<\/a><br \/>\n<a href=\"https:\/\/equipmentcontrols.com\/wp-content\/uploads\/2020\/04\/FlexNet-R100NA-Collector-Data-Sheet.pdf\">Hoja de datos del colector FlexNet R100NA<\/a><\/p>","protected":false},"excerpt":{"rendered":"<p>The R100NA FlexNet\u00ae collector provides fill-in network coverage for groups of meters in hard-to-reach locations. The R100NA reduces the need for costly walk-by\/drive-by end point reads in \u201cblind spots,\u201d or a complex mix of communication methods. One hundred percent AMI coverage is now more attainable and cost effective than ever. Measuring 12 inches by 12 [&hellip;]<\/p>\n","protected":false},"featured_media":338,"template":"","meta":[],"product_brand":[],"product_cat":[41,61],"product_tag":[],"class_list":{"0":"post-406","1":"product","2":"type-product","3":"status-publish","4":"has-post-thumbnail","6":"product_cat-ami","7":"product_cat-sensus-flexnet","9":"first","10":"instock","11":"shipping-taxable","12":"product-type-simple"},"yoast_head":"<!-- This site is optimized with the Yoast SEO Premium plugin v23.9 (Yoast SEO v27.3) - https:\/\/yoast.com\/product\/yoast-seo-premium-wordpress\/ -->\n<title>SENSUS R100NA FlexNet Collector - ECCO<\/title>\n<meta name=\"robots\" content=\"index, follow, max-snippet:-1, max-image-preview:large, max-video-preview:-1\" \/>\n<link rel=\"canonical\" href=\"https:\/\/equipmentcontrols.com\/es\/producto\/sensus-r100na-flexnet-collector-2\/\" \/>\n<meta property=\"og:locale\" content=\"es_MX\" \/>\n<meta property=\"og:type\" content=\"article\" \/>\n<meta property=\"og:title\" content=\"SENSUS R100NA FlexNet Collector\" \/>\n<meta property=\"og:description\" content=\"The R100NA FlexNet\u00ae collector provides fill-in network coverage for groups of meters in hard-to-reach locations. The R100NA reduces the need for costly walk-by\/drive-by end point reads in \u201cblind spots,\u201d or a complex mix of communication methods. One hundred percent AMI coverage is now more attainable and cost effective than ever. Measuring 12 inches by 12 [&hellip;]\" \/>\n<meta property=\"og:url\" content=\"https:\/\/equipmentcontrols.com\/es\/producto\/sensus-r100na-flexnet-collector-2\/\" \/>\n<meta property=\"og:site_name\" content=\"ECCO\" \/>\n<meta property=\"article:modified_time\" content=\"2020-04-29T19:03:51+00:00\" \/>\n<meta property=\"og:image\" content=\"https:\/\/equipmentcontrols.com\/wp-content\/uploads\/2020\/04\/SENSUS20R100NA20FlexNet20Collector.jpg\" \/>\n\t<meta property=\"og:image:width\" content=\"860\" \/>\n\t<meta property=\"og:image:height\" content=\"860\" \/>\n\t<meta property=\"og:image:type\" content=\"image\/jpeg\" \/>\n<meta name=\"twitter:card\" content=\"summary_large_image\" \/>\n<meta name=\"twitter:label1\" content=\"Tiempo de lectura\" \/>\n\t<meta name=\"twitter:data1\" content=\"2 minutos\" \/>\n<script type=\"application\/ld+json\" class=\"yoast-schema-graph\">{\"@context\":\"https:\\\/\\\/schema.org\",\"@graph\":[{\"@type\":\"WebPage\",\"@id\":\"https:\\\/\\\/equipmentcontrols.com\\\/product\\\/sensus-r100na-flexnet-collector-2\\\/\",\"url\":\"https:\\\/\\\/equipmentcontrols.com\\\/product\\\/sensus-r100na-flexnet-collector-2\\\/\",\"name\":\"SENSUS R100NA FlexNet Collector - ECCO\",\"isPartOf\":{\"@id\":\"https:\\\/\\\/equipmentcontrols.com\\\/#website\"},\"primaryImageOfPage\":{\"@id\":\"https:\\\/\\\/equipmentcontrols.com\\\/product\\\/sensus-r100na-flexnet-collector-2\\\/#primaryimage\"},\"image\":{\"@id\":\"https:\\\/\\\/equipmentcontrols.com\\\/product\\\/sensus-r100na-flexnet-collector-2\\\/#primaryimage\"},\"thumbnailUrl\":\"https:\\\/\\\/equipmentcontrols.com\\\/wp-content\\\/uploads\\\/2020\\\/04\\\/SENSUS20R100NA20FlexNet20Collector.jpg\",\"datePublished\":\"2020-04-24T20:26:51+00:00\",\"dateModified\":\"2020-04-29T19:03:51+00:00\",\"breadcrumb\":{\"@id\":\"https:\\\/\\\/equipmentcontrols.com\\\/product\\\/sensus-r100na-flexnet-collector-2\\\/#breadcrumb\"},\"inLanguage\":\"es\",\"potentialAction\":[{\"@type\":\"ReadAction\",\"target\":[\"https:\\\/\\\/equipmentcontrols.com\\\/product\\\/sensus-r100na-flexnet-collector-2\\\/\"]}]},{\"@type\":\"ImageObject\",\"inLanguage\":\"es\",\"@id\":\"https:\\\/\\\/equipmentcontrols.com\\\/product\\\/sensus-r100na-flexnet-collector-2\\\/#primaryimage\",\"url\":\"https:\\\/\\\/equipmentcontrols.com\\\/wp-content\\\/uploads\\\/2020\\\/04\\\/SENSUS20R100NA20FlexNet20Collector.jpg\",\"contentUrl\":\"https:\\\/\\\/equipmentcontrols.com\\\/wp-content\\\/uploads\\\/2020\\\/04\\\/SENSUS20R100NA20FlexNet20Collector.jpg\",\"width\":860,\"height\":860,\"caption\":\"SENSUS20R100NA20FlexNet20Collector\"},{\"@type\":\"BreadcrumbList\",\"@id\":\"https:\\\/\\\/equipmentcontrols.com\\\/product\\\/sensus-r100na-flexnet-collector-2\\\/#breadcrumb\",\"itemListElement\":[{\"@type\":\"ListItem\",\"position\":1,\"name\":\"Home\",\"item\":\"https:\\\/\\\/equipmentcontrols.com\\\/\"},{\"@type\":\"ListItem\",\"position\":2,\"name\":\"Shop\",\"item\":\"https:\\\/\\\/equipmentcontrols.com\\\/shop\\\/\"},{\"@type\":\"ListItem\",\"position\":3,\"name\":\"SENSUS R100NA FlexNet Collector\"}]},{\"@type\":\"WebSite\",\"@id\":\"https:\\\/\\\/equipmentcontrols.com\\\/#website\",\"url\":\"https:\\\/\\\/equipmentcontrols.com\\\/\",\"name\":\"ECCO\",\"description\":\"Equipment Controls Company\",\"potentialAction\":[{\"@type\":\"SearchAction\",\"target\":{\"@type\":\"EntryPoint\",\"urlTemplate\":\"https:\\\/\\\/equipmentcontrols.com\\\/?s={search_term_string}\"},\"query-input\":{\"@type\":\"PropertyValueSpecification\",\"valueRequired\":true,\"valueName\":\"search_term_string\"}}],\"inLanguage\":\"es\"}]}<\/script>\n<!-- \/ Yoast SEO Premium plugin. -->","yoast_head_json":{"title":"SENSUS R100NA FlexNet Collector - ECCO","robots":{"index":"index","follow":"follow","max-snippet":"max-snippet:-1","max-image-preview":"max-image-preview:large","max-video-preview":"max-video-preview:-1"},"canonical":"https:\/\/equipmentcontrols.com\/es\/producto\/sensus-r100na-flexnet-collector-2\/","og_locale":"es_MX","og_type":"article","og_title":"SENSUS R100NA FlexNet Collector","og_description":"The R100NA FlexNet\u00ae collector provides fill-in network coverage for groups of meters in hard-to-reach locations. The R100NA reduces the need for costly walk-by\/drive-by end point reads in \u201cblind spots,\u201d or a complex mix of communication methods. One hundred percent AMI coverage is now more attainable and cost effective than ever. Measuring 12 inches by 12 [&hellip;]","og_url":"https:\/\/equipmentcontrols.com\/es\/producto\/sensus-r100na-flexnet-collector-2\/","og_site_name":"ECCO","article_modified_time":"2020-04-29T19:03:51+00:00","og_image":[{"width":860,"height":860,"url":"https:\/\/equipmentcontrols.com\/wp-content\/uploads\/2020\/04\/SENSUS20R100NA20FlexNet20Collector.jpg","type":"image\/jpeg"}],"twitter_card":"summary_large_image","twitter_misc":{"Tiempo de lectura":"2 minutos"},"schema":{"@context":"https:\/\/schema.org","@graph":[{"@type":"WebPage","@id":"https:\/\/equipmentcontrols.com\/product\/sensus-r100na-flexnet-collector-2\/","url":"https:\/\/equipmentcontrols.com\/product\/sensus-r100na-flexnet-collector-2\/","name":"SENSUS R100NA FlexNet Collector - ECCO","isPartOf":{"@id":"https:\/\/equipmentcontrols.com\/#website"},"primaryImageOfPage":{"@id":"https:\/\/equipmentcontrols.com\/product\/sensus-r100na-flexnet-collector-2\/#primaryimage"},"image":{"@id":"https:\/\/equipmentcontrols.com\/product\/sensus-r100na-flexnet-collector-2\/#primaryimage"},"thumbnailUrl":"https:\/\/equipmentcontrols.com\/wp-content\/uploads\/2020\/04\/SENSUS20R100NA20FlexNet20Collector.jpg","datePublished":"2020-04-24T20:26:51+00:00","dateModified":"2020-04-29T19:03:51+00:00","breadcrumb":{"@id":"https:\/\/equipmentcontrols.com\/product\/sensus-r100na-flexnet-collector-2\/#breadcrumb"},"inLanguage":"es","potentialAction":[{"@type":"ReadAction","target":["https:\/\/equipmentcontrols.com\/product\/sensus-r100na-flexnet-collector-2\/"]}]},{"@type":"ImageObject","inLanguage":"es","@id":"https:\/\/equipmentcontrols.com\/product\/sensus-r100na-flexnet-collector-2\/#primaryimage","url":"https:\/\/equipmentcontrols.com\/wp-content\/uploads\/2020\/04\/SENSUS20R100NA20FlexNet20Collector.jpg","contentUrl":"https:\/\/equipmentcontrols.com\/wp-content\/uploads\/2020\/04\/SENSUS20R100NA20FlexNet20Collector.jpg","width":860,"height":860,"caption":"SENSUS20R100NA20FlexNet20Collector"},{"@type":"BreadcrumbList","@id":"https:\/\/equipmentcontrols.com\/product\/sensus-r100na-flexnet-collector-2\/#breadcrumb","itemListElement":[{"@type":"ListItem","position":1,"name":"Home","item":"https:\/\/equipmentcontrols.com\/"},{"@type":"ListItem","position":2,"name":"Shop","item":"https:\/\/equipmentcontrols.com\/shop\/"},{"@type":"ListItem","position":3,"name":"SENSUS R100NA FlexNet Collector"}]},{"@type":"WebSite","@id":"https:\/\/equipmentcontrols.com\/#website","url":"https:\/\/equipmentcontrols.com\/","name":"ECCO","description":"Empresa de Control de Equipos","potentialAction":[{"@type":"SearchAction","target":{"@type":"EntryPoint","urlTemplate":"https:\/\/equipmentcontrols.com\/?s={search_term_string}"},"query-input":{"@type":"PropertyValueSpecification","valueRequired":true,"valueName":"search_term_string"}}],"inLanguage":"es"}]}},"_links":{"self":[{"href":"https:\/\/equipmentcontrols.com\/es\/wp-json\/wp\/v2\/product\/406","targetHints":{"allow":["GET"]}}],"collection":[{"href":"https:\/\/equipmentcontrols.com\/es\/wp-json\/wp\/v2\/product"}],"about":[{"href":"https:\/\/equipmentcontrols.com\/es\/wp-json\/wp\/v2\/types\/product"}],"wp:featuredmedia":[{"embeddable":true,"href":"https:\/\/equipmentcontrols.com\/es\/wp-json\/wp\/v2\/media\/338"}],"wp:attachment":[{"href":"https:\/\/equipmentcontrols.com\/es\/wp-json\/wp\/v2\/media?parent=406"}],"wp:term":[{"taxonomy":"product_brand","embeddable":true,"href":"https:\/\/equipmentcontrols.com\/es\/wp-json\/wp\/v2\/product_brand?post=406"},{"taxonomy":"product_cat","embeddable":true,"href":"https:\/\/equipmentcontrols.com\/es\/wp-json\/wp\/v2\/product_cat?post=406"},{"taxonomy":"product_tag","embeddable":true,"href":"https:\/\/equipmentcontrols.com\/es\/wp-json\/wp\/v2\/product_tag?post=406"}],"curies":[{"name":"wp","href":"https:\/\/api.w.org\/{rel}","templated":true}]}}